{"id":35265,"date":"2023-10-21T03:48:32","date_gmt":"2023-10-21T01:48:32","guid":{"rendered":"https:\/\/soundrums-france.com\/?page_id=35265"},"modified":"2025-06-10T10:42:14","modified_gmt":"2025-06-10T08:42:14","slug":"cordonnees-administratives-bancaires","status":"publish","type":"page","link":"https:\/\/soundrums-france.com\/index.php\/cordonnees-administratives-bancaires\/","title":{"rendered":"CORDONN\u00c9ES ADMINISTRATIVES BANCAIRES"},"content":{"rendered":"\t\t<div data-elementor-type=\"wp-page\" data-elementor-id=\"35265\" class=\"elementor elementor-35265\" data-elementor-post-type=\"page\">\n\t\t\t\t\t\t\t\t\t<section class=\"elementor-section elementor-top-section elementor-element elementor-element-9a140f8 elementor-section-content-middle elementor-section-full_width elementor-section-height-default elementor-section-height-default\" data-id=\"9a140f8\" data-element_type=\"section\" data-settings=\"{&quot;background_background&quot;:&quot;classic&quot;}\">\n\t\t\t\t\t\t\t<div class=\"elementor-background-overlay\"><\/div>\n\t\t\t\t\t\t\t<div class=\"elementor-container elementor-column-gap-wide\">\n\t\t\t\t\t<div class=\"elementor-column elementor-col-100 elementor-top-column elementor-element elementor-element-25fe62c\" data-id=\"25fe62c\" data-element_type=\"column\" data-settings=\"{&quot;background_background&quot;:&quot;classic&quot;}\">\n\t\t\t<div class=\"elementor-widget-wrap elementor-element-populated\">\n\t\t\t\t\t\t\t\t<section class=\"elementor-section elementor-inner-section elementor-element elementor-element-2f33972 elementor-section-full_width elementor-section-content-middle elementor-section-height-default elementor-section-height-default\" data-id=\"2f33972\" data-element_type=\"section\">\n\t\t\t\t\t\t<div class=\"elementor-container elementor-column-gap-narrow\">\n\t\t\t\t\t<div class=\"elementor-column elementor-col-100 elementor-inner-column elementor-element elementor-element-ff8c8fe\" data-id=\"ff8c8fe\" data-element_type=\"column\">\n\t\t\t<div class=\"elementor-widget-wrap elementor-element-populated\">\n\t\t\t\t\t\t\t\t<div class=\"elementor-element elementor-element-6f87917 elementor-hidden-mobile elementor-widget elementor-widget-image\" data-id=\"6f87917\" data-element_type=\"widget\" data-widget_type=\"image.default\">\n\t\t\t\t<div class=\"elementor-widget-container\">\n\t\t\t<style>\/*! elementor - v3.14.0 - 26-06-2023 *\/\n.elementor-widget-image{text-align:center}.elementor-widget-image a{display:inline-block}.elementor-widget-image a img[src$=\".svg\"]{width:48px}.elementor-widget-image img{vertical-align:middle;display:inline-block}<\/style>\t\t\t\t\t\t\t\t\t\t\t\t<img fetchpriority=\"high\" decoding=\"async\" width=\"496\" height=\"496\" src=\"https:\/\/soundrums-france.com\/wp-content\/uploads\/2023\/11\/LOGO-SD-Rond-2023-noirTransp.png\" class=\"attachment-large size-large wp-image-35367\" alt=\"Soundrums France\" loading=\"eager\" \/>\t\t\t\t\t\t\t\t\t\t\t\t\t\t\t<\/div>\n\t\t\t\t<\/div>\n\t\t\t\t\t<\/div>\n\t\t<\/div>\n\t\t\t\t\t\t\t<\/div>\n\t\t<\/section>\n\t\t\t\t<div class=\"elementor-element elementor-element-cb4118b elementor-widget elementor-widget-heading\" data-id=\"cb4118b\" data-element_type=\"widget\" data-widget_type=\"heading.default\">\n\t\t\t\t<div class=\"elementor-widget-container\">\n\t\t\t<style>\/*! elementor - v3.14.0 - 26-06-2023 *\/\n.elementor-heading-title{padding:0;margin:0;line-height:1}.elementor-widget-heading .elementor-heading-title[class*=elementor-size-]>a{color:inherit;font-size:inherit;line-height:inherit}.elementor-widget-heading .elementor-heading-title.elementor-size-small{font-size:15px}.elementor-widget-heading .elementor-heading-title.elementor-size-medium{font-size:19px}.elementor-widget-heading .elementor-heading-title.elementor-size-large{font-size:29px}.elementor-widget-heading .elementor-heading-title.elementor-size-xl{font-size:39px}.elementor-widget-heading .elementor-heading-title.elementor-size-xxl{font-size:59px}<\/style><h1 class=\"elementor-heading-title elementor-size-default\"><span style=\"font-weight: normal;\">Coordonn\u00e9es administratives\net bancaires<\/span><\/h1>\t\t<\/div>\n\t\t\t\t<\/div>\n\t\t\t\t\t<\/div>\n\t\t<\/div>\n\t\t\t\t\t\t\t<\/div>\n\t\t<\/section>\n\t\t\t\t<section class=\"elementor-section elementor-top-section elementor-element elementor-element-8ce3e2f elementor-section-boxed elementor-section-height-default elementor-section-height-default\" data-id=\"8ce3e2f\" data-element_type=\"section\" data-settings=\"{&quot;background_background&quot;:&quot;classic&quot;}\">\n\t\t\t\t\t\t\t<div class=\"elementor-background-overlay\"><\/div>\n\t\t\t\t\t\t\t<div class=\"elementor-container elementor-column-gap-default\">\n\t\t\t\t\t<div class=\"elementor-column elementor-col-100 elementor-top-column elementor-element elementor-element-cca9d8f\" data-id=\"cca9d8f\" data-element_type=\"column\">\n\t\t\t<div class=\"elementor-widget-wrap elementor-element-populated\">\n\t\t\t\t\t\t\t\t<section class=\"elementor-section elementor-inner-section elementor-element elementor-element-8573bc6 elementor-section-boxed elementor-section-height-default elementor-section-height-default\" data-id=\"8573bc6\" data-element_type=\"section\">\n\t\t\t\t\t\t<div class=\"elementor-container elementor-column-gap-default\">\n\t\t\t\t\t<div class=\"elementor-column elementor-col-50 elementor-inner-column elementor-element elementor-element-5c6a4f0\" data-id=\"5c6a4f0\" data-element_type=\"column\">\n\t\t\t<div class=\"elementor-widget-wrap elementor-element-populated\">\n\t\t\t\t\t\t\t\t<div class=\"elementor-element elementor-element-fb243fe elementor-widget__width-initial elementor-widget elementor-widget-text-editor\" data-id=\"fb243fe\" data-element_type=\"widget\" data-widget_type=\"text-editor.default\">\n\t\t\t\t<div class=\"elementor-widget-container\">\n\t\t\t<style>\/*! elementor - v3.14.0 - 26-06-2023 *\/\n.elementor-widget-text-editor.elementor-drop-cap-view-stacked .elementor-drop-cap{background-color:#69727d;color:#fff}.elementor-widget-text-editor.elementor-drop-cap-view-framed .elementor-drop-cap{color:#69727d;border:3px solid;background-color:transparent}.elementor-widget-text-editor:not(.elementor-drop-cap-view-default) .elementor-drop-cap{margin-top:8px}.elementor-widget-text-editor:not(.elementor-drop-cap-view-default) .elementor-drop-cap-letter{width:1em;height:1em}.elementor-widget-text-editor .elementor-drop-cap{float:left;text-align:center;line-height:1;font-size:50px}.elementor-widget-text-editor .elementor-drop-cap-letter{display:inline-block}<\/style>\t\t\t\t<div class=\"elementor-column elementor-element elementor-element-t3vuzol elementor-col-50 elementor-top-column\" data-element_type=\"column\"><div class=\"elementor-column-wrap elementor-element-populated\"><div class=\"elementor-widget-wrap\"><p><span style=\"text-decoration: underline;\"><strong>Coordonn\u00e9es Administratives<\/strong><\/span><\/p><p>SARL SOUNDRUMS<br \/>SARL au capital de 4000\u20ac<br \/>G\u00e9rant :<br \/>Emmanuel Jay et Jonathan Tabaret<\/p><p>Adresse postale :<br \/>SARL Soundrums<br \/>428 route de Verchizeuil<br \/>71960 Verz\u00e9 (FRANCE)<\/p><p>Adresse e-mail :<br \/><b>contact@soundrums-france.com<\/b><\/p><p>Site Internet :<br \/>www.soundrums-france.com<\/p><p>Coordonn\u00e9es t\u00e9l\u00e9phonique :<br \/>+33 (0)6 73 893 686<\/p><p>Num\u00e9ros d\u2019identification de l\u2019entreprise :<br \/>SIRET : 888.452.984.00014<br \/>Code NAF : 3220Z<br \/>N.I.I : FR45888452984<\/p><\/div><\/div><\/div>\t\t\t\t\t\t<\/div>\n\t\t\t\t<\/div>\n\t\t\t\t\t<\/div>\n\t\t<\/div>\n\t\t\t\t<div class=\"elementor-column elementor-col-50 elementor-inner-column elementor-element elementor-element-7a07c47\" data-id=\"7a07c47\" data-element_type=\"column\">\n\t\t\t<div class=\"elementor-widget-wrap elementor-element-populated\">\n\t\t\t\t\t\t\t\t<div class=\"elementor-element elementor-element-92029ba elementor-widget__width-initial elementor-widget elementor-widget-text-editor\" data-id=\"92029ba\" data-element_type=\"widget\" data-widget_type=\"text-editor.default\">\n\t\t\t\t<div class=\"elementor-widget-container\">\n\t\t\t\t\t\t\t<p><span style=\"text-decoration: underline;\"><strong>Coordonn\u00e9es bancaires \/ Relev\u00e9 d\u2019identit\u00e9 bancaire (RIB)<\/strong><\/span><\/p><p>IBAN (International Bank Account Number) : <br \/><strong>FR76 1080 7000 6572 4214 7624 282<\/strong><\/p><p>BIC (Bank Identification Code) : <strong>CCBPFRPPDJN<\/strong><\/p><p>Domiciliation : BPBFC MACON BIGEONNIERE<\/p>\t\t\t\t\t\t<\/div>\n\t\t\t\t<\/div>\n\t\t\t\t\t<\/div>\n\t\t<\/div>\n\t\t\t\t\t\t\t<\/div>\n\t\t<\/section>\n\t\t\t\t\t<\/div>\n\t\t<\/div>\n\t\t\t\t\t\t\t<\/div>\n\t\t<\/section>\n\t\t\t\t\t\t\t<\/div>\n\t\t","protected":false},"excerpt":{"rendered":"<p>Coordonn\u00e9es administratives et bancaires Coordonn\u00e9es Administratives SARL SOUNDRUMSSARL au capital de 4000\u20acG\u00e9rant :Emmanuel Jay et Jonathan Tabaret Adresse postale :SARL Soundrums428 route de Verchizeuil71960 Verz\u00e9 (FRANCE) Adresse e-mail :contact@soundrums-france.com Site Internet :www.soundrums-france.com Coordonn\u00e9es t\u00e9l\u00e9phonique :+33 (0)6 73 893 686 Num\u00e9ros d\u2019identification de l\u2019entreprise :SIRET : 888.452.984.00014Code NAF : 3220ZN.I.I : FR45888452984 Coordonn\u00e9es bancaires \/ Relev\u00e9 &hellip;<\/p>\n<p class=\"read-more\"> <a class=\"\" href=\"https:\/\/soundrums-france.com\/index.php\/cordonnees-administratives-bancaires\/\"> <span class=\"screen-reader-text\">CORDONN\u00c9ES ADMINISTRATIVES BANCAIRES<\/span> Lire la suite\u00a0\u00bb<\/a><\/p>\n","protected":false},"author":103,"featured_media":0,"parent":0,"menu_order":0,"comment_status":"closed","ping_status":"closed","template":"","meta":{"_uag_custom_page_level_css":"","site-sidebar-layout":"no-sidebar","site-content-layout":"page-builder","ast-global-header-display":"","ast-banner-title-visibility":"","ast-main-header-display":"","ast-hfb-above-header-display":"","ast-hfb-below-header-display":"","ast-hfb-mobile-header-display":"","site-post-title":"disabled","ast-breadcrumbs-content":"","ast-featured-img":"disabled","footer-sml-layout":"","theme-transparent-header-meta":"","adv-header-id-meta":"","stick-header-meta":"","header-above-stick-meta":"","header-main-stick-meta":"","header-below-stick-meta":"","footnotes":""},"class_list":["post-35265","page","type-page","status-publish","hentry"],"yoast_head":"<!-- This site is optimized with the Yoast SEO plugin v24.1 - https:\/\/yoast.com\/wordpress\/plugins\/seo\/ -->\n<title>CORDONN\u00c9ES ADMINISTRATIVES BANCAIRES - Soundrums<\/title>\n<meta name=\"robots\" content=\"index, follow, max-snippet:-1, max-image-preview:large, max-video-preview:-1\" \/>\n<link rel=\"canonical\" href=\"https:\/\/soundrums-france.com\/index.php\/cordonnees-administratives-bancaires\/\" \/>\n<meta property=\"og:locale\" content=\"fr_FR\" \/>\n<meta property=\"og:type\" content=\"article\" \/>\n<meta property=\"og:title\" content=\"CORDONN\u00c9ES ADMINISTRATIVES BANCAIRES - Soundrums\" \/>\n<meta property=\"og:description\" content=\"Coordonn\u00e9es administratives et bancaires Coordonn\u00e9es Administratives SARL SOUNDRUMSSARL au capital de 4000\u20acG\u00e9rant :Emmanuel Jay et Jonathan Tabaret Adresse postale :SARL Soundrums428 route de Verchizeuil71960 Verz\u00e9 (FRANCE) Adresse e-mail :contact@soundrums-france.com Site Internet :www.soundrums-france.com Coordonn\u00e9es t\u00e9l\u00e9phonique :+33 (0)6 73 893 686 Num\u00e9ros d\u2019identification de l\u2019entreprise :SIRET : 888.452.984.00014Code NAF : 3220ZN.I.I : FR45888452984 Coordonn\u00e9es bancaires \/ Relev\u00e9 &hellip; CORDONN\u00c9ES ADMINISTRATIVES BANCAIRES Lire la suite\u00a0\u00bb\" \/>\n<meta property=\"og:url\" content=\"https:\/\/soundrums-france.com\/index.php\/cordonnees-administratives-bancaires\/\" \/>\n<meta property=\"og:site_name\" content=\"Soundrums\" \/>\n<meta property=\"article:publisher\" content=\"https:\/\/www.facebook.com\/soundrums\/\" \/>\n<meta property=\"article:modified_time\" content=\"2025-06-10T08:42:14+00:00\" \/>\n<meta property=\"og:image\" content=\"https:\/\/soundrums-france.com\/wp-content\/uploads\/2023\/11\/LOGO-SD-Rond-2023-noirTransp.png\" \/>\n\t<meta property=\"og:image:width\" content=\"496\" \/>\n\t<meta property=\"og:image:height\" content=\"496\" \/>\n\t<meta property=\"og:image:type\" content=\"image\/png\" \/>\n<meta name=\"twitter:card\" content=\"summary_large_image\" \/>\n<meta name=\"twitter:label1\" content=\"Dur\u00e9e de lecture estim\u00e9e\" \/>\n\t<meta name=\"twitter:data1\" content=\"1 minute\" \/>\n<script type=\"application\/ld+json\" class=\"yoast-schema-graph\">{\"@context\":\"https:\/\/schema.org\",\"@graph\":[{\"@type\":\"WebPage\",\"@id\":\"https:\/\/soundrums-france.com\/index.php\/cordonnees-administratives-bancaires\/\",\"url\":\"https:\/\/soundrums-france.com\/index.php\/cordonnees-administratives-bancaires\/\",\"name\":\"CORDONN\u00c9ES ADMINISTRATIVES BANCAIRES - Soundrums\",\"isPartOf\":{\"@id\":\"https:\/\/soundrums-france.com\/#website\"},\"primaryImageOfPage\":{\"@id\":\"https:\/\/soundrums-france.com\/index.php\/cordonnees-administratives-bancaires\/#primaryimage\"},\"image\":{\"@id\":\"https:\/\/soundrums-france.com\/index.php\/cordonnees-administratives-bancaires\/#primaryimage\"},\"thumbnailUrl\":\"https:\/\/soundrums-france.com\/wp-content\/uploads\/2023\/11\/LOGO-SD-Rond-2023-noirTransp.png\",\"datePublished\":\"2023-10-21T01:48:32+00:00\",\"dateModified\":\"2025-06-10T08:42:14+00:00\",\"breadcrumb\":{\"@id\":\"https:\/\/soundrums-france.com\/index.php\/cordonnees-administratives-bancaires\/#breadcrumb\"},\"inLanguage\":\"fr-FR\",\"potentialAction\":[{\"@type\":\"ReadAction\",\"target\":[\"https:\/\/soundrums-france.com\/index.php\/cordonnees-administratives-bancaires\/\"]}]},{\"@type\":\"ImageObject\",\"inLanguage\":\"fr-FR\",\"@id\":\"https:\/\/soundrums-france.com\/index.php\/cordonnees-administratives-bancaires\/#primaryimage\",\"url\":\"https:\/\/soundrums-france.com\/wp-content\/uploads\/2023\/11\/LOGO-SD-Rond-2023-noirTransp.png\",\"contentUrl\":\"https:\/\/soundrums-france.com\/wp-content\/uploads\/2023\/11\/LOGO-SD-Rond-2023-noirTransp.png\",\"width\":496,\"height\":496,\"caption\":\"Soundrums France\"},{\"@type\":\"BreadcrumbList\",\"@id\":\"https:\/\/soundrums-france.com\/index.php\/cordonnees-administratives-bancaires\/#breadcrumb\",\"itemListElement\":[{\"@type\":\"ListItem\",\"position\":1,\"name\":\"Accueil\",\"item\":\"https:\/\/soundrums-france.com\/\"},{\"@type\":\"ListItem\",\"position\":2,\"name\":\"CORDONN\u00c9ES ADMINISTRATIVES BANCAIRES\"}]},{\"@type\":\"WebSite\",\"@id\":\"https:\/\/soundrums-france.com\/#website\",\"url\":\"https:\/\/soundrums-france.com\/\",\"name\":\"Soundrums\",\"description\":\"Manufacture Fran\u00e7aise de tambours\",\"publisher\":{\"@id\":\"https:\/\/soundrums-france.com\/#organization\"},\"potentialAction\":[{\"@type\":\"SearchAction\",\"target\":{\"@type\":\"EntryPoint\",\"urlTemplate\":\"https:\/\/soundrums-france.com\/?s={search_term_string}\"},\"query-input\":{\"@type\":\"PropertyValueSpecification\",\"valueRequired\":true,\"valueName\":\"search_term_string\"}}],\"inLanguage\":\"fr-FR\"},{\"@type\":\"Organization\",\"@id\":\"https:\/\/soundrums-france.com\/#organization\",\"name\":\"Soundrums-france\",\"url\":\"https:\/\/soundrums-france.com\/\",\"logo\":{\"@type\":\"ImageObject\",\"inLanguage\":\"fr-FR\",\"@id\":\"https:\/\/soundrums-france.com\/#\/schema\/logo\/image\/\",\"url\":\"https:\/\/soundrums-france.com\/wp-content\/uploads\/2020\/10\/LogoSD_HD.jpg\",\"contentUrl\":\"https:\/\/soundrums-france.com\/wp-content\/uploads\/2020\/10\/LogoSD_HD.jpg\",\"width\":1280,\"height\":930,\"caption\":\"Soundrums-france\"},\"image\":{\"@id\":\"https:\/\/soundrums-france.com\/#\/schema\/logo\/image\/\"},\"sameAs\":[\"https:\/\/www.facebook.com\/soundrums\/\",\"https:\/\/www.youtube.com\/channel\/UC4S_W_0ZCdUFH3Y9xkv5bEw\"]}]}<\/script>\n<!-- \/ Yoast SEO plugin. -->","yoast_head_json":{"title":"CORDONN\u00c9ES ADMINISTRATIVES BANCAIRES - Soundrums","robots":{"index":"index","follow":"follow","max-snippet":"max-snippet:-1","max-image-preview":"max-image-preview:large","max-video-preview":"max-video-preview:-1"},"canonical":"https:\/\/soundrums-france.com\/index.php\/cordonnees-administratives-bancaires\/","og_locale":"fr_FR","og_type":"article","og_title":"CORDONN\u00c9ES ADMINISTRATIVES BANCAIRES - Soundrums","og_description":"Coordonn\u00e9es administratives et bancaires Coordonn\u00e9es Administratives SARL SOUNDRUMSSARL au capital de 4000\u20acG\u00e9rant :Emmanuel Jay et Jonathan Tabaret Adresse postale :SARL Soundrums428 route de Verchizeuil71960 Verz\u00e9 (FRANCE) Adresse e-mail :contact@soundrums-france.com Site Internet :www.soundrums-france.com Coordonn\u00e9es t\u00e9l\u00e9phonique :+33 (0)6 73 893 686 Num\u00e9ros d\u2019identification de l\u2019entreprise :SIRET : 888.452.984.00014Code NAF : 3220ZN.I.I : FR45888452984 Coordonn\u00e9es bancaires \/ Relev\u00e9 &hellip; CORDONN\u00c9ES ADMINISTRATIVES BANCAIRES Lire la suite\u00a0\u00bb","og_url":"https:\/\/soundrums-france.com\/index.php\/cordonnees-administratives-bancaires\/","og_site_name":"Soundrums","article_publisher":"https:\/\/www.facebook.com\/soundrums\/","article_modified_time":"2025-06-10T08:42:14+00:00","og_image":[{"width":496,"height":496,"url":"https:\/\/soundrums-france.com\/wp-content\/uploads\/2023\/11\/LOGO-SD-Rond-2023-noirTransp.png","type":"image\/png"}],"twitter_card":"summary_large_image","twitter_misc":{"Dur\u00e9e de lecture estim\u00e9e":"1 minute"},"schema":{"@context":"https:\/\/schema.org","@graph":[{"@type":"WebPage","@id":"https:\/\/soundrums-france.com\/index.php\/cordonnees-administratives-bancaires\/","url":"https:\/\/soundrums-france.com\/index.php\/cordonnees-administratives-bancaires\/","name":"CORDONN\u00c9ES ADMINISTRATIVES BANCAIRES - Soundrums","isPartOf":{"@id":"https:\/\/soundrums-france.com\/#website"},"primaryImageOfPage":{"@id":"https:\/\/soundrums-france.com\/index.php\/cordonnees-administratives-bancaires\/#primaryimage"},"image":{"@id":"https:\/\/soundrums-france.com\/index.php\/cordonnees-administratives-bancaires\/#primaryimage"},"thumbnailUrl":"https:\/\/soundrums-france.com\/wp-content\/uploads\/2023\/11\/LOGO-SD-Rond-2023-noirTransp.png","datePublished":"2023-10-21T01:48:32+00:00","dateModified":"2025-06-10T08:42:14+00:00","breadcrumb":{"@id":"https:\/\/soundrums-france.com\/index.php\/cordonnees-administratives-bancaires\/#breadcrumb"},"inLanguage":"fr-FR","potentialAction":[{"@type":"ReadAction","target":["https:\/\/soundrums-france.com\/index.php\/cordonnees-administratives-bancaires\/"]}]},{"@type":"ImageObject","inLanguage":"fr-FR","@id":"https:\/\/soundrums-france.com\/index.php\/cordonnees-administratives-bancaires\/#primaryimage","url":"https:\/\/soundrums-france.com\/wp-content\/uploads\/2023\/11\/LOGO-SD-Rond-2023-noirTransp.png","contentUrl":"https:\/\/soundrums-france.com\/wp-content\/uploads\/2023\/11\/LOGO-SD-Rond-2023-noirTransp.png","width":496,"height":496,"caption":"Soundrums France"},{"@type":"BreadcrumbList","@id":"https:\/\/soundrums-france.com\/index.php\/cordonnees-administratives-bancaires\/#breadcrumb","itemListElement":[{"@type":"ListItem","position":1,"name":"Accueil","item":"https:\/\/soundrums-france.com\/"},{"@type":"ListItem","position":2,"name":"CORDONN\u00c9ES ADMINISTRATIVES BANCAIRES"}]},{"@type":"WebSite","@id":"https:\/\/soundrums-france.com\/#website","url":"https:\/\/soundrums-france.com\/","name":"Soundrums","description":"Manufacture Fran\u00e7aise de tambours","publisher":{"@id":"https:\/\/soundrums-france.com\/#organization"},"potentialAction":[{"@type":"SearchAction","target":{"@type":"EntryPoint","urlTemplate":"https:\/\/soundrums-france.com\/?s={search_term_string}"},"query-input":{"@type":"PropertyValueSpecification","valueRequired":true,"valueName":"search_term_string"}}],"inLanguage":"fr-FR"},{"@type":"Organization","@id":"https:\/\/soundrums-france.com\/#organization","name":"Soundrums-france","url":"https:\/\/soundrums-france.com\/","logo":{"@type":"ImageObject","inLanguage":"fr-FR","@id":"https:\/\/soundrums-france.com\/#\/schema\/logo\/image\/","url":"https:\/\/soundrums-france.com\/wp-content\/uploads\/2020\/10\/LogoSD_HD.jpg","contentUrl":"https:\/\/soundrums-france.com\/wp-content\/uploads\/2020\/10\/LogoSD_HD.jpg","width":1280,"height":930,"caption":"Soundrums-france"},"image":{"@id":"https:\/\/soundrums-france.com\/#\/schema\/logo\/image\/"},"sameAs":["https:\/\/www.facebook.com\/soundrums\/","https:\/\/www.youtube.com\/channel\/UC4S_W_0ZCdUFH3Y9xkv5bEw"]}]}},"uagb_featured_image_src":{"full":false,"thumbnail":false,"medium":false,"medium_large":false,"large":false,"1536x1536":false,"2048x2048":false,"woocommerce_thumbnail":false,"woocommerce_single":false,"woocommerce_gallery_thumbnail":false},"uagb_author_info":{"display_name":"Octup","author_link":"https:\/\/soundrums-france.com\/index.php\/author\/octup\/"},"uagb_comment_info":0,"uagb_excerpt":"Coordonn\u00e9es administratives et bancaires Coordonn\u00e9es Administratives SARL SOUNDRUMSSARL au capital de 4000\u20acG\u00e9rant :Emmanuel Jay et Jonathan Tabaret Adresse postale :SARL Soundrums428 route de Verchizeuil71960 Verz\u00e9 (FRANCE) Adresse e-mail :contact@soundrums-france.com Site Internet :www.soundrums-france.com Coordonn\u00e9es t\u00e9l\u00e9phonique :+33 (0)6 73 893 686 Num\u00e9ros d\u2019identification de l\u2019entreprise :SIRET : 888.452.984.00014Code NAF : 3220ZN.I.I : FR45888452984 Coordonn\u00e9es bancaires \/ Relev\u00e9\u2026","_links":{"self":[{"href":"https:\/\/soundrums-france.com\/index.php\/wp-json\/wp\/v2\/pages\/35265","targetHints":{"allow":["GET"]}}],"collection":[{"href":"https:\/\/soundrums-france.com\/index.php\/wp-json\/wp\/v2\/pages"}],"about":[{"href":"https:\/\/soundrums-france.com\/index.php\/wp-json\/wp\/v2\/types\/page"}],"author":[{"embeddable":true,"href":"https:\/\/soundrums-france.com\/index.php\/wp-json\/wp\/v2\/users\/103"}],"replies":[{"embeddable":true,"href":"https:\/\/soundrums-france.com\/index.php\/wp-json\/wp\/v2\/comments?post=35265"}],"version-history":[{"count":19,"href":"https:\/\/soundrums-france.com\/index.php\/wp-json\/wp\/v2\/pages\/35265\/revisions"}],"predecessor-version":[{"id":38256,"href":"https:\/\/soundrums-france.com\/index.php\/wp-json\/wp\/v2\/pages\/35265\/revisions\/38256"}],"wp:attachment":[{"href":"https:\/\/soundrums-france.com\/index.php\/wp-json\/wp\/v2\/media?parent=35265"}],"curies":[{"name":"wp","href":"https:\/\/api.w.org\/{rel}","templated":true}]}}