{"id":35275,"date":"2023-10-31T07:52:52","date_gmt":"2023-10-31T06:52:52","guid":{"rendered":"https:\/\/soundrums-france.com\/?page_id=35275"},"modified":"2024-02-08T16:41:22","modified_gmt":"2024-02-08T15:41:22","slug":"mentions-legales","status":"publish","type":"page","link":"https:\/\/soundrums-france.com\/index.php\/mentions-legales\/","title":{"rendered":"MENTIONS L\u00c9GALES"},"content":{"rendered":"\t\t<div data-elementor-type=\"wp-page\" data-elementor-id=\"35275\" class=\"elementor elementor-35275\" data-elementor-post-type=\"page\">\n\t\t\t\t\t\t\t\t\t<section class=\"elementor-section elementor-top-section elementor-element elementor-element-9a140f8 elementor-section-content-middle elementor-section-full_width elementor-section-height-default elementor-section-height-default\" data-id=\"9a140f8\" data-element_type=\"section\" data-settings=\"{&quot;background_background&quot;:&quot;classic&quot;}\">\n\t\t\t\t\t\t\t<div class=\"elementor-background-overlay\"><\/div>\n\t\t\t\t\t\t\t<div class=\"elementor-container elementor-column-gap-wide\">\n\t\t\t\t\t<div class=\"elementor-column elementor-col-100 elementor-top-column elementor-element elementor-element-25fe62c\" data-id=\"25fe62c\" data-element_type=\"column\" data-settings=\"{&quot;background_background&quot;:&quot;classic&quot;}\">\n\t\t\t<div class=\"elementor-widget-wrap elementor-element-populated\">\n\t\t\t\t\t\t\t\t<section class=\"elementor-section elementor-inner-section elementor-element elementor-element-2f33972 elementor-section-full_width elementor-section-content-middle elementor-section-height-default elementor-section-height-default\" data-id=\"2f33972\" data-element_type=\"section\">\n\t\t\t\t\t\t<div class=\"elementor-container elementor-column-gap-narrow\">\n\t\t\t\t\t<div class=\"elementor-column elementor-col-100 elementor-inner-column elementor-element elementor-element-ff8c8fe\" data-id=\"ff8c8fe\" data-element_type=\"column\">\n\t\t\t<div class=\"elementor-widget-wrap\">\n\t\t\t\t\t\t\t\t\t<\/div>\n\t\t<\/div>\n\t\t\t\t\t\t\t<\/div>\n\t\t<\/section>\n\t\t\t\t<div class=\"elementor-element elementor-element-cb4118b elementor-widget elementor-widget-heading\" data-id=\"cb4118b\" data-element_type=\"widget\" data-widget_type=\"heading.default\">\n\t\t\t\t<div class=\"elementor-widget-container\">\n\t\t\t<style>\/*! elementor - v3.14.0 - 26-06-2023 *\/\n.elementor-heading-title{padding:0;margin:0;line-height:1}.elementor-widget-heading .elementor-heading-title[class*=elementor-size-]>a{color:inherit;font-size:inherit;line-height:inherit}.elementor-widget-heading .elementor-heading-title.elementor-size-small{font-size:15px}.elementor-widget-heading .elementor-heading-title.elementor-size-medium{font-size:19px}.elementor-widget-heading .elementor-heading-title.elementor-size-large{font-size:29px}.elementor-widget-heading .elementor-heading-title.elementor-size-xl{font-size:39px}.elementor-widget-heading .elementor-heading-title.elementor-size-xxl{font-size:59px}<\/style><h1 class=\"elementor-heading-title elementor-size-default\">MENTIONS L\u00c9GALES<\/h1>\t\t<\/div>\n\t\t\t\t<\/div>\n\t\t\t\t\t<\/div>\n\t\t<\/div>\n\t\t\t\t\t\t\t<\/div>\n\t\t<\/section>\n\t\t\t\t<section class=\"elementor-section elementor-top-section elementor-element elementor-element-8ce3e2f elementor-section-boxed elementor-section-height-default elementor-section-height-default\" data-id=\"8ce3e2f\" data-element_type=\"section\" data-settings=\"{&quot;background_background&quot;:&quot;classic&quot;}\">\n\t\t\t\t\t\t\t<div class=\"elementor-background-overlay\"><\/div>\n\t\t\t\t\t\t\t<div class=\"elementor-container elementor-column-gap-default\">\n\t\t\t\t\t<div class=\"elementor-column elementor-col-100 elementor-top-column elementor-element elementor-element-cca9d8f\" data-id=\"cca9d8f\" data-element_type=\"column\">\n\t\t\t<div class=\"elementor-widget-wrap elementor-element-populated\">\n\t\t\t\t\t\t\t\t<section class=\"elementor-section elementor-inner-section elementor-element elementor-element-24c7c4c elementor-section-content-middle elementor-section-boxed elementor-section-height-default elementor-section-height-default\" data-id=\"24c7c4c\" data-element_type=\"section\">\n\t\t\t\t\t\t<div class=\"elementor-container elementor-column-gap-default\">\n\t\t\t\t\t<div class=\"elementor-column elementor-col-100 elementor-inner-column elementor-element elementor-element-8c411ec\" data-id=\"8c411ec\" data-element_type=\"column\">\n\t\t\t<div class=\"elementor-widget-wrap elementor-element-populated\">\n\t\t\t\t\t\t\t\t<div class=\"elementor-element elementor-element-5dd05de elementor-widget elementor-widget-text-editor\" data-id=\"5dd05de\" data-element_type=\"widget\" data-widget_type=\"text-editor.default\">\n\t\t\t\t<div class=\"elementor-widget-container\">\n\t\t\t<style>\/*! elementor - v3.14.0 - 26-06-2023 *\/\n.elementor-widget-text-editor.elementor-drop-cap-view-stacked .elementor-drop-cap{background-color:#69727d;color:#fff}.elementor-widget-text-editor.elementor-drop-cap-view-framed .elementor-drop-cap{color:#69727d;border:3px solid;background-color:transparent}.elementor-widget-text-editor:not(.elementor-drop-cap-view-default) .elementor-drop-cap{margin-top:8px}.elementor-widget-text-editor:not(.elementor-drop-cap-view-default) .elementor-drop-cap-letter{width:1em;height:1em}.elementor-widget-text-editor .elementor-drop-cap{float:left;text-align:center;line-height:1;font-size:50px}.elementor-widget-text-editor .elementor-drop-cap-letter{display:inline-block}<\/style>\t\t\t\t<section><h2>Editeur<\/h2><p>Le site www.soundrums-france.com est \u00e9dit\u00e9 par :<br \/>SARL Soundrums: 428 route de Verchizeuil &#8211; 71960 Verz\u00e9 (FRANCE)<br \/>Responsable de la publication : M. Emmanuel Jay et M. Jonathan Tabaret<\/p><p>SIRET : 888.452.984.00014<br \/>Code NAF : 3220Z<br \/>N.I.I : FR45888452984<\/p><h2>Agence digitale<\/h2><p><a href=\"https:\/\/l.octup.fr\/w6r\" target=\"_blank\" rel=\"noopener\">OctUp SAS<\/a> \u00e0 Dijon<\/p><h2>H\u00e9bergeur<\/h2><p>Infomaniak, 25 Rue Eug\u00e8ne-Marziano, 1227 Gen\u00e8ve, Suisse<\/p><h2>Informatique et Libert\u00e9<\/h2><p>D\u00e9claration du site \u00e0 la Commission nationale de l\u2019Informatique et des libert\u00e9s (CNIL).<br \/>Vous disposez d\u2019un droit d\u2019acc\u00e8s, de rectification, de modification et de suppression des donn\u00e9es qui vous concernent (Loi Informatique et Libert\u00e9 du 6 janvier 1978). Pour l\u2019exercer, contactez-nous.<\/p><h2>Droits de propri\u00e9t\u00e9<\/h2><p>Tous les textes, commentaires, illustrations et images reproduits sur ce site Internet sont r\u00e9serv\u00e9s au titre du droit d\u2019auteur ainsi qu\u2019au titre de la propri\u00e9t\u00e9 intellectuelle et appartiennent \u00e0 SARL SOUNDRUMS ou sont diffus\u00e9s avec autorisation de leur auteur.<\/p><h2>Liens<\/h2><p>Sous r\u00e9serve d\u2019une simple confirmation par courriel, le pointage vers ce site est absolument libre. Tous les liens en partance de ce site ont fait l\u2019objet d\u2019une autorisation pr\u00e9alable, expresse et \u00e9crite (sur support papier ou \u00e9lectronique).<\/p><h2>Exon\u00e9ration de responsabilit\u00e9<\/h2><p>Il appartient \u00e0 l\u2019utilisateur de ce site de prendre toutes les mesures appropri\u00e9es de fa\u00e7on \u00e0 prot\u00e9ger ses propres donn\u00e9es et\/ou logiciels de la contamination par des \u00e9ventuels virus circulant sur le r\u00e9seau Internet.<br \/>Les \u00e9l\u00e9ments pr\u00e9sent\u00e9s dans ce site sont susceptibles de modification sans pr\u00e9avis et sont mis \u00e0 disposition sans aucune garantie, expresse ou implicite, d\u2019aucune sorte et ne peuvent donner lieu \u00e0 un quelconque droit \u00e0 d\u00e9dommagement.<br \/>Nous d\u00e9clinons toute responsabilit\u00e9 pour tous dommages directs et indirects, quel qu\u2019en soient les causes, origines, natures ou cons\u00e9quences en raison de l\u2019acc\u00e8s \u00e0 ce site ou de l\u2019impossibilit\u00e9 d\u2019y acc\u00e9der, de m\u00eame que de l\u2019utilisation de ce site Internet et\/ou du cr\u00e9dit accord\u00e9 \u00e0 une quelconque information qui en est directement ou indirectement retir\u00e9e.<\/p><h2>Collecte de donn\u00e9es relatives \u00e0 l\u2019utilisation des sites Web<\/h2><p>Nos serveurs rassemblent automatiquement les informations relatives aux pages visit\u00e9es sur notre site Internet. Nous utilisons ces informations \u00e0 des fins exclusives d\u2019\u00e9valuation du succ\u00e8s de certaines pages ou sections de notre site, dans le but d\u2019accro\u00eetre la satisfaction de nos clients et d\u2019effectuer des analyses marketing internes, ou dans les autres buts mentionn\u00e9s ci-avant.<\/p><\/section>\t\t\t\t\t\t<\/div>\n\t\t\t\t<\/div>\n\t\t\t\t\t<\/div>\n\t\t<\/div>\n\t\t\t\t\t\t\t<\/div>\n\t\t<\/section>\n\t\t\t\t\t<\/div>\n\t\t<\/div>\n\t\t\t\t\t\t\t<\/div>\n\t\t<\/section>\n\t\t\t\t\t\t\t<\/div>\n\t\t","protected":false},"excerpt":{"rendered":"<p>MENTIONS L\u00c9GALES Editeur Le site www.soundrums-france.com est \u00e9dit\u00e9 par :SARL Soundrums: 428 route de Verchizeuil &#8211; 71960 Verz\u00e9 (FRANCE)Responsable de la publication : M. Emmanuel Jay et M. Jonathan Tabaret SIRET : 888.452.984.00014Code NAF : 3220ZN.I.I : FR45888452984 Agence digitale OctUp SAS \u00e0 Dijon H\u00e9bergeur Infomaniak, 25 Rue Eug\u00e8ne-Marziano, 1227 Gen\u00e8ve, Suisse Informatique et Libert\u00e9 &hellip;<\/p>\n<p class=\"read-more\"> <a class=\"\" href=\"https:\/\/soundrums-france.com\/index.php\/mentions-legales\/\"> <span class=\"screen-reader-text\">MENTIONS L\u00c9GALES<\/span> Lire la suite\u00a0\u00bb<\/a><\/p>\n","protected":false},"author":103,"featured_media":0,"parent":0,"menu_order":0,"comment_status":"closed","ping_status":"closed","template":"","meta":{"_uag_custom_page_level_css":"","site-sidebar-layout":"no-sidebar","site-content-layout":"page-builder","ast-global-header-display":"","ast-banner-title-visibility":"","ast-main-header-display":"","ast-hfb-above-header-display":"","ast-hfb-below-header-display":"","ast-hfb-mobile-header-display":"","site-post-title":"disabled","ast-breadcrumbs-content":"","ast-featured-img":"disabled","footer-sml-layout":"","theme-transparent-header-meta":"","adv-header-id-meta":"","stick-header-meta":"","header-above-stick-meta":"","header-main-stick-meta":"","header-below-stick-meta":"","footnotes":""},"class_list":["post-35275","page","type-page","status-publish","hentry"],"yoast_head":"<!-- This site is optimized with the Yoast SEO plugin v24.1 - https:\/\/yoast.com\/wordpress\/plugins\/seo\/ -->\n<title>MENTIONS L\u00c9GALES - Soundrums<\/title>\n<meta name=\"robots\" content=\"index, follow, max-snippet:-1, max-image-preview:large, max-video-preview:-1\" \/>\n<link rel=\"canonical\" href=\"https:\/\/soundrums-france.com\/index.php\/mentions-legales\/\" \/>\n<meta property=\"og:locale\" content=\"fr_FR\" \/>\n<meta property=\"og:type\" content=\"article\" \/>\n<meta property=\"og:title\" content=\"MENTIONS L\u00c9GALES - Soundrums\" \/>\n<meta property=\"og:description\" content=\"MENTIONS L\u00c9GALES Editeur Le site www.soundrums-france.com est \u00e9dit\u00e9 par :SARL Soundrums: 428 route de Verchizeuil &#8211; 71960 Verz\u00e9 (FRANCE)Responsable de la publication : M. Emmanuel Jay et M. Jonathan Tabaret SIRET : 888.452.984.00014Code NAF : 3220ZN.I.I : FR45888452984 Agence digitale OctUp SAS \u00e0 Dijon H\u00e9bergeur Infomaniak, 25 Rue Eug\u00e8ne-Marziano, 1227 Gen\u00e8ve, Suisse Informatique et Libert\u00e9 &hellip; MENTIONS L\u00c9GALES Lire la suite\u00a0\u00bb\" \/>\n<meta property=\"og:url\" content=\"https:\/\/soundrums-france.com\/index.php\/mentions-legales\/\" \/>\n<meta property=\"og:site_name\" content=\"Soundrums\" \/>\n<meta property=\"article:publisher\" content=\"https:\/\/www.facebook.com\/soundrums\/\" \/>\n<meta property=\"article:modified_time\" content=\"2024-02-08T15:41:22+00:00\" \/>\n<meta name=\"twitter:card\" content=\"summary_large_image\" \/>\n<meta name=\"twitter:label1\" content=\"Dur\u00e9e de lecture estim\u00e9e\" \/>\n\t<meta name=\"twitter:data1\" content=\"2 minutes\" \/>\n<script type=\"application\/ld+json\" class=\"yoast-schema-graph\">{\"@context\":\"https:\/\/schema.org\",\"@graph\":[{\"@type\":\"WebPage\",\"@id\":\"https:\/\/soundrums-france.com\/index.php\/mentions-legales\/\",\"url\":\"https:\/\/soundrums-france.com\/index.php\/mentions-legales\/\",\"name\":\"MENTIONS L\u00c9GALES - Soundrums\",\"isPartOf\":{\"@id\":\"https:\/\/soundrums-france.com\/#website\"},\"datePublished\":\"2023-10-31T06:52:52+00:00\",\"dateModified\":\"2024-02-08T15:41:22+00:00\",\"breadcrumb\":{\"@id\":\"https:\/\/soundrums-france.com\/index.php\/mentions-legales\/#breadcrumb\"},\"inLanguage\":\"fr-FR\",\"potentialAction\":[{\"@type\":\"ReadAction\",\"target\":[\"https:\/\/soundrums-france.com\/index.php\/mentions-legales\/\"]}]},{\"@type\":\"BreadcrumbList\",\"@id\":\"https:\/\/soundrums-france.com\/index.php\/mentions-legales\/#breadcrumb\",\"itemListElement\":[{\"@type\":\"ListItem\",\"position\":1,\"name\":\"Accueil\",\"item\":\"https:\/\/soundrums-france.com\/\"},{\"@type\":\"ListItem\",\"position\":2,\"name\":\"MENTIONS L\u00c9GALES\"}]},{\"@type\":\"WebSite\",\"@id\":\"https:\/\/soundrums-france.com\/#website\",\"url\":\"https:\/\/soundrums-france.com\/\",\"name\":\"Soundrums\",\"description\":\"Manufacture Fran\u00e7aise de tambours\",\"publisher\":{\"@id\":\"https:\/\/soundrums-france.com\/#organization\"},\"potentialAction\":[{\"@type\":\"SearchAction\",\"target\":{\"@type\":\"EntryPoint\",\"urlTemplate\":\"https:\/\/soundrums-france.com\/?s={search_term_string}\"},\"query-input\":{\"@type\":\"PropertyValueSpecification\",\"valueRequired\":true,\"valueName\":\"search_term_string\"}}],\"inLanguage\":\"fr-FR\"},{\"@type\":\"Organization\",\"@id\":\"https:\/\/soundrums-france.com\/#organization\",\"name\":\"Soundrums-france\",\"url\":\"https:\/\/soundrums-france.com\/\",\"logo\":{\"@type\":\"ImageObject\",\"inLanguage\":\"fr-FR\",\"@id\":\"https:\/\/soundrums-france.com\/#\/schema\/logo\/image\/\",\"url\":\"https:\/\/soundrums-france.com\/wp-content\/uploads\/2020\/10\/LogoSD_HD.jpg\",\"contentUrl\":\"https:\/\/soundrums-france.com\/wp-content\/uploads\/2020\/10\/LogoSD_HD.jpg\",\"width\":1280,\"height\":930,\"caption\":\"Soundrums-france\"},\"image\":{\"@id\":\"https:\/\/soundrums-france.com\/#\/schema\/logo\/image\/\"},\"sameAs\":[\"https:\/\/www.facebook.com\/soundrums\/\",\"https:\/\/www.youtube.com\/channel\/UC4S_W_0ZCdUFH3Y9xkv5bEw\"]}]}<\/script>\n<!-- \/ Yoast SEO plugin. -->","yoast_head_json":{"title":"MENTIONS L\u00c9GALES - Soundrums","robots":{"index":"index","follow":"follow","max-snippet":"max-snippet:-1","max-image-preview":"max-image-preview:large","max-video-preview":"max-video-preview:-1"},"canonical":"https:\/\/soundrums-france.com\/index.php\/mentions-legales\/","og_locale":"fr_FR","og_type":"article","og_title":"MENTIONS L\u00c9GALES - Soundrums","og_description":"MENTIONS L\u00c9GALES Editeur Le site www.soundrums-france.com est \u00e9dit\u00e9 par :SARL Soundrums: 428 route de Verchizeuil &#8211; 71960 Verz\u00e9 (FRANCE)Responsable de la publication : M. Emmanuel Jay et M. Jonathan Tabaret SIRET : 888.452.984.00014Code NAF : 3220ZN.I.I : FR45888452984 Agence digitale OctUp SAS \u00e0 Dijon H\u00e9bergeur Infomaniak, 25 Rue Eug\u00e8ne-Marziano, 1227 Gen\u00e8ve, Suisse Informatique et Libert\u00e9 &hellip; MENTIONS L\u00c9GALES Lire la suite\u00a0\u00bb","og_url":"https:\/\/soundrums-france.com\/index.php\/mentions-legales\/","og_site_name":"Soundrums","article_publisher":"https:\/\/www.facebook.com\/soundrums\/","article_modified_time":"2024-02-08T15:41:22+00:00","twitter_card":"summary_large_image","twitter_misc":{"Dur\u00e9e de lecture estim\u00e9e":"2 minutes"},"schema":{"@context":"https:\/\/schema.org","@graph":[{"@type":"WebPage","@id":"https:\/\/soundrums-france.com\/index.php\/mentions-legales\/","url":"https:\/\/soundrums-france.com\/index.php\/mentions-legales\/","name":"MENTIONS L\u00c9GALES - Soundrums","isPartOf":{"@id":"https:\/\/soundrums-france.com\/#website"},"datePublished":"2023-10-31T06:52:52+00:00","dateModified":"2024-02-08T15:41:22+00:00","breadcrumb":{"@id":"https:\/\/soundrums-france.com\/index.php\/mentions-legales\/#breadcrumb"},"inLanguage":"fr-FR","potentialAction":[{"@type":"ReadAction","target":["https:\/\/soundrums-france.com\/index.php\/mentions-legales\/"]}]},{"@type":"BreadcrumbList","@id":"https:\/\/soundrums-france.com\/index.php\/mentions-legales\/#breadcrumb","itemListElement":[{"@type":"ListItem","position":1,"name":"Accueil","item":"https:\/\/soundrums-france.com\/"},{"@type":"ListItem","position":2,"name":"MENTIONS L\u00c9GALES"}]},{"@type":"WebSite","@id":"https:\/\/soundrums-france.com\/#website","url":"https:\/\/soundrums-france.com\/","name":"Soundrums","description":"Manufacture Fran\u00e7aise de tambours","publisher":{"@id":"https:\/\/soundrums-france.com\/#organization"},"potentialAction":[{"@type":"SearchAction","target":{"@type":"EntryPoint","urlTemplate":"https:\/\/soundrums-france.com\/?s={search_term_string}"},"query-input":{"@type":"PropertyValueSpecification","valueRequired":true,"valueName":"search_term_string"}}],"inLanguage":"fr-FR"},{"@type":"Organization","@id":"https:\/\/soundrums-france.com\/#organization","name":"Soundrums-france","url":"https:\/\/soundrums-france.com\/","logo":{"@type":"ImageObject","inLanguage":"fr-FR","@id":"https:\/\/soundrums-france.com\/#\/schema\/logo\/image\/","url":"https:\/\/soundrums-france.com\/wp-content\/uploads\/2020\/10\/LogoSD_HD.jpg","contentUrl":"https:\/\/soundrums-france.com\/wp-content\/uploads\/2020\/10\/LogoSD_HD.jpg","width":1280,"height":930,"caption":"Soundrums-france"},"image":{"@id":"https:\/\/soundrums-france.com\/#\/schema\/logo\/image\/"},"sameAs":["https:\/\/www.facebook.com\/soundrums\/","https:\/\/www.youtube.com\/channel\/UC4S_W_0ZCdUFH3Y9xkv5bEw"]}]}},"uagb_featured_image_src":{"full":false,"thumbnail":false,"medium":false,"medium_large":false,"large":false,"1536x1536":false,"2048x2048":false,"woocommerce_thumbnail":false,"woocommerce_single":false,"woocommerce_gallery_thumbnail":false},"uagb_author_info":{"display_name":"Octup","author_link":"https:\/\/soundrums-france.com\/index.php\/author\/octup\/"},"uagb_comment_info":0,"uagb_excerpt":"MENTIONS L\u00c9GALES Editeur Le site www.soundrums-france.com est \u00e9dit\u00e9 par :SARL Soundrums: 428 route de Verchizeuil &#8211; 71960 Verz\u00e9 (FRANCE)Responsable de la publication : M. Emmanuel Jay et M. Jonathan Tabaret SIRET : 888.452.984.00014Code NAF : 3220ZN.I.I : FR45888452984 Agence digitale OctUp SAS \u00e0 Dijon H\u00e9bergeur Infomaniak, 25 Rue Eug\u00e8ne-Marziano, 1227 Gen\u00e8ve, Suisse Informatique et Libert\u00e9\u2026","_links":{"self":[{"href":"https:\/\/soundrums-france.com\/index.php\/wp-json\/wp\/v2\/pages\/35275","targetHints":{"allow":["GET"]}}],"collection":[{"href":"https:\/\/soundrums-france.com\/index.php\/wp-json\/wp\/v2\/pages"}],"about":[{"href":"https:\/\/soundrums-france.com\/index.php\/wp-json\/wp\/v2\/types\/page"}],"author":[{"embeddable":true,"href":"https:\/\/soundrums-france.com\/index.php\/wp-json\/wp\/v2\/users\/103"}],"replies":[{"embeddable":true,"href":"https:\/\/soundrums-france.com\/index.php\/wp-json\/wp\/v2\/comments?post=35275"}],"version-history":[{"count":16,"href":"https:\/\/soundrums-france.com\/index.php\/wp-json\/wp\/v2\/pages\/35275\/revisions"}],"predecessor-version":[{"id":36451,"href":"https:\/\/soundrums-france.com\/index.php\/wp-json\/wp\/v2\/pages\/35275\/revisions\/36451"}],"wp:attachment":[{"href":"https:\/\/soundrums-france.com\/index.php\/wp-json\/wp\/v2\/media?parent=35275"}],"curies":[{"name":"wp","href":"https:\/\/api.w.org\/{rel}","templated":true}]}}