{"id":31728,"date":"2020-11-11T14:13:26","date_gmt":"2020-11-11T13:13:26","guid":{"rendered":"https:\/\/soundrums-france.com\/index.php\/produit\/soundpad-14-cercle-metal\/"},"modified":"2022-03-03T10:14:49","modified_gmt":"2022-03-03T09:14:49","slug":"soundpad-14-cercle-metal","status":"publish","type":"product","link":"https:\/\/soundrums-france.com\/index.php\/produit\/soundpad-14-cercle-metal\/","title":{"rendered":"SOUNDPAD 14&Prime; \u00abCaisse-claire\u00bb cercle METAL"},"content":{"rendered":"<p>Le SOUNDPAD 14&Prime; cercle m\u00e9tal de Soundrums<br \/>\nF\u00fbt \u00e9rable teint\u00e9 noir. Avec le diam\u00e8tre d&rsquo;une caisse-claire ! Ce pad d&rsquo;entrainement sp\u00e9cialement d\u00e9velopp\u00e9 par Soundrums innove par un toucher et un rebond identique \u00e0 une v\u00e9ritable peau de caisse claire ou de tambour.<\/p>\n<p>Vous pouvez r\u00e9gler la tension de la peau pour vous rapprocher de vos pr\u00e9f\u00e9rences.<\/p>\n<p>Une sensation r\u00e9elle qui permet un travail agr\u00e9able et aussi efficace que celui sur un instrument, sans d\u00e9veloppement sonore.<br \/>\nLe SOUNDPAD vous permet de travailler debout (Nous avons un pied sp\u00e9cialement pour <a href=\"https:\/\/soundrums-france.com\/index.php\/produit\/pied-soundpad-pour-jouer-debout\/\">\u00e7a<\/a>) ou assis avec un <a href=\"https:\/\/soundrums-france.com\/index.php\/produit\/pied-soundpad-ou-caisse-claire-n1-lger\/\">pied de caisse-claire standard<\/a><\/p>\n","protected":false},"excerpt":{"rendered":"<p>Le SOUNDPAD 14&Prime; cercle m\u00e9tal de Soundrums.<br \/>\nF\u00fbt \u00e9rable teint\u00e9 noir. Avec le diam\u00e8tre d&rsquo;une caisse-claire ! Ce pad d&rsquo;entrainement sp\u00e9cialement d\u00e9velopp\u00e9 par Soundrums innove par un toucher et un rebond identique \u00e0 une v\u00e9ritable peau de caisse claire ou de tambour.<\/p>\n<p>Vous pouvez r\u00e9gler la tension de la peau pour vous rapprocher de vos pr\u00e9f\u00e9rences.<br \/>\nLe syst\u00e8me \u00ab Silence C1 \u00bb, est sp\u00e9cialement \u00e9tudi\u00e9 pour travailler la caisse claire ou le tambour.<\/p>\n<p>Une sensation r\u00e9elle qui permet un travail agr\u00e9able et aussi efficace que celui sur un instrument, sans d\u00e9veloppement sonore.<\/p>\n<p><em>Le SOUNDPAD vous permet de travailler debout (Nous avons un pied sp\u00e9cialement pour \u00e7a&#8230; R\u00e9f. : <span class=\"sku_wrapper\"><span class=\"sku\">Pied-Haut HS3<\/span><\/span>) ou assis avec un pied de caisse-claire standard (R\u00e9f. : <span class=\"sku_wrapper\"><span class=\"sku\">Pied-Standard HS2 ou HS1<\/span><\/span>).<\/em><\/p>\n<p><strong>D\u00e9lai de fabrication et de livraison environ 1 \u00e0 2 semaines.<\/strong><\/p>\n<p>&nbsp;<\/p>\n","protected":false},"featured_media":32328,"comment_status":"closed","ping_status":"closed","template":"","meta":{"_uag_custom_page_level_css":"","site-sidebar-layout":"default","site-content-layout":"default","ast-global-header-display":"","ast-banner-title-visibility":"","ast-main-header-display":"","ast-hfb-above-header-display":"","ast-hfb-below-header-display":"","ast-hfb-mobile-header-display":"","site-post-title":"","ast-breadcrumbs-content":"","ast-featured-img":"","footer-sml-layout":"","theme-transparent-header-meta":"","adv-header-id-meta":"","stick-header-meta":"","header-above-stick-meta":"","header-main-stick-meta":"","header-below-stick-meta":""},"product_cat":[186,206],"product_tag":[209],"class_list":{"0":"post-31728","1":"product","2":"type-product","3":"status-publish","4":"has-post-thumbnail","6":"product_cat-instruments","7":"product_cat-pads-dentrainement","8":"product_tag-pads","9":"desktop-align-left","10":"tablet-align-left","11":"mobile-align-left","12":"wcpa_has_options","14":"first","15":"instock","16":"taxable","17":"shipping-taxable","18":"purchasable","19":"product-type-simple"},"yoast_head":"<!-- This site is optimized with the Yoast SEO plugin v24.1 - https:\/\/yoast.com\/wordpress\/plugins\/seo\/ -->\n<title>SOUNDPAD 14&quot; \u00abCaisse-claire\u00bb cercle METAL - Soundrums<\/title>\n<meta name=\"description\" content=\"Venez d\u00e9couvrir notre SOUNDPAD 14&quot; \u00abCaisse-claire\u00bb cercle METAL haute de gamme.\" \/>\n<meta name=\"robots\" content=\"index, follow, max-snippet:-1, max-image-preview:large, max-video-preview:-1\" \/>\n<link rel=\"canonical\" href=\"https:\/\/soundrums-france.com\/index.php\/produit\/soundpad-14-cercle-metal\/\" \/>\n<meta property=\"og:locale\" content=\"fr_FR\" \/>\n<meta property=\"og:type\" content=\"article\" \/>\n<meta property=\"og:title\" content=\"SOUNDPAD 14&quot; \u00abCaisse-claire\u00bb cercle METAL - Soundrums\" \/>\n<meta property=\"og:description\" content=\"Venez d\u00e9couvrir notre SOUNDPAD 14&quot; \u00abCaisse-claire\u00bb cercle METAL haute de gamme.\" \/>\n<meta property=\"og:url\" content=\"https:\/\/soundrums-france.com\/index.php\/produit\/soundpad-14-cercle-metal\/\" \/>\n<meta property=\"og:site_name\" content=\"Soundrums\" \/>\n<meta property=\"article:publisher\" content=\"https:\/\/www.facebook.com\/soundrums\/\" \/>\n<meta property=\"article:modified_time\" content=\"2022-03-03T09:14:49+00:00\" \/>\n<meta property=\"og:image\" content=\"https:\/\/soundrums-france.com\/wp-content\/uploads\/2020\/11\/72px-SPCCL01.jpg\" \/>\n\t<meta property=\"og:image:width\" content=\"1853\" \/>\n\t<meta property=\"og:image:height\" content=\"1853\" \/>\n\t<meta property=\"og:image:type\" content=\"image\/jpeg\" \/>\n<meta name=\"twitter:card\" content=\"summary_large_image\" \/>\n<meta name=\"twitter:label1\" content=\"Dur\u00e9e de lecture estim\u00e9e\" \/>\n\t<meta name=\"twitter:data1\" content=\"1 minute\" \/>\n<script type=\"application\/ld+json\" class=\"yoast-schema-graph\">{\"@context\":\"https:\/\/schema.org\",\"@graph\":[{\"@type\":\"WebPage\",\"@id\":\"https:\/\/soundrums-france.com\/index.php\/produit\/soundpad-14-cercle-metal\/\",\"url\":\"https:\/\/soundrums-france.com\/index.php\/produit\/soundpad-14-cercle-metal\/\",\"name\":\"SOUNDPAD 14\\\" \u00abCaisse-claire\u00bb cercle METAL - Soundrums\",\"isPartOf\":{\"@id\":\"https:\/\/soundrums-france.com\/#website\"},\"primaryImageOfPage\":{\"@id\":\"https:\/\/soundrums-france.com\/index.php\/produit\/soundpad-14-cercle-metal\/#primaryimage\"},\"image\":{\"@id\":\"https:\/\/soundrums-france.com\/index.php\/produit\/soundpad-14-cercle-metal\/#primaryimage\"},\"thumbnailUrl\":\"https:\/\/soundrums-france.com\/wp-content\/uploads\/2020\/11\/72px-SPCCL01.webp\",\"datePublished\":\"2020-11-11T13:13:26+00:00\",\"dateModified\":\"2022-03-03T09:14:49+00:00\",\"description\":\"Venez d\u00e9couvrir notre SOUNDPAD 14\\\" \u00abCaisse-claire\u00bb cercle METAL haute de gamme.\",\"breadcrumb\":{\"@id\":\"https:\/\/soundrums-france.com\/index.php\/produit\/soundpad-14-cercle-metal\/#breadcrumb\"},\"inLanguage\":\"fr-FR\",\"potentialAction\":[{\"@type\":\"ReadAction\",\"target\":[\"https:\/\/soundrums-france.com\/index.php\/produit\/soundpad-14-cercle-metal\/\"]}]},{\"@type\":\"ImageObject\",\"inLanguage\":\"fr-FR\",\"@id\":\"https:\/\/soundrums-france.com\/index.php\/produit\/soundpad-14-cercle-metal\/#primaryimage\",\"url\":\"https:\/\/soundrums-france.com\/wp-content\/uploads\/2020\/11\/72px-SPCCL01.webp\",\"contentUrl\":\"https:\/\/soundrums-france.com\/wp-content\/uploads\/2020\/11\/72px-SPCCL01.webp\",\"width\":1853,\"height\":1853,\"caption\":\"SOUNDPAD 14\u2033 CAISSE-CLAIRE cercle METAL - Soundrums\"},{\"@type\":\"BreadcrumbList\",\"@id\":\"https:\/\/soundrums-france.com\/index.php\/produit\/soundpad-14-cercle-metal\/#breadcrumb\",\"itemListElement\":[{\"@type\":\"ListItem\",\"position\":1,\"name\":\"Accueil\",\"item\":\"https:\/\/soundrums-france.com\/\"},{\"@type\":\"ListItem\",\"position\":2,\"name\":\"Des produits\",\"item\":\"https:\/\/soundrums-france.com\/index.php\/shop\/\"},{\"@type\":\"ListItem\",\"position\":3,\"name\":\"SOUNDPAD 14&Prime; \u00abCaisse-claire\u00bb cercle METAL\"}]},{\"@type\":\"WebSite\",\"@id\":\"https:\/\/soundrums-france.com\/#website\",\"url\":\"https:\/\/soundrums-france.com\/\",\"name\":\"Soundrums\",\"description\":\"Manufacture Fran\u00e7aise de tambours\",\"publisher\":{\"@id\":\"https:\/\/soundrums-france.com\/#organization\"},\"potentialAction\":[{\"@type\":\"SearchAction\",\"target\":{\"@type\":\"EntryPoint\",\"urlTemplate\":\"https:\/\/soundrums-france.com\/?s={search_term_string}\"},\"query-input\":{\"@type\":\"PropertyValueSpecification\",\"valueRequired\":true,\"valueName\":\"search_term_string\"}}],\"inLanguage\":\"fr-FR\"},{\"@type\":\"Organization\",\"@id\":\"https:\/\/soundrums-france.com\/#organization\",\"name\":\"Soundrums-france\",\"url\":\"https:\/\/soundrums-france.com\/\",\"logo\":{\"@type\":\"ImageObject\",\"inLanguage\":\"fr-FR\",\"@id\":\"https:\/\/soundrums-france.com\/#\/schema\/logo\/image\/\",\"url\":\"https:\/\/soundrums-france.com\/wp-content\/uploads\/2020\/10\/LogoSD_HD.jpg\",\"contentUrl\":\"https:\/\/soundrums-france.com\/wp-content\/uploads\/2020\/10\/LogoSD_HD.jpg\",\"width\":1280,\"height\":930,\"caption\":\"Soundrums-france\"},\"image\":{\"@id\":\"https:\/\/soundrums-france.com\/#\/schema\/logo\/image\/\"},\"sameAs\":[\"https:\/\/www.facebook.com\/soundrums\/\",\"https:\/\/www.youtube.com\/channel\/UC4S_W_0ZCdUFH3Y9xkv5bEw\"]}]}<\/script>\n<!-- \/ Yoast SEO plugin. -->","yoast_head_json":{"title":"SOUNDPAD 14\" \u00abCaisse-claire\u00bb cercle METAL - Soundrums","description":"Venez d\u00e9couvrir notre SOUNDPAD 14\" \u00abCaisse-claire\u00bb cercle METAL haute de gamme.","robots":{"index":"index","follow":"follow","max-snippet":"max-snippet:-1","max-image-preview":"max-image-preview:large","max-video-preview":"max-video-preview:-1"},"canonical":"https:\/\/soundrums-france.com\/index.php\/produit\/soundpad-14-cercle-metal\/","og_locale":"fr_FR","og_type":"article","og_title":"SOUNDPAD 14\" \u00abCaisse-claire\u00bb cercle METAL - Soundrums","og_description":"Venez d\u00e9couvrir notre SOUNDPAD 14\" \u00abCaisse-claire\u00bb cercle METAL haute de gamme.","og_url":"https:\/\/soundrums-france.com\/index.php\/produit\/soundpad-14-cercle-metal\/","og_site_name":"Soundrums","article_publisher":"https:\/\/www.facebook.com\/soundrums\/","article_modified_time":"2022-03-03T09:14:49+00:00","og_image":[{"width":1853,"height":1853,"url":"https:\/\/soundrums-france.com\/wp-content\/uploads\/2020\/11\/72px-SPCCL01.jpg","type":"image\/jpeg"}],"twitter_card":"summary_large_image","twitter_misc":{"Dur\u00e9e de lecture estim\u00e9e":"1 minute"},"schema":{"@context":"https:\/\/schema.org","@graph":[{"@type":"WebPage","@id":"https:\/\/soundrums-france.com\/index.php\/produit\/soundpad-14-cercle-metal\/","url":"https:\/\/soundrums-france.com\/index.php\/produit\/soundpad-14-cercle-metal\/","name":"SOUNDPAD 14\" \u00abCaisse-claire\u00bb cercle METAL - Soundrums","isPartOf":{"@id":"https:\/\/soundrums-france.com\/#website"},"primaryImageOfPage":{"@id":"https:\/\/soundrums-france.com\/index.php\/produit\/soundpad-14-cercle-metal\/#primaryimage"},"image":{"@id":"https:\/\/soundrums-france.com\/index.php\/produit\/soundpad-14-cercle-metal\/#primaryimage"},"thumbnailUrl":"https:\/\/soundrums-france.com\/wp-content\/uploads\/2020\/11\/72px-SPCCL01.webp","datePublished":"2020-11-11T13:13:26+00:00","dateModified":"2022-03-03T09:14:49+00:00","description":"Venez d\u00e9couvrir notre SOUNDPAD 14\" \u00abCaisse-claire\u00bb cercle METAL haute de gamme.","breadcrumb":{"@id":"https:\/\/soundrums-france.com\/index.php\/produit\/soundpad-14-cercle-metal\/#breadcrumb"},"inLanguage":"fr-FR","potentialAction":[{"@type":"ReadAction","target":["https:\/\/soundrums-france.com\/index.php\/produit\/soundpad-14-cercle-metal\/"]}]},{"@type":"ImageObject","inLanguage":"fr-FR","@id":"https:\/\/soundrums-france.com\/index.php\/produit\/soundpad-14-cercle-metal\/#primaryimage","url":"https:\/\/soundrums-france.com\/wp-content\/uploads\/2020\/11\/72px-SPCCL01.webp","contentUrl":"https:\/\/soundrums-france.com\/wp-content\/uploads\/2020\/11\/72px-SPCCL01.webp","width":1853,"height":1853,"caption":"SOUNDPAD 14\u2033 CAISSE-CLAIRE cercle METAL - Soundrums"},{"@type":"BreadcrumbList","@id":"https:\/\/soundrums-france.com\/index.php\/produit\/soundpad-14-cercle-metal\/#breadcrumb","itemListElement":[{"@type":"ListItem","position":1,"name":"Accueil","item":"https:\/\/soundrums-france.com\/"},{"@type":"ListItem","position":2,"name":"Des produits","item":"https:\/\/soundrums-france.com\/index.php\/shop\/"},{"@type":"ListItem","position":3,"name":"SOUNDPAD 14&Prime; \u00abCaisse-claire\u00bb cercle METAL"}]},{"@type":"WebSite","@id":"https:\/\/soundrums-france.com\/#website","url":"https:\/\/soundrums-france.com\/","name":"Soundrums","description":"Manufacture Fran\u00e7aise de tambours","publisher":{"@id":"https:\/\/soundrums-france.com\/#organization"},"potentialAction":[{"@type":"SearchAction","target":{"@type":"EntryPoint","urlTemplate":"https:\/\/soundrums-france.com\/?s={search_term_string}"},"query-input":{"@type":"PropertyValueSpecification","valueRequired":true,"valueName":"search_term_string"}}],"inLanguage":"fr-FR"},{"@type":"Organization","@id":"https:\/\/soundrums-france.com\/#organization","name":"Soundrums-france","url":"https:\/\/soundrums-france.com\/","logo":{"@type":"ImageObject","inLanguage":"fr-FR","@id":"https:\/\/soundrums-france.com\/#\/schema\/logo\/image\/","url":"https:\/\/soundrums-france.com\/wp-content\/uploads\/2020\/10\/LogoSD_HD.jpg","contentUrl":"https:\/\/soundrums-france.com\/wp-content\/uploads\/2020\/10\/LogoSD_HD.jpg","width":1280,"height":930,"caption":"Soundrums-france"},"image":{"@id":"https:\/\/soundrums-france.com\/#\/schema\/logo\/image\/"},"sameAs":["https:\/\/www.facebook.com\/soundrums\/","https:\/\/www.youtube.com\/channel\/UC4S_W_0ZCdUFH3Y9xkv5bEw"]}]}},"uagb_featured_image_src":{"full":["https:\/\/soundrums-france.com\/wp-content\/uploads\/2020\/11\/72px-SPCCL01.webp",1853,1853,false],"thumbnail":["https:\/\/soundrums-france.com\/wp-content\/uploads\/2020\/11\/72px-SPCCL01-150x150.jpg",150,150,true],"medium":["https:\/\/soundrums-france.com\/wp-content\/uploads\/2020\/11\/72px-SPCCL01-300x300.jpg",300,300,true],"medium_large":["https:\/\/soundrums-france.com\/wp-content\/uploads\/2020\/11\/72px-SPCCL01-768x768.jpg",768,768,true],"large":["https:\/\/soundrums-france.com\/wp-content\/uploads\/2020\/11\/72px-SPCCL01-1024x1024.jpg",1024,1024,true],"1536x1536":["https:\/\/soundrums-france.com\/wp-content\/uploads\/2020\/11\/72px-SPCCL01-1536x1536.jpg",1536,1536,true],"2048x2048":["https:\/\/soundrums-france.com\/wp-content\/uploads\/2020\/11\/72px-SPCCL01.webp",1853,1853,false],"woocommerce_thumbnail":["https:\/\/soundrums-france.com\/wp-content\/uploads\/2020\/11\/72px-SPCCL01-300x300.jpg",300,300,true],"woocommerce_single":["https:\/\/soundrums-france.com\/wp-content\/uploads\/2020\/11\/72px-SPCCL01-600x600.jpg",600,600,true],"woocommerce_gallery_thumbnail":["https:\/\/soundrums-france.com\/wp-content\/uploads\/2020\/11\/72px-SPCCL01-100x100.jpg",100,100,true]},"uagb_author_info":{"display_name":"Emmanuel JAY","author_link":"https:\/\/soundrums-france.com\/index.php\/author\/"},"uagb_comment_info":0,"uagb_excerpt":"Le SOUNDPAD 14\" cercle m\u00e9tal de Soundrums. F\u00fbt \u00e9rable teint\u00e9 noir. Avec le diam\u00e8tre d'une caisse-claire ! Ce pad d'entrainement sp\u00e9cialement d\u00e9velopp\u00e9 par Soundrums innove par un toucher et un rebond identique \u00e0 une v\u00e9ritable peau de caisse claire ou de tambour. Vous pouvez r\u00e9gler la tension de la peau pour vous rapprocher de vos\u2026","wcpa_form_fields":{"wcpaData":{"product":{"product_price":139,"price_html":"<span class=\"woocommerce-Price-amount amount\"><bdi>139,00<span class=\"woocommerce-Price-currencySymbol\">&euro;<\/span><\/bdi><\/span>","original_product_price":139,"price_including_tax":139,"price_excluding_tax":115.833333,"product_id":{"parent":31728,"variation":false},"is_variable":false,"stock_status":"instock","stock_quantity":null,"parent_sku":"SPCCL14M","product_attributes":[],"custom_fields":[],"is_taxable":true,"product_name":"SOUNDPAD 14\" \u00abCaisse-claire\u00bb cercle METAL"},"fields":{"sec_0651483d8baf35":{"extra":{"key":"sec_0651483d8baf35","section_id":"sec_0651483d8baf35","name":"Default","status":1,"cl_rule":"show","enableCl":false,"relations":[],"toggle":true,"title_tag":"h3","show_title":false,"showPrice":"default","form_id":32970,"form_rules":{"exclude_from_discount":false,"fee_label":"Frais","disp_hide_options_price":false,"disp_show_section_price":false,"disp_show_field_price":true,"layout_option":"standard","pric_use_as_fee":false,"process_fee_as":"woo_fee"},"layout_option":"standard"},"fields":[[{"type":"image-group","label":"Accessoires","elementId":"wcpa-image-group-1633009865087","enablePrice":true,"priceOptions":"different_for_all","pricingType":"fixed","img_preview":true,"enable_popup":"no","multiple":true,"name":"image-group-1633009865087","disp_type":"square","img_selection_type":"outline","other_text":"Autre","cl_rule":"show","col":6,"values":[{"label":"Cl\u00e9 de r\u00e9glage","price":"2.5","image":"https:\/\/soundrums-france.com\/wp-content\/uploads\/2020\/12\/Cle-dAccordage-Serrage-Batterie.jpg","image_id":"32621","thumb":"https:\/\/soundrums-france.com\/wp-content\/uploads\/2020\/12\/Cle-dAccordage-Serrage-Batterie-150x150.jpg","value":"0","thumb_src":"https:\/\/soundrums-france.com\/wp-content\/uploads\/2020\/12\/Cle-dAccordage-Serrage-Batterie-100x100.jpg","gt_translate_keys":["label"]},{"label":"Housse de protection","price":"32","image":"https:\/\/soundrums-france.com\/wp-content\/uploads\/2020\/12\/HoussePad01.jpg","image_id":"32386","thumb":"https:\/\/soundrums-france.com\/wp-content\/uploads\/2020\/12\/HoussePad01-150x150.jpg","value":"1","thumb_src":"https:\/\/soundrums-france.com\/wp-content\/uploads\/2020\/12\/HoussePad01-100x100.jpg","gt_translate_keys":["label"]},{"label":"Pied pad \/ caisse-claire bas (Assis)","price":"52","image":"https:\/\/soundrums-france.com\/wp-content\/uploads\/2020\/11\/pied-HS1.jpg","image_id":"32356","thumb":"https:\/\/soundrums-france.com\/wp-content\/uploads\/2020\/11\/pied-HS1-150x150.jpg","value":"2","thumb_src":"https:\/\/soundrums-france.com\/wp-content\/uploads\/2020\/11\/pied-HS1-100x100.jpg","gt_translate_keys":["label"]},{"label":"INDISPONIBLE Pied pad \/ caisse-claire haut (Debout)","price":"0","image":"https:\/\/soundrums-france.com\/wp-content\/uploads\/2020\/11\/pied-HS3.jpg","image_id":"32358","thumb":"https:\/\/soundrums-france.com\/wp-content\/uploads\/2020\/11\/pied-HS3-150x150.jpg","value":"3","thumb_src":"https:\/\/soundrums-france.com\/wp-content\/uploads\/2020\/11\/pied-HS3-100x100.jpg","gt_translate_keys":["label"]},{"label":"Pied pad t\u00e9lescopiques bas et haut (Assis ou debout)","price":"98","image":"https:\/\/soundrums-france.com\/wp-content\/uploads\/2023\/06\/pied-hs4-web1200.jpg","image_id":"34076","thumb":"https:\/\/soundrums-france.com\/wp-content\/uploads\/2023\/06\/pied-hs4-web1200-150x150.jpg","value":"4","thumb_src":"https:\/\/soundrums-france.com\/wp-content\/uploads\/2023\/06\/pied-hs4-web1200-100x100.jpg","gt_translate_keys":["label"]}],"relations":false,"active":true,"tooltip":"","layOut":"inline","disp_size_img":{"width":"90","height":"90"},"img_preview_disable_mobile":true,"error":false,"label_position":"disable","desc_position":"default","other":false,"className":"","gt_translate_keys":["label","tooltip"],"price_dependency":false,"cl_dependency":false,"value":""}]]}},"config":{"price_override":"","enable_recaptcha":false,"bind_quantity":false,"quantity_bind_formula":false,"disp_summ_show_option_price":true,"disp_summ_show_product_price":true,"disp_summ_show_total_price":true,"disp_summ_show_fee":false,"disp_summ_show_discount":false,"summary_title":"","options_total_label":"Montant des options","total_label":"Total","options_product_label":"Prix du produit","fee_label":"Frais","discount_label":"Discount","has_price":true,"has_quantity_formula":false},"mc_unit":1,"tax_rate":1,"tax_rate_real":0.2,"discount":{"percentage":0,"fixed":0},"design":{"conf":{"LabelPosition":"above","DescPosition":"left","UploadField":"custom_1","QuantityFieldStyle":"default"},"css":{"LeftLabelWidth":"120px"}},"formulas":[],"clones":false,"cartKey":false}},"_links":{"self":[{"href":"https:\/\/soundrums-france.com\/index.php\/wp-json\/wp\/v2\/product\/31728","targetHints":{"allow":["GET"]}}],"collection":[{"href":"https:\/\/soundrums-france.com\/index.php\/wp-json\/wp\/v2\/product"}],"about":[{"href":"https:\/\/soundrums-france.com\/index.php\/wp-json\/wp\/v2\/types\/product"}],"replies":[{"embeddable":true,"href":"https:\/\/soundrums-france.com\/index.php\/wp-json\/wp\/v2\/comments?post=31728"}],"version-history":[{"count":0,"href":"https:\/\/soundrums-france.com\/index.php\/wp-json\/wp\/v2\/product\/31728\/revisions"}],"wp:featuredmedia":[{"embeddable":true,"href":"https:\/\/soundrums-france.com\/index.php\/wp-json\/wp\/v2\/media\/32328"}],"wp:attachment":[{"href":"https:\/\/soundrums-france.com\/index.php\/wp-json\/wp\/v2\/media?parent=31728"}],"wp:term":[{"taxonomy":"product_cat","embeddable":true,"href":"https:\/\/soundrums-france.com\/index.php\/wp-json\/wp\/v2\/product_cat?post=31728"},{"taxonomy":"product_tag","embeddable":true,"href":"https:\/\/soundrums-france.com\/index.php\/wp-json\/wp\/v2\/product_tag?post=31728"}],"curies":[{"name":"wp","href":"https:\/\/api.w.org\/{rel}","templated":true}]}}