{"id":31731,"date":"2020-11-11T14:13:27","date_gmt":"2020-11-11T13:13:27","guid":{"rendered":"https:\/\/soundrums-france.com\/index.php\/produit\/tambour-corde-3-4-modle-start\/"},"modified":"2023-02-03T10:20:24","modified_gmt":"2023-02-03T09:20:24","slug":"tambour-corde-3-4-modle-start","status":"publish","type":"product","link":"https:\/\/soundrums-france.com\/index.php\/produit\/tambour-corde-3-4-modle-start\/","title":{"rendered":"Tambour \u00e0 Corde 3\/4 mod\u00e8le START"},"content":{"rendered":"<p>Le mod\u00e8le de tambour \u00e0 corde \u00ab\u00a0START\u00a0\u00bb Soundrums\u00ae regroupe les qualit\u00e9s n\u00e9cessaires pour d\u00e9buter et jouer le tambour en toute s\u00e9r\u00e9nit\u00e9. Comme tous les instruments Soundrums\u00ae, il est fabriqu\u00e9 dans nos ateliers, enti\u00e8rement \u00e0 la main, et r\u00e9pond \u00e0 un cahier des charges strict et pr\u00e9cis pour vous garantir un son \u00e9quilibr\u00e9. Une belle entr\u00e9e de gamme pour un tambour fiable, fabriqu\u00e9 en France, avec une esth\u00e9tique intemporelle et un prix tr\u00e8s abordable. Poids 3 &lt; 3.2Kg<\/p>\n","protected":false},"excerpt":{"rendered":"<p>-Fabrication artisanale fran\u00e7aise<br \/>\n&#8211; F\u00fbt \u201cWOODENSOUND\u201d Erable Vernis<br \/>\n&#8211; Diam\u00e8tres 14\u201d (3\/4)<br \/>\n&#8211; Disponible en hauteur Ordonnance ou Parade<br \/>\n&#8211; Cercles H\u00eatre coloris bois vernis<br \/>\n&#8211; Cordage Polypropyl\u00e8ne (blanc ou imitation chanvre)<br \/>\n&#8211; Tirants cousus &#8211; Coloris Brun 100% fait main (Cuir fran\u00e7ais, tannage v\u00e9g\u00e9tal)<br \/>\n&#8211; D\u00e9clencheur Premium &#8211; Chrom\u00e9- Timbres Boyau de 1.8mm<br \/>\n&#8211; Peau de frappe REMO \u201cFiberskyn\u00ae\u201d<br \/>\n&#8211; Crochet d\u2019attache INOX \/ CUIR Brun<\/p>\n<p><strong>D\u00e9lai de fabrication et de livraison environ 5 \u00e0 8 semaines.<\/strong><\/p>\n","protected":false},"featured_media":33019,"comment_status":"closed","ping_status":"closed","template":"","meta":{"_uag_custom_page_level_css":"","site-sidebar-layout":"default","site-content-layout":"default","ast-global-header-display":"","ast-banner-title-visibility":"","ast-main-header-display":"","ast-hfb-above-header-display":"","ast-hfb-below-header-display":"","ast-hfb-mobile-header-display":"","site-post-title":"","ast-breadcrumbs-content":"","ast-featured-img":"","footer-sml-layout":"","theme-transparent-header-meta":"","adv-header-id-meta":"","stick-header-meta":"","header-above-stick-meta":"","header-main-stick-meta":"","header-below-stick-meta":""},"product_cat":[186,190],"product_tag":[219],"class_list":{"0":"post-31731","1":"product","2":"type-product","3":"status-publish","4":"has-post-thumbnail","6":"product_cat-instruments","7":"product_cat-tambours_corde","8":"product_tag-start","9":"product_shipping_class-tambours","10":"desktop-align-left","11":"tablet-align-left","12":"mobile-align-left","13":"wcpa_has_options","15":"first","16":"instock","17":"taxable","18":"shipping-taxable","19":"purchasable","20":"product-type-simple"},"yoast_head":"<!-- This site is optimized with the Yoast SEO plugin v24.1 - https:\/\/yoast.com\/wordpress\/plugins\/seo\/ -->\n<title>Tambour \u00e0 Corde 3\/4 mod\u00e8le START - Soundrums<\/title>\n<meta name=\"description\" content=\"Venez d\u00e9couvrir notre Tambour \u00e0 Corde 3\/4 mod\u00e8le START haute de gamme.\" \/>\n<meta name=\"robots\" content=\"index, follow, max-snippet:-1, max-image-preview:large, max-video-preview:-1\" \/>\n<link rel=\"canonical\" href=\"https:\/\/soundrums-france.com\/index.php\/produit\/tambour-corde-3-4-modle-start\/\" \/>\n<meta property=\"og:locale\" content=\"fr_FR\" \/>\n<meta property=\"og:type\" content=\"article\" \/>\n<meta property=\"og:title\" content=\"Tambour \u00e0 Corde 3\/4 mod\u00e8le START - Soundrums\" \/>\n<meta property=\"og:description\" content=\"Venez d\u00e9couvrir notre Tambour \u00e0 Corde 3\/4 mod\u00e8le START haute de gamme.\" \/>\n<meta property=\"og:url\" content=\"https:\/\/soundrums-france.com\/index.php\/produit\/tambour-corde-3-4-modle-start\/\" \/>\n<meta property=\"og:site_name\" content=\"Soundrums\" \/>\n<meta property=\"article:publisher\" content=\"https:\/\/www.facebook.com\/soundrums\/\" \/>\n<meta property=\"article:modified_time\" content=\"2023-02-03T09:20:24+00:00\" \/>\n<meta property=\"og:image\" content=\"https:\/\/soundrums-france.com\/wp-content\/uploads\/2021\/02\/Ambition-bois-3-4.jpg\" \/>\n\t<meta property=\"og:image:width\" content=\"1500\" \/>\n\t<meta property=\"og:image:height\" content=\"1500\" \/>\n\t<meta property=\"og:image:type\" content=\"image\/jpeg\" \/>\n<meta name=\"twitter:card\" content=\"summary_large_image\" \/>\n<script type=\"application\/ld+json\" class=\"yoast-schema-graph\">{\"@context\":\"https:\/\/schema.org\",\"@graph\":[{\"@type\":\"WebPage\",\"@id\":\"https:\/\/soundrums-france.com\/index.php\/produit\/tambour-corde-3-4-modle-start\/\",\"url\":\"https:\/\/soundrums-france.com\/index.php\/produit\/tambour-corde-3-4-modle-start\/\",\"name\":\"Tambour \u00e0 Corde 3\/4 mod\u00e8le START - Soundrums\",\"isPartOf\":{\"@id\":\"https:\/\/soundrums-france.com\/#website\"},\"primaryImageOfPage\":{\"@id\":\"https:\/\/soundrums-france.com\/index.php\/produit\/tambour-corde-3-4-modle-start\/#primaryimage\"},\"image\":{\"@id\":\"https:\/\/soundrums-france.com\/index.php\/produit\/tambour-corde-3-4-modle-start\/#primaryimage\"},\"thumbnailUrl\":\"https:\/\/soundrums-france.com\/wp-content\/uploads\/2021\/02\/Ambition-bois-3-4.webp\",\"datePublished\":\"2020-11-11T13:13:27+00:00\",\"dateModified\":\"2023-02-03T09:20:24+00:00\",\"description\":\"Venez d\u00e9couvrir notre Tambour \u00e0 Corde 3\/4 mod\u00e8le START haute de gamme.\",\"breadcrumb\":{\"@id\":\"https:\/\/soundrums-france.com\/index.php\/produit\/tambour-corde-3-4-modle-start\/#breadcrumb\"},\"inLanguage\":\"fr-FR\",\"potentialAction\":[{\"@type\":\"ReadAction\",\"target\":[\"https:\/\/soundrums-france.com\/index.php\/produit\/tambour-corde-3-4-modle-start\/\"]}]},{\"@type\":\"ImageObject\",\"inLanguage\":\"fr-FR\",\"@id\":\"https:\/\/soundrums-france.com\/index.php\/produit\/tambour-corde-3-4-modle-start\/#primaryimage\",\"url\":\"https:\/\/soundrums-france.com\/wp-content\/uploads\/2021\/02\/Ambition-bois-3-4.webp\",\"contentUrl\":\"https:\/\/soundrums-france.com\/wp-content\/uploads\/2021\/02\/Ambition-bois-3-4.webp\",\"width\":1500,\"height\":1500,\"caption\":\"Tambour AMBITION Soundrums - bois\"},{\"@type\":\"BreadcrumbList\",\"@id\":\"https:\/\/soundrums-france.com\/index.php\/produit\/tambour-corde-3-4-modle-start\/#breadcrumb\",\"itemListElement\":[{\"@type\":\"ListItem\",\"position\":1,\"name\":\"Accueil\",\"item\":\"https:\/\/soundrums-france.com\/\"},{\"@type\":\"ListItem\",\"position\":2,\"name\":\"Des produits\",\"item\":\"https:\/\/soundrums-france.com\/index.php\/shop\/\"},{\"@type\":\"ListItem\",\"position\":3,\"name\":\"Tambour \u00e0 Corde 3\/4 mod\u00e8le START\"}]},{\"@type\":\"WebSite\",\"@id\":\"https:\/\/soundrums-france.com\/#website\",\"url\":\"https:\/\/soundrums-france.com\/\",\"name\":\"Soundrums\",\"description\":\"Manufacture Fran\u00e7aise de tambours\",\"publisher\":{\"@id\":\"https:\/\/soundrums-france.com\/#organization\"},\"potentialAction\":[{\"@type\":\"SearchAction\",\"target\":{\"@type\":\"EntryPoint\",\"urlTemplate\":\"https:\/\/soundrums-france.com\/?s={search_term_string}\"},\"query-input\":{\"@type\":\"PropertyValueSpecification\",\"valueRequired\":true,\"valueName\":\"search_term_string\"}}],\"inLanguage\":\"fr-FR\"},{\"@type\":\"Organization\",\"@id\":\"https:\/\/soundrums-france.com\/#organization\",\"name\":\"Soundrums-france\",\"url\":\"https:\/\/soundrums-france.com\/\",\"logo\":{\"@type\":\"ImageObject\",\"inLanguage\":\"fr-FR\",\"@id\":\"https:\/\/soundrums-france.com\/#\/schema\/logo\/image\/\",\"url\":\"https:\/\/soundrums-france.com\/wp-content\/uploads\/2020\/10\/LogoSD_HD.jpg\",\"contentUrl\":\"https:\/\/soundrums-france.com\/wp-content\/uploads\/2020\/10\/LogoSD_HD.jpg\",\"width\":1280,\"height\":930,\"caption\":\"Soundrums-france\"},\"image\":{\"@id\":\"https:\/\/soundrums-france.com\/#\/schema\/logo\/image\/\"},\"sameAs\":[\"https:\/\/www.facebook.com\/soundrums\/\",\"https:\/\/www.youtube.com\/channel\/UC4S_W_0ZCdUFH3Y9xkv5bEw\"]}]}<\/script>\n<!-- \/ Yoast SEO plugin. -->","yoast_head_json":{"title":"Tambour \u00e0 Corde 3\/4 mod\u00e8le START - Soundrums","description":"Venez d\u00e9couvrir notre Tambour \u00e0 Corde 3\/4 mod\u00e8le START haute de gamme.","robots":{"index":"index","follow":"follow","max-snippet":"max-snippet:-1","max-image-preview":"max-image-preview:large","max-video-preview":"max-video-preview:-1"},"canonical":"https:\/\/soundrums-france.com\/index.php\/produit\/tambour-corde-3-4-modle-start\/","og_locale":"fr_FR","og_type":"article","og_title":"Tambour \u00e0 Corde 3\/4 mod\u00e8le START - Soundrums","og_description":"Venez d\u00e9couvrir notre Tambour \u00e0 Corde 3\/4 mod\u00e8le START haute de gamme.","og_url":"https:\/\/soundrums-france.com\/index.php\/produit\/tambour-corde-3-4-modle-start\/","og_site_name":"Soundrums","article_publisher":"https:\/\/www.facebook.com\/soundrums\/","article_modified_time":"2023-02-03T09:20:24+00:00","og_image":[{"width":1500,"height":1500,"url":"https:\/\/soundrums-france.com\/wp-content\/uploads\/2021\/02\/Ambition-bois-3-4.jpg","type":"image\/jpeg"}],"twitter_card":"summary_large_image","schema":{"@context":"https:\/\/schema.org","@graph":[{"@type":"WebPage","@id":"https:\/\/soundrums-france.com\/index.php\/produit\/tambour-corde-3-4-modle-start\/","url":"https:\/\/soundrums-france.com\/index.php\/produit\/tambour-corde-3-4-modle-start\/","name":"Tambour \u00e0 Corde 3\/4 mod\u00e8le START - Soundrums","isPartOf":{"@id":"https:\/\/soundrums-france.com\/#website"},"primaryImageOfPage":{"@id":"https:\/\/soundrums-france.com\/index.php\/produit\/tambour-corde-3-4-modle-start\/#primaryimage"},"image":{"@id":"https:\/\/soundrums-france.com\/index.php\/produit\/tambour-corde-3-4-modle-start\/#primaryimage"},"thumbnailUrl":"https:\/\/soundrums-france.com\/wp-content\/uploads\/2021\/02\/Ambition-bois-3-4.webp","datePublished":"2020-11-11T13:13:27+00:00","dateModified":"2023-02-03T09:20:24+00:00","description":"Venez d\u00e9couvrir notre Tambour \u00e0 Corde 3\/4 mod\u00e8le START haute de gamme.","breadcrumb":{"@id":"https:\/\/soundrums-france.com\/index.php\/produit\/tambour-corde-3-4-modle-start\/#breadcrumb"},"inLanguage":"fr-FR","potentialAction":[{"@type":"ReadAction","target":["https:\/\/soundrums-france.com\/index.php\/produit\/tambour-corde-3-4-modle-start\/"]}]},{"@type":"ImageObject","inLanguage":"fr-FR","@id":"https:\/\/soundrums-france.com\/index.php\/produit\/tambour-corde-3-4-modle-start\/#primaryimage","url":"https:\/\/soundrums-france.com\/wp-content\/uploads\/2021\/02\/Ambition-bois-3-4.webp","contentUrl":"https:\/\/soundrums-france.com\/wp-content\/uploads\/2021\/02\/Ambition-bois-3-4.webp","width":1500,"height":1500,"caption":"Tambour AMBITION Soundrums - bois"},{"@type":"BreadcrumbList","@id":"https:\/\/soundrums-france.com\/index.php\/produit\/tambour-corde-3-4-modle-start\/#breadcrumb","itemListElement":[{"@type":"ListItem","position":1,"name":"Accueil","item":"https:\/\/soundrums-france.com\/"},{"@type":"ListItem","position":2,"name":"Des produits","item":"https:\/\/soundrums-france.com\/index.php\/shop\/"},{"@type":"ListItem","position":3,"name":"Tambour \u00e0 Corde 3\/4 mod\u00e8le START"}]},{"@type":"WebSite","@id":"https:\/\/soundrums-france.com\/#website","url":"https:\/\/soundrums-france.com\/","name":"Soundrums","description":"Manufacture Fran\u00e7aise de tambours","publisher":{"@id":"https:\/\/soundrums-france.com\/#organization"},"potentialAction":[{"@type":"SearchAction","target":{"@type":"EntryPoint","urlTemplate":"https:\/\/soundrums-france.com\/?s={search_term_string}"},"query-input":{"@type":"PropertyValueSpecification","valueRequired":true,"valueName":"search_term_string"}}],"inLanguage":"fr-FR"},{"@type":"Organization","@id":"https:\/\/soundrums-france.com\/#organization","name":"Soundrums-france","url":"https:\/\/soundrums-france.com\/","logo":{"@type":"ImageObject","inLanguage":"fr-FR","@id":"https:\/\/soundrums-france.com\/#\/schema\/logo\/image\/","url":"https:\/\/soundrums-france.com\/wp-content\/uploads\/2020\/10\/LogoSD_HD.jpg","contentUrl":"https:\/\/soundrums-france.com\/wp-content\/uploads\/2020\/10\/LogoSD_HD.jpg","width":1280,"height":930,"caption":"Soundrums-france"},"image":{"@id":"https:\/\/soundrums-france.com\/#\/schema\/logo\/image\/"},"sameAs":["https:\/\/www.facebook.com\/soundrums\/","https:\/\/www.youtube.com\/channel\/UC4S_W_0ZCdUFH3Y9xkv5bEw"]}]}},"uagb_featured_image_src":{"full":["https:\/\/soundrums-france.com\/wp-content\/uploads\/2021\/02\/Ambition-bois-3-4.webp",1500,1500,false],"thumbnail":["https:\/\/soundrums-france.com\/wp-content\/uploads\/2021\/02\/Ambition-bois-3-4-150x150.jpg",150,150,true],"medium":["https:\/\/soundrums-france.com\/wp-content\/uploads\/2021\/02\/Ambition-bois-3-4-300x300.jpg",300,300,true],"medium_large":["https:\/\/soundrums-france.com\/wp-content\/uploads\/2021\/02\/Ambition-bois-3-4-768x768.jpg",768,768,true],"large":["https:\/\/soundrums-france.com\/wp-content\/uploads\/2021\/02\/Ambition-bois-3-4-1024x1024.jpg",1024,1024,true],"1536x1536":["https:\/\/soundrums-france.com\/wp-content\/uploads\/2021\/02\/Ambition-bois-3-4.webp",1500,1500,false],"2048x2048":["https:\/\/soundrums-france.com\/wp-content\/uploads\/2021\/02\/Ambition-bois-3-4.webp",1500,1500,false],"woocommerce_thumbnail":["https:\/\/soundrums-france.com\/wp-content\/uploads\/2021\/02\/Ambition-bois-3-4-300x300.jpg",300,300,true],"woocommerce_single":["https:\/\/soundrums-france.com\/wp-content\/uploads\/2021\/02\/Ambition-bois-3-4-600x600.jpg",600,600,true],"woocommerce_gallery_thumbnail":["https:\/\/soundrums-france.com\/wp-content\/uploads\/2021\/02\/Ambition-bois-3-4-100x100.jpg",100,100,true]},"uagb_author_info":{"display_name":"Emmanuel JAY","author_link":"https:\/\/soundrums-france.com\/index.php\/author\/"},"uagb_comment_info":0,"uagb_excerpt":"-Fabrication artisanale fran\u00e7aise - F\u00fbt \u201cWOODENSOUND\u201d Erable Vernis - Diam\u00e8tres 14\u201d (3\/4) - Disponible en hauteur Ordonnance ou Parade - Cercles H\u00eatre coloris bois vernis - Cordage Polypropyl\u00e8ne (blanc ou imitation chanvre) - Tirants cousus - Coloris Brun 100% fait main (Cuir fran\u00e7ais, tannage v\u00e9g\u00e9tal) - D\u00e9clencheur Premium - Chrom\u00e9- Timbres Boyau de 1.8mm -\u2026","wcpa_form_fields":{"wcpaData":{"product":{"product_price":745,"price_html":"<span class=\"woocommerce-Price-amount amount\"><bdi>745,00<span class=\"woocommerce-Price-currencySymbol\">&euro;<\/span><\/bdi><\/span>","original_product_price":745,"price_including_tax":745,"price_excluding_tax":620.833333,"product_id":{"parent":31731,"variation":false},"is_variable":false,"stock_status":"instock","stock_quantity":null,"parent_sku":"TS14","product_attributes":[],"custom_fields":[],"is_taxable":true,"product_name":"Tambour \u00e0 Corde 3\/4 mod\u00e8le START"},"fields":{"sec_269fab8e41ec03":{"extra":{"key":"sec_269fab8e41ec03","section_id":"sec_269fab8e41ec03","name":"Default","status":1,"cl_rule":"show","enableCl":false,"relations":[],"toggle":true,"title_tag":"h3","show_title":false,"showPrice":"default","form_id":31875,"form_rules":{"exclude_from_discount":false,"fee_label":"Frais","disp_hide_options_price":false,"disp_show_section_price":false,"disp_show_field_price":true,"layout_option":"standard","pric_use_as_fee":false,"process_fee_as":"woo_fee"},"layout_option":"standard"},"fields":[[{"type":"select","elementId":"wcpa-select-5fac56a5a30a5","label":"Hauteur","enablePrice":true,"priceOptions":"different_for_all","pricingType":"fixed","name":"select-5fac56a5a30b1","cl_rule":"show","col":6,"values":[{"label":"Hauteur Ordonnan 10\"\/25cm","value":"option-1","price":"0","pimage":"","pimage_id":"","pthumb":"","gt_translate_keys":["label"]},{"label":"Hauteur Parade 13\"\/33cm","value":"option-2","price":"0","pimage":"","pimage_id":"","pthumb":"","gt_translate_keys":["label"]}],"relations":false,"active":true,"tooltip":"","gt_translate_keys":["label","tooltip"],"price_dependency":false,"cl_dependency":false,"value":""}],[{"type":"select","elementId":"wcpa-select-1610487544196","label":"Option tranquillit\u00e9 :","enablePrice":true,"priceOptions":"different_for_all","pricingType":"fixed","name":"select-1610487544196","cl_rule":"show","col":6,"values":[{"label":"Aucun","value":"option-0","price":"0","pimage":"","pimage_id":"","pthumb":"","gt_translate_keys":["label"]},{"label":"12 mois","value":"option-1","price":"85","pimage":"","pimage_id":"","pthumb":"","gt_translate_keys":["label"]},{"label":"24 mois","value":"option-2","price":"150","pimage":"","pimage_id":"","pthumb":"","gt_translate_keys":["label"]},{"label":"36 mois","value":"option-3","price":"220","pimage":"","pimage_id":"","pthumb":"","gt_translate_keys":["label"]},{"label":"48 mois","value":"option-4","price":"300","pimage":"","pimage_id":"","pthumb":"","gt_translate_keys":["label"]}],"relations":false,"active":true,"tooltip":"","gt_translate_keys":["label","tooltip"],"price_dependency":false,"cl_dependency":false,"value":""}]]}},"config":{"price_override":"","enable_recaptcha":false,"bind_quantity":false,"quantity_bind_formula":false,"disp_summ_show_option_price":true,"disp_summ_show_product_price":true,"disp_summ_show_total_price":true,"disp_summ_show_fee":false,"disp_summ_show_discount":false,"summary_title":"","options_total_label":"Montant des options","total_label":"Total","options_product_label":"Prix du produit","fee_label":"Frais","discount_label":"Discount","has_price":true,"has_quantity_formula":false},"mc_unit":1,"tax_rate":1,"tax_rate_real":0.2,"discount":{"percentage":0,"fixed":0},"design":{"conf":{"LabelPosition":"above","DescPosition":"left","UploadField":"custom_1","QuantityFieldStyle":"default"},"css":{"LeftLabelWidth":"120px"}},"formulas":[],"clones":false,"cartKey":false}},"_links":{"self":[{"href":"https:\/\/soundrums-france.com\/index.php\/wp-json\/wp\/v2\/product\/31731","targetHints":{"allow":["GET"]}}],"collection":[{"href":"https:\/\/soundrums-france.com\/index.php\/wp-json\/wp\/v2\/product"}],"about":[{"href":"https:\/\/soundrums-france.com\/index.php\/wp-json\/wp\/v2\/types\/product"}],"replies":[{"embeddable":true,"href":"https:\/\/soundrums-france.com\/index.php\/wp-json\/wp\/v2\/comments?post=31731"}],"version-history":[{"count":1,"href":"https:\/\/soundrums-france.com\/index.php\/wp-json\/wp\/v2\/product\/31731\/revisions"}],"predecessor-version":[{"id":33896,"href":"https:\/\/soundrums-france.com\/index.php\/wp-json\/wp\/v2\/product\/31731\/revisions\/33896"}],"wp:featuredmedia":[{"embeddable":true,"href":"https:\/\/soundrums-france.com\/index.php\/wp-json\/wp\/v2\/media\/33019"}],"wp:attachment":[{"href":"https:\/\/soundrums-france.com\/index.php\/wp-json\/wp\/v2\/media?parent=31731"}],"wp:term":[{"taxonomy":"product_cat","embeddable":true,"href":"https:\/\/soundrums-france.com\/index.php\/wp-json\/wp\/v2\/product_cat?post=31731"},{"taxonomy":"product_tag","embeddable":true,"href":"https:\/\/soundrums-france.com\/index.php\/wp-json\/wp\/v2\/product_tag?post=31731"}],"curies":[{"name":"wp","href":"https:\/\/api.w.org\/{rel}","templated":true}]}}