{"id":32066,"date":"2020-11-22T20:55:09","date_gmt":"2020-11-22T19:55:09","guid":{"rendered":"https:\/\/soundrums-france.com\/?post_type=product&#038;p=32066"},"modified":"2024-12-10T15:19:59","modified_gmt":"2024-12-10T14:19:59","slug":"caisse-claire-laiton-smb-sound-mastery-brass-14x65","status":"publish","type":"product","link":"https:\/\/soundrums-france.com\/index.php\/produit\/caisse-claire-laiton-smb-sound-mastery-brass-14x65\/","title":{"rendered":"Caisse-claire Laiton SMB  \u00ab\u00a0Sound Mastery Brass\u00a0\u00bb &#8211; 14\u2033x 6,5\u2033"},"content":{"rendered":"<p>Notre caisse-claire \u00ab\u00a0Sound Mastery Brass\u00a0\u00bb offre un caract\u00e8re unique. Son f\u00fbt en laiton martel\u00e9 absorbe les vibrations excessives pour restituer un son chaud et rond.<\/p>\n<p>Tr\u00e8s agr\u00e9able \u00e0 jouer, cette caisse-claire vous offrira beaucoup de plaisir et vous accompagnera dans votre univers artistique dans tous les styles musicaux et avec une personnalit\u00e9 in\u00e9galable. Les fr\u00e9quences basses bien pr\u00e9sentes offriront du \u00ab\u00a0corps\u00a0\u00bb au son et de la clart\u00e9 dans les aigus ainsi qu&rsquo;une belle pr\u00e9cision. Sa finition bleu nuit m\u00e9tallis\u00e9e et ses coquilles tubulaires chrom\u00e9es offrent un visuel magnifique. Munie d&rsquo;un d\u00e9clencheur Trick tri-positions tr\u00e8s pr\u00e9cis, d&rsquo;un timbre carbone avec spirales int\u00e9rieures ajustables pour plus de sensibilit\u00e9 et de pr\u00e9cision, de cercles ind\u00e9pendants double flange et d&rsquo;une peau Remo Renaissance, il est impossible de douter de son efficacit\u00e9. A essayer de toute urgence !<\/p>\n","protected":false},"excerpt":{"rendered":"<p>F\u00fbt Laiton martel\u00e9 14&Prime; x 6,5&Prime; \u00e9paisseur 1.4mm avec renfort central<br \/>\nFinition bleu nuit m\u00e9tallis\u00e9e<br \/>\n10 tirants &#8211; Coquilles tubulaires chrom\u00e9es<br \/>\nCercles ind\u00e9pendants double flange avec fixation tirants par crochet<br \/>\nD\u00e9clencheur tri-positions<br \/>\nTimbre carbone avec spirales int\u00e9rieures ajustables (24 Spirales)<br \/>\nPeau Remo Renaissance<\/p>\n","protected":false},"featured_media":31776,"comment_status":"open","ping_status":"closed","template":"","meta":{"_uag_custom_page_level_css":"","site-sidebar-layout":"default","site-content-layout":"default","ast-global-header-display":"","ast-banner-title-visibility":"","ast-main-header-display":"","ast-hfb-above-header-display":"","ast-hfb-below-header-display":"","ast-hfb-mobile-header-display":"","site-post-title":"","ast-breadcrumbs-content":"","ast-featured-img":"","footer-sml-layout":"","theme-transparent-header-meta":"","adv-header-id-meta":"","stick-header-meta":"","header-above-stick-meta":"","header-main-stick-meta":"","header-below-stick-meta":""},"product_cat":[186,192],"product_tag":[],"class_list":{"0":"post-32066","1":"product","2":"type-product","3":"status-publish","4":"has-post-thumbnail","6":"product_cat-instruments","7":"product_cat-caisses_claires","8":"desktop-align-left","9":"tablet-align-left","10":"mobile-align-left","12":"first","13":"instock","14":"sale","15":"taxable","16":"shipping-taxable","17":"purchasable","18":"product-type-simple"},"yoast_head":"<!-- This site is optimized with the Yoast SEO plugin v24.1 - https:\/\/yoast.com\/wordpress\/plugins\/seo\/ -->\n<title>Caisse-claire Laiton SMB &quot;Sound Mastery Brass&quot; - 14\u2033x 6,5\u2033 - Soundrums<\/title>\n<meta name=\"description\" content=\"Venez d\u00e9couvrir notre Caisse-claire Laiton SMB &quot;Sound Mastery Brass&quot; - 14\u2033x 6,5\u2033 haute de gamme.\" \/>\n<meta name=\"robots\" content=\"index, follow, max-snippet:-1, max-image-preview:large, max-video-preview:-1\" \/>\n<link rel=\"canonical\" href=\"https:\/\/soundrums-france.com\/index.php\/produit\/caisse-claire-laiton-smb-sound-mastery-brass-14x65\/\" \/>\n<meta property=\"og:locale\" content=\"fr_FR\" \/>\n<meta property=\"og:type\" content=\"article\" \/>\n<meta property=\"og:title\" content=\"Caisse-claire Laiton SMB &quot;Sound Mastery Brass&quot; - 14\u2033x 6,5\u2033 - Soundrums\" \/>\n<meta property=\"og:description\" content=\"Venez d\u00e9couvrir notre Caisse-claire Laiton SMB &quot;Sound Mastery Brass&quot; - 14\u2033x 6,5\u2033 haute de gamme.\" \/>\n<meta property=\"og:url\" content=\"https:\/\/soundrums-france.com\/index.php\/produit\/caisse-claire-laiton-smb-sound-mastery-brass-14x65\/\" \/>\n<meta property=\"og:site_name\" content=\"Soundrums\" \/>\n<meta property=\"article:publisher\" content=\"https:\/\/www.facebook.com\/soundrums\/\" \/>\n<meta property=\"article:modified_time\" content=\"2024-12-10T14:19:59+00:00\" \/>\n<meta property=\"og:image\" content=\"https:\/\/soundrums-france.com\/wp-content\/uploads\/2020\/11\/CCL-SMB-Laiton16-scaled.jpg\" \/>\n\t<meta property=\"og:image:width\" content=\"2560\" \/>\n\t<meta property=\"og:image:height\" content=\"1711\" \/>\n\t<meta property=\"og:image:type\" content=\"image\/jpeg\" \/>\n<meta name=\"twitter:card\" content=\"summary_large_image\" \/>\n<meta name=\"twitter:label1\" content=\"Dur\u00e9e de lecture estim\u00e9e\" \/>\n\t<meta name=\"twitter:data1\" content=\"1 minute\" \/>\n<script type=\"application\/ld+json\" class=\"yoast-schema-graph\">{\"@context\":\"https:\/\/schema.org\",\"@graph\":[{\"@type\":\"WebPage\",\"@id\":\"https:\/\/soundrums-france.com\/index.php\/produit\/caisse-claire-laiton-smb-sound-mastery-brass-14x65\/\",\"url\":\"https:\/\/soundrums-france.com\/index.php\/produit\/caisse-claire-laiton-smb-sound-mastery-brass-14x65\/\",\"name\":\"Caisse-claire Laiton SMB \\\"Sound Mastery Brass\\\" - 14\u2033x 6,5\u2033 - Soundrums\",\"isPartOf\":{\"@id\":\"https:\/\/soundrums-france.com\/#website\"},\"primaryImageOfPage\":{\"@id\":\"https:\/\/soundrums-france.com\/index.php\/produit\/caisse-claire-laiton-smb-sound-mastery-brass-14x65\/#primaryimage\"},\"image\":{\"@id\":\"https:\/\/soundrums-france.com\/index.php\/produit\/caisse-claire-laiton-smb-sound-mastery-brass-14x65\/#primaryimage\"},\"thumbnailUrl\":\"https:\/\/soundrums-france.com\/wp-content\/uploads\/2020\/11\/CCL-SMB-Laiton16-scaled.webp\",\"datePublished\":\"2020-11-22T19:55:09+00:00\",\"dateModified\":\"2024-12-10T14:19:59+00:00\",\"description\":\"Venez d\u00e9couvrir notre Caisse-claire Laiton SMB \\\"Sound Mastery Brass\\\" - 14\u2033x 6,5\u2033 haute de gamme.\",\"breadcrumb\":{\"@id\":\"https:\/\/soundrums-france.com\/index.php\/produit\/caisse-claire-laiton-smb-sound-mastery-brass-14x65\/#breadcrumb\"},\"inLanguage\":\"fr-FR\",\"potentialAction\":[{\"@type\":\"ReadAction\",\"target\":[\"https:\/\/soundrums-france.com\/index.php\/produit\/caisse-claire-laiton-smb-sound-mastery-brass-14x65\/\"]}]},{\"@type\":\"ImageObject\",\"inLanguage\":\"fr-FR\",\"@id\":\"https:\/\/soundrums-france.com\/index.php\/produit\/caisse-claire-laiton-smb-sound-mastery-brass-14x65\/#primaryimage\",\"url\":\"https:\/\/soundrums-france.com\/wp-content\/uploads\/2020\/11\/CCL-SMB-Laiton16-scaled.webp\",\"contentUrl\":\"https:\/\/soundrums-france.com\/wp-content\/uploads\/2020\/11\/CCL-SMB-Laiton16-scaled.webp\",\"width\":1920,\"height\":1283,\"caption\":\"Caisse-claire Laiton SMB \u00ab Sound Mastery Brass \u00bb \u2013 14\u2033x 6,5\u2033 Soundrums\"},{\"@type\":\"BreadcrumbList\",\"@id\":\"https:\/\/soundrums-france.com\/index.php\/produit\/caisse-claire-laiton-smb-sound-mastery-brass-14x65\/#breadcrumb\",\"itemListElement\":[{\"@type\":\"ListItem\",\"position\":1,\"name\":\"Accueil\",\"item\":\"https:\/\/soundrums-france.com\/\"},{\"@type\":\"ListItem\",\"position\":2,\"name\":\"Des produits\",\"item\":\"https:\/\/soundrums-france.com\/index.php\/shop\/\"},{\"@type\":\"ListItem\",\"position\":3,\"name\":\"Caisse-claire Laiton SMB \u00ab\u00a0Sound Mastery Brass\u00a0\u00bb &#8211; 14\u2033x 6,5\u2033\"}]},{\"@type\":\"WebSite\",\"@id\":\"https:\/\/soundrums-france.com\/#website\",\"url\":\"https:\/\/soundrums-france.com\/\",\"name\":\"Soundrums\",\"description\":\"Manufacture Fran\u00e7aise de tambours\",\"publisher\":{\"@id\":\"https:\/\/soundrums-france.com\/#organization\"},\"potentialAction\":[{\"@type\":\"SearchAction\",\"target\":{\"@type\":\"EntryPoint\",\"urlTemplate\":\"https:\/\/soundrums-france.com\/?s={search_term_string}\"},\"query-input\":{\"@type\":\"PropertyValueSpecification\",\"valueRequired\":true,\"valueName\":\"search_term_string\"}}],\"inLanguage\":\"fr-FR\"},{\"@type\":\"Organization\",\"@id\":\"https:\/\/soundrums-france.com\/#organization\",\"name\":\"Soundrums-france\",\"url\":\"https:\/\/soundrums-france.com\/\",\"logo\":{\"@type\":\"ImageObject\",\"inLanguage\":\"fr-FR\",\"@id\":\"https:\/\/soundrums-france.com\/#\/schema\/logo\/image\/\",\"url\":\"https:\/\/soundrums-france.com\/wp-content\/uploads\/2020\/10\/LogoSD_HD.jpg\",\"contentUrl\":\"https:\/\/soundrums-france.com\/wp-content\/uploads\/2020\/10\/LogoSD_HD.jpg\",\"width\":1280,\"height\":930,\"caption\":\"Soundrums-france\"},\"image\":{\"@id\":\"https:\/\/soundrums-france.com\/#\/schema\/logo\/image\/\"},\"sameAs\":[\"https:\/\/www.facebook.com\/soundrums\/\",\"https:\/\/www.youtube.com\/channel\/UC4S_W_0ZCdUFH3Y9xkv5bEw\"]}]}<\/script>\n<!-- \/ Yoast SEO plugin. -->","yoast_head_json":{"title":"Caisse-claire Laiton SMB \"Sound Mastery Brass\" - 14\u2033x 6,5\u2033 - Soundrums","description":"Venez d\u00e9couvrir notre Caisse-claire Laiton SMB \"Sound Mastery Brass\" - 14\u2033x 6,5\u2033 haute de gamme.","robots":{"index":"index","follow":"follow","max-snippet":"max-snippet:-1","max-image-preview":"max-image-preview:large","max-video-preview":"max-video-preview:-1"},"canonical":"https:\/\/soundrums-france.com\/index.php\/produit\/caisse-claire-laiton-smb-sound-mastery-brass-14x65\/","og_locale":"fr_FR","og_type":"article","og_title":"Caisse-claire Laiton SMB \"Sound Mastery Brass\" - 14\u2033x 6,5\u2033 - Soundrums","og_description":"Venez d\u00e9couvrir notre Caisse-claire Laiton SMB \"Sound Mastery Brass\" - 14\u2033x 6,5\u2033 haute de gamme.","og_url":"https:\/\/soundrums-france.com\/index.php\/produit\/caisse-claire-laiton-smb-sound-mastery-brass-14x65\/","og_site_name":"Soundrums","article_publisher":"https:\/\/www.facebook.com\/soundrums\/","article_modified_time":"2024-12-10T14:19:59+00:00","og_image":[{"width":2560,"height":1711,"url":"https:\/\/soundrums-france.com\/wp-content\/uploads\/2020\/11\/CCL-SMB-Laiton16-scaled.jpg","type":"image\/jpeg"}],"twitter_card":"summary_large_image","twitter_misc":{"Dur\u00e9e de lecture estim\u00e9e":"1 minute"},"schema":{"@context":"https:\/\/schema.org","@graph":[{"@type":"WebPage","@id":"https:\/\/soundrums-france.com\/index.php\/produit\/caisse-claire-laiton-smb-sound-mastery-brass-14x65\/","url":"https:\/\/soundrums-france.com\/index.php\/produit\/caisse-claire-laiton-smb-sound-mastery-brass-14x65\/","name":"Caisse-claire Laiton SMB \"Sound Mastery Brass\" - 14\u2033x 6,5\u2033 - Soundrums","isPartOf":{"@id":"https:\/\/soundrums-france.com\/#website"},"primaryImageOfPage":{"@id":"https:\/\/soundrums-france.com\/index.php\/produit\/caisse-claire-laiton-smb-sound-mastery-brass-14x65\/#primaryimage"},"image":{"@id":"https:\/\/soundrums-france.com\/index.php\/produit\/caisse-claire-laiton-smb-sound-mastery-brass-14x65\/#primaryimage"},"thumbnailUrl":"https:\/\/soundrums-france.com\/wp-content\/uploads\/2020\/11\/CCL-SMB-Laiton16-scaled.webp","datePublished":"2020-11-22T19:55:09+00:00","dateModified":"2024-12-10T14:19:59+00:00","description":"Venez d\u00e9couvrir notre Caisse-claire Laiton SMB \"Sound Mastery Brass\" - 14\u2033x 6,5\u2033 haute de gamme.","breadcrumb":{"@id":"https:\/\/soundrums-france.com\/index.php\/produit\/caisse-claire-laiton-smb-sound-mastery-brass-14x65\/#breadcrumb"},"inLanguage":"fr-FR","potentialAction":[{"@type":"ReadAction","target":["https:\/\/soundrums-france.com\/index.php\/produit\/caisse-claire-laiton-smb-sound-mastery-brass-14x65\/"]}]},{"@type":"ImageObject","inLanguage":"fr-FR","@id":"https:\/\/soundrums-france.com\/index.php\/produit\/caisse-claire-laiton-smb-sound-mastery-brass-14x65\/#primaryimage","url":"https:\/\/soundrums-france.com\/wp-content\/uploads\/2020\/11\/CCL-SMB-Laiton16-scaled.webp","contentUrl":"https:\/\/soundrums-france.com\/wp-content\/uploads\/2020\/11\/CCL-SMB-Laiton16-scaled.webp","width":1920,"height":1283,"caption":"Caisse-claire Laiton SMB \u00ab Sound Mastery Brass \u00bb \u2013 14\u2033x 6,5\u2033 Soundrums"},{"@type":"BreadcrumbList","@id":"https:\/\/soundrums-france.com\/index.php\/produit\/caisse-claire-laiton-smb-sound-mastery-brass-14x65\/#breadcrumb","itemListElement":[{"@type":"ListItem","position":1,"name":"Accueil","item":"https:\/\/soundrums-france.com\/"},{"@type":"ListItem","position":2,"name":"Des produits","item":"https:\/\/soundrums-france.com\/index.php\/shop\/"},{"@type":"ListItem","position":3,"name":"Caisse-claire Laiton SMB \u00ab\u00a0Sound Mastery Brass\u00a0\u00bb &#8211; 14\u2033x 6,5\u2033"}]},{"@type":"WebSite","@id":"https:\/\/soundrums-france.com\/#website","url":"https:\/\/soundrums-france.com\/","name":"Soundrums","description":"Manufacture Fran\u00e7aise de tambours","publisher":{"@id":"https:\/\/soundrums-france.com\/#organization"},"potentialAction":[{"@type":"SearchAction","target":{"@type":"EntryPoint","urlTemplate":"https:\/\/soundrums-france.com\/?s={search_term_string}"},"query-input":{"@type":"PropertyValueSpecification","valueRequired":true,"valueName":"search_term_string"}}],"inLanguage":"fr-FR"},{"@type":"Organization","@id":"https:\/\/soundrums-france.com\/#organization","name":"Soundrums-france","url":"https:\/\/soundrums-france.com\/","logo":{"@type":"ImageObject","inLanguage":"fr-FR","@id":"https:\/\/soundrums-france.com\/#\/schema\/logo\/image\/","url":"https:\/\/soundrums-france.com\/wp-content\/uploads\/2020\/10\/LogoSD_HD.jpg","contentUrl":"https:\/\/soundrums-france.com\/wp-content\/uploads\/2020\/10\/LogoSD_HD.jpg","width":1280,"height":930,"caption":"Soundrums-france"},"image":{"@id":"https:\/\/soundrums-france.com\/#\/schema\/logo\/image\/"},"sameAs":["https:\/\/www.facebook.com\/soundrums\/","https:\/\/www.youtube.com\/channel\/UC4S_W_0ZCdUFH3Y9xkv5bEw"]}]}},"uagb_featured_image_src":{"full":["https:\/\/soundrums-france.com\/wp-content\/uploads\/2020\/11\/CCL-SMB-Laiton16-scaled.webp",1920,1283,false],"thumbnail":["https:\/\/soundrums-france.com\/wp-content\/uploads\/2020\/11\/CCL-SMB-Laiton16-150x150.jpg",150,150,true],"medium":["https:\/\/soundrums-france.com\/wp-content\/uploads\/2020\/11\/CCL-SMB-Laiton16-300x200.jpg",300,200,true],"medium_large":["https:\/\/soundrums-france.com\/wp-content\/uploads\/2020\/11\/CCL-SMB-Laiton16-768x513.jpg",768,513,true],"large":["https:\/\/soundrums-france.com\/wp-content\/uploads\/2020\/11\/CCL-SMB-Laiton16-1024x684.jpg",1024,684,true],"1536x1536":["https:\/\/soundrums-france.com\/wp-content\/uploads\/2020\/11\/CCL-SMB-Laiton16-1536x1026.jpg",1536,1026,true],"2048x2048":["https:\/\/soundrums-france.com\/wp-content\/uploads\/2020\/11\/CCL-SMB-Laiton16-2048x1369.jpg",2048,1369,true],"woocommerce_thumbnail":["https:\/\/soundrums-france.com\/wp-content\/uploads\/2020\/11\/CCL-SMB-Laiton16-300x300.jpg",300,300,true],"woocommerce_single":["https:\/\/soundrums-france.com\/wp-content\/uploads\/2020\/11\/CCL-SMB-Laiton16-600x401.jpg",600,401,true],"woocommerce_gallery_thumbnail":["https:\/\/soundrums-france.com\/wp-content\/uploads\/2020\/11\/CCL-SMB-Laiton16-100x100.jpg",100,100,true]},"uagb_author_info":{"display_name":"Emmanuel JAY","author_link":"https:\/\/soundrums-france.com\/index.php\/author\/"},"uagb_comment_info":0,"uagb_excerpt":"F\u00fbt Laiton martel\u00e9 14\" x 6,5\" \u00e9paisseur 1.4mm avec renfort central Finition bleu nuit m\u00e9tallis\u00e9e 10 tirants - Coquilles tubulaires chrom\u00e9es Cercles ind\u00e9pendants double flange avec fixation tirants par crochet D\u00e9clencheur tri-positions Timbre carbone avec spirales int\u00e9rieures ajustables (24 Spirales) Peau Remo Renaissance","wcpa_form_fields":null,"_links":{"self":[{"href":"https:\/\/soundrums-france.com\/index.php\/wp-json\/wp\/v2\/product\/32066","targetHints":{"allow":["GET"]}}],"collection":[{"href":"https:\/\/soundrums-france.com\/index.php\/wp-json\/wp\/v2\/product"}],"about":[{"href":"https:\/\/soundrums-france.com\/index.php\/wp-json\/wp\/v2\/types\/product"}],"replies":[{"embeddable":true,"href":"https:\/\/soundrums-france.com\/index.php\/wp-json\/wp\/v2\/comments?post=32066"}],"version-history":[{"count":0,"href":"https:\/\/soundrums-france.com\/index.php\/wp-json\/wp\/v2\/product\/32066\/revisions"}],"wp:featuredmedia":[{"embeddable":true,"href":"https:\/\/soundrums-france.com\/index.php\/wp-json\/wp\/v2\/media\/31776"}],"wp:attachment":[{"href":"https:\/\/soundrums-france.com\/index.php\/wp-json\/wp\/v2\/media?parent=32066"}],"wp:term":[{"taxonomy":"product_cat","embeddable":true,"href":"https:\/\/soundrums-france.com\/index.php\/wp-json\/wp\/v2\/product_cat?post=32066"},{"taxonomy":"product_tag","embeddable":true,"href":"https:\/\/soundrums-france.com\/index.php\/wp-json\/wp\/v2\/product_tag?post=32066"}],"curies":[{"name":"wp","href":"https:\/\/api.w.org\/{rel}","templated":true}]}}