{"id":32069,"date":"2020-11-22T21:02:35","date_gmt":"2020-11-22T20:02:35","guid":{"rendered":"https:\/\/soundrums-france.com\/?post_type=product&#038;p=32069"},"modified":"2024-12-10T15:20:47","modified_gmt":"2024-12-10T14:20:47","slug":"caisse-claire-chataignier-swc-sound-wide-chestnut-14x-6","status":"publish","type":"product","link":"https:\/\/soundrums-france.com\/index.php\/produit\/caisse-claire-chataignier-swc-sound-wide-chestnut-14x-6\/","title":{"rendered":"Caisse-claire Ch\u00e2taignier SWC \u00ab\u00a0Sound Wide Chestnut\u00a0\u00bb &#8211; 14&Prime;x6&Prime;"},"content":{"rendered":"<p>Notre caisse-claire \u00ab\u00a0Sound Wide Chestnut\u00a0\u00bb vous apporte un son plus chaud que l&rsquo;\u00e9rable mais aussi des basses plus pr\u00e9sentes. Vous serez surpris par sa rondeur et ses belles dynamiques.<\/p>\n<p>Les cercles moul\u00e9s de cette caisse-claire offrent un son tr\u00e8s net. L\u2019attaque est tr\u00e8s pr\u00e9cise et tr\u00e8s claire ce qui rend cette caisse-claire tr\u00e8s polyvalente. Sa finition soign\u00e9e laisse transpara\u00eetre le bois et ses coquilles tubulaires chrom\u00e9es lui offre un style classique \u00e9pur\u00e9.<\/p>\n<p>Munie d&rsquo;un d\u00e9clencheur Trick tri-positions tr\u00e8s pr\u00e9cis, d&rsquo;un timbre carbone et d&rsquo;une peau Remo, cette caisse-claire vous suivra dans votre univers o\u00f9 que vous alliez !<\/p>\n","protected":false},"excerpt":{"rendered":"<p>F\u00fbt ch\u00e2taignier 14&Prime; x 6&Prime;<br \/>\nFinition bois vernis<br \/>\n10 tirants &#8211; Coquilles tubulaires chrom\u00e9es<br \/>\nD\u00e9clencheur tri-positions<br \/>\nTimbre carbone<br \/>\nCercles moul\u00e9s<br \/>\nPeau Remo Renaissance ou Ambassador<\/p>\n","protected":false},"featured_media":32782,"comment_status":"open","ping_status":"closed","template":"","meta":{"_uag_custom_page_level_css":"","site-sidebar-layout":"default","site-content-layout":"default","ast-global-header-display":"","ast-banner-title-visibility":"","ast-main-header-display":"","ast-hfb-above-header-display":"","ast-hfb-below-header-display":"","ast-hfb-mobile-header-display":"","site-post-title":"","ast-breadcrumbs-content":"","ast-featured-img":"","footer-sml-layout":"","theme-transparent-header-meta":"","adv-header-id-meta":"","stick-header-meta":"","header-above-stick-meta":"","header-main-stick-meta":"","header-below-stick-meta":""},"product_cat":[186,192],"product_tag":[],"class_list":{"0":"post-32069","1":"product","2":"type-product","3":"status-publish","4":"has-post-thumbnail","6":"product_cat-instruments","7":"product_cat-caisses_claires","8":"desktop-align-left","9":"tablet-align-left","10":"mobile-align-left","12":"first","13":"instock","14":"taxable","15":"shipping-taxable","16":"purchasable","17":"product-type-simple"},"yoast_head":"<!-- This site is optimized with the Yoast SEO plugin v24.1 - https:\/\/yoast.com\/wordpress\/plugins\/seo\/ -->\n<title>Caisse-claire Ch\u00e2taignier SWC &quot;Sound Wide Chestnut&quot; - 14&quot;x6&quot; - Soundrums<\/title>\n<meta name=\"description\" content=\"Venez d\u00e9couvrir notre Caisse-claire Ch\u00e2taignier SWC &quot;Sound Wide Chestnut&quot; - 14&quot;x6&quot; haute de gamme.\" \/>\n<meta name=\"robots\" content=\"index, follow, max-snippet:-1, max-image-preview:large, max-video-preview:-1\" \/>\n<link rel=\"canonical\" href=\"https:\/\/soundrums-france.com\/index.php\/produit\/caisse-claire-chataignier-swc-sound-wide-chestnut-14x-6\/\" \/>\n<meta property=\"og:locale\" content=\"fr_FR\" \/>\n<meta property=\"og:type\" content=\"article\" \/>\n<meta property=\"og:title\" content=\"Caisse-claire Ch\u00e2taignier SWC &quot;Sound Wide Chestnut&quot; - 14&quot;x6&quot; - Soundrums\" \/>\n<meta property=\"og:description\" content=\"Venez d\u00e9couvrir notre Caisse-claire Ch\u00e2taignier SWC &quot;Sound Wide Chestnut&quot; - 14&quot;x6&quot; haute de gamme.\" \/>\n<meta property=\"og:url\" content=\"https:\/\/soundrums-france.com\/index.php\/produit\/caisse-claire-chataignier-swc-sound-wide-chestnut-14x-6\/\" \/>\n<meta property=\"og:site_name\" content=\"Soundrums\" \/>\n<meta property=\"article:publisher\" content=\"https:\/\/www.facebook.com\/soundrums\/\" \/>\n<meta property=\"article:modified_time\" content=\"2024-12-10T14:20:47+00:00\" \/>\n<meta property=\"og:image\" content=\"https:\/\/soundrums-france.com\/wp-content\/uploads\/2020\/11\/Caisse-claire-Chataignier-SWC-Sound-Wide-Chestnut-14x6-03.jpg\" \/>\n\t<meta property=\"og:image:width\" content=\"1666\" \/>\n\t<meta property=\"og:image:height\" content=\"1666\" \/>\n\t<meta property=\"og:image:type\" content=\"image\/jpeg\" \/>\n<meta name=\"twitter:card\" content=\"summary_large_image\" \/>\n<meta name=\"twitter:label1\" content=\"Dur\u00e9e de lecture estim\u00e9e\" \/>\n\t<meta name=\"twitter:data1\" content=\"1 minute\" \/>\n<script type=\"application\/ld+json\" class=\"yoast-schema-graph\">{\"@context\":\"https:\/\/schema.org\",\"@graph\":[{\"@type\":\"WebPage\",\"@id\":\"https:\/\/soundrums-france.com\/index.php\/produit\/caisse-claire-chataignier-swc-sound-wide-chestnut-14x-6\/\",\"url\":\"https:\/\/soundrums-france.com\/index.php\/produit\/caisse-claire-chataignier-swc-sound-wide-chestnut-14x-6\/\",\"name\":\"Caisse-claire Ch\u00e2taignier SWC \\\"Sound Wide Chestnut\\\" - 14\\\"x6\\\" - Soundrums\",\"isPartOf\":{\"@id\":\"https:\/\/soundrums-france.com\/#website\"},\"primaryImageOfPage\":{\"@id\":\"https:\/\/soundrums-france.com\/index.php\/produit\/caisse-claire-chataignier-swc-sound-wide-chestnut-14x-6\/#primaryimage\"},\"image\":{\"@id\":\"https:\/\/soundrums-france.com\/index.php\/produit\/caisse-claire-chataignier-swc-sound-wide-chestnut-14x-6\/#primaryimage\"},\"thumbnailUrl\":\"https:\/\/soundrums-france.com\/wp-content\/uploads\/2020\/11\/Caisse-claire-Chataignier-SWC-Sound-Wide-Chestnut-14x6-03.webp\",\"datePublished\":\"2020-11-22T20:02:35+00:00\",\"dateModified\":\"2024-12-10T14:20:47+00:00\",\"description\":\"Venez d\u00e9couvrir notre Caisse-claire Ch\u00e2taignier SWC \\\"Sound Wide Chestnut\\\" - 14\\\"x6\\\" haute de gamme.\",\"breadcrumb\":{\"@id\":\"https:\/\/soundrums-france.com\/index.php\/produit\/caisse-claire-chataignier-swc-sound-wide-chestnut-14x-6\/#breadcrumb\"},\"inLanguage\":\"fr-FR\",\"potentialAction\":[{\"@type\":\"ReadAction\",\"target\":[\"https:\/\/soundrums-france.com\/index.php\/produit\/caisse-claire-chataignier-swc-sound-wide-chestnut-14x-6\/\"]}]},{\"@type\":\"ImageObject\",\"inLanguage\":\"fr-FR\",\"@id\":\"https:\/\/soundrums-france.com\/index.php\/produit\/caisse-claire-chataignier-swc-sound-wide-chestnut-14x-6\/#primaryimage\",\"url\":\"https:\/\/soundrums-france.com\/wp-content\/uploads\/2020\/11\/Caisse-claire-Chataignier-SWC-Sound-Wide-Chestnut-14x6-03.webp\",\"contentUrl\":\"https:\/\/soundrums-france.com\/wp-content\/uploads\/2020\/11\/Caisse-claire-Chataignier-SWC-Sound-Wide-Chestnut-14x6-03.webp\",\"width\":1666,\"height\":1666,\"caption\":\"Caisse-claire Ch\u00e2taignier SWC \\\"Sound Wide Chestnut\\\" 14X6 Soundrums\"},{\"@type\":\"BreadcrumbList\",\"@id\":\"https:\/\/soundrums-france.com\/index.php\/produit\/caisse-claire-chataignier-swc-sound-wide-chestnut-14x-6\/#breadcrumb\",\"itemListElement\":[{\"@type\":\"ListItem\",\"position\":1,\"name\":\"Accueil\",\"item\":\"https:\/\/soundrums-france.com\/\"},{\"@type\":\"ListItem\",\"position\":2,\"name\":\"Des produits\",\"item\":\"https:\/\/soundrums-france.com\/index.php\/shop\/\"},{\"@type\":\"ListItem\",\"position\":3,\"name\":\"Caisse-claire Ch\u00e2taignier SWC \u00ab\u00a0Sound Wide Chestnut\u00a0\u00bb &#8211; 14&Prime;x6&Prime;\"}]},{\"@type\":\"WebSite\",\"@id\":\"https:\/\/soundrums-france.com\/#website\",\"url\":\"https:\/\/soundrums-france.com\/\",\"name\":\"Soundrums\",\"description\":\"Manufacture Fran\u00e7aise de tambours\",\"publisher\":{\"@id\":\"https:\/\/soundrums-france.com\/#organization\"},\"potentialAction\":[{\"@type\":\"SearchAction\",\"target\":{\"@type\":\"EntryPoint\",\"urlTemplate\":\"https:\/\/soundrums-france.com\/?s={search_term_string}\"},\"query-input\":{\"@type\":\"PropertyValueSpecification\",\"valueRequired\":true,\"valueName\":\"search_term_string\"}}],\"inLanguage\":\"fr-FR\"},{\"@type\":\"Organization\",\"@id\":\"https:\/\/soundrums-france.com\/#organization\",\"name\":\"Soundrums-france\",\"url\":\"https:\/\/soundrums-france.com\/\",\"logo\":{\"@type\":\"ImageObject\",\"inLanguage\":\"fr-FR\",\"@id\":\"https:\/\/soundrums-france.com\/#\/schema\/logo\/image\/\",\"url\":\"https:\/\/soundrums-france.com\/wp-content\/uploads\/2020\/10\/LogoSD_HD.jpg\",\"contentUrl\":\"https:\/\/soundrums-france.com\/wp-content\/uploads\/2020\/10\/LogoSD_HD.jpg\",\"width\":1280,\"height\":930,\"caption\":\"Soundrums-france\"},\"image\":{\"@id\":\"https:\/\/soundrums-france.com\/#\/schema\/logo\/image\/\"},\"sameAs\":[\"https:\/\/www.facebook.com\/soundrums\/\",\"https:\/\/www.youtube.com\/channel\/UC4S_W_0ZCdUFH3Y9xkv5bEw\"]}]}<\/script>\n<!-- \/ Yoast SEO plugin. -->","yoast_head_json":{"title":"Caisse-claire Ch\u00e2taignier SWC \"Sound Wide Chestnut\" - 14\"x6\" - Soundrums","description":"Venez d\u00e9couvrir notre Caisse-claire Ch\u00e2taignier SWC \"Sound Wide Chestnut\" - 14\"x6\" haute de gamme.","robots":{"index":"index","follow":"follow","max-snippet":"max-snippet:-1","max-image-preview":"max-image-preview:large","max-video-preview":"max-video-preview:-1"},"canonical":"https:\/\/soundrums-france.com\/index.php\/produit\/caisse-claire-chataignier-swc-sound-wide-chestnut-14x-6\/","og_locale":"fr_FR","og_type":"article","og_title":"Caisse-claire Ch\u00e2taignier SWC \"Sound Wide Chestnut\" - 14\"x6\" - Soundrums","og_description":"Venez d\u00e9couvrir notre Caisse-claire Ch\u00e2taignier SWC \"Sound Wide Chestnut\" - 14\"x6\" haute de gamme.","og_url":"https:\/\/soundrums-france.com\/index.php\/produit\/caisse-claire-chataignier-swc-sound-wide-chestnut-14x-6\/","og_site_name":"Soundrums","article_publisher":"https:\/\/www.facebook.com\/soundrums\/","article_modified_time":"2024-12-10T14:20:47+00:00","og_image":[{"width":1666,"height":1666,"url":"https:\/\/soundrums-france.com\/wp-content\/uploads\/2020\/11\/Caisse-claire-Chataignier-SWC-Sound-Wide-Chestnut-14x6-03.jpg","type":"image\/jpeg"}],"twitter_card":"summary_large_image","twitter_misc":{"Dur\u00e9e de lecture estim\u00e9e":"1 minute"},"schema":{"@context":"https:\/\/schema.org","@graph":[{"@type":"WebPage","@id":"https:\/\/soundrums-france.com\/index.php\/produit\/caisse-claire-chataignier-swc-sound-wide-chestnut-14x-6\/","url":"https:\/\/soundrums-france.com\/index.php\/produit\/caisse-claire-chataignier-swc-sound-wide-chestnut-14x-6\/","name":"Caisse-claire Ch\u00e2taignier SWC \"Sound Wide Chestnut\" - 14\"x6\" - Soundrums","isPartOf":{"@id":"https:\/\/soundrums-france.com\/#website"},"primaryImageOfPage":{"@id":"https:\/\/soundrums-france.com\/index.php\/produit\/caisse-claire-chataignier-swc-sound-wide-chestnut-14x-6\/#primaryimage"},"image":{"@id":"https:\/\/soundrums-france.com\/index.php\/produit\/caisse-claire-chataignier-swc-sound-wide-chestnut-14x-6\/#primaryimage"},"thumbnailUrl":"https:\/\/soundrums-france.com\/wp-content\/uploads\/2020\/11\/Caisse-claire-Chataignier-SWC-Sound-Wide-Chestnut-14x6-03.webp","datePublished":"2020-11-22T20:02:35+00:00","dateModified":"2024-12-10T14:20:47+00:00","description":"Venez d\u00e9couvrir notre Caisse-claire Ch\u00e2taignier SWC \"Sound Wide Chestnut\" - 14\"x6\" haute de gamme.","breadcrumb":{"@id":"https:\/\/soundrums-france.com\/index.php\/produit\/caisse-claire-chataignier-swc-sound-wide-chestnut-14x-6\/#breadcrumb"},"inLanguage":"fr-FR","potentialAction":[{"@type":"ReadAction","target":["https:\/\/soundrums-france.com\/index.php\/produit\/caisse-claire-chataignier-swc-sound-wide-chestnut-14x-6\/"]}]},{"@type":"ImageObject","inLanguage":"fr-FR","@id":"https:\/\/soundrums-france.com\/index.php\/produit\/caisse-claire-chataignier-swc-sound-wide-chestnut-14x-6\/#primaryimage","url":"https:\/\/soundrums-france.com\/wp-content\/uploads\/2020\/11\/Caisse-claire-Chataignier-SWC-Sound-Wide-Chestnut-14x6-03.webp","contentUrl":"https:\/\/soundrums-france.com\/wp-content\/uploads\/2020\/11\/Caisse-claire-Chataignier-SWC-Sound-Wide-Chestnut-14x6-03.webp","width":1666,"height":1666,"caption":"Caisse-claire Ch\u00e2taignier SWC \"Sound Wide Chestnut\" 14X6 Soundrums"},{"@type":"BreadcrumbList","@id":"https:\/\/soundrums-france.com\/index.php\/produit\/caisse-claire-chataignier-swc-sound-wide-chestnut-14x-6\/#breadcrumb","itemListElement":[{"@type":"ListItem","position":1,"name":"Accueil","item":"https:\/\/soundrums-france.com\/"},{"@type":"ListItem","position":2,"name":"Des produits","item":"https:\/\/soundrums-france.com\/index.php\/shop\/"},{"@type":"ListItem","position":3,"name":"Caisse-claire Ch\u00e2taignier SWC \u00ab\u00a0Sound Wide Chestnut\u00a0\u00bb &#8211; 14&Prime;x6&Prime;"}]},{"@type":"WebSite","@id":"https:\/\/soundrums-france.com\/#website","url":"https:\/\/soundrums-france.com\/","name":"Soundrums","description":"Manufacture Fran\u00e7aise de tambours","publisher":{"@id":"https:\/\/soundrums-france.com\/#organization"},"potentialAction":[{"@type":"SearchAction","target":{"@type":"EntryPoint","urlTemplate":"https:\/\/soundrums-france.com\/?s={search_term_string}"},"query-input":{"@type":"PropertyValueSpecification","valueRequired":true,"valueName":"search_term_string"}}],"inLanguage":"fr-FR"},{"@type":"Organization","@id":"https:\/\/soundrums-france.com\/#organization","name":"Soundrums-france","url":"https:\/\/soundrums-france.com\/","logo":{"@type":"ImageObject","inLanguage":"fr-FR","@id":"https:\/\/soundrums-france.com\/#\/schema\/logo\/image\/","url":"https:\/\/soundrums-france.com\/wp-content\/uploads\/2020\/10\/LogoSD_HD.jpg","contentUrl":"https:\/\/soundrums-france.com\/wp-content\/uploads\/2020\/10\/LogoSD_HD.jpg","width":1280,"height":930,"caption":"Soundrums-france"},"image":{"@id":"https:\/\/soundrums-france.com\/#\/schema\/logo\/image\/"},"sameAs":["https:\/\/www.facebook.com\/soundrums\/","https:\/\/www.youtube.com\/channel\/UC4S_W_0ZCdUFH3Y9xkv5bEw"]}]}},"uagb_featured_image_src":{"full":["https:\/\/soundrums-france.com\/wp-content\/uploads\/2020\/11\/Caisse-claire-Chataignier-SWC-Sound-Wide-Chestnut-14x6-03.webp",1666,1666,false],"thumbnail":["https:\/\/soundrums-france.com\/wp-content\/uploads\/2020\/11\/Caisse-claire-Chataignier-SWC-Sound-Wide-Chestnut-14x6-03-150x150.jpg",150,150,true],"medium":["https:\/\/soundrums-france.com\/wp-content\/uploads\/2020\/11\/Caisse-claire-Chataignier-SWC-Sound-Wide-Chestnut-14x6-03-300x300.jpg",300,300,true],"medium_large":["https:\/\/soundrums-france.com\/wp-content\/uploads\/2020\/11\/Caisse-claire-Chataignier-SWC-Sound-Wide-Chestnut-14x6-03-768x768.jpg",768,768,true],"large":["https:\/\/soundrums-france.com\/wp-content\/uploads\/2020\/11\/Caisse-claire-Chataignier-SWC-Sound-Wide-Chestnut-14x6-03-1024x1024.jpg",1024,1024,true],"1536x1536":["https:\/\/soundrums-france.com\/wp-content\/uploads\/2020\/11\/Caisse-claire-Chataignier-SWC-Sound-Wide-Chestnut-14x6-03-1536x1536.jpg",1536,1536,true],"2048x2048":["https:\/\/soundrums-france.com\/wp-content\/uploads\/2020\/11\/Caisse-claire-Chataignier-SWC-Sound-Wide-Chestnut-14x6-03.webp",1666,1666,false],"woocommerce_thumbnail":["https:\/\/soundrums-france.com\/wp-content\/uploads\/2020\/11\/Caisse-claire-Chataignier-SWC-Sound-Wide-Chestnut-14x6-03-300x300.jpg",300,300,true],"woocommerce_single":["https:\/\/soundrums-france.com\/wp-content\/uploads\/2020\/11\/Caisse-claire-Chataignier-SWC-Sound-Wide-Chestnut-14x6-03-600x600.jpg",600,600,true],"woocommerce_gallery_thumbnail":["https:\/\/soundrums-france.com\/wp-content\/uploads\/2020\/11\/Caisse-claire-Chataignier-SWC-Sound-Wide-Chestnut-14x6-03-100x100.jpg",100,100,true]},"uagb_author_info":{"display_name":"Emmanuel JAY","author_link":"https:\/\/soundrums-france.com\/index.php\/author\/"},"uagb_comment_info":0,"uagb_excerpt":"F\u00fbt ch\u00e2taignier 14\" x 6\" Finition bois vernis 10 tirants - Coquilles tubulaires chrom\u00e9es D\u00e9clencheur tri-positions Timbre carbone Cercles moul\u00e9s Peau Remo Renaissance ou Ambassador","wcpa_form_fields":null,"_links":{"self":[{"href":"https:\/\/soundrums-france.com\/index.php\/wp-json\/wp\/v2\/product\/32069","targetHints":{"allow":["GET"]}}],"collection":[{"href":"https:\/\/soundrums-france.com\/index.php\/wp-json\/wp\/v2\/product"}],"about":[{"href":"https:\/\/soundrums-france.com\/index.php\/wp-json\/wp\/v2\/types\/product"}],"replies":[{"embeddable":true,"href":"https:\/\/soundrums-france.com\/index.php\/wp-json\/wp\/v2\/comments?post=32069"}],"version-history":[{"count":0,"href":"https:\/\/soundrums-france.com\/index.php\/wp-json\/wp\/v2\/product\/32069\/revisions"}],"wp:featuredmedia":[{"embeddable":true,"href":"https:\/\/soundrums-france.com\/index.php\/wp-json\/wp\/v2\/media\/32782"}],"wp:attachment":[{"href":"https:\/\/soundrums-france.com\/index.php\/wp-json\/wp\/v2\/media?parent=32069"}],"wp:term":[{"taxonomy":"product_cat","embeddable":true,"href":"https:\/\/soundrums-france.com\/index.php\/wp-json\/wp\/v2\/product_cat?post=32069"},{"taxonomy":"product_tag","embeddable":true,"href":"https:\/\/soundrums-france.com\/index.php\/wp-json\/wp\/v2\/product_tag?post=32069"}],"curies":[{"name":"wp","href":"https:\/\/api.w.org\/{rel}","templated":true}]}}