{"id":32073,"date":"2020-11-22T21:11:47","date_gmt":"2020-11-22T20:11:47","guid":{"rendered":"https:\/\/soundrums-france.com\/?post_type=product&#038;p=32073"},"modified":"2024-12-10T15:19:38","modified_gmt":"2024-12-10T14:19:38","slug":"caisse-tambour-a-coquille-3-4-modele-ambition","status":"publish","type":"product","link":"https:\/\/soundrums-france.com\/index.php\/produit\/caisse-tambour-a-coquille-3-4-modele-ambition\/","title":{"rendered":"Caisse\/Tambour \u00e0 Coquille 3\/4 mod\u00e8le AMBITION"},"content":{"rendered":"<p>Fabrication artisanale fran\u00e7aise<br \/>\n&#8211; F\u00fbt \u201cWOODENSOUND\u201d<br \/>\n&#8211; Finitions disponibles : Bois vernis, Blanc nacr\u00e9, Noir, Bleu poudr\u00e9, Bleu nuit, Rouge rubis, Vert d\u2019eau et Gris anthracite<br \/>\n&#8211; Diam\u00e8tres 14\u201d (34\/4)<br \/>\n&#8211; Cercles M\u00e9tal<br \/>\n&#8211; 10 Tirants chrom\u00e9s<br \/>\n&#8211; D\u00e9clencheur Premium Chrom\u00e9<br \/>\n&#8211; Timbres boyau ou m\u00e9tallique<br \/>\n&#8211; Peau de frappe REMO\u00ae ou ECANS\u00ae<br \/>\n&#8211; Crochet d\u2019attache INOX \/ CUIR ou fixation pour harnais<\/p>\n<p><strong>D\u00e9lai de fabrication et de livraison environ 5 semaines.<\/strong><\/p>\n","protected":false},"excerpt":{"rendered":"<p>Fabrication artisanale fran\u00e7aise<br \/>\n&#8211; F\u00fbt \u201cWOODENSOUND\u201d<br \/>\n&#8211; Finitions disponibles : Bois vernis, Blanc nacr\u00e9, Noir, Bleu poudr\u00e9, Bleu nuit, Rouge rubis, Vert d\u2019eau et Gris anthracite<br \/>\n&#8211; Diam\u00e8tres 14\u201d (3\/4)<br \/>\n&#8211; Cercles M\u00e9tal<br \/>\n&#8211; 10 Tirants chrom\u00e9s<br \/>\n&#8211; D\u00e9clencheur Premium Chrom\u00e9<br \/>\n&#8211; Timbres boyau ou m\u00e9tallique<br \/>\n&#8211; Peau de frappe REMO\u00ae ou ECANS\u00ae<br \/>\n&#8211; Crochet d\u2019attache INOX \/ CUIR ou fixation pour harnais<\/p>\n<p><strong>D\u00e9lai de fabrication et de livraison environ 5 semaines.<\/strong><\/p>\n","protected":false},"featured_media":32741,"comment_status":"open","ping_status":"closed","template":"","meta":{"_uag_custom_page_level_css":"","site-sidebar-layout":"default","site-content-layout":"default","ast-global-header-display":"","ast-banner-title-visibility":"","ast-main-header-display":"","ast-hfb-above-header-display":"","ast-hfb-below-header-display":"","ast-hfb-mobile-header-display":"","site-post-title":"","ast-breadcrumbs-content":"","ast-featured-img":"","footer-sml-layout":"","theme-transparent-header-meta":"","adv-header-id-meta":"","stick-header-meta":"","header-above-stick-meta":"","header-main-stick-meta":"","header-below-stick-meta":""},"product_cat":[186,191],"product_tag":[],"class_list":{"0":"post-32073","1":"product","2":"type-product","3":"status-publish","4":"has-post-thumbnail","6":"product_cat-instruments","7":"product_cat-tambours_coquilles","8":"product_shipping_class-tambours","9":"desktop-align-left","10":"tablet-align-left","11":"mobile-align-left","12":"wcpa_has_options","14":"first","15":"instock","16":"taxable","17":"shipping-taxable","18":"purchasable","19":"product-type-simple"},"yoast_head":"<!-- This site is optimized with the Yoast SEO plugin v24.1 - https:\/\/yoast.com\/wordpress\/plugins\/seo\/ -->\n<title>Caisse\/Tambour \u00e0 Coquille 3\/4 mod\u00e8le AMBITION - Soundrums<\/title>\n<meta name=\"description\" content=\"Venez d\u00e9couvrir notre Caisse\/Tambour \u00e0 Coquille 3\/4 mod\u00e8le AMBITION haute de gamme.\" \/>\n<meta name=\"robots\" content=\"index, follow, max-snippet:-1, max-image-preview:large, max-video-preview:-1\" \/>\n<link rel=\"canonical\" href=\"https:\/\/soundrums-france.com\/index.php\/produit\/caisse-tambour-a-coquille-3-4-modele-ambition\/\" \/>\n<meta property=\"og:locale\" content=\"fr_FR\" \/>\n<meta property=\"og:type\" content=\"article\" \/>\n<meta property=\"og:title\" content=\"Caisse\/Tambour \u00e0 Coquille 3\/4 mod\u00e8le AMBITION - Soundrums\" \/>\n<meta property=\"og:description\" content=\"Venez d\u00e9couvrir notre Caisse\/Tambour \u00e0 Coquille 3\/4 mod\u00e8le AMBITION haute de gamme.\" \/>\n<meta property=\"og:url\" content=\"https:\/\/soundrums-france.com\/index.php\/produit\/caisse-tambour-a-coquille-3-4-modele-ambition\/\" \/>\n<meta property=\"og:site_name\" content=\"Soundrums\" \/>\n<meta property=\"article:publisher\" content=\"https:\/\/www.facebook.com\/soundrums\/\" \/>\n<meta property=\"article:modified_time\" content=\"2024-12-10T14:19:38+00:00\" \/>\n<meta property=\"og:image\" content=\"https:\/\/soundrums-france.com\/wp-content\/uploads\/2020\/11\/Coquille-ambition14.jpg\" \/>\n\t<meta property=\"og:image:width\" content=\"1626\" \/>\n\t<meta property=\"og:image:height\" content=\"1626\" \/>\n\t<meta property=\"og:image:type\" content=\"image\/jpeg\" \/>\n<meta name=\"twitter:card\" content=\"summary_large_image\" \/>\n<meta name=\"twitter:label1\" content=\"Dur\u00e9e de lecture estim\u00e9e\" \/>\n\t<meta name=\"twitter:data1\" content=\"1 minute\" \/>\n<script type=\"application\/ld+json\" class=\"yoast-schema-graph\">{\"@context\":\"https:\/\/schema.org\",\"@graph\":[{\"@type\":\"WebPage\",\"@id\":\"https:\/\/soundrums-france.com\/index.php\/produit\/caisse-tambour-a-coquille-3-4-modele-ambition\/\",\"url\":\"https:\/\/soundrums-france.com\/index.php\/produit\/caisse-tambour-a-coquille-3-4-modele-ambition\/\",\"name\":\"Caisse\/Tambour \u00e0 Coquille 3\/4 mod\u00e8le AMBITION - Soundrums\",\"isPartOf\":{\"@id\":\"https:\/\/soundrums-france.com\/#website\"},\"primaryImageOfPage\":{\"@id\":\"https:\/\/soundrums-france.com\/index.php\/produit\/caisse-tambour-a-coquille-3-4-modele-ambition\/#primaryimage\"},\"image\":{\"@id\":\"https:\/\/soundrums-france.com\/index.php\/produit\/caisse-tambour-a-coquille-3-4-modele-ambition\/#primaryimage\"},\"thumbnailUrl\":\"https:\/\/soundrums-france.com\/wp-content\/uploads\/2020\/11\/Coquille-ambition14.webp\",\"datePublished\":\"2020-11-22T20:11:47+00:00\",\"dateModified\":\"2024-12-10T14:19:38+00:00\",\"description\":\"Venez d\u00e9couvrir notre Caisse\/Tambour \u00e0 Coquille 3\/4 mod\u00e8le AMBITION haute de gamme.\",\"breadcrumb\":{\"@id\":\"https:\/\/soundrums-france.com\/index.php\/produit\/caisse-tambour-a-coquille-3-4-modele-ambition\/#breadcrumb\"},\"inLanguage\":\"fr-FR\",\"potentialAction\":[{\"@type\":\"ReadAction\",\"target\":[\"https:\/\/soundrums-france.com\/index.php\/produit\/caisse-tambour-a-coquille-3-4-modele-ambition\/\"]}]},{\"@type\":\"ImageObject\",\"inLanguage\":\"fr-FR\",\"@id\":\"https:\/\/soundrums-france.com\/index.php\/produit\/caisse-tambour-a-coquille-3-4-modele-ambition\/#primaryimage\",\"url\":\"https:\/\/soundrums-france.com\/wp-content\/uploads\/2020\/11\/Coquille-ambition14.webp\",\"contentUrl\":\"https:\/\/soundrums-france.com\/wp-content\/uploads\/2020\/11\/Coquille-ambition14.webp\",\"width\":1626,\"height\":1626,\"caption\":\"Tambour \u00e0 Coquille - Ambition - Soundrums\"},{\"@type\":\"BreadcrumbList\",\"@id\":\"https:\/\/soundrums-france.com\/index.php\/produit\/caisse-tambour-a-coquille-3-4-modele-ambition\/#breadcrumb\",\"itemListElement\":[{\"@type\":\"ListItem\",\"position\":1,\"name\":\"Accueil\",\"item\":\"https:\/\/soundrums-france.com\/\"},{\"@type\":\"ListItem\",\"position\":2,\"name\":\"Des produits\",\"item\":\"https:\/\/soundrums-france.com\/index.php\/shop\/\"},{\"@type\":\"ListItem\",\"position\":3,\"name\":\"Caisse\/Tambour \u00e0 Coquille 3\/4 mod\u00e8le AMBITION\"}]},{\"@type\":\"WebSite\",\"@id\":\"https:\/\/soundrums-france.com\/#website\",\"url\":\"https:\/\/soundrums-france.com\/\",\"name\":\"Soundrums\",\"description\":\"Manufacture Fran\u00e7aise de tambours\",\"publisher\":{\"@id\":\"https:\/\/soundrums-france.com\/#organization\"},\"potentialAction\":[{\"@type\":\"SearchAction\",\"target\":{\"@type\":\"EntryPoint\",\"urlTemplate\":\"https:\/\/soundrums-france.com\/?s={search_term_string}\"},\"query-input\":{\"@type\":\"PropertyValueSpecification\",\"valueRequired\":true,\"valueName\":\"search_term_string\"}}],\"inLanguage\":\"fr-FR\"},{\"@type\":\"Organization\",\"@id\":\"https:\/\/soundrums-france.com\/#organization\",\"name\":\"Soundrums-france\",\"url\":\"https:\/\/soundrums-france.com\/\",\"logo\":{\"@type\":\"ImageObject\",\"inLanguage\":\"fr-FR\",\"@id\":\"https:\/\/soundrums-france.com\/#\/schema\/logo\/image\/\",\"url\":\"https:\/\/soundrums-france.com\/wp-content\/uploads\/2020\/10\/LogoSD_HD.jpg\",\"contentUrl\":\"https:\/\/soundrums-france.com\/wp-content\/uploads\/2020\/10\/LogoSD_HD.jpg\",\"width\":1280,\"height\":930,\"caption\":\"Soundrums-france\"},\"image\":{\"@id\":\"https:\/\/soundrums-france.com\/#\/schema\/logo\/image\/\"},\"sameAs\":[\"https:\/\/www.facebook.com\/soundrums\/\",\"https:\/\/www.youtube.com\/channel\/UC4S_W_0ZCdUFH3Y9xkv5bEw\"]}]}<\/script>\n<!-- \/ Yoast SEO plugin. -->","yoast_head_json":{"title":"Caisse\/Tambour \u00e0 Coquille 3\/4 mod\u00e8le AMBITION - Soundrums","description":"Venez d\u00e9couvrir notre Caisse\/Tambour \u00e0 Coquille 3\/4 mod\u00e8le AMBITION haute de gamme.","robots":{"index":"index","follow":"follow","max-snippet":"max-snippet:-1","max-image-preview":"max-image-preview:large","max-video-preview":"max-video-preview:-1"},"canonical":"https:\/\/soundrums-france.com\/index.php\/produit\/caisse-tambour-a-coquille-3-4-modele-ambition\/","og_locale":"fr_FR","og_type":"article","og_title":"Caisse\/Tambour \u00e0 Coquille 3\/4 mod\u00e8le AMBITION - Soundrums","og_description":"Venez d\u00e9couvrir notre Caisse\/Tambour \u00e0 Coquille 3\/4 mod\u00e8le AMBITION haute de gamme.","og_url":"https:\/\/soundrums-france.com\/index.php\/produit\/caisse-tambour-a-coquille-3-4-modele-ambition\/","og_site_name":"Soundrums","article_publisher":"https:\/\/www.facebook.com\/soundrums\/","article_modified_time":"2024-12-10T14:19:38+00:00","og_image":[{"width":1626,"height":1626,"url":"https:\/\/soundrums-france.com\/wp-content\/uploads\/2020\/11\/Coquille-ambition14.jpg","type":"image\/jpeg"}],"twitter_card":"summary_large_image","twitter_misc":{"Dur\u00e9e de lecture estim\u00e9e":"1 minute"},"schema":{"@context":"https:\/\/schema.org","@graph":[{"@type":"WebPage","@id":"https:\/\/soundrums-france.com\/index.php\/produit\/caisse-tambour-a-coquille-3-4-modele-ambition\/","url":"https:\/\/soundrums-france.com\/index.php\/produit\/caisse-tambour-a-coquille-3-4-modele-ambition\/","name":"Caisse\/Tambour \u00e0 Coquille 3\/4 mod\u00e8le AMBITION - Soundrums","isPartOf":{"@id":"https:\/\/soundrums-france.com\/#website"},"primaryImageOfPage":{"@id":"https:\/\/soundrums-france.com\/index.php\/produit\/caisse-tambour-a-coquille-3-4-modele-ambition\/#primaryimage"},"image":{"@id":"https:\/\/soundrums-france.com\/index.php\/produit\/caisse-tambour-a-coquille-3-4-modele-ambition\/#primaryimage"},"thumbnailUrl":"https:\/\/soundrums-france.com\/wp-content\/uploads\/2020\/11\/Coquille-ambition14.webp","datePublished":"2020-11-22T20:11:47+00:00","dateModified":"2024-12-10T14:19:38+00:00","description":"Venez d\u00e9couvrir notre Caisse\/Tambour \u00e0 Coquille 3\/4 mod\u00e8le AMBITION haute de gamme.","breadcrumb":{"@id":"https:\/\/soundrums-france.com\/index.php\/produit\/caisse-tambour-a-coquille-3-4-modele-ambition\/#breadcrumb"},"inLanguage":"fr-FR","potentialAction":[{"@type":"ReadAction","target":["https:\/\/soundrums-france.com\/index.php\/produit\/caisse-tambour-a-coquille-3-4-modele-ambition\/"]}]},{"@type":"ImageObject","inLanguage":"fr-FR","@id":"https:\/\/soundrums-france.com\/index.php\/produit\/caisse-tambour-a-coquille-3-4-modele-ambition\/#primaryimage","url":"https:\/\/soundrums-france.com\/wp-content\/uploads\/2020\/11\/Coquille-ambition14.webp","contentUrl":"https:\/\/soundrums-france.com\/wp-content\/uploads\/2020\/11\/Coquille-ambition14.webp","width":1626,"height":1626,"caption":"Tambour \u00e0 Coquille - Ambition - Soundrums"},{"@type":"BreadcrumbList","@id":"https:\/\/soundrums-france.com\/index.php\/produit\/caisse-tambour-a-coquille-3-4-modele-ambition\/#breadcrumb","itemListElement":[{"@type":"ListItem","position":1,"name":"Accueil","item":"https:\/\/soundrums-france.com\/"},{"@type":"ListItem","position":2,"name":"Des produits","item":"https:\/\/soundrums-france.com\/index.php\/shop\/"},{"@type":"ListItem","position":3,"name":"Caisse\/Tambour \u00e0 Coquille 3\/4 mod\u00e8le AMBITION"}]},{"@type":"WebSite","@id":"https:\/\/soundrums-france.com\/#website","url":"https:\/\/soundrums-france.com\/","name":"Soundrums","description":"Manufacture Fran\u00e7aise de tambours","publisher":{"@id":"https:\/\/soundrums-france.com\/#organization"},"potentialAction":[{"@type":"SearchAction","target":{"@type":"EntryPoint","urlTemplate":"https:\/\/soundrums-france.com\/?s={search_term_string}"},"query-input":{"@type":"PropertyValueSpecification","valueRequired":true,"valueName":"search_term_string"}}],"inLanguage":"fr-FR"},{"@type":"Organization","@id":"https:\/\/soundrums-france.com\/#organization","name":"Soundrums-france","url":"https:\/\/soundrums-france.com\/","logo":{"@type":"ImageObject","inLanguage":"fr-FR","@id":"https:\/\/soundrums-france.com\/#\/schema\/logo\/image\/","url":"https:\/\/soundrums-france.com\/wp-content\/uploads\/2020\/10\/LogoSD_HD.jpg","contentUrl":"https:\/\/soundrums-france.com\/wp-content\/uploads\/2020\/10\/LogoSD_HD.jpg","width":1280,"height":930,"caption":"Soundrums-france"},"image":{"@id":"https:\/\/soundrums-france.com\/#\/schema\/logo\/image\/"},"sameAs":["https:\/\/www.facebook.com\/soundrums\/","https:\/\/www.youtube.com\/channel\/UC4S_W_0ZCdUFH3Y9xkv5bEw"]}]}},"uagb_featured_image_src":{"full":["https:\/\/soundrums-france.com\/wp-content\/uploads\/2020\/11\/Coquille-ambition14.webp",1626,1626,false],"thumbnail":["https:\/\/soundrums-france.com\/wp-content\/uploads\/2020\/11\/Coquille-ambition14-150x150.jpg",150,150,true],"medium":["https:\/\/soundrums-france.com\/wp-content\/uploads\/2020\/11\/Coquille-ambition14-300x300.jpg",300,300,true],"medium_large":["https:\/\/soundrums-france.com\/wp-content\/uploads\/2020\/11\/Coquille-ambition14-768x768.jpg",768,768,true],"large":["https:\/\/soundrums-france.com\/wp-content\/uploads\/2020\/11\/Coquille-ambition14-1024x1024.jpg",1024,1024,true],"1536x1536":["https:\/\/soundrums-france.com\/wp-content\/uploads\/2020\/11\/Coquille-ambition14-1536x1536.jpg",1536,1536,true],"2048x2048":["https:\/\/soundrums-france.com\/wp-content\/uploads\/2020\/11\/Coquille-ambition14.webp",1626,1626,false],"woocommerce_thumbnail":["https:\/\/soundrums-france.com\/wp-content\/uploads\/2020\/11\/Coquille-ambition14-300x300.jpg",300,300,true],"woocommerce_single":["https:\/\/soundrums-france.com\/wp-content\/uploads\/2020\/11\/Coquille-ambition14-600x600.jpg",600,600,true],"woocommerce_gallery_thumbnail":["https:\/\/soundrums-france.com\/wp-content\/uploads\/2020\/11\/Coquille-ambition14-100x100.jpg",100,100,true]},"uagb_author_info":{"display_name":"Emmanuel JAY","author_link":"https:\/\/soundrums-france.com\/index.php\/author\/"},"uagb_comment_info":0,"uagb_excerpt":"Fabrication artisanale fran\u00e7aise - F\u00fbt \u201cWOODENSOUND\u201d - Finitions disponibles : Bois vernis, Blanc nacr\u00e9, Noir, Bleu poudr\u00e9, Bleu nuit, Rouge rubis, Vert d\u2019eau et Gris anthracite - Diam\u00e8tres 14\u201d (3\/4) - Cercles M\u00e9tal - 10 Tirants chrom\u00e9s - D\u00e9clencheur Premium Chrom\u00e9 - Timbres boyau ou m\u00e9tallique - Peau de frappe REMO\u00ae ou ECANS\u00ae - Crochet\u2026","wcpa_form_fields":{"wcpaData":{"product":{"product_price":840,"price_html":"<span class=\"woocommerce-Price-amount amount\"><bdi>840,00<span class=\"woocommerce-Price-currencySymbol\">&euro;<\/span><\/bdi><\/span>","original_product_price":840,"price_including_tax":840,"price_excluding_tax":700,"product_id":{"parent":32073,"variation":false},"is_variable":false,"stock_status":"instock","stock_quantity":null,"parent_sku":"TCCA14-AL","product_attributes":[],"custom_fields":[],"is_taxable":true,"product_name":"Caisse\/Tambour \u00e0 Coquille 3\/4 mod\u00e8le AMBITION"},"fields":{"sec_769f35a00747b9":{"extra":{"key":"sec_769f35a00747b9","section_id":"sec_769f35a00747b9","name":"Default","status":1,"cl_rule":"show","enableCl":false,"relations":[],"toggle":true,"title_tag":"h3","show_title":false,"showPrice":"default","form_id":32076,"form_rules":{"exclude_from_discount":false,"fee_label":"Frais","disp_hide_options_price":false,"disp_show_section_price":false,"disp_show_field_price":true,"layout_option":"standard","pric_use_as_fee":false,"process_fee_as":"woo_fee"},"layout_option":"standard"},"fields":[[{"type":"image-group","required":true,"label":"Peinture","elementId":"wcpa-image-group-5fbac766884ef","description":"Choisissez votre peinture","inline":true,"enablePrice":true,"priceOptions":"different_for_all","pricingType":"fixed","disp_size_img":{"width":"70","height":""},"enable_popup":"all","name":"image-group-5fbac76688502","max_options":"1","disp_type":"square","img_selection_type":"outline","other_text":"Autre","cl_rule":"show","col":6,"values":[{"label":"Bois vernis","price":"0","image":"https:\/\/soundrums-france.com\/wp-content\/uploads\/2021\/02\/Erable.jpg","image_id":"33014","thumb":"https:\/\/soundrums-france.com\/wp-content\/uploads\/2021\/02\/Erable-150x150.jpg","selected":true,"value":"0","thumb_src":"https:\/\/soundrums-france.com\/wp-content\/uploads\/2021\/02\/Erable-100x100.jpg","gt_translate_keys":["label"]},{"label":"Bleu nuit ","price":"40","image":"https:\/\/soundrums-france.com\/wp-content\/uploads\/2020\/11\/Bleu-nuit.jpg","image_id":"31855","thumb":"https:\/\/soundrums-france.com\/wp-content\/uploads\/2020\/11\/Bleu-nuit-150x150.jpg","value":"1","thumb_src":"https:\/\/soundrums-france.com\/wp-content\/uploads\/2020\/11\/Bleu-nuit-100x100.jpg","gt_translate_keys":["label"]},{"label":"Rouge rubis","price":"40","image":"https:\/\/soundrums-france.com\/wp-content\/uploads\/2020\/11\/rouge-rubis.jpg","image_id":"31856","thumb":"https:\/\/soundrums-france.com\/wp-content\/uploads\/2020\/11\/rouge-rubis-150x150.jpg","value":"2","thumb_src":"https:\/\/soundrums-france.com\/wp-content\/uploads\/2020\/11\/rouge-rubis-100x100.jpg","gt_translate_keys":["label"]},{"label":"Noir      ","price":"40","image":"https:\/\/soundrums-france.com\/wp-content\/uploads\/2020\/11\/Noir.jpg","image_id":"31853","thumb":"https:\/\/soundrums-france.com\/wp-content\/uploads\/2020\/11\/Noir-150x150.jpg","value":"3","thumb_src":"https:\/\/soundrums-france.com\/wp-content\/uploads\/2020\/11\/Noir-100x100.jpg","gt_translate_keys":["label"]},{"label":"Vert d'eau","price":"40","image":"https:\/\/soundrums-france.com\/wp-content\/uploads\/2020\/11\/Vert-deau.jpg","image_id":"31852","thumb":"https:\/\/soundrums-france.com\/wp-content\/uploads\/2020\/11\/Vert-deau-150x150.jpg","value":"4","thumb_src":"https:\/\/soundrums-france.com\/wp-content\/uploads\/2020\/11\/Vert-deau-100x100.jpg","gt_translate_keys":["label"]},{"label":"Blanc nacr\u00e9","price":"90","image":"https:\/\/soundrums-france.com\/wp-content\/uploads\/2020\/11\/Blanc-nacre.jpg","image_id":"31858","thumb":"https:\/\/soundrums-france.com\/wp-content\/uploads\/2020\/11\/Blanc-nacre-150x150.jpg","value":"5","thumb_src":"https:\/\/soundrums-france.com\/wp-content\/uploads\/2020\/11\/Blanc-nacre-100x100.jpg","gt_translate_keys":["label"]},{"label":"Bleu poudr\u00e9","price":"40","image":"https:\/\/soundrums-france.com\/wp-content\/uploads\/2020\/11\/Bleu-poudre.jpg","image_id":"31859","thumb":"https:\/\/soundrums-france.com\/wp-content\/uploads\/2020\/11\/Bleu-poudre-150x150.jpg","value":"6","thumb_src":"https:\/\/soundrums-france.com\/wp-content\/uploads\/2020\/11\/Bleu-poudre-100x100.jpg","gt_translate_keys":["label"]},{"label":"Gris anthracite","price":"40","image":"https:\/\/soundrums-france.com\/wp-content\/uploads\/2020\/11\/Gris-antracite.jpg","image_id":"31854","thumb":"https:\/\/soundrums-france.com\/wp-content\/uploads\/2020\/11\/Gris-antracite-150x150.jpg","value":"7","thumb_src":"https:\/\/soundrums-france.com\/wp-content\/uploads\/2020\/11\/Gris-antracite-100x100.jpg","gt_translate_keys":["label"]},{"label":"Sur mesure","price":"90","image":"https:\/\/soundrums-france.com\/wp-content\/uploads\/2021\/01\/Sur-Mesure.jpg","image_id":"32723","thumb":"https:\/\/soundrums-france.com\/wp-content\/uploads\/2021\/01\/Sur-Mesure-150x150.jpg","value":"8","thumb_src":"https:\/\/soundrums-france.com\/wp-content\/uploads\/2021\/01\/Sur-Mesure-100x100.jpg","gt_translate_keys":["label"]}],"relations":false,"active":true,"tooltip":"","layOut":"inline","gt_translate_keys":["label","description","tooltip"],"price_dependency":false,"cl_dependency":["wcpa-paragraph-1610484126081"],"value":""}],[{"type":"content","subtype":"div","label":"","elementId":"wcpa-paragraph-1610484126081","pricingType":"fixed","enableCl":true,"cl_rule":"show","col":6,"relations":[{"operator":false,"rules":[{"operator":false,"rules":{"cl_field":"wcpa-image-group-5fbac766884ef","cl_relation":"is","cl_val":"9"}}]}],"active":true,"tooltip":"","value":"Vous avez s\u00e9lectionn\u00e9 un coloris sur mesure. Nous reviendrons vers vous pour le choix de votre couleur.\n\n","name":"wcpa-paragraph-1610484126081","contentType":"plain","gt_translate_keys":["label","value","tooltip"],"price_dependency":false,"cl_dependency":false}],[{"type":"select","elementId":"wcpa-select-1610484766048","label":"Finition","enablePrice":true,"priceOptions":"different_for_all","pricingType":"fixed","name":"select-1610484766048","cl_rule":"show","col":6,"values":[{"label":"Vernis standard","value":"option-0","price":"0","pimage":"","pimage_id":"","pthumb":"","gt_translate_keys":["label"]},{"label":"Peinture m\u00e9tallis\u00e9e","value":"option-1","price":"100","pimage":"","pimage_id":"","pthumb":"","gt_translate_keys":["label"]},{"label":"Peinture marbr\u00e9e","value":"option-2","price":"150","pimage":"","pimage_id":"","pthumb":"","gt_translate_keys":["label"]}],"relations":false,"active":true,"tooltip":"","gt_translate_keys":["label","tooltip"],"price_dependency":false,"cl_dependency":false,"value":""}],[{"type":"select","elementId":"wcpa-select-1610489593157","label":"Sourdine","enablePrice":true,"priceOptions":"different_for_all","pricingType":"fixed","name":"select-1610489593157","cl_rule":"show","col":6,"values":[{"label":"Sourdine bande de feutre","value":"option-1","price":"0","pimage":"","pimage_id":"","pthumb":"","gt_translate_keys":["label"]},{"label":"sourdine r\u00e9glable","value":"option-2","price":"25","pimage":"","pimage_id":"","pthumb":"","gt_translate_keys":["label"]},{"label":"Muffle Att\u00e9nuateur d\u2019harmoniques \u201cRing Control\u201d ","value":"option-3","price":"16","pimage":"","pimage_id":"","pthumb":"","gt_translate_keys":["label"]}],"relations":false,"active":true,"tooltip":"","gt_translate_keys":["label","tooltip"],"price_dependency":false,"cl_dependency":false,"value":""}],[{"type":"select","elementId":"wcpa-select-5fbac76688546","label":"D\u00e9clencheur","enablePrice":true,"priceOptions":"different_for_all","pricingType":"fixed","price":"5","name":"select-5fbac76688553","cl_rule":"show","col":6,"values":[{"label":"Premium Chrome","value":"option-3","price":"0","pimage":"","pimage_id":"","pthumb":"","selected":true,"gt_translate_keys":["label"]},{"label":"Premium Noir","value":"option-1","price":"5","pimage":"","pimage_id":"","pthumb":"","gt_translate_keys":["label"]},{"label":"Premium Dor\u00e9","value":"option-2","price":"5","pimage":"","pimage_id":"","pthumb":"","gt_translate_keys":["label"]},{"label":"aute pr\u00e9cision triple position","value":"option-4","price":"80","pimage":"","pimage_id":"","pthumb":"","gt_translate_keys":["label"]}],"relations":false,"active":true,"tooltip":"","gt_translate_keys":["label","tooltip"],"price_dependency":false,"cl_dependency":false,"value":""}],[{"type":"select","elementId":"wcpa-select-1610486988619","label":"Option tranquillit\u00e9 :","description":"Maintenance & entretien : Changement de peaux, tension des cordages, v\u00e9rification des serrages et pi\u00e8ces, entretien, nettoyage de l'instrument etc","enablePrice":true,"priceOptions":"different_for_all","pricingType":"fixed","name":"select-1610486988619","cl_rule":"show","col":6,"values":[{"label":"Aucun","value":"Option-5","price":"0","pimage":"","pimage_id":"","pthumb":"","selected":true,"gt_translate_keys":["label"]},{"label":"12 mois","value":"option-1","price":"85","pimage":"","pimage_id":"","pthumb":"","gt_translate_keys":["label"]},{"label":"24 mois","value":"option-2","price":"150","pimage":"","pimage_id":"","pthumb":"","gt_translate_keys":["label"]},{"label":"36 mois","value":"option-3","price":"220","pimage":"","pimage_id":"","pthumb":"","gt_translate_keys":["label"]},{"label":"48 mois","value":"option-4","price":"300","pimage":"","pimage_id":"","pthumb":"","gt_translate_keys":["label"]}],"relations":false,"active":true,"tooltip":"","gt_translate_keys":["label","description","tooltip"],"price_dependency":false,"cl_dependency":false,"value":""}]]}},"config":{"price_override":"","enable_recaptcha":false,"bind_quantity":false,"quantity_bind_formula":false,"disp_summ_show_option_price":true,"disp_summ_show_product_price":true,"disp_summ_show_total_price":true,"disp_summ_show_fee":false,"disp_summ_show_discount":false,"summary_title":"","options_total_label":"Montant des options","total_label":"Total","options_product_label":"Prix du produit","fee_label":"Frais","discount_label":"Discount","has_price":true,"has_quantity_formula":false},"mc_unit":1,"tax_rate":1,"tax_rate_real":0.2,"discount":{"percentage":0,"fixed":0},"design":{"conf":{"LabelPosition":"above","DescPosition":"left","UploadField":"custom_1","QuantityFieldStyle":"default"},"css":{"LeftLabelWidth":"120px"}},"formulas":[],"clones":false,"cartKey":false}},"_links":{"self":[{"href":"https:\/\/soundrums-france.com\/index.php\/wp-json\/wp\/v2\/product\/32073","targetHints":{"allow":["GET"]}}],"collection":[{"href":"https:\/\/soundrums-france.com\/index.php\/wp-json\/wp\/v2\/product"}],"about":[{"href":"https:\/\/soundrums-france.com\/index.php\/wp-json\/wp\/v2\/types\/product"}],"replies":[{"embeddable":true,"href":"https:\/\/soundrums-france.com\/index.php\/wp-json\/wp\/v2\/comments?post=32073"}],"version-history":[{"count":0,"href":"https:\/\/soundrums-france.com\/index.php\/wp-json\/wp\/v2\/product\/32073\/revisions"}],"wp:featuredmedia":[{"embeddable":true,"href":"https:\/\/soundrums-france.com\/index.php\/wp-json\/wp\/v2\/media\/32741"}],"wp:attachment":[{"href":"https:\/\/soundrums-france.com\/index.php\/wp-json\/wp\/v2\/media?parent=32073"}],"wp:term":[{"taxonomy":"product_cat","embeddable":true,"href":"https:\/\/soundrums-france.com\/index.php\/wp-json\/wp\/v2\/product_cat?post=32073"},{"taxonomy":"product_tag","embeddable":true,"href":"https:\/\/soundrums-france.com\/index.php\/wp-json\/wp\/v2\/product_tag?post=32073"}],"curies":[{"name":"wp","href":"https:\/\/api.w.org\/{rel}","templated":true}]}}