{"id":32154,"date":"2020-12-02T17:54:57","date_gmt":"2020-12-02T16:54:57","guid":{"rendered":"https:\/\/soundrums-france.com\/?post_type=product&#038;p=32154"},"modified":"2025-01-14T14:39:27","modified_gmt":"2025-01-14T13:39:27","slug":"mise-en-place-dune-sourdine-ring-control","status":"publish","type":"product","link":"https:\/\/soundrums-france.com\/index.php\/produit\/mise-en-place-dune-sourdine-ring-control\/","title":{"rendered":"Mise en place d&rsquo;une sourdine \u00ab\u00a0Ring control\u00a0\u00bb &#8211; Tambour \u00e0 corde"},"content":{"rendered":"<p>Mise en place d&rsquo;une sourdine REMO \u00ab\u00a0Ring control\u00a0\u00bb sur tambour \u00e0 corde, v\u00e9rification et r\u00e9glage de l&rsquo;instrument et tension du cordage.<\/p>\n","protected":false},"excerpt":{"rendered":"<p>Mise en place d&rsquo;une sourdine REMO \u00ab\u00a0Ring control\u00a0\u00bb sur tambour \u00e0 corde, v\u00e9rification et r\u00e9glage de l&rsquo;instrument et tension du cordage.<\/p>\n<p><span style=\"color: #00ffff;\"><em><span style=\"color: #ff0000;\">Service de maintenance hors pi\u00e8ces, frais de transport ou d\u00e9placement.<\/span><br \/>\n<span style=\"color: #ff0000;\">Ce service peut \u00eatre effectu\u00e9 dans nos ateliers ou chez vous !<\/span><br \/>\n<\/em><\/span><\/p>\n","protected":false},"featured_media":32187,"comment_status":"open","ping_status":"closed","template":"","meta":{"_uag_custom_page_level_css":"","site-sidebar-layout":"default","site-content-layout":"default","ast-global-header-display":"","ast-banner-title-visibility":"","ast-main-header-display":"","ast-hfb-above-header-display":"","ast-hfb-below-header-display":"","ast-hfb-mobile-header-display":"","site-post-title":"","ast-breadcrumbs-content":"","ast-featured-img":"","footer-sml-layout":"","theme-transparent-header-meta":"default","adv-header-id-meta":"","stick-header-meta":"","header-above-stick-meta":"","header-main-stick-meta":"","header-below-stick-meta":""},"product_cat":[272,273,189,263],"product_tag":[205,204],"class_list":{"0":"post-32154","1":"product","2":"type-product","3":"status-publish","4":"has-post-thumbnail","6":"product_cat-sourdines-et-attenuateur","7":"product_cat-muffle-feutre","8":"product_cat-services","9":"product_cat-maintenance-et-entretien","10":"product_tag-reparation","11":"product_tag-services","12":"desktop-align-left","13":"tablet-align-left","14":"mobile-align-left","15":"wcpa_has_options","17":"first","18":"instock","19":"virtual","20":"taxable","21":"purchasable","22":"product-type-simple"},"yoast_head":"<!-- This site is optimized with the Yoast SEO plugin v24.1 - https:\/\/yoast.com\/wordpress\/plugins\/seo\/ -->\n<title>Mise en place d&#039;une sourdine &quot;Ring control&quot; - Tambour \u00e0 corde - Soundrums<\/title>\n<meta name=\"description\" content=\"Venez d\u00e9couvrir notre Mise en place d&#039;une sourdine &quot;Ring control&quot; - Tambour \u00e0 corde haute de gamme.\" \/>\n<meta name=\"robots\" content=\"index, follow, max-snippet:-1, max-image-preview:large, max-video-preview:-1\" \/>\n<link rel=\"canonical\" href=\"https:\/\/soundrums-france.com\/index.php\/produit\/mise-en-place-dune-sourdine-ring-control\/\" \/>\n<meta property=\"og:locale\" content=\"fr_FR\" \/>\n<meta property=\"og:type\" content=\"article\" \/>\n<meta property=\"og:title\" content=\"Mise en place d&#039;une sourdine &quot;Ring control&quot; - Tambour \u00e0 corde - Soundrums\" \/>\n<meta property=\"og:description\" content=\"Venez d\u00e9couvrir notre Mise en place d&#039;une sourdine &quot;Ring control&quot; - Tambour \u00e0 corde haute de gamme.\" \/>\n<meta property=\"og:url\" content=\"https:\/\/soundrums-france.com\/index.php\/produit\/mise-en-place-dune-sourdine-ring-control\/\" \/>\n<meta property=\"og:site_name\" content=\"Soundrums\" \/>\n<meta property=\"article:publisher\" content=\"https:\/\/www.facebook.com\/soundrums\/\" \/>\n<meta property=\"article:modified_time\" content=\"2025-01-14T13:39:27+00:00\" \/>\n<meta property=\"og:image\" content=\"https:\/\/soundrums-france.com\/wp-content\/uploads\/2020\/12\/Muufle.webp\" \/>\n\t<meta property=\"og:image:width\" content=\"800\" \/>\n\t<meta property=\"og:image:height\" content=\"800\" \/>\n\t<meta property=\"og:image:type\" content=\"image\/jpeg\" \/>\n<meta name=\"twitter:card\" content=\"summary_large_image\" \/>\n<meta name=\"twitter:label1\" content=\"Dur\u00e9e de lecture estim\u00e9e\" \/>\n\t<meta name=\"twitter:data1\" content=\"1 minute\" \/>\n<script type=\"application\/ld+json\" class=\"yoast-schema-graph\">{\"@context\":\"https:\/\/schema.org\",\"@graph\":[{\"@type\":\"WebPage\",\"@id\":\"https:\/\/soundrums-france.com\/index.php\/produit\/mise-en-place-dune-sourdine-ring-control\/\",\"url\":\"https:\/\/soundrums-france.com\/index.php\/produit\/mise-en-place-dune-sourdine-ring-control\/\",\"name\":\"Mise en place d'une sourdine \\\"Ring control\\\" - Tambour \u00e0 corde - Soundrums\",\"isPartOf\":{\"@id\":\"https:\/\/soundrums-france.com\/#website\"},\"primaryImageOfPage\":{\"@id\":\"https:\/\/soundrums-france.com\/index.php\/produit\/mise-en-place-dune-sourdine-ring-control\/#primaryimage\"},\"image\":{\"@id\":\"https:\/\/soundrums-france.com\/index.php\/produit\/mise-en-place-dune-sourdine-ring-control\/#primaryimage\"},\"thumbnailUrl\":\"https:\/\/soundrums-france.com\/wp-content\/uploads\/2020\/12\/Muufle.webp\",\"datePublished\":\"2020-12-02T16:54:57+00:00\",\"dateModified\":\"2025-01-14T13:39:27+00:00\",\"description\":\"Venez d\u00e9couvrir notre Mise en place d'une sourdine \\\"Ring control\\\" - Tambour \u00e0 corde haute de gamme.\",\"breadcrumb\":{\"@id\":\"https:\/\/soundrums-france.com\/index.php\/produit\/mise-en-place-dune-sourdine-ring-control\/#breadcrumb\"},\"inLanguage\":\"fr-FR\",\"potentialAction\":[{\"@type\":\"ReadAction\",\"target\":[\"https:\/\/soundrums-france.com\/index.php\/produit\/mise-en-place-dune-sourdine-ring-control\/\"]}]},{\"@type\":\"ImageObject\",\"inLanguage\":\"fr-FR\",\"@id\":\"https:\/\/soundrums-france.com\/index.php\/produit\/mise-en-place-dune-sourdine-ring-control\/#primaryimage\",\"url\":\"https:\/\/soundrums-france.com\/wp-content\/uploads\/2020\/12\/Muufle.webp\",\"contentUrl\":\"https:\/\/soundrums-france.com\/wp-content\/uploads\/2020\/12\/Muufle.webp\",\"width\":800,\"height\":800,\"caption\":\"Sourdine REMO Ring Control - Soundrums\"},{\"@type\":\"BreadcrumbList\",\"@id\":\"https:\/\/soundrums-france.com\/index.php\/produit\/mise-en-place-dune-sourdine-ring-control\/#breadcrumb\",\"itemListElement\":[{\"@type\":\"ListItem\",\"position\":1,\"name\":\"Accueil\",\"item\":\"https:\/\/soundrums-france.com\/\"},{\"@type\":\"ListItem\",\"position\":2,\"name\":\"Des produits\",\"item\":\"https:\/\/soundrums-france.com\/index.php\/shop\/\"},{\"@type\":\"ListItem\",\"position\":3,\"name\":\"Mise en place d&rsquo;une sourdine \u00ab\u00a0Ring control\u00a0\u00bb &#8211; Tambour \u00e0 corde\"}]},{\"@type\":\"WebSite\",\"@id\":\"https:\/\/soundrums-france.com\/#website\",\"url\":\"https:\/\/soundrums-france.com\/\",\"name\":\"Soundrums\",\"description\":\"Manufacture Fran\u00e7aise de tambours\",\"publisher\":{\"@id\":\"https:\/\/soundrums-france.com\/#organization\"},\"potentialAction\":[{\"@type\":\"SearchAction\",\"target\":{\"@type\":\"EntryPoint\",\"urlTemplate\":\"https:\/\/soundrums-france.com\/?s={search_term_string}\"},\"query-input\":{\"@type\":\"PropertyValueSpecification\",\"valueRequired\":true,\"valueName\":\"search_term_string\"}}],\"inLanguage\":\"fr-FR\"},{\"@type\":\"Organization\",\"@id\":\"https:\/\/soundrums-france.com\/#organization\",\"name\":\"Soundrums-france\",\"url\":\"https:\/\/soundrums-france.com\/\",\"logo\":{\"@type\":\"ImageObject\",\"inLanguage\":\"fr-FR\",\"@id\":\"https:\/\/soundrums-france.com\/#\/schema\/logo\/image\/\",\"url\":\"https:\/\/soundrums-france.com\/wp-content\/uploads\/2020\/10\/LogoSD_HD.jpg\",\"contentUrl\":\"https:\/\/soundrums-france.com\/wp-content\/uploads\/2020\/10\/LogoSD_HD.jpg\",\"width\":1280,\"height\":930,\"caption\":\"Soundrums-france\"},\"image\":{\"@id\":\"https:\/\/soundrums-france.com\/#\/schema\/logo\/image\/\"},\"sameAs\":[\"https:\/\/www.facebook.com\/soundrums\/\",\"https:\/\/www.youtube.com\/channel\/UC4S_W_0ZCdUFH3Y9xkv5bEw\"]}]}<\/script>\n<!-- \/ Yoast SEO plugin. -->","yoast_head_json":{"title":"Mise en place d'une sourdine \"Ring control\" - Tambour \u00e0 corde - Soundrums","description":"Venez d\u00e9couvrir notre Mise en place d'une sourdine \"Ring control\" - Tambour \u00e0 corde haute de gamme.","robots":{"index":"index","follow":"follow","max-snippet":"max-snippet:-1","max-image-preview":"max-image-preview:large","max-video-preview":"max-video-preview:-1"},"canonical":"https:\/\/soundrums-france.com\/index.php\/produit\/mise-en-place-dune-sourdine-ring-control\/","og_locale":"fr_FR","og_type":"article","og_title":"Mise en place d'une sourdine \"Ring control\" - Tambour \u00e0 corde - Soundrums","og_description":"Venez d\u00e9couvrir notre Mise en place d'une sourdine \"Ring control\" - Tambour \u00e0 corde haute de gamme.","og_url":"https:\/\/soundrums-france.com\/index.php\/produit\/mise-en-place-dune-sourdine-ring-control\/","og_site_name":"Soundrums","article_publisher":"https:\/\/www.facebook.com\/soundrums\/","article_modified_time":"2025-01-14T13:39:27+00:00","og_image":[{"width":800,"height":800,"url":"https:\/\/soundrums-france.com\/wp-content\/uploads\/2020\/12\/Muufle.webp","type":"image\/jpeg"}],"twitter_card":"summary_large_image","twitter_misc":{"Dur\u00e9e de lecture estim\u00e9e":"1 minute"},"schema":{"@context":"https:\/\/schema.org","@graph":[{"@type":"WebPage","@id":"https:\/\/soundrums-france.com\/index.php\/produit\/mise-en-place-dune-sourdine-ring-control\/","url":"https:\/\/soundrums-france.com\/index.php\/produit\/mise-en-place-dune-sourdine-ring-control\/","name":"Mise en place d'une sourdine \"Ring control\" - Tambour \u00e0 corde - Soundrums","isPartOf":{"@id":"https:\/\/soundrums-france.com\/#website"},"primaryImageOfPage":{"@id":"https:\/\/soundrums-france.com\/index.php\/produit\/mise-en-place-dune-sourdine-ring-control\/#primaryimage"},"image":{"@id":"https:\/\/soundrums-france.com\/index.php\/produit\/mise-en-place-dune-sourdine-ring-control\/#primaryimage"},"thumbnailUrl":"https:\/\/soundrums-france.com\/wp-content\/uploads\/2020\/12\/Muufle.webp","datePublished":"2020-12-02T16:54:57+00:00","dateModified":"2025-01-14T13:39:27+00:00","description":"Venez d\u00e9couvrir notre Mise en place d'une sourdine \"Ring control\" - Tambour \u00e0 corde haute de gamme.","breadcrumb":{"@id":"https:\/\/soundrums-france.com\/index.php\/produit\/mise-en-place-dune-sourdine-ring-control\/#breadcrumb"},"inLanguage":"fr-FR","potentialAction":[{"@type":"ReadAction","target":["https:\/\/soundrums-france.com\/index.php\/produit\/mise-en-place-dune-sourdine-ring-control\/"]}]},{"@type":"ImageObject","inLanguage":"fr-FR","@id":"https:\/\/soundrums-france.com\/index.php\/produit\/mise-en-place-dune-sourdine-ring-control\/#primaryimage","url":"https:\/\/soundrums-france.com\/wp-content\/uploads\/2020\/12\/Muufle.webp","contentUrl":"https:\/\/soundrums-france.com\/wp-content\/uploads\/2020\/12\/Muufle.webp","width":800,"height":800,"caption":"Sourdine REMO Ring Control - Soundrums"},{"@type":"BreadcrumbList","@id":"https:\/\/soundrums-france.com\/index.php\/produit\/mise-en-place-dune-sourdine-ring-control\/#breadcrumb","itemListElement":[{"@type":"ListItem","position":1,"name":"Accueil","item":"https:\/\/soundrums-france.com\/"},{"@type":"ListItem","position":2,"name":"Des produits","item":"https:\/\/soundrums-france.com\/index.php\/shop\/"},{"@type":"ListItem","position":3,"name":"Mise en place d&rsquo;une sourdine \u00ab\u00a0Ring control\u00a0\u00bb &#8211; Tambour \u00e0 corde"}]},{"@type":"WebSite","@id":"https:\/\/soundrums-france.com\/#website","url":"https:\/\/soundrums-france.com\/","name":"Soundrums","description":"Manufacture Fran\u00e7aise de tambours","publisher":{"@id":"https:\/\/soundrums-france.com\/#organization"},"potentialAction":[{"@type":"SearchAction","target":{"@type":"EntryPoint","urlTemplate":"https:\/\/soundrums-france.com\/?s={search_term_string}"},"query-input":{"@type":"PropertyValueSpecification","valueRequired":true,"valueName":"search_term_string"}}],"inLanguage":"fr-FR"},{"@type":"Organization","@id":"https:\/\/soundrums-france.com\/#organization","name":"Soundrums-france","url":"https:\/\/soundrums-france.com\/","logo":{"@type":"ImageObject","inLanguage":"fr-FR","@id":"https:\/\/soundrums-france.com\/#\/schema\/logo\/image\/","url":"https:\/\/soundrums-france.com\/wp-content\/uploads\/2020\/10\/LogoSD_HD.jpg","contentUrl":"https:\/\/soundrums-france.com\/wp-content\/uploads\/2020\/10\/LogoSD_HD.jpg","width":1280,"height":930,"caption":"Soundrums-france"},"image":{"@id":"https:\/\/soundrums-france.com\/#\/schema\/logo\/image\/"},"sameAs":["https:\/\/www.facebook.com\/soundrums\/","https:\/\/www.youtube.com\/channel\/UC4S_W_0ZCdUFH3Y9xkv5bEw"]}]}},"uagb_featured_image_src":{"full":["https:\/\/soundrums-france.com\/wp-content\/uploads\/2020\/12\/Muufle.webp",800,800,false],"thumbnail":["https:\/\/soundrums-france.com\/wp-content\/uploads\/2020\/12\/Muufle-150x150.jpg",150,150,true],"medium":["https:\/\/soundrums-france.com\/wp-content\/uploads\/2020\/12\/Muufle-300x300.jpg",300,300,true],"medium_large":["https:\/\/soundrums-france.com\/wp-content\/uploads\/2020\/12\/Muufle-768x768.jpg",768,768,true],"large":["https:\/\/soundrums-france.com\/wp-content\/uploads\/2020\/12\/Muufle.webp",800,800,false],"1536x1536":["https:\/\/soundrums-france.com\/wp-content\/uploads\/2020\/12\/Muufle.webp",800,800,false],"2048x2048":["https:\/\/soundrums-france.com\/wp-content\/uploads\/2020\/12\/Muufle.webp",800,800,false],"woocommerce_thumbnail":["https:\/\/soundrums-france.com\/wp-content\/uploads\/2020\/12\/Muufle-300x300.jpg",300,300,true],"woocommerce_single":["https:\/\/soundrums-france.com\/wp-content\/uploads\/2020\/12\/Muufle-600x600.jpg",600,600,true],"woocommerce_gallery_thumbnail":["https:\/\/soundrums-france.com\/wp-content\/uploads\/2020\/12\/Muufle-100x100.jpg",100,100,true]},"uagb_author_info":{"display_name":"Emmanuel JAY","author_link":"https:\/\/soundrums-france.com\/index.php\/author\/"},"uagb_comment_info":0,"uagb_excerpt":"Mise en place d'une sourdine REMO \"Ring control\" sur tambour \u00e0 corde, v\u00e9rification et r\u00e9glage de l'instrument et tension du cordage. Service de maintenance hors pi\u00e8ces, frais de transport ou d\u00e9placement. Ce service peut \u00eatre effectu\u00e9 dans nos ateliers ou chez vous !","wcpa_form_fields":{"wcpaData":{"product":{"product_price":59,"price_html":"<span class=\"woocommerce-Price-amount amount\"><bdi>59,00<span class=\"woocommerce-Price-currencySymbol\">&euro;<\/span><\/bdi><\/span>","original_product_price":59,"price_including_tax":59,"price_excluding_tax":49.166667000000004,"product_id":{"parent":32154,"variation":false},"is_variable":false,"stock_status":"instock","stock_quantity":null,"parent_sku":"Ajout-Muffle","product_attributes":[],"custom_fields":[],"is_taxable":true,"product_name":"Mise en place d'une sourdine \"Ring control\" - Tambour \u00e0 corde"},"fields":{"sec_869e0d932b07eb":{"extra":{"key":"sec_869e0d932b07eb","section_id":"sec_869e0d932b07eb","name":"Default","status":1,"cl_rule":"show","enableCl":false,"relations":[],"toggle":true,"title_tag":"h3","show_title":false,"showPrice":"default","form_id":31849,"form_rules":{"exclude_from_discount":false,"fee_label":"Frais","disp_hide_options_price":false,"disp_show_section_price":false,"disp_show_field_price":true,"layout_option":"standard","pric_use_as_fee":false,"process_fee_as":"woo_fee"},"layout_option":"standard"},"fields":[[{"type":"textarea","elementId":"wcpa-textarea-1605120817683","label":"Message \u00e0 notre attention","pricingType":"fixed","rows":"4","name":"textarea-1605120817683","maxlength":"3000","cl_rule":"show","col":6,"relations":false,"active":true,"tooltip":"","gt_translate_keys":["label","tooltip"],"price_dependency":false,"cl_dependency":false,"value":""}],[{"type":"file","elementId":"wcpa-file-1605120336384","label":"Joindre un fichier","pricingType":"fixed","ajax_upload":true,"uploadsize":"10","name":"file-1605120336384","showUploadPreview":true,"custom_style":true,"cl_rule":"show","col":6,"relations":false,"active":true,"tooltip":"","upload_type":"ajax","allowedFileTypes":"","gt_translate_keys":["label","tooltip"],"price_dependency":false,"cl_dependency":false,"value":""}]]}},"config":{"price_override":"","enable_recaptcha":false,"bind_quantity":false,"quantity_bind_formula":false,"disp_summ_show_option_price":true,"disp_summ_show_product_price":true,"disp_summ_show_total_price":true,"disp_summ_show_fee":false,"disp_summ_show_discount":false,"summary_title":"","options_total_label":"Montant des options","total_label":"Total","options_product_label":"Prix du produit","fee_label":"Frais","discount_label":"Discount","has_price":true,"has_quantity_formula":false},"mc_unit":1,"tax_rate":1,"tax_rate_real":0.2,"discount":{"percentage":0,"fixed":0},"design":{"conf":{"LabelPosition":"above","DescPosition":"left","UploadField":"custom_1","QuantityFieldStyle":"default"},"css":{"LeftLabelWidth":"120px"}},"formulas":[],"clones":false,"cartKey":false}},"_links":{"self":[{"href":"https:\/\/soundrums-france.com\/index.php\/wp-json\/wp\/v2\/product\/32154","targetHints":{"allow":["GET"]}}],"collection":[{"href":"https:\/\/soundrums-france.com\/index.php\/wp-json\/wp\/v2\/product"}],"about":[{"href":"https:\/\/soundrums-france.com\/index.php\/wp-json\/wp\/v2\/types\/product"}],"replies":[{"embeddable":true,"href":"https:\/\/soundrums-france.com\/index.php\/wp-json\/wp\/v2\/comments?post=32154"}],"version-history":[{"count":1,"href":"https:\/\/soundrums-france.com\/index.php\/wp-json\/wp\/v2\/product\/32154\/revisions"}],"predecessor-version":[{"id":36147,"href":"https:\/\/soundrums-france.com\/index.php\/wp-json\/wp\/v2\/product\/32154\/revisions\/36147"}],"wp:featuredmedia":[{"embeddable":true,"href":"https:\/\/soundrums-france.com\/index.php\/wp-json\/wp\/v2\/media\/32187"}],"wp:attachment":[{"href":"https:\/\/soundrums-france.com\/index.php\/wp-json\/wp\/v2\/media?parent=32154"}],"wp:term":[{"taxonomy":"product_cat","embeddable":true,"href":"https:\/\/soundrums-france.com\/index.php\/wp-json\/wp\/v2\/product_cat?post=32154"},{"taxonomy":"product_tag","embeddable":true,"href":"https:\/\/soundrums-france.com\/index.php\/wp-json\/wp\/v2\/product_tag?post=32154"}],"curies":[{"name":"wp","href":"https:\/\/api.w.org\/{rel}","templated":true}]}}