{"id":32460,"date":"2020-12-11T09:48:42","date_gmt":"2020-12-11T08:48:42","guid":{"rendered":"https:\/\/soundrums-france.com\/?post_type=product&#038;p=32460"},"modified":"2024-06-19T15:55:41","modified_gmt":"2024-06-19T13:55:41","slug":"peau-de-frappe-remo-ambassador-sablee-coated","status":"publish","type":"product","link":"https:\/\/soundrums-france.com\/index.php\/produit\/peau-de-frappe-remo-ambassador-sablee-coated\/","title":{"rendered":"Peau de frappe 14&Prime; REMO Powerstroke\u00ae 3 sabl\u00e9e (Coated)"},"content":{"rendered":"<div>\n<div id=\"description\" class=\"tab-pane in active\">\n<div class=\"product-description\">\n<div class=\"rte-content\">\n<div id=\"description\" class=\"tab-pane in active\">\n<div class=\"product-description\">\n<div class=\"rte-content\">\n<p>La peau de frappe <strong>Remo<\/strong> <strong> Powerstroke\u00ae 3<\/strong> est compos\u00e9e d&rsquo;un simple-pli de 10 milli\u00e8me d&rsquo;\u00e9paisseur, o\u00f9 figurent deux fins cercles noirs concentriques sur le dessus. Cette peau int\u00e8gre aussi un anneau fin et transparent fix\u00e9 sur le bord externe de la face inf\u00e9rieure (dessous) de la peau, qui filtre les harmoniques ind\u00e9sirables.<\/p>\n<p><span class=\"tlid-translation translation\" lang=\"fr\" xml:lang=\"fr\"><span title=\"\">\u00a0<\/span><\/span><\/p>\n<\/div>\n<\/div>\n<\/div>\n<\/div>\n<\/div>\n<\/div>\n<\/div>\n","protected":false},"excerpt":{"rendered":"<p>La peau de frappe <strong>Remo<\/strong> <strong> Powerstroke\u00ae 3<\/strong> est compos\u00e9e d&rsquo;un simple-pli de 10 milli\u00e8me d&rsquo;\u00e9paisseur, o\u00f9 figurent deux fins cercles noirs concentriques sur le dessus. Cette peau int\u00e8gre aussi un anneau fin et transparent fix\u00e9 sur le bord externe de la face inf\u00e9rieure (dessous) de la peau, qui filtre les harmoniques ind\u00e9sirables.<\/p>\n<ul>\n<li><em>Diam\u00e8tre 14&Prime;<\/em><\/li>\n<li><em>Ambassador<\/em><\/li>\n<li><em>Finition : Sabl\u00e9e (Coated)<\/em><\/li>\n<li><em>Utilisation : Caisse claire, tom, etc.<\/em><\/li>\n<\/ul>\n<p><strong>Autres dimensions sur demande.<\/strong><\/p>\n","protected":false},"featured_media":32446,"comment_status":"open","ping_status":"closed","template":"","meta":{"_uag_custom_page_level_css":"","site-sidebar-layout":"default","site-content-layout":"default","ast-global-header-display":"","ast-banner-title-visibility":"","ast-main-header-display":"","ast-hfb-above-header-display":"","ast-hfb-below-header-display":"","ast-hfb-mobile-header-display":"","site-post-title":"","ast-breadcrumbs-content":"","ast-featured-img":"","footer-sml-layout":"","theme-transparent-header-meta":"","adv-header-id-meta":"","stick-header-meta":"","header-above-stick-meta":"","header-main-stick-meta":"","header-below-stick-meta":""},"product_cat":[187,224,199,227],"product_tag":[],"class_list":{"0":"post-32460","1":"product","2":"type-product","3":"status-publish","4":"has-post-thumbnail","6":"product_cat-accessoires","7":"product_cat-peaux","8":"product_cat-pieces_detachees","9":"product_cat-autres","10":"desktop-align-left","11":"tablet-align-left","12":"mobile-align-left","14":"first","15":"instock","16":"taxable","17":"shipping-taxable","18":"purchasable","19":"product-type-simple"},"yoast_head":"<!-- This site is optimized with the Yoast SEO plugin v24.1 - https:\/\/yoast.com\/wordpress\/plugins\/seo\/ -->\n<title>Peau de frappe 14&quot; REMO Powerstroke\u00ae 3 sabl\u00e9e (Coated) - Soundrums<\/title>\n<meta name=\"description\" content=\"Venez d\u00e9couvrir notre Peau de frappe 14&quot; REMO Powerstroke\u00ae 3 sabl\u00e9e (Coated) haute de gamme.\" \/>\n<meta name=\"robots\" content=\"index, follow, max-snippet:-1, max-image-preview:large, max-video-preview:-1\" \/>\n<link rel=\"canonical\" href=\"https:\/\/soundrums-france.com\/index.php\/produit\/peau-de-frappe-remo-ambassador-sablee-coated\/\" \/>\n<meta property=\"og:locale\" content=\"fr_FR\" \/>\n<meta property=\"og:type\" content=\"article\" \/>\n<meta property=\"og:title\" content=\"Peau de frappe 14&quot; REMO Powerstroke\u00ae 3 sabl\u00e9e (Coated) - Soundrums\" \/>\n<meta property=\"og:description\" content=\"Venez d\u00e9couvrir notre Peau de frappe 14&quot; REMO Powerstroke\u00ae 3 sabl\u00e9e (Coated) haute de gamme.\" \/>\n<meta property=\"og:url\" content=\"https:\/\/soundrums-france.com\/index.php\/produit\/peau-de-frappe-remo-ambassador-sablee-coated\/\" \/>\n<meta property=\"og:site_name\" content=\"Soundrums\" \/>\n<meta property=\"article:publisher\" content=\"https:\/\/www.facebook.com\/soundrums\/\" \/>\n<meta property=\"article:modified_time\" content=\"2024-06-19T13:55:41+00:00\" \/>\n<meta property=\"og:image\" content=\"https:\/\/soundrums-france.com\/wp-content\/uploads\/2020\/12\/Peau-Remo-powerstrocke3-Soundrums.jpg\" \/>\n\t<meta property=\"og:image:width\" content=\"1200\" \/>\n\t<meta property=\"og:image:height\" content=\"1200\" \/>\n\t<meta property=\"og:image:type\" content=\"image\/jpeg\" \/>\n<meta name=\"twitter:card\" content=\"summary_large_image\" \/>\n<script type=\"application\/ld+json\" class=\"yoast-schema-graph\">{\"@context\":\"https:\/\/schema.org\",\"@graph\":[{\"@type\":\"WebPage\",\"@id\":\"https:\/\/soundrums-france.com\/index.php\/produit\/peau-de-frappe-remo-ambassador-sablee-coated\/\",\"url\":\"https:\/\/soundrums-france.com\/index.php\/produit\/peau-de-frappe-remo-ambassador-sablee-coated\/\",\"name\":\"Peau de frappe 14\\\" REMO Powerstroke\u00ae 3 sabl\u00e9e (Coated) - Soundrums\",\"isPartOf\":{\"@id\":\"https:\/\/soundrums-france.com\/#website\"},\"primaryImageOfPage\":{\"@id\":\"https:\/\/soundrums-france.com\/index.php\/produit\/peau-de-frappe-remo-ambassador-sablee-coated\/#primaryimage\"},\"image\":{\"@id\":\"https:\/\/soundrums-france.com\/index.php\/produit\/peau-de-frappe-remo-ambassador-sablee-coated\/#primaryimage\"},\"thumbnailUrl\":\"https:\/\/soundrums-france.com\/wp-content\/uploads\/2020\/12\/Peau-Remo-powerstrocke3-Soundrums.webp\",\"datePublished\":\"2020-12-11T08:48:42+00:00\",\"dateModified\":\"2024-06-19T13:55:41+00:00\",\"description\":\"Venez d\u00e9couvrir notre Peau de frappe 14\\\" REMO Powerstroke\u00ae 3 sabl\u00e9e (Coated) haute de gamme.\",\"breadcrumb\":{\"@id\":\"https:\/\/soundrums-france.com\/index.php\/produit\/peau-de-frappe-remo-ambassador-sablee-coated\/#breadcrumb\"},\"inLanguage\":\"fr-FR\",\"potentialAction\":[{\"@type\":\"ReadAction\",\"target\":[\"https:\/\/soundrums-france.com\/index.php\/produit\/peau-de-frappe-remo-ambassador-sablee-coated\/\"]}]},{\"@type\":\"ImageObject\",\"inLanguage\":\"fr-FR\",\"@id\":\"https:\/\/soundrums-france.com\/index.php\/produit\/peau-de-frappe-remo-ambassador-sablee-coated\/#primaryimage\",\"url\":\"https:\/\/soundrums-france.com\/wp-content\/uploads\/2020\/12\/Peau-Remo-powerstrocke3-Soundrums.webp\",\"contentUrl\":\"https:\/\/soundrums-france.com\/wp-content\/uploads\/2020\/12\/Peau-Remo-powerstrocke3-Soundrums.webp\",\"width\":1200,\"height\":1200,\"caption\":\"Peau Remo\"},{\"@type\":\"BreadcrumbList\",\"@id\":\"https:\/\/soundrums-france.com\/index.php\/produit\/peau-de-frappe-remo-ambassador-sablee-coated\/#breadcrumb\",\"itemListElement\":[{\"@type\":\"ListItem\",\"position\":1,\"name\":\"Accueil\",\"item\":\"https:\/\/soundrums-france.com\/\"},{\"@type\":\"ListItem\",\"position\":2,\"name\":\"Des produits\",\"item\":\"https:\/\/soundrums-france.com\/index.php\/shop\/\"},{\"@type\":\"ListItem\",\"position\":3,\"name\":\"Peau de frappe 14&Prime; REMO Powerstroke\u00ae 3 sabl\u00e9e (Coated)\"}]},{\"@type\":\"WebSite\",\"@id\":\"https:\/\/soundrums-france.com\/#website\",\"url\":\"https:\/\/soundrums-france.com\/\",\"name\":\"Soundrums\",\"description\":\"Manufacture Fran\u00e7aise de tambours\",\"publisher\":{\"@id\":\"https:\/\/soundrums-france.com\/#organization\"},\"potentialAction\":[{\"@type\":\"SearchAction\",\"target\":{\"@type\":\"EntryPoint\",\"urlTemplate\":\"https:\/\/soundrums-france.com\/?s={search_term_string}\"},\"query-input\":{\"@type\":\"PropertyValueSpecification\",\"valueRequired\":true,\"valueName\":\"search_term_string\"}}],\"inLanguage\":\"fr-FR\"},{\"@type\":\"Organization\",\"@id\":\"https:\/\/soundrums-france.com\/#organization\",\"name\":\"Soundrums-france\",\"url\":\"https:\/\/soundrums-france.com\/\",\"logo\":{\"@type\":\"ImageObject\",\"inLanguage\":\"fr-FR\",\"@id\":\"https:\/\/soundrums-france.com\/#\/schema\/logo\/image\/\",\"url\":\"https:\/\/soundrums-france.com\/wp-content\/uploads\/2020\/10\/LogoSD_HD.jpg\",\"contentUrl\":\"https:\/\/soundrums-france.com\/wp-content\/uploads\/2020\/10\/LogoSD_HD.jpg\",\"width\":1280,\"height\":930,\"caption\":\"Soundrums-france\"},\"image\":{\"@id\":\"https:\/\/soundrums-france.com\/#\/schema\/logo\/image\/\"},\"sameAs\":[\"https:\/\/www.facebook.com\/soundrums\/\",\"https:\/\/www.youtube.com\/channel\/UC4S_W_0ZCdUFH3Y9xkv5bEw\"]}]}<\/script>\n<!-- \/ Yoast SEO plugin. -->","yoast_head_json":{"title":"Peau de frappe 14\" REMO Powerstroke\u00ae 3 sabl\u00e9e (Coated) - Soundrums","description":"Venez d\u00e9couvrir notre Peau de frappe 14\" REMO Powerstroke\u00ae 3 sabl\u00e9e (Coated) haute de gamme.","robots":{"index":"index","follow":"follow","max-snippet":"max-snippet:-1","max-image-preview":"max-image-preview:large","max-video-preview":"max-video-preview:-1"},"canonical":"https:\/\/soundrums-france.com\/index.php\/produit\/peau-de-frappe-remo-ambassador-sablee-coated\/","og_locale":"fr_FR","og_type":"article","og_title":"Peau de frappe 14\" REMO Powerstroke\u00ae 3 sabl\u00e9e (Coated) - Soundrums","og_description":"Venez d\u00e9couvrir notre Peau de frappe 14\" REMO Powerstroke\u00ae 3 sabl\u00e9e (Coated) haute de gamme.","og_url":"https:\/\/soundrums-france.com\/index.php\/produit\/peau-de-frappe-remo-ambassador-sablee-coated\/","og_site_name":"Soundrums","article_publisher":"https:\/\/www.facebook.com\/soundrums\/","article_modified_time":"2024-06-19T13:55:41+00:00","og_image":[{"width":1200,"height":1200,"url":"https:\/\/soundrums-france.com\/wp-content\/uploads\/2020\/12\/Peau-Remo-powerstrocke3-Soundrums.jpg","type":"image\/jpeg"}],"twitter_card":"summary_large_image","schema":{"@context":"https:\/\/schema.org","@graph":[{"@type":"WebPage","@id":"https:\/\/soundrums-france.com\/index.php\/produit\/peau-de-frappe-remo-ambassador-sablee-coated\/","url":"https:\/\/soundrums-france.com\/index.php\/produit\/peau-de-frappe-remo-ambassador-sablee-coated\/","name":"Peau de frappe 14\" REMO Powerstroke\u00ae 3 sabl\u00e9e (Coated) - Soundrums","isPartOf":{"@id":"https:\/\/soundrums-france.com\/#website"},"primaryImageOfPage":{"@id":"https:\/\/soundrums-france.com\/index.php\/produit\/peau-de-frappe-remo-ambassador-sablee-coated\/#primaryimage"},"image":{"@id":"https:\/\/soundrums-france.com\/index.php\/produit\/peau-de-frappe-remo-ambassador-sablee-coated\/#primaryimage"},"thumbnailUrl":"https:\/\/soundrums-france.com\/wp-content\/uploads\/2020\/12\/Peau-Remo-powerstrocke3-Soundrums.webp","datePublished":"2020-12-11T08:48:42+00:00","dateModified":"2024-06-19T13:55:41+00:00","description":"Venez d\u00e9couvrir notre Peau de frappe 14\" REMO Powerstroke\u00ae 3 sabl\u00e9e (Coated) haute de gamme.","breadcrumb":{"@id":"https:\/\/soundrums-france.com\/index.php\/produit\/peau-de-frappe-remo-ambassador-sablee-coated\/#breadcrumb"},"inLanguage":"fr-FR","potentialAction":[{"@type":"ReadAction","target":["https:\/\/soundrums-france.com\/index.php\/produit\/peau-de-frappe-remo-ambassador-sablee-coated\/"]}]},{"@type":"ImageObject","inLanguage":"fr-FR","@id":"https:\/\/soundrums-france.com\/index.php\/produit\/peau-de-frappe-remo-ambassador-sablee-coated\/#primaryimage","url":"https:\/\/soundrums-france.com\/wp-content\/uploads\/2020\/12\/Peau-Remo-powerstrocke3-Soundrums.webp","contentUrl":"https:\/\/soundrums-france.com\/wp-content\/uploads\/2020\/12\/Peau-Remo-powerstrocke3-Soundrums.webp","width":1200,"height":1200,"caption":"Peau Remo"},{"@type":"BreadcrumbList","@id":"https:\/\/soundrums-france.com\/index.php\/produit\/peau-de-frappe-remo-ambassador-sablee-coated\/#breadcrumb","itemListElement":[{"@type":"ListItem","position":1,"name":"Accueil","item":"https:\/\/soundrums-france.com\/"},{"@type":"ListItem","position":2,"name":"Des produits","item":"https:\/\/soundrums-france.com\/index.php\/shop\/"},{"@type":"ListItem","position":3,"name":"Peau de frappe 14&Prime; REMO Powerstroke\u00ae 3 sabl\u00e9e (Coated)"}]},{"@type":"WebSite","@id":"https:\/\/soundrums-france.com\/#website","url":"https:\/\/soundrums-france.com\/","name":"Soundrums","description":"Manufacture Fran\u00e7aise de tambours","publisher":{"@id":"https:\/\/soundrums-france.com\/#organization"},"potentialAction":[{"@type":"SearchAction","target":{"@type":"EntryPoint","urlTemplate":"https:\/\/soundrums-france.com\/?s={search_term_string}"},"query-input":{"@type":"PropertyValueSpecification","valueRequired":true,"valueName":"search_term_string"}}],"inLanguage":"fr-FR"},{"@type":"Organization","@id":"https:\/\/soundrums-france.com\/#organization","name":"Soundrums-france","url":"https:\/\/soundrums-france.com\/","logo":{"@type":"ImageObject","inLanguage":"fr-FR","@id":"https:\/\/soundrums-france.com\/#\/schema\/logo\/image\/","url":"https:\/\/soundrums-france.com\/wp-content\/uploads\/2020\/10\/LogoSD_HD.jpg","contentUrl":"https:\/\/soundrums-france.com\/wp-content\/uploads\/2020\/10\/LogoSD_HD.jpg","width":1280,"height":930,"caption":"Soundrums-france"},"image":{"@id":"https:\/\/soundrums-france.com\/#\/schema\/logo\/image\/"},"sameAs":["https:\/\/www.facebook.com\/soundrums\/","https:\/\/www.youtube.com\/channel\/UC4S_W_0ZCdUFH3Y9xkv5bEw"]}]}},"uagb_featured_image_src":{"full":["https:\/\/soundrums-france.com\/wp-content\/uploads\/2020\/12\/Peau-Remo-powerstrocke3-Soundrums.webp",1200,1200,false],"thumbnail":["https:\/\/soundrums-france.com\/wp-content\/uploads\/2020\/12\/Peau-Remo-powerstrocke3-Soundrums-150x150.jpg",150,150,true],"medium":["https:\/\/soundrums-france.com\/wp-content\/uploads\/2020\/12\/Peau-Remo-powerstrocke3-Soundrums-300x300.jpg",300,300,true],"medium_large":["https:\/\/soundrums-france.com\/wp-content\/uploads\/2020\/12\/Peau-Remo-powerstrocke3-Soundrums-768x768.jpg",768,768,true],"large":["https:\/\/soundrums-france.com\/wp-content\/uploads\/2020\/12\/Peau-Remo-powerstrocke3-Soundrums-1024x1024.jpg",1024,1024,true],"1536x1536":["https:\/\/soundrums-france.com\/wp-content\/uploads\/2020\/12\/Peau-Remo-powerstrocke3-Soundrums.webp",1200,1200,false],"2048x2048":["https:\/\/soundrums-france.com\/wp-content\/uploads\/2020\/12\/Peau-Remo-powerstrocke3-Soundrums.webp",1200,1200,false],"woocommerce_thumbnail":["https:\/\/soundrums-france.com\/wp-content\/uploads\/2020\/12\/Peau-Remo-powerstrocke3-Soundrums-300x300.jpg",300,300,true],"woocommerce_single":["https:\/\/soundrums-france.com\/wp-content\/uploads\/2020\/12\/Peau-Remo-powerstrocke3-Soundrums-600x600.jpg",600,600,true],"woocommerce_gallery_thumbnail":["https:\/\/soundrums-france.com\/wp-content\/uploads\/2020\/12\/Peau-Remo-powerstrocke3-Soundrums-100x100.jpg",100,100,true]},"uagb_author_info":{"display_name":"Emmanuel JAY","author_link":"https:\/\/soundrums-france.com\/index.php\/author\/"},"uagb_comment_info":0,"uagb_excerpt":"La peau de frappe Remo Powerstroke\u00ae 3 est compos\u00e9e d'un simple-pli de 10 milli\u00e8me d'\u00e9paisseur, o\u00f9 figurent deux fins cercles noirs concentriques sur le dessus. Cette peau int\u00e8gre aussi un anneau fin et transparent fix\u00e9 sur le bord externe de la face inf\u00e9rieure (dessous) de la peau, qui filtre les harmoniques ind\u00e9sirables. Diam\u00e8tre 14\" Ambassador\u2026","wcpa_form_fields":null,"_links":{"self":[{"href":"https:\/\/soundrums-france.com\/index.php\/wp-json\/wp\/v2\/product\/32460","targetHints":{"allow":["GET"]}}],"collection":[{"href":"https:\/\/soundrums-france.com\/index.php\/wp-json\/wp\/v2\/product"}],"about":[{"href":"https:\/\/soundrums-france.com\/index.php\/wp-json\/wp\/v2\/types\/product"}],"replies":[{"embeddable":true,"href":"https:\/\/soundrums-france.com\/index.php\/wp-json\/wp\/v2\/comments?post=32460"}],"version-history":[{"count":1,"href":"https:\/\/soundrums-france.com\/index.php\/wp-json\/wp\/v2\/product\/32460\/revisions"}],"predecessor-version":[{"id":36984,"href":"https:\/\/soundrums-france.com\/index.php\/wp-json\/wp\/v2\/product\/32460\/revisions\/36984"}],"wp:featuredmedia":[{"embeddable":true,"href":"https:\/\/soundrums-france.com\/index.php\/wp-json\/wp\/v2\/media\/32446"}],"wp:attachment":[{"href":"https:\/\/soundrums-france.com\/index.php\/wp-json\/wp\/v2\/media?parent=32460"}],"wp:term":[{"taxonomy":"product_cat","embeddable":true,"href":"https:\/\/soundrums-france.com\/index.php\/wp-json\/wp\/v2\/product_cat?post=32460"},{"taxonomy":"product_tag","embeddable":true,"href":"https:\/\/soundrums-france.com\/index.php\/wp-json\/wp\/v2\/product_tag?post=32460"}],"curies":[{"name":"wp","href":"https:\/\/api.w.org\/{rel}","templated":true}]}}