{"id":32472,"date":"2020-12-11T13:29:41","date_gmt":"2020-12-11T12:29:41","guid":{"rendered":"https:\/\/soundrums-france.com\/?post_type=product&#038;p=32472"},"modified":"2025-01-14T17:09:38","modified_gmt":"2025-01-14T16:09:38","slug":"baudriers-soundrums-cuir-avec-porte-baguettes-cuir","status":"publish","type":"product","link":"https:\/\/soundrums-france.com\/index.php\/produit\/baudriers-soundrums-cuir-avec-porte-baguettes-cuir\/","title":{"rendered":"Baudriers Soundrums Cuir avec porte-baguettes cuir (Noir ou blanc)"},"content":{"rendered":"<div id=\"product-description-short-831\" class=\"rte-content\">\n<p>Baudriers avec porte baguettes Soundrums cuir avec porte baguettes cuir.<\/p>\n<div class=\"kvgmc6g5 cxmmr5t8 oygrvhab hcukyx3x c1et5uql ii04i59q\">\n<ul>\n<li dir=\"auto\">Cuir fran\u00e7ais, pleine fleur<\/li>\n<li>Doublure feutrine<\/li>\n<li>Coupe confort<\/li>\n<li dir=\"auto\">Tannage v\u00e9g\u00e9tal respectant l&rsquo;Homme et l&rsquo;environnement.<\/li>\n<li dir=\"auto\">Couture faite \u00e0 la main, finition soign\u00e9e<\/li>\n<li dir=\"auto\">100% made in France<\/li>\n<li dir=\"auto\"><strong>Coloris cuir disponibles : blanc, noir<\/strong><\/li>\n<\/ul>\n<\/div>\n<\/div>\n","protected":false},"excerpt":{"rendered":"<p>Baudriers avec porte baguettes Soundrums cuir avec porte baguettes cuir.<\/p>\n<div class=\"kvgmc6g5 cxmmr5t8 oygrvhab hcukyx3x c1et5uql ii04i59q\">\n<ul>\n<li dir=\"auto\">Cuir fran\u00e7ais, pleine fleur<\/li>\n<li>Doublure feutrine<\/li>\n<li>Coupe confort<\/li>\n<li dir=\"auto\">Tannage v\u00e9g\u00e9tal respectant l&rsquo;Homme et l&rsquo;environnement.<\/li>\n<li dir=\"auto\">Couture faite \u00e0 la main, finition soign\u00e9e<\/li>\n<li dir=\"auto\">100% made in France<\/li>\n<li dir=\"auto\"><strong>Coloris cuir disponibles : blanc, noir<\/strong><\/li>\n<\/ul>\n<\/div>\n<p>Tailles:<\/p>\n<ul>\n<li>1\/2 ou enfant &#8211; longueur 110cm<\/li>\n<li>3\/4 ou adolescent \/ adulte &#8211; longueur 130cm<\/li>\n<li>4\/4 ou adulte &#8211; longueur 150cm<\/li>\n<li>5\/4 adulte tr\u00e8s grand ou fort &#8211; longueur 170cm<\/li>\n<\/ul>\n","protected":false},"featured_media":37579,"comment_status":"open","ping_status":"closed","template":"","meta":{"_uag_custom_page_level_css":"","site-sidebar-layout":"default","site-content-layout":"default","ast-global-header-display":"","ast-banner-title-visibility":"","ast-main-header-display":"","ast-hfb-above-header-display":"","ast-hfb-below-header-display":"","ast-hfb-mobile-header-display":"","site-post-title":"","ast-breadcrumbs-content":"","ast-featured-img":"","footer-sml-layout":"","theme-transparent-header-meta":"default","adv-header-id-meta":"","stick-header-meta":"","header-above-stick-meta":"","header-main-stick-meta":"","header-below-stick-meta":""},"product_cat":[187,196],"product_tag":[],"class_list":{"0":"post-32472","1":"product","2":"type-product","3":"status-publish","4":"has-post-thumbnail","6":"product_cat-accessoires","7":"product_cat-baudriers-et-harnais","8":"desktop-align-left","9":"tablet-align-left","10":"mobile-align-left","11":"wcpa_has_options","13":"first","14":"instock","15":"taxable","16":"shipping-taxable","17":"purchasable","18":"product-type-simple"},"yoast_head":"<!-- This site is optimized with the Yoast SEO plugin v24.1 - https:\/\/yoast.com\/wordpress\/plugins\/seo\/ -->\n<title>Baudriers Soundrums Cuir avec porte-baguettes cuir (Noir ou blanc) - Soundrums<\/title>\n<meta name=\"description\" content=\"Venez d\u00e9couvrir notre Baudriers Soundrums Cuir avec porte-baguettes cuir (Noir ou blanc) haute de gamme.\" \/>\n<meta name=\"robots\" content=\"index, follow, max-snippet:-1, max-image-preview:large, max-video-preview:-1\" \/>\n<link rel=\"canonical\" href=\"https:\/\/soundrums-france.com\/index.php\/produit\/baudriers-soundrums-cuir-avec-porte-baguettes-cuir\/\" \/>\n<meta property=\"og:locale\" content=\"fr_FR\" \/>\n<meta property=\"og:type\" content=\"article\" \/>\n<meta property=\"og:title\" content=\"Baudriers Soundrums Cuir avec porte-baguettes cuir (Noir ou blanc) - Soundrums\" \/>\n<meta property=\"og:description\" content=\"Venez d\u00e9couvrir notre Baudriers Soundrums Cuir avec porte-baguettes cuir (Noir ou blanc) haute de gamme.\" \/>\n<meta property=\"og:url\" content=\"https:\/\/soundrums-france.com\/index.php\/produit\/baudriers-soundrums-cuir-avec-porte-baguettes-cuir\/\" \/>\n<meta property=\"og:site_name\" content=\"Soundrums\" \/>\n<meta property=\"article:publisher\" content=\"https:\/\/www.facebook.com\/soundrums\/\" \/>\n<meta property=\"article:modified_time\" content=\"2025-01-14T16:09:38+00:00\" \/>\n<meta property=\"og:image\" content=\"https:\/\/soundrums-france.com\/wp-content\/uploads\/2020\/12\/Baudrier-web.webp\" \/>\n\t<meta property=\"og:image:width\" content=\"1200\" \/>\n\t<meta property=\"og:image:height\" content=\"1200\" \/>\n\t<meta property=\"og:image:type\" content=\"image\/jpeg\" \/>\n<meta name=\"twitter:card\" content=\"summary_large_image\" \/>\n<meta name=\"twitter:label1\" content=\"Dur\u00e9e de lecture estim\u00e9e\" \/>\n\t<meta name=\"twitter:data1\" content=\"1 minute\" \/>\n<script type=\"application\/ld+json\" class=\"yoast-schema-graph\">{\"@context\":\"https:\/\/schema.org\",\"@graph\":[{\"@type\":\"WebPage\",\"@id\":\"https:\/\/soundrums-france.com\/index.php\/produit\/baudriers-soundrums-cuir-avec-porte-baguettes-cuir\/\",\"url\":\"https:\/\/soundrums-france.com\/index.php\/produit\/baudriers-soundrums-cuir-avec-porte-baguettes-cuir\/\",\"name\":\"Baudriers Soundrums Cuir avec porte-baguettes cuir (Noir ou blanc) - Soundrums\",\"isPartOf\":{\"@id\":\"https:\/\/soundrums-france.com\/#website\"},\"primaryImageOfPage\":{\"@id\":\"https:\/\/soundrums-france.com\/index.php\/produit\/baudriers-soundrums-cuir-avec-porte-baguettes-cuir\/#primaryimage\"},\"image\":{\"@id\":\"https:\/\/soundrums-france.com\/index.php\/produit\/baudriers-soundrums-cuir-avec-porte-baguettes-cuir\/#primaryimage\"},\"thumbnailUrl\":\"https:\/\/soundrums-france.com\/wp-content\/uploads\/2020\/12\/Baudrier-web.webp\",\"datePublished\":\"2020-12-11T12:29:41+00:00\",\"dateModified\":\"2025-01-14T16:09:38+00:00\",\"description\":\"Venez d\u00e9couvrir notre Baudriers Soundrums Cuir avec porte-baguettes cuir (Noir ou blanc) haute de gamme.\",\"breadcrumb\":{\"@id\":\"https:\/\/soundrums-france.com\/index.php\/produit\/baudriers-soundrums-cuir-avec-porte-baguettes-cuir\/#breadcrumb\"},\"inLanguage\":\"fr-FR\",\"potentialAction\":[{\"@type\":\"ReadAction\",\"target\":[\"https:\/\/soundrums-france.com\/index.php\/produit\/baudriers-soundrums-cuir-avec-porte-baguettes-cuir\/\"]}]},{\"@type\":\"ImageObject\",\"inLanguage\":\"fr-FR\",\"@id\":\"https:\/\/soundrums-france.com\/index.php\/produit\/baudriers-soundrums-cuir-avec-porte-baguettes-cuir\/#primaryimage\",\"url\":\"https:\/\/soundrums-france.com\/wp-content\/uploads\/2020\/12\/Baudrier-web.webp\",\"contentUrl\":\"https:\/\/soundrums-france.com\/wp-content\/uploads\/2020\/12\/Baudrier-web.webp\",\"width\":1200,\"height\":1200,\"caption\":\"Baudriers Soundrums France Cuir Tambour\"},{\"@type\":\"BreadcrumbList\",\"@id\":\"https:\/\/soundrums-france.com\/index.php\/produit\/baudriers-soundrums-cuir-avec-porte-baguettes-cuir\/#breadcrumb\",\"itemListElement\":[{\"@type\":\"ListItem\",\"position\":1,\"name\":\"Accueil\",\"item\":\"https:\/\/soundrums-france.com\/\"},{\"@type\":\"ListItem\",\"position\":2,\"name\":\"Des produits\",\"item\":\"https:\/\/soundrums-france.com\/index.php\/shop\/\"},{\"@type\":\"ListItem\",\"position\":3,\"name\":\"Baudriers Soundrums Cuir avec porte-baguettes cuir (Noir ou blanc)\"}]},{\"@type\":\"WebSite\",\"@id\":\"https:\/\/soundrums-france.com\/#website\",\"url\":\"https:\/\/soundrums-france.com\/\",\"name\":\"Soundrums\",\"description\":\"Manufacture Fran\u00e7aise de tambours\",\"publisher\":{\"@id\":\"https:\/\/soundrums-france.com\/#organization\"},\"potentialAction\":[{\"@type\":\"SearchAction\",\"target\":{\"@type\":\"EntryPoint\",\"urlTemplate\":\"https:\/\/soundrums-france.com\/?s={search_term_string}\"},\"query-input\":{\"@type\":\"PropertyValueSpecification\",\"valueRequired\":true,\"valueName\":\"search_term_string\"}}],\"inLanguage\":\"fr-FR\"},{\"@type\":\"Organization\",\"@id\":\"https:\/\/soundrums-france.com\/#organization\",\"name\":\"Soundrums-france\",\"url\":\"https:\/\/soundrums-france.com\/\",\"logo\":{\"@type\":\"ImageObject\",\"inLanguage\":\"fr-FR\",\"@id\":\"https:\/\/soundrums-france.com\/#\/schema\/logo\/image\/\",\"url\":\"https:\/\/soundrums-france.com\/wp-content\/uploads\/2020\/10\/LogoSD_HD.jpg\",\"contentUrl\":\"https:\/\/soundrums-france.com\/wp-content\/uploads\/2020\/10\/LogoSD_HD.jpg\",\"width\":1280,\"height\":930,\"caption\":\"Soundrums-france\"},\"image\":{\"@id\":\"https:\/\/soundrums-france.com\/#\/schema\/logo\/image\/\"},\"sameAs\":[\"https:\/\/www.facebook.com\/soundrums\/\",\"https:\/\/www.youtube.com\/channel\/UC4S_W_0ZCdUFH3Y9xkv5bEw\"]}]}<\/script>\n<!-- \/ Yoast SEO plugin. -->","yoast_head_json":{"title":"Baudriers Soundrums Cuir avec porte-baguettes cuir (Noir ou blanc) - Soundrums","description":"Venez d\u00e9couvrir notre Baudriers Soundrums Cuir avec porte-baguettes cuir (Noir ou blanc) haute de gamme.","robots":{"index":"index","follow":"follow","max-snippet":"max-snippet:-1","max-image-preview":"max-image-preview:large","max-video-preview":"max-video-preview:-1"},"canonical":"https:\/\/soundrums-france.com\/index.php\/produit\/baudriers-soundrums-cuir-avec-porte-baguettes-cuir\/","og_locale":"fr_FR","og_type":"article","og_title":"Baudriers Soundrums Cuir avec porte-baguettes cuir (Noir ou blanc) - Soundrums","og_description":"Venez d\u00e9couvrir notre Baudriers Soundrums Cuir avec porte-baguettes cuir (Noir ou blanc) haute de gamme.","og_url":"https:\/\/soundrums-france.com\/index.php\/produit\/baudriers-soundrums-cuir-avec-porte-baguettes-cuir\/","og_site_name":"Soundrums","article_publisher":"https:\/\/www.facebook.com\/soundrums\/","article_modified_time":"2025-01-14T16:09:38+00:00","og_image":[{"width":1200,"height":1200,"url":"https:\/\/soundrums-france.com\/wp-content\/uploads\/2020\/12\/Baudrier-web.webp","type":"image\/jpeg"}],"twitter_card":"summary_large_image","twitter_misc":{"Dur\u00e9e de lecture estim\u00e9e":"1 minute"},"schema":{"@context":"https:\/\/schema.org","@graph":[{"@type":"WebPage","@id":"https:\/\/soundrums-france.com\/index.php\/produit\/baudriers-soundrums-cuir-avec-porte-baguettes-cuir\/","url":"https:\/\/soundrums-france.com\/index.php\/produit\/baudriers-soundrums-cuir-avec-porte-baguettes-cuir\/","name":"Baudriers Soundrums Cuir avec porte-baguettes cuir (Noir ou blanc) - Soundrums","isPartOf":{"@id":"https:\/\/soundrums-france.com\/#website"},"primaryImageOfPage":{"@id":"https:\/\/soundrums-france.com\/index.php\/produit\/baudriers-soundrums-cuir-avec-porte-baguettes-cuir\/#primaryimage"},"image":{"@id":"https:\/\/soundrums-france.com\/index.php\/produit\/baudriers-soundrums-cuir-avec-porte-baguettes-cuir\/#primaryimage"},"thumbnailUrl":"https:\/\/soundrums-france.com\/wp-content\/uploads\/2020\/12\/Baudrier-web.webp","datePublished":"2020-12-11T12:29:41+00:00","dateModified":"2025-01-14T16:09:38+00:00","description":"Venez d\u00e9couvrir notre Baudriers Soundrums Cuir avec porte-baguettes cuir (Noir ou blanc) haute de gamme.","breadcrumb":{"@id":"https:\/\/soundrums-france.com\/index.php\/produit\/baudriers-soundrums-cuir-avec-porte-baguettes-cuir\/#breadcrumb"},"inLanguage":"fr-FR","potentialAction":[{"@type":"ReadAction","target":["https:\/\/soundrums-france.com\/index.php\/produit\/baudriers-soundrums-cuir-avec-porte-baguettes-cuir\/"]}]},{"@type":"ImageObject","inLanguage":"fr-FR","@id":"https:\/\/soundrums-france.com\/index.php\/produit\/baudriers-soundrums-cuir-avec-porte-baguettes-cuir\/#primaryimage","url":"https:\/\/soundrums-france.com\/wp-content\/uploads\/2020\/12\/Baudrier-web.webp","contentUrl":"https:\/\/soundrums-france.com\/wp-content\/uploads\/2020\/12\/Baudrier-web.webp","width":1200,"height":1200,"caption":"Baudriers Soundrums France Cuir Tambour"},{"@type":"BreadcrumbList","@id":"https:\/\/soundrums-france.com\/index.php\/produit\/baudriers-soundrums-cuir-avec-porte-baguettes-cuir\/#breadcrumb","itemListElement":[{"@type":"ListItem","position":1,"name":"Accueil","item":"https:\/\/soundrums-france.com\/"},{"@type":"ListItem","position":2,"name":"Des produits","item":"https:\/\/soundrums-france.com\/index.php\/shop\/"},{"@type":"ListItem","position":3,"name":"Baudriers Soundrums Cuir avec porte-baguettes cuir (Noir ou blanc)"}]},{"@type":"WebSite","@id":"https:\/\/soundrums-france.com\/#website","url":"https:\/\/soundrums-france.com\/","name":"Soundrums","description":"Manufacture Fran\u00e7aise de tambours","publisher":{"@id":"https:\/\/soundrums-france.com\/#organization"},"potentialAction":[{"@type":"SearchAction","target":{"@type":"EntryPoint","urlTemplate":"https:\/\/soundrums-france.com\/?s={search_term_string}"},"query-input":{"@type":"PropertyValueSpecification","valueRequired":true,"valueName":"search_term_string"}}],"inLanguage":"fr-FR"},{"@type":"Organization","@id":"https:\/\/soundrums-france.com\/#organization","name":"Soundrums-france","url":"https:\/\/soundrums-france.com\/","logo":{"@type":"ImageObject","inLanguage":"fr-FR","@id":"https:\/\/soundrums-france.com\/#\/schema\/logo\/image\/","url":"https:\/\/soundrums-france.com\/wp-content\/uploads\/2020\/10\/LogoSD_HD.jpg","contentUrl":"https:\/\/soundrums-france.com\/wp-content\/uploads\/2020\/10\/LogoSD_HD.jpg","width":1280,"height":930,"caption":"Soundrums-france"},"image":{"@id":"https:\/\/soundrums-france.com\/#\/schema\/logo\/image\/"},"sameAs":["https:\/\/www.facebook.com\/soundrums\/","https:\/\/www.youtube.com\/channel\/UC4S_W_0ZCdUFH3Y9xkv5bEw"]}]}},"uagb_featured_image_src":{"full":["https:\/\/soundrums-france.com\/wp-content\/uploads\/2020\/12\/Baudrier-web.webp",1200,1200,false],"thumbnail":["https:\/\/soundrums-france.com\/wp-content\/uploads\/2020\/12\/Baudrier-web-150x150.webp",150,150,true],"medium":["https:\/\/soundrums-france.com\/wp-content\/uploads\/2020\/12\/Baudrier-web-300x300.webp",300,300,true],"medium_large":["https:\/\/soundrums-france.com\/wp-content\/uploads\/2020\/12\/Baudrier-web-768x768.webp",768,768,true],"large":["https:\/\/soundrums-france.com\/wp-content\/uploads\/2020\/12\/Baudrier-web-1024x1024.webp",1024,1024,true],"1536x1536":["https:\/\/soundrums-france.com\/wp-content\/uploads\/2020\/12\/Baudrier-web.webp",1200,1200,false],"2048x2048":["https:\/\/soundrums-france.com\/wp-content\/uploads\/2020\/12\/Baudrier-web.webp",1200,1200,false],"woocommerce_thumbnail":["https:\/\/soundrums-france.com\/wp-content\/uploads\/2020\/12\/Baudrier-web-300x300.webp",300,300,true],"woocommerce_single":["https:\/\/soundrums-france.com\/wp-content\/uploads\/2020\/12\/Baudrier-web-600x600.webp",600,600,true],"woocommerce_gallery_thumbnail":["https:\/\/soundrums-france.com\/wp-content\/uploads\/2020\/12\/Baudrier-web-100x100.webp",100,100,true]},"uagb_author_info":{"display_name":"Emmanuel JAY","author_link":"https:\/\/soundrums-france.com\/index.php\/author\/"},"uagb_comment_info":0,"uagb_excerpt":"Baudriers avec porte baguettes Soundrums cuir avec porte baguettes cuir. Cuir fran\u00e7ais, pleine fleur Doublure feutrine Coupe confort Tannage v\u00e9g\u00e9tal respectant l'Homme et l'environnement. Couture faite \u00e0 la main, finition soign\u00e9e 100% made in France Coloris cuir disponibles : blanc, noir Tailles: 1\/2 ou enfant - longueur 110cm 3\/4 ou adolescent \/ adulte - longueur\u2026","wcpa_form_fields":{"wcpaData":{"product":{"product_price":135,"price_html":"<span class=\"woocommerce-Price-amount amount\"><bdi>135,00<span class=\"woocommerce-Price-currencySymbol\">&euro;<\/span><\/bdi><\/span>","original_product_price":135,"price_including_tax":135,"price_excluding_tax":127.962085,"product_id":{"parent":32472,"variation":false},"is_variable":false,"stock_status":"instock","stock_quantity":null,"parent_sku":"Baudrier","product_attributes":[],"custom_fields":[],"is_taxable":true,"product_name":"Baudriers Soundrums Cuir avec porte-baguettes cuir (Noir ou blanc)"},"fields":{"sec_26786810dddc65":{"extra":{"key":"sec_26786810dddc65","section_id":"sec_26786810dddc65","name":"Default","status":1,"cl_rule":"show","enableCl":false,"relations":[],"toggle":true,"title_tag":"h3","show_title":false,"showPrice":"default","form_id":37572,"form_rules":{"exclude_from_discount":false,"fee_label":"Frais","disp_hide_options_price":false,"disp_show_section_price":false,"disp_show_field_price":true,"layout_option":"standard","pric_use_as_fee":false,"process_fee_as":"woo_fee"},"layout_option":"standard"},"fields":[[{"type":"select","required":true,"elementId":"select_56786810dddcc0","label":"Taille","priceOptions":"different_for_all","pricingType":"fixed","name":"select_56786810dddcc0","cl_rule":"show","col":6,"values":[{"label":"4\/4","value":"option-3","price":"","pimage":"","pimage_id":"","pthumb":"","tempId":"aco_1538","gt_translate_keys":["label"]},{"label":"1\/2","value":"option-1","price":"","pimage":"","pimage_id":"","pthumb":"","tempId":"aco_1536","gt_translate_keys":["label"]},{"label":"3\/4","value":"option-2","price":"","pimage":"","pimage_id":"","pthumb":"","tempId":"aco_1537","gt_translate_keys":["label"]},{"label":"5\/4","value":"option-5","price":"","pimage":"","pimage_id":"","pthumb":"","tempId":"aco_1539","gt_translate_keys":["label"]}],"relations":false,"active":true,"tooltip":"","dropdown_type":"basic","error":false,"gt_translate_keys":["label","tooltip"],"price_dependency":false,"cl_dependency":false,"value":""}],[{"type":"select","required":true,"elementId":"select_66786810dddce0","label":"Coloris","priceOptions":"different_for_all","pricingType":"fixed","name":"select_66786810dddce0","cl_rule":"show","col":6,"values":[{"label":"Noir","value":"option-1","price":"","pimage":"","pimage_id":"","pthumb":"","tempId":"aco_177","gt_translate_keys":["label"]},{"label":"Blanc","value":"option-2","price":"","pimage":"","pimage_id":"","pthumb":"","tempId":"aco_178","gt_translate_keys":["label"]}],"relations":false,"active":true,"tooltip":"","dropdown_type":"basic","error":false,"gt_translate_keys":["label","tooltip"],"price_dependency":false,"cl_dependency":false,"value":""}]]}},"config":{"price_override":"","enable_recaptcha":false,"bind_quantity":false,"quantity_bind_formula":false,"disp_summ_show_option_price":true,"disp_summ_show_product_price":true,"disp_summ_show_total_price":true,"disp_summ_show_fee":false,"disp_summ_show_discount":false,"summary_title":"","options_total_label":"Montant des options","total_label":"Total","options_product_label":"Prix du produit","fee_label":"Frais","discount_label":"Discount","has_price":true,"has_quantity_formula":false},"mc_unit":1,"tax_rate":1,"tax_rate_real":0.055,"discount":{"percentage":0,"fixed":0},"design":{"conf":{"LabelPosition":"above","DescPosition":"left","UploadField":"custom_1","QuantityFieldStyle":"default"},"css":{"LeftLabelWidth":"120px"}},"formulas":[],"clones":false,"cartKey":false}},"_links":{"self":[{"href":"https:\/\/soundrums-france.com\/index.php\/wp-json\/wp\/v2\/product\/32472","targetHints":{"allow":["GET"]}}],"collection":[{"href":"https:\/\/soundrums-france.com\/index.php\/wp-json\/wp\/v2\/product"}],"about":[{"href":"https:\/\/soundrums-france.com\/index.php\/wp-json\/wp\/v2\/types\/product"}],"replies":[{"embeddable":true,"href":"https:\/\/soundrums-france.com\/index.php\/wp-json\/wp\/v2\/comments?post=32472"}],"version-history":[{"count":5,"href":"https:\/\/soundrums-france.com\/index.php\/wp-json\/wp\/v2\/product\/32472\/revisions"}],"predecessor-version":[{"id":33719,"href":"https:\/\/soundrums-france.com\/index.php\/wp-json\/wp\/v2\/product\/32472\/revisions\/33719"}],"wp:featuredmedia":[{"embeddable":true,"href":"https:\/\/soundrums-france.com\/index.php\/wp-json\/wp\/v2\/media\/37579"}],"wp:attachment":[{"href":"https:\/\/soundrums-france.com\/index.php\/wp-json\/wp\/v2\/media?parent=32472"}],"wp:term":[{"taxonomy":"product_cat","embeddable":true,"href":"https:\/\/soundrums-france.com\/index.php\/wp-json\/wp\/v2\/product_cat?post=32472"},{"taxonomy":"product_tag","embeddable":true,"href":"https:\/\/soundrums-france.com\/index.php\/wp-json\/wp\/v2\/product_tag?post=32472"}],"curies":[{"name":"wp","href":"https:\/\/api.w.org\/{rel}","templated":true}]}}