{"id":32612,"date":"2020-12-16T20:18:04","date_gmt":"2020-12-16T19:18:04","guid":{"rendered":"https:\/\/soundrums-france.com\/?post_type=product&#038;p=32612"},"modified":"2024-06-19T15:43:35","modified_gmt":"2024-06-19T13:43:35","slug":"pour-debuter-15-pieces-facile-pour-tambour-emmanuel-jay","status":"publish","type":"product","link":"https:\/\/soundrums-france.com\/index.php\/produit\/pour-debuter-15-pieces-facile-pour-tambour-emmanuel-jay\/","title":{"rendered":"Pour d\u00e9buter ! 15 pi\u00e8ces facile pour tambour &#8211; Emmanuel JAY"},"content":{"rendered":"<p><strong>Dans la collection: \u00ab\u00a0TAMBOUR DU XXIe SI\u00c8CLE\u00a0\u00bb<\/strong><\/p>\n<p>\u00ab Pour d\u00e9buter \u00bb est un recueil de pi\u00e8ces pour 1er cycle regroupant, \u00e0 diff\u00e9rents degr\u00e9s, les difficult\u00e9s techniques n\u00e9cessaires \u00e0 l\u2019apprentissage du tambour. Petit \u00e0 petit, l\u2019interpr\u00e8te se familiarise avec l\u2019\u00e9criture, les doigt\u00e9s, mais \u00e9galement les symboles \u00e0 conna\u00eetre et ma\u00eetriser : reprises, nuances, accents, etc. Les vitesses d\u2019ex\u00e9cution sont donn\u00e9es \u00e0 titre d\u2019exemple et peuvent \u00eatre adapt\u00e9es aux \u00e9l\u00e8ves. Il est important de garder \u00e0 l\u2019esprit la construction musicale et l\u2019interpr\u00e9tation. La musicalit\u00e9 est aussi importante que l\u2019ex\u00e9cution technique. Les duos viennent ponctuer cet ouvrage pour agr\u00e9menter les cours, auditions et concerts et pour garder l&rsquo;importance fondamentale de la pratique d\u2019ensemble.<\/p>\n<p>Dans le recueil :<\/p>\n<p>Avant Premi\u00e8re<br \/>\nFarandole (Duo)<br \/>\nPour d\u00e9buter !<br \/>\nPr\u00e9paration<br \/>\nPremiers pas<br \/>\nPile ou face (Duo)<br \/>\nLes Jeunes Savoyards<br \/>\nTagada<br \/>\nBagatelle (Duo)<br \/>\nPremi\u00e8re valse<br \/>\nAu pas !<br \/>\nD\u00e9ambulation<br \/>\nPromenons-nous&#8230;<br \/>\nTamaldi?<br \/>\nDuotomatic (Duo)<\/p>\n","protected":false},"excerpt":{"rendered":"<div id=\"product-description-short-773\" class=\"rte-content\">\n<div id=\"product-description-short-816\" class=\"rte-content\">\n<div id=\"description\" class=\"tab-pane in active\">\n<div class=\"product-description\">\n<div class=\"rte-content\">\n<p>Pour d\u00e9buter ! &#8211; 15 pi\u00e8ces facile pour tambour d&rsquo;Emmanuel JAY<br \/>\nCes 15 pi\u00e8ces permettent d&rsquo;acqu\u00e9rir les difficult\u00e9s n\u00e9cessaires \u00e0 l\u2019apprentissage du tambour, tout en respectant la technique traditionnelle de l\u2019\u00e9cole fran\u00e7aise.<\/p>\n<p>4 duos viennent ponctuer cet ouvrage pour agr\u00e9menter les auditions et concerts.<\/p>\n<p>Ces pi\u00e8ces figurent au programme des concours nationaux de 1er cycle.<\/p>\n<\/div>\n<\/div>\n<\/div>\n<\/div>\n<\/div>\n","protected":false},"featured_media":32594,"comment_status":"open","ping_status":"closed","template":"","meta":{"_uag_custom_page_level_css":"","site-sidebar-layout":"default","site-content-layout":"default","ast-global-header-display":"","ast-banner-title-visibility":"","ast-main-header-display":"","ast-hfb-above-header-display":"","ast-hfb-below-header-display":"","ast-hfb-mobile-header-display":"","site-post-title":"","ast-breadcrumbs-content":"","ast-featured-img":"","footer-sml-layout":"","theme-transparent-header-meta":"","adv-header-id-meta":"","stick-header-meta":"","header-above-stick-meta":"","header-main-stick-meta":"","header-below-stick-meta":""},"product_cat":[256,228,257],"product_tag":[],"class_list":{"0":"post-32612","1":"product","2":"type-product","3":"status-publish","4":"has-post-thumbnail","6":"product_cat-librairie","7":"product_cat-partitions","8":"product_cat-methodes","9":"desktop-align-left","10":"tablet-align-left","11":"mobile-align-left","13":"first","14":"instock","15":"taxable","16":"shipping-taxable","17":"purchasable","18":"product-type-simple"},"yoast_head":"<!-- This site is optimized with the Yoast SEO plugin v24.1 - https:\/\/yoast.com\/wordpress\/plugins\/seo\/ -->\n<title>Pour d\u00e9buter ! 15 pi\u00e8ces facile pour tambour - Emmanuel JAY - Soundrums<\/title>\n<meta name=\"description\" content=\"Venez d\u00e9couvrir notre Pour d\u00e9buter ! 15 pi\u00e8ces facile pour tambour - Emmanuel JAY haute de gamme.\" \/>\n<meta name=\"robots\" content=\"index, follow, max-snippet:-1, max-image-preview:large, max-video-preview:-1\" \/>\n<link rel=\"canonical\" href=\"https:\/\/soundrums-france.com\/index.php\/produit\/pour-debuter-15-pieces-facile-pour-tambour-emmanuel-jay\/\" \/>\n<meta property=\"og:locale\" content=\"fr_FR\" \/>\n<meta property=\"og:type\" content=\"article\" \/>\n<meta property=\"og:title\" content=\"Pour d\u00e9buter ! 15 pi\u00e8ces facile pour tambour - Emmanuel JAY - Soundrums\" \/>\n<meta property=\"og:description\" content=\"Venez d\u00e9couvrir notre Pour d\u00e9buter ! 15 pi\u00e8ces facile pour tambour - Emmanuel JAY haute de gamme.\" \/>\n<meta property=\"og:url\" content=\"https:\/\/soundrums-france.com\/index.php\/produit\/pour-debuter-15-pieces-facile-pour-tambour-emmanuel-jay\/\" \/>\n<meta property=\"og:site_name\" content=\"Soundrums\" \/>\n<meta property=\"article:publisher\" content=\"https:\/\/www.facebook.com\/soundrums\/\" \/>\n<meta property=\"article:modified_time\" content=\"2024-06-19T13:43:35+00:00\" \/>\n<meta property=\"og:image\" content=\"https:\/\/soundrums-france.com\/wp-content\/uploads\/2020\/12\/Pour-debuter-1.jpg\" \/>\n\t<meta property=\"og:image:width\" content=\"1200\" \/>\n\t<meta property=\"og:image:height\" content=\"1200\" \/>\n\t<meta property=\"og:image:type\" content=\"image\/jpeg\" \/>\n<meta name=\"twitter:card\" content=\"summary_large_image\" \/>\n<meta name=\"twitter:label1\" content=\"Dur\u00e9e de lecture estim\u00e9e\" \/>\n\t<meta name=\"twitter:data1\" content=\"1 minute\" \/>\n<script type=\"application\/ld+json\" class=\"yoast-schema-graph\">{\"@context\":\"https:\/\/schema.org\",\"@graph\":[{\"@type\":\"WebPage\",\"@id\":\"https:\/\/soundrums-france.com\/index.php\/produit\/pour-debuter-15-pieces-facile-pour-tambour-emmanuel-jay\/\",\"url\":\"https:\/\/soundrums-france.com\/index.php\/produit\/pour-debuter-15-pieces-facile-pour-tambour-emmanuel-jay\/\",\"name\":\"Pour d\u00e9buter ! 15 pi\u00e8ces facile pour tambour - Emmanuel JAY - Soundrums\",\"isPartOf\":{\"@id\":\"https:\/\/soundrums-france.com\/#website\"},\"primaryImageOfPage\":{\"@id\":\"https:\/\/soundrums-france.com\/index.php\/produit\/pour-debuter-15-pieces-facile-pour-tambour-emmanuel-jay\/#primaryimage\"},\"image\":{\"@id\":\"https:\/\/soundrums-france.com\/index.php\/produit\/pour-debuter-15-pieces-facile-pour-tambour-emmanuel-jay\/#primaryimage\"},\"thumbnailUrl\":\"https:\/\/soundrums-france.com\/wp-content\/uploads\/2020\/12\/Pour-debuter-1.webp\",\"datePublished\":\"2020-12-16T19:18:04+00:00\",\"dateModified\":\"2024-06-19T13:43:35+00:00\",\"description\":\"Venez d\u00e9couvrir notre Pour d\u00e9buter ! 15 pi\u00e8ces facile pour tambour - Emmanuel JAY haute de gamme.\",\"breadcrumb\":{\"@id\":\"https:\/\/soundrums-france.com\/index.php\/produit\/pour-debuter-15-pieces-facile-pour-tambour-emmanuel-jay\/#breadcrumb\"},\"inLanguage\":\"fr-FR\",\"potentialAction\":[{\"@type\":\"ReadAction\",\"target\":[\"https:\/\/soundrums-france.com\/index.php\/produit\/pour-debuter-15-pieces-facile-pour-tambour-emmanuel-jay\/\"]}]},{\"@type\":\"ImageObject\",\"inLanguage\":\"fr-FR\",\"@id\":\"https:\/\/soundrums-france.com\/index.php\/produit\/pour-debuter-15-pieces-facile-pour-tambour-emmanuel-jay\/#primaryimage\",\"url\":\"https:\/\/soundrums-france.com\/wp-content\/uploads\/2020\/12\/Pour-debuter-1.webp\",\"contentUrl\":\"https:\/\/soundrums-france.com\/wp-content\/uploads\/2020\/12\/Pour-debuter-1.webp\",\"width\":1200,\"height\":1200,\"caption\":\"Partitions de tambour POUR D\u00c9BUTER - Emmanuel Jay\"},{\"@type\":\"BreadcrumbList\",\"@id\":\"https:\/\/soundrums-france.com\/index.php\/produit\/pour-debuter-15-pieces-facile-pour-tambour-emmanuel-jay\/#breadcrumb\",\"itemListElement\":[{\"@type\":\"ListItem\",\"position\":1,\"name\":\"Accueil\",\"item\":\"https:\/\/soundrums-france.com\/\"},{\"@type\":\"ListItem\",\"position\":2,\"name\":\"Des produits\",\"item\":\"https:\/\/soundrums-france.com\/index.php\/shop\/\"},{\"@type\":\"ListItem\",\"position\":3,\"name\":\"Pour d\u00e9buter ! 15 pi\u00e8ces facile pour tambour &#8211; Emmanuel JAY\"}]},{\"@type\":\"WebSite\",\"@id\":\"https:\/\/soundrums-france.com\/#website\",\"url\":\"https:\/\/soundrums-france.com\/\",\"name\":\"Soundrums\",\"description\":\"Manufacture Fran\u00e7aise de tambours\",\"publisher\":{\"@id\":\"https:\/\/soundrums-france.com\/#organization\"},\"potentialAction\":[{\"@type\":\"SearchAction\",\"target\":{\"@type\":\"EntryPoint\",\"urlTemplate\":\"https:\/\/soundrums-france.com\/?s={search_term_string}\"},\"query-input\":{\"@type\":\"PropertyValueSpecification\",\"valueRequired\":true,\"valueName\":\"search_term_string\"}}],\"inLanguage\":\"fr-FR\"},{\"@type\":\"Organization\",\"@id\":\"https:\/\/soundrums-france.com\/#organization\",\"name\":\"Soundrums-france\",\"url\":\"https:\/\/soundrums-france.com\/\",\"logo\":{\"@type\":\"ImageObject\",\"inLanguage\":\"fr-FR\",\"@id\":\"https:\/\/soundrums-france.com\/#\/schema\/logo\/image\/\",\"url\":\"https:\/\/soundrums-france.com\/wp-content\/uploads\/2020\/10\/LogoSD_HD.jpg\",\"contentUrl\":\"https:\/\/soundrums-france.com\/wp-content\/uploads\/2020\/10\/LogoSD_HD.jpg\",\"width\":1280,\"height\":930,\"caption\":\"Soundrums-france\"},\"image\":{\"@id\":\"https:\/\/soundrums-france.com\/#\/schema\/logo\/image\/\"},\"sameAs\":[\"https:\/\/www.facebook.com\/soundrums\/\",\"https:\/\/www.youtube.com\/channel\/UC4S_W_0ZCdUFH3Y9xkv5bEw\"]}]}<\/script>\n<!-- \/ Yoast SEO plugin. -->","yoast_head_json":{"title":"Pour d\u00e9buter ! 15 pi\u00e8ces facile pour tambour - Emmanuel JAY - Soundrums","description":"Venez d\u00e9couvrir notre Pour d\u00e9buter ! 15 pi\u00e8ces facile pour tambour - Emmanuel JAY haute de gamme.","robots":{"index":"index","follow":"follow","max-snippet":"max-snippet:-1","max-image-preview":"max-image-preview:large","max-video-preview":"max-video-preview:-1"},"canonical":"https:\/\/soundrums-france.com\/index.php\/produit\/pour-debuter-15-pieces-facile-pour-tambour-emmanuel-jay\/","og_locale":"fr_FR","og_type":"article","og_title":"Pour d\u00e9buter ! 15 pi\u00e8ces facile pour tambour - Emmanuel JAY - Soundrums","og_description":"Venez d\u00e9couvrir notre Pour d\u00e9buter ! 15 pi\u00e8ces facile pour tambour - Emmanuel JAY haute de gamme.","og_url":"https:\/\/soundrums-france.com\/index.php\/produit\/pour-debuter-15-pieces-facile-pour-tambour-emmanuel-jay\/","og_site_name":"Soundrums","article_publisher":"https:\/\/www.facebook.com\/soundrums\/","article_modified_time":"2024-06-19T13:43:35+00:00","og_image":[{"width":1200,"height":1200,"url":"https:\/\/soundrums-france.com\/wp-content\/uploads\/2020\/12\/Pour-debuter-1.jpg","type":"image\/jpeg"}],"twitter_card":"summary_large_image","twitter_misc":{"Dur\u00e9e de lecture estim\u00e9e":"1 minute"},"schema":{"@context":"https:\/\/schema.org","@graph":[{"@type":"WebPage","@id":"https:\/\/soundrums-france.com\/index.php\/produit\/pour-debuter-15-pieces-facile-pour-tambour-emmanuel-jay\/","url":"https:\/\/soundrums-france.com\/index.php\/produit\/pour-debuter-15-pieces-facile-pour-tambour-emmanuel-jay\/","name":"Pour d\u00e9buter ! 15 pi\u00e8ces facile pour tambour - Emmanuel JAY - Soundrums","isPartOf":{"@id":"https:\/\/soundrums-france.com\/#website"},"primaryImageOfPage":{"@id":"https:\/\/soundrums-france.com\/index.php\/produit\/pour-debuter-15-pieces-facile-pour-tambour-emmanuel-jay\/#primaryimage"},"image":{"@id":"https:\/\/soundrums-france.com\/index.php\/produit\/pour-debuter-15-pieces-facile-pour-tambour-emmanuel-jay\/#primaryimage"},"thumbnailUrl":"https:\/\/soundrums-france.com\/wp-content\/uploads\/2020\/12\/Pour-debuter-1.webp","datePublished":"2020-12-16T19:18:04+00:00","dateModified":"2024-06-19T13:43:35+00:00","description":"Venez d\u00e9couvrir notre Pour d\u00e9buter ! 15 pi\u00e8ces facile pour tambour - Emmanuel JAY haute de gamme.","breadcrumb":{"@id":"https:\/\/soundrums-france.com\/index.php\/produit\/pour-debuter-15-pieces-facile-pour-tambour-emmanuel-jay\/#breadcrumb"},"inLanguage":"fr-FR","potentialAction":[{"@type":"ReadAction","target":["https:\/\/soundrums-france.com\/index.php\/produit\/pour-debuter-15-pieces-facile-pour-tambour-emmanuel-jay\/"]}]},{"@type":"ImageObject","inLanguage":"fr-FR","@id":"https:\/\/soundrums-france.com\/index.php\/produit\/pour-debuter-15-pieces-facile-pour-tambour-emmanuel-jay\/#primaryimage","url":"https:\/\/soundrums-france.com\/wp-content\/uploads\/2020\/12\/Pour-debuter-1.webp","contentUrl":"https:\/\/soundrums-france.com\/wp-content\/uploads\/2020\/12\/Pour-debuter-1.webp","width":1200,"height":1200,"caption":"Partitions de tambour POUR D\u00c9BUTER - Emmanuel Jay"},{"@type":"BreadcrumbList","@id":"https:\/\/soundrums-france.com\/index.php\/produit\/pour-debuter-15-pieces-facile-pour-tambour-emmanuel-jay\/#breadcrumb","itemListElement":[{"@type":"ListItem","position":1,"name":"Accueil","item":"https:\/\/soundrums-france.com\/"},{"@type":"ListItem","position":2,"name":"Des produits","item":"https:\/\/soundrums-france.com\/index.php\/shop\/"},{"@type":"ListItem","position":3,"name":"Pour d\u00e9buter ! 15 pi\u00e8ces facile pour tambour &#8211; Emmanuel JAY"}]},{"@type":"WebSite","@id":"https:\/\/soundrums-france.com\/#website","url":"https:\/\/soundrums-france.com\/","name":"Soundrums","description":"Manufacture Fran\u00e7aise de tambours","publisher":{"@id":"https:\/\/soundrums-france.com\/#organization"},"potentialAction":[{"@type":"SearchAction","target":{"@type":"EntryPoint","urlTemplate":"https:\/\/soundrums-france.com\/?s={search_term_string}"},"query-input":{"@type":"PropertyValueSpecification","valueRequired":true,"valueName":"search_term_string"}}],"inLanguage":"fr-FR"},{"@type":"Organization","@id":"https:\/\/soundrums-france.com\/#organization","name":"Soundrums-france","url":"https:\/\/soundrums-france.com\/","logo":{"@type":"ImageObject","inLanguage":"fr-FR","@id":"https:\/\/soundrums-france.com\/#\/schema\/logo\/image\/","url":"https:\/\/soundrums-france.com\/wp-content\/uploads\/2020\/10\/LogoSD_HD.jpg","contentUrl":"https:\/\/soundrums-france.com\/wp-content\/uploads\/2020\/10\/LogoSD_HD.jpg","width":1280,"height":930,"caption":"Soundrums-france"},"image":{"@id":"https:\/\/soundrums-france.com\/#\/schema\/logo\/image\/"},"sameAs":["https:\/\/www.facebook.com\/soundrums\/","https:\/\/www.youtube.com\/channel\/UC4S_W_0ZCdUFH3Y9xkv5bEw"]}]}},"uagb_featured_image_src":{"full":["https:\/\/soundrums-france.com\/wp-content\/uploads\/2020\/12\/Pour-debuter-1.webp",1200,1200,false],"thumbnail":["https:\/\/soundrums-france.com\/wp-content\/uploads\/2020\/12\/Pour-debuter-1-150x150.jpg",150,150,true],"medium":["https:\/\/soundrums-france.com\/wp-content\/uploads\/2020\/12\/Pour-debuter-1-300x300.jpg",300,300,true],"medium_large":["https:\/\/soundrums-france.com\/wp-content\/uploads\/2020\/12\/Pour-debuter-1-768x768.jpg",768,768,true],"large":["https:\/\/soundrums-france.com\/wp-content\/uploads\/2020\/12\/Pour-debuter-1-1024x1024.jpg",1024,1024,true],"1536x1536":["https:\/\/soundrums-france.com\/wp-content\/uploads\/2020\/12\/Pour-debuter-1.webp",1200,1200,false],"2048x2048":["https:\/\/soundrums-france.com\/wp-content\/uploads\/2020\/12\/Pour-debuter-1.webp",1200,1200,false],"woocommerce_thumbnail":["https:\/\/soundrums-france.com\/wp-content\/uploads\/2020\/12\/Pour-debuter-1-300x300.jpg",300,300,true],"woocommerce_single":["https:\/\/soundrums-france.com\/wp-content\/uploads\/2020\/12\/Pour-debuter-1-600x600.jpg",600,600,true],"woocommerce_gallery_thumbnail":["https:\/\/soundrums-france.com\/wp-content\/uploads\/2020\/12\/Pour-debuter-1-100x100.jpg",100,100,true]},"uagb_author_info":{"display_name":"Emmanuel JAY","author_link":"https:\/\/soundrums-france.com\/index.php\/author\/"},"uagb_comment_info":0,"uagb_excerpt":"Pour d\u00e9buter ! - 15 pi\u00e8ces facile pour tambour d'Emmanuel JAY Ces 15 pi\u00e8ces permettent d'acqu\u00e9rir les difficult\u00e9s n\u00e9cessaires \u00e0 l\u2019apprentissage du tambour, tout en respectant la technique traditionnelle de l\u2019\u00e9cole fran\u00e7aise. 4 duos viennent ponctuer cet ouvrage pour agr\u00e9menter les auditions et concerts. Ces pi\u00e8ces figurent au programme des concours nationaux de 1er cycle.","wcpa_form_fields":null,"_links":{"self":[{"href":"https:\/\/soundrums-france.com\/index.php\/wp-json\/wp\/v2\/product\/32612","targetHints":{"allow":["GET"]}}],"collection":[{"href":"https:\/\/soundrums-france.com\/index.php\/wp-json\/wp\/v2\/product"}],"about":[{"href":"https:\/\/soundrums-france.com\/index.php\/wp-json\/wp\/v2\/types\/product"}],"replies":[{"embeddable":true,"href":"https:\/\/soundrums-france.com\/index.php\/wp-json\/wp\/v2\/comments?post=32612"}],"version-history":[{"count":1,"href":"https:\/\/soundrums-france.com\/index.php\/wp-json\/wp\/v2\/product\/32612\/revisions"}],"predecessor-version":[{"id":36954,"href":"https:\/\/soundrums-france.com\/index.php\/wp-json\/wp\/v2\/product\/32612\/revisions\/36954"}],"wp:featuredmedia":[{"embeddable":true,"href":"https:\/\/soundrums-france.com\/index.php\/wp-json\/wp\/v2\/media\/32594"}],"wp:attachment":[{"href":"https:\/\/soundrums-france.com\/index.php\/wp-json\/wp\/v2\/media?parent=32612"}],"wp:term":[{"taxonomy":"product_cat","embeddable":true,"href":"https:\/\/soundrums-france.com\/index.php\/wp-json\/wp\/v2\/product_cat?post=32612"},{"taxonomy":"product_tag","embeddable":true,"href":"https:\/\/soundrums-france.com\/index.php\/wp-json\/wp\/v2\/product_tag?post=32612"}],"curies":[{"name":"wp","href":"https:\/\/api.w.org\/{rel}","templated":true}]}}