{"id":32613,"date":"2020-12-16T20:20:15","date_gmt":"2020-12-16T19:20:15","guid":{"rendered":"https:\/\/soundrums-france.com\/?post_type=product&#038;p=32613"},"modified":"2024-06-19T15:43:24","modified_gmt":"2024-06-19T13:43:24","slug":"preparation-au-dechiffrage-david-lefebvre","status":"publish","type":"product","link":"https:\/\/soundrums-france.com\/index.php\/produit\/preparation-au-dechiffrage-david-lefebvre\/","title":{"rendered":"Pr\u00e9paration au d\u00e9chiffrage &#8211; David LEFEBVRE"},"content":{"rendered":"<div id=\"product-description-short-246\" class=\"rte-content\">\n<div id=\"product-description-short-816\" class=\"rte-content\">\n<div id=\"product-description-short-849\" class=\"rte-content\">\n<div id=\"product-description-short-871\" class=\"rte-content\"><strong>Dans la collection: \u00ab\u00a0TAMBOUR DU XXIe SI\u00c8CLE\u00a0\u00bb<\/strong><\/div>\n<div><\/div>\n<div class=\"rte-content\"><em>\u00ab\u00a0L<\/em><span class=\"tojvnm2t a6sixzi8 abs2jz4q a8s20v7p t1p8iaqh k5wvi7nf q3lfd5jv pk4s997a bipmatt0 cebpdrjk qowsmv63 owwhemhu dp1hu0rb dhp61c6y iyyx5f41\"><em>e d\u00e9chiffrage, exercice \u00f4 combien redout\u00e9 dans le cadre d&rsquo;une \u00e9valuation ou d&rsquo;un concours. Un exercice pourtant bienfaisant que chacun peut faire selon ses envies et son niveau. Travailler le d\u00e9chiffrage vous fera progresser en lecture, en observation, en interpr\u00e9tation. Cela vous permettra \u00e9galement, une adaptation plus rapide et d&rsquo;\u00eatre plus \u00e0 l&rsquo;aise au sein d&rsquo;une pratique collective. Les exercices de ce recueil ont pour but de finaliser votre pr\u00e9paration et de vous mettre dans les conditions du jour J&#8230;\u00a0\u00bb<\/em> David LEFEBVRE<\/span><\/div>\n<\/div>\n<\/div>\n<\/div>\n","protected":false},"excerpt":{"rendered":"<div id=\"product-description-short-773\" class=\"rte-content\">\n<div id=\"product-description-short-816\" class=\"rte-content\">\n<div id=\"description\" class=\"tab-pane in active\">\n<div class=\"product-description\">\n<div class=\"rte-content\">\n<div id=\"product-description-short-871\" class=\"rte-content\">\n<p><strong>\u00c9tude Technique du Tambour n\u00b0 1 &#8211; Pr\u00e9paration au d\u00e9chiffrage par David Lefebvre<br \/>\n<\/strong><\/p>\n<p>100 lectures pour se familiariser avec le d\u00e9chiffrage, travailler les notions de tempo, de nuances et les applications des points techniques.<\/p>\n<p>Difficult\u00e9 progressive de d\u00e9butant \u00e0 fin de 3e cycle.<\/p>\n<p>Pr\u00e9paration au concours.<\/p>\n<\/div>\n<\/div>\n<\/div>\n<\/div>\n<\/div>\n<\/div>\n","protected":false},"featured_media":32595,"comment_status":"open","ping_status":"closed","template":"","meta":{"_uag_custom_page_level_css":"","site-sidebar-layout":"default","site-content-layout":"default","ast-global-header-display":"","ast-banner-title-visibility":"","ast-main-header-display":"","ast-hfb-above-header-display":"","ast-hfb-below-header-display":"","ast-hfb-mobile-header-display":"","site-post-title":"","ast-breadcrumbs-content":"","ast-featured-img":"","footer-sml-layout":"","theme-transparent-header-meta":"","adv-header-id-meta":"","stick-header-meta":"","header-above-stick-meta":"","header-main-stick-meta":"","header-below-stick-meta":""},"product_cat":[256,257],"product_tag":[],"class_list":{"0":"post-32613","1":"product","2":"type-product","3":"status-publish","4":"has-post-thumbnail","6":"product_cat-librairie","7":"product_cat-methodes","8":"desktop-align-left","9":"tablet-align-left","10":"mobile-align-left","12":"first","13":"instock","14":"taxable","15":"shipping-taxable","16":"purchasable","17":"product-type-simple"},"yoast_head":"<!-- This site is optimized with the Yoast SEO plugin v24.1 - https:\/\/yoast.com\/wordpress\/plugins\/seo\/ -->\n<title>Pr\u00e9paration au d\u00e9chiffrage - David LEFEBVRE - Soundrums<\/title>\n<meta name=\"description\" content=\"Venez d\u00e9couvrir notre Pr\u00e9paration au d\u00e9chiffrage - David LEFEBVRE haute de gamme.\" \/>\n<meta name=\"robots\" content=\"index, follow, max-snippet:-1, max-image-preview:large, max-video-preview:-1\" \/>\n<link rel=\"canonical\" href=\"https:\/\/soundrums-france.com\/index.php\/produit\/preparation-au-dechiffrage-david-lefebvre\/\" \/>\n<meta property=\"og:locale\" content=\"fr_FR\" \/>\n<meta property=\"og:type\" content=\"article\" \/>\n<meta property=\"og:title\" content=\"Pr\u00e9paration au d\u00e9chiffrage - David LEFEBVRE - Soundrums\" \/>\n<meta property=\"og:description\" content=\"Venez d\u00e9couvrir notre Pr\u00e9paration au d\u00e9chiffrage - David LEFEBVRE haute de gamme.\" \/>\n<meta property=\"og:url\" content=\"https:\/\/soundrums-france.com\/index.php\/produit\/preparation-au-dechiffrage-david-lefebvre\/\" \/>\n<meta property=\"og:site_name\" content=\"Soundrums\" \/>\n<meta property=\"article:publisher\" content=\"https:\/\/www.facebook.com\/soundrums\/\" \/>\n<meta property=\"article:modified_time\" content=\"2024-06-19T13:43:24+00:00\" \/>\n<meta property=\"og:image\" content=\"https:\/\/soundrums-france.com\/wp-content\/uploads\/2020\/12\/Preparation-dechiffrage-1.jpg\" \/>\n\t<meta property=\"og:image:width\" content=\"1200\" \/>\n\t<meta property=\"og:image:height\" content=\"1200\" \/>\n\t<meta property=\"og:image:type\" content=\"image\/jpeg\" \/>\n<meta name=\"twitter:card\" content=\"summary_large_image\" \/>\n<script type=\"application\/ld+json\" class=\"yoast-schema-graph\">{\"@context\":\"https:\/\/schema.org\",\"@graph\":[{\"@type\":\"WebPage\",\"@id\":\"https:\/\/soundrums-france.com\/index.php\/produit\/preparation-au-dechiffrage-david-lefebvre\/\",\"url\":\"https:\/\/soundrums-france.com\/index.php\/produit\/preparation-au-dechiffrage-david-lefebvre\/\",\"name\":\"Pr\u00e9paration au d\u00e9chiffrage - David LEFEBVRE - Soundrums\",\"isPartOf\":{\"@id\":\"https:\/\/soundrums-france.com\/#website\"},\"primaryImageOfPage\":{\"@id\":\"https:\/\/soundrums-france.com\/index.php\/produit\/preparation-au-dechiffrage-david-lefebvre\/#primaryimage\"},\"image\":{\"@id\":\"https:\/\/soundrums-france.com\/index.php\/produit\/preparation-au-dechiffrage-david-lefebvre\/#primaryimage\"},\"thumbnailUrl\":\"https:\/\/soundrums-france.com\/wp-content\/uploads\/2020\/12\/Preparation-dechiffrage-1.webp\",\"datePublished\":\"2020-12-16T19:20:15+00:00\",\"dateModified\":\"2024-06-19T13:43:24+00:00\",\"description\":\"Venez d\u00e9couvrir notre Pr\u00e9paration au d\u00e9chiffrage - David LEFEBVRE haute de gamme.\",\"breadcrumb\":{\"@id\":\"https:\/\/soundrums-france.com\/index.php\/produit\/preparation-au-dechiffrage-david-lefebvre\/#breadcrumb\"},\"inLanguage\":\"fr-FR\",\"potentialAction\":[{\"@type\":\"ReadAction\",\"target\":[\"https:\/\/soundrums-france.com\/index.php\/produit\/preparation-au-dechiffrage-david-lefebvre\/\"]}]},{\"@type\":\"ImageObject\",\"inLanguage\":\"fr-FR\",\"@id\":\"https:\/\/soundrums-france.com\/index.php\/produit\/preparation-au-dechiffrage-david-lefebvre\/#primaryimage\",\"url\":\"https:\/\/soundrums-france.com\/wp-content\/uploads\/2020\/12\/Preparation-dechiffrage-1.webp\",\"contentUrl\":\"https:\/\/soundrums-france.com\/wp-content\/uploads\/2020\/12\/Preparation-dechiffrage-1.webp\",\"width\":1200,\"height\":1200,\"caption\":\"M\u00e9thode de d\u00e9chiffrage tambour - David Lefebvre\"},{\"@type\":\"BreadcrumbList\",\"@id\":\"https:\/\/soundrums-france.com\/index.php\/produit\/preparation-au-dechiffrage-david-lefebvre\/#breadcrumb\",\"itemListElement\":[{\"@type\":\"ListItem\",\"position\":1,\"name\":\"Accueil\",\"item\":\"https:\/\/soundrums-france.com\/\"},{\"@type\":\"ListItem\",\"position\":2,\"name\":\"Des produits\",\"item\":\"https:\/\/soundrums-france.com\/index.php\/shop\/\"},{\"@type\":\"ListItem\",\"position\":3,\"name\":\"Pr\u00e9paration au d\u00e9chiffrage &#8211; David LEFEBVRE\"}]},{\"@type\":\"WebSite\",\"@id\":\"https:\/\/soundrums-france.com\/#website\",\"url\":\"https:\/\/soundrums-france.com\/\",\"name\":\"Soundrums\",\"description\":\"Manufacture Fran\u00e7aise de tambours\",\"publisher\":{\"@id\":\"https:\/\/soundrums-france.com\/#organization\"},\"potentialAction\":[{\"@type\":\"SearchAction\",\"target\":{\"@type\":\"EntryPoint\",\"urlTemplate\":\"https:\/\/soundrums-france.com\/?s={search_term_string}\"},\"query-input\":{\"@type\":\"PropertyValueSpecification\",\"valueRequired\":true,\"valueName\":\"search_term_string\"}}],\"inLanguage\":\"fr-FR\"},{\"@type\":\"Organization\",\"@id\":\"https:\/\/soundrums-france.com\/#organization\",\"name\":\"Soundrums-france\",\"url\":\"https:\/\/soundrums-france.com\/\",\"logo\":{\"@type\":\"ImageObject\",\"inLanguage\":\"fr-FR\",\"@id\":\"https:\/\/soundrums-france.com\/#\/schema\/logo\/image\/\",\"url\":\"https:\/\/soundrums-france.com\/wp-content\/uploads\/2020\/10\/LogoSD_HD.jpg\",\"contentUrl\":\"https:\/\/soundrums-france.com\/wp-content\/uploads\/2020\/10\/LogoSD_HD.jpg\",\"width\":1280,\"height\":930,\"caption\":\"Soundrums-france\"},\"image\":{\"@id\":\"https:\/\/soundrums-france.com\/#\/schema\/logo\/image\/\"},\"sameAs\":[\"https:\/\/www.facebook.com\/soundrums\/\",\"https:\/\/www.youtube.com\/channel\/UC4S_W_0ZCdUFH3Y9xkv5bEw\"]}]}<\/script>\n<!-- \/ Yoast SEO plugin. -->","yoast_head_json":{"title":"Pr\u00e9paration au d\u00e9chiffrage - David LEFEBVRE - Soundrums","description":"Venez d\u00e9couvrir notre Pr\u00e9paration au d\u00e9chiffrage - David LEFEBVRE haute de gamme.","robots":{"index":"index","follow":"follow","max-snippet":"max-snippet:-1","max-image-preview":"max-image-preview:large","max-video-preview":"max-video-preview:-1"},"canonical":"https:\/\/soundrums-france.com\/index.php\/produit\/preparation-au-dechiffrage-david-lefebvre\/","og_locale":"fr_FR","og_type":"article","og_title":"Pr\u00e9paration au d\u00e9chiffrage - David LEFEBVRE - Soundrums","og_description":"Venez d\u00e9couvrir notre Pr\u00e9paration au d\u00e9chiffrage - David LEFEBVRE haute de gamme.","og_url":"https:\/\/soundrums-france.com\/index.php\/produit\/preparation-au-dechiffrage-david-lefebvre\/","og_site_name":"Soundrums","article_publisher":"https:\/\/www.facebook.com\/soundrums\/","article_modified_time":"2024-06-19T13:43:24+00:00","og_image":[{"width":1200,"height":1200,"url":"https:\/\/soundrums-france.com\/wp-content\/uploads\/2020\/12\/Preparation-dechiffrage-1.jpg","type":"image\/jpeg"}],"twitter_card":"summary_large_image","schema":{"@context":"https:\/\/schema.org","@graph":[{"@type":"WebPage","@id":"https:\/\/soundrums-france.com\/index.php\/produit\/preparation-au-dechiffrage-david-lefebvre\/","url":"https:\/\/soundrums-france.com\/index.php\/produit\/preparation-au-dechiffrage-david-lefebvre\/","name":"Pr\u00e9paration au d\u00e9chiffrage - David LEFEBVRE - Soundrums","isPartOf":{"@id":"https:\/\/soundrums-france.com\/#website"},"primaryImageOfPage":{"@id":"https:\/\/soundrums-france.com\/index.php\/produit\/preparation-au-dechiffrage-david-lefebvre\/#primaryimage"},"image":{"@id":"https:\/\/soundrums-france.com\/index.php\/produit\/preparation-au-dechiffrage-david-lefebvre\/#primaryimage"},"thumbnailUrl":"https:\/\/soundrums-france.com\/wp-content\/uploads\/2020\/12\/Preparation-dechiffrage-1.webp","datePublished":"2020-12-16T19:20:15+00:00","dateModified":"2024-06-19T13:43:24+00:00","description":"Venez d\u00e9couvrir notre Pr\u00e9paration au d\u00e9chiffrage - David LEFEBVRE haute de gamme.","breadcrumb":{"@id":"https:\/\/soundrums-france.com\/index.php\/produit\/preparation-au-dechiffrage-david-lefebvre\/#breadcrumb"},"inLanguage":"fr-FR","potentialAction":[{"@type":"ReadAction","target":["https:\/\/soundrums-france.com\/index.php\/produit\/preparation-au-dechiffrage-david-lefebvre\/"]}]},{"@type":"ImageObject","inLanguage":"fr-FR","@id":"https:\/\/soundrums-france.com\/index.php\/produit\/preparation-au-dechiffrage-david-lefebvre\/#primaryimage","url":"https:\/\/soundrums-france.com\/wp-content\/uploads\/2020\/12\/Preparation-dechiffrage-1.webp","contentUrl":"https:\/\/soundrums-france.com\/wp-content\/uploads\/2020\/12\/Preparation-dechiffrage-1.webp","width":1200,"height":1200,"caption":"M\u00e9thode de d\u00e9chiffrage tambour - David Lefebvre"},{"@type":"BreadcrumbList","@id":"https:\/\/soundrums-france.com\/index.php\/produit\/preparation-au-dechiffrage-david-lefebvre\/#breadcrumb","itemListElement":[{"@type":"ListItem","position":1,"name":"Accueil","item":"https:\/\/soundrums-france.com\/"},{"@type":"ListItem","position":2,"name":"Des produits","item":"https:\/\/soundrums-france.com\/index.php\/shop\/"},{"@type":"ListItem","position":3,"name":"Pr\u00e9paration au d\u00e9chiffrage &#8211; David LEFEBVRE"}]},{"@type":"WebSite","@id":"https:\/\/soundrums-france.com\/#website","url":"https:\/\/soundrums-france.com\/","name":"Soundrums","description":"Manufacture Fran\u00e7aise de tambours","publisher":{"@id":"https:\/\/soundrums-france.com\/#organization"},"potentialAction":[{"@type":"SearchAction","target":{"@type":"EntryPoint","urlTemplate":"https:\/\/soundrums-france.com\/?s={search_term_string}"},"query-input":{"@type":"PropertyValueSpecification","valueRequired":true,"valueName":"search_term_string"}}],"inLanguage":"fr-FR"},{"@type":"Organization","@id":"https:\/\/soundrums-france.com\/#organization","name":"Soundrums-france","url":"https:\/\/soundrums-france.com\/","logo":{"@type":"ImageObject","inLanguage":"fr-FR","@id":"https:\/\/soundrums-france.com\/#\/schema\/logo\/image\/","url":"https:\/\/soundrums-france.com\/wp-content\/uploads\/2020\/10\/LogoSD_HD.jpg","contentUrl":"https:\/\/soundrums-france.com\/wp-content\/uploads\/2020\/10\/LogoSD_HD.jpg","width":1280,"height":930,"caption":"Soundrums-france"},"image":{"@id":"https:\/\/soundrums-france.com\/#\/schema\/logo\/image\/"},"sameAs":["https:\/\/www.facebook.com\/soundrums\/","https:\/\/www.youtube.com\/channel\/UC4S_W_0ZCdUFH3Y9xkv5bEw"]}]}},"uagb_featured_image_src":{"full":["https:\/\/soundrums-france.com\/wp-content\/uploads\/2020\/12\/Preparation-dechiffrage-1.webp",1200,1200,false],"thumbnail":["https:\/\/soundrums-france.com\/wp-content\/uploads\/2020\/12\/Preparation-dechiffrage-1-150x150.jpg",150,150,true],"medium":["https:\/\/soundrums-france.com\/wp-content\/uploads\/2020\/12\/Preparation-dechiffrage-1-300x300.jpg",300,300,true],"medium_large":["https:\/\/soundrums-france.com\/wp-content\/uploads\/2020\/12\/Preparation-dechiffrage-1-768x768.jpg",768,768,true],"large":["https:\/\/soundrums-france.com\/wp-content\/uploads\/2020\/12\/Preparation-dechiffrage-1-1024x1024.jpg",1024,1024,true],"1536x1536":["https:\/\/soundrums-france.com\/wp-content\/uploads\/2020\/12\/Preparation-dechiffrage-1.webp",1200,1200,false],"2048x2048":["https:\/\/soundrums-france.com\/wp-content\/uploads\/2020\/12\/Preparation-dechiffrage-1.webp",1200,1200,false],"woocommerce_thumbnail":["https:\/\/soundrums-france.com\/wp-content\/uploads\/2020\/12\/Preparation-dechiffrage-1-300x300.jpg",300,300,true],"woocommerce_single":["https:\/\/soundrums-france.com\/wp-content\/uploads\/2020\/12\/Preparation-dechiffrage-1-600x600.jpg",600,600,true],"woocommerce_gallery_thumbnail":["https:\/\/soundrums-france.com\/wp-content\/uploads\/2020\/12\/Preparation-dechiffrage-1-100x100.jpg",100,100,true]},"uagb_author_info":{"display_name":"Emmanuel JAY","author_link":"https:\/\/soundrums-france.com\/index.php\/author\/"},"uagb_comment_info":0,"uagb_excerpt":"\u00c9tude Technique du Tambour n\u00b0 1 - Pr\u00e9paration au d\u00e9chiffrage par David Lefebvre 100 lectures pour se familiariser avec le d\u00e9chiffrage, travailler les notions de tempo, de nuances et les applications des points techniques. Difficult\u00e9 progressive de d\u00e9butant \u00e0 fin de 3e cycle. Pr\u00e9paration au concours.","wcpa_form_fields":null,"_links":{"self":[{"href":"https:\/\/soundrums-france.com\/index.php\/wp-json\/wp\/v2\/product\/32613","targetHints":{"allow":["GET"]}}],"collection":[{"href":"https:\/\/soundrums-france.com\/index.php\/wp-json\/wp\/v2\/product"}],"about":[{"href":"https:\/\/soundrums-france.com\/index.php\/wp-json\/wp\/v2\/types\/product"}],"replies":[{"embeddable":true,"href":"https:\/\/soundrums-france.com\/index.php\/wp-json\/wp\/v2\/comments?post=32613"}],"version-history":[{"count":1,"href":"https:\/\/soundrums-france.com\/index.php\/wp-json\/wp\/v2\/product\/32613\/revisions"}],"predecessor-version":[{"id":36953,"href":"https:\/\/soundrums-france.com\/index.php\/wp-json\/wp\/v2\/product\/32613\/revisions\/36953"}],"wp:featuredmedia":[{"embeddable":true,"href":"https:\/\/soundrums-france.com\/index.php\/wp-json\/wp\/v2\/media\/32595"}],"wp:attachment":[{"href":"https:\/\/soundrums-france.com\/index.php\/wp-json\/wp\/v2\/media?parent=32613"}],"wp:term":[{"taxonomy":"product_cat","embeddable":true,"href":"https:\/\/soundrums-france.com\/index.php\/wp-json\/wp\/v2\/product_cat?post=32613"},{"taxonomy":"product_tag","embeddable":true,"href":"https:\/\/soundrums-france.com\/index.php\/wp-json\/wp\/v2\/product_tag?post=32613"}],"curies":[{"name":"wp","href":"https:\/\/api.w.org\/{rel}","templated":true}]}}