{"id":32615,"date":"2020-12-16T20:24:20","date_gmt":"2020-12-16T19:24:20","guid":{"rendered":"https:\/\/soundrums-france.com\/?post_type=product&#038;p=32615"},"modified":"2024-12-10T15:19:58","modified_gmt":"2024-12-10T14:19:58","slug":"methode-de-tambour-rolland-peyre","status":"publish","type":"product","link":"https:\/\/soundrums-france.com\/index.php\/produit\/methode-de-tambour-rolland-peyre\/","title":{"rendered":"M\u00e9thode de tambour &#8211; Rolland PEYRE"},"content":{"rendered":"<div id=\"product-description-short-246\" class=\"rte-content\">\n<div id=\"product-description-short-816\" class=\"rte-content\">\n<div id=\"product-description-short-849\" class=\"rte-content\">\n<div id=\"product-description-short-859\" class=\"rte-content\">\n<div id=\"description\" class=\"tab-pane in active\">\n<div class=\"product-description\">\n<div class=\"rte-content\">\n<p><strong>Dans la collection: \u00ab\u00a0TAMBOUR DU XXIe SI\u00c8CLE\u00a0\u00bb<\/strong><\/p>\n<p>\u00ab\u00a0Je suis heureux de pr\u00e9senter la r\u00e9-\u00e9dition de cet ouvrage, dans la collection \u00ab Tambours du XXI si\u00e8cle \u00bb, \u00e9dit\u00e9e par Resta-Jay Percussion.<br \/>\nCette m\u00e9thode n\u00e9e \u00e0 l\u2019aurore de l\u2019An 2000, est le fruit de nombreuses ann\u00e9es d\u2019enseignement du tambour \u00ab sur le terrain \u00bb ; toujours d\u2019actualit\u00e9, les pr\u00e9tendants \u00e0 l\u2019apprentissage de cet instrument, trouveront les \u00ab rudiments \u00bb du 1er cycle, en abordant largement ceux du 2\u00e8me cycle, avec un \u00ab un clin d\u2019\u0153il \u00bb au r\u00e9pertoire traditionnel, ainsi qu\u2019\u00e0 la pratique de la lecture instrumentale.\u00a0\u00bb\u00a0 Rolland Peyre<\/p>\n<\/div>\n<\/div>\n<\/div>\n<div id=\"product-details-tab\" class=\"tab-pane \"><\/div>\n<p>&nbsp;<\/p>\n<\/div>\n<\/div>\n<\/div>\n<\/div>\n","protected":false},"excerpt":{"rendered":"<div id=\"product-description-short-773\" class=\"rte-content\">\n<div id=\"product-description-short-816\" class=\"rte-content\">\n<div id=\"description\" class=\"tab-pane in active\">\n<div class=\"product-description\">\n<div class=\"rte-content\">\n<div id=\"product-description-short-871\" class=\"rte-content\">\n<div id=\"product-description-short-858\" class=\"rte-content\">\n<p><strong>M\u00e9thode de tambour de d\u00e9butant \u00e0 d\u00e9but de 2e cycle.<\/strong><\/p>\n<p>D\u00e9couvrez le langage et la technique de l&rsquo;instrument dans une approche tr\u00e8s compl\u00e8te d&rsquo;un passionn\u00e9 et grand p\u00e9dagogue du tambour, Rolland PEYRE.<\/p>\n<p>Plan de travail progressif, \u00e9tude th\u00e9orique de lecture et de compr\u00e9hension rythmique.<\/p>\n<p>Pr\u00e9paration au r\u00e9pertoire<\/p>\n<\/div>\n<\/div>\n<\/div>\n<\/div>\n<\/div>\n<\/div>\n<\/div>\n","protected":false},"featured_media":32593,"comment_status":"open","ping_status":"closed","template":"","meta":{"_uag_custom_page_level_css":"","site-sidebar-layout":"default","site-content-layout":"default","ast-global-header-display":"","ast-banner-title-visibility":"","ast-main-header-display":"","ast-hfb-above-header-display":"","ast-hfb-below-header-display":"","ast-hfb-mobile-header-display":"","site-post-title":"","ast-breadcrumbs-content":"","ast-featured-img":"","footer-sml-layout":"","theme-transparent-header-meta":"default","adv-header-id-meta":"","stick-header-meta":"","header-above-stick-meta":"","header-main-stick-meta":"","header-below-stick-meta":""},"product_cat":[256,228,257],"product_tag":[],"class_list":{"0":"post-32615","1":"product","2":"type-product","3":"status-publish","4":"has-post-thumbnail","6":"product_cat-librairie","7":"product_cat-partitions","8":"product_cat-methodes","9":"desktop-align-left","10":"tablet-align-left","11":"mobile-align-left","13":"first","14":"instock","15":"taxable","16":"shipping-taxable","17":"purchasable","18":"product-type-simple"},"yoast_head":"<!-- This site is optimized with the Yoast SEO plugin v24.1 - https:\/\/yoast.com\/wordpress\/plugins\/seo\/ -->\n<title>M\u00e9thode de tambour - Rolland PEYRE - Soundrums<\/title>\n<meta name=\"description\" content=\"Venez d\u00e9couvrir notre M\u00e9thode de tambour - Rolland PEYRE haute de gamme.\" \/>\n<meta name=\"robots\" content=\"index, follow, max-snippet:-1, max-image-preview:large, max-video-preview:-1\" \/>\n<link rel=\"canonical\" href=\"https:\/\/soundrums-france.com\/index.php\/produit\/methode-de-tambour-rolland-peyre\/\" \/>\n<meta property=\"og:locale\" content=\"fr_FR\" \/>\n<meta property=\"og:type\" content=\"article\" \/>\n<meta property=\"og:title\" content=\"M\u00e9thode de tambour - Rolland PEYRE - Soundrums\" \/>\n<meta property=\"og:description\" content=\"Venez d\u00e9couvrir notre M\u00e9thode de tambour - Rolland PEYRE haute de gamme.\" \/>\n<meta property=\"og:url\" content=\"https:\/\/soundrums-france.com\/index.php\/produit\/methode-de-tambour-rolland-peyre\/\" \/>\n<meta property=\"og:site_name\" content=\"Soundrums\" \/>\n<meta property=\"article:publisher\" content=\"https:\/\/www.facebook.com\/soundrums\/\" \/>\n<meta property=\"article:modified_time\" content=\"2024-12-10T14:19:58+00:00\" \/>\n<meta property=\"og:image\" content=\"https:\/\/soundrums-france.com\/wp-content\/uploads\/2020\/12\/methode-rolland-1.jpg\" \/>\n\t<meta property=\"og:image:width\" content=\"1200\" \/>\n\t<meta property=\"og:image:height\" content=\"1200\" \/>\n\t<meta property=\"og:image:type\" content=\"image\/jpeg\" \/>\n<meta name=\"twitter:card\" content=\"summary_large_image\" \/>\n<meta name=\"twitter:label1\" content=\"Dur\u00e9e de lecture estim\u00e9e\" \/>\n\t<meta name=\"twitter:data1\" content=\"1 minute\" \/>\n<script type=\"application\/ld+json\" class=\"yoast-schema-graph\">{\"@context\":\"https:\/\/schema.org\",\"@graph\":[{\"@type\":\"WebPage\",\"@id\":\"https:\/\/soundrums-france.com\/index.php\/produit\/methode-de-tambour-rolland-peyre\/\",\"url\":\"https:\/\/soundrums-france.com\/index.php\/produit\/methode-de-tambour-rolland-peyre\/\",\"name\":\"M\u00e9thode de tambour - Rolland PEYRE - Soundrums\",\"isPartOf\":{\"@id\":\"https:\/\/soundrums-france.com\/#website\"},\"primaryImageOfPage\":{\"@id\":\"https:\/\/soundrums-france.com\/index.php\/produit\/methode-de-tambour-rolland-peyre\/#primaryimage\"},\"image\":{\"@id\":\"https:\/\/soundrums-france.com\/index.php\/produit\/methode-de-tambour-rolland-peyre\/#primaryimage\"},\"thumbnailUrl\":\"https:\/\/soundrums-france.com\/wp-content\/uploads\/2020\/12\/methode-rolland-1.webp\",\"datePublished\":\"2020-12-16T19:24:20+00:00\",\"dateModified\":\"2024-12-10T14:19:58+00:00\",\"description\":\"Venez d\u00e9couvrir notre M\u00e9thode de tambour - Rolland PEYRE haute de gamme.\",\"breadcrumb\":{\"@id\":\"https:\/\/soundrums-france.com\/index.php\/produit\/methode-de-tambour-rolland-peyre\/#breadcrumb\"},\"inLanguage\":\"fr-FR\",\"potentialAction\":[{\"@type\":\"ReadAction\",\"target\":[\"https:\/\/soundrums-france.com\/index.php\/produit\/methode-de-tambour-rolland-peyre\/\"]}]},{\"@type\":\"ImageObject\",\"inLanguage\":\"fr-FR\",\"@id\":\"https:\/\/soundrums-france.com\/index.php\/produit\/methode-de-tambour-rolland-peyre\/#primaryimage\",\"url\":\"https:\/\/soundrums-france.com\/wp-content\/uploads\/2020\/12\/methode-rolland-1.webp\",\"contentUrl\":\"https:\/\/soundrums-france.com\/wp-content\/uploads\/2020\/12\/methode-rolland-1.webp\",\"width\":1200,\"height\":1200,\"caption\":\"M\u00e9thode de tambour - Rolland Peyre\"},{\"@type\":\"BreadcrumbList\",\"@id\":\"https:\/\/soundrums-france.com\/index.php\/produit\/methode-de-tambour-rolland-peyre\/#breadcrumb\",\"itemListElement\":[{\"@type\":\"ListItem\",\"position\":1,\"name\":\"Accueil\",\"item\":\"https:\/\/soundrums-france.com\/\"},{\"@type\":\"ListItem\",\"position\":2,\"name\":\"Des produits\",\"item\":\"https:\/\/soundrums-france.com\/index.php\/shop\/\"},{\"@type\":\"ListItem\",\"position\":3,\"name\":\"M\u00e9thode de tambour &#8211; Rolland PEYRE\"}]},{\"@type\":\"WebSite\",\"@id\":\"https:\/\/soundrums-france.com\/#website\",\"url\":\"https:\/\/soundrums-france.com\/\",\"name\":\"Soundrums\",\"description\":\"Manufacture Fran\u00e7aise de tambours\",\"publisher\":{\"@id\":\"https:\/\/soundrums-france.com\/#organization\"},\"potentialAction\":[{\"@type\":\"SearchAction\",\"target\":{\"@type\":\"EntryPoint\",\"urlTemplate\":\"https:\/\/soundrums-france.com\/?s={search_term_string}\"},\"query-input\":{\"@type\":\"PropertyValueSpecification\",\"valueRequired\":true,\"valueName\":\"search_term_string\"}}],\"inLanguage\":\"fr-FR\"},{\"@type\":\"Organization\",\"@id\":\"https:\/\/soundrums-france.com\/#organization\",\"name\":\"Soundrums-france\",\"url\":\"https:\/\/soundrums-france.com\/\",\"logo\":{\"@type\":\"ImageObject\",\"inLanguage\":\"fr-FR\",\"@id\":\"https:\/\/soundrums-france.com\/#\/schema\/logo\/image\/\",\"url\":\"https:\/\/soundrums-france.com\/wp-content\/uploads\/2020\/10\/LogoSD_HD.jpg\",\"contentUrl\":\"https:\/\/soundrums-france.com\/wp-content\/uploads\/2020\/10\/LogoSD_HD.jpg\",\"width\":1280,\"height\":930,\"caption\":\"Soundrums-france\"},\"image\":{\"@id\":\"https:\/\/soundrums-france.com\/#\/schema\/logo\/image\/\"},\"sameAs\":[\"https:\/\/www.facebook.com\/soundrums\/\",\"https:\/\/www.youtube.com\/channel\/UC4S_W_0ZCdUFH3Y9xkv5bEw\"]}]}<\/script>\n<!-- \/ Yoast SEO plugin. -->","yoast_head_json":{"title":"M\u00e9thode de tambour - Rolland PEYRE - Soundrums","description":"Venez d\u00e9couvrir notre M\u00e9thode de tambour - Rolland PEYRE haute de gamme.","robots":{"index":"index","follow":"follow","max-snippet":"max-snippet:-1","max-image-preview":"max-image-preview:large","max-video-preview":"max-video-preview:-1"},"canonical":"https:\/\/soundrums-france.com\/index.php\/produit\/methode-de-tambour-rolland-peyre\/","og_locale":"fr_FR","og_type":"article","og_title":"M\u00e9thode de tambour - Rolland PEYRE - Soundrums","og_description":"Venez d\u00e9couvrir notre M\u00e9thode de tambour - Rolland PEYRE haute de gamme.","og_url":"https:\/\/soundrums-france.com\/index.php\/produit\/methode-de-tambour-rolland-peyre\/","og_site_name":"Soundrums","article_publisher":"https:\/\/www.facebook.com\/soundrums\/","article_modified_time":"2024-12-10T14:19:58+00:00","og_image":[{"width":1200,"height":1200,"url":"https:\/\/soundrums-france.com\/wp-content\/uploads\/2020\/12\/methode-rolland-1.jpg","type":"image\/jpeg"}],"twitter_card":"summary_large_image","twitter_misc":{"Dur\u00e9e de lecture estim\u00e9e":"1 minute"},"schema":{"@context":"https:\/\/schema.org","@graph":[{"@type":"WebPage","@id":"https:\/\/soundrums-france.com\/index.php\/produit\/methode-de-tambour-rolland-peyre\/","url":"https:\/\/soundrums-france.com\/index.php\/produit\/methode-de-tambour-rolland-peyre\/","name":"M\u00e9thode de tambour - Rolland PEYRE - Soundrums","isPartOf":{"@id":"https:\/\/soundrums-france.com\/#website"},"primaryImageOfPage":{"@id":"https:\/\/soundrums-france.com\/index.php\/produit\/methode-de-tambour-rolland-peyre\/#primaryimage"},"image":{"@id":"https:\/\/soundrums-france.com\/index.php\/produit\/methode-de-tambour-rolland-peyre\/#primaryimage"},"thumbnailUrl":"https:\/\/soundrums-france.com\/wp-content\/uploads\/2020\/12\/methode-rolland-1.webp","datePublished":"2020-12-16T19:24:20+00:00","dateModified":"2024-12-10T14:19:58+00:00","description":"Venez d\u00e9couvrir notre M\u00e9thode de tambour - Rolland PEYRE haute de gamme.","breadcrumb":{"@id":"https:\/\/soundrums-france.com\/index.php\/produit\/methode-de-tambour-rolland-peyre\/#breadcrumb"},"inLanguage":"fr-FR","potentialAction":[{"@type":"ReadAction","target":["https:\/\/soundrums-france.com\/index.php\/produit\/methode-de-tambour-rolland-peyre\/"]}]},{"@type":"ImageObject","inLanguage":"fr-FR","@id":"https:\/\/soundrums-france.com\/index.php\/produit\/methode-de-tambour-rolland-peyre\/#primaryimage","url":"https:\/\/soundrums-france.com\/wp-content\/uploads\/2020\/12\/methode-rolland-1.webp","contentUrl":"https:\/\/soundrums-france.com\/wp-content\/uploads\/2020\/12\/methode-rolland-1.webp","width":1200,"height":1200,"caption":"M\u00e9thode de tambour - Rolland Peyre"},{"@type":"BreadcrumbList","@id":"https:\/\/soundrums-france.com\/index.php\/produit\/methode-de-tambour-rolland-peyre\/#breadcrumb","itemListElement":[{"@type":"ListItem","position":1,"name":"Accueil","item":"https:\/\/soundrums-france.com\/"},{"@type":"ListItem","position":2,"name":"Des produits","item":"https:\/\/soundrums-france.com\/index.php\/shop\/"},{"@type":"ListItem","position":3,"name":"M\u00e9thode de tambour &#8211; Rolland PEYRE"}]},{"@type":"WebSite","@id":"https:\/\/soundrums-france.com\/#website","url":"https:\/\/soundrums-france.com\/","name":"Soundrums","description":"Manufacture Fran\u00e7aise de tambours","publisher":{"@id":"https:\/\/soundrums-france.com\/#organization"},"potentialAction":[{"@type":"SearchAction","target":{"@type":"EntryPoint","urlTemplate":"https:\/\/soundrums-france.com\/?s={search_term_string}"},"query-input":{"@type":"PropertyValueSpecification","valueRequired":true,"valueName":"search_term_string"}}],"inLanguage":"fr-FR"},{"@type":"Organization","@id":"https:\/\/soundrums-france.com\/#organization","name":"Soundrums-france","url":"https:\/\/soundrums-france.com\/","logo":{"@type":"ImageObject","inLanguage":"fr-FR","@id":"https:\/\/soundrums-france.com\/#\/schema\/logo\/image\/","url":"https:\/\/soundrums-france.com\/wp-content\/uploads\/2020\/10\/LogoSD_HD.jpg","contentUrl":"https:\/\/soundrums-france.com\/wp-content\/uploads\/2020\/10\/LogoSD_HD.jpg","width":1280,"height":930,"caption":"Soundrums-france"},"image":{"@id":"https:\/\/soundrums-france.com\/#\/schema\/logo\/image\/"},"sameAs":["https:\/\/www.facebook.com\/soundrums\/","https:\/\/www.youtube.com\/channel\/UC4S_W_0ZCdUFH3Y9xkv5bEw"]}]}},"uagb_featured_image_src":{"full":["https:\/\/soundrums-france.com\/wp-content\/uploads\/2020\/12\/methode-rolland-1.webp",1200,1200,false],"thumbnail":["https:\/\/soundrums-france.com\/wp-content\/uploads\/2020\/12\/methode-rolland-1-150x150.jpg",150,150,true],"medium":["https:\/\/soundrums-france.com\/wp-content\/uploads\/2020\/12\/methode-rolland-1-300x300.jpg",300,300,true],"medium_large":["https:\/\/soundrums-france.com\/wp-content\/uploads\/2020\/12\/methode-rolland-1-768x768.jpg",768,768,true],"large":["https:\/\/soundrums-france.com\/wp-content\/uploads\/2020\/12\/methode-rolland-1-1024x1024.jpg",1024,1024,true],"1536x1536":["https:\/\/soundrums-france.com\/wp-content\/uploads\/2020\/12\/methode-rolland-1.webp",1200,1200,false],"2048x2048":["https:\/\/soundrums-france.com\/wp-content\/uploads\/2020\/12\/methode-rolland-1.webp",1200,1200,false],"woocommerce_thumbnail":["https:\/\/soundrums-france.com\/wp-content\/uploads\/2020\/12\/methode-rolland-1-300x300.jpg",300,300,true],"woocommerce_single":["https:\/\/soundrums-france.com\/wp-content\/uploads\/2020\/12\/methode-rolland-1-600x600.jpg",600,600,true],"woocommerce_gallery_thumbnail":["https:\/\/soundrums-france.com\/wp-content\/uploads\/2020\/12\/methode-rolland-1-100x100.jpg",100,100,true]},"uagb_author_info":{"display_name":"Emmanuel JAY","author_link":"https:\/\/soundrums-france.com\/index.php\/author\/"},"uagb_comment_info":0,"uagb_excerpt":"M\u00e9thode de tambour de d\u00e9butant \u00e0 d\u00e9but de 2e cycle. D\u00e9couvrez le langage et la technique de l'instrument dans une approche tr\u00e8s compl\u00e8te d'un passionn\u00e9 et grand p\u00e9dagogue du tambour, Rolland PEYRE. Plan de travail progressif, \u00e9tude th\u00e9orique de lecture et de compr\u00e9hension rythmique. Pr\u00e9paration au r\u00e9pertoire","wcpa_form_fields":null,"_links":{"self":[{"href":"https:\/\/soundrums-france.com\/index.php\/wp-json\/wp\/v2\/product\/32615","targetHints":{"allow":["GET"]}}],"collection":[{"href":"https:\/\/soundrums-france.com\/index.php\/wp-json\/wp\/v2\/product"}],"about":[{"href":"https:\/\/soundrums-france.com\/index.php\/wp-json\/wp\/v2\/types\/product"}],"replies":[{"embeddable":true,"href":"https:\/\/soundrums-france.com\/index.php\/wp-json\/wp\/v2\/comments?post=32615"}],"version-history":[{"count":1,"href":"https:\/\/soundrums-france.com\/index.php\/wp-json\/wp\/v2\/product\/32615\/revisions"}],"predecessor-version":[{"id":36951,"href":"https:\/\/soundrums-france.com\/index.php\/wp-json\/wp\/v2\/product\/32615\/revisions\/36951"}],"wp:featuredmedia":[{"embeddable":true,"href":"https:\/\/soundrums-france.com\/index.php\/wp-json\/wp\/v2\/media\/32593"}],"wp:attachment":[{"href":"https:\/\/soundrums-france.com\/index.php\/wp-json\/wp\/v2\/media?parent=32615"}],"wp:term":[{"taxonomy":"product_cat","embeddable":true,"href":"https:\/\/soundrums-france.com\/index.php\/wp-json\/wp\/v2\/product_cat?post=32615"},{"taxonomy":"product_tag","embeddable":true,"href":"https:\/\/soundrums-france.com\/index.php\/wp-json\/wp\/v2\/product_tag?post=32615"}],"curies":[{"name":"wp","href":"https:\/\/api.w.org\/{rel}","templated":true}]}}