{"id":32638,"date":"2020-12-20T12:34:53","date_gmt":"2020-12-20T11:34:53","guid":{"rendered":"https:\/\/soundrums-france.com\/?post_type=product&#038;p=32638"},"modified":"2025-01-14T14:57:42","modified_gmt":"2025-01-14T13:57:42","slug":"sourdine-interne-controleur-dharmoniques","status":"publish","type":"product","link":"https:\/\/soundrums-france.com\/index.php\/produit\/sourdine-interne-controleur-dharmoniques\/","title":{"rendered":"Sourdine Interne &#8211; Contr\u00f4leur d&rsquo;Harmoniques"},"content":{"rendered":"<div>\n<div id=\"description\" class=\"tab-pane in active\">\n<div class=\"product-description\">\n<div class=\"rte-content\">\n<div id=\"description\" class=\"tab-pane in active\">\n<div class=\"product-description\">\n<div class=\"rte-content\">\n<p>Contr\u00f4lez les harmoniques de votre caisse-claire oud e votre tambour avec un r\u00e9glage simple, par molette.<\/p>\n<ul>\n<li>Construction sur une base d&rsquo;acier moul\u00e9<\/li>\n<li>r\u00e9glage par molette<\/li>\n<li>Entraxe : 25.5mm<\/li>\n<li>Vis de montage incluses<\/li>\n<\/ul>\n<\/div>\n<\/div>\n<\/div>\n<\/div>\n<\/div>\n<\/div>\n<\/div>\n","protected":false},"excerpt":{"rendered":"<p>Contr\u00f4lez les harmoniques de votre caisse-claire oud e votre tambour avec un r\u00e9glage simple, par molette.<\/p>\n<ul>\n<li>Construction sur une base d&rsquo;acier moul\u00e9<\/li>\n<li>r\u00e9glage par molette<\/li>\n<li>Entraxe : 25.5mm<\/li>\n<li>Vis de montage incluses<\/li>\n<\/ul>\n<p>&nbsp;<\/p>\n<p><span class=\"tlid-translation translation\" lang=\"fr\" xml:lang=\"fr\"><span title=\"\">\u00a0<\/span><\/span><\/p>\n","protected":false},"featured_media":37560,"comment_status":"open","ping_status":"closed","template":"","meta":{"_uag_custom_page_level_css":"","site-sidebar-layout":"default","site-content-layout":"default","ast-global-header-display":"","ast-banner-title-visibility":"","ast-main-header-display":"","ast-hfb-above-header-display":"","ast-hfb-below-header-display":"","ast-hfb-mobile-header-display":"","site-post-title":"","ast-breadcrumbs-content":"","ast-featured-img":"","footer-sml-layout":"","theme-transparent-header-meta":"default","adv-header-id-meta":"","stick-header-meta":"","header-above-stick-meta":"","header-main-stick-meta":"","header-below-stick-meta":""},"product_cat":[187,272,274,229,199,227],"product_tag":[],"class_list":{"0":"post-32638","1":"product","2":"type-product","3":"status-publish","4":"has-post-thumbnail","6":"product_cat-accessoires","7":"product_cat-sourdines-et-attenuateur","8":"product_cat-sourdines-a-vis","9":"product_cat-autres-accessoires","10":"product_cat-pieces_detachees","11":"product_cat-autres","12":"desktop-align-left","13":"tablet-align-left","14":"mobile-align-left","16":"first","17":"onbackorder","18":"taxable","19":"shipping-taxable","20":"purchasable","21":"product-type-simple"},"yoast_head":"<!-- This site is optimized with the Yoast SEO plugin v24.1 - https:\/\/yoast.com\/wordpress\/plugins\/seo\/ -->\n<title>Sourdine Interne - Contr\u00f4leur d&#039;Harmoniques - Soundrums<\/title>\n<meta name=\"description\" content=\"Venez d\u00e9couvrir notre Sourdine Interne - Contr\u00f4leur d&#039;Harmoniques haute de gamme.\" \/>\n<meta name=\"robots\" content=\"index, follow, max-snippet:-1, max-image-preview:large, max-video-preview:-1\" \/>\n<link rel=\"canonical\" href=\"https:\/\/soundrums-france.com\/index.php\/produit\/sourdine-interne-controleur-dharmoniques\/\" \/>\n<meta property=\"og:locale\" content=\"fr_FR\" \/>\n<meta property=\"og:type\" content=\"article\" \/>\n<meta property=\"og:title\" content=\"Sourdine Interne - Contr\u00f4leur d&#039;Harmoniques - Soundrums\" \/>\n<meta property=\"og:description\" content=\"Venez d\u00e9couvrir notre Sourdine Interne - Contr\u00f4leur d&#039;Harmoniques haute de gamme.\" \/>\n<meta property=\"og:url\" content=\"https:\/\/soundrums-france.com\/index.php\/produit\/sourdine-interne-controleur-dharmoniques\/\" \/>\n<meta property=\"og:site_name\" content=\"Soundrums\" \/>\n<meta property=\"article:publisher\" content=\"https:\/\/www.facebook.com\/soundrums\/\" \/>\n<meta property=\"article:modified_time\" content=\"2025-01-14T13:57:42+00:00\" \/>\n<meta property=\"og:image\" content=\"https:\/\/soundrums-france.com\/wp-content\/uploads\/2020\/12\/sourdine-interne-controleur-dharmoniques.webp\" \/>\n\t<meta property=\"og:image:width\" content=\"765\" \/>\n\t<meta property=\"og:image:height\" content=\"765\" \/>\n\t<meta property=\"og:image:type\" content=\"image\/jpeg\" \/>\n<meta name=\"twitter:card\" content=\"summary_large_image\" \/>\n<meta name=\"twitter:label1\" content=\"Dur\u00e9e de lecture estim\u00e9e\" \/>\n\t<meta name=\"twitter:data1\" content=\"1 minute\" \/>\n<script type=\"application\/ld+json\" class=\"yoast-schema-graph\">{\"@context\":\"https:\/\/schema.org\",\"@graph\":[{\"@type\":\"WebPage\",\"@id\":\"https:\/\/soundrums-france.com\/index.php\/produit\/sourdine-interne-controleur-dharmoniques\/\",\"url\":\"https:\/\/soundrums-france.com\/index.php\/produit\/sourdine-interne-controleur-dharmoniques\/\",\"name\":\"Sourdine Interne - Contr\u00f4leur d'Harmoniques - Soundrums\",\"isPartOf\":{\"@id\":\"https:\/\/soundrums-france.com\/#website\"},\"primaryImageOfPage\":{\"@id\":\"https:\/\/soundrums-france.com\/index.php\/produit\/sourdine-interne-controleur-dharmoniques\/#primaryimage\"},\"image\":{\"@id\":\"https:\/\/soundrums-france.com\/index.php\/produit\/sourdine-interne-controleur-dharmoniques\/#primaryimage\"},\"thumbnailUrl\":\"https:\/\/soundrums-france.com\/wp-content\/uploads\/2020\/12\/sourdine-interne-controleur-dharmoniques.webp\",\"datePublished\":\"2020-12-20T11:34:53+00:00\",\"dateModified\":\"2025-01-14T13:57:42+00:00\",\"description\":\"Venez d\u00e9couvrir notre Sourdine Interne - Contr\u00f4leur d'Harmoniques haute de gamme.\",\"breadcrumb\":{\"@id\":\"https:\/\/soundrums-france.com\/index.php\/produit\/sourdine-interne-controleur-dharmoniques\/#breadcrumb\"},\"inLanguage\":\"fr-FR\",\"potentialAction\":[{\"@type\":\"ReadAction\",\"target\":[\"https:\/\/soundrums-france.com\/index.php\/produit\/sourdine-interne-controleur-dharmoniques\/\"]}]},{\"@type\":\"ImageObject\",\"inLanguage\":\"fr-FR\",\"@id\":\"https:\/\/soundrums-france.com\/index.php\/produit\/sourdine-interne-controleur-dharmoniques\/#primaryimage\",\"url\":\"https:\/\/soundrums-france.com\/wp-content\/uploads\/2020\/12\/sourdine-interne-controleur-dharmoniques.webp\",\"contentUrl\":\"https:\/\/soundrums-france.com\/wp-content\/uploads\/2020\/12\/sourdine-interne-controleur-dharmoniques.webp\",\"width\":765,\"height\":765,\"caption\":\"Sourdine Interne \u2013 Contr\u00f4leur d\u2019Harmoniques\"},{\"@type\":\"BreadcrumbList\",\"@id\":\"https:\/\/soundrums-france.com\/index.php\/produit\/sourdine-interne-controleur-dharmoniques\/#breadcrumb\",\"itemListElement\":[{\"@type\":\"ListItem\",\"position\":1,\"name\":\"Accueil\",\"item\":\"https:\/\/soundrums-france.com\/\"},{\"@type\":\"ListItem\",\"position\":2,\"name\":\"Des produits\",\"item\":\"https:\/\/soundrums-france.com\/index.php\/shop\/\"},{\"@type\":\"ListItem\",\"position\":3,\"name\":\"Sourdine Interne &#8211; Contr\u00f4leur d&rsquo;Harmoniques\"}]},{\"@type\":\"WebSite\",\"@id\":\"https:\/\/soundrums-france.com\/#website\",\"url\":\"https:\/\/soundrums-france.com\/\",\"name\":\"Soundrums\",\"description\":\"Manufacture Fran\u00e7aise de tambours\",\"publisher\":{\"@id\":\"https:\/\/soundrums-france.com\/#organization\"},\"potentialAction\":[{\"@type\":\"SearchAction\",\"target\":{\"@type\":\"EntryPoint\",\"urlTemplate\":\"https:\/\/soundrums-france.com\/?s={search_term_string}\"},\"query-input\":{\"@type\":\"PropertyValueSpecification\",\"valueRequired\":true,\"valueName\":\"search_term_string\"}}],\"inLanguage\":\"fr-FR\"},{\"@type\":\"Organization\",\"@id\":\"https:\/\/soundrums-france.com\/#organization\",\"name\":\"Soundrums-france\",\"url\":\"https:\/\/soundrums-france.com\/\",\"logo\":{\"@type\":\"ImageObject\",\"inLanguage\":\"fr-FR\",\"@id\":\"https:\/\/soundrums-france.com\/#\/schema\/logo\/image\/\",\"url\":\"https:\/\/soundrums-france.com\/wp-content\/uploads\/2020\/10\/LogoSD_HD.jpg\",\"contentUrl\":\"https:\/\/soundrums-france.com\/wp-content\/uploads\/2020\/10\/LogoSD_HD.jpg\",\"width\":1280,\"height\":930,\"caption\":\"Soundrums-france\"},\"image\":{\"@id\":\"https:\/\/soundrums-france.com\/#\/schema\/logo\/image\/\"},\"sameAs\":[\"https:\/\/www.facebook.com\/soundrums\/\",\"https:\/\/www.youtube.com\/channel\/UC4S_W_0ZCdUFH3Y9xkv5bEw\"]}]}<\/script>\n<!-- \/ Yoast SEO plugin. -->","yoast_head_json":{"title":"Sourdine Interne - Contr\u00f4leur d'Harmoniques - Soundrums","description":"Venez d\u00e9couvrir notre Sourdine Interne - Contr\u00f4leur d'Harmoniques haute de gamme.","robots":{"index":"index","follow":"follow","max-snippet":"max-snippet:-1","max-image-preview":"max-image-preview:large","max-video-preview":"max-video-preview:-1"},"canonical":"https:\/\/soundrums-france.com\/index.php\/produit\/sourdine-interne-controleur-dharmoniques\/","og_locale":"fr_FR","og_type":"article","og_title":"Sourdine Interne - Contr\u00f4leur d'Harmoniques - Soundrums","og_description":"Venez d\u00e9couvrir notre Sourdine Interne - Contr\u00f4leur d'Harmoniques haute de gamme.","og_url":"https:\/\/soundrums-france.com\/index.php\/produit\/sourdine-interne-controleur-dharmoniques\/","og_site_name":"Soundrums","article_publisher":"https:\/\/www.facebook.com\/soundrums\/","article_modified_time":"2025-01-14T13:57:42+00:00","og_image":[{"width":765,"height":765,"url":"https:\/\/soundrums-france.com\/wp-content\/uploads\/2020\/12\/sourdine-interne-controleur-dharmoniques.webp","type":"image\/jpeg"}],"twitter_card":"summary_large_image","twitter_misc":{"Dur\u00e9e de lecture estim\u00e9e":"1 minute"},"schema":{"@context":"https:\/\/schema.org","@graph":[{"@type":"WebPage","@id":"https:\/\/soundrums-france.com\/index.php\/produit\/sourdine-interne-controleur-dharmoniques\/","url":"https:\/\/soundrums-france.com\/index.php\/produit\/sourdine-interne-controleur-dharmoniques\/","name":"Sourdine Interne - Contr\u00f4leur d'Harmoniques - Soundrums","isPartOf":{"@id":"https:\/\/soundrums-france.com\/#website"},"primaryImageOfPage":{"@id":"https:\/\/soundrums-france.com\/index.php\/produit\/sourdine-interne-controleur-dharmoniques\/#primaryimage"},"image":{"@id":"https:\/\/soundrums-france.com\/index.php\/produit\/sourdine-interne-controleur-dharmoniques\/#primaryimage"},"thumbnailUrl":"https:\/\/soundrums-france.com\/wp-content\/uploads\/2020\/12\/sourdine-interne-controleur-dharmoniques.webp","datePublished":"2020-12-20T11:34:53+00:00","dateModified":"2025-01-14T13:57:42+00:00","description":"Venez d\u00e9couvrir notre Sourdine Interne - Contr\u00f4leur d'Harmoniques haute de gamme.","breadcrumb":{"@id":"https:\/\/soundrums-france.com\/index.php\/produit\/sourdine-interne-controleur-dharmoniques\/#breadcrumb"},"inLanguage":"fr-FR","potentialAction":[{"@type":"ReadAction","target":["https:\/\/soundrums-france.com\/index.php\/produit\/sourdine-interne-controleur-dharmoniques\/"]}]},{"@type":"ImageObject","inLanguage":"fr-FR","@id":"https:\/\/soundrums-france.com\/index.php\/produit\/sourdine-interne-controleur-dharmoniques\/#primaryimage","url":"https:\/\/soundrums-france.com\/wp-content\/uploads\/2020\/12\/sourdine-interne-controleur-dharmoniques.webp","contentUrl":"https:\/\/soundrums-france.com\/wp-content\/uploads\/2020\/12\/sourdine-interne-controleur-dharmoniques.webp","width":765,"height":765,"caption":"Sourdine Interne \u2013 Contr\u00f4leur d\u2019Harmoniques"},{"@type":"BreadcrumbList","@id":"https:\/\/soundrums-france.com\/index.php\/produit\/sourdine-interne-controleur-dharmoniques\/#breadcrumb","itemListElement":[{"@type":"ListItem","position":1,"name":"Accueil","item":"https:\/\/soundrums-france.com\/"},{"@type":"ListItem","position":2,"name":"Des produits","item":"https:\/\/soundrums-france.com\/index.php\/shop\/"},{"@type":"ListItem","position":3,"name":"Sourdine Interne &#8211; Contr\u00f4leur d&rsquo;Harmoniques"}]},{"@type":"WebSite","@id":"https:\/\/soundrums-france.com\/#website","url":"https:\/\/soundrums-france.com\/","name":"Soundrums","description":"Manufacture Fran\u00e7aise de tambours","publisher":{"@id":"https:\/\/soundrums-france.com\/#organization"},"potentialAction":[{"@type":"SearchAction","target":{"@type":"EntryPoint","urlTemplate":"https:\/\/soundrums-france.com\/?s={search_term_string}"},"query-input":{"@type":"PropertyValueSpecification","valueRequired":true,"valueName":"search_term_string"}}],"inLanguage":"fr-FR"},{"@type":"Organization","@id":"https:\/\/soundrums-france.com\/#organization","name":"Soundrums-france","url":"https:\/\/soundrums-france.com\/","logo":{"@type":"ImageObject","inLanguage":"fr-FR","@id":"https:\/\/soundrums-france.com\/#\/schema\/logo\/image\/","url":"https:\/\/soundrums-france.com\/wp-content\/uploads\/2020\/10\/LogoSD_HD.jpg","contentUrl":"https:\/\/soundrums-france.com\/wp-content\/uploads\/2020\/10\/LogoSD_HD.jpg","width":1280,"height":930,"caption":"Soundrums-france"},"image":{"@id":"https:\/\/soundrums-france.com\/#\/schema\/logo\/image\/"},"sameAs":["https:\/\/www.facebook.com\/soundrums\/","https:\/\/www.youtube.com\/channel\/UC4S_W_0ZCdUFH3Y9xkv5bEw"]}]}},"uagb_featured_image_src":{"full":["https:\/\/soundrums-france.com\/wp-content\/uploads\/2020\/12\/sourdine-interne-controleur-dharmoniques.webp",765,765,false],"thumbnail":["https:\/\/soundrums-france.com\/wp-content\/uploads\/2020\/12\/sourdine-interne-controleur-dharmoniques-150x150.webp",150,150,true],"medium":["https:\/\/soundrums-france.com\/wp-content\/uploads\/2020\/12\/sourdine-interne-controleur-dharmoniques-300x300.webp",300,300,true],"medium_large":["https:\/\/soundrums-france.com\/wp-content\/uploads\/2020\/12\/sourdine-interne-controleur-dharmoniques.webp",765,765,false],"large":["https:\/\/soundrums-france.com\/wp-content\/uploads\/2020\/12\/sourdine-interne-controleur-dharmoniques.webp",765,765,false],"1536x1536":["https:\/\/soundrums-france.com\/wp-content\/uploads\/2020\/12\/sourdine-interne-controleur-dharmoniques.webp",765,765,false],"2048x2048":["https:\/\/soundrums-france.com\/wp-content\/uploads\/2020\/12\/sourdine-interne-controleur-dharmoniques.webp",765,765,false],"woocommerce_thumbnail":["https:\/\/soundrums-france.com\/wp-content\/uploads\/2020\/12\/sourdine-interne-controleur-dharmoniques-300x300.webp",300,300,true],"woocommerce_single":["https:\/\/soundrums-france.com\/wp-content\/uploads\/2020\/12\/sourdine-interne-controleur-dharmoniques-600x600.webp",600,600,true],"woocommerce_gallery_thumbnail":["https:\/\/soundrums-france.com\/wp-content\/uploads\/2020\/12\/sourdine-interne-controleur-dharmoniques-100x100.webp",100,100,true]},"uagb_author_info":{"display_name":"Emmanuel JAY","author_link":"https:\/\/soundrums-france.com\/index.php\/author\/"},"uagb_comment_info":0,"uagb_excerpt":"Contr\u00f4lez les harmoniques de votre caisse-claire oud e votre tambour avec un r\u00e9glage simple, par molette. Construction sur une base d'acier moul\u00e9 r\u00e9glage par molette Entraxe : 25.5mm Vis de montage incluses &nbsp; \u00a0","wcpa_form_fields":null,"_links":{"self":[{"href":"https:\/\/soundrums-france.com\/index.php\/wp-json\/wp\/v2\/product\/32638","targetHints":{"allow":["GET"]}}],"collection":[{"href":"https:\/\/soundrums-france.com\/index.php\/wp-json\/wp\/v2\/product"}],"about":[{"href":"https:\/\/soundrums-france.com\/index.php\/wp-json\/wp\/v2\/types\/product"}],"replies":[{"embeddable":true,"href":"https:\/\/soundrums-france.com\/index.php\/wp-json\/wp\/v2\/comments?post=32638"}],"version-history":[{"count":1,"href":"https:\/\/soundrums-france.com\/index.php\/wp-json\/wp\/v2\/product\/32638\/revisions"}],"predecessor-version":[{"id":36947,"href":"https:\/\/soundrums-france.com\/index.php\/wp-json\/wp\/v2\/product\/32638\/revisions\/36947"}],"wp:featuredmedia":[{"embeddable":true,"href":"https:\/\/soundrums-france.com\/index.php\/wp-json\/wp\/v2\/media\/37560"}],"wp:attachment":[{"href":"https:\/\/soundrums-france.com\/index.php\/wp-json\/wp\/v2\/media?parent=32638"}],"wp:term":[{"taxonomy":"product_cat","embeddable":true,"href":"https:\/\/soundrums-france.com\/index.php\/wp-json\/wp\/v2\/product_cat?post=32638"},{"taxonomy":"product_tag","embeddable":true,"href":"https:\/\/soundrums-france.com\/index.php\/wp-json\/wp\/v2\/product_tag?post=32638"}],"curies":[{"name":"wp","href":"https:\/\/api.w.org\/{rel}","templated":true}]}}