{"id":32649,"date":"2020-12-20T16:43:59","date_gmt":"2020-12-20T15:43:59","guid":{"rendered":"https:\/\/soundrums-france.com\/?post_type=product&#038;p=32649"},"modified":"2024-12-10T15:20:48","modified_gmt":"2024-12-10T14:20:48","slug":"housse-luxe-pour-caisse-claire-impermeable-et-doublee-a-la-fibre-de-verre-14x6-5","status":"publish","type":"product","link":"https:\/\/soundrums-france.com\/index.php\/produit\/housse-luxe-pour-caisse-claire-impermeable-et-doublee-a-la-fibre-de-verre-14x6-5\/","title":{"rendered":"Housse LUXE pour CAISSE-CLAIRE imperm\u00e9able et doubl\u00e9e \u00e0 la fibre de verre 14&Prime;"},"content":{"rendered":"<p>Housse de caisse-claire, mod\u00e8le \u00ab\u00a0Luxe\u00a0\u00bb imperm\u00e9able et doubl\u00e9e \u00e0 la fibre de verre<\/p>\n<div class=\"productDetailFeatureTexts\">\n<ul>\n<li>14&Prime;X 8&Prime;, 6.5&Prime; ou 5.5&Prime;<\/li>\n<li>Poign\u00e9e et bandouli\u00e8re sp\u00e9cialement renforc\u00e9es<\/li>\n<li>R\u00e9sistante et matelass\u00e9e (20 mm)<\/li>\n<li>Rembourrage en velours<\/li>\n<li>Courroies r\u00e9glables\/rembourrage d&rsquo;\u00e9paule<\/li>\n<li>Stable, protections en caoutchouc sur le fond<\/li>\n<\/ul>\n<\/div>\n","protected":false},"excerpt":{"rendered":"<p>Housse de caisse-claire, mod\u00e8le \u00ab\u00a0Luxe\u00a0\u00bb imperm\u00e9able et doubl\u00e9e \u00e0 la fibre de verre<\/p>\n<div class=\"productDetailFeatureTexts\">\n<ul>\n<li>14&Prime;X 8&Prime;, 6.5&Prime; ou 5.5&Prime;<\/li>\n<li>Poign\u00e9e et bandouli\u00e8re sp\u00e9cialement renforc\u00e9es<\/li>\n<li>R\u00e9sistante et matelass\u00e9e (20 mm)<\/li>\n<li>Rembourrage en velours<\/li>\n<li>Courroies r\u00e9glables\/rembourrage d&rsquo;\u00e9paule<\/li>\n<li>Stable, protections en caoutchouc sur le fond<\/li>\n<\/ul>\n<\/div>\n","protected":false},"featured_media":32662,"comment_status":"open","ping_status":"closed","template":"","meta":{"_uag_custom_page_level_css":"","site-sidebar-layout":"default","site-content-layout":"default","ast-global-header-display":"","ast-banner-title-visibility":"","ast-main-header-display":"","ast-hfb-above-header-display":"","ast-hfb-below-header-display":"","ast-hfb-mobile-header-display":"","site-post-title":"","ast-breadcrumbs-content":"","ast-featured-img":"","footer-sml-layout":"","theme-transparent-header-meta":"default","adv-header-id-meta":"","stick-header-meta":"","header-above-stick-meta":"","header-main-stick-meta":"","header-below-stick-meta":""},"product_cat":[187,194],"product_tag":[],"class_list":{"0":"post-32649","1":"product","2":"type-product","3":"status-publish","4":"has-post-thumbnail","6":"product_cat-accessoires","7":"product_cat-housses","8":"pa_taille-1-2","9":"pa_taille-3-4","10":"pa_taille-4-4","11":"desktop-align-left","12":"tablet-align-left","13":"mobile-align-left","14":"wcpa_has_options","16":"first","17":"instock","18":"taxable","19":"shipping-taxable","20":"purchasable","21":"product-type-simple"},"yoast_head":"<!-- This site is optimized with the Yoast SEO plugin v24.1 - https:\/\/yoast.com\/wordpress\/plugins\/seo\/ -->\n<title>Housse LUXE pour CAISSE-CLAIRE imperm\u00e9able et doubl\u00e9e \u00e0 la fibre de verre 14&quot; - Soundrums<\/title>\n<meta name=\"description\" content=\"Venez d\u00e9couvrir notre Housse LUXE pour CAISSE-CLAIRE imperm\u00e9able et doubl\u00e9e \u00e0 la fibre de verre 14&quot; haute de gamme.\" \/>\n<meta name=\"robots\" content=\"index, follow, max-snippet:-1, max-image-preview:large, max-video-preview:-1\" \/>\n<link rel=\"canonical\" href=\"https:\/\/soundrums-france.com\/index.php\/produit\/housse-luxe-pour-caisse-claire-impermeable-et-doublee-a-la-fibre-de-verre-14x6-5\/\" \/>\n<meta property=\"og:locale\" content=\"fr_FR\" \/>\n<meta property=\"og:type\" content=\"article\" \/>\n<meta property=\"og:title\" content=\"Housse LUXE pour CAISSE-CLAIRE imperm\u00e9able et doubl\u00e9e \u00e0 la fibre de verre 14&quot; - Soundrums\" \/>\n<meta property=\"og:description\" content=\"Venez d\u00e9couvrir notre Housse LUXE pour CAISSE-CLAIRE imperm\u00e9able et doubl\u00e9e \u00e0 la fibre de verre 14&quot; haute de gamme.\" \/>\n<meta property=\"og:url\" content=\"https:\/\/soundrums-france.com\/index.php\/produit\/housse-luxe-pour-caisse-claire-impermeable-et-doublee-a-la-fibre-de-verre-14x6-5\/\" \/>\n<meta property=\"og:site_name\" content=\"Soundrums\" \/>\n<meta property=\"article:publisher\" content=\"https:\/\/www.facebook.com\/soundrums\/\" \/>\n<meta property=\"article:modified_time\" content=\"2024-12-10T14:20:48+00:00\" \/>\n<meta property=\"og:image\" content=\"https:\/\/soundrums-france.com\/wp-content\/uploads\/2020\/12\/housse-CCLnoir.jpg\" \/>\n\t<meta property=\"og:image:width\" content=\"1200\" \/>\n\t<meta property=\"og:image:height\" content=\"1200\" \/>\n\t<meta property=\"og:image:type\" content=\"image\/jpeg\" \/>\n<meta name=\"twitter:card\" content=\"summary_large_image\" \/>\n<meta name=\"twitter:label1\" content=\"Dur\u00e9e de lecture estim\u00e9e\" \/>\n\t<meta name=\"twitter:data1\" content=\"1 minute\" \/>\n<script type=\"application\/ld+json\" class=\"yoast-schema-graph\">{\"@context\":\"https:\/\/schema.org\",\"@graph\":[{\"@type\":\"WebPage\",\"@id\":\"https:\/\/soundrums-france.com\/index.php\/produit\/housse-luxe-pour-caisse-claire-impermeable-et-doublee-a-la-fibre-de-verre-14x6-5\/\",\"url\":\"https:\/\/soundrums-france.com\/index.php\/produit\/housse-luxe-pour-caisse-claire-impermeable-et-doublee-a-la-fibre-de-verre-14x6-5\/\",\"name\":\"Housse LUXE pour CAISSE-CLAIRE imperm\u00e9able et doubl\u00e9e \u00e0 la fibre de verre 14\\\" - Soundrums\",\"isPartOf\":{\"@id\":\"https:\/\/soundrums-france.com\/#website\"},\"primaryImageOfPage\":{\"@id\":\"https:\/\/soundrums-france.com\/index.php\/produit\/housse-luxe-pour-caisse-claire-impermeable-et-doublee-a-la-fibre-de-verre-14x6-5\/#primaryimage\"},\"image\":{\"@id\":\"https:\/\/soundrums-france.com\/index.php\/produit\/housse-luxe-pour-caisse-claire-impermeable-et-doublee-a-la-fibre-de-verre-14x6-5\/#primaryimage\"},\"thumbnailUrl\":\"https:\/\/soundrums-france.com\/wp-content\/uploads\/2020\/12\/housse-CCLnoir.webp\",\"datePublished\":\"2020-12-20T15:43:59+00:00\",\"dateModified\":\"2024-12-10T14:20:48+00:00\",\"description\":\"Venez d\u00e9couvrir notre Housse LUXE pour CAISSE-CLAIRE imperm\u00e9able et doubl\u00e9e \u00e0 la fibre de verre 14\\\" haute de gamme.\",\"breadcrumb\":{\"@id\":\"https:\/\/soundrums-france.com\/index.php\/produit\/housse-luxe-pour-caisse-claire-impermeable-et-doublee-a-la-fibre-de-verre-14x6-5\/#breadcrumb\"},\"inLanguage\":\"fr-FR\",\"potentialAction\":[{\"@type\":\"ReadAction\",\"target\":[\"https:\/\/soundrums-france.com\/index.php\/produit\/housse-luxe-pour-caisse-claire-impermeable-et-doublee-a-la-fibre-de-verre-14x6-5\/\"]}]},{\"@type\":\"ImageObject\",\"inLanguage\":\"fr-FR\",\"@id\":\"https:\/\/soundrums-france.com\/index.php\/produit\/housse-luxe-pour-caisse-claire-impermeable-et-doublee-a-la-fibre-de-verre-14x6-5\/#primaryimage\",\"url\":\"https:\/\/soundrums-france.com\/wp-content\/uploads\/2020\/12\/housse-CCLnoir.webp\",\"contentUrl\":\"https:\/\/soundrums-france.com\/wp-content\/uploads\/2020\/12\/housse-CCLnoir.webp\",\"width\":1200,\"height\":1200,\"caption\":\"Housse de caisse-claire\"},{\"@type\":\"BreadcrumbList\",\"@id\":\"https:\/\/soundrums-france.com\/index.php\/produit\/housse-luxe-pour-caisse-claire-impermeable-et-doublee-a-la-fibre-de-verre-14x6-5\/#breadcrumb\",\"itemListElement\":[{\"@type\":\"ListItem\",\"position\":1,\"name\":\"Accueil\",\"item\":\"https:\/\/soundrums-france.com\/\"},{\"@type\":\"ListItem\",\"position\":2,\"name\":\"Des produits\",\"item\":\"https:\/\/soundrums-france.com\/index.php\/shop\/\"},{\"@type\":\"ListItem\",\"position\":3,\"name\":\"Housse LUXE pour CAISSE-CLAIRE imperm\u00e9able et doubl\u00e9e \u00e0 la fibre de verre 14&Prime;\"}]},{\"@type\":\"WebSite\",\"@id\":\"https:\/\/soundrums-france.com\/#website\",\"url\":\"https:\/\/soundrums-france.com\/\",\"name\":\"Soundrums\",\"description\":\"Manufacture Fran\u00e7aise de tambours\",\"publisher\":{\"@id\":\"https:\/\/soundrums-france.com\/#organization\"},\"potentialAction\":[{\"@type\":\"SearchAction\",\"target\":{\"@type\":\"EntryPoint\",\"urlTemplate\":\"https:\/\/soundrums-france.com\/?s={search_term_string}\"},\"query-input\":{\"@type\":\"PropertyValueSpecification\",\"valueRequired\":true,\"valueName\":\"search_term_string\"}}],\"inLanguage\":\"fr-FR\"},{\"@type\":\"Organization\",\"@id\":\"https:\/\/soundrums-france.com\/#organization\",\"name\":\"Soundrums-france\",\"url\":\"https:\/\/soundrums-france.com\/\",\"logo\":{\"@type\":\"ImageObject\",\"inLanguage\":\"fr-FR\",\"@id\":\"https:\/\/soundrums-france.com\/#\/schema\/logo\/image\/\",\"url\":\"https:\/\/soundrums-france.com\/wp-content\/uploads\/2020\/10\/LogoSD_HD.jpg\",\"contentUrl\":\"https:\/\/soundrums-france.com\/wp-content\/uploads\/2020\/10\/LogoSD_HD.jpg\",\"width\":1280,\"height\":930,\"caption\":\"Soundrums-france\"},\"image\":{\"@id\":\"https:\/\/soundrums-france.com\/#\/schema\/logo\/image\/\"},\"sameAs\":[\"https:\/\/www.facebook.com\/soundrums\/\",\"https:\/\/www.youtube.com\/channel\/UC4S_W_0ZCdUFH3Y9xkv5bEw\"]}]}<\/script>\n<!-- \/ Yoast SEO plugin. -->","yoast_head_json":{"title":"Housse LUXE pour CAISSE-CLAIRE imperm\u00e9able et doubl\u00e9e \u00e0 la fibre de verre 14\" - Soundrums","description":"Venez d\u00e9couvrir notre Housse LUXE pour CAISSE-CLAIRE imperm\u00e9able et doubl\u00e9e \u00e0 la fibre de verre 14\" haute de gamme.","robots":{"index":"index","follow":"follow","max-snippet":"max-snippet:-1","max-image-preview":"max-image-preview:large","max-video-preview":"max-video-preview:-1"},"canonical":"https:\/\/soundrums-france.com\/index.php\/produit\/housse-luxe-pour-caisse-claire-impermeable-et-doublee-a-la-fibre-de-verre-14x6-5\/","og_locale":"fr_FR","og_type":"article","og_title":"Housse LUXE pour CAISSE-CLAIRE imperm\u00e9able et doubl\u00e9e \u00e0 la fibre de verre 14\" - Soundrums","og_description":"Venez d\u00e9couvrir notre Housse LUXE pour CAISSE-CLAIRE imperm\u00e9able et doubl\u00e9e \u00e0 la fibre de verre 14\" haute de gamme.","og_url":"https:\/\/soundrums-france.com\/index.php\/produit\/housse-luxe-pour-caisse-claire-impermeable-et-doublee-a-la-fibre-de-verre-14x6-5\/","og_site_name":"Soundrums","article_publisher":"https:\/\/www.facebook.com\/soundrums\/","article_modified_time":"2024-12-10T14:20:48+00:00","og_image":[{"width":1200,"height":1200,"url":"https:\/\/soundrums-france.com\/wp-content\/uploads\/2020\/12\/housse-CCLnoir.jpg","type":"image\/jpeg"}],"twitter_card":"summary_large_image","twitter_misc":{"Dur\u00e9e de lecture estim\u00e9e":"1 minute"},"schema":{"@context":"https:\/\/schema.org","@graph":[{"@type":"WebPage","@id":"https:\/\/soundrums-france.com\/index.php\/produit\/housse-luxe-pour-caisse-claire-impermeable-et-doublee-a-la-fibre-de-verre-14x6-5\/","url":"https:\/\/soundrums-france.com\/index.php\/produit\/housse-luxe-pour-caisse-claire-impermeable-et-doublee-a-la-fibre-de-verre-14x6-5\/","name":"Housse LUXE pour CAISSE-CLAIRE imperm\u00e9able et doubl\u00e9e \u00e0 la fibre de verre 14\" - Soundrums","isPartOf":{"@id":"https:\/\/soundrums-france.com\/#website"},"primaryImageOfPage":{"@id":"https:\/\/soundrums-france.com\/index.php\/produit\/housse-luxe-pour-caisse-claire-impermeable-et-doublee-a-la-fibre-de-verre-14x6-5\/#primaryimage"},"image":{"@id":"https:\/\/soundrums-france.com\/index.php\/produit\/housse-luxe-pour-caisse-claire-impermeable-et-doublee-a-la-fibre-de-verre-14x6-5\/#primaryimage"},"thumbnailUrl":"https:\/\/soundrums-france.com\/wp-content\/uploads\/2020\/12\/housse-CCLnoir.webp","datePublished":"2020-12-20T15:43:59+00:00","dateModified":"2024-12-10T14:20:48+00:00","description":"Venez d\u00e9couvrir notre Housse LUXE pour CAISSE-CLAIRE imperm\u00e9able et doubl\u00e9e \u00e0 la fibre de verre 14\" haute de gamme.","breadcrumb":{"@id":"https:\/\/soundrums-france.com\/index.php\/produit\/housse-luxe-pour-caisse-claire-impermeable-et-doublee-a-la-fibre-de-verre-14x6-5\/#breadcrumb"},"inLanguage":"fr-FR","potentialAction":[{"@type":"ReadAction","target":["https:\/\/soundrums-france.com\/index.php\/produit\/housse-luxe-pour-caisse-claire-impermeable-et-doublee-a-la-fibre-de-verre-14x6-5\/"]}]},{"@type":"ImageObject","inLanguage":"fr-FR","@id":"https:\/\/soundrums-france.com\/index.php\/produit\/housse-luxe-pour-caisse-claire-impermeable-et-doublee-a-la-fibre-de-verre-14x6-5\/#primaryimage","url":"https:\/\/soundrums-france.com\/wp-content\/uploads\/2020\/12\/housse-CCLnoir.webp","contentUrl":"https:\/\/soundrums-france.com\/wp-content\/uploads\/2020\/12\/housse-CCLnoir.webp","width":1200,"height":1200,"caption":"Housse de caisse-claire"},{"@type":"BreadcrumbList","@id":"https:\/\/soundrums-france.com\/index.php\/produit\/housse-luxe-pour-caisse-claire-impermeable-et-doublee-a-la-fibre-de-verre-14x6-5\/#breadcrumb","itemListElement":[{"@type":"ListItem","position":1,"name":"Accueil","item":"https:\/\/soundrums-france.com\/"},{"@type":"ListItem","position":2,"name":"Des produits","item":"https:\/\/soundrums-france.com\/index.php\/shop\/"},{"@type":"ListItem","position":3,"name":"Housse LUXE pour CAISSE-CLAIRE imperm\u00e9able et doubl\u00e9e \u00e0 la fibre de verre 14&Prime;"}]},{"@type":"WebSite","@id":"https:\/\/soundrums-france.com\/#website","url":"https:\/\/soundrums-france.com\/","name":"Soundrums","description":"Manufacture Fran\u00e7aise de tambours","publisher":{"@id":"https:\/\/soundrums-france.com\/#organization"},"potentialAction":[{"@type":"SearchAction","target":{"@type":"EntryPoint","urlTemplate":"https:\/\/soundrums-france.com\/?s={search_term_string}"},"query-input":{"@type":"PropertyValueSpecification","valueRequired":true,"valueName":"search_term_string"}}],"inLanguage":"fr-FR"},{"@type":"Organization","@id":"https:\/\/soundrums-france.com\/#organization","name":"Soundrums-france","url":"https:\/\/soundrums-france.com\/","logo":{"@type":"ImageObject","inLanguage":"fr-FR","@id":"https:\/\/soundrums-france.com\/#\/schema\/logo\/image\/","url":"https:\/\/soundrums-france.com\/wp-content\/uploads\/2020\/10\/LogoSD_HD.jpg","contentUrl":"https:\/\/soundrums-france.com\/wp-content\/uploads\/2020\/10\/LogoSD_HD.jpg","width":1280,"height":930,"caption":"Soundrums-france"},"image":{"@id":"https:\/\/soundrums-france.com\/#\/schema\/logo\/image\/"},"sameAs":["https:\/\/www.facebook.com\/soundrums\/","https:\/\/www.youtube.com\/channel\/UC4S_W_0ZCdUFH3Y9xkv5bEw"]}]}},"uagb_featured_image_src":{"full":["https:\/\/soundrums-france.com\/wp-content\/uploads\/2020\/12\/housse-CCLnoir.webp",1200,1200,false],"thumbnail":["https:\/\/soundrums-france.com\/wp-content\/uploads\/2020\/12\/housse-CCLnoir-150x150.jpg",150,150,true],"medium":["https:\/\/soundrums-france.com\/wp-content\/uploads\/2020\/12\/housse-CCLnoir-300x300.jpg",300,300,true],"medium_large":["https:\/\/soundrums-france.com\/wp-content\/uploads\/2020\/12\/housse-CCLnoir-768x768.jpg",768,768,true],"large":["https:\/\/soundrums-france.com\/wp-content\/uploads\/2020\/12\/housse-CCLnoir-1024x1024.jpg",1024,1024,true],"1536x1536":["https:\/\/soundrums-france.com\/wp-content\/uploads\/2020\/12\/housse-CCLnoir.webp",1200,1200,false],"2048x2048":["https:\/\/soundrums-france.com\/wp-content\/uploads\/2020\/12\/housse-CCLnoir.webp",1200,1200,false],"woocommerce_thumbnail":["https:\/\/soundrums-france.com\/wp-content\/uploads\/2020\/12\/housse-CCLnoir-300x300.jpg",300,300,true],"woocommerce_single":["https:\/\/soundrums-france.com\/wp-content\/uploads\/2020\/12\/housse-CCLnoir-600x600.jpg",600,600,true],"woocommerce_gallery_thumbnail":["https:\/\/soundrums-france.com\/wp-content\/uploads\/2020\/12\/housse-CCLnoir-100x100.jpg",100,100,true]},"uagb_author_info":{"display_name":"Emmanuel JAY","author_link":"https:\/\/soundrums-france.com\/index.php\/author\/"},"uagb_comment_info":0,"uagb_excerpt":"Housse de caisse-claire, mod\u00e8le \"Luxe\" imperm\u00e9able et doubl\u00e9e \u00e0 la fibre de verre 14\"X 8\", 6.5\" ou 5.5\" Poign\u00e9e et bandouli\u00e8re sp\u00e9cialement renforc\u00e9es R\u00e9sistante et matelass\u00e9e (20 mm) Rembourrage en velours Courroies r\u00e9glables\/rembourrage d'\u00e9paule Stable, protections en caoutchouc sur le fond","wcpa_form_fields":{"wcpaData":{"product":{"product_price":115,"price_html":"<span class=\"woocommerce-Price-amount amount\"><bdi>115,00<span class=\"woocommerce-Price-currencySymbol\">&euro;<\/span><\/bdi><\/span>","original_product_price":115,"price_including_tax":115,"price_excluding_tax":95.833333,"product_id":{"parent":32649,"variation":false},"is_variable":false,"stock_status":"instock","stock_quantity":null,"parent_sku":"Housse-Luxe-Caisse-claire","product_attributes":{"pa_taille":{"is_variation":false,"values":["1-2","3-4","4-4"]}},"custom_fields":[],"is_taxable":true,"product_name":"Housse LUXE pour CAISSE-CLAIRE imperm\u00e9able et doubl\u00e9e \u00e0 la fibre de verre 14\""},"fields":{"sec_7672245a08221d":{"extra":{"key":"sec_7672245a08221d","section_id":"sec_7672245a08221d","name":"Default","status":1,"cl_rule":"show","enableCl":false,"relations":[],"toggle":true,"title_tag":"h3","show_title":false,"showPrice":"default","form_id":33608,"form_rules":{"exclude_from_discount":false,"fee_label":"Frais","disp_hide_options_price":false,"disp_show_section_price":false,"disp_show_field_price":true,"layout_option":"standard","pric_use_as_fee":false,"process_fee_as":"woo_fee"},"layout_option":"standard"},"fields":[[{"type":"radio-group","elementId":"wcpa-radio-group-1639731765083","label":"Profondeur de housse (du f\u00fbt)","enablePrice":true,"priceOptions":"different_for_all","pricingType":"fixed","name":"radio-group-1639731765083","other_text":"Autre","cl_rule":"show","col":6,"values":[{"label":"5.5\" +","value":"option-1","price":"0","pimage":"","pimage_id":"","pthumb":"","selected":true,"tempId":"aco_491","gt_translate_keys":["label"]},{"label":"6.5\" +","value":"option-2","price":"1","pimage":"","pimage_id":"","pthumb":"","tempId":"aco_492","gt_translate_keys":["label"]},{"label":"8\" +","value":"option-3","price":"7","pimage":"","pimage_id":"","pthumb":"","tempId":"aco_493","gt_translate_keys":["label"]}],"relations":false,"active":true,"tooltip":"","layOut":"","checkUi":"","error":false,"gt_translate_keys":["label","tooltip"],"price_dependency":false,"cl_dependency":false,"value":""}]]}},"config":{"price_override":"","enable_recaptcha":false,"bind_quantity":false,"quantity_bind_formula":false,"disp_summ_show_option_price":true,"disp_summ_show_product_price":true,"disp_summ_show_total_price":true,"disp_summ_show_fee":false,"disp_summ_show_discount":false,"summary_title":"","options_total_label":"Montant des options","total_label":"Total","options_product_label":"Prix du produit","fee_label":"Frais","discount_label":"Discount","has_price":true,"has_quantity_formula":false},"mc_unit":1,"tax_rate":1,"tax_rate_real":0.2,"discount":{"percentage":0,"fixed":0},"design":{"conf":{"LabelPosition":"above","DescPosition":"left","UploadField":"custom_1","QuantityFieldStyle":"default"},"css":{"LeftLabelWidth":"120px"}},"formulas":[],"clones":false,"cartKey":false}},"_links":{"self":[{"href":"https:\/\/soundrums-france.com\/index.php\/wp-json\/wp\/v2\/product\/32649","targetHints":{"allow":["GET"]}}],"collection":[{"href":"https:\/\/soundrums-france.com\/index.php\/wp-json\/wp\/v2\/product"}],"about":[{"href":"https:\/\/soundrums-france.com\/index.php\/wp-json\/wp\/v2\/types\/product"}],"replies":[{"embeddable":true,"href":"https:\/\/soundrums-france.com\/index.php\/wp-json\/wp\/v2\/comments?post=32649"}],"version-history":[{"count":4,"href":"https:\/\/soundrums-france.com\/index.php\/wp-json\/wp\/v2\/product\/32649\/revisions"}],"predecessor-version":[{"id":37251,"href":"https:\/\/soundrums-france.com\/index.php\/wp-json\/wp\/v2\/product\/32649\/revisions\/37251"}],"wp:featuredmedia":[{"embeddable":true,"href":"https:\/\/soundrums-france.com\/index.php\/wp-json\/wp\/v2\/media\/32662"}],"wp:attachment":[{"href":"https:\/\/soundrums-france.com\/index.php\/wp-json\/wp\/v2\/media?parent=32649"}],"wp:term":[{"taxonomy":"product_cat","embeddable":true,"href":"https:\/\/soundrums-france.com\/index.php\/wp-json\/wp\/v2\/product_cat?post=32649"},{"taxonomy":"product_tag","embeddable":true,"href":"https:\/\/soundrums-france.com\/index.php\/wp-json\/wp\/v2\/product_tag?post=32649"}],"curies":[{"name":"wp","href":"https:\/\/api.w.org\/{rel}","templated":true}]}}