{"id":32935,"date":"2021-01-24T21:15:00","date_gmt":"2021-01-24T20:15:00","guid":{"rendered":"https:\/\/soundrums-france.com\/?post_type=product&#038;p=32935"},"modified":"2024-06-19T15:38:55","modified_gmt":"2024-06-19T13:38:55","slug":"peau-de-frappe-14-remo-fiberskyn-ambassador","status":"publish","type":"product","link":"https:\/\/soundrums-france.com\/index.php\/produit\/peau-de-frappe-14-remo-fiberskyn-ambassador\/","title":{"rendered":"Peau de frappe 14&Prime; REMO Fiberskyn\u00ae Ambassador"},"content":{"rendered":"<div>\n<div id=\"description\" class=\"tab-pane in active\">\n<div class=\"product-description\">\n<div class=\"rte-content\">\n<div id=\"description\" class=\"tab-pane in active\">\n<div class=\"product-description\">\n<div class=\"rte-content\">\n<p><span class=\"tlid-translation translation\" lang=\"fr\" xml:lang=\"fr\"><span title=\"\">Les peaux Ambassador\u00ae Fiberskyn\u00ae pr\u00e9sentent un son chaud et complet avec une d\u00e9finition exceptionnelle et une r\u00e9sonance am\u00e9lior\u00e9e des m\u00e9diums et des graves.<\/span> <span title=\"\">Combinant une couche de film de 10 mil lamin\u00e9 sur une fibre polyspun de 3 mil, sa sensibilit\u00e9 et son articulation douce font de l&rsquo;Ambassador\u00ae Fiberskyn\u00ae la peau de caisse claire de concert, de grosse-caisse, de tom de concert, de batterie et de tambour traditionnel la plus populaires au monde.<\/span> <span title=\"\">Id\u00e9al pour jouer avec des baguettes et mailloches dans toutes les applications de percussions de concert et de marche, et tr\u00e8s durable pour une utilisation en ext\u00e9rieur.<\/span><\/span><\/p>\n<\/div>\n<\/div>\n<\/div>\n<\/div>\n<\/div>\n<\/div>\n<\/div>\n","protected":false},"excerpt":{"rendered":"<div id=\"product-description-short-797\" class=\"rte-content\">\n<div id=\"product-description-short-796\" class=\"rte-content\">La peau <strong>Remo Fiberskyn\u00ae <\/strong>est r\u00e9put\u00e9 pour offrir un son \u00e0 la tonalit\u00e9 chaude et riche, ainsi qu&rsquo;un beau sustain et une r\u00e9sonance riche. La surface Fiberskyn 3 offre une r\u00e9ponse excellente, aussi bien avec les baguettes que les mailloches.<\/div>\n<\/div>\n<p><em>Plusieurs diam\u00e8tres disponibles, autres tailles sur commande<br \/>\n<\/em><\/p>\n<ul>\n<li><em>Simple pli<\/em><\/li>\n<li><em>Epaisseur: 10 milli\u00e8mes<\/em><\/li>\n<li><em>Diam\u00e8tre 14&Prime;<\/em><\/li>\n<li><em>Ambassador<\/em><\/li>\n<\/ul>\n<p><strong>Autres dimensions sur demande.<\/strong><\/p>\n","protected":false},"featured_media":32443,"comment_status":"open","ping_status":"closed","template":"","meta":{"_uag_custom_page_level_css":"","site-sidebar-layout":"default","site-content-layout":"default","ast-global-header-display":"","ast-banner-title-visibility":"","ast-main-header-display":"","ast-hfb-above-header-display":"","ast-hfb-below-header-display":"","ast-hfb-mobile-header-display":"","site-post-title":"","ast-breadcrumbs-content":"","ast-featured-img":"","footer-sml-layout":"","theme-transparent-header-meta":"","adv-header-id-meta":"","stick-header-meta":"","header-above-stick-meta":"","header-main-stick-meta":"","header-below-stick-meta":""},"product_cat":[187,224,199],"product_tag":[],"class_list":{"0":"post-32935","1":"product","2":"type-product","3":"status-publish","4":"has-post-thumbnail","6":"product_cat-accessoires","7":"product_cat-peaux","8":"product_cat-pieces_detachees","9":"desktop-align-left","10":"tablet-align-left","11":"mobile-align-left","13":"first","14":"onbackorder","15":"taxable","16":"shipping-taxable","17":"purchasable","18":"product-type-simple"},"yoast_head":"<!-- This site is optimized with the Yoast SEO plugin v24.1 - https:\/\/yoast.com\/wordpress\/plugins\/seo\/ -->\n<title>Peau de frappe 14&quot; REMO Fiberskyn\u00ae Ambassador - Soundrums<\/title>\n<meta name=\"description\" content=\"Venez d\u00e9couvrir notre Peau de frappe 14&quot; REMO Fiberskyn\u00ae Ambassador haute de gamme.\" \/>\n<meta name=\"robots\" content=\"index, follow, max-snippet:-1, max-image-preview:large, max-video-preview:-1\" \/>\n<link rel=\"canonical\" href=\"https:\/\/soundrums-france.com\/index.php\/produit\/peau-de-frappe-14-remo-fiberskyn-ambassador\/\" \/>\n<meta property=\"og:locale\" content=\"fr_FR\" \/>\n<meta property=\"og:type\" content=\"article\" \/>\n<meta property=\"og:title\" content=\"Peau de frappe 14&quot; REMO Fiberskyn\u00ae Ambassador - Soundrums\" \/>\n<meta property=\"og:description\" content=\"Venez d\u00e9couvrir notre Peau de frappe 14&quot; REMO Fiberskyn\u00ae Ambassador haute de gamme.\" \/>\n<meta property=\"og:url\" content=\"https:\/\/soundrums-france.com\/index.php\/produit\/peau-de-frappe-14-remo-fiberskyn-ambassador\/\" \/>\n<meta property=\"og:site_name\" content=\"Soundrums\" \/>\n<meta property=\"article:publisher\" content=\"https:\/\/www.facebook.com\/soundrums\/\" \/>\n<meta property=\"article:modified_time\" content=\"2024-06-19T13:38:55+00:00\" \/>\n<meta property=\"og:image\" content=\"https:\/\/soundrums-france.com\/wp-content\/uploads\/2020\/12\/Peau-Remo-fiberskyn-Soundrums.jpg\" \/>\n\t<meta property=\"og:image:width\" content=\"1200\" \/>\n\t<meta property=\"og:image:height\" content=\"1200\" \/>\n\t<meta property=\"og:image:type\" content=\"image\/jpeg\" \/>\n<meta name=\"twitter:card\" content=\"summary_large_image\" \/>\n<meta name=\"twitter:label1\" content=\"Dur\u00e9e de lecture estim\u00e9e\" \/>\n\t<meta name=\"twitter:data1\" content=\"1 minute\" \/>\n<script type=\"application\/ld+json\" class=\"yoast-schema-graph\">{\"@context\":\"https:\/\/schema.org\",\"@graph\":[{\"@type\":\"WebPage\",\"@id\":\"https:\/\/soundrums-france.com\/index.php\/produit\/peau-de-frappe-14-remo-fiberskyn-ambassador\/\",\"url\":\"https:\/\/soundrums-france.com\/index.php\/produit\/peau-de-frappe-14-remo-fiberskyn-ambassador\/\",\"name\":\"Peau de frappe 14\\\" REMO Fiberskyn\u00ae Ambassador - Soundrums\",\"isPartOf\":{\"@id\":\"https:\/\/soundrums-france.com\/#website\"},\"primaryImageOfPage\":{\"@id\":\"https:\/\/soundrums-france.com\/index.php\/produit\/peau-de-frappe-14-remo-fiberskyn-ambassador\/#primaryimage\"},\"image\":{\"@id\":\"https:\/\/soundrums-france.com\/index.php\/produit\/peau-de-frappe-14-remo-fiberskyn-ambassador\/#primaryimage\"},\"thumbnailUrl\":\"https:\/\/soundrums-france.com\/wp-content\/uploads\/2020\/12\/Peau-Remo-fiberskyn-Soundrums.webp\",\"datePublished\":\"2021-01-24T20:15:00+00:00\",\"dateModified\":\"2024-06-19T13:38:55+00:00\",\"description\":\"Venez d\u00e9couvrir notre Peau de frappe 14\\\" REMO Fiberskyn\u00ae Ambassador haute de gamme.\",\"breadcrumb\":{\"@id\":\"https:\/\/soundrums-france.com\/index.php\/produit\/peau-de-frappe-14-remo-fiberskyn-ambassador\/#breadcrumb\"},\"inLanguage\":\"fr-FR\",\"potentialAction\":[{\"@type\":\"ReadAction\",\"target\":[\"https:\/\/soundrums-france.com\/index.php\/produit\/peau-de-frappe-14-remo-fiberskyn-ambassador\/\"]}]},{\"@type\":\"ImageObject\",\"inLanguage\":\"fr-FR\",\"@id\":\"https:\/\/soundrums-france.com\/index.php\/produit\/peau-de-frappe-14-remo-fiberskyn-ambassador\/#primaryimage\",\"url\":\"https:\/\/soundrums-france.com\/wp-content\/uploads\/2020\/12\/Peau-Remo-fiberskyn-Soundrums.webp\",\"contentUrl\":\"https:\/\/soundrums-france.com\/wp-content\/uploads\/2020\/12\/Peau-Remo-fiberskyn-Soundrums.webp\",\"width\":1200,\"height\":1200,\"caption\":\"Peau Remo fiberskyn\"},{\"@type\":\"BreadcrumbList\",\"@id\":\"https:\/\/soundrums-france.com\/index.php\/produit\/peau-de-frappe-14-remo-fiberskyn-ambassador\/#breadcrumb\",\"itemListElement\":[{\"@type\":\"ListItem\",\"position\":1,\"name\":\"Accueil\",\"item\":\"https:\/\/soundrums-france.com\/\"},{\"@type\":\"ListItem\",\"position\":2,\"name\":\"Des produits\",\"item\":\"https:\/\/soundrums-france.com\/index.php\/shop\/\"},{\"@type\":\"ListItem\",\"position\":3,\"name\":\"Peau de frappe 14&Prime; REMO Fiberskyn\u00ae Ambassador\"}]},{\"@type\":\"WebSite\",\"@id\":\"https:\/\/soundrums-france.com\/#website\",\"url\":\"https:\/\/soundrums-france.com\/\",\"name\":\"Soundrums\",\"description\":\"Manufacture Fran\u00e7aise de tambours\",\"publisher\":{\"@id\":\"https:\/\/soundrums-france.com\/#organization\"},\"potentialAction\":[{\"@type\":\"SearchAction\",\"target\":{\"@type\":\"EntryPoint\",\"urlTemplate\":\"https:\/\/soundrums-france.com\/?s={search_term_string}\"},\"query-input\":{\"@type\":\"PropertyValueSpecification\",\"valueRequired\":true,\"valueName\":\"search_term_string\"}}],\"inLanguage\":\"fr-FR\"},{\"@type\":\"Organization\",\"@id\":\"https:\/\/soundrums-france.com\/#organization\",\"name\":\"Soundrums-france\",\"url\":\"https:\/\/soundrums-france.com\/\",\"logo\":{\"@type\":\"ImageObject\",\"inLanguage\":\"fr-FR\",\"@id\":\"https:\/\/soundrums-france.com\/#\/schema\/logo\/image\/\",\"url\":\"https:\/\/soundrums-france.com\/wp-content\/uploads\/2020\/10\/LogoSD_HD.jpg\",\"contentUrl\":\"https:\/\/soundrums-france.com\/wp-content\/uploads\/2020\/10\/LogoSD_HD.jpg\",\"width\":1280,\"height\":930,\"caption\":\"Soundrums-france\"},\"image\":{\"@id\":\"https:\/\/soundrums-france.com\/#\/schema\/logo\/image\/\"},\"sameAs\":[\"https:\/\/www.facebook.com\/soundrums\/\",\"https:\/\/www.youtube.com\/channel\/UC4S_W_0ZCdUFH3Y9xkv5bEw\"]}]}<\/script>\n<!-- \/ Yoast SEO plugin. -->","yoast_head_json":{"title":"Peau de frappe 14\" REMO Fiberskyn\u00ae Ambassador - Soundrums","description":"Venez d\u00e9couvrir notre Peau de frappe 14\" REMO Fiberskyn\u00ae Ambassador haute de gamme.","robots":{"index":"index","follow":"follow","max-snippet":"max-snippet:-1","max-image-preview":"max-image-preview:large","max-video-preview":"max-video-preview:-1"},"canonical":"https:\/\/soundrums-france.com\/index.php\/produit\/peau-de-frappe-14-remo-fiberskyn-ambassador\/","og_locale":"fr_FR","og_type":"article","og_title":"Peau de frappe 14\" REMO Fiberskyn\u00ae Ambassador - Soundrums","og_description":"Venez d\u00e9couvrir notre Peau de frappe 14\" REMO Fiberskyn\u00ae Ambassador haute de gamme.","og_url":"https:\/\/soundrums-france.com\/index.php\/produit\/peau-de-frappe-14-remo-fiberskyn-ambassador\/","og_site_name":"Soundrums","article_publisher":"https:\/\/www.facebook.com\/soundrums\/","article_modified_time":"2024-06-19T13:38:55+00:00","og_image":[{"width":1200,"height":1200,"url":"https:\/\/soundrums-france.com\/wp-content\/uploads\/2020\/12\/Peau-Remo-fiberskyn-Soundrums.jpg","type":"image\/jpeg"}],"twitter_card":"summary_large_image","twitter_misc":{"Dur\u00e9e de lecture estim\u00e9e":"1 minute"},"schema":{"@context":"https:\/\/schema.org","@graph":[{"@type":"WebPage","@id":"https:\/\/soundrums-france.com\/index.php\/produit\/peau-de-frappe-14-remo-fiberskyn-ambassador\/","url":"https:\/\/soundrums-france.com\/index.php\/produit\/peau-de-frappe-14-remo-fiberskyn-ambassador\/","name":"Peau de frappe 14\" REMO Fiberskyn\u00ae Ambassador - Soundrums","isPartOf":{"@id":"https:\/\/soundrums-france.com\/#website"},"primaryImageOfPage":{"@id":"https:\/\/soundrums-france.com\/index.php\/produit\/peau-de-frappe-14-remo-fiberskyn-ambassador\/#primaryimage"},"image":{"@id":"https:\/\/soundrums-france.com\/index.php\/produit\/peau-de-frappe-14-remo-fiberskyn-ambassador\/#primaryimage"},"thumbnailUrl":"https:\/\/soundrums-france.com\/wp-content\/uploads\/2020\/12\/Peau-Remo-fiberskyn-Soundrums.webp","datePublished":"2021-01-24T20:15:00+00:00","dateModified":"2024-06-19T13:38:55+00:00","description":"Venez d\u00e9couvrir notre Peau de frappe 14\" REMO Fiberskyn\u00ae Ambassador haute de gamme.","breadcrumb":{"@id":"https:\/\/soundrums-france.com\/index.php\/produit\/peau-de-frappe-14-remo-fiberskyn-ambassador\/#breadcrumb"},"inLanguage":"fr-FR","potentialAction":[{"@type":"ReadAction","target":["https:\/\/soundrums-france.com\/index.php\/produit\/peau-de-frappe-14-remo-fiberskyn-ambassador\/"]}]},{"@type":"ImageObject","inLanguage":"fr-FR","@id":"https:\/\/soundrums-france.com\/index.php\/produit\/peau-de-frappe-14-remo-fiberskyn-ambassador\/#primaryimage","url":"https:\/\/soundrums-france.com\/wp-content\/uploads\/2020\/12\/Peau-Remo-fiberskyn-Soundrums.webp","contentUrl":"https:\/\/soundrums-france.com\/wp-content\/uploads\/2020\/12\/Peau-Remo-fiberskyn-Soundrums.webp","width":1200,"height":1200,"caption":"Peau Remo fiberskyn"},{"@type":"BreadcrumbList","@id":"https:\/\/soundrums-france.com\/index.php\/produit\/peau-de-frappe-14-remo-fiberskyn-ambassador\/#breadcrumb","itemListElement":[{"@type":"ListItem","position":1,"name":"Accueil","item":"https:\/\/soundrums-france.com\/"},{"@type":"ListItem","position":2,"name":"Des produits","item":"https:\/\/soundrums-france.com\/index.php\/shop\/"},{"@type":"ListItem","position":3,"name":"Peau de frappe 14&Prime; REMO Fiberskyn\u00ae Ambassador"}]},{"@type":"WebSite","@id":"https:\/\/soundrums-france.com\/#website","url":"https:\/\/soundrums-france.com\/","name":"Soundrums","description":"Manufacture Fran\u00e7aise de tambours","publisher":{"@id":"https:\/\/soundrums-france.com\/#organization"},"potentialAction":[{"@type":"SearchAction","target":{"@type":"EntryPoint","urlTemplate":"https:\/\/soundrums-france.com\/?s={search_term_string}"},"query-input":{"@type":"PropertyValueSpecification","valueRequired":true,"valueName":"search_term_string"}}],"inLanguage":"fr-FR"},{"@type":"Organization","@id":"https:\/\/soundrums-france.com\/#organization","name":"Soundrums-france","url":"https:\/\/soundrums-france.com\/","logo":{"@type":"ImageObject","inLanguage":"fr-FR","@id":"https:\/\/soundrums-france.com\/#\/schema\/logo\/image\/","url":"https:\/\/soundrums-france.com\/wp-content\/uploads\/2020\/10\/LogoSD_HD.jpg","contentUrl":"https:\/\/soundrums-france.com\/wp-content\/uploads\/2020\/10\/LogoSD_HD.jpg","width":1280,"height":930,"caption":"Soundrums-france"},"image":{"@id":"https:\/\/soundrums-france.com\/#\/schema\/logo\/image\/"},"sameAs":["https:\/\/www.facebook.com\/soundrums\/","https:\/\/www.youtube.com\/channel\/UC4S_W_0ZCdUFH3Y9xkv5bEw"]}]}},"uagb_featured_image_src":{"full":["https:\/\/soundrums-france.com\/wp-content\/uploads\/2020\/12\/Peau-Remo-fiberskyn-Soundrums.webp",1200,1200,false],"thumbnail":["https:\/\/soundrums-france.com\/wp-content\/uploads\/2020\/12\/Peau-Remo-fiberskyn-Soundrums-150x150.jpg",150,150,true],"medium":["https:\/\/soundrums-france.com\/wp-content\/uploads\/2020\/12\/Peau-Remo-fiberskyn-Soundrums-300x300.jpg",300,300,true],"medium_large":["https:\/\/soundrums-france.com\/wp-content\/uploads\/2020\/12\/Peau-Remo-fiberskyn-Soundrums-768x768.jpg",768,768,true],"large":["https:\/\/soundrums-france.com\/wp-content\/uploads\/2020\/12\/Peau-Remo-fiberskyn-Soundrums-1024x1024.jpg",1024,1024,true],"1536x1536":["https:\/\/soundrums-france.com\/wp-content\/uploads\/2020\/12\/Peau-Remo-fiberskyn-Soundrums.webp",1200,1200,false],"2048x2048":["https:\/\/soundrums-france.com\/wp-content\/uploads\/2020\/12\/Peau-Remo-fiberskyn-Soundrums.webp",1200,1200,false],"woocommerce_thumbnail":["https:\/\/soundrums-france.com\/wp-content\/uploads\/2020\/12\/Peau-Remo-fiberskyn-Soundrums-300x300.jpg",300,300,true],"woocommerce_single":["https:\/\/soundrums-france.com\/wp-content\/uploads\/2020\/12\/Peau-Remo-fiberskyn-Soundrums-600x600.jpg",600,600,true],"woocommerce_gallery_thumbnail":["https:\/\/soundrums-france.com\/wp-content\/uploads\/2020\/12\/Peau-Remo-fiberskyn-Soundrums-100x100.jpg",100,100,true]},"uagb_author_info":{"display_name":"Emmanuel JAY","author_link":"https:\/\/soundrums-france.com\/index.php\/author\/"},"uagb_comment_info":0,"uagb_excerpt":"La peau Remo Fiberskyn\u00ae est r\u00e9put\u00e9 pour offrir un son \u00e0 la tonalit\u00e9 chaude et riche, ainsi qu'un beau sustain et une r\u00e9sonance riche. La surface Fiberskyn 3 offre une r\u00e9ponse excellente, aussi bien avec les baguettes que les mailloches. Plusieurs diam\u00e8tres disponibles, autres tailles sur commande Simple pli Epaisseur: 10 milli\u00e8mes Diam\u00e8tre 14\" Ambassador\u2026","wcpa_form_fields":null,"_links":{"self":[{"href":"https:\/\/soundrums-france.com\/index.php\/wp-json\/wp\/v2\/product\/32935","targetHints":{"allow":["GET"]}}],"collection":[{"href":"https:\/\/soundrums-france.com\/index.php\/wp-json\/wp\/v2\/product"}],"about":[{"href":"https:\/\/soundrums-france.com\/index.php\/wp-json\/wp\/v2\/types\/product"}],"replies":[{"embeddable":true,"href":"https:\/\/soundrums-france.com\/index.php\/wp-json\/wp\/v2\/comments?post=32935"}],"version-history":[{"count":1,"href":"https:\/\/soundrums-france.com\/index.php\/wp-json\/wp\/v2\/product\/32935\/revisions"}],"predecessor-version":[{"id":36940,"href":"https:\/\/soundrums-france.com\/index.php\/wp-json\/wp\/v2\/product\/32935\/revisions\/36940"}],"wp:featuredmedia":[{"embeddable":true,"href":"https:\/\/soundrums-france.com\/index.php\/wp-json\/wp\/v2\/media\/32443"}],"wp:attachment":[{"href":"https:\/\/soundrums-france.com\/index.php\/wp-json\/wp\/v2\/media?parent=32935"}],"wp:term":[{"taxonomy":"product_cat","embeddable":true,"href":"https:\/\/soundrums-france.com\/index.php\/wp-json\/wp\/v2\/product_cat?post=32935"},{"taxonomy":"product_tag","embeddable":true,"href":"https:\/\/soundrums-france.com\/index.php\/wp-json\/wp\/v2\/product_tag?post=32935"}],"curies":[{"name":"wp","href":"https:\/\/api.w.org\/{rel}","templated":true}]}}