{"id":32948,"date":"2021-01-25T17:36:43","date_gmt":"2021-01-25T16:36:43","guid":{"rendered":"https:\/\/soundrums-france.com\/?post_type=product&#038;p=32948"},"modified":"2024-06-19T15:37:35","modified_gmt":"2024-06-19T13:37:35","slug":"peau-de-frappe-12-remo-ambassador-coated-sablee","status":"publish","type":"product","link":"https:\/\/soundrums-france.com\/index.php\/produit\/peau-de-frappe-12-remo-ambassador-coated-sablee\/","title":{"rendered":"Peau de frappe 12&Prime; REMO Ambassador\u00ae Coated (sabl\u00e9e)"},"content":{"rendered":"<div>\n<div id=\"description\" class=\"tab-pane in active\">\n<div class=\"product-description\">\n<div class=\"rte-content\">\n<div class=\"std\">La peau <strong>Remo<\/strong> <strong>Ambassador\u00ae Coated<\/strong> (sabl\u00e9e) est la peau de batterie la plus populaire au monde. Elle est fabriqu\u00e9 avec un simple-pli de 10 milli\u00e8me d&rsquo;\u00e9paisseur et offre la combinaison parfaite de sons chauds et ouverts, en proposant une attaque brillante et un sustain contr\u00f4l\u00e9.<\/div>\n<p>&nbsp;<\/p>\n<\/div>\n<\/div>\n<\/div>\n<\/div>\n","protected":false},"excerpt":{"rendered":"<div class=\"std\">La peau <strong>Remo<\/strong> <strong>Ambassador\u00ae Coated<\/strong> (sabl\u00e9e) est la peau de batterie la plus populaire au monde. Elle est fabriqu\u00e9 avec un simple-pli de 10 milli\u00e8me d&rsquo;\u00e9paisseur et offre la combinaison parfaite de sons chauds et ouverts, en proposant une attaque brillante et un sustain contr\u00f4l\u00e9.<\/div>\n<div><\/div>\n<div><strong>Peut \u00eatre mont\u00e9e sur le <em>PRACTIM<\/em> pour la version <em>Timbales<\/em>.<\/strong><\/div>\n<ul>\n<li>\u00a0Diam\u00e8tre : 12&Prime;<\/li>\n<li>Nombre de plis : Simple pli<\/li>\n<li>Epaisseur : 10 milli\u00e8mes<\/li>\n<li>Finition : Sabl\u00e9e (Coated)<\/li>\n<li>Utilisation : Caisse claire, tom et tom basse.<\/li>\n<\/ul>\n<p><strong>Autres dimensions sur demande.<\/strong><\/p>\n","protected":false},"featured_media":32449,"comment_status":"open","ping_status":"closed","template":"","meta":{"_uag_custom_page_level_css":"","site-sidebar-layout":"default","site-content-layout":"default","ast-global-header-display":"","ast-banner-title-visibility":"","ast-main-header-display":"","ast-hfb-above-header-display":"","ast-hfb-below-header-display":"","ast-hfb-mobile-header-display":"","site-post-title":"","ast-breadcrumbs-content":"","ast-featured-img":"","footer-sml-layout":"","theme-transparent-header-meta":"","adv-header-id-meta":"","stick-header-meta":"","header-above-stick-meta":"","header-main-stick-meta":"","header-below-stick-meta":""},"product_cat":[187,224,199],"product_tag":[],"class_list":{"0":"post-32948","1":"product","2":"type-product","3":"status-publish","4":"has-post-thumbnail","6":"product_cat-accessoires","7":"product_cat-peaux","8":"product_cat-pieces_detachees","9":"desktop-align-left","10":"tablet-align-left","11":"mobile-align-left","13":"first","14":"instock","15":"taxable","16":"shipping-taxable","17":"purchasable","18":"product-type-simple"},"yoast_head":"<!-- This site is optimized with the Yoast SEO plugin v24.1 - https:\/\/yoast.com\/wordpress\/plugins\/seo\/ -->\n<title>Peau de frappe 12&quot; REMO Ambassador\u00ae Coated (sabl\u00e9e) - Soundrums<\/title>\n<meta name=\"description\" content=\"Venez d\u00e9couvrir notre Peau de frappe 12&quot; REMO Ambassador\u00ae Coated (sabl\u00e9e) haute de gamme.\" \/>\n<meta name=\"robots\" content=\"index, follow, max-snippet:-1, max-image-preview:large, max-video-preview:-1\" \/>\n<link rel=\"canonical\" href=\"https:\/\/soundrums-france.com\/index.php\/produit\/peau-de-frappe-12-remo-ambassador-coated-sablee\/\" \/>\n<meta property=\"og:locale\" content=\"fr_FR\" \/>\n<meta property=\"og:type\" content=\"article\" \/>\n<meta property=\"og:title\" content=\"Peau de frappe 12&quot; REMO Ambassador\u00ae Coated (sabl\u00e9e) - Soundrums\" \/>\n<meta property=\"og:description\" content=\"Venez d\u00e9couvrir notre Peau de frappe 12&quot; REMO Ambassador\u00ae Coated (sabl\u00e9e) haute de gamme.\" \/>\n<meta property=\"og:url\" content=\"https:\/\/soundrums-france.com\/index.php\/produit\/peau-de-frappe-12-remo-ambassador-coated-sablee\/\" \/>\n<meta property=\"og:site_name\" content=\"Soundrums\" \/>\n<meta property=\"article:publisher\" content=\"https:\/\/www.facebook.com\/soundrums\/\" \/>\n<meta property=\"article:modified_time\" content=\"2024-06-19T13:37:35+00:00\" \/>\n<meta property=\"og:image\" content=\"https:\/\/soundrums-france.com\/wp-content\/uploads\/2020\/12\/Peau-Remo-Sable-Soundrums.jpg\" \/>\n\t<meta property=\"og:image:width\" content=\"1200\" \/>\n\t<meta property=\"og:image:height\" content=\"1200\" \/>\n\t<meta property=\"og:image:type\" content=\"image\/jpeg\" \/>\n<meta name=\"twitter:card\" content=\"summary_large_image\" \/>\n<meta name=\"twitter:label1\" content=\"Dur\u00e9e de lecture estim\u00e9e\" \/>\n\t<meta name=\"twitter:data1\" content=\"1 minute\" \/>\n<script type=\"application\/ld+json\" class=\"yoast-schema-graph\">{\"@context\":\"https:\/\/schema.org\",\"@graph\":[{\"@type\":\"WebPage\",\"@id\":\"https:\/\/soundrums-france.com\/index.php\/produit\/peau-de-frappe-12-remo-ambassador-coated-sablee\/\",\"url\":\"https:\/\/soundrums-france.com\/index.php\/produit\/peau-de-frappe-12-remo-ambassador-coated-sablee\/\",\"name\":\"Peau de frappe 12\\\" REMO Ambassador\u00ae Coated (sabl\u00e9e) - Soundrums\",\"isPartOf\":{\"@id\":\"https:\/\/soundrums-france.com\/#website\"},\"primaryImageOfPage\":{\"@id\":\"https:\/\/soundrums-france.com\/index.php\/produit\/peau-de-frappe-12-remo-ambassador-coated-sablee\/#primaryimage\"},\"image\":{\"@id\":\"https:\/\/soundrums-france.com\/index.php\/produit\/peau-de-frappe-12-remo-ambassador-coated-sablee\/#primaryimage\"},\"thumbnailUrl\":\"https:\/\/soundrums-france.com\/wp-content\/uploads\/2020\/12\/Peau-Remo-Sable-Soundrums.webp\",\"datePublished\":\"2021-01-25T16:36:43+00:00\",\"dateModified\":\"2024-06-19T13:37:35+00:00\",\"description\":\"Venez d\u00e9couvrir notre Peau de frappe 12\\\" REMO Ambassador\u00ae Coated (sabl\u00e9e) haute de gamme.\",\"breadcrumb\":{\"@id\":\"https:\/\/soundrums-france.com\/index.php\/produit\/peau-de-frappe-12-remo-ambassador-coated-sablee\/#breadcrumb\"},\"inLanguage\":\"fr-FR\",\"potentialAction\":[{\"@type\":\"ReadAction\",\"target\":[\"https:\/\/soundrums-france.com\/index.php\/produit\/peau-de-frappe-12-remo-ambassador-coated-sablee\/\"]}]},{\"@type\":\"ImageObject\",\"inLanguage\":\"fr-FR\",\"@id\":\"https:\/\/soundrums-france.com\/index.php\/produit\/peau-de-frappe-12-remo-ambassador-coated-sablee\/#primaryimage\",\"url\":\"https:\/\/soundrums-france.com\/wp-content\/uploads\/2020\/12\/Peau-Remo-Sable-Soundrums.webp\",\"contentUrl\":\"https:\/\/soundrums-france.com\/wp-content\/uploads\/2020\/12\/Peau-Remo-Sable-Soundrums.webp\",\"width\":1200,\"height\":1200,\"caption\":\"Peau Remo\"},{\"@type\":\"BreadcrumbList\",\"@id\":\"https:\/\/soundrums-france.com\/index.php\/produit\/peau-de-frappe-12-remo-ambassador-coated-sablee\/#breadcrumb\",\"itemListElement\":[{\"@type\":\"ListItem\",\"position\":1,\"name\":\"Accueil\",\"item\":\"https:\/\/soundrums-france.com\/\"},{\"@type\":\"ListItem\",\"position\":2,\"name\":\"Des produits\",\"item\":\"https:\/\/soundrums-france.com\/index.php\/shop\/\"},{\"@type\":\"ListItem\",\"position\":3,\"name\":\"Peau de frappe 12&Prime; REMO Ambassador\u00ae Coated (sabl\u00e9e)\"}]},{\"@type\":\"WebSite\",\"@id\":\"https:\/\/soundrums-france.com\/#website\",\"url\":\"https:\/\/soundrums-france.com\/\",\"name\":\"Soundrums\",\"description\":\"Manufacture Fran\u00e7aise de tambours\",\"publisher\":{\"@id\":\"https:\/\/soundrums-france.com\/#organization\"},\"potentialAction\":[{\"@type\":\"SearchAction\",\"target\":{\"@type\":\"EntryPoint\",\"urlTemplate\":\"https:\/\/soundrums-france.com\/?s={search_term_string}\"},\"query-input\":{\"@type\":\"PropertyValueSpecification\",\"valueRequired\":true,\"valueName\":\"search_term_string\"}}],\"inLanguage\":\"fr-FR\"},{\"@type\":\"Organization\",\"@id\":\"https:\/\/soundrums-france.com\/#organization\",\"name\":\"Soundrums-france\",\"url\":\"https:\/\/soundrums-france.com\/\",\"logo\":{\"@type\":\"ImageObject\",\"inLanguage\":\"fr-FR\",\"@id\":\"https:\/\/soundrums-france.com\/#\/schema\/logo\/image\/\",\"url\":\"https:\/\/soundrums-france.com\/wp-content\/uploads\/2020\/10\/LogoSD_HD.jpg\",\"contentUrl\":\"https:\/\/soundrums-france.com\/wp-content\/uploads\/2020\/10\/LogoSD_HD.jpg\",\"width\":1280,\"height\":930,\"caption\":\"Soundrums-france\"},\"image\":{\"@id\":\"https:\/\/soundrums-france.com\/#\/schema\/logo\/image\/\"},\"sameAs\":[\"https:\/\/www.facebook.com\/soundrums\/\",\"https:\/\/www.youtube.com\/channel\/UC4S_W_0ZCdUFH3Y9xkv5bEw\"]}]}<\/script>\n<!-- \/ Yoast SEO plugin. -->","yoast_head_json":{"title":"Peau de frappe 12\" REMO Ambassador\u00ae Coated (sabl\u00e9e) - Soundrums","description":"Venez d\u00e9couvrir notre Peau de frappe 12\" REMO Ambassador\u00ae Coated (sabl\u00e9e) haute de gamme.","robots":{"index":"index","follow":"follow","max-snippet":"max-snippet:-1","max-image-preview":"max-image-preview:large","max-video-preview":"max-video-preview:-1"},"canonical":"https:\/\/soundrums-france.com\/index.php\/produit\/peau-de-frappe-12-remo-ambassador-coated-sablee\/","og_locale":"fr_FR","og_type":"article","og_title":"Peau de frappe 12\" REMO Ambassador\u00ae Coated (sabl\u00e9e) - Soundrums","og_description":"Venez d\u00e9couvrir notre Peau de frappe 12\" REMO Ambassador\u00ae Coated (sabl\u00e9e) haute de gamme.","og_url":"https:\/\/soundrums-france.com\/index.php\/produit\/peau-de-frappe-12-remo-ambassador-coated-sablee\/","og_site_name":"Soundrums","article_publisher":"https:\/\/www.facebook.com\/soundrums\/","article_modified_time":"2024-06-19T13:37:35+00:00","og_image":[{"width":1200,"height":1200,"url":"https:\/\/soundrums-france.com\/wp-content\/uploads\/2020\/12\/Peau-Remo-Sable-Soundrums.jpg","type":"image\/jpeg"}],"twitter_card":"summary_large_image","twitter_misc":{"Dur\u00e9e de lecture estim\u00e9e":"1 minute"},"schema":{"@context":"https:\/\/schema.org","@graph":[{"@type":"WebPage","@id":"https:\/\/soundrums-france.com\/index.php\/produit\/peau-de-frappe-12-remo-ambassador-coated-sablee\/","url":"https:\/\/soundrums-france.com\/index.php\/produit\/peau-de-frappe-12-remo-ambassador-coated-sablee\/","name":"Peau de frappe 12\" REMO Ambassador\u00ae Coated (sabl\u00e9e) - Soundrums","isPartOf":{"@id":"https:\/\/soundrums-france.com\/#website"},"primaryImageOfPage":{"@id":"https:\/\/soundrums-france.com\/index.php\/produit\/peau-de-frappe-12-remo-ambassador-coated-sablee\/#primaryimage"},"image":{"@id":"https:\/\/soundrums-france.com\/index.php\/produit\/peau-de-frappe-12-remo-ambassador-coated-sablee\/#primaryimage"},"thumbnailUrl":"https:\/\/soundrums-france.com\/wp-content\/uploads\/2020\/12\/Peau-Remo-Sable-Soundrums.webp","datePublished":"2021-01-25T16:36:43+00:00","dateModified":"2024-06-19T13:37:35+00:00","description":"Venez d\u00e9couvrir notre Peau de frappe 12\" REMO Ambassador\u00ae Coated (sabl\u00e9e) haute de gamme.","breadcrumb":{"@id":"https:\/\/soundrums-france.com\/index.php\/produit\/peau-de-frappe-12-remo-ambassador-coated-sablee\/#breadcrumb"},"inLanguage":"fr-FR","potentialAction":[{"@type":"ReadAction","target":["https:\/\/soundrums-france.com\/index.php\/produit\/peau-de-frappe-12-remo-ambassador-coated-sablee\/"]}]},{"@type":"ImageObject","inLanguage":"fr-FR","@id":"https:\/\/soundrums-france.com\/index.php\/produit\/peau-de-frappe-12-remo-ambassador-coated-sablee\/#primaryimage","url":"https:\/\/soundrums-france.com\/wp-content\/uploads\/2020\/12\/Peau-Remo-Sable-Soundrums.webp","contentUrl":"https:\/\/soundrums-france.com\/wp-content\/uploads\/2020\/12\/Peau-Remo-Sable-Soundrums.webp","width":1200,"height":1200,"caption":"Peau Remo"},{"@type":"BreadcrumbList","@id":"https:\/\/soundrums-france.com\/index.php\/produit\/peau-de-frappe-12-remo-ambassador-coated-sablee\/#breadcrumb","itemListElement":[{"@type":"ListItem","position":1,"name":"Accueil","item":"https:\/\/soundrums-france.com\/"},{"@type":"ListItem","position":2,"name":"Des produits","item":"https:\/\/soundrums-france.com\/index.php\/shop\/"},{"@type":"ListItem","position":3,"name":"Peau de frappe 12&Prime; REMO Ambassador\u00ae Coated (sabl\u00e9e)"}]},{"@type":"WebSite","@id":"https:\/\/soundrums-france.com\/#website","url":"https:\/\/soundrums-france.com\/","name":"Soundrums","description":"Manufacture Fran\u00e7aise de tambours","publisher":{"@id":"https:\/\/soundrums-france.com\/#organization"},"potentialAction":[{"@type":"SearchAction","target":{"@type":"EntryPoint","urlTemplate":"https:\/\/soundrums-france.com\/?s={search_term_string}"},"query-input":{"@type":"PropertyValueSpecification","valueRequired":true,"valueName":"search_term_string"}}],"inLanguage":"fr-FR"},{"@type":"Organization","@id":"https:\/\/soundrums-france.com\/#organization","name":"Soundrums-france","url":"https:\/\/soundrums-france.com\/","logo":{"@type":"ImageObject","inLanguage":"fr-FR","@id":"https:\/\/soundrums-france.com\/#\/schema\/logo\/image\/","url":"https:\/\/soundrums-france.com\/wp-content\/uploads\/2020\/10\/LogoSD_HD.jpg","contentUrl":"https:\/\/soundrums-france.com\/wp-content\/uploads\/2020\/10\/LogoSD_HD.jpg","width":1280,"height":930,"caption":"Soundrums-france"},"image":{"@id":"https:\/\/soundrums-france.com\/#\/schema\/logo\/image\/"},"sameAs":["https:\/\/www.facebook.com\/soundrums\/","https:\/\/www.youtube.com\/channel\/UC4S_W_0ZCdUFH3Y9xkv5bEw"]}]}},"uagb_featured_image_src":{"full":["https:\/\/soundrums-france.com\/wp-content\/uploads\/2020\/12\/Peau-Remo-Sable-Soundrums.webp",1200,1200,false],"thumbnail":["https:\/\/soundrums-france.com\/wp-content\/uploads\/2020\/12\/Peau-Remo-Sable-Soundrums-150x150.jpg",150,150,true],"medium":["https:\/\/soundrums-france.com\/wp-content\/uploads\/2020\/12\/Peau-Remo-Sable-Soundrums-300x300.jpg",300,300,true],"medium_large":["https:\/\/soundrums-france.com\/wp-content\/uploads\/2020\/12\/Peau-Remo-Sable-Soundrums-768x768.jpg",768,768,true],"large":["https:\/\/soundrums-france.com\/wp-content\/uploads\/2020\/12\/Peau-Remo-Sable-Soundrums-1024x1024.jpg",1024,1024,true],"1536x1536":["https:\/\/soundrums-france.com\/wp-content\/uploads\/2020\/12\/Peau-Remo-Sable-Soundrums.webp",1200,1200,false],"2048x2048":["https:\/\/soundrums-france.com\/wp-content\/uploads\/2020\/12\/Peau-Remo-Sable-Soundrums.webp",1200,1200,false],"woocommerce_thumbnail":["https:\/\/soundrums-france.com\/wp-content\/uploads\/2020\/12\/Peau-Remo-Sable-Soundrums-300x300.jpg",300,300,true],"woocommerce_single":["https:\/\/soundrums-france.com\/wp-content\/uploads\/2020\/12\/Peau-Remo-Sable-Soundrums-600x600.jpg",600,600,true],"woocommerce_gallery_thumbnail":["https:\/\/soundrums-france.com\/wp-content\/uploads\/2020\/12\/Peau-Remo-Sable-Soundrums-100x100.jpg",100,100,true]},"uagb_author_info":{"display_name":"Emmanuel JAY","author_link":"https:\/\/soundrums-france.com\/index.php\/author\/"},"uagb_comment_info":0,"uagb_excerpt":"La peau Remo Ambassador\u00ae Coated (sabl\u00e9e) est la peau de batterie la plus populaire au monde. Elle est fabriqu\u00e9 avec un simple-pli de 10 milli\u00e8me d'\u00e9paisseur et offre la combinaison parfaite de sons chauds et ouverts, en proposant une attaque brillante et un sustain contr\u00f4l\u00e9. Peut \u00eatre mont\u00e9e sur le PRACTIM pour la version Timbales.\u2026","wcpa_form_fields":null,"_links":{"self":[{"href":"https:\/\/soundrums-france.com\/index.php\/wp-json\/wp\/v2\/product\/32948","targetHints":{"allow":["GET"]}}],"collection":[{"href":"https:\/\/soundrums-france.com\/index.php\/wp-json\/wp\/v2\/product"}],"about":[{"href":"https:\/\/soundrums-france.com\/index.php\/wp-json\/wp\/v2\/types\/product"}],"replies":[{"embeddable":true,"href":"https:\/\/soundrums-france.com\/index.php\/wp-json\/wp\/v2\/comments?post=32948"}],"version-history":[{"count":1,"href":"https:\/\/soundrums-france.com\/index.php\/wp-json\/wp\/v2\/product\/32948\/revisions"}],"predecessor-version":[{"id":36934,"href":"https:\/\/soundrums-france.com\/index.php\/wp-json\/wp\/v2\/product\/32948\/revisions\/36934"}],"wp:featuredmedia":[{"embeddable":true,"href":"https:\/\/soundrums-france.com\/index.php\/wp-json\/wp\/v2\/media\/32449"}],"wp:attachment":[{"href":"https:\/\/soundrums-france.com\/index.php\/wp-json\/wp\/v2\/media?parent=32948"}],"wp:term":[{"taxonomy":"product_cat","embeddable":true,"href":"https:\/\/soundrums-france.com\/index.php\/wp-json\/wp\/v2\/product_cat?post=32948"},{"taxonomy":"product_tag","embeddable":true,"href":"https:\/\/soundrums-france.com\/index.php\/wp-json\/wp\/v2\/product_tag?post=32948"}],"curies":[{"name":"wp","href":"https:\/\/api.w.org\/{rel}","templated":true}]}}