{"id":32951,"date":"2021-01-25T17:44:21","date_gmt":"2021-01-25T16:44:21","guid":{"rendered":"https:\/\/soundrums-france.com\/?post_type=product&#038;p=32951"},"modified":"2024-06-19T15:37:01","modified_gmt":"2024-06-19T13:37:01","slug":"muffle-attenuateur-dharmoniques-12-remo","status":"publish","type":"product","link":"https:\/\/soundrums-france.com\/index.php\/produit\/muffle-attenuateur-dharmoniques-12-remo\/","title":{"rendered":"Muffle Att\u00e9nuateur d&rsquo;harmoniques 12&Prime; REMO"},"content":{"rendered":"<div>\n<div id=\"description\" class=\"tab-pane in active\">\n<div class=\"product-description\">\n<div class=\"rte-content\">\n<div id=\"description\" class=\"tab-pane in active\">\n<div class=\"product-description\">\n<div class=\"rte-content\">\n<p>MUFFLE REMO RING CONTROL 12&Prime;<\/p>\n<p><span class=\"tlid-translation translation\" lang=\"fr\" xml:lang=\"fr\"><span title=\"\">L&rsquo;anneau <em>\u00ab\u00a0<\/em><\/span><\/span><span class=\"tlid-translation translation\" lang=\"fr\" xml:lang=\"fr\"><span title=\"\"><em>MUFFLE REMO RING CONTROL\u00a0\u00bb <\/em>comprend des anneaux en mousse mont\u00e9s dans dans le f\u00fbt avec un plateau sp\u00e9cialement con\u00e7us qui le maintenir en place et pour fournir un amortissement partiel pour les tambours, Toms, caisses claires et grosse caisse. Il <\/span><span title=\"\">se monte facilement sous la peau au-dessus du chanfrein et <\/span><span title=\"\">sans adh\u00e9sifs. <\/span><\/span><\/p>\n<p><span class=\"tlid-translation translation\" lang=\"fr\" xml:lang=\"fr\"><span title=\"\"><em>Autres tailles et pose sur demande.<\/em><\/span><\/span><\/p>\n<p><span class=\"tlid-translation translation\" lang=\"fr\" xml:lang=\"fr\"><span title=\"\">\u00a0<\/span><\/span><\/p>\n<\/div>\n<\/div>\n<\/div>\n<\/div>\n<\/div>\n<\/div>\n<\/div>\n","protected":false},"excerpt":{"rendered":"<p>MUFFLE REMO RING CONTROL 12&Prime;<\/p>\n<p><span class=\"tlid-translation translation\" lang=\"fr\" xml:lang=\"fr\"><span title=\"\">L&rsquo;anneau <em>\u00ab\u00a0<\/em><\/span><\/span><span class=\"tlid-translation translation\" lang=\"fr\" xml:lang=\"fr\"><span title=\"\"><em>MUFFLE REMO RING CONTROL\u00a0\u00bb <\/em>comprend des anneaux en mousse mont\u00e9s dans dans le f\u00fbt avec un plateau sp\u00e9cialement con\u00e7us qui le maintenir en place et pour fournir un amortissement partiel pour les tambours, Toms, caisses claires et grosse caisse. Il <\/span><span title=\"\">se monte facilement sous la peau au-dessus du chanfrein et <\/span><span title=\"\">sans adh\u00e9sifs. <\/span><\/span><\/p>\n<p><strong><span class=\"tlid-translation translation\" lang=\"fr\" xml:lang=\"fr\"><span title=\"\">Autres tailles et pose sur demande.<\/span><\/span><\/strong><\/p>\n<p>&nbsp;<\/p>\n<p><span class=\"tlid-translation translation\" lang=\"fr\" xml:lang=\"fr\"><span title=\"\">\u00a0<\/span><\/span><\/p>\n","protected":false},"featured_media":32469,"comment_status":"open","ping_status":"closed","template":"","meta":{"_uag_custom_page_level_css":"","site-sidebar-layout":"default","site-content-layout":"default","ast-global-header-display":"","ast-banner-title-visibility":"","ast-main-header-display":"","ast-hfb-above-header-display":"","ast-hfb-below-header-display":"","ast-hfb-mobile-header-display":"","site-post-title":"","ast-breadcrumbs-content":"","ast-featured-img":"","footer-sml-layout":"","theme-transparent-header-meta":"","adv-header-id-meta":"","stick-header-meta":"","header-above-stick-meta":"","header-main-stick-meta":"","header-below-stick-meta":""},"product_cat":[187,272,273,229,199,227],"product_tag":[],"class_list":{"0":"post-32951","1":"product","2":"type-product","3":"status-publish","4":"has-post-thumbnail","6":"product_cat-accessoires","7":"product_cat-sourdines-et-attenuateur","8":"product_cat-muffle-feutre","9":"product_cat-autres-accessoires","10":"product_cat-pieces_detachees","11":"product_cat-autres","12":"desktop-align-left","13":"tablet-align-left","14":"mobile-align-left","16":"first","17":"instock","18":"taxable","19":"shipping-taxable","20":"purchasable","21":"product-type-simple"},"yoast_head":"<!-- This site is optimized with the Yoast SEO plugin v24.1 - https:\/\/yoast.com\/wordpress\/plugins\/seo\/ -->\n<title>Muffle Att\u00e9nuateur d&#039;harmoniques 12&quot; REMO - Soundrums<\/title>\n<meta name=\"description\" content=\"Venez d\u00e9couvrir notre Muffle Att\u00e9nuateur d&#039;harmoniques 12&quot; REMO haute de gamme.\" \/>\n<meta name=\"robots\" content=\"index, follow, max-snippet:-1, max-image-preview:large, max-video-preview:-1\" \/>\n<link rel=\"canonical\" href=\"https:\/\/soundrums-france.com\/index.php\/produit\/muffle-attenuateur-dharmoniques-12-remo\/\" \/>\n<meta property=\"og:locale\" content=\"fr_FR\" \/>\n<meta property=\"og:type\" content=\"article\" \/>\n<meta property=\"og:title\" content=\"Muffle Att\u00e9nuateur d&#039;harmoniques 12&quot; REMO - Soundrums\" \/>\n<meta property=\"og:description\" content=\"Venez d\u00e9couvrir notre Muffle Att\u00e9nuateur d&#039;harmoniques 12&quot; REMO haute de gamme.\" \/>\n<meta property=\"og:url\" content=\"https:\/\/soundrums-france.com\/index.php\/produit\/muffle-attenuateur-dharmoniques-12-remo\/\" \/>\n<meta property=\"og:site_name\" content=\"Soundrums\" \/>\n<meta property=\"article:publisher\" content=\"https:\/\/www.facebook.com\/soundrums\/\" \/>\n<meta property=\"article:modified_time\" content=\"2024-06-19T13:37:01+00:00\" \/>\n<meta property=\"og:image\" content=\"https:\/\/soundrums-france.com\/wp-content\/uploads\/2020\/12\/Muffle-Remo-Soundrums.jpg\" \/>\n\t<meta property=\"og:image:width\" content=\"1200\" \/>\n\t<meta property=\"og:image:height\" content=\"1200\" \/>\n\t<meta property=\"og:image:type\" content=\"image\/jpeg\" \/>\n<meta name=\"twitter:card\" content=\"summary_large_image\" \/>\n<meta name=\"twitter:label1\" content=\"Dur\u00e9e de lecture estim\u00e9e\" \/>\n\t<meta name=\"twitter:data1\" content=\"1 minute\" \/>\n<script type=\"application\/ld+json\" class=\"yoast-schema-graph\">{\"@context\":\"https:\/\/schema.org\",\"@graph\":[{\"@type\":\"WebPage\",\"@id\":\"https:\/\/soundrums-france.com\/index.php\/produit\/muffle-attenuateur-dharmoniques-12-remo\/\",\"url\":\"https:\/\/soundrums-france.com\/index.php\/produit\/muffle-attenuateur-dharmoniques-12-remo\/\",\"name\":\"Muffle Att\u00e9nuateur d'harmoniques 12\\\" REMO - Soundrums\",\"isPartOf\":{\"@id\":\"https:\/\/soundrums-france.com\/#website\"},\"primaryImageOfPage\":{\"@id\":\"https:\/\/soundrums-france.com\/index.php\/produit\/muffle-attenuateur-dharmoniques-12-remo\/#primaryimage\"},\"image\":{\"@id\":\"https:\/\/soundrums-france.com\/index.php\/produit\/muffle-attenuateur-dharmoniques-12-remo\/#primaryimage\"},\"thumbnailUrl\":\"https:\/\/soundrums-france.com\/wp-content\/uploads\/2020\/12\/Muffle-Remo-Soundrums.webp\",\"datePublished\":\"2021-01-25T16:44:21+00:00\",\"dateModified\":\"2024-06-19T13:37:01+00:00\",\"description\":\"Venez d\u00e9couvrir notre Muffle Att\u00e9nuateur d'harmoniques 12\\\" REMO haute de gamme.\",\"breadcrumb\":{\"@id\":\"https:\/\/soundrums-france.com\/index.php\/produit\/muffle-attenuateur-dharmoniques-12-remo\/#breadcrumb\"},\"inLanguage\":\"fr-FR\",\"potentialAction\":[{\"@type\":\"ReadAction\",\"target\":[\"https:\/\/soundrums-france.com\/index.php\/produit\/muffle-attenuateur-dharmoniques-12-remo\/\"]}]},{\"@type\":\"ImageObject\",\"inLanguage\":\"fr-FR\",\"@id\":\"https:\/\/soundrums-france.com\/index.php\/produit\/muffle-attenuateur-dharmoniques-12-remo\/#primaryimage\",\"url\":\"https:\/\/soundrums-france.com\/wp-content\/uploads\/2020\/12\/Muffle-Remo-Soundrums.webp\",\"contentUrl\":\"https:\/\/soundrums-france.com\/wp-content\/uploads\/2020\/12\/Muffle-Remo-Soundrums.webp\",\"width\":1200,\"height\":1200,\"caption\":\"Muffle-Remo-Soundrums\"},{\"@type\":\"BreadcrumbList\",\"@id\":\"https:\/\/soundrums-france.com\/index.php\/produit\/muffle-attenuateur-dharmoniques-12-remo\/#breadcrumb\",\"itemListElement\":[{\"@type\":\"ListItem\",\"position\":1,\"name\":\"Accueil\",\"item\":\"https:\/\/soundrums-france.com\/\"},{\"@type\":\"ListItem\",\"position\":2,\"name\":\"Des produits\",\"item\":\"https:\/\/soundrums-france.com\/index.php\/shop\/\"},{\"@type\":\"ListItem\",\"position\":3,\"name\":\"Muffle Att\u00e9nuateur d&rsquo;harmoniques 12&Prime; REMO\"}]},{\"@type\":\"WebSite\",\"@id\":\"https:\/\/soundrums-france.com\/#website\",\"url\":\"https:\/\/soundrums-france.com\/\",\"name\":\"Soundrums\",\"description\":\"Manufacture Fran\u00e7aise de tambours\",\"publisher\":{\"@id\":\"https:\/\/soundrums-france.com\/#organization\"},\"potentialAction\":[{\"@type\":\"SearchAction\",\"target\":{\"@type\":\"EntryPoint\",\"urlTemplate\":\"https:\/\/soundrums-france.com\/?s={search_term_string}\"},\"query-input\":{\"@type\":\"PropertyValueSpecification\",\"valueRequired\":true,\"valueName\":\"search_term_string\"}}],\"inLanguage\":\"fr-FR\"},{\"@type\":\"Organization\",\"@id\":\"https:\/\/soundrums-france.com\/#organization\",\"name\":\"Soundrums-france\",\"url\":\"https:\/\/soundrums-france.com\/\",\"logo\":{\"@type\":\"ImageObject\",\"inLanguage\":\"fr-FR\",\"@id\":\"https:\/\/soundrums-france.com\/#\/schema\/logo\/image\/\",\"url\":\"https:\/\/soundrums-france.com\/wp-content\/uploads\/2020\/10\/LogoSD_HD.jpg\",\"contentUrl\":\"https:\/\/soundrums-france.com\/wp-content\/uploads\/2020\/10\/LogoSD_HD.jpg\",\"width\":1280,\"height\":930,\"caption\":\"Soundrums-france\"},\"image\":{\"@id\":\"https:\/\/soundrums-france.com\/#\/schema\/logo\/image\/\"},\"sameAs\":[\"https:\/\/www.facebook.com\/soundrums\/\",\"https:\/\/www.youtube.com\/channel\/UC4S_W_0ZCdUFH3Y9xkv5bEw\"]}]}<\/script>\n<!-- \/ Yoast SEO plugin. -->","yoast_head_json":{"title":"Muffle Att\u00e9nuateur d'harmoniques 12\" REMO - Soundrums","description":"Venez d\u00e9couvrir notre Muffle Att\u00e9nuateur d'harmoniques 12\" REMO haute de gamme.","robots":{"index":"index","follow":"follow","max-snippet":"max-snippet:-1","max-image-preview":"max-image-preview:large","max-video-preview":"max-video-preview:-1"},"canonical":"https:\/\/soundrums-france.com\/index.php\/produit\/muffle-attenuateur-dharmoniques-12-remo\/","og_locale":"fr_FR","og_type":"article","og_title":"Muffle Att\u00e9nuateur d'harmoniques 12\" REMO - Soundrums","og_description":"Venez d\u00e9couvrir notre Muffle Att\u00e9nuateur d'harmoniques 12\" REMO haute de gamme.","og_url":"https:\/\/soundrums-france.com\/index.php\/produit\/muffle-attenuateur-dharmoniques-12-remo\/","og_site_name":"Soundrums","article_publisher":"https:\/\/www.facebook.com\/soundrums\/","article_modified_time":"2024-06-19T13:37:01+00:00","og_image":[{"width":1200,"height":1200,"url":"https:\/\/soundrums-france.com\/wp-content\/uploads\/2020\/12\/Muffle-Remo-Soundrums.jpg","type":"image\/jpeg"}],"twitter_card":"summary_large_image","twitter_misc":{"Dur\u00e9e de lecture estim\u00e9e":"1 minute"},"schema":{"@context":"https:\/\/schema.org","@graph":[{"@type":"WebPage","@id":"https:\/\/soundrums-france.com\/index.php\/produit\/muffle-attenuateur-dharmoniques-12-remo\/","url":"https:\/\/soundrums-france.com\/index.php\/produit\/muffle-attenuateur-dharmoniques-12-remo\/","name":"Muffle Att\u00e9nuateur d'harmoniques 12\" REMO - Soundrums","isPartOf":{"@id":"https:\/\/soundrums-france.com\/#website"},"primaryImageOfPage":{"@id":"https:\/\/soundrums-france.com\/index.php\/produit\/muffle-attenuateur-dharmoniques-12-remo\/#primaryimage"},"image":{"@id":"https:\/\/soundrums-france.com\/index.php\/produit\/muffle-attenuateur-dharmoniques-12-remo\/#primaryimage"},"thumbnailUrl":"https:\/\/soundrums-france.com\/wp-content\/uploads\/2020\/12\/Muffle-Remo-Soundrums.webp","datePublished":"2021-01-25T16:44:21+00:00","dateModified":"2024-06-19T13:37:01+00:00","description":"Venez d\u00e9couvrir notre Muffle Att\u00e9nuateur d'harmoniques 12\" REMO haute de gamme.","breadcrumb":{"@id":"https:\/\/soundrums-france.com\/index.php\/produit\/muffle-attenuateur-dharmoniques-12-remo\/#breadcrumb"},"inLanguage":"fr-FR","potentialAction":[{"@type":"ReadAction","target":["https:\/\/soundrums-france.com\/index.php\/produit\/muffle-attenuateur-dharmoniques-12-remo\/"]}]},{"@type":"ImageObject","inLanguage":"fr-FR","@id":"https:\/\/soundrums-france.com\/index.php\/produit\/muffle-attenuateur-dharmoniques-12-remo\/#primaryimage","url":"https:\/\/soundrums-france.com\/wp-content\/uploads\/2020\/12\/Muffle-Remo-Soundrums.webp","contentUrl":"https:\/\/soundrums-france.com\/wp-content\/uploads\/2020\/12\/Muffle-Remo-Soundrums.webp","width":1200,"height":1200,"caption":"Muffle-Remo-Soundrums"},{"@type":"BreadcrumbList","@id":"https:\/\/soundrums-france.com\/index.php\/produit\/muffle-attenuateur-dharmoniques-12-remo\/#breadcrumb","itemListElement":[{"@type":"ListItem","position":1,"name":"Accueil","item":"https:\/\/soundrums-france.com\/"},{"@type":"ListItem","position":2,"name":"Des produits","item":"https:\/\/soundrums-france.com\/index.php\/shop\/"},{"@type":"ListItem","position":3,"name":"Muffle Att\u00e9nuateur d&rsquo;harmoniques 12&Prime; REMO"}]},{"@type":"WebSite","@id":"https:\/\/soundrums-france.com\/#website","url":"https:\/\/soundrums-france.com\/","name":"Soundrums","description":"Manufacture Fran\u00e7aise de tambours","publisher":{"@id":"https:\/\/soundrums-france.com\/#organization"},"potentialAction":[{"@type":"SearchAction","target":{"@type":"EntryPoint","urlTemplate":"https:\/\/soundrums-france.com\/?s={search_term_string}"},"query-input":{"@type":"PropertyValueSpecification","valueRequired":true,"valueName":"search_term_string"}}],"inLanguage":"fr-FR"},{"@type":"Organization","@id":"https:\/\/soundrums-france.com\/#organization","name":"Soundrums-france","url":"https:\/\/soundrums-france.com\/","logo":{"@type":"ImageObject","inLanguage":"fr-FR","@id":"https:\/\/soundrums-france.com\/#\/schema\/logo\/image\/","url":"https:\/\/soundrums-france.com\/wp-content\/uploads\/2020\/10\/LogoSD_HD.jpg","contentUrl":"https:\/\/soundrums-france.com\/wp-content\/uploads\/2020\/10\/LogoSD_HD.jpg","width":1280,"height":930,"caption":"Soundrums-france"},"image":{"@id":"https:\/\/soundrums-france.com\/#\/schema\/logo\/image\/"},"sameAs":["https:\/\/www.facebook.com\/soundrums\/","https:\/\/www.youtube.com\/channel\/UC4S_W_0ZCdUFH3Y9xkv5bEw"]}]}},"uagb_featured_image_src":{"full":["https:\/\/soundrums-france.com\/wp-content\/uploads\/2020\/12\/Muffle-Remo-Soundrums.webp",1200,1200,false],"thumbnail":["https:\/\/soundrums-france.com\/wp-content\/uploads\/2020\/12\/Muffle-Remo-Soundrums-150x150.jpg",150,150,true],"medium":["https:\/\/soundrums-france.com\/wp-content\/uploads\/2020\/12\/Muffle-Remo-Soundrums-300x300.jpg",300,300,true],"medium_large":["https:\/\/soundrums-france.com\/wp-content\/uploads\/2020\/12\/Muffle-Remo-Soundrums-768x768.jpg",768,768,true],"large":["https:\/\/soundrums-france.com\/wp-content\/uploads\/2020\/12\/Muffle-Remo-Soundrums-1024x1024.jpg",1024,1024,true],"1536x1536":["https:\/\/soundrums-france.com\/wp-content\/uploads\/2020\/12\/Muffle-Remo-Soundrums.webp",1200,1200,false],"2048x2048":["https:\/\/soundrums-france.com\/wp-content\/uploads\/2020\/12\/Muffle-Remo-Soundrums.webp",1200,1200,false],"woocommerce_thumbnail":["https:\/\/soundrums-france.com\/wp-content\/uploads\/2020\/12\/Muffle-Remo-Soundrums-300x300.jpg",300,300,true],"woocommerce_single":["https:\/\/soundrums-france.com\/wp-content\/uploads\/2020\/12\/Muffle-Remo-Soundrums-600x600.jpg",600,600,true],"woocommerce_gallery_thumbnail":["https:\/\/soundrums-france.com\/wp-content\/uploads\/2020\/12\/Muffle-Remo-Soundrums-100x100.jpg",100,100,true]},"uagb_author_info":{"display_name":"Emmanuel JAY","author_link":"https:\/\/soundrums-france.com\/index.php\/author\/"},"uagb_comment_info":0,"uagb_excerpt":"MUFFLE REMO RING CONTROL 12\" L'anneau \"MUFFLE REMO RING CONTROL\" comprend des anneaux en mousse mont\u00e9s dans dans le f\u00fbt avec un plateau sp\u00e9cialement con\u00e7us qui le maintenir en place et pour fournir un amortissement partiel pour les tambours, Toms, caisses claires et grosse caisse. Il se monte facilement sous la peau au-dessus du chanfrein\u2026","wcpa_form_fields":null,"_links":{"self":[{"href":"https:\/\/soundrums-france.com\/index.php\/wp-json\/wp\/v2\/product\/32951","targetHints":{"allow":["GET"]}}],"collection":[{"href":"https:\/\/soundrums-france.com\/index.php\/wp-json\/wp\/v2\/product"}],"about":[{"href":"https:\/\/soundrums-france.com\/index.php\/wp-json\/wp\/v2\/types\/product"}],"replies":[{"embeddable":true,"href":"https:\/\/soundrums-france.com\/index.php\/wp-json\/wp\/v2\/comments?post=32951"}],"version-history":[{"count":1,"href":"https:\/\/soundrums-france.com\/index.php\/wp-json\/wp\/v2\/product\/32951\/revisions"}],"predecessor-version":[{"id":36825,"href":"https:\/\/soundrums-france.com\/index.php\/wp-json\/wp\/v2\/product\/32951\/revisions\/36825"}],"wp:featuredmedia":[{"embeddable":true,"href":"https:\/\/soundrums-france.com\/index.php\/wp-json\/wp\/v2\/media\/32469"}],"wp:attachment":[{"href":"https:\/\/soundrums-france.com\/index.php\/wp-json\/wp\/v2\/media?parent=32951"}],"wp:term":[{"taxonomy":"product_cat","embeddable":true,"href":"https:\/\/soundrums-france.com\/index.php\/wp-json\/wp\/v2\/product_cat?post=32951"},{"taxonomy":"product_tag","embeddable":true,"href":"https:\/\/soundrums-france.com\/index.php\/wp-json\/wp\/v2\/product_tag?post=32951"}],"curies":[{"name":"wp","href":"https:\/\/api.w.org\/{rel}","templated":true}]}}