{"id":32952,"date":"2021-01-29T11:28:02","date_gmt":"2021-01-29T10:28:02","guid":{"rendered":"https:\/\/soundrums-france.com\/?post_type=product&#038;p=32952"},"modified":"2024-12-10T15:20:48","modified_gmt":"2024-12-10T14:20:48","slug":"caisse-claire-erable-shm-sound-heritage-maple-14x65","status":"publish","type":"product","link":"https:\/\/soundrums-france.com\/index.php\/produit\/caisse-claire-erable-shm-sound-heritage-maple-14x65\/","title":{"rendered":"Caisse-claire Erable SHM \u00ab\u00a0Sound Heritage Maple\u00a0\u00bb &#8211; 14&Prime;x6,5&Prime;"},"content":{"rendered":"<p>H\u00e9ritage&#8230; le mot qui d\u00e9signe le mieux cette caisse. Le f\u00fbt en \u00e9rable offre une facilit\u00e9 d&rsquo;accordage et couvre une large palette de style.<\/p>\n<p>Le timbre extra large et sa finition avec cercle bois vous transporteront dans une autre \u00e9poque&#8230; Cette caisse-claire offre bien \u00e9videmment des fr\u00e9quences basses typiques de ce bois, mais \u00e9galement un \u00e9quilibre des m\u00e9diums et des aigus qui offre une grande polyvalence. Moelleux et facile \u00e0 jouer, cet instrument sera appr\u00e9ci\u00e9 par un grand nombre de musiciens, percussionnistes classiques comme de batteurs. Sa finition soign\u00e9e et ses coquilles tubulaires dor\u00e9es lui offrent un style authentique.<\/p>\n<p>Munie d&rsquo;un d\u00e9clencheur pr\u00e9mium dor\u00e9, d&rsquo;un timbre carbone large 30 spirales, de cercles en \u00e9rable et de peaux de frappe et de timbre Remo Renaissance, cette caisse-claire vous donnera beaucoup de plaisir !<\/p>\n","protected":false},"excerpt":{"rendered":"<p>F\u00fbt \u00e9rable 6 plis 14&Prime; x 6,5&Prime;<br \/>\nFinition bois teint\u00e9 vernis<br \/>\n10 tirants &#8211; Coquilles tubulaires dor\u00e9es<br \/>\nCercles en \u00e9rable avec fixation tirants par crochet<br \/>\nD\u00e9clencheur dor\u00e9 premium<br \/>\nTimbre carbone 30 Spirales<br \/>\nPeau Remo Renaissance<\/p>\n","protected":false},"featured_media":32957,"comment_status":"open","ping_status":"closed","template":"","meta":{"_uag_custom_page_level_css":"","site-sidebar-layout":"default","site-content-layout":"default","ast-global-header-display":"","ast-banner-title-visibility":"","ast-main-header-display":"","ast-hfb-above-header-display":"","ast-hfb-below-header-display":"","ast-hfb-mobile-header-display":"","site-post-title":"","ast-breadcrumbs-content":"","ast-featured-img":"","footer-sml-layout":"","theme-transparent-header-meta":"","adv-header-id-meta":"","stick-header-meta":"","header-above-stick-meta":"","header-main-stick-meta":"","header-below-stick-meta":""},"product_cat":[186,192],"product_tag":[],"class_list":{"0":"post-32952","1":"product","2":"type-product","3":"status-publish","4":"has-post-thumbnail","6":"product_cat-instruments","7":"product_cat-caisses_claires","8":"desktop-align-left","9":"tablet-align-left","10":"mobile-align-left","12":"first","13":"instock","14":"taxable","15":"shipping-taxable","16":"purchasable","17":"product-type-simple"},"yoast_head":"<!-- This site is optimized with the Yoast SEO plugin v24.1 - https:\/\/yoast.com\/wordpress\/plugins\/seo\/ -->\n<title>Caisse-claire Erable SHM &quot;Sound Heritage Maple&quot; - 14&quot;x6,5&quot; - Soundrums<\/title>\n<meta name=\"description\" content=\"Venez d\u00e9couvrir notre Caisse-claire Erable SHM &quot;Sound Heritage Maple&quot; - 14&quot;x6,5&quot; haute de gamme.\" \/>\n<meta name=\"robots\" content=\"index, follow, max-snippet:-1, max-image-preview:large, max-video-preview:-1\" \/>\n<link rel=\"canonical\" href=\"https:\/\/soundrums-france.com\/index.php\/produit\/caisse-claire-erable-shm-sound-heritage-maple-14x65\/\" \/>\n<meta property=\"og:locale\" content=\"fr_FR\" \/>\n<meta property=\"og:type\" content=\"article\" \/>\n<meta property=\"og:title\" content=\"Caisse-claire Erable SHM &quot;Sound Heritage Maple&quot; - 14&quot;x6,5&quot; - Soundrums\" \/>\n<meta property=\"og:description\" content=\"Venez d\u00e9couvrir notre Caisse-claire Erable SHM &quot;Sound Heritage Maple&quot; - 14&quot;x6,5&quot; haute de gamme.\" \/>\n<meta property=\"og:url\" content=\"https:\/\/soundrums-france.com\/index.php\/produit\/caisse-claire-erable-shm-sound-heritage-maple-14x65\/\" \/>\n<meta property=\"og:site_name\" content=\"Soundrums\" \/>\n<meta property=\"article:publisher\" content=\"https:\/\/www.facebook.com\/soundrums\/\" \/>\n<meta property=\"article:modified_time\" content=\"2024-12-10T14:20:48+00:00\" \/>\n<meta property=\"og:image\" content=\"https:\/\/soundrums-france.com\/wp-content\/uploads\/2021\/01\/Caisse-claire-Vintage-Heritage07.jpg\" \/>\n\t<meta property=\"og:image:width\" content=\"1616\" \/>\n\t<meta property=\"og:image:height\" content=\"1616\" \/>\n\t<meta property=\"og:image:type\" content=\"image\/jpeg\" \/>\n<meta name=\"twitter:card\" content=\"summary_large_image\" \/>\n<meta name=\"twitter:label1\" content=\"Dur\u00e9e de lecture estim\u00e9e\" \/>\n\t<meta name=\"twitter:data1\" content=\"1 minute\" \/>\n<script type=\"application\/ld+json\" class=\"yoast-schema-graph\">{\"@context\":\"https:\/\/schema.org\",\"@graph\":[{\"@type\":\"WebPage\",\"@id\":\"https:\/\/soundrums-france.com\/index.php\/produit\/caisse-claire-erable-shm-sound-heritage-maple-14x65\/\",\"url\":\"https:\/\/soundrums-france.com\/index.php\/produit\/caisse-claire-erable-shm-sound-heritage-maple-14x65\/\",\"name\":\"Caisse-claire Erable SHM \\\"Sound Heritage Maple\\\" - 14\\\"x6,5\\\" - Soundrums\",\"isPartOf\":{\"@id\":\"https:\/\/soundrums-france.com\/#website\"},\"primaryImageOfPage\":{\"@id\":\"https:\/\/soundrums-france.com\/index.php\/produit\/caisse-claire-erable-shm-sound-heritage-maple-14x65\/#primaryimage\"},\"image\":{\"@id\":\"https:\/\/soundrums-france.com\/index.php\/produit\/caisse-claire-erable-shm-sound-heritage-maple-14x65\/#primaryimage\"},\"thumbnailUrl\":\"https:\/\/soundrums-france.com\/wp-content\/uploads\/2021\/01\/Caisse-claire-Vintage-Heritage07.webp\",\"datePublished\":\"2021-01-29T10:28:02+00:00\",\"dateModified\":\"2024-12-10T14:20:48+00:00\",\"description\":\"Venez d\u00e9couvrir notre Caisse-claire Erable SHM \\\"Sound Heritage Maple\\\" - 14\\\"x6,5\\\" haute de gamme.\",\"breadcrumb\":{\"@id\":\"https:\/\/soundrums-france.com\/index.php\/produit\/caisse-claire-erable-shm-sound-heritage-maple-14x65\/#breadcrumb\"},\"inLanguage\":\"fr-FR\",\"potentialAction\":[{\"@type\":\"ReadAction\",\"target\":[\"https:\/\/soundrums-france.com\/index.php\/produit\/caisse-claire-erable-shm-sound-heritage-maple-14x65\/\"]}]},{\"@type\":\"ImageObject\",\"inLanguage\":\"fr-FR\",\"@id\":\"https:\/\/soundrums-france.com\/index.php\/produit\/caisse-claire-erable-shm-sound-heritage-maple-14x65\/#primaryimage\",\"url\":\"https:\/\/soundrums-france.com\/wp-content\/uploads\/2021\/01\/Caisse-claire-Vintage-Heritage07.webp\",\"contentUrl\":\"https:\/\/soundrums-france.com\/wp-content\/uploads\/2021\/01\/Caisse-claire-Vintage-Heritage07.webp\",\"width\":1616,\"height\":1616,\"caption\":\"Caisse-claire-Heritage-Soundrums\"},{\"@type\":\"BreadcrumbList\",\"@id\":\"https:\/\/soundrums-france.com\/index.php\/produit\/caisse-claire-erable-shm-sound-heritage-maple-14x65\/#breadcrumb\",\"itemListElement\":[{\"@type\":\"ListItem\",\"position\":1,\"name\":\"Accueil\",\"item\":\"https:\/\/soundrums-france.com\/\"},{\"@type\":\"ListItem\",\"position\":2,\"name\":\"Des produits\",\"item\":\"https:\/\/soundrums-france.com\/index.php\/shop\/\"},{\"@type\":\"ListItem\",\"position\":3,\"name\":\"Caisse-claire Erable SHM \u00ab\u00a0Sound Heritage Maple\u00a0\u00bb &#8211; 14&Prime;x6,5&Prime;\"}]},{\"@type\":\"WebSite\",\"@id\":\"https:\/\/soundrums-france.com\/#website\",\"url\":\"https:\/\/soundrums-france.com\/\",\"name\":\"Soundrums\",\"description\":\"Manufacture Fran\u00e7aise de tambours\",\"publisher\":{\"@id\":\"https:\/\/soundrums-france.com\/#organization\"},\"potentialAction\":[{\"@type\":\"SearchAction\",\"target\":{\"@type\":\"EntryPoint\",\"urlTemplate\":\"https:\/\/soundrums-france.com\/?s={search_term_string}\"},\"query-input\":{\"@type\":\"PropertyValueSpecification\",\"valueRequired\":true,\"valueName\":\"search_term_string\"}}],\"inLanguage\":\"fr-FR\"},{\"@type\":\"Organization\",\"@id\":\"https:\/\/soundrums-france.com\/#organization\",\"name\":\"Soundrums-france\",\"url\":\"https:\/\/soundrums-france.com\/\",\"logo\":{\"@type\":\"ImageObject\",\"inLanguage\":\"fr-FR\",\"@id\":\"https:\/\/soundrums-france.com\/#\/schema\/logo\/image\/\",\"url\":\"https:\/\/soundrums-france.com\/wp-content\/uploads\/2020\/10\/LogoSD_HD.jpg\",\"contentUrl\":\"https:\/\/soundrums-france.com\/wp-content\/uploads\/2020\/10\/LogoSD_HD.jpg\",\"width\":1280,\"height\":930,\"caption\":\"Soundrums-france\"},\"image\":{\"@id\":\"https:\/\/soundrums-france.com\/#\/schema\/logo\/image\/\"},\"sameAs\":[\"https:\/\/www.facebook.com\/soundrums\/\",\"https:\/\/www.youtube.com\/channel\/UC4S_W_0ZCdUFH3Y9xkv5bEw\"]}]}<\/script>\n<!-- \/ Yoast SEO plugin. -->","yoast_head_json":{"title":"Caisse-claire Erable SHM \"Sound Heritage Maple\" - 14\"x6,5\" - Soundrums","description":"Venez d\u00e9couvrir notre Caisse-claire Erable SHM \"Sound Heritage Maple\" - 14\"x6,5\" haute de gamme.","robots":{"index":"index","follow":"follow","max-snippet":"max-snippet:-1","max-image-preview":"max-image-preview:large","max-video-preview":"max-video-preview:-1"},"canonical":"https:\/\/soundrums-france.com\/index.php\/produit\/caisse-claire-erable-shm-sound-heritage-maple-14x65\/","og_locale":"fr_FR","og_type":"article","og_title":"Caisse-claire Erable SHM \"Sound Heritage Maple\" - 14\"x6,5\" - Soundrums","og_description":"Venez d\u00e9couvrir notre Caisse-claire Erable SHM \"Sound Heritage Maple\" - 14\"x6,5\" haute de gamme.","og_url":"https:\/\/soundrums-france.com\/index.php\/produit\/caisse-claire-erable-shm-sound-heritage-maple-14x65\/","og_site_name":"Soundrums","article_publisher":"https:\/\/www.facebook.com\/soundrums\/","article_modified_time":"2024-12-10T14:20:48+00:00","og_image":[{"width":1616,"height":1616,"url":"https:\/\/soundrums-france.com\/wp-content\/uploads\/2021\/01\/Caisse-claire-Vintage-Heritage07.jpg","type":"image\/jpeg"}],"twitter_card":"summary_large_image","twitter_misc":{"Dur\u00e9e de lecture estim\u00e9e":"1 minute"},"schema":{"@context":"https:\/\/schema.org","@graph":[{"@type":"WebPage","@id":"https:\/\/soundrums-france.com\/index.php\/produit\/caisse-claire-erable-shm-sound-heritage-maple-14x65\/","url":"https:\/\/soundrums-france.com\/index.php\/produit\/caisse-claire-erable-shm-sound-heritage-maple-14x65\/","name":"Caisse-claire Erable SHM \"Sound Heritage Maple\" - 14\"x6,5\" - Soundrums","isPartOf":{"@id":"https:\/\/soundrums-france.com\/#website"},"primaryImageOfPage":{"@id":"https:\/\/soundrums-france.com\/index.php\/produit\/caisse-claire-erable-shm-sound-heritage-maple-14x65\/#primaryimage"},"image":{"@id":"https:\/\/soundrums-france.com\/index.php\/produit\/caisse-claire-erable-shm-sound-heritage-maple-14x65\/#primaryimage"},"thumbnailUrl":"https:\/\/soundrums-france.com\/wp-content\/uploads\/2021\/01\/Caisse-claire-Vintage-Heritage07.webp","datePublished":"2021-01-29T10:28:02+00:00","dateModified":"2024-12-10T14:20:48+00:00","description":"Venez d\u00e9couvrir notre Caisse-claire Erable SHM \"Sound Heritage Maple\" - 14\"x6,5\" haute de gamme.","breadcrumb":{"@id":"https:\/\/soundrums-france.com\/index.php\/produit\/caisse-claire-erable-shm-sound-heritage-maple-14x65\/#breadcrumb"},"inLanguage":"fr-FR","potentialAction":[{"@type":"ReadAction","target":["https:\/\/soundrums-france.com\/index.php\/produit\/caisse-claire-erable-shm-sound-heritage-maple-14x65\/"]}]},{"@type":"ImageObject","inLanguage":"fr-FR","@id":"https:\/\/soundrums-france.com\/index.php\/produit\/caisse-claire-erable-shm-sound-heritage-maple-14x65\/#primaryimage","url":"https:\/\/soundrums-france.com\/wp-content\/uploads\/2021\/01\/Caisse-claire-Vintage-Heritage07.webp","contentUrl":"https:\/\/soundrums-france.com\/wp-content\/uploads\/2021\/01\/Caisse-claire-Vintage-Heritage07.webp","width":1616,"height":1616,"caption":"Caisse-claire-Heritage-Soundrums"},{"@type":"BreadcrumbList","@id":"https:\/\/soundrums-france.com\/index.php\/produit\/caisse-claire-erable-shm-sound-heritage-maple-14x65\/#breadcrumb","itemListElement":[{"@type":"ListItem","position":1,"name":"Accueil","item":"https:\/\/soundrums-france.com\/"},{"@type":"ListItem","position":2,"name":"Des produits","item":"https:\/\/soundrums-france.com\/index.php\/shop\/"},{"@type":"ListItem","position":3,"name":"Caisse-claire Erable SHM \u00ab\u00a0Sound Heritage Maple\u00a0\u00bb &#8211; 14&Prime;x6,5&Prime;"}]},{"@type":"WebSite","@id":"https:\/\/soundrums-france.com\/#website","url":"https:\/\/soundrums-france.com\/","name":"Soundrums","description":"Manufacture Fran\u00e7aise de tambours","publisher":{"@id":"https:\/\/soundrums-france.com\/#organization"},"potentialAction":[{"@type":"SearchAction","target":{"@type":"EntryPoint","urlTemplate":"https:\/\/soundrums-france.com\/?s={search_term_string}"},"query-input":{"@type":"PropertyValueSpecification","valueRequired":true,"valueName":"search_term_string"}}],"inLanguage":"fr-FR"},{"@type":"Organization","@id":"https:\/\/soundrums-france.com\/#organization","name":"Soundrums-france","url":"https:\/\/soundrums-france.com\/","logo":{"@type":"ImageObject","inLanguage":"fr-FR","@id":"https:\/\/soundrums-france.com\/#\/schema\/logo\/image\/","url":"https:\/\/soundrums-france.com\/wp-content\/uploads\/2020\/10\/LogoSD_HD.jpg","contentUrl":"https:\/\/soundrums-france.com\/wp-content\/uploads\/2020\/10\/LogoSD_HD.jpg","width":1280,"height":930,"caption":"Soundrums-france"},"image":{"@id":"https:\/\/soundrums-france.com\/#\/schema\/logo\/image\/"},"sameAs":["https:\/\/www.facebook.com\/soundrums\/","https:\/\/www.youtube.com\/channel\/UC4S_W_0ZCdUFH3Y9xkv5bEw"]}]}},"uagb_featured_image_src":{"full":["https:\/\/soundrums-france.com\/wp-content\/uploads\/2021\/01\/Caisse-claire-Vintage-Heritage07.webp",1616,1616,false],"thumbnail":["https:\/\/soundrums-france.com\/wp-content\/uploads\/2021\/01\/Caisse-claire-Vintage-Heritage07-150x150.jpg",150,150,true],"medium":["https:\/\/soundrums-france.com\/wp-content\/uploads\/2021\/01\/Caisse-claire-Vintage-Heritage07-300x300.jpg",300,300,true],"medium_large":["https:\/\/soundrums-france.com\/wp-content\/uploads\/2021\/01\/Caisse-claire-Vintage-Heritage07-768x768.jpg",768,768,true],"large":["https:\/\/soundrums-france.com\/wp-content\/uploads\/2021\/01\/Caisse-claire-Vintage-Heritage07-1024x1024.jpg",1024,1024,true],"1536x1536":["https:\/\/soundrums-france.com\/wp-content\/uploads\/2021\/01\/Caisse-claire-Vintage-Heritage07-1536x1536.jpg",1536,1536,true],"2048x2048":["https:\/\/soundrums-france.com\/wp-content\/uploads\/2021\/01\/Caisse-claire-Vintage-Heritage07.webp",1616,1616,false],"woocommerce_thumbnail":["https:\/\/soundrums-france.com\/wp-content\/uploads\/2021\/01\/Caisse-claire-Vintage-Heritage07-300x300.jpg",300,300,true],"woocommerce_single":["https:\/\/soundrums-france.com\/wp-content\/uploads\/2021\/01\/Caisse-claire-Vintage-Heritage07-600x600.jpg",600,600,true],"woocommerce_gallery_thumbnail":["https:\/\/soundrums-france.com\/wp-content\/uploads\/2021\/01\/Caisse-claire-Vintage-Heritage07-100x100.jpg",100,100,true]},"uagb_author_info":{"display_name":"Emmanuel JAY","author_link":"https:\/\/soundrums-france.com\/index.php\/author\/"},"uagb_comment_info":0,"uagb_excerpt":"F\u00fbt \u00e9rable 6 plis 14\" x 6,5\" Finition bois teint\u00e9 vernis 10 tirants - Coquilles tubulaires dor\u00e9es Cercles en \u00e9rable avec fixation tirants par crochet D\u00e9clencheur dor\u00e9 premium Timbre carbone 30 Spirales Peau Remo Renaissance","wcpa_form_fields":null,"_links":{"self":[{"href":"https:\/\/soundrums-france.com\/index.php\/wp-json\/wp\/v2\/product\/32952","targetHints":{"allow":["GET"]}}],"collection":[{"href":"https:\/\/soundrums-france.com\/index.php\/wp-json\/wp\/v2\/product"}],"about":[{"href":"https:\/\/soundrums-france.com\/index.php\/wp-json\/wp\/v2\/types\/product"}],"replies":[{"embeddable":true,"href":"https:\/\/soundrums-france.com\/index.php\/wp-json\/wp\/v2\/comments?post=32952"}],"version-history":[{"count":0,"href":"https:\/\/soundrums-france.com\/index.php\/wp-json\/wp\/v2\/product\/32952\/revisions"}],"wp:featuredmedia":[{"embeddable":true,"href":"https:\/\/soundrums-france.com\/index.php\/wp-json\/wp\/v2\/media\/32957"}],"wp:attachment":[{"href":"https:\/\/soundrums-france.com\/index.php\/wp-json\/wp\/v2\/media?parent=32952"}],"wp:term":[{"taxonomy":"product_cat","embeddable":true,"href":"https:\/\/soundrums-france.com\/index.php\/wp-json\/wp\/v2\/product_cat?post=32952"},{"taxonomy":"product_tag","embeddable":true,"href":"https:\/\/soundrums-france.com\/index.php\/wp-json\/wp\/v2\/product_tag?post=32952"}],"curies":[{"name":"wp","href":"https:\/\/api.w.org\/{rel}","templated":true}]}}