{"id":32962,"date":"2021-01-29T13:54:24","date_gmt":"2021-01-29T12:54:24","guid":{"rendered":"https:\/\/soundrums-france.com\/?post_type=product&#038;p=32962"},"modified":"2024-06-19T15:36:26","modified_gmt":"2024-06-19T13:36:26","slug":"45-piece-pour-tambour-et-grosse-caisse-a-pedale-bruno-gasparac","status":"publish","type":"product","link":"https:\/\/soundrums-france.com\/index.php\/produit\/45-piece-pour-tambour-et-grosse-caisse-a-pedale-bruno-gasparac\/","title":{"rendered":"45 &#8211; Pi\u00e8ce pour tambour et grosse caisse \u00e0 p\u00e9dale &#8211; Bruno GASPARAC"},"content":{"rendered":"<div id=\"product-description-short-246\" class=\"rte-content\">\n<div id=\"product-description-short-816\" class=\"rte-content\">\n<div id=\"product-description-short-849\" class=\"rte-content\">\n<div id=\"product-description-short-859\" class=\"rte-content\">\n<div id=\"description\" class=\"tab-pane in active\">\n<div class=\"product-description\">\n<div class=\"rte-content\">\n<p><strong>Dans la collection: \u00ab\u00a0TAMBOUR DU XXIe SI\u00c8CLE\u00a0\u00bb<\/strong><\/p>\n<div id=\"product-description-short-873\" class=\"rte-content\">\n<p>45 &#8211; Bruno Gasparac Pi\u00e8ces pour tambour et grosse-caisse \u00e0 p\u00e9dale &#8211; <strong>Niveau sup\u00e9rieur<\/strong><\/p>\n<p>Cette pi\u00e8ce a pour but de mettre en valeur le concept bas\u00e9 sur l&rsquo;enchainement d&rsquo;entit\u00e9s d&rsquo;une valeur de cinq doubles-croches. Ces entit\u00e9s ou groupes prennent la forme des quatre variations propos\u00e9es ici : coups anglais, sextolets, roul\u00e9s et coul\u00e9s.<\/p>\n<\/div>\n<\/div>\n<\/div>\n<\/div>\n<div id=\"product-details-tab\" class=\"tab-pane \"><\/div>\n<p>&nbsp;<\/p>\n<\/div>\n<\/div>\n<\/div>\n<\/div>\n","protected":false},"excerpt":{"rendered":"<div id=\"product-description-short-773\" class=\"rte-content\">\n<div id=\"product-description-short-816\" class=\"rte-content\">\n<div id=\"description\" class=\"tab-pane in active\">\n<div class=\"product-description\">\n<div class=\"rte-content\">\n<div id=\"product-description-short-871\" class=\"rte-content\">\n<div id=\"product-description-short-858\" class=\"rte-content\">\n<div id=\"product-description-short-873\" class=\"rte-content\">\n<p><strong>45 &#8211; Bruno Gasparac<\/strong><\/p>\n<p>Pi\u00e8ces pour tambour et grosse-caisse \u00e0 p\u00e9dale &#8211; <strong>Niveau sup\u00e9rieur<\/strong><\/p>\n<p>Cette pi\u00e8ce a pour but de mettre en valeur le concept bas\u00e9 sur l&rsquo;enchainement d&rsquo;entit\u00e9s d&rsquo;une valeur de cinq doubles-croches. Ces entit\u00e9s ou groupes prennent la forme des quatre variations propos\u00e9es ici : coups anglais, sextolets, roul\u00e9s et coul\u00e9s.<\/p>\n<\/div>\n<\/div>\n<\/div>\n<\/div>\n<\/div>\n<\/div>\n<\/div>\n<\/div>\n","protected":false},"featured_media":32966,"comment_status":"open","ping_status":"closed","template":"","meta":{"_uag_custom_page_level_css":"","site-sidebar-layout":"default","site-content-layout":"default","ast-global-header-display":"","ast-banner-title-visibility":"","ast-main-header-display":"","ast-hfb-above-header-display":"","ast-hfb-below-header-display":"","ast-hfb-mobile-header-display":"","site-post-title":"","ast-breadcrumbs-content":"","ast-featured-img":"","footer-sml-layout":"","theme-transparent-header-meta":"","adv-header-id-meta":"","stick-header-meta":"","header-above-stick-meta":"","header-main-stick-meta":"","header-below-stick-meta":""},"product_cat":[256,228],"product_tag":[],"class_list":{"0":"post-32962","1":"product","2":"type-product","3":"status-publish","4":"has-post-thumbnail","6":"product_cat-librairie","7":"product_cat-partitions","8":"desktop-align-left","9":"tablet-align-left","10":"mobile-align-left","12":"first","13":"instock","14":"taxable","15":"shipping-taxable","16":"purchasable","17":"product-type-simple"},"yoast_head":"<!-- This site is optimized with the Yoast SEO plugin v24.1 - https:\/\/yoast.com\/wordpress\/plugins\/seo\/ -->\n<title>45 - Pi\u00e8ce pour tambour et grosse caisse \u00e0 p\u00e9dale - Bruno GASPARAC - Soundrums<\/title>\n<meta name=\"description\" content=\"Venez d\u00e9couvrir notre 45 - Pi\u00e8ce pour tambour et grosse caisse \u00e0 p\u00e9dale - Bruno GASPARAC haute de gamme.\" \/>\n<meta name=\"robots\" content=\"index, follow, max-snippet:-1, max-image-preview:large, max-video-preview:-1\" \/>\n<link rel=\"canonical\" href=\"https:\/\/soundrums-france.com\/index.php\/produit\/45-piece-pour-tambour-et-grosse-caisse-a-pedale-bruno-gasparac\/\" \/>\n<meta property=\"og:locale\" content=\"fr_FR\" \/>\n<meta property=\"og:type\" content=\"article\" \/>\n<meta property=\"og:title\" content=\"45 - Pi\u00e8ce pour tambour et grosse caisse \u00e0 p\u00e9dale - Bruno GASPARAC - Soundrums\" \/>\n<meta property=\"og:description\" content=\"Venez d\u00e9couvrir notre 45 - Pi\u00e8ce pour tambour et grosse caisse \u00e0 p\u00e9dale - Bruno GASPARAC haute de gamme.\" \/>\n<meta property=\"og:url\" content=\"https:\/\/soundrums-france.com\/index.php\/produit\/45-piece-pour-tambour-et-grosse-caisse-a-pedale-bruno-gasparac\/\" \/>\n<meta property=\"og:site_name\" content=\"Soundrums\" \/>\n<meta property=\"article:publisher\" content=\"https:\/\/www.facebook.com\/soundrums\/\" \/>\n<meta property=\"article:modified_time\" content=\"2024-06-19T13:36:26+00:00\" \/>\n<meta property=\"og:image\" content=\"https:\/\/soundrums-france.com\/wp-content\/uploads\/2021\/01\/45-1.jpg\" \/>\n\t<meta property=\"og:image:width\" content=\"1200\" \/>\n\t<meta property=\"og:image:height\" content=\"1200\" \/>\n\t<meta property=\"og:image:type\" content=\"image\/jpeg\" \/>\n<meta name=\"twitter:card\" content=\"summary_large_image\" \/>\n<meta name=\"twitter:label1\" content=\"Dur\u00e9e de lecture estim\u00e9e\" \/>\n\t<meta name=\"twitter:data1\" content=\"1 minute\" \/>\n<script type=\"application\/ld+json\" class=\"yoast-schema-graph\">{\"@context\":\"https:\/\/schema.org\",\"@graph\":[{\"@type\":\"WebPage\",\"@id\":\"https:\/\/soundrums-france.com\/index.php\/produit\/45-piece-pour-tambour-et-grosse-caisse-a-pedale-bruno-gasparac\/\",\"url\":\"https:\/\/soundrums-france.com\/index.php\/produit\/45-piece-pour-tambour-et-grosse-caisse-a-pedale-bruno-gasparac\/\",\"name\":\"45 - Pi\u00e8ce pour tambour et grosse caisse \u00e0 p\u00e9dale - Bruno GASPARAC - Soundrums\",\"isPartOf\":{\"@id\":\"https:\/\/soundrums-france.com\/#website\"},\"primaryImageOfPage\":{\"@id\":\"https:\/\/soundrums-france.com\/index.php\/produit\/45-piece-pour-tambour-et-grosse-caisse-a-pedale-bruno-gasparac\/#primaryimage\"},\"image\":{\"@id\":\"https:\/\/soundrums-france.com\/index.php\/produit\/45-piece-pour-tambour-et-grosse-caisse-a-pedale-bruno-gasparac\/#primaryimage\"},\"thumbnailUrl\":\"https:\/\/soundrums-france.com\/wp-content\/uploads\/2021\/01\/45-1.webp\",\"datePublished\":\"2021-01-29T12:54:24+00:00\",\"dateModified\":\"2024-06-19T13:36:26+00:00\",\"description\":\"Venez d\u00e9couvrir notre 45 - Pi\u00e8ce pour tambour et grosse caisse \u00e0 p\u00e9dale - Bruno GASPARAC haute de gamme.\",\"breadcrumb\":{\"@id\":\"https:\/\/soundrums-france.com\/index.php\/produit\/45-piece-pour-tambour-et-grosse-caisse-a-pedale-bruno-gasparac\/#breadcrumb\"},\"inLanguage\":\"fr-FR\",\"potentialAction\":[{\"@type\":\"ReadAction\",\"target\":[\"https:\/\/soundrums-france.com\/index.php\/produit\/45-piece-pour-tambour-et-grosse-caisse-a-pedale-bruno-gasparac\/\"]}]},{\"@type\":\"ImageObject\",\"inLanguage\":\"fr-FR\",\"@id\":\"https:\/\/soundrums-france.com\/index.php\/produit\/45-piece-pour-tambour-et-grosse-caisse-a-pedale-bruno-gasparac\/#primaryimage\",\"url\":\"https:\/\/soundrums-france.com\/wp-content\/uploads\/2021\/01\/45-1.webp\",\"contentUrl\":\"https:\/\/soundrums-france.com\/wp-content\/uploads\/2021\/01\/45-1.webp\",\"width\":1200,\"height\":1200,\"caption\":\"45-Bruno gasparac - partition tambour\"},{\"@type\":\"BreadcrumbList\",\"@id\":\"https:\/\/soundrums-france.com\/index.php\/produit\/45-piece-pour-tambour-et-grosse-caisse-a-pedale-bruno-gasparac\/#breadcrumb\",\"itemListElement\":[{\"@type\":\"ListItem\",\"position\":1,\"name\":\"Accueil\",\"item\":\"https:\/\/soundrums-france.com\/\"},{\"@type\":\"ListItem\",\"position\":2,\"name\":\"Des produits\",\"item\":\"https:\/\/soundrums-france.com\/index.php\/shop\/\"},{\"@type\":\"ListItem\",\"position\":3,\"name\":\"45 &#8211; Pi\u00e8ce pour tambour et grosse caisse \u00e0 p\u00e9dale &#8211; Bruno GASPARAC\"}]},{\"@type\":\"WebSite\",\"@id\":\"https:\/\/soundrums-france.com\/#website\",\"url\":\"https:\/\/soundrums-france.com\/\",\"name\":\"Soundrums\",\"description\":\"Manufacture Fran\u00e7aise de tambours\",\"publisher\":{\"@id\":\"https:\/\/soundrums-france.com\/#organization\"},\"potentialAction\":[{\"@type\":\"SearchAction\",\"target\":{\"@type\":\"EntryPoint\",\"urlTemplate\":\"https:\/\/soundrums-france.com\/?s={search_term_string}\"},\"query-input\":{\"@type\":\"PropertyValueSpecification\",\"valueRequired\":true,\"valueName\":\"search_term_string\"}}],\"inLanguage\":\"fr-FR\"},{\"@type\":\"Organization\",\"@id\":\"https:\/\/soundrums-france.com\/#organization\",\"name\":\"Soundrums-france\",\"url\":\"https:\/\/soundrums-france.com\/\",\"logo\":{\"@type\":\"ImageObject\",\"inLanguage\":\"fr-FR\",\"@id\":\"https:\/\/soundrums-france.com\/#\/schema\/logo\/image\/\",\"url\":\"https:\/\/soundrums-france.com\/wp-content\/uploads\/2020\/10\/LogoSD_HD.jpg\",\"contentUrl\":\"https:\/\/soundrums-france.com\/wp-content\/uploads\/2020\/10\/LogoSD_HD.jpg\",\"width\":1280,\"height\":930,\"caption\":\"Soundrums-france\"},\"image\":{\"@id\":\"https:\/\/soundrums-france.com\/#\/schema\/logo\/image\/\"},\"sameAs\":[\"https:\/\/www.facebook.com\/soundrums\/\",\"https:\/\/www.youtube.com\/channel\/UC4S_W_0ZCdUFH3Y9xkv5bEw\"]}]}<\/script>\n<!-- \/ Yoast SEO plugin. -->","yoast_head_json":{"title":"45 - Pi\u00e8ce pour tambour et grosse caisse \u00e0 p\u00e9dale - Bruno GASPARAC - Soundrums","description":"Venez d\u00e9couvrir notre 45 - Pi\u00e8ce pour tambour et grosse caisse \u00e0 p\u00e9dale - Bruno GASPARAC haute de gamme.","robots":{"index":"index","follow":"follow","max-snippet":"max-snippet:-1","max-image-preview":"max-image-preview:large","max-video-preview":"max-video-preview:-1"},"canonical":"https:\/\/soundrums-france.com\/index.php\/produit\/45-piece-pour-tambour-et-grosse-caisse-a-pedale-bruno-gasparac\/","og_locale":"fr_FR","og_type":"article","og_title":"45 - Pi\u00e8ce pour tambour et grosse caisse \u00e0 p\u00e9dale - Bruno GASPARAC - Soundrums","og_description":"Venez d\u00e9couvrir notre 45 - Pi\u00e8ce pour tambour et grosse caisse \u00e0 p\u00e9dale - Bruno GASPARAC haute de gamme.","og_url":"https:\/\/soundrums-france.com\/index.php\/produit\/45-piece-pour-tambour-et-grosse-caisse-a-pedale-bruno-gasparac\/","og_site_name":"Soundrums","article_publisher":"https:\/\/www.facebook.com\/soundrums\/","article_modified_time":"2024-06-19T13:36:26+00:00","og_image":[{"width":1200,"height":1200,"url":"https:\/\/soundrums-france.com\/wp-content\/uploads\/2021\/01\/45-1.jpg","type":"image\/jpeg"}],"twitter_card":"summary_large_image","twitter_misc":{"Dur\u00e9e de lecture estim\u00e9e":"1 minute"},"schema":{"@context":"https:\/\/schema.org","@graph":[{"@type":"WebPage","@id":"https:\/\/soundrums-france.com\/index.php\/produit\/45-piece-pour-tambour-et-grosse-caisse-a-pedale-bruno-gasparac\/","url":"https:\/\/soundrums-france.com\/index.php\/produit\/45-piece-pour-tambour-et-grosse-caisse-a-pedale-bruno-gasparac\/","name":"45 - Pi\u00e8ce pour tambour et grosse caisse \u00e0 p\u00e9dale - Bruno GASPARAC - Soundrums","isPartOf":{"@id":"https:\/\/soundrums-france.com\/#website"},"primaryImageOfPage":{"@id":"https:\/\/soundrums-france.com\/index.php\/produit\/45-piece-pour-tambour-et-grosse-caisse-a-pedale-bruno-gasparac\/#primaryimage"},"image":{"@id":"https:\/\/soundrums-france.com\/index.php\/produit\/45-piece-pour-tambour-et-grosse-caisse-a-pedale-bruno-gasparac\/#primaryimage"},"thumbnailUrl":"https:\/\/soundrums-france.com\/wp-content\/uploads\/2021\/01\/45-1.webp","datePublished":"2021-01-29T12:54:24+00:00","dateModified":"2024-06-19T13:36:26+00:00","description":"Venez d\u00e9couvrir notre 45 - Pi\u00e8ce pour tambour et grosse caisse \u00e0 p\u00e9dale - Bruno GASPARAC haute de gamme.","breadcrumb":{"@id":"https:\/\/soundrums-france.com\/index.php\/produit\/45-piece-pour-tambour-et-grosse-caisse-a-pedale-bruno-gasparac\/#breadcrumb"},"inLanguage":"fr-FR","potentialAction":[{"@type":"ReadAction","target":["https:\/\/soundrums-france.com\/index.php\/produit\/45-piece-pour-tambour-et-grosse-caisse-a-pedale-bruno-gasparac\/"]}]},{"@type":"ImageObject","inLanguage":"fr-FR","@id":"https:\/\/soundrums-france.com\/index.php\/produit\/45-piece-pour-tambour-et-grosse-caisse-a-pedale-bruno-gasparac\/#primaryimage","url":"https:\/\/soundrums-france.com\/wp-content\/uploads\/2021\/01\/45-1.webp","contentUrl":"https:\/\/soundrums-france.com\/wp-content\/uploads\/2021\/01\/45-1.webp","width":1200,"height":1200,"caption":"45-Bruno gasparac - partition tambour"},{"@type":"BreadcrumbList","@id":"https:\/\/soundrums-france.com\/index.php\/produit\/45-piece-pour-tambour-et-grosse-caisse-a-pedale-bruno-gasparac\/#breadcrumb","itemListElement":[{"@type":"ListItem","position":1,"name":"Accueil","item":"https:\/\/soundrums-france.com\/"},{"@type":"ListItem","position":2,"name":"Des produits","item":"https:\/\/soundrums-france.com\/index.php\/shop\/"},{"@type":"ListItem","position":3,"name":"45 &#8211; Pi\u00e8ce pour tambour et grosse caisse \u00e0 p\u00e9dale &#8211; Bruno GASPARAC"}]},{"@type":"WebSite","@id":"https:\/\/soundrums-france.com\/#website","url":"https:\/\/soundrums-france.com\/","name":"Soundrums","description":"Manufacture Fran\u00e7aise de tambours","publisher":{"@id":"https:\/\/soundrums-france.com\/#organization"},"potentialAction":[{"@type":"SearchAction","target":{"@type":"EntryPoint","urlTemplate":"https:\/\/soundrums-france.com\/?s={search_term_string}"},"query-input":{"@type":"PropertyValueSpecification","valueRequired":true,"valueName":"search_term_string"}}],"inLanguage":"fr-FR"},{"@type":"Organization","@id":"https:\/\/soundrums-france.com\/#organization","name":"Soundrums-france","url":"https:\/\/soundrums-france.com\/","logo":{"@type":"ImageObject","inLanguage":"fr-FR","@id":"https:\/\/soundrums-france.com\/#\/schema\/logo\/image\/","url":"https:\/\/soundrums-france.com\/wp-content\/uploads\/2020\/10\/LogoSD_HD.jpg","contentUrl":"https:\/\/soundrums-france.com\/wp-content\/uploads\/2020\/10\/LogoSD_HD.jpg","width":1280,"height":930,"caption":"Soundrums-france"},"image":{"@id":"https:\/\/soundrums-france.com\/#\/schema\/logo\/image\/"},"sameAs":["https:\/\/www.facebook.com\/soundrums\/","https:\/\/www.youtube.com\/channel\/UC4S_W_0ZCdUFH3Y9xkv5bEw"]}]}},"uagb_featured_image_src":{"full":["https:\/\/soundrums-france.com\/wp-content\/uploads\/2021\/01\/45-1.webp",1200,1200,false],"thumbnail":["https:\/\/soundrums-france.com\/wp-content\/uploads\/2021\/01\/45-1-150x150.jpg",150,150,true],"medium":["https:\/\/soundrums-france.com\/wp-content\/uploads\/2021\/01\/45-1-300x300.jpg",300,300,true],"medium_large":["https:\/\/soundrums-france.com\/wp-content\/uploads\/2021\/01\/45-1-768x768.jpg",768,768,true],"large":["https:\/\/soundrums-france.com\/wp-content\/uploads\/2021\/01\/45-1-1024x1024.jpg",1024,1024,true],"1536x1536":["https:\/\/soundrums-france.com\/wp-content\/uploads\/2021\/01\/45-1.webp",1200,1200,false],"2048x2048":["https:\/\/soundrums-france.com\/wp-content\/uploads\/2021\/01\/45-1.webp",1200,1200,false],"woocommerce_thumbnail":["https:\/\/soundrums-france.com\/wp-content\/uploads\/2021\/01\/45-1-300x300.jpg",300,300,true],"woocommerce_single":["https:\/\/soundrums-france.com\/wp-content\/uploads\/2021\/01\/45-1-600x600.jpg",600,600,true],"woocommerce_gallery_thumbnail":["https:\/\/soundrums-france.com\/wp-content\/uploads\/2021\/01\/45-1-100x100.jpg",100,100,true]},"uagb_author_info":{"display_name":"Emmanuel JAY","author_link":"https:\/\/soundrums-france.com\/index.php\/author\/"},"uagb_comment_info":0,"uagb_excerpt":"45 - Bruno Gasparac Pi\u00e8ces pour tambour et grosse-caisse \u00e0 p\u00e9dale - Niveau sup\u00e9rieur Cette pi\u00e8ce a pour but de mettre en valeur le concept bas\u00e9 sur l'enchainement d'entit\u00e9s d'une valeur de cinq doubles-croches. Ces entit\u00e9s ou groupes prennent la forme des quatre variations propos\u00e9es ici : coups anglais, sextolets, roul\u00e9s et coul\u00e9s.","wcpa_form_fields":null,"_links":{"self":[{"href":"https:\/\/soundrums-france.com\/index.php\/wp-json\/wp\/v2\/product\/32962","targetHints":{"allow":["GET"]}}],"collection":[{"href":"https:\/\/soundrums-france.com\/index.php\/wp-json\/wp\/v2\/product"}],"about":[{"href":"https:\/\/soundrums-france.com\/index.php\/wp-json\/wp\/v2\/types\/product"}],"replies":[{"embeddable":true,"href":"https:\/\/soundrums-france.com\/index.php\/wp-json\/wp\/v2\/comments?post=32962"}],"version-history":[{"count":1,"href":"https:\/\/soundrums-france.com\/index.php\/wp-json\/wp\/v2\/product\/32962\/revisions"}],"predecessor-version":[{"id":36932,"href":"https:\/\/soundrums-france.com\/index.php\/wp-json\/wp\/v2\/product\/32962\/revisions\/36932"}],"wp:featuredmedia":[{"embeddable":true,"href":"https:\/\/soundrums-france.com\/index.php\/wp-json\/wp\/v2\/media\/32966"}],"wp:attachment":[{"href":"https:\/\/soundrums-france.com\/index.php\/wp-json\/wp\/v2\/media?parent=32962"}],"wp:term":[{"taxonomy":"product_cat","embeddable":true,"href":"https:\/\/soundrums-france.com\/index.php\/wp-json\/wp\/v2\/product_cat?post=32962"},{"taxonomy":"product_tag","embeddable":true,"href":"https:\/\/soundrums-france.com\/index.php\/wp-json\/wp\/v2\/product_tag?post=32962"}],"curies":[{"name":"wp","href":"https:\/\/api.w.org\/{rel}","templated":true}]}}