{"id":33165,"date":"2021-05-28T09:32:31","date_gmt":"2021-05-28T07:32:31","guid":{"rendered":"https:\/\/soundrums-france.com\/?post_type=product&#038;p=33165"},"modified":"2024-12-10T15:19:38","modified_gmt":"2024-12-10T14:19:38","slug":"grosse-caisse-club-sound-18x10","status":"publish","type":"product","link":"https:\/\/soundrums-france.com\/index.php\/produit\/grosse-caisse-club-sound-18x10\/","title":{"rendered":"Grosse-Caisse \u00ab\u00a0Jam Concept\u00a0\u00bb &#8211; 18&Prime;x10&Prime;"},"content":{"rendered":"<p>Cette <strong>grosse-caisse \u00ab\u00a0Jam Concept\u00a0\u00bb <\/strong>\u00a0 de petite par sa taille (18&Prime;X10&Prime;) vous \u00e9tonnera par sa qualit\u00e9 sonore ! Elle offre une maitrise des harmoniques et une projection ronde et puissante. Sa r\u00e9ponse est excellente gr\u00e2ce au soin apport\u00e9 au choix des peaux, et au m\u00e9lange des essences de bois (\u00c9rable avec plis internes en H\u00eatre). Les fr\u00e9quences basses sont bien pr\u00e9sentes avec un \u00e9quilibre dans les m\u00e9diums. Cette polyvalence permet un jeu dans beaucoup de styles et d&rsquo;univers musicaux diff\u00e9rents. Facile \u00e0 accorder gr\u00e2ce \u00e0 ses 10 tirants, cette petite perle vous suivra partout gr\u00e2ce \u00e0 sa petite taille.<\/p>\n","protected":false},"excerpt":{"rendered":"<p>F\u00fbt 8 plis 18&Prime; x 10&Prime;<br \/>\nFinition bois satin\u00e9<br \/>\n10 tirants &#8211; crochets frein\u00e9s<br \/>\nCercles en \u00e9rable<br \/>\nRehausseur de p\u00e9dale<br \/>\nPeau <strong><span class=\"aCOpRe\">Remo Powerstroke\u00ae 3<\/span> sabl\u00e9e<\/strong> (modifiable sur demande)<br \/>\n<span class=\"aCOpRe\">Peau de r\u00e9sonance<\/span> <strong>Evans Calf\u00adtone<span class=\"aCOpRe\">\u00ae<\/span> Bass drum <\/strong>(modifiable sur demande)<\/p>\n<p>Livr\u00e9e sans p\u00e9dale<\/p>\n<p>&nbsp;<\/p>\n<p>&nbsp;<\/p>\n","protected":false},"featured_media":33163,"comment_status":"open","ping_status":"closed","template":"","meta":{"_uag_custom_page_level_css":"","site-sidebar-layout":"default","site-content-layout":"default","ast-global-header-display":"","ast-banner-title-visibility":"","ast-main-header-display":"","ast-hfb-above-header-display":"","ast-hfb-below-header-display":"","ast-hfb-mobile-header-display":"","site-post-title":"","ast-breadcrumbs-content":"","ast-featured-img":"","footer-sml-layout":"","theme-transparent-header-meta":"","adv-header-id-meta":"","stick-header-meta":"","header-above-stick-meta":"","header-main-stick-meta":"","header-below-stick-meta":""},"product_cat":[186,235,233],"product_tag":[],"class_list":{"0":"post-33165","1":"product","2":"type-product","3":"status-publish","4":"has-post-thumbnail","6":"product_cat-instruments","7":"product_cat-batteries","8":"product_cat-grosse_caisse","9":"desktop-align-left","10":"tablet-align-left","11":"mobile-align-left","13":"first","14":"instock","15":"taxable","16":"shipping-taxable","17":"purchasable","18":"product-type-simple"},"yoast_head":"<!-- This site is optimized with the Yoast SEO plugin v24.1 - https:\/\/yoast.com\/wordpress\/plugins\/seo\/ -->\n<title>Grosse-Caisse &quot;Jam Concept&quot; - 18&quot;x10&quot; - Soundrums<\/title>\n<meta name=\"description\" content=\"Venez d\u00e9couvrir notre Grosse-Caisse &quot;Jam Concept&quot; - 18&quot;x10&quot; haute de gamme.\" \/>\n<meta name=\"robots\" content=\"index, follow, max-snippet:-1, max-image-preview:large, max-video-preview:-1\" \/>\n<link rel=\"canonical\" href=\"https:\/\/soundrums-france.com\/index.php\/produit\/grosse-caisse-club-sound-18x10\/\" \/>\n<meta property=\"og:locale\" content=\"fr_FR\" \/>\n<meta property=\"og:type\" content=\"article\" \/>\n<meta property=\"og:title\" content=\"Grosse-Caisse &quot;Jam Concept&quot; - 18&quot;x10&quot; - Soundrums\" \/>\n<meta property=\"og:description\" content=\"Venez d\u00e9couvrir notre Grosse-Caisse &quot;Jam Concept&quot; - 18&quot;x10&quot; haute de gamme.\" \/>\n<meta property=\"og:url\" content=\"https:\/\/soundrums-france.com\/index.php\/produit\/grosse-caisse-club-sound-18x10\/\" \/>\n<meta property=\"og:site_name\" content=\"Soundrums\" \/>\n<meta property=\"article:publisher\" content=\"https:\/\/www.facebook.com\/soundrums\/\" \/>\n<meta property=\"article:modified_time\" content=\"2024-12-10T14:19:38+00:00\" \/>\n<meta property=\"og:image\" content=\"https:\/\/soundrums-france.com\/wp-content\/uploads\/2021\/05\/GC18x10-09.jpg\" \/>\n\t<meta property=\"og:image:width\" content=\"1788\" \/>\n\t<meta property=\"og:image:height\" content=\"1788\" \/>\n\t<meta property=\"og:image:type\" content=\"image\/jpeg\" \/>\n<meta name=\"twitter:card\" content=\"summary_large_image\" \/>\n<meta name=\"twitter:label1\" content=\"Dur\u00e9e de lecture estim\u00e9e\" \/>\n\t<meta name=\"twitter:data1\" content=\"1 minute\" \/>\n<script type=\"application\/ld+json\" class=\"yoast-schema-graph\">{\"@context\":\"https:\/\/schema.org\",\"@graph\":[{\"@type\":\"WebPage\",\"@id\":\"https:\/\/soundrums-france.com\/index.php\/produit\/grosse-caisse-club-sound-18x10\/\",\"url\":\"https:\/\/soundrums-france.com\/index.php\/produit\/grosse-caisse-club-sound-18x10\/\",\"name\":\"Grosse-Caisse \\\"Jam Concept\\\" - 18\\\"x10\\\" - Soundrums\",\"isPartOf\":{\"@id\":\"https:\/\/soundrums-france.com\/#website\"},\"primaryImageOfPage\":{\"@id\":\"https:\/\/soundrums-france.com\/index.php\/produit\/grosse-caisse-club-sound-18x10\/#primaryimage\"},\"image\":{\"@id\":\"https:\/\/soundrums-france.com\/index.php\/produit\/grosse-caisse-club-sound-18x10\/#primaryimage\"},\"thumbnailUrl\":\"https:\/\/soundrums-france.com\/wp-content\/uploads\/2021\/05\/GC18x10-09.webp\",\"datePublished\":\"2021-05-28T07:32:31+00:00\",\"dateModified\":\"2024-12-10T14:19:38+00:00\",\"description\":\"Venez d\u00e9couvrir notre Grosse-Caisse \\\"Jam Concept\\\" - 18\\\"x10\\\" haute de gamme.\",\"breadcrumb\":{\"@id\":\"https:\/\/soundrums-france.com\/index.php\/produit\/grosse-caisse-club-sound-18x10\/#breadcrumb\"},\"inLanguage\":\"fr-FR\",\"potentialAction\":[{\"@type\":\"ReadAction\",\"target\":[\"https:\/\/soundrums-france.com\/index.php\/produit\/grosse-caisse-club-sound-18x10\/\"]}]},{\"@type\":\"ImageObject\",\"inLanguage\":\"fr-FR\",\"@id\":\"https:\/\/soundrums-france.com\/index.php\/produit\/grosse-caisse-club-sound-18x10\/#primaryimage\",\"url\":\"https:\/\/soundrums-france.com\/wp-content\/uploads\/2021\/05\/GC18x10-09.webp\",\"contentUrl\":\"https:\/\/soundrums-france.com\/wp-content\/uploads\/2021\/05\/GC18x10-09.webp\",\"width\":1788,\"height\":1788,\"caption\":\"Grosse caisse Soundrums\"},{\"@type\":\"BreadcrumbList\",\"@id\":\"https:\/\/soundrums-france.com\/index.php\/produit\/grosse-caisse-club-sound-18x10\/#breadcrumb\",\"itemListElement\":[{\"@type\":\"ListItem\",\"position\":1,\"name\":\"Accueil\",\"item\":\"https:\/\/soundrums-france.com\/\"},{\"@type\":\"ListItem\",\"position\":2,\"name\":\"Des produits\",\"item\":\"https:\/\/soundrums-france.com\/index.php\/shop\/\"},{\"@type\":\"ListItem\",\"position\":3,\"name\":\"Grosse-Caisse \u00ab\u00a0Jam Concept\u00a0\u00bb &#8211; 18&Prime;x10&Prime;\"}]},{\"@type\":\"WebSite\",\"@id\":\"https:\/\/soundrums-france.com\/#website\",\"url\":\"https:\/\/soundrums-france.com\/\",\"name\":\"Soundrums\",\"description\":\"Manufacture Fran\u00e7aise de tambours\",\"publisher\":{\"@id\":\"https:\/\/soundrums-france.com\/#organization\"},\"potentialAction\":[{\"@type\":\"SearchAction\",\"target\":{\"@type\":\"EntryPoint\",\"urlTemplate\":\"https:\/\/soundrums-france.com\/?s={search_term_string}\"},\"query-input\":{\"@type\":\"PropertyValueSpecification\",\"valueRequired\":true,\"valueName\":\"search_term_string\"}}],\"inLanguage\":\"fr-FR\"},{\"@type\":\"Organization\",\"@id\":\"https:\/\/soundrums-france.com\/#organization\",\"name\":\"Soundrums-france\",\"url\":\"https:\/\/soundrums-france.com\/\",\"logo\":{\"@type\":\"ImageObject\",\"inLanguage\":\"fr-FR\",\"@id\":\"https:\/\/soundrums-france.com\/#\/schema\/logo\/image\/\",\"url\":\"https:\/\/soundrums-france.com\/wp-content\/uploads\/2020\/10\/LogoSD_HD.jpg\",\"contentUrl\":\"https:\/\/soundrums-france.com\/wp-content\/uploads\/2020\/10\/LogoSD_HD.jpg\",\"width\":1280,\"height\":930,\"caption\":\"Soundrums-france\"},\"image\":{\"@id\":\"https:\/\/soundrums-france.com\/#\/schema\/logo\/image\/\"},\"sameAs\":[\"https:\/\/www.facebook.com\/soundrums\/\",\"https:\/\/www.youtube.com\/channel\/UC4S_W_0ZCdUFH3Y9xkv5bEw\"]}]}<\/script>\n<!-- \/ Yoast SEO plugin. -->","yoast_head_json":{"title":"Grosse-Caisse \"Jam Concept\" - 18\"x10\" - Soundrums","description":"Venez d\u00e9couvrir notre Grosse-Caisse \"Jam Concept\" - 18\"x10\" haute de gamme.","robots":{"index":"index","follow":"follow","max-snippet":"max-snippet:-1","max-image-preview":"max-image-preview:large","max-video-preview":"max-video-preview:-1"},"canonical":"https:\/\/soundrums-france.com\/index.php\/produit\/grosse-caisse-club-sound-18x10\/","og_locale":"fr_FR","og_type":"article","og_title":"Grosse-Caisse \"Jam Concept\" - 18\"x10\" - Soundrums","og_description":"Venez d\u00e9couvrir notre Grosse-Caisse \"Jam Concept\" - 18\"x10\" haute de gamme.","og_url":"https:\/\/soundrums-france.com\/index.php\/produit\/grosse-caisse-club-sound-18x10\/","og_site_name":"Soundrums","article_publisher":"https:\/\/www.facebook.com\/soundrums\/","article_modified_time":"2024-12-10T14:19:38+00:00","og_image":[{"width":1788,"height":1788,"url":"https:\/\/soundrums-france.com\/wp-content\/uploads\/2021\/05\/GC18x10-09.jpg","type":"image\/jpeg"}],"twitter_card":"summary_large_image","twitter_misc":{"Dur\u00e9e de lecture estim\u00e9e":"1 minute"},"schema":{"@context":"https:\/\/schema.org","@graph":[{"@type":"WebPage","@id":"https:\/\/soundrums-france.com\/index.php\/produit\/grosse-caisse-club-sound-18x10\/","url":"https:\/\/soundrums-france.com\/index.php\/produit\/grosse-caisse-club-sound-18x10\/","name":"Grosse-Caisse \"Jam Concept\" - 18\"x10\" - Soundrums","isPartOf":{"@id":"https:\/\/soundrums-france.com\/#website"},"primaryImageOfPage":{"@id":"https:\/\/soundrums-france.com\/index.php\/produit\/grosse-caisse-club-sound-18x10\/#primaryimage"},"image":{"@id":"https:\/\/soundrums-france.com\/index.php\/produit\/grosse-caisse-club-sound-18x10\/#primaryimage"},"thumbnailUrl":"https:\/\/soundrums-france.com\/wp-content\/uploads\/2021\/05\/GC18x10-09.webp","datePublished":"2021-05-28T07:32:31+00:00","dateModified":"2024-12-10T14:19:38+00:00","description":"Venez d\u00e9couvrir notre Grosse-Caisse \"Jam Concept\" - 18\"x10\" haute de gamme.","breadcrumb":{"@id":"https:\/\/soundrums-france.com\/index.php\/produit\/grosse-caisse-club-sound-18x10\/#breadcrumb"},"inLanguage":"fr-FR","potentialAction":[{"@type":"ReadAction","target":["https:\/\/soundrums-france.com\/index.php\/produit\/grosse-caisse-club-sound-18x10\/"]}]},{"@type":"ImageObject","inLanguage":"fr-FR","@id":"https:\/\/soundrums-france.com\/index.php\/produit\/grosse-caisse-club-sound-18x10\/#primaryimage","url":"https:\/\/soundrums-france.com\/wp-content\/uploads\/2021\/05\/GC18x10-09.webp","contentUrl":"https:\/\/soundrums-france.com\/wp-content\/uploads\/2021\/05\/GC18x10-09.webp","width":1788,"height":1788,"caption":"Grosse caisse Soundrums"},{"@type":"BreadcrumbList","@id":"https:\/\/soundrums-france.com\/index.php\/produit\/grosse-caisse-club-sound-18x10\/#breadcrumb","itemListElement":[{"@type":"ListItem","position":1,"name":"Accueil","item":"https:\/\/soundrums-france.com\/"},{"@type":"ListItem","position":2,"name":"Des produits","item":"https:\/\/soundrums-france.com\/index.php\/shop\/"},{"@type":"ListItem","position":3,"name":"Grosse-Caisse \u00ab\u00a0Jam Concept\u00a0\u00bb &#8211; 18&Prime;x10&Prime;"}]},{"@type":"WebSite","@id":"https:\/\/soundrums-france.com\/#website","url":"https:\/\/soundrums-france.com\/","name":"Soundrums","description":"Manufacture Fran\u00e7aise de tambours","publisher":{"@id":"https:\/\/soundrums-france.com\/#organization"},"potentialAction":[{"@type":"SearchAction","target":{"@type":"EntryPoint","urlTemplate":"https:\/\/soundrums-france.com\/?s={search_term_string}"},"query-input":{"@type":"PropertyValueSpecification","valueRequired":true,"valueName":"search_term_string"}}],"inLanguage":"fr-FR"},{"@type":"Organization","@id":"https:\/\/soundrums-france.com\/#organization","name":"Soundrums-france","url":"https:\/\/soundrums-france.com\/","logo":{"@type":"ImageObject","inLanguage":"fr-FR","@id":"https:\/\/soundrums-france.com\/#\/schema\/logo\/image\/","url":"https:\/\/soundrums-france.com\/wp-content\/uploads\/2020\/10\/LogoSD_HD.jpg","contentUrl":"https:\/\/soundrums-france.com\/wp-content\/uploads\/2020\/10\/LogoSD_HD.jpg","width":1280,"height":930,"caption":"Soundrums-france"},"image":{"@id":"https:\/\/soundrums-france.com\/#\/schema\/logo\/image\/"},"sameAs":["https:\/\/www.facebook.com\/soundrums\/","https:\/\/www.youtube.com\/channel\/UC4S_W_0ZCdUFH3Y9xkv5bEw"]}]}},"uagb_featured_image_src":{"full":["https:\/\/soundrums-france.com\/wp-content\/uploads\/2021\/05\/GC18x10-09.webp",1788,1788,false],"thumbnail":["https:\/\/soundrums-france.com\/wp-content\/uploads\/2021\/05\/GC18x10-09-150x150.jpg",150,150,true],"medium":["https:\/\/soundrums-france.com\/wp-content\/uploads\/2021\/05\/GC18x10-09-300x300.jpg",300,300,true],"medium_large":["https:\/\/soundrums-france.com\/wp-content\/uploads\/2021\/05\/GC18x10-09-768x768.jpg",768,768,true],"large":["https:\/\/soundrums-france.com\/wp-content\/uploads\/2021\/05\/GC18x10-09-1024x1024.jpg",1024,1024,true],"1536x1536":["https:\/\/soundrums-france.com\/wp-content\/uploads\/2021\/05\/GC18x10-09-1536x1536.jpg",1536,1536,true],"2048x2048":["https:\/\/soundrums-france.com\/wp-content\/uploads\/2021\/05\/GC18x10-09.webp",1788,1788,false],"woocommerce_thumbnail":["https:\/\/soundrums-france.com\/wp-content\/uploads\/2021\/05\/GC18x10-09-300x300.jpg",300,300,true],"woocommerce_single":["https:\/\/soundrums-france.com\/wp-content\/uploads\/2021\/05\/GC18x10-09-600x600.jpg",600,600,true],"woocommerce_gallery_thumbnail":["https:\/\/soundrums-france.com\/wp-content\/uploads\/2021\/05\/GC18x10-09-100x100.jpg",100,100,true]},"uagb_author_info":{"display_name":"Emmanuel JAY","author_link":"https:\/\/soundrums-france.com\/index.php\/author\/"},"uagb_comment_info":0,"uagb_excerpt":"F\u00fbt 8 plis 18\" x 10\" Finition bois satin\u00e9 10 tirants - crochets frein\u00e9s Cercles en \u00e9rable Rehausseur de p\u00e9dale Peau Remo Powerstroke\u00ae 3 sabl\u00e9e (modifiable sur demande) Peau de r\u00e9sonance Evans Calf\u00adtone\u00ae Bass drum (modifiable sur demande) Livr\u00e9e sans p\u00e9dale &nbsp; &nbsp;","wcpa_form_fields":null,"_links":{"self":[{"href":"https:\/\/soundrums-france.com\/index.php\/wp-json\/wp\/v2\/product\/33165","targetHints":{"allow":["GET"]}}],"collection":[{"href":"https:\/\/soundrums-france.com\/index.php\/wp-json\/wp\/v2\/product"}],"about":[{"href":"https:\/\/soundrums-france.com\/index.php\/wp-json\/wp\/v2\/types\/product"}],"replies":[{"embeddable":true,"href":"https:\/\/soundrums-france.com\/index.php\/wp-json\/wp\/v2\/comments?post=33165"}],"version-history":[{"count":2,"href":"https:\/\/soundrums-france.com\/index.php\/wp-json\/wp\/v2\/product\/33165\/revisions"}],"predecessor-version":[{"id":37881,"href":"https:\/\/soundrums-france.com\/index.php\/wp-json\/wp\/v2\/product\/33165\/revisions\/37881"}],"wp:featuredmedia":[{"embeddable":true,"href":"https:\/\/soundrums-france.com\/index.php\/wp-json\/wp\/v2\/media\/33163"}],"wp:attachment":[{"href":"https:\/\/soundrums-france.com\/index.php\/wp-json\/wp\/v2\/media?parent=33165"}],"wp:term":[{"taxonomy":"product_cat","embeddable":true,"href":"https:\/\/soundrums-france.com\/index.php\/wp-json\/wp\/v2\/product_cat?post=33165"},{"taxonomy":"product_tag","embeddable":true,"href":"https:\/\/soundrums-france.com\/index.php\/wp-json\/wp\/v2\/product_tag?post=33165"}],"curies":[{"name":"wp","href":"https:\/\/api.w.org\/{rel}","templated":true}]}}