{"id":33181,"date":"2021-06-06T22:00:00","date_gmt":"2021-06-06T20:00:00","guid":{"rendered":"https:\/\/soundrums-france.com\/?post_type=product&#038;p=33181"},"modified":"2025-06-23T10:33:15","modified_gmt":"2025-06-23T08:33:15","slug":"mobilconcept-1-caisse-claire-charleston","status":"publish","type":"product","link":"https:\/\/soundrums-france.com\/index.php\/produit\/mobilconcept-1-caisse-claire-charleston\/","title":{"rendered":"Mobil&rsquo;Concept #1 = Caisse-claire + Accessoire(s)"},"content":{"rendered":"<p>Le <strong>Mobil&rsquo;Concepts de Soundrums<\/strong> ont \u00e9t\u00e9 cr\u00e9\u00e9s \u00e0 partir d&rsquo;une id\u00e9e simple, proposer aux musiciens de rue d&rsquo;avoir des instruments de qualit\u00e9, l\u00e9gers et compl\u00e9tement personnalisables.Chaque \u00e9l\u00e9ment est fabriqu\u00e9 dans les ateliers Soundrums et ajust\u00e9 pour gagner en efficacit\u00e9 et en poids. La structure en aluminium est cr\u00e9\u00e9e sur mesure en fonction des configurations. Au del\u00e0 des concepts propos\u00e9s, <strong>vous pouvez demander une cr\u00e9ation sur mesure<\/strong> !<\/p>\n<p>Les toms de la s\u00e9rie <strong>Mobil&rsquo;Concepts <\/strong>sont \u00e9quip\u00e9s de peaux combinant <strong>un anneau central pour am\u00e9liorer l&rsquo;attaque et g\u00e9rer les fr\u00e9quences<\/strong> ainsi que <strong>2 plis pour obtenir un son contr\u00f4l\u00e9<\/strong>, mais avec une r\u00e9sonance et une sensibilit\u00e9 \u00e0 tous les niveaux de r\u00e9glage et de dynamique. <strong>La durabilit\u00e9 des peaux, la qualit\u00e9 du son et la facilit\u00e9 d&rsquo;accord sont excellentes.<\/strong><\/p>\n","protected":false},"excerpt":{"rendered":"<p>Les <strong>Mobil&rsquo;Concept #1<\/strong> comprend:<\/p>\n<ul>\n<li>Une caisse-claire 13&Prime; X 5&Prime; ultra light<\/li>\n<li>Le choix dans vos accessoires (HH, Block&#8230;)<\/li>\n<li>Le syst\u00e8me de fixation sur harnais adaptable au v\u00f4tre si besoin.<\/li>\n<li><strong>TARIF SUR DEMANDE<\/strong><\/li>\n<li><\/li>\n<\/ul>\n","protected":false},"featured_media":33882,"comment_status":"open","ping_status":"closed","template":"","meta":{"_uag_custom_page_level_css":"","site-sidebar-layout":"default","site-content-layout":"default","ast-global-header-display":"","ast-banner-title-visibility":"","ast-main-header-display":"","ast-hfb-above-header-display":"","ast-hfb-below-header-display":"","ast-hfb-mobile-header-display":"","site-post-title":"","ast-breadcrumbs-content":"","ast-featured-img":"","footer-sml-layout":"","theme-transparent-header-meta":"default","adv-header-id-meta":"","stick-header-meta":"","header-above-stick-meta":"","header-main-stick-meta":"","header-below-stick-meta":""},"product_cat":[234],"product_tag":[],"class_list":{"0":"post-33181","1":"product","2":"type-product","3":"status-publish","4":"has-post-thumbnail","6":"product_cat-mobil_concept-batterie-portative","7":"desktop-align-left","8":"tablet-align-left","9":"mobile-align-left","10":"wcpa_has_options","12":"first","13":"instock","14":"taxable","15":"shipping-taxable","16":"product-type-simple"},"yoast_head":"<!-- This site is optimized with the Yoast SEO plugin v24.1 - https:\/\/yoast.com\/wordpress\/plugins\/seo\/ -->\n<title>Mobil&#039;Concept #1 = Caisse-claire + Accessoire(s) - Soundrums<\/title>\n<meta name=\"description\" content=\"Venez d\u00e9couvrir notre Mobil&#039;Concept #1 = Caisse-claire + Accessoire(s) haute de gamme.\" \/>\n<meta name=\"robots\" content=\"index, follow, max-snippet:-1, max-image-preview:large, max-video-preview:-1\" \/>\n<link rel=\"canonical\" href=\"https:\/\/soundrums-france.com\/index.php\/produit\/mobilconcept-1-caisse-claire-charleston\/\" \/>\n<meta property=\"og:locale\" content=\"fr_FR\" \/>\n<meta property=\"og:type\" content=\"article\" \/>\n<meta property=\"og:title\" content=\"Mobil&#039;Concept #1 = Caisse-claire + Accessoire(s) - Soundrums\" \/>\n<meta property=\"og:description\" content=\"Venez d\u00e9couvrir notre Mobil&#039;Concept #1 = Caisse-claire + Accessoire(s) haute de gamme.\" \/>\n<meta property=\"og:url\" content=\"https:\/\/soundrums-france.com\/index.php\/produit\/mobilconcept-1-caisse-claire-charleston\/\" \/>\n<meta property=\"og:site_name\" content=\"Soundrums\" \/>\n<meta property=\"article:publisher\" content=\"https:\/\/www.facebook.com\/soundrums\/\" \/>\n<meta property=\"article:modified_time\" content=\"2025-06-23T08:33:15+00:00\" \/>\n<meta property=\"og:image\" content=\"https:\/\/soundrums-france.com\/wp-content\/uploads\/2021\/06\/MC1-CCL03.webp\" \/>\n\t<meta property=\"og:image:width\" content=\"800\" \/>\n\t<meta property=\"og:image:height\" content=\"800\" \/>\n\t<meta property=\"og:image:type\" content=\"image\/jpeg\" \/>\n<meta name=\"twitter:card\" content=\"summary_large_image\" \/>\n<meta name=\"twitter:label1\" content=\"Dur\u00e9e de lecture estim\u00e9e\" \/>\n\t<meta name=\"twitter:data1\" content=\"1 minute\" \/>\n<script type=\"application\/ld+json\" class=\"yoast-schema-graph\">{\"@context\":\"https:\/\/schema.org\",\"@graph\":[{\"@type\":\"WebPage\",\"@id\":\"https:\/\/soundrums-france.com\/index.php\/produit\/mobilconcept-1-caisse-claire-charleston\/\",\"url\":\"https:\/\/soundrums-france.com\/index.php\/produit\/mobilconcept-1-caisse-claire-charleston\/\",\"name\":\"Mobil'Concept #1 = Caisse-claire + Accessoire(s) - Soundrums\",\"isPartOf\":{\"@id\":\"https:\/\/soundrums-france.com\/#website\"},\"primaryImageOfPage\":{\"@id\":\"https:\/\/soundrums-france.com\/index.php\/produit\/mobilconcept-1-caisse-claire-charleston\/#primaryimage\"},\"image\":{\"@id\":\"https:\/\/soundrums-france.com\/index.php\/produit\/mobilconcept-1-caisse-claire-charleston\/#primaryimage\"},\"thumbnailUrl\":\"https:\/\/soundrums-france.com\/wp-content\/uploads\/2021\/06\/MC1-CCL03.webp\",\"datePublished\":\"2021-06-06T20:00:00+00:00\",\"dateModified\":\"2025-06-23T08:33:15+00:00\",\"description\":\"Venez d\u00e9couvrir notre Mobil'Concept #1 = Caisse-claire + Accessoire(s) haute de gamme.\",\"breadcrumb\":{\"@id\":\"https:\/\/soundrums-france.com\/index.php\/produit\/mobilconcept-1-caisse-claire-charleston\/#breadcrumb\"},\"inLanguage\":\"fr-FR\",\"potentialAction\":[{\"@type\":\"ReadAction\",\"target\":[\"https:\/\/soundrums-france.com\/index.php\/produit\/mobilconcept-1-caisse-claire-charleston\/\"]}]},{\"@type\":\"ImageObject\",\"inLanguage\":\"fr-FR\",\"@id\":\"https:\/\/soundrums-france.com\/index.php\/produit\/mobilconcept-1-caisse-claire-charleston\/#primaryimage\",\"url\":\"https:\/\/soundrums-france.com\/wp-content\/uploads\/2021\/06\/MC1-CCL03.webp\",\"contentUrl\":\"https:\/\/soundrums-france.com\/wp-content\/uploads\/2021\/06\/MC1-CCL03.webp\",\"width\":800,\"height\":800,\"caption\":\"Les Mobil\u2019Concept #1\"},{\"@type\":\"BreadcrumbList\",\"@id\":\"https:\/\/soundrums-france.com\/index.php\/produit\/mobilconcept-1-caisse-claire-charleston\/#breadcrumb\",\"itemListElement\":[{\"@type\":\"ListItem\",\"position\":1,\"name\":\"Accueil\",\"item\":\"https:\/\/soundrums-france.com\/\"},{\"@type\":\"ListItem\",\"position\":2,\"name\":\"Des produits\",\"item\":\"https:\/\/soundrums-france.com\/index.php\/shop\/\"},{\"@type\":\"ListItem\",\"position\":3,\"name\":\"Mobil&rsquo;Concept #1 = Caisse-claire + Accessoire(s)\"}]},{\"@type\":\"WebSite\",\"@id\":\"https:\/\/soundrums-france.com\/#website\",\"url\":\"https:\/\/soundrums-france.com\/\",\"name\":\"Soundrums\",\"description\":\"Manufacture Fran\u00e7aise de tambours\",\"publisher\":{\"@id\":\"https:\/\/soundrums-france.com\/#organization\"},\"potentialAction\":[{\"@type\":\"SearchAction\",\"target\":{\"@type\":\"EntryPoint\",\"urlTemplate\":\"https:\/\/soundrums-france.com\/?s={search_term_string}\"},\"query-input\":{\"@type\":\"PropertyValueSpecification\",\"valueRequired\":true,\"valueName\":\"search_term_string\"}}],\"inLanguage\":\"fr-FR\"},{\"@type\":\"Organization\",\"@id\":\"https:\/\/soundrums-france.com\/#organization\",\"name\":\"Soundrums-france\",\"url\":\"https:\/\/soundrums-france.com\/\",\"logo\":{\"@type\":\"ImageObject\",\"inLanguage\":\"fr-FR\",\"@id\":\"https:\/\/soundrums-france.com\/#\/schema\/logo\/image\/\",\"url\":\"https:\/\/soundrums-france.com\/wp-content\/uploads\/2020\/10\/LogoSD_HD.jpg\",\"contentUrl\":\"https:\/\/soundrums-france.com\/wp-content\/uploads\/2020\/10\/LogoSD_HD.jpg\",\"width\":1280,\"height\":930,\"caption\":\"Soundrums-france\"},\"image\":{\"@id\":\"https:\/\/soundrums-france.com\/#\/schema\/logo\/image\/\"},\"sameAs\":[\"https:\/\/www.facebook.com\/soundrums\/\",\"https:\/\/www.youtube.com\/channel\/UC4S_W_0ZCdUFH3Y9xkv5bEw\"]}]}<\/script>\n<!-- \/ Yoast SEO plugin. -->","yoast_head_json":{"title":"Mobil'Concept #1 = Caisse-claire + Accessoire(s) - Soundrums","description":"Venez d\u00e9couvrir notre Mobil'Concept #1 = Caisse-claire + Accessoire(s) haute de gamme.","robots":{"index":"index","follow":"follow","max-snippet":"max-snippet:-1","max-image-preview":"max-image-preview:large","max-video-preview":"max-video-preview:-1"},"canonical":"https:\/\/soundrums-france.com\/index.php\/produit\/mobilconcept-1-caisse-claire-charleston\/","og_locale":"fr_FR","og_type":"article","og_title":"Mobil'Concept #1 = Caisse-claire + Accessoire(s) - Soundrums","og_description":"Venez d\u00e9couvrir notre Mobil'Concept #1 = Caisse-claire + Accessoire(s) haute de gamme.","og_url":"https:\/\/soundrums-france.com\/index.php\/produit\/mobilconcept-1-caisse-claire-charleston\/","og_site_name":"Soundrums","article_publisher":"https:\/\/www.facebook.com\/soundrums\/","article_modified_time":"2025-06-23T08:33:15+00:00","og_image":[{"width":800,"height":800,"url":"https:\/\/soundrums-france.com\/wp-content\/uploads\/2021\/06\/MC1-CCL03.webp","type":"image\/jpeg"}],"twitter_card":"summary_large_image","twitter_misc":{"Dur\u00e9e de lecture estim\u00e9e":"1 minute"},"schema":{"@context":"https:\/\/schema.org","@graph":[{"@type":"WebPage","@id":"https:\/\/soundrums-france.com\/index.php\/produit\/mobilconcept-1-caisse-claire-charleston\/","url":"https:\/\/soundrums-france.com\/index.php\/produit\/mobilconcept-1-caisse-claire-charleston\/","name":"Mobil'Concept #1 = Caisse-claire + Accessoire(s) - Soundrums","isPartOf":{"@id":"https:\/\/soundrums-france.com\/#website"},"primaryImageOfPage":{"@id":"https:\/\/soundrums-france.com\/index.php\/produit\/mobilconcept-1-caisse-claire-charleston\/#primaryimage"},"image":{"@id":"https:\/\/soundrums-france.com\/index.php\/produit\/mobilconcept-1-caisse-claire-charleston\/#primaryimage"},"thumbnailUrl":"https:\/\/soundrums-france.com\/wp-content\/uploads\/2021\/06\/MC1-CCL03.webp","datePublished":"2021-06-06T20:00:00+00:00","dateModified":"2025-06-23T08:33:15+00:00","description":"Venez d\u00e9couvrir notre Mobil'Concept #1 = Caisse-claire + Accessoire(s) haute de gamme.","breadcrumb":{"@id":"https:\/\/soundrums-france.com\/index.php\/produit\/mobilconcept-1-caisse-claire-charleston\/#breadcrumb"},"inLanguage":"fr-FR","potentialAction":[{"@type":"ReadAction","target":["https:\/\/soundrums-france.com\/index.php\/produit\/mobilconcept-1-caisse-claire-charleston\/"]}]},{"@type":"ImageObject","inLanguage":"fr-FR","@id":"https:\/\/soundrums-france.com\/index.php\/produit\/mobilconcept-1-caisse-claire-charleston\/#primaryimage","url":"https:\/\/soundrums-france.com\/wp-content\/uploads\/2021\/06\/MC1-CCL03.webp","contentUrl":"https:\/\/soundrums-france.com\/wp-content\/uploads\/2021\/06\/MC1-CCL03.webp","width":800,"height":800,"caption":"Les Mobil\u2019Concept #1"},{"@type":"BreadcrumbList","@id":"https:\/\/soundrums-france.com\/index.php\/produit\/mobilconcept-1-caisse-claire-charleston\/#breadcrumb","itemListElement":[{"@type":"ListItem","position":1,"name":"Accueil","item":"https:\/\/soundrums-france.com\/"},{"@type":"ListItem","position":2,"name":"Des produits","item":"https:\/\/soundrums-france.com\/index.php\/shop\/"},{"@type":"ListItem","position":3,"name":"Mobil&rsquo;Concept #1 = Caisse-claire + Accessoire(s)"}]},{"@type":"WebSite","@id":"https:\/\/soundrums-france.com\/#website","url":"https:\/\/soundrums-france.com\/","name":"Soundrums","description":"Manufacture Fran\u00e7aise de tambours","publisher":{"@id":"https:\/\/soundrums-france.com\/#organization"},"potentialAction":[{"@type":"SearchAction","target":{"@type":"EntryPoint","urlTemplate":"https:\/\/soundrums-france.com\/?s={search_term_string}"},"query-input":{"@type":"PropertyValueSpecification","valueRequired":true,"valueName":"search_term_string"}}],"inLanguage":"fr-FR"},{"@type":"Organization","@id":"https:\/\/soundrums-france.com\/#organization","name":"Soundrums-france","url":"https:\/\/soundrums-france.com\/","logo":{"@type":"ImageObject","inLanguage":"fr-FR","@id":"https:\/\/soundrums-france.com\/#\/schema\/logo\/image\/","url":"https:\/\/soundrums-france.com\/wp-content\/uploads\/2020\/10\/LogoSD_HD.jpg","contentUrl":"https:\/\/soundrums-france.com\/wp-content\/uploads\/2020\/10\/LogoSD_HD.jpg","width":1280,"height":930,"caption":"Soundrums-france"},"image":{"@id":"https:\/\/soundrums-france.com\/#\/schema\/logo\/image\/"},"sameAs":["https:\/\/www.facebook.com\/soundrums\/","https:\/\/www.youtube.com\/channel\/UC4S_W_0ZCdUFH3Y9xkv5bEw"]}]}},"uagb_featured_image_src":{"full":["https:\/\/soundrums-france.com\/wp-content\/uploads\/2021\/06\/MC1-CCL03.webp",800,800,false],"thumbnail":["https:\/\/soundrums-france.com\/wp-content\/uploads\/2021\/06\/MC1-CCL03-150x150.jpg",150,150,true],"medium":["https:\/\/soundrums-france.com\/wp-content\/uploads\/2021\/06\/MC1-CCL03-300x300.jpg",300,300,true],"medium_large":["https:\/\/soundrums-france.com\/wp-content\/uploads\/2021\/06\/MC1-CCL03-768x768.jpg",768,768,true],"large":["https:\/\/soundrums-france.com\/wp-content\/uploads\/2021\/06\/MC1-CCL03.webp",800,800,false],"1536x1536":["https:\/\/soundrums-france.com\/wp-content\/uploads\/2021\/06\/MC1-CCL03.webp",800,800,false],"2048x2048":["https:\/\/soundrums-france.com\/wp-content\/uploads\/2021\/06\/MC1-CCL03.webp",800,800,false],"woocommerce_thumbnail":["https:\/\/soundrums-france.com\/wp-content\/uploads\/2021\/06\/MC1-CCL03-300x300.jpg",300,300,true],"woocommerce_single":["https:\/\/soundrums-france.com\/wp-content\/uploads\/2021\/06\/MC1-CCL03-600x600.jpg",600,600,true],"woocommerce_gallery_thumbnail":["https:\/\/soundrums-france.com\/wp-content\/uploads\/2021\/06\/MC1-CCL03-100x100.jpg",100,100,true]},"uagb_author_info":{"display_name":"Emmanuel JAY","author_link":"https:\/\/soundrums-france.com\/index.php\/author\/"},"uagb_comment_info":0,"uagb_excerpt":"Les Mobil'Concept #1 comprend: Une caisse-claire 13\" X 5\" ultra light Le choix dans vos accessoires (HH, Block...) Le syst\u00e8me de fixation sur harnais adaptable au v\u00f4tre si besoin. TARIF SUR DEMANDE","wcpa_form_fields":{"wcpaData":{"product":{"product_price":0,"price_html":"","original_product_price":0,"price_including_tax":0,"price_excluding_tax":0,"product_id":{"parent":33181,"variation":false},"is_variable":false,"stock_status":"instock","stock_quantity":null,"parent_sku":"MC1-CCL-ACC","product_attributes":[],"custom_fields":[],"is_taxable":true,"product_name":"Mobil'Concept #1 = Caisse-claire + Accessoire(s)"},"fields":{"sec_369f6eabb9f3a7":{"extra":{"key":"sec_369f6eabb9f3a7","section_id":"sec_369f6eabb9f3a7","name":"Default","status":1,"cl_rule":"show","enableCl":false,"relations":[],"toggle":true,"title_tag":"h3","show_title":false,"showPrice":"default","form_id":33186,"form_rules":{"exclude_from_discount":false,"fee_label":"Frais","disp_hide_options_price":false,"disp_show_section_price":false,"disp_show_field_price":true,"layout_option":"standard","pric_use_as_fee":false,"process_fee_as":"woo_fee"},"layout_option":"standard"},"fields":[[{"type":"select","required":true,"elementId":"wcpa-select-1623172207825","label":"Harnais","description":"","desc_type":true,"priceOptions":"different_for_all","pricingType":"fixed","name":"select-1623172207825","cl_rule":"show","col":6,"values":[{"label":"Aucun harnais, j'ai ce qu'il faut.","value":"Option - 1","price":"0","pimage":"","pimage_id":"","pthumb":"","gt_translate_keys":["label"]},{"label":"Je n'ai pas de harnais, merci de me conseiller. ","value":"option-2","price":"0","pimage":"","pimage_id":"","pthumb":"","gt_translate_keys":["label"]}],"relations":false,"active":true,"tooltip":"Avez-vous un harnais ou souhaitez-vous en ajouter un ?","gt_translate_keys":["label","description","tooltip"],"price_dependency":false,"cl_dependency":false,"value":""}],[{"type":"textarea","elementId":"wcpa-textarea-1625218207914","label":"Vous d\u00e9sirez une cr\u00e9ation et un chiffrage personnalis\u00e9s en plus du kit de base? Laissez-nous vos instructions, on s'occupe de tout !","pricingType":"fixed","name":"textarea-1625218207914","cl_rule":"show","col":6,"relations":false,"active":true,"tooltip":"","gt_translate_keys":["label","tooltip"],"price_dependency":false,"cl_dependency":false,"value":""}],[{"type":"content","subtype":"div","label":"","elementId":"wcpa-paragraph-1625218509494","pricingType":"fixed","cl_rule":"show","col":6,"relations":false,"active":true,"tooltip":"","value":"Vous pouvez s\u00e9lectionner vos accessoires qui peuvent \u00eatre pr\u00e9-mont\u00e9s sur votre Kit Mobil'Concept. ","name":"wcpa-paragraph-1625218509494","contentType":"plain","gt_translate_keys":["label","value","tooltip"],"price_dependency":false,"cl_dependency":false}],[{"type":"image-group","label":"Ajoutez vos options\/accessoires en s\u00e9lectionnant l'image.","elementId":"wcpa-image-group-1623172133509","description":"","desc_type":true,"enablePrice":true,"priceOptions":"different_for_all","pricingType":"fixed","img_preview":true,"enable_popup":"no","multiple":true,"name":"image-group-1623172133509","disp_type":"square","img_selection_type":"outline","other_text":"Autre","cl_rule":"show","col":6,"values":[{"label":"Support l\u00e9ger accessoire droit pour cercle","price":"23","image":"https:\/\/soundrums-france.com\/wp-content\/uploads\/2021\/07\/supcercle.jpg","image_id":"33348","thumb":"https:\/\/soundrums-france.com\/wp-content\/uploads\/2021\/07\/supcercle-150x150.jpg","value":"0","thumb_src":"https:\/\/soundrums-france.com\/wp-content\/uploads\/2021\/07\/supcercle.jpg","gt_translate_keys":["label"]},{"label":"Support l\u00e9ger accessoire Z pour cercle","price":"26","image":"https:\/\/soundrums-france.com\/wp-content\/uploads\/2023\/05\/accessoire-mobil-access.jpg","image_id":"34053","thumb":"https:\/\/soundrums-france.com\/wp-content\/uploads\/2023\/05\/accessoire-mobil-access-150x150.jpg","value":"1","thumb_src":"https:\/\/soundrums-france.com\/wp-content\/uploads\/2023\/05\/accessoire-mobil-access.jpg","gt_translate_keys":["label"]},{"label":"Support l\u00e9ger de charleston ou cymbale (sans cymbale)","price":"69","image":"https:\/\/soundrums-france.com\/wp-content\/uploads\/2023\/05\/accessoire-mobil-HH.jpg","image_id":"34054","thumb":"https:\/\/soundrums-france.com\/wp-content\/uploads\/2023\/05\/accessoire-mobil-HH-150x150.jpg","value":"2","thumb_src":"https:\/\/soundrums-france.com\/wp-content\/uploads\/2023\/05\/accessoire-mobil-HH.jpg","gt_translate_keys":["label"]},{"label":"Support l\u00e9ger de cymbales pour cercle","price":"69","image":"https:\/\/soundrums-france.com\/wp-content\/uploads\/2023\/05\/accessoire-mobil-cymb3.jpg","image_id":"34055","thumb":"https:\/\/soundrums-france.com\/wp-content\/uploads\/2023\/05\/accessoire-mobil-cymb3-150x150.jpg","value":"3","thumb_src":"https:\/\/soundrums-france.com\/wp-content\/uploads\/2023\/05\/accessoire-mobil-cymb3.jpg","gt_translate_keys":["label"]},{"label":"Charleston HH 8\" PAISTE  - 465gr","price":"82","image":"https:\/\/soundrums-france.com\/wp-content\/uploads\/2021\/07\/HH8-soundrums.jpg","image_id":"33338","thumb":"https:\/\/soundrums-france.com\/wp-content\/uploads\/2021\/07\/HH8-soundrums-150x150.jpg","value":"4","thumb_src":"https:\/\/soundrums-france.com\/wp-content\/uploads\/2021\/07\/HH8-soundrums.jpg","gt_translate_keys":["label"]},{"label":"Charleston HH 10\" PAISTE  - 565gr","price":"96","image":"https:\/\/soundrums-france.com\/wp-content\/uploads\/2021\/07\/HH10-soundrums.jpg","image_id":"33337","thumb":"https:\/\/soundrums-france.com\/wp-content\/uploads\/2021\/07\/HH10-soundrums-150x150.jpg","value":"5","thumb_src":"https:\/\/soundrums-france.com\/wp-content\/uploads\/2021\/07\/HH10-soundrums.jpg","gt_translate_keys":["label"]},{"label":"HH effet 10\" PAISTE PST-X - 510gr","price":"132","image":"https:\/\/soundrums-france.com\/wp-content\/uploads\/2021\/07\/HH-paiste-PSTX.jpg","image_id":"33336","thumb":"https:\/\/soundrums-france.com\/wp-content\/uploads\/2021\/07\/HH-paiste-PSTX-150x150.jpg","value":"6","thumb_src":"https:\/\/soundrums-france.com\/wp-content\/uploads\/2021\/07\/HH-paiste-PSTX.jpg","gt_translate_keys":["label"]},{"label":"Cymbale PAISTE Splash 10\" - 283gr","price":"48","image":"https:\/\/soundrums-france.com\/wp-content\/uploads\/2021\/07\/splash.jpg","image_id":"33339","thumb":"https:\/\/soundrums-france.com\/wp-content\/uploads\/2021\/07\/splash-150x150.jpg","value":"7","thumb_src":"https:\/\/soundrums-france.com\/wp-content\/uploads\/2021\/07\/splash.jpg","gt_translate_keys":["label"]},{"label":"Cymbale PAISTE Crash 14\" - 579gr","price":"84","image":"https:\/\/soundrums-france.com\/wp-content\/uploads\/2021\/07\/Cym14-soundrums.jpg","image_id":"33335","thumb":"https:\/\/soundrums-france.com\/wp-content\/uploads\/2021\/07\/Cym14-soundrums-150x150.jpg","value":"8","thumb_src":"https:\/\/soundrums-france.com\/wp-content\/uploads\/2021\/07\/Cym14-soundrums.jpg","gt_translate_keys":["label"]},{"label":"JAM BLOCK LP aigu bleu SEUL","price":"42","image":"https:\/\/soundrums-france.com\/wp-content\/uploads\/2021\/07\/jamblock-bleu.jpg","image_id":"33340","thumb":"https:\/\/soundrums-france.com\/wp-content\/uploads\/2021\/07\/jamblock-bleu-150x150.jpg","value":"9","thumb_src":"https:\/\/soundrums-france.com\/wp-content\/uploads\/2021\/07\/jamblock-bleu.jpg","gt_translate_keys":["label"]},{"label":"JAM BLOCK LP grave rouge SEUL","price":"51","image":"https:\/\/soundrums-france.com\/wp-content\/uploads\/2021\/07\/jamblock-rouge.jpg","image_id":"33341","thumb":"https:\/\/soundrums-france.com\/wp-content\/uploads\/2021\/07\/jamblock-rouge-150x150.jpg","value":"10","thumb_src":"https:\/\/soundrums-france.com\/wp-content\/uploads\/2021\/07\/jamblock-rouge.jpg","gt_translate_keys":["label"]},{"label":"Jam Tamb LP (mini tambourin) SEUL","price":"63","image":"https:\/\/soundrums-france.com\/wp-content\/uploads\/2021\/07\/jamblock.jpg","image_id":"33342","thumb":"https:\/\/soundrums-france.com\/wp-content\/uploads\/2021\/07\/jamblock-150x150.jpg","value":"11","thumb_src":"https:\/\/soundrums-france.com\/wp-content\/uploads\/2021\/07\/jamblock.jpg","gt_translate_keys":["label"]},{"label":"Petite cloche SEULE","price":"45","image":"https:\/\/soundrums-france.com\/wp-content\/uploads\/2023\/05\/cloche-LP.jpg","image_id":"34056","thumb":"https:\/\/soundrums-france.com\/wp-content\/uploads\/2023\/05\/cloche-LP-150x150.jpg","value":"12","thumb_src":"https:\/\/soundrums-france.com\/wp-content\/uploads\/2023\/05\/cloche-LP.jpg","gt_translate_keys":["label"]},{"label":"Castagnettes SEULES","price":"47","image":"https:\/\/soundrums-france.com\/wp-content\/uploads\/2023\/05\/accessoire-mobil-castagnettes.jpg","image_id":"34057","thumb":"https:\/\/soundrums-france.com\/wp-content\/uploads\/2023\/05\/accessoire-mobil-castagnettes-150x150.jpg","value":"13","thumb_src":"https:\/\/soundrums-france.com\/wp-content\/uploads\/2023\/05\/accessoire-mobil-castagnettes.jpg","gt_translate_keys":["label"]}],"relations":false,"active":true,"tooltip":"Ajouter les accessoires que vous souhaitez.","layOut":"","disp_size_img":{"width":"","height":""},"gt_translate_keys":["label","description","tooltip"],"price_dependency":false,"cl_dependency":false,"value":""}]]}},"config":{"price_override":"","enable_recaptcha":false,"bind_quantity":false,"quantity_bind_formula":false,"disp_summ_show_option_price":true,"disp_summ_show_product_price":true,"disp_summ_show_total_price":true,"disp_summ_show_fee":false,"disp_summ_show_discount":false,"summary_title":"","options_total_label":"Montant des options","total_label":"Total","options_product_label":"Prix du produit","fee_label":"Frais","discount_label":"Discount","has_price":true,"has_quantity_formula":false},"mc_unit":1,"tax_rate":1,"tax_rate_real":0.2,"discount":{"percentage":0,"fixed":0},"design":{"conf":{"LabelPosition":"above","DescPosition":"left","UploadField":"custom_1","QuantityFieldStyle":"default"},"css":{"LeftLabelWidth":"120px"}},"formulas":[],"clones":false,"cartKey":false}},"_links":{"self":[{"href":"https:\/\/soundrums-france.com\/index.php\/wp-json\/wp\/v2\/product\/33181","targetHints":{"allow":["GET"]}}],"collection":[{"href":"https:\/\/soundrums-france.com\/index.php\/wp-json\/wp\/v2\/product"}],"about":[{"href":"https:\/\/soundrums-france.com\/index.php\/wp-json\/wp\/v2\/types\/product"}],"replies":[{"embeddable":true,"href":"https:\/\/soundrums-france.com\/index.php\/wp-json\/wp\/v2\/comments?post=33181"}],"version-history":[{"count":2,"href":"https:\/\/soundrums-france.com\/index.php\/wp-json\/wp\/v2\/product\/33181\/revisions"}],"predecessor-version":[{"id":38312,"href":"https:\/\/soundrums-france.com\/index.php\/wp-json\/wp\/v2\/product\/33181\/revisions\/38312"}],"wp:featuredmedia":[{"embeddable":true,"href":"https:\/\/soundrums-france.com\/index.php\/wp-json\/wp\/v2\/media\/33882"}],"wp:attachment":[{"href":"https:\/\/soundrums-france.com\/index.php\/wp-json\/wp\/v2\/media?parent=33181"}],"wp:term":[{"taxonomy":"product_cat","embeddable":true,"href":"https:\/\/soundrums-france.com\/index.php\/wp-json\/wp\/v2\/product_cat?post=33181"},{"taxonomy":"product_tag","embeddable":true,"href":"https:\/\/soundrums-france.com\/index.php\/wp-json\/wp\/v2\/product_tag?post=33181"}],"curies":[{"name":"wp","href":"https:\/\/api.w.org\/{rel}","templated":true}]}}