{"id":33274,"date":"2021-06-25T07:56:04","date_gmt":"2021-06-25T05:56:04","guid":{"rendered":"https:\/\/soundrums-france.com\/?post_type=product&#038;p=33274"},"modified":"2024-12-10T15:19:58","modified_gmt":"2024-12-10T14:19:58","slug":"grosse-caisse-alusound-20x14","status":"publish","type":"product","link":"https:\/\/soundrums-france.com\/index.php\/produit\/grosse-caisse-alusound-20x14\/","title":{"rendered":"Grosse-Caisse Alusound &#8211; 20&Prime;x14&Prime;"},"content":{"rendered":"<p>Nos <strong>grosses-caisses \u00ab\u00a0Alusound\u00a0\u00bb\u00a0 <\/strong>vous proposent une r\u00e9volution sonore !\u00a0 Avec une excellente <strong>maitrise harmonique avec les r\u00e9partiteurs Soundrums<span class=\"aCOpRe\"><strong>\u00ae<\/strong>,<\/span><\/strong> une projection ronde et puissante, cet instrument pourra s&rsquo;adapter dans tous les styles et contextes.<\/p>\n<p>Sa r\u00e9ponse est excellente gr\u00e2ce au soin apport\u00e9 au choix des peaux et au f\u00fbt \u00ab\u00a0Alusound\u00a0\u00bb. Les fr\u00e9quences basses sont bien pr\u00e9sentes et \u00e9quilibr\u00e9es.<\/p>\n<p>Facile \u00e0 accorder gr\u00e2ce \u00e0 ses 10 tirants, cette superbe grosse caisse vous suivra partout gr\u00e2ce \u00e0 son faible poids.<\/p>\n","protected":false},"excerpt":{"rendered":"<p><strong>Grosse-caisse 20&Prime;X14&Prime; Alusound <\/strong><\/p>\n<ul>\n<li>F\u00fbt Alusound 100% fran\u00e7ais &#8211; 20&Prime; x 14&Prime;<\/li>\n<li>R\u00e9partiteurs harmoniques Soundrums<strong><span class=\"aCOpRe\">\u00ae<\/span><\/strong><\/li>\n<li>Finition aluminium bross\u00e9e vernie<\/li>\n<li>Coquilles aluminium ultra light<\/li>\n<li>10 tirants &#8211; crochets frein\u00e9s<\/li>\n<li>Cercles en H\u00eatre vernis<\/li>\n<li>Peau <span class=\"aCOpRe\">Remo\u00ae ou Evans\u00ae <\/span>(modifiable sur demande)<\/li>\n<li>Projection sonore +++<\/li>\n<li>Pr\u00e9cision +++<\/li>\n<li>Fondamentale et basse +++<\/li>\n<\/ul>\n<p>&nbsp;<\/p>\n<p>&nbsp;<\/p>\n","protected":false},"featured_media":33277,"comment_status":"open","ping_status":"closed","template":"","meta":{"_uag_custom_page_level_css":"","site-sidebar-layout":"default","site-content-layout":"default","ast-global-header-display":"","ast-banner-title-visibility":"","ast-main-header-display":"","ast-hfb-above-header-display":"","ast-hfb-below-header-display":"","ast-hfb-mobile-header-display":"","site-post-title":"","ast-breadcrumbs-content":"","ast-featured-img":"","footer-sml-layout":"","theme-transparent-header-meta":"","adv-header-id-meta":"","stick-header-meta":"","header-above-stick-meta":"","header-main-stick-meta":"","header-below-stick-meta":""},"product_cat":[186,266,233],"product_tag":[],"class_list":{"0":"post-33274","1":"product","2":"type-product","3":"status-publish","4":"has-post-thumbnail","6":"product_cat-instruments","7":"product_cat-grosse-caisse-a-corde-et-a-coquille","8":"product_cat-grosse_caisse","9":"desktop-align-left","10":"tablet-align-left","11":"mobile-align-left","12":"wcpa_has_options","14":"first","15":"instock","16":"taxable","17":"shipping-taxable","18":"purchasable","19":"product-type-simple"},"yoast_head":"<!-- This site is optimized with the Yoast SEO plugin v24.1 - https:\/\/yoast.com\/wordpress\/plugins\/seo\/ -->\n<title>Grosse-Caisse Alusound - 20&quot;x14&quot; - Soundrums<\/title>\n<meta name=\"description\" content=\"Venez d\u00e9couvrir notre Grosse-Caisse Alusound - 20&quot;x14&quot; haute de gamme.\" \/>\n<meta name=\"robots\" content=\"index, follow, max-snippet:-1, max-image-preview:large, max-video-preview:-1\" \/>\n<link rel=\"canonical\" href=\"https:\/\/soundrums-france.com\/index.php\/produit\/grosse-caisse-alusound-20x14\/\" \/>\n<meta property=\"og:locale\" content=\"fr_FR\" \/>\n<meta property=\"og:type\" content=\"article\" \/>\n<meta property=\"og:title\" content=\"Grosse-Caisse Alusound - 20&quot;x14&quot; - Soundrums\" \/>\n<meta property=\"og:description\" content=\"Venez d\u00e9couvrir notre Grosse-Caisse Alusound - 20&quot;x14&quot; haute de gamme.\" \/>\n<meta property=\"og:url\" content=\"https:\/\/soundrums-france.com\/index.php\/produit\/grosse-caisse-alusound-20x14\/\" \/>\n<meta property=\"og:site_name\" content=\"Soundrums\" \/>\n<meta property=\"article:publisher\" content=\"https:\/\/www.facebook.com\/soundrums\/\" \/>\n<meta property=\"article:modified_time\" content=\"2024-12-10T14:19:58+00:00\" \/>\n<meta property=\"og:image\" content=\"https:\/\/soundrums-france.com\/wp-content\/uploads\/2021\/06\/GC03.jpg\" \/>\n\t<meta property=\"og:image:width\" content=\"1200\" \/>\n\t<meta property=\"og:image:height\" content=\"1200\" \/>\n\t<meta property=\"og:image:type\" content=\"image\/jpeg\" \/>\n<meta name=\"twitter:card\" content=\"summary_large_image\" \/>\n<meta name=\"twitter:label1\" content=\"Dur\u00e9e de lecture estim\u00e9e\" \/>\n\t<meta name=\"twitter:data1\" content=\"1 minute\" \/>\n<script type=\"application\/ld+json\" class=\"yoast-schema-graph\">{\"@context\":\"https:\/\/schema.org\",\"@graph\":[{\"@type\":\"WebPage\",\"@id\":\"https:\/\/soundrums-france.com\/index.php\/produit\/grosse-caisse-alusound-20x14\/\",\"url\":\"https:\/\/soundrums-france.com\/index.php\/produit\/grosse-caisse-alusound-20x14\/\",\"name\":\"Grosse-Caisse Alusound - 20\\\"x14\\\" - Soundrums\",\"isPartOf\":{\"@id\":\"https:\/\/soundrums-france.com\/#website\"},\"primaryImageOfPage\":{\"@id\":\"https:\/\/soundrums-france.com\/index.php\/produit\/grosse-caisse-alusound-20x14\/#primaryimage\"},\"image\":{\"@id\":\"https:\/\/soundrums-france.com\/index.php\/produit\/grosse-caisse-alusound-20x14\/#primaryimage\"},\"thumbnailUrl\":\"https:\/\/soundrums-france.com\/wp-content\/uploads\/2021\/06\/GC03.webp\",\"datePublished\":\"2021-06-25T05:56:04+00:00\",\"dateModified\":\"2024-12-10T14:19:58+00:00\",\"description\":\"Venez d\u00e9couvrir notre Grosse-Caisse Alusound - 20\\\"x14\\\" haute de gamme.\",\"breadcrumb\":{\"@id\":\"https:\/\/soundrums-france.com\/index.php\/produit\/grosse-caisse-alusound-20x14\/#breadcrumb\"},\"inLanguage\":\"fr-FR\",\"potentialAction\":[{\"@type\":\"ReadAction\",\"target\":[\"https:\/\/soundrums-france.com\/index.php\/produit\/grosse-caisse-alusound-20x14\/\"]}]},{\"@type\":\"ImageObject\",\"inLanguage\":\"fr-FR\",\"@id\":\"https:\/\/soundrums-france.com\/index.php\/produit\/grosse-caisse-alusound-20x14\/#primaryimage\",\"url\":\"https:\/\/soundrums-france.com\/wp-content\/uploads\/2021\/06\/GC03.webp\",\"contentUrl\":\"https:\/\/soundrums-france.com\/wp-content\/uploads\/2021\/06\/GC03.webp\",\"width\":1200,\"height\":1200,\"caption\":\"Grosse caisse Alusound de SOUNDRUMS\"},{\"@type\":\"BreadcrumbList\",\"@id\":\"https:\/\/soundrums-france.com\/index.php\/produit\/grosse-caisse-alusound-20x14\/#breadcrumb\",\"itemListElement\":[{\"@type\":\"ListItem\",\"position\":1,\"name\":\"Accueil\",\"item\":\"https:\/\/soundrums-france.com\/\"},{\"@type\":\"ListItem\",\"position\":2,\"name\":\"Des produits\",\"item\":\"https:\/\/soundrums-france.com\/index.php\/shop\/\"},{\"@type\":\"ListItem\",\"position\":3,\"name\":\"Grosse-Caisse Alusound &#8211; 20&Prime;x14&Prime;\"}]},{\"@type\":\"WebSite\",\"@id\":\"https:\/\/soundrums-france.com\/#website\",\"url\":\"https:\/\/soundrums-france.com\/\",\"name\":\"Soundrums\",\"description\":\"Manufacture Fran\u00e7aise de tambours\",\"publisher\":{\"@id\":\"https:\/\/soundrums-france.com\/#organization\"},\"potentialAction\":[{\"@type\":\"SearchAction\",\"target\":{\"@type\":\"EntryPoint\",\"urlTemplate\":\"https:\/\/soundrums-france.com\/?s={search_term_string}\"},\"query-input\":{\"@type\":\"PropertyValueSpecification\",\"valueRequired\":true,\"valueName\":\"search_term_string\"}}],\"inLanguage\":\"fr-FR\"},{\"@type\":\"Organization\",\"@id\":\"https:\/\/soundrums-france.com\/#organization\",\"name\":\"Soundrums-france\",\"url\":\"https:\/\/soundrums-france.com\/\",\"logo\":{\"@type\":\"ImageObject\",\"inLanguage\":\"fr-FR\",\"@id\":\"https:\/\/soundrums-france.com\/#\/schema\/logo\/image\/\",\"url\":\"https:\/\/soundrums-france.com\/wp-content\/uploads\/2020\/10\/LogoSD_HD.jpg\",\"contentUrl\":\"https:\/\/soundrums-france.com\/wp-content\/uploads\/2020\/10\/LogoSD_HD.jpg\",\"width\":1280,\"height\":930,\"caption\":\"Soundrums-france\"},\"image\":{\"@id\":\"https:\/\/soundrums-france.com\/#\/schema\/logo\/image\/\"},\"sameAs\":[\"https:\/\/www.facebook.com\/soundrums\/\",\"https:\/\/www.youtube.com\/channel\/UC4S_W_0ZCdUFH3Y9xkv5bEw\"]}]}<\/script>\n<!-- \/ Yoast SEO plugin. -->","yoast_head_json":{"title":"Grosse-Caisse Alusound - 20\"x14\" - Soundrums","description":"Venez d\u00e9couvrir notre Grosse-Caisse Alusound - 20\"x14\" haute de gamme.","robots":{"index":"index","follow":"follow","max-snippet":"max-snippet:-1","max-image-preview":"max-image-preview:large","max-video-preview":"max-video-preview:-1"},"canonical":"https:\/\/soundrums-france.com\/index.php\/produit\/grosse-caisse-alusound-20x14\/","og_locale":"fr_FR","og_type":"article","og_title":"Grosse-Caisse Alusound - 20\"x14\" - Soundrums","og_description":"Venez d\u00e9couvrir notre Grosse-Caisse Alusound - 20\"x14\" haute de gamme.","og_url":"https:\/\/soundrums-france.com\/index.php\/produit\/grosse-caisse-alusound-20x14\/","og_site_name":"Soundrums","article_publisher":"https:\/\/www.facebook.com\/soundrums\/","article_modified_time":"2024-12-10T14:19:58+00:00","og_image":[{"width":1200,"height":1200,"url":"https:\/\/soundrums-france.com\/wp-content\/uploads\/2021\/06\/GC03.jpg","type":"image\/jpeg"}],"twitter_card":"summary_large_image","twitter_misc":{"Dur\u00e9e de lecture estim\u00e9e":"1 minute"},"schema":{"@context":"https:\/\/schema.org","@graph":[{"@type":"WebPage","@id":"https:\/\/soundrums-france.com\/index.php\/produit\/grosse-caisse-alusound-20x14\/","url":"https:\/\/soundrums-france.com\/index.php\/produit\/grosse-caisse-alusound-20x14\/","name":"Grosse-Caisse Alusound - 20\"x14\" - Soundrums","isPartOf":{"@id":"https:\/\/soundrums-france.com\/#website"},"primaryImageOfPage":{"@id":"https:\/\/soundrums-france.com\/index.php\/produit\/grosse-caisse-alusound-20x14\/#primaryimage"},"image":{"@id":"https:\/\/soundrums-france.com\/index.php\/produit\/grosse-caisse-alusound-20x14\/#primaryimage"},"thumbnailUrl":"https:\/\/soundrums-france.com\/wp-content\/uploads\/2021\/06\/GC03.webp","datePublished":"2021-06-25T05:56:04+00:00","dateModified":"2024-12-10T14:19:58+00:00","description":"Venez d\u00e9couvrir notre Grosse-Caisse Alusound - 20\"x14\" haute de gamme.","breadcrumb":{"@id":"https:\/\/soundrums-france.com\/index.php\/produit\/grosse-caisse-alusound-20x14\/#breadcrumb"},"inLanguage":"fr-FR","potentialAction":[{"@type":"ReadAction","target":["https:\/\/soundrums-france.com\/index.php\/produit\/grosse-caisse-alusound-20x14\/"]}]},{"@type":"ImageObject","inLanguage":"fr-FR","@id":"https:\/\/soundrums-france.com\/index.php\/produit\/grosse-caisse-alusound-20x14\/#primaryimage","url":"https:\/\/soundrums-france.com\/wp-content\/uploads\/2021\/06\/GC03.webp","contentUrl":"https:\/\/soundrums-france.com\/wp-content\/uploads\/2021\/06\/GC03.webp","width":1200,"height":1200,"caption":"Grosse caisse Alusound de SOUNDRUMS"},{"@type":"BreadcrumbList","@id":"https:\/\/soundrums-france.com\/index.php\/produit\/grosse-caisse-alusound-20x14\/#breadcrumb","itemListElement":[{"@type":"ListItem","position":1,"name":"Accueil","item":"https:\/\/soundrums-france.com\/"},{"@type":"ListItem","position":2,"name":"Des produits","item":"https:\/\/soundrums-france.com\/index.php\/shop\/"},{"@type":"ListItem","position":3,"name":"Grosse-Caisse Alusound &#8211; 20&Prime;x14&Prime;"}]},{"@type":"WebSite","@id":"https:\/\/soundrums-france.com\/#website","url":"https:\/\/soundrums-france.com\/","name":"Soundrums","description":"Manufacture Fran\u00e7aise de tambours","publisher":{"@id":"https:\/\/soundrums-france.com\/#organization"},"potentialAction":[{"@type":"SearchAction","target":{"@type":"EntryPoint","urlTemplate":"https:\/\/soundrums-france.com\/?s={search_term_string}"},"query-input":{"@type":"PropertyValueSpecification","valueRequired":true,"valueName":"search_term_string"}}],"inLanguage":"fr-FR"},{"@type":"Organization","@id":"https:\/\/soundrums-france.com\/#organization","name":"Soundrums-france","url":"https:\/\/soundrums-france.com\/","logo":{"@type":"ImageObject","inLanguage":"fr-FR","@id":"https:\/\/soundrums-france.com\/#\/schema\/logo\/image\/","url":"https:\/\/soundrums-france.com\/wp-content\/uploads\/2020\/10\/LogoSD_HD.jpg","contentUrl":"https:\/\/soundrums-france.com\/wp-content\/uploads\/2020\/10\/LogoSD_HD.jpg","width":1280,"height":930,"caption":"Soundrums-france"},"image":{"@id":"https:\/\/soundrums-france.com\/#\/schema\/logo\/image\/"},"sameAs":["https:\/\/www.facebook.com\/soundrums\/","https:\/\/www.youtube.com\/channel\/UC4S_W_0ZCdUFH3Y9xkv5bEw"]}]}},"uagb_featured_image_src":{"full":["https:\/\/soundrums-france.com\/wp-content\/uploads\/2021\/06\/GC03.webp",1200,1200,false],"thumbnail":["https:\/\/soundrums-france.com\/wp-content\/uploads\/2021\/06\/GC03-150x150.jpg",150,150,true],"medium":["https:\/\/soundrums-france.com\/wp-content\/uploads\/2021\/06\/GC03-300x300.jpg",300,300,true],"medium_large":["https:\/\/soundrums-france.com\/wp-content\/uploads\/2021\/06\/GC03-768x768.jpg",768,768,true],"large":["https:\/\/soundrums-france.com\/wp-content\/uploads\/2021\/06\/GC03-1024x1024.jpg",1024,1024,true],"1536x1536":["https:\/\/soundrums-france.com\/wp-content\/uploads\/2021\/06\/GC03.webp",1200,1200,false],"2048x2048":["https:\/\/soundrums-france.com\/wp-content\/uploads\/2021\/06\/GC03.webp",1200,1200,false],"woocommerce_thumbnail":["https:\/\/soundrums-france.com\/wp-content\/uploads\/2021\/06\/GC03-300x300.jpg",300,300,true],"woocommerce_single":["https:\/\/soundrums-france.com\/wp-content\/uploads\/2021\/06\/GC03-600x600.jpg",600,600,true],"woocommerce_gallery_thumbnail":["https:\/\/soundrums-france.com\/wp-content\/uploads\/2021\/06\/GC03-100x100.jpg",100,100,true]},"uagb_author_info":{"display_name":"Emmanuel JAY","author_link":"https:\/\/soundrums-france.com\/index.php\/author\/"},"uagb_comment_info":0,"uagb_excerpt":"Grosse-caisse 20\"X14\" Alusound F\u00fbt Alusound 100% fran\u00e7ais - 20\" x 14\" R\u00e9partiteurs harmoniques Soundrums\u00ae Finition aluminium bross\u00e9e vernie Coquilles aluminium ultra light 10 tirants - crochets frein\u00e9s Cercles en H\u00eatre vernis Peau Remo\u00ae ou Evans\u00ae (modifiable sur demande) Projection sonore +++ Pr\u00e9cision +++ Fondamentale et basse +++ &nbsp; &nbsp;","wcpa_form_fields":{"wcpaData":{"product":{"product_price":980,"price_html":"<span class=\"woocommerce-Price-amount amount\"><bdi>980,00<span class=\"woocommerce-Price-currencySymbol\">&euro;<\/span><\/bdi><\/span>","original_product_price":980,"price_including_tax":980,"price_excluding_tax":816.666667,"product_id":{"parent":33274,"variation":false},"is_variable":false,"stock_status":"instock","stock_quantity":null,"parent_sku":"GC20-14","product_attributes":[],"custom_fields":[],"is_taxable":true,"product_name":"Grosse-Caisse Alusound - 20\"x14\""},"fields":{"sec_969df79a21e4de":{"extra":{"key":"sec_969df79a21e4de","section_id":"sec_969df79a21e4de","name":"Default","status":1,"cl_rule":"show","enableCl":false,"relations":[],"toggle":true,"title_tag":"h3","show_title":false,"showPrice":"default","form_id":33466,"form_rules":{"exclude_from_discount":false,"fee_label":"Frais","disp_hide_options_price":false,"disp_show_section_price":false,"disp_show_field_price":true,"layout_option":"standard","pric_use_as_fee":false,"process_fee_as":"woo_fee"},"layout_option":"standard"},"fields":[[{"type":"image-group","required":true,"label":"Peinture","elementId":"wcpa-image-group-615af9f89de5d","description":"Choisissez votre peinture","inline":true,"enablePrice":true,"priceOptions":"different_for_all","pricingType":"fixed","disp_size_img":{"width":"70","height":""},"enable_popup":"all","name":"image-group-615af9f89de69","max_options":"1","disp_type":"square","img_selection_type":"outline","other_text":"Autre","cl_rule":"show","col":6,"values":[{"label":"Bleu nuit ","price":"0","image":"https:\/\/soundrums-france.com\/wp-content\/uploads\/2020\/11\/Bleu-nuit.jpg","image_id":"31855","thumb":"https:\/\/soundrums-france.com\/wp-content\/uploads\/2020\/11\/Bleu-nuit-150x150.jpg","value":"0","thumb_src":"https:\/\/soundrums-france.com\/wp-content\/uploads\/2020\/11\/Bleu-nuit-100x100.jpg","gt_translate_keys":["label"]},{"label":"Rouge rubis","price":"0","image":"https:\/\/soundrums-france.com\/wp-content\/uploads\/2020\/11\/rouge-rubis.jpg","image_id":"31856","thumb":"https:\/\/soundrums-france.com\/wp-content\/uploads\/2020\/11\/rouge-rubis-150x150.jpg","value":"1","thumb_src":"https:\/\/soundrums-france.com\/wp-content\/uploads\/2020\/11\/rouge-rubis-100x100.jpg","gt_translate_keys":["label"]},{"label":"Noir      ","price":"0","image":"https:\/\/soundrums-france.com\/wp-content\/uploads\/2020\/11\/Noir.jpg","image_id":"31853","thumb":"https:\/\/soundrums-france.com\/wp-content\/uploads\/2020\/11\/Noir-150x150.jpg","value":"2","thumb_src":"https:\/\/soundrums-france.com\/wp-content\/uploads\/2020\/11\/Noir-100x100.jpg","gt_translate_keys":["label"]},{"label":"Vert d'eau","price":"0","image":"https:\/\/soundrums-france.com\/wp-content\/uploads\/2020\/11\/Vert-deau.jpg","image_id":"31852","thumb":"https:\/\/soundrums-france.com\/wp-content\/uploads\/2020\/11\/Vert-deau-150x150.jpg","value":"3","thumb_src":"https:\/\/soundrums-france.com\/wp-content\/uploads\/2020\/11\/Vert-deau-100x100.jpg","gt_translate_keys":["label"]},{"label":"Blanc nacr\u00e9","price":"75","image":"https:\/\/soundrums-france.com\/wp-content\/uploads\/2020\/11\/Blanc-nacre.jpg","image_id":"31858","thumb":"https:\/\/soundrums-france.com\/wp-content\/uploads\/2020\/11\/Blanc-nacre-150x150.jpg","value":"4","thumb_src":"https:\/\/soundrums-france.com\/wp-content\/uploads\/2020\/11\/Blanc-nacre-100x100.jpg","gt_translate_keys":["label"]},{"label":"Champagne ","price":"0","image":"https:\/\/soundrums-france.com\/wp-content\/uploads\/2020\/11\/Champagne.jpg","image_id":"31851","thumb":"https:\/\/soundrums-france.com\/wp-content\/uploads\/2020\/11\/Champagne-150x150.jpg","value":"5","thumb_src":"https:\/\/soundrums-france.com\/wp-content\/uploads\/2020\/11\/Champagne-100x100.jpg","gt_translate_keys":["label"]},{"label":"Alu sabl\u00e9 ","price":"0","image":"https:\/\/soundrums-france.com\/wp-content\/uploads\/2020\/11\/Alu-sable.jpg","image_id":"31862","thumb":"https:\/\/soundrums-france.com\/wp-content\/uploads\/2020\/11\/Alu-sable-150x150.jpg","value":"6","thumb_src":"https:\/\/soundrums-france.com\/wp-content\/uploads\/2020\/11\/Alu-sable-100x100.jpg","gt_translate_keys":["label"]},{"label":"Alu bross\u00e9","price":"75","image":"https:\/\/soundrums-france.com\/wp-content\/uploads\/2020\/11\/Alu-Brosse.jpg","image_id":"31860","thumb":"https:\/\/soundrums-france.com\/wp-content\/uploads\/2020\/11\/Alu-Brosse-150x150.jpg","value":"7","thumb_src":"https:\/\/soundrums-france.com\/wp-content\/uploads\/2020\/11\/Alu-Brosse-100x100.jpg","gt_translate_keys":["label"]},{"label":"Bleu poudr\u00e9","price":"0","image":"https:\/\/soundrums-france.com\/wp-content\/uploads\/2020\/11\/Bleu-poudre.jpg","image_id":"31859","thumb":"https:\/\/soundrums-france.com\/wp-content\/uploads\/2020\/11\/Bleu-poudre-150x150.jpg","value":"8","thumb_src":"https:\/\/soundrums-france.com\/wp-content\/uploads\/2020\/11\/Bleu-poudre-100x100.jpg","gt_translate_keys":["label"]},{"label":"Gris anthracite","price":"0","image":"https:\/\/soundrums-france.com\/wp-content\/uploads\/2020\/11\/Gris-antracite.jpg","image_id":"31854","thumb":"https:\/\/soundrums-france.com\/wp-content\/uploads\/2020\/11\/Gris-antracite-150x150.jpg","value":"9","thumb_src":"https:\/\/soundrums-france.com\/wp-content\/uploads\/2020\/11\/Gris-antracite-100x100.jpg","gt_translate_keys":["label"]},{"label":"Gris perle","price":"35","image":"https:\/\/soundrums-france.com\/wp-content\/uploads\/2020\/11\/Gris-perle.jpg","image_id":"31857","thumb":"https:\/\/soundrums-france.com\/wp-content\/uploads\/2020\/11\/Gris-perle-150x150.jpg","value":"10","thumb_src":"https:\/\/soundrums-france.com\/wp-content\/uploads\/2020\/11\/Gris-perle-100x100.jpg","gt_translate_keys":["label"]},{"label":"Marbr\u00e9 rouge","price":"75","image":"https:\/\/soundrums-france.com\/wp-content\/uploads\/2021\/11\/marbre-370.jpg","image_id":"33569","thumb":"https:\/\/soundrums-france.com\/wp-content\/uploads\/2021\/11\/marbre-370-150x150.jpg","value":"11","thumb_src":"https:\/\/soundrums-france.com\/wp-content\/uploads\/2021\/11\/marbre-370-100x100.jpg","gt_translate_keys":["label"]},{"label":"Gold Graphic","price":"75","image":"https:\/\/soundrums-france.com\/wp-content\/uploads\/2021\/11\/gold.jpg","image_id":"33570","thumb":"https:\/\/soundrums-france.com\/wp-content\/uploads\/2021\/11\/gold-150x150.jpg","selected":true,"value":"12","thumb_src":"https:\/\/soundrums-france.com\/wp-content\/uploads\/2021\/11\/gold-100x100.jpg","gt_translate_keys":["label"]},{"label":"Sur mesure","price":"75","image":"https:\/\/soundrums-france.com\/wp-content\/uploads\/2021\/01\/Sur-Mesure.jpg","image_id":"32723","thumb":"https:\/\/soundrums-france.com\/wp-content\/uploads\/2021\/01\/Sur-Mesure-150x150.jpg","value":"13","thumb_src":"https:\/\/soundrums-france.com\/wp-content\/uploads\/2021\/01\/Sur-Mesure-100x100.jpg","gt_translate_keys":["label"]}],"relations":false,"active":true,"tooltip":"","layOut":"inline","gt_translate_keys":["label","description","tooltip"],"price_dependency":false,"cl_dependency":["wcpa-paragraph-615af9f89de73"],"value":""}],[{"type":"content","subtype":"div","label":"","elementId":"wcpa-paragraph-615af9f89de73","pricingType":"fixed","enableCl":true,"cl_rule":"show","col":6,"relations":[{"operator":false,"rules":[{"operator":false,"rules":{"cl_field":"wcpa-image-group-615af9f89de5d","cl_relation":"is","cl_val":"11"}}]}],"active":true,"tooltip":"","value":"Vous avez s\u00e9lectionn\u00e9 un coloris sur mesure. Nous reviendrons vers vous pour le choix de votre couleur.\n\n","name":"wcpa-paragraph-615af9f89de73","contentType":"plain","gt_translate_keys":["label","value","tooltip"],"price_dependency":false,"cl_dependency":false}],[{"type":"select","elementId":"wcpa-select-615af9f89de7c","label":"Finition","enablePrice":true,"priceOptions":"different_for_all","pricingType":"fixed","name":"select-615af9f89de85","cl_rule":"show","col":6,"values":[{"label":"Peinture simple","value":"option-1","price":"0","pimage":"","pimage_id":"","pthumb":"","gt_translate_keys":["label"]},{"label":"Peinture m\u00e9tallis\u00e9e","value":"option-2","price":"0","pimage":"","pimage_id":"","pthumb":"","gt_translate_keys":["label"]},{"label":"Peinture marbr\u00e9e","value":"option-3","price":"85","pimage":"","pimage_id":"","pthumb":"","gt_translate_keys":["label"]}],"relations":false,"active":true,"tooltip":"","gt_translate_keys":["label","tooltip"],"price_dependency":false,"cl_dependency":false,"value":""}],[{"type":"radio-group","elementId":"wcpa-radio-group-1633352507781","label":"Coloris du cercle","enablePrice":true,"priceOptions":"different_for_all","pricingType":"fixed","name":"radio-group-1633352507781","other_text":"Autre","cl_rule":"show","col":6,"values":[{"label":"Bois vernis","value":"option-1","price":"0","pimage":"","pimage_id":"","pthumb":"","gt_translate_keys":["label"]},{"label":"Coloris Noir","value":"option-2","price":"35","pimage":"","pimage_id":"","pthumb":"","gt_translate_keys":["label"]},{"label":"Coloris au choix","value":"option-3","price":"55","pimage":"","pimage_id":"","pthumb":"","gt_translate_keys":["label"]}],"relations":false,"active":true,"tooltip":"","layOut":"","gt_translate_keys":["label","tooltip"],"price_dependency":false,"cl_dependency":false,"value":""}]]}},"config":{"price_override":"","enable_recaptcha":false,"bind_quantity":false,"quantity_bind_formula":false,"disp_summ_show_option_price":true,"disp_summ_show_product_price":true,"disp_summ_show_total_price":true,"disp_summ_show_fee":false,"disp_summ_show_discount":false,"summary_title":"","options_total_label":"Montant des options","total_label":"Total","options_product_label":"Prix du produit","fee_label":"Frais","discount_label":"Discount","has_price":true,"has_quantity_formula":false},"mc_unit":1,"tax_rate":1,"tax_rate_real":0.2,"discount":{"percentage":0,"fixed":0},"design":{"conf":{"LabelPosition":"above","DescPosition":"left","UploadField":"custom_1","QuantityFieldStyle":"default"},"css":{"LeftLabelWidth":"120px"}},"formulas":[],"clones":false,"cartKey":false}},"_links":{"self":[{"href":"https:\/\/soundrums-france.com\/index.php\/wp-json\/wp\/v2\/product\/33274","targetHints":{"allow":["GET"]}}],"collection":[{"href":"https:\/\/soundrums-france.com\/index.php\/wp-json\/wp\/v2\/product"}],"about":[{"href":"https:\/\/soundrums-france.com\/index.php\/wp-json\/wp\/v2\/types\/product"}],"replies":[{"embeddable":true,"href":"https:\/\/soundrums-france.com\/index.php\/wp-json\/wp\/v2\/comments?post=33274"}],"version-history":[{"count":2,"href":"https:\/\/soundrums-france.com\/index.php\/wp-json\/wp\/v2\/product\/33274\/revisions"}],"predecessor-version":[{"id":36861,"href":"https:\/\/soundrums-france.com\/index.php\/wp-json\/wp\/v2\/product\/33274\/revisions\/36861"}],"wp:featuredmedia":[{"embeddable":true,"href":"https:\/\/soundrums-france.com\/index.php\/wp-json\/wp\/v2\/media\/33277"}],"wp:attachment":[{"href":"https:\/\/soundrums-france.com\/index.php\/wp-json\/wp\/v2\/media?parent=33274"}],"wp:term":[{"taxonomy":"product_cat","embeddable":true,"href":"https:\/\/soundrums-france.com\/index.php\/wp-json\/wp\/v2\/product_cat?post=33274"},{"taxonomy":"product_tag","embeddable":true,"href":"https:\/\/soundrums-france.com\/index.php\/wp-json\/wp\/v2\/product_tag?post=33274"}],"curies":[{"name":"wp","href":"https:\/\/api.w.org\/{rel}","templated":true}]}}