{"id":33323,"date":"2021-07-01T08:17:44","date_gmt":"2021-07-01T06:17:44","guid":{"rendered":"https:\/\/soundrums-france.com\/?post_type=product&#038;p=33323"},"modified":"2022-08-30T09:10:49","modified_gmt":"2022-08-30T07:10:49","slug":"mobiltoms","status":"publish","type":"product","link":"https:\/\/soundrums-france.com\/index.php\/produit\/mobiltoms\/","title":{"rendered":"Mobil&rsquo;Toms"},"content":{"rendered":"<p>Les <strong>Mobil&rsquo;Toms<\/strong> sont issus des <strong>Mobil&rsquo;Concepts de Soundrums<\/strong> et ont \u00e9t\u00e9 cr\u00e9\u00e9s \u00e0 partir d&rsquo;une id\u00e9e simple, proposer aux musiciens des instruments de qualit\u00e9, l\u00e9gers et ajust\u00e9 pour gagner en efficacit\u00e9 et en poids.<\/p>\n<p>Ces toms sont \u00e9quip\u00e9s de peaux combinant <strong>un anneau central pour am\u00e9liorer l&rsquo;attaque et g\u00e9rer les fr\u00e9quences<\/strong> ainsi que <strong>2 plis pour obtenir un son contr\u00f4l\u00e9<\/strong>, mais avec une r\u00e9sonance et une sensibilit\u00e9 \u00e0 tous les niveaux de r\u00e9glage et de dynamique. <strong>La durabilit\u00e9 des peaux, la qualit\u00e9 du son et la facilit\u00e9 d&rsquo;accord sont excellentes.<\/strong><\/p>\n","protected":false},"excerpt":{"rendered":"<p>Les <strong>Mobil&rsquo;Toms <\/strong>sont disponibles en :<\/p>\n<ul>\n<li>Un tom de 8&Prime; Ultra light<\/li>\n<li>Un tom de 10&Prime; Ultra light<\/li>\n<li>Un tom de 12&Prime; Ultra light<\/li>\n<li>Un tom de 13&Prime; Ultra light<\/li>\n<li>Un tom de 14&Prime; Ultra light<\/li>\n<\/ul>\n<p>Fixation sur clamp ou sur pieds de caisse-claire.<\/p>\n<p>Encombrement minimum<strong>, les 4 f\u00fbts emboit\u00e9s 8\/10\/12\/14 :<\/strong> <strong>4.5Kg, 30cm de hauteur sur 40cm<\/strong> de diam\u00e8tre (entre dans une housse de tom basse)<\/p>\n","protected":false},"featured_media":33327,"comment_status":"open","ping_status":"closed","template":"","meta":{"_uag_custom_page_level_css":"","site-sidebar-layout":"default","site-content-layout":"default","ast-global-header-display":"","ast-banner-title-visibility":"","ast-main-header-display":"","ast-hfb-above-header-display":"","ast-hfb-below-header-display":"","ast-hfb-mobile-header-display":"","site-post-title":"","ast-breadcrumbs-content":"","ast-featured-img":"","footer-sml-layout":"","theme-transparent-header-meta":"","adv-header-id-meta":"","stick-header-meta":"","header-above-stick-meta":"","header-main-stick-meta":"","header-below-stick-meta":""},"product_cat":[242],"product_tag":[],"class_list":{"0":"post-33323","1":"product","2":"type-product","3":"status-publish","4":"has-post-thumbnail","6":"product_cat-toms-concert","7":"desktop-align-left","8":"tablet-align-left","9":"mobile-align-left","10":"wcpa_has_options","12":"first","13":"instock","14":"taxable","15":"shipping-taxable","16":"purchasable","17":"product-type-simple"},"yoast_head":"<!-- This site is optimized with the Yoast SEO plugin v24.1 - https:\/\/yoast.com\/wordpress\/plugins\/seo\/ -->\n<title>Mobil&#039;Toms - Soundrums<\/title>\n<meta name=\"description\" content=\"Venez d\u00e9couvrir notre Mobil&#039;Toms haute de gamme.\" \/>\n<meta name=\"robots\" content=\"index, follow, max-snippet:-1, max-image-preview:large, max-video-preview:-1\" \/>\n<link rel=\"canonical\" href=\"https:\/\/soundrums-france.com\/index.php\/produit\/mobiltoms\/\" \/>\n<meta property=\"og:locale\" content=\"fr_FR\" \/>\n<meta property=\"og:type\" content=\"article\" \/>\n<meta property=\"og:title\" content=\"Mobil&#039;Toms - Soundrums\" \/>\n<meta property=\"og:description\" content=\"Venez d\u00e9couvrir notre Mobil&#039;Toms haute de gamme.\" \/>\n<meta property=\"og:url\" content=\"https:\/\/soundrums-france.com\/index.php\/produit\/mobiltoms\/\" \/>\n<meta property=\"og:site_name\" content=\"Soundrums\" \/>\n<meta property=\"article:publisher\" content=\"https:\/\/www.facebook.com\/soundrums\/\" \/>\n<meta property=\"article:modified_time\" content=\"2022-08-30T07:10:49+00:00\" \/>\n<meta property=\"og:image\" content=\"https:\/\/soundrums-france.com\/wp-content\/uploads\/2021\/07\/mobil-toms-01B.jpg\" \/>\n\t<meta property=\"og:image:width\" content=\"1200\" \/>\n\t<meta property=\"og:image:height\" content=\"1200\" \/>\n\t<meta property=\"og:image:type\" content=\"image\/jpeg\" \/>\n<meta name=\"twitter:card\" content=\"summary_large_image\" \/>\n<meta name=\"twitter:label1\" content=\"Dur\u00e9e de lecture estim\u00e9e\" \/>\n\t<meta name=\"twitter:data1\" content=\"1 minute\" \/>\n<script type=\"application\/ld+json\" class=\"yoast-schema-graph\">{\"@context\":\"https:\/\/schema.org\",\"@graph\":[{\"@type\":\"WebPage\",\"@id\":\"https:\/\/soundrums-france.com\/index.php\/produit\/mobiltoms\/\",\"url\":\"https:\/\/soundrums-france.com\/index.php\/produit\/mobiltoms\/\",\"name\":\"Mobil'Toms - Soundrums\",\"isPartOf\":{\"@id\":\"https:\/\/soundrums-france.com\/#website\"},\"primaryImageOfPage\":{\"@id\":\"https:\/\/soundrums-france.com\/index.php\/produit\/mobiltoms\/#primaryimage\"},\"image\":{\"@id\":\"https:\/\/soundrums-france.com\/index.php\/produit\/mobiltoms\/#primaryimage\"},\"thumbnailUrl\":\"https:\/\/soundrums-france.com\/wp-content\/uploads\/2021\/07\/mobil-toms-01B.webp\",\"datePublished\":\"2021-07-01T06:17:44+00:00\",\"dateModified\":\"2022-08-30T07:10:49+00:00\",\"description\":\"Venez d\u00e9couvrir notre Mobil'Toms haute de gamme.\",\"breadcrumb\":{\"@id\":\"https:\/\/soundrums-france.com\/index.php\/produit\/mobiltoms\/#breadcrumb\"},\"inLanguage\":\"fr-FR\",\"potentialAction\":[{\"@type\":\"ReadAction\",\"target\":[\"https:\/\/soundrums-france.com\/index.php\/produit\/mobiltoms\/\"]}]},{\"@type\":\"ImageObject\",\"inLanguage\":\"fr-FR\",\"@id\":\"https:\/\/soundrums-france.com\/index.php\/produit\/mobiltoms\/#primaryimage\",\"url\":\"https:\/\/soundrums-france.com\/wp-content\/uploads\/2021\/07\/mobil-toms-01B.webp\",\"contentUrl\":\"https:\/\/soundrums-france.com\/wp-content\/uploads\/2021\/07\/mobil-toms-01B.webp\",\"width\":1200,\"height\":1200,\"caption\":\"mobil-toms de soundrums\"},{\"@type\":\"BreadcrumbList\",\"@id\":\"https:\/\/soundrums-france.com\/index.php\/produit\/mobiltoms\/#breadcrumb\",\"itemListElement\":[{\"@type\":\"ListItem\",\"position\":1,\"name\":\"Accueil\",\"item\":\"https:\/\/soundrums-france.com\/\"},{\"@type\":\"ListItem\",\"position\":2,\"name\":\"Des produits\",\"item\":\"https:\/\/soundrums-france.com\/index.php\/shop\/\"},{\"@type\":\"ListItem\",\"position\":3,\"name\":\"Mobil&rsquo;Toms\"}]},{\"@type\":\"WebSite\",\"@id\":\"https:\/\/soundrums-france.com\/#website\",\"url\":\"https:\/\/soundrums-france.com\/\",\"name\":\"Soundrums\",\"description\":\"Manufacture Fran\u00e7aise de tambours\",\"publisher\":{\"@id\":\"https:\/\/soundrums-france.com\/#organization\"},\"potentialAction\":[{\"@type\":\"SearchAction\",\"target\":{\"@type\":\"EntryPoint\",\"urlTemplate\":\"https:\/\/soundrums-france.com\/?s={search_term_string}\"},\"query-input\":{\"@type\":\"PropertyValueSpecification\",\"valueRequired\":true,\"valueName\":\"search_term_string\"}}],\"inLanguage\":\"fr-FR\"},{\"@type\":\"Organization\",\"@id\":\"https:\/\/soundrums-france.com\/#organization\",\"name\":\"Soundrums-france\",\"url\":\"https:\/\/soundrums-france.com\/\",\"logo\":{\"@type\":\"ImageObject\",\"inLanguage\":\"fr-FR\",\"@id\":\"https:\/\/soundrums-france.com\/#\/schema\/logo\/image\/\",\"url\":\"https:\/\/soundrums-france.com\/wp-content\/uploads\/2020\/10\/LogoSD_HD.jpg\",\"contentUrl\":\"https:\/\/soundrums-france.com\/wp-content\/uploads\/2020\/10\/LogoSD_HD.jpg\",\"width\":1280,\"height\":930,\"caption\":\"Soundrums-france\"},\"image\":{\"@id\":\"https:\/\/soundrums-france.com\/#\/schema\/logo\/image\/\"},\"sameAs\":[\"https:\/\/www.facebook.com\/soundrums\/\",\"https:\/\/www.youtube.com\/channel\/UC4S_W_0ZCdUFH3Y9xkv5bEw\"]}]}<\/script>\n<!-- \/ Yoast SEO plugin. -->","yoast_head_json":{"title":"Mobil'Toms - Soundrums","description":"Venez d\u00e9couvrir notre Mobil'Toms haute de gamme.","robots":{"index":"index","follow":"follow","max-snippet":"max-snippet:-1","max-image-preview":"max-image-preview:large","max-video-preview":"max-video-preview:-1"},"canonical":"https:\/\/soundrums-france.com\/index.php\/produit\/mobiltoms\/","og_locale":"fr_FR","og_type":"article","og_title":"Mobil'Toms - Soundrums","og_description":"Venez d\u00e9couvrir notre Mobil'Toms haute de gamme.","og_url":"https:\/\/soundrums-france.com\/index.php\/produit\/mobiltoms\/","og_site_name":"Soundrums","article_publisher":"https:\/\/www.facebook.com\/soundrums\/","article_modified_time":"2022-08-30T07:10:49+00:00","og_image":[{"width":1200,"height":1200,"url":"https:\/\/soundrums-france.com\/wp-content\/uploads\/2021\/07\/mobil-toms-01B.jpg","type":"image\/jpeg"}],"twitter_card":"summary_large_image","twitter_misc":{"Dur\u00e9e de lecture estim\u00e9e":"1 minute"},"schema":{"@context":"https:\/\/schema.org","@graph":[{"@type":"WebPage","@id":"https:\/\/soundrums-france.com\/index.php\/produit\/mobiltoms\/","url":"https:\/\/soundrums-france.com\/index.php\/produit\/mobiltoms\/","name":"Mobil'Toms - Soundrums","isPartOf":{"@id":"https:\/\/soundrums-france.com\/#website"},"primaryImageOfPage":{"@id":"https:\/\/soundrums-france.com\/index.php\/produit\/mobiltoms\/#primaryimage"},"image":{"@id":"https:\/\/soundrums-france.com\/index.php\/produit\/mobiltoms\/#primaryimage"},"thumbnailUrl":"https:\/\/soundrums-france.com\/wp-content\/uploads\/2021\/07\/mobil-toms-01B.webp","datePublished":"2021-07-01T06:17:44+00:00","dateModified":"2022-08-30T07:10:49+00:00","description":"Venez d\u00e9couvrir notre Mobil'Toms haute de gamme.","breadcrumb":{"@id":"https:\/\/soundrums-france.com\/index.php\/produit\/mobiltoms\/#breadcrumb"},"inLanguage":"fr-FR","potentialAction":[{"@type":"ReadAction","target":["https:\/\/soundrums-france.com\/index.php\/produit\/mobiltoms\/"]}]},{"@type":"ImageObject","inLanguage":"fr-FR","@id":"https:\/\/soundrums-france.com\/index.php\/produit\/mobiltoms\/#primaryimage","url":"https:\/\/soundrums-france.com\/wp-content\/uploads\/2021\/07\/mobil-toms-01B.webp","contentUrl":"https:\/\/soundrums-france.com\/wp-content\/uploads\/2021\/07\/mobil-toms-01B.webp","width":1200,"height":1200,"caption":"mobil-toms de soundrums"},{"@type":"BreadcrumbList","@id":"https:\/\/soundrums-france.com\/index.php\/produit\/mobiltoms\/#breadcrumb","itemListElement":[{"@type":"ListItem","position":1,"name":"Accueil","item":"https:\/\/soundrums-france.com\/"},{"@type":"ListItem","position":2,"name":"Des produits","item":"https:\/\/soundrums-france.com\/index.php\/shop\/"},{"@type":"ListItem","position":3,"name":"Mobil&rsquo;Toms"}]},{"@type":"WebSite","@id":"https:\/\/soundrums-france.com\/#website","url":"https:\/\/soundrums-france.com\/","name":"Soundrums","description":"Manufacture Fran\u00e7aise de tambours","publisher":{"@id":"https:\/\/soundrums-france.com\/#organization"},"potentialAction":[{"@type":"SearchAction","target":{"@type":"EntryPoint","urlTemplate":"https:\/\/soundrums-france.com\/?s={search_term_string}"},"query-input":{"@type":"PropertyValueSpecification","valueRequired":true,"valueName":"search_term_string"}}],"inLanguage":"fr-FR"},{"@type":"Organization","@id":"https:\/\/soundrums-france.com\/#organization","name":"Soundrums-france","url":"https:\/\/soundrums-france.com\/","logo":{"@type":"ImageObject","inLanguage":"fr-FR","@id":"https:\/\/soundrums-france.com\/#\/schema\/logo\/image\/","url":"https:\/\/soundrums-france.com\/wp-content\/uploads\/2020\/10\/LogoSD_HD.jpg","contentUrl":"https:\/\/soundrums-france.com\/wp-content\/uploads\/2020\/10\/LogoSD_HD.jpg","width":1280,"height":930,"caption":"Soundrums-france"},"image":{"@id":"https:\/\/soundrums-france.com\/#\/schema\/logo\/image\/"},"sameAs":["https:\/\/www.facebook.com\/soundrums\/","https:\/\/www.youtube.com\/channel\/UC4S_W_0ZCdUFH3Y9xkv5bEw"]}]}},"uagb_featured_image_src":{"full":["https:\/\/soundrums-france.com\/wp-content\/uploads\/2021\/07\/mobil-toms-01B.webp",1200,1200,false],"thumbnail":["https:\/\/soundrums-france.com\/wp-content\/uploads\/2021\/07\/mobil-toms-01B-150x150.jpg",150,150,true],"medium":["https:\/\/soundrums-france.com\/wp-content\/uploads\/2021\/07\/mobil-toms-01B-300x300.jpg",300,300,true],"medium_large":["https:\/\/soundrums-france.com\/wp-content\/uploads\/2021\/07\/mobil-toms-01B-768x768.jpg",768,768,true],"large":["https:\/\/soundrums-france.com\/wp-content\/uploads\/2021\/07\/mobil-toms-01B-1024x1024.jpg",1024,1024,true],"1536x1536":["https:\/\/soundrums-france.com\/wp-content\/uploads\/2021\/07\/mobil-toms-01B.webp",1200,1200,false],"2048x2048":["https:\/\/soundrums-france.com\/wp-content\/uploads\/2021\/07\/mobil-toms-01B.webp",1200,1200,false],"woocommerce_thumbnail":["https:\/\/soundrums-france.com\/wp-content\/uploads\/2021\/07\/mobil-toms-01B-300x300.jpg",300,300,true],"woocommerce_single":["https:\/\/soundrums-france.com\/wp-content\/uploads\/2021\/07\/mobil-toms-01B-600x600.jpg",600,600,true],"woocommerce_gallery_thumbnail":["https:\/\/soundrums-france.com\/wp-content\/uploads\/2021\/07\/mobil-toms-01B-100x100.jpg",100,100,true]},"uagb_author_info":{"display_name":"Emmanuel JAY","author_link":"https:\/\/soundrums-france.com\/index.php\/author\/"},"uagb_comment_info":0,"uagb_excerpt":"Les Mobil'Toms sont disponibles en : Un tom de 8\" Ultra light Un tom de 10\" Ultra light Un tom de 12\" Ultra light Un tom de 13\" Ultra light Un tom de 14\" Ultra light Fixation sur clamp ou sur pieds de caisse-claire. Encombrement minimum, les 4 f\u00fbts emboit\u00e9s 8\/10\/12\/14 : 4.5Kg, 30cm de\u2026","wcpa_form_fields":{"wcpaData":{"product":{"product_price":198,"price_html":"<span class=\"woocommerce-Price-amount amount\"><bdi>198,00<span class=\"woocommerce-Price-currencySymbol\">&euro;<\/span><\/bdi><\/span>","original_product_price":198,"price_including_tax":198,"price_excluding_tax":165,"product_id":{"parent":33323,"variation":false},"is_variable":false,"stock_status":"instock","stock_quantity":null,"parent_sku":"Mobil Tom","product_attributes":[],"custom_fields":[],"is_taxable":true,"product_name":"Mobil'Toms"},"fields":{"sec_1069e1a58d4e119":{"extra":{"key":"sec_1069e1a58d4e119","section_id":"sec_1069e1a58d4e119","name":"Default","status":1,"cl_rule":"show","enableCl":false,"relations":[],"toggle":true,"title_tag":"h3","show_title":false,"showPrice":"default","form_id":33325,"form_rules":{"exclude_from_discount":false,"fee_label":"Frais","disp_hide_options_price":false,"disp_show_section_price":false,"disp_show_field_price":true,"layout_option":"standard","pric_use_as_fee":false,"process_fee_as":"woo_fee"},"layout_option":"standard"},"fields":[[{"type":"select","elementId":"wcpa-select-1625123052325","label":"S\u00e9lectionner votre diam\u00e8tre de tom","enablePrice":true,"priceOptions":"different_for_all","pricingType":"fixed","name":"select-1625123052325","cl_rule":"show","col":6,"values":[{"label":"Toms de 8\"","value":"option-1","price":"185","pimage":"","pimage_id":"","pthumb":"","gt_translate_keys":["label"]},{"label":"Toms de 10\"","value":"option-2","price":"190","pimage":"","pimage_id":"","pthumb":"","gt_translate_keys":["label"]},{"label":"Toms de 12\"","value":"option-3","price":"195","pimage":"","pimage_id":"","pthumb":"","gt_translate_keys":["label"]},{"label":"Toms de 13\"","value":"option-4","price":"199","pimage":"","pimage_id":"","pthumb":"","gt_translate_keys":["label"]},{"label":"Toms de 14\"","value":"option-5","price":"210","pimage":"","pimage_id":"","pthumb":"","gt_translate_keys":["label"]},{"label":"Lot 8\"- 10\" - 12\"- 14\"","value":"option-6","price":"680","pimage":"","pimage_id":"","pthumb":"","gt_translate_keys":["label"]}],"relations":false,"active":true,"tooltip":"","gt_translate_keys":["label","tooltip"],"price_dependency":false,"cl_dependency":false,"value":""}]]},"sec_1069e1a58d4e41e":{"extra":{"key":"sec_1069e1a58d4e41e","section_id":"sec_1069e1a58d4e41e","name":"Default","status":1,"cl_rule":"show","enableCl":false,"relations":[],"toggle":true,"title_tag":"h3","show_title":false,"showPrice":"default","form_id":33315,"form_rules":{"exclude_from_discount":false,"fee_label":"Frais","disp_hide_options_price":false,"disp_show_section_price":false,"disp_show_field_price":true,"layout_option":"standard","pric_use_as_fee":false,"process_fee_as":"woo_fee"},"layout_option":"standard"},"fields":[[{"type":"image-group","required":true,"label":"Coloris","elementId":"wcpa-image-group-60d6ec882bd27","description":"Choisissez votre coloris","inline":true,"enablePrice":true,"priceOptions":"different_for_all","pricingType":"fixed","disp_size_img":{"width":"70","height":""},"enable_popup":"all","name":"image-group-60d6ec882bd33","max_options":"1","disp_type":"square","img_selection_type":"outline","other_text":"Autre","cl_rule":"show","col":6,"values":[{"label":"Erable satin\u00e9","price":"0","image":"https:\/\/soundrums-france.com\/wp-content\/uploads\/2021\/02\/Erable.jpg","image_id":"33014","thumb":"https:\/\/soundrums-france.com\/wp-content\/uploads\/2021\/02\/Erable-150x150.jpg","value":"0","thumb_src":"https:\/\/soundrums-france.com\/wp-content\/uploads\/2021\/02\/Erable-100x100.jpg","gt_translate_keys":["label"]},{"label":"Champagne","price":"50","image":"https:\/\/soundrums-france.com\/wp-content\/uploads\/2020\/11\/Champagne.jpg","image_id":"31851","thumb":"https:\/\/soundrums-france.com\/wp-content\/uploads\/2020\/11\/Champagne-150x150.jpg","value":"1","thumb_src":"https:\/\/soundrums-france.com\/wp-content\/uploads\/2020\/11\/Champagne-100x100.jpg","gt_translate_keys":["label"]},{"label":"Bleu nuit ","price":"50","image":"https:\/\/soundrums-france.com\/wp-content\/uploads\/2020\/11\/Bleu-nuit.jpg","image_id":"31855","thumb":"https:\/\/soundrums-france.com\/wp-content\/uploads\/2020\/11\/Bleu-nuit-150x150.jpg","value":"2","thumb_src":"https:\/\/soundrums-france.com\/wp-content\/uploads\/2020\/11\/Bleu-nuit-100x100.jpg","gt_translate_keys":["label"]},{"label":"Rouge rubis","price":"50","image":"https:\/\/soundrums-france.com\/wp-content\/uploads\/2020\/11\/rouge-rubis.jpg","image_id":"31856","thumb":"https:\/\/soundrums-france.com\/wp-content\/uploads\/2020\/11\/rouge-rubis-150x150.jpg","value":"3","thumb_src":"https:\/\/soundrums-france.com\/wp-content\/uploads\/2020\/11\/rouge-rubis-100x100.jpg","gt_translate_keys":["label"]},{"label":"Noir      ","price":"50","image":"https:\/\/soundrums-france.com\/wp-content\/uploads\/2020\/11\/Noir.jpg","image_id":"31853","thumb":"https:\/\/soundrums-france.com\/wp-content\/uploads\/2020\/11\/Noir-150x150.jpg","value":"4","thumb_src":"https:\/\/soundrums-france.com\/wp-content\/uploads\/2020\/11\/Noir-100x100.jpg","gt_translate_keys":["label"]},{"label":"Vert d'eau","price":"50","image":"https:\/\/soundrums-france.com\/wp-content\/uploads\/2020\/11\/Vert-deau.jpg","image_id":"31852","thumb":"https:\/\/soundrums-france.com\/wp-content\/uploads\/2020\/11\/Vert-deau-150x150.jpg","value":"5","thumb_src":"https:\/\/soundrums-france.com\/wp-content\/uploads\/2020\/11\/Vert-deau-100x100.jpg","gt_translate_keys":["label"]},{"label":"Blanc nacr\u00e9","price":"70","image":"https:\/\/soundrums-france.com\/wp-content\/uploads\/2020\/11\/Blanc-nacre.jpg","image_id":"31858","thumb":"https:\/\/soundrums-france.com\/wp-content\/uploads\/2020\/11\/Blanc-nacre-150x150.jpg","value":"6","thumb_src":"https:\/\/soundrums-france.com\/wp-content\/uploads\/2020\/11\/Blanc-nacre-100x100.jpg","gt_translate_keys":["label"]},{"label":"Bleu poudr\u00e9","price":"50","image":"https:\/\/soundrums-france.com\/wp-content\/uploads\/2020\/11\/Bleu-poudre.jpg","image_id":"31859","thumb":"https:\/\/soundrums-france.com\/wp-content\/uploads\/2020\/11\/Bleu-poudre-150x150.jpg","value":"7","thumb_src":"https:\/\/soundrums-france.com\/wp-content\/uploads\/2020\/11\/Bleu-poudre-100x100.jpg","gt_translate_keys":["label"]},{"label":"Gris anthracite","price":"50","image":"https:\/\/soundrums-france.com\/wp-content\/uploads\/2020\/11\/Gris-antracite.jpg","image_id":"31854","thumb":"https:\/\/soundrums-france.com\/wp-content\/uploads\/2020\/11\/Gris-antracite-150x150.jpg","value":"8","thumb_src":"https:\/\/soundrums-france.com\/wp-content\/uploads\/2020\/11\/Gris-antracite-100x100.jpg","gt_translate_keys":["label"]},{"label":"Sur mesure","price":"85","image":"https:\/\/soundrums-france.com\/wp-content\/uploads\/2021\/01\/Sur-Mesure.jpg","image_id":"32723","thumb":"https:\/\/soundrums-france.com\/wp-content\/uploads\/2021\/01\/Sur-Mesure-150x150.jpg","value":"9","thumb_src":"https:\/\/soundrums-france.com\/wp-content\/uploads\/2021\/01\/Sur-Mesure-100x100.jpg","gt_translate_keys":["label"]},{"label":"Marbr\u00e9 rouge","price":"85","image":"https:\/\/soundrums-france.com\/wp-content\/uploads\/2021\/11\/marbre-370.jpg","image_id":"33569","thumb":"https:\/\/soundrums-france.com\/wp-content\/uploads\/2021\/11\/marbre-370-150x150.jpg","value":"10","thumb_src":"https:\/\/soundrums-france.com\/wp-content\/uploads\/2021\/11\/marbre-370-100x100.jpg","gt_translate_keys":["label"]},{"label":"Gold Graphic","price":"85","image":"https:\/\/soundrums-france.com\/wp-content\/uploads\/2021\/11\/gold.jpg","image_id":"33570","thumb":"https:\/\/soundrums-france.com\/wp-content\/uploads\/2021\/11\/gold-150x150.jpg","value":"11","thumb_src":"https:\/\/soundrums-france.com\/wp-content\/uploads\/2021\/11\/gold-100x100.jpg","gt_translate_keys":["label"]}],"relations":false,"active":true,"tooltip":"","layOut":"inline","gt_translate_keys":["label","description","tooltip"],"price_dependency":false,"cl_dependency":["wcpa-paragraph-60d6ec882bd3c"],"value":""}],[{"type":"content","subtype":"div","label":"","elementId":"wcpa-paragraph-60d6ec882bd3c","pricingType":"fixed","enableCl":true,"cl_rule":"show","col":6,"relations":[{"operator":false,"rules":[{"operator":false,"rules":{"cl_field":"wcpa-image-group-60d6ec882bd27","cl_relation":"is","cl_val":"9"}}]}],"active":true,"tooltip":"","value":"Vous avez s\u00e9lectionn\u00e9 un coloris sur mesure. Nous reviendrons vers vous pour le choix de votre couleur.\n\n","name":"wcpa-paragraph-60d6ec882bd3c","contentType":"plain","gt_translate_keys":["label","value","tooltip"],"price_dependency":false,"cl_dependency":false}]]}},"config":{"price_override":"","enable_recaptcha":false,"bind_quantity":false,"quantity_bind_formula":false,"disp_summ_show_option_price":true,"disp_summ_show_product_price":true,"disp_summ_show_total_price":true,"disp_summ_show_fee":false,"disp_summ_show_discount":false,"summary_title":"","options_total_label":"Montant des options","total_label":"Total","options_product_label":"Prix du produit","fee_label":"Frais","discount_label":"Discount","has_price":true,"has_quantity_formula":false},"mc_unit":1,"tax_rate":1,"tax_rate_real":0.2,"discount":{"percentage":0,"fixed":0},"design":{"conf":{"LabelPosition":"above","DescPosition":"left","UploadField":"custom_1","QuantityFieldStyle":"default"},"css":{"LeftLabelWidth":"120px"}},"formulas":[],"clones":false,"cartKey":false}},"_links":{"self":[{"href":"https:\/\/soundrums-france.com\/index.php\/wp-json\/wp\/v2\/product\/33323","targetHints":{"allow":["GET"]}}],"collection":[{"href":"https:\/\/soundrums-france.com\/index.php\/wp-json\/wp\/v2\/product"}],"about":[{"href":"https:\/\/soundrums-france.com\/index.php\/wp-json\/wp\/v2\/types\/product"}],"replies":[{"embeddable":true,"href":"https:\/\/soundrums-france.com\/index.php\/wp-json\/wp\/v2\/comments?post=33323"}],"version-history":[{"count":1,"href":"https:\/\/soundrums-france.com\/index.php\/wp-json\/wp\/v2\/product\/33323\/revisions"}],"predecessor-version":[{"id":33326,"href":"https:\/\/soundrums-france.com\/index.php\/wp-json\/wp\/v2\/product\/33323\/revisions\/33326"}],"wp:featuredmedia":[{"embeddable":true,"href":"https:\/\/soundrums-france.com\/index.php\/wp-json\/wp\/v2\/media\/33327"}],"wp:attachment":[{"href":"https:\/\/soundrums-france.com\/index.php\/wp-json\/wp\/v2\/media?parent=33323"}],"wp:term":[{"taxonomy":"product_cat","embeddable":true,"href":"https:\/\/soundrums-france.com\/index.php\/wp-json\/wp\/v2\/product_cat?post=33323"},{"taxonomy":"product_tag","embeddable":true,"href":"https:\/\/soundrums-france.com\/index.php\/wp-json\/wp\/v2\/product_tag?post=33323"}],"curies":[{"name":"wp","href":"https:\/\/api.w.org\/{rel}","templated":true}]}}