{"id":33407,"date":"2021-09-28T11:12:17","date_gmt":"2021-09-28T09:12:17","guid":{"rendered":"https:\/\/soundrums-france.com\/?post_type=product&#038;p=33407"},"modified":"2021-09-30T15:46:07","modified_gmt":"2021-09-30T13:46:07","slug":"tom-de-concert-8-10-12-13-14-15-et-16-fut-bois","status":"publish","type":"product","link":"https:\/\/soundrums-france.com\/index.php\/produit\/tom-de-concert-8-10-12-13-14-15-et-16-fut-bois\/","title":{"rendered":"Toms m\u00e9lodiques de 8&Prime; \u00e0 16&Prime; &#8211; F\u00fbt Bois"},"content":{"rendered":"<p>Les toms de concert SOUNDRUMS sont enti\u00e8rement fabriqu\u00e9s sur mesure, vous pouvez demander les dimensions que vous souhaitez. Les fr\u00e9quences basses\/m\u00e9diums sont bien \u00e9quilibr\u00e9es. La polyvalence permet un jeu dans beaucoup de styles et d&rsquo;univers musicaux diff\u00e9rents.<\/p>\n","protected":false},"excerpt":{"rendered":"<p>Tom de concert<br \/>\nF\u00fbt Bois 6 plis<br \/>\nDouble peau<br \/>\nFinition bois satin\u00e9<br \/>\nAttache fixe ou suspendue en option<br \/>\nPied double rotule en option<\/p>\n","protected":false},"featured_media":33395,"comment_status":"open","ping_status":"closed","template":"","meta":{"_uag_custom_page_level_css":"","site-sidebar-layout":"default","site-content-layout":"default","ast-global-header-display":"","ast-banner-title-visibility":"","ast-main-header-display":"","ast-hfb-above-header-display":"","ast-hfb-below-header-display":"","ast-hfb-mobile-header-display":"","site-post-title":"","ast-breadcrumbs-content":"","ast-featured-img":"","footer-sml-layout":"","theme-transparent-header-meta":"","adv-header-id-meta":"","stick-header-meta":"","header-above-stick-meta":"","header-main-stick-meta":"","header-below-stick-meta":""},"product_cat":[186,242],"product_tag":[],"class_list":{"0":"post-33407","1":"product","2":"type-product","3":"status-publish","4":"has-post-thumbnail","6":"product_cat-instruments","7":"product_cat-toms-concert","8":"desktop-align-left","9":"tablet-align-left","10":"mobile-align-left","11":"wcpa_has_options","13":"first","14":"instock","15":"taxable","16":"shipping-taxable","17":"purchasable","18":"product-type-simple"},"yoast_head":"<!-- This site is optimized with the Yoast SEO plugin v24.1 - https:\/\/yoast.com\/wordpress\/plugins\/seo\/ -->\n<title>Toms m\u00e9lodiques de 8&quot; \u00e0 16&quot; - F\u00fbt Bois - Soundrums<\/title>\n<meta name=\"description\" content=\"Venez d\u00e9couvrir notre Toms m\u00e9lodiques de 8&quot; \u00e0 16&quot; - F\u00fbt Bois haute de gamme.\" \/>\n<meta name=\"robots\" content=\"index, follow, max-snippet:-1, max-image-preview:large, max-video-preview:-1\" \/>\n<link rel=\"canonical\" href=\"https:\/\/soundrums-france.com\/index.php\/produit\/tom-de-concert-8-10-12-13-14-15-et-16-fut-bois\/\" \/>\n<meta property=\"og:locale\" content=\"fr_FR\" \/>\n<meta property=\"og:type\" content=\"article\" \/>\n<meta property=\"og:title\" content=\"Toms m\u00e9lodiques de 8&quot; \u00e0 16&quot; - F\u00fbt Bois - Soundrums\" \/>\n<meta property=\"og:description\" content=\"Venez d\u00e9couvrir notre Toms m\u00e9lodiques de 8&quot; \u00e0 16&quot; - F\u00fbt Bois haute de gamme.\" \/>\n<meta property=\"og:url\" content=\"https:\/\/soundrums-france.com\/index.php\/produit\/tom-de-concert-8-10-12-13-14-15-et-16-fut-bois\/\" \/>\n<meta property=\"og:site_name\" content=\"Soundrums\" \/>\n<meta property=\"article:publisher\" content=\"https:\/\/www.facebook.com\/soundrums\/\" \/>\n<meta property=\"article:modified_time\" content=\"2021-09-30T13:46:07+00:00\" \/>\n<meta property=\"og:image\" content=\"https:\/\/soundrums-france.com\/wp-content\/uploads\/2021\/09\/Tom04.jpg\" \/>\n\t<meta property=\"og:image:width\" content=\"1200\" \/>\n\t<meta property=\"og:image:height\" content=\"1200\" \/>\n\t<meta property=\"og:image:type\" content=\"image\/jpeg\" \/>\n<meta name=\"twitter:card\" content=\"summary_large_image\" \/>\n<meta name=\"twitter:label1\" content=\"Dur\u00e9e de lecture estim\u00e9e\" \/>\n\t<meta name=\"twitter:data1\" content=\"1 minute\" \/>\n<script type=\"application\/ld+json\" class=\"yoast-schema-graph\">{\"@context\":\"https:\/\/schema.org\",\"@graph\":[{\"@type\":\"WebPage\",\"@id\":\"https:\/\/soundrums-france.com\/index.php\/produit\/tom-de-concert-8-10-12-13-14-15-et-16-fut-bois\/\",\"url\":\"https:\/\/soundrums-france.com\/index.php\/produit\/tom-de-concert-8-10-12-13-14-15-et-16-fut-bois\/\",\"name\":\"Toms m\u00e9lodiques de 8\\\" \u00e0 16\\\" - F\u00fbt Bois - Soundrums\",\"isPartOf\":{\"@id\":\"https:\/\/soundrums-france.com\/#website\"},\"primaryImageOfPage\":{\"@id\":\"https:\/\/soundrums-france.com\/index.php\/produit\/tom-de-concert-8-10-12-13-14-15-et-16-fut-bois\/#primaryimage\"},\"image\":{\"@id\":\"https:\/\/soundrums-france.com\/index.php\/produit\/tom-de-concert-8-10-12-13-14-15-et-16-fut-bois\/#primaryimage\"},\"thumbnailUrl\":\"https:\/\/soundrums-france.com\/wp-content\/uploads\/2021\/09\/Tom04.webp\",\"datePublished\":\"2021-09-28T09:12:17+00:00\",\"dateModified\":\"2021-09-30T13:46:07+00:00\",\"description\":\"Venez d\u00e9couvrir notre Toms m\u00e9lodiques de 8\\\" \u00e0 16\\\" - F\u00fbt Bois haute de gamme.\",\"breadcrumb\":{\"@id\":\"https:\/\/soundrums-france.com\/index.php\/produit\/tom-de-concert-8-10-12-13-14-15-et-16-fut-bois\/#breadcrumb\"},\"inLanguage\":\"fr-FR\",\"potentialAction\":[{\"@type\":\"ReadAction\",\"target\":[\"https:\/\/soundrums-france.com\/index.php\/produit\/tom-de-concert-8-10-12-13-14-15-et-16-fut-bois\/\"]}]},{\"@type\":\"ImageObject\",\"inLanguage\":\"fr-FR\",\"@id\":\"https:\/\/soundrums-france.com\/index.php\/produit\/tom-de-concert-8-10-12-13-14-15-et-16-fut-bois\/#primaryimage\",\"url\":\"https:\/\/soundrums-france.com\/wp-content\/uploads\/2021\/09\/Tom04.webp\",\"contentUrl\":\"https:\/\/soundrums-france.com\/wp-content\/uploads\/2021\/09\/Tom04.webp\",\"width\":1200,\"height\":1200,\"caption\":\"Tom de concert Soundrums\"},{\"@type\":\"BreadcrumbList\",\"@id\":\"https:\/\/soundrums-france.com\/index.php\/produit\/tom-de-concert-8-10-12-13-14-15-et-16-fut-bois\/#breadcrumb\",\"itemListElement\":[{\"@type\":\"ListItem\",\"position\":1,\"name\":\"Accueil\",\"item\":\"https:\/\/soundrums-france.com\/\"},{\"@type\":\"ListItem\",\"position\":2,\"name\":\"Des produits\",\"item\":\"https:\/\/soundrums-france.com\/index.php\/shop\/\"},{\"@type\":\"ListItem\",\"position\":3,\"name\":\"Toms m\u00e9lodiques de 8&Prime; \u00e0 16&Prime; &#8211; F\u00fbt Bois\"}]},{\"@type\":\"WebSite\",\"@id\":\"https:\/\/soundrums-france.com\/#website\",\"url\":\"https:\/\/soundrums-france.com\/\",\"name\":\"Soundrums\",\"description\":\"Manufacture Fran\u00e7aise de tambours\",\"publisher\":{\"@id\":\"https:\/\/soundrums-france.com\/#organization\"},\"potentialAction\":[{\"@type\":\"SearchAction\",\"target\":{\"@type\":\"EntryPoint\",\"urlTemplate\":\"https:\/\/soundrums-france.com\/?s={search_term_string}\"},\"query-input\":{\"@type\":\"PropertyValueSpecification\",\"valueRequired\":true,\"valueName\":\"search_term_string\"}}],\"inLanguage\":\"fr-FR\"},{\"@type\":\"Organization\",\"@id\":\"https:\/\/soundrums-france.com\/#organization\",\"name\":\"Soundrums-france\",\"url\":\"https:\/\/soundrums-france.com\/\",\"logo\":{\"@type\":\"ImageObject\",\"inLanguage\":\"fr-FR\",\"@id\":\"https:\/\/soundrums-france.com\/#\/schema\/logo\/image\/\",\"url\":\"https:\/\/soundrums-france.com\/wp-content\/uploads\/2020\/10\/LogoSD_HD.jpg\",\"contentUrl\":\"https:\/\/soundrums-france.com\/wp-content\/uploads\/2020\/10\/LogoSD_HD.jpg\",\"width\":1280,\"height\":930,\"caption\":\"Soundrums-france\"},\"image\":{\"@id\":\"https:\/\/soundrums-france.com\/#\/schema\/logo\/image\/\"},\"sameAs\":[\"https:\/\/www.facebook.com\/soundrums\/\",\"https:\/\/www.youtube.com\/channel\/UC4S_W_0ZCdUFH3Y9xkv5bEw\"]}]}<\/script>\n<!-- \/ Yoast SEO plugin. -->","yoast_head_json":{"title":"Toms m\u00e9lodiques de 8\" \u00e0 16\" - F\u00fbt Bois - Soundrums","description":"Venez d\u00e9couvrir notre Toms m\u00e9lodiques de 8\" \u00e0 16\" - F\u00fbt Bois haute de gamme.","robots":{"index":"index","follow":"follow","max-snippet":"max-snippet:-1","max-image-preview":"max-image-preview:large","max-video-preview":"max-video-preview:-1"},"canonical":"https:\/\/soundrums-france.com\/index.php\/produit\/tom-de-concert-8-10-12-13-14-15-et-16-fut-bois\/","og_locale":"fr_FR","og_type":"article","og_title":"Toms m\u00e9lodiques de 8\" \u00e0 16\" - F\u00fbt Bois - Soundrums","og_description":"Venez d\u00e9couvrir notre Toms m\u00e9lodiques de 8\" \u00e0 16\" - F\u00fbt Bois haute de gamme.","og_url":"https:\/\/soundrums-france.com\/index.php\/produit\/tom-de-concert-8-10-12-13-14-15-et-16-fut-bois\/","og_site_name":"Soundrums","article_publisher":"https:\/\/www.facebook.com\/soundrums\/","article_modified_time":"2021-09-30T13:46:07+00:00","og_image":[{"width":1200,"height":1200,"url":"https:\/\/soundrums-france.com\/wp-content\/uploads\/2021\/09\/Tom04.jpg","type":"image\/jpeg"}],"twitter_card":"summary_large_image","twitter_misc":{"Dur\u00e9e de lecture estim\u00e9e":"1 minute"},"schema":{"@context":"https:\/\/schema.org","@graph":[{"@type":"WebPage","@id":"https:\/\/soundrums-france.com\/index.php\/produit\/tom-de-concert-8-10-12-13-14-15-et-16-fut-bois\/","url":"https:\/\/soundrums-france.com\/index.php\/produit\/tom-de-concert-8-10-12-13-14-15-et-16-fut-bois\/","name":"Toms m\u00e9lodiques de 8\" \u00e0 16\" - F\u00fbt Bois - Soundrums","isPartOf":{"@id":"https:\/\/soundrums-france.com\/#website"},"primaryImageOfPage":{"@id":"https:\/\/soundrums-france.com\/index.php\/produit\/tom-de-concert-8-10-12-13-14-15-et-16-fut-bois\/#primaryimage"},"image":{"@id":"https:\/\/soundrums-france.com\/index.php\/produit\/tom-de-concert-8-10-12-13-14-15-et-16-fut-bois\/#primaryimage"},"thumbnailUrl":"https:\/\/soundrums-france.com\/wp-content\/uploads\/2021\/09\/Tom04.webp","datePublished":"2021-09-28T09:12:17+00:00","dateModified":"2021-09-30T13:46:07+00:00","description":"Venez d\u00e9couvrir notre Toms m\u00e9lodiques de 8\" \u00e0 16\" - F\u00fbt Bois haute de gamme.","breadcrumb":{"@id":"https:\/\/soundrums-france.com\/index.php\/produit\/tom-de-concert-8-10-12-13-14-15-et-16-fut-bois\/#breadcrumb"},"inLanguage":"fr-FR","potentialAction":[{"@type":"ReadAction","target":["https:\/\/soundrums-france.com\/index.php\/produit\/tom-de-concert-8-10-12-13-14-15-et-16-fut-bois\/"]}]},{"@type":"ImageObject","inLanguage":"fr-FR","@id":"https:\/\/soundrums-france.com\/index.php\/produit\/tom-de-concert-8-10-12-13-14-15-et-16-fut-bois\/#primaryimage","url":"https:\/\/soundrums-france.com\/wp-content\/uploads\/2021\/09\/Tom04.webp","contentUrl":"https:\/\/soundrums-france.com\/wp-content\/uploads\/2021\/09\/Tom04.webp","width":1200,"height":1200,"caption":"Tom de concert Soundrums"},{"@type":"BreadcrumbList","@id":"https:\/\/soundrums-france.com\/index.php\/produit\/tom-de-concert-8-10-12-13-14-15-et-16-fut-bois\/#breadcrumb","itemListElement":[{"@type":"ListItem","position":1,"name":"Accueil","item":"https:\/\/soundrums-france.com\/"},{"@type":"ListItem","position":2,"name":"Des produits","item":"https:\/\/soundrums-france.com\/index.php\/shop\/"},{"@type":"ListItem","position":3,"name":"Toms m\u00e9lodiques de 8&Prime; \u00e0 16&Prime; &#8211; F\u00fbt Bois"}]},{"@type":"WebSite","@id":"https:\/\/soundrums-france.com\/#website","url":"https:\/\/soundrums-france.com\/","name":"Soundrums","description":"Manufacture Fran\u00e7aise de tambours","publisher":{"@id":"https:\/\/soundrums-france.com\/#organization"},"potentialAction":[{"@type":"SearchAction","target":{"@type":"EntryPoint","urlTemplate":"https:\/\/soundrums-france.com\/?s={search_term_string}"},"query-input":{"@type":"PropertyValueSpecification","valueRequired":true,"valueName":"search_term_string"}}],"inLanguage":"fr-FR"},{"@type":"Organization","@id":"https:\/\/soundrums-france.com\/#organization","name":"Soundrums-france","url":"https:\/\/soundrums-france.com\/","logo":{"@type":"ImageObject","inLanguage":"fr-FR","@id":"https:\/\/soundrums-france.com\/#\/schema\/logo\/image\/","url":"https:\/\/soundrums-france.com\/wp-content\/uploads\/2020\/10\/LogoSD_HD.jpg","contentUrl":"https:\/\/soundrums-france.com\/wp-content\/uploads\/2020\/10\/LogoSD_HD.jpg","width":1280,"height":930,"caption":"Soundrums-france"},"image":{"@id":"https:\/\/soundrums-france.com\/#\/schema\/logo\/image\/"},"sameAs":["https:\/\/www.facebook.com\/soundrums\/","https:\/\/www.youtube.com\/channel\/UC4S_W_0ZCdUFH3Y9xkv5bEw"]}]}},"uagb_featured_image_src":{"full":["https:\/\/soundrums-france.com\/wp-content\/uploads\/2021\/09\/Tom04.webp",1200,1200,false],"thumbnail":["https:\/\/soundrums-france.com\/wp-content\/uploads\/2021\/09\/Tom04-150x150.jpg",150,150,true],"medium":["https:\/\/soundrums-france.com\/wp-content\/uploads\/2021\/09\/Tom04-300x300.jpg",300,300,true],"medium_large":["https:\/\/soundrums-france.com\/wp-content\/uploads\/2021\/09\/Tom04-768x768.jpg",768,768,true],"large":["https:\/\/soundrums-france.com\/wp-content\/uploads\/2021\/09\/Tom04-1024x1024.jpg",1024,1024,true],"1536x1536":["https:\/\/soundrums-france.com\/wp-content\/uploads\/2021\/09\/Tom04.webp",1200,1200,false],"2048x2048":["https:\/\/soundrums-france.com\/wp-content\/uploads\/2021\/09\/Tom04.webp",1200,1200,false],"woocommerce_thumbnail":["https:\/\/soundrums-france.com\/wp-content\/uploads\/2021\/09\/Tom04-300x300.jpg",300,300,true],"woocommerce_single":["https:\/\/soundrums-france.com\/wp-content\/uploads\/2021\/09\/Tom04-600x600.jpg",600,600,true],"woocommerce_gallery_thumbnail":["https:\/\/soundrums-france.com\/wp-content\/uploads\/2021\/09\/Tom04-100x100.jpg",100,100,true]},"uagb_author_info":{"display_name":"Emmanuel JAY","author_link":"https:\/\/soundrums-france.com\/index.php\/author\/"},"uagb_comment_info":0,"uagb_excerpt":"Tom de concert F\u00fbt Bois 6 plis Double peau Finition bois satin\u00e9 Attache fixe ou suspendue en option Pied double rotule en option","wcpa_form_fields":{"wcpaData":{"product":{"product_price":320,"price_html":"<span class=\"woocommerce-Price-amount amount\"><bdi>320,00<span class=\"woocommerce-Price-currencySymbol\">&euro;<\/span><\/bdi><\/span>","original_product_price":320,"price_including_tax":320,"price_excluding_tax":266.666667,"product_id":{"parent":33407,"variation":false},"is_variable":false,"stock_status":"instock","stock_quantity":null,"parent_sku":"TomConcert-TAILLE","product_attributes":[],"custom_fields":[],"is_taxable":true,"product_name":"Toms m\u00e9lodiques de 8\" \u00e0 16\" - F\u00fbt Bois"},"fields":{"sec_1069f1f7470e6fb":{"extra":{"key":"sec_1069f1f7470e6fb","section_id":"sec_1069f1f7470e6fb","name":"Default","status":1,"cl_rule":"show","enableCl":false,"relations":[],"toggle":true,"title_tag":"h3","show_title":false,"showPrice":"default","form_id":33406,"form_rules":{"exclude_from_discount":false,"fee_label":"Frais","disp_hide_options_price":false,"disp_show_section_price":false,"disp_show_field_price":true,"layout_option":"standard","pric_use_as_fee":false,"process_fee_as":"woo_fee"},"layout_option":"standard"},"fields":[[{"type":"radio-group","elementId":"wcpa-radio-group-1632820598744","label":"Tailles disponibles","enablePrice":true,"priceOptions":"different_for_all","pricingType":"fixed","name":"radio-group-1632820598744","other_text":"Autre","cl_rule":"show","col":6,"values":[{"label":"8\" X 8\"","value":"option-1","price":"320","pimage":"","pimage_id":"","pthumb":"","gt_translate_keys":["label"]},{"label":"10\" X 9\"","value":"option-2","price":"340","pimage":"","pimage_id":"","pthumb":"","gt_translate_keys":["label"]},{"label":"12\" X 10\"","value":"option-3","price":"360","pimage":"","pimage_id":"","pthumb":"","gt_translate_keys":["label"]},{"label":"13\" X 11\"","value":"option-4","price":"390","pimage":"","pimage_id":"","pthumb":"","gt_translate_keys":["label"]},{"label":"14\" X 12\"","value":"option-5","price":"430","pimage":"","pimage_id":"","pthumb":"","gt_translate_keys":["label"]},{"label":"15\" X 14\"","value":"option-6","price":"450","pimage":"","pimage_id":"","pthumb":"","gt_translate_keys":["label"]},{"label":"16\" X 15\"","value":"option-7","price":"470","pimage":"","pimage_id":"","pthumb":"","gt_translate_keys":["label"]}],"relations":false,"active":true,"tooltip":"","layOut":"","gt_translate_keys":["label","tooltip"],"price_dependency":false,"cl_dependency":false,"value":""}],[{"type":"image-group","label":"Support","elementId":"wcpa-image-group-6152dc007e4af","enablePrice":true,"priceOptions":"different_for_all","pricingType":"fixed","enable_popup":"no","className":"options","name":"image-group-6152dc007e4bc","min_options":"1","disp_type":"squircle","img_selection_type":"tick-shadow","other_text":"Autre","cl_rule":"show","col":6,"values":[{"label":"Pied \/ Support double tom \u00e0 Rotule","price":"118","image":"https:\/\/soundrums-france.com\/wp-content\/uploads\/2021\/09\/pied-support-tom-02.jpg","image_id":"33405","thumb":"https:\/\/soundrums-france.com\/wp-content\/uploads\/2021\/09\/pied-support-tom-02-150x150.jpg","value":"0","thumb_src":"https:\/\/soundrums-france.com\/wp-content\/uploads\/2021\/09\/pied-support-tom-02.jpg","gt_translate_keys":["label"]},{"label":"1X Clamp \u00e0 rotule","price":"48","image":"https:\/\/soundrums-france.com\/wp-content\/uploads\/2021\/06\/clamp-rotule.jpg","image_id":"33223","thumb":"https:\/\/soundrums-france.com\/wp-content\/uploads\/2021\/06\/clamp-rotule-150x150.jpg","value":"1","thumb_src":"https:\/\/soundrums-france.com\/wp-content\/uploads\/2021\/06\/clamp-rotule.jpg","gt_translate_keys":["label"]},{"label":"Aucun (sur pied de CCL par exemple)","price":"0","image":"https:\/\/soundrums-france.com\/wp-content\/uploads\/2021\/06\/tom-sur-pied.jpg","image_id":"33226","thumb":"https:\/\/soundrums-france.com\/wp-content\/uploads\/2021\/06\/tom-sur-pied-150x150.jpg","value":"2","thumb_src":"https:\/\/soundrums-france.com\/wp-content\/uploads\/2021\/06\/tom-sur-pied.jpg","gt_translate_keys":["label"]}],"relations":false,"active":true,"tooltip":"","layOut":"","disp_size_img":{"width":"","height":""},"gt_translate_keys":["label","tooltip"],"price_dependency":false,"cl_dependency":false,"value":""}],[{"type":"radio-group","elementId":"wcpa-radio-group-6152dc007e4c6","label":"Fixation du tom","enablePrice":true,"priceOptions":"different_for_all","pricingType":"fixed","name":"radio-group-6152dc007e4d0","other_text":"Autre","cl_rule":"show","col":6,"values":[{"label":"Attache fixe","value":"option-1","price":"0","pimage":"","pimage_id":"","pthumb":"","gt_translate_keys":["label"]},{"label":"Attache suspendue","value":"option-2","price":"29","pimage":"","pimage_id":"","pthumb":"","gt_translate_keys":["label"]}],"relations":false,"active":true,"tooltip":"","layOut":"","gt_translate_keys":["label","tooltip"],"price_dependency":false,"cl_dependency":false,"value":""}]]}},"config":{"price_override":"","enable_recaptcha":false,"bind_quantity":false,"quantity_bind_formula":false,"disp_summ_show_option_price":true,"disp_summ_show_product_price":true,"disp_summ_show_total_price":true,"disp_summ_show_fee":false,"disp_summ_show_discount":false,"summary_title":"","options_total_label":"Montant des options","total_label":"Total","options_product_label":"Prix du produit","fee_label":"Frais","discount_label":"Discount","has_price":true,"has_quantity_formula":false},"mc_unit":1,"tax_rate":1,"tax_rate_real":0.2,"discount":{"percentage":0,"fixed":0},"design":{"conf":{"LabelPosition":"above","DescPosition":"left","UploadField":"custom_1","QuantityFieldStyle":"default"},"css":{"LeftLabelWidth":"120px"}},"formulas":[],"clones":false,"cartKey":false}},"_links":{"self":[{"href":"https:\/\/soundrums-france.com\/index.php\/wp-json\/wp\/v2\/product\/33407","targetHints":{"allow":["GET"]}}],"collection":[{"href":"https:\/\/soundrums-france.com\/index.php\/wp-json\/wp\/v2\/product"}],"about":[{"href":"https:\/\/soundrums-france.com\/index.php\/wp-json\/wp\/v2\/types\/product"}],"replies":[{"embeddable":true,"href":"https:\/\/soundrums-france.com\/index.php\/wp-json\/wp\/v2\/comments?post=33407"}],"version-history":[{"count":1,"href":"https:\/\/soundrums-france.com\/index.php\/wp-json\/wp\/v2\/product\/33407\/revisions"}],"predecessor-version":[{"id":33409,"href":"https:\/\/soundrums-france.com\/index.php\/wp-json\/wp\/v2\/product\/33407\/revisions\/33409"}],"wp:featuredmedia":[{"embeddable":true,"href":"https:\/\/soundrums-france.com\/index.php\/wp-json\/wp\/v2\/media\/33395"}],"wp:attachment":[{"href":"https:\/\/soundrums-france.com\/index.php\/wp-json\/wp\/v2\/media?parent=33407"}],"wp:term":[{"taxonomy":"product_cat","embeddable":true,"href":"https:\/\/soundrums-france.com\/index.php\/wp-json\/wp\/v2\/product_cat?post=33407"},{"taxonomy":"product_tag","embeddable":true,"href":"https:\/\/soundrums-france.com\/index.php\/wp-json\/wp\/v2\/product_tag?post=33407"}],"curies":[{"name":"wp","href":"https:\/\/api.w.org\/{rel}","templated":true}]}}