{"id":33479,"date":"2021-10-07T08:39:36","date_gmt":"2021-10-07T06:39:36","guid":{"rendered":"https:\/\/soundrums-france.com\/?post_type=product&#038;p=33479"},"modified":"2024-06-19T11:12:48","modified_gmt":"2024-06-19T09:12:48","slug":"protection-auditive-pacato","status":"publish","type":"product","link":"https:\/\/soundrums-france.com\/index.php\/produit\/protection-auditive-pacato\/","title":{"rendered":"Protection auditive Pacato"},"content":{"rendered":"<p><span id=\"result_box\" lang=\"fr\" xml:lang=\"fr\"><span class=\"hps\"><span id=\"productDescription\" class=\"cms-copy\">Son design exclusif laisse l&rsquo;air circuler dans l&rsquo;oreille, r\u00e9duisant ainsi l&rsquo;impression d&rsquo;\u00eatre coup\u00e9 de l&rsquo;ext\u00e9rieur (basses accentu\u00e9es) et offrant un confort in\u00e9gal\u00e9. Cette protection, s\u00e9lectionn\u00e9e par Soundrums, est l\u00e0 pour vous permettre d&rsquo;\u00e9couter et de jouer de la musique sans risquer d&rsquo;endommager votre audition. <\/span><br \/>\n<span id=\"subBrandDescription\" class=\"cms-copy sub-brand-description\"> <span class=\"screen-sm-hidden\"><br \/>\n<\/span> Chaque musicien doit prot\u00e9ger son audition des d\u00e9g\u00e2ts caus\u00e9s par l&rsquo;exposition prolong\u00e9e \u00e0 de forts volumes sonores. Toute la gamme de protections auditives est l\u00e0 pour vous permettre d&rsquo;\u00e9couter et de jouer de la musique en minimisant le risque d&rsquo;endommager votre audition.<\/span><\/span><\/span><\/p>\n","protected":false},"excerpt":{"rendered":"<div id=\"gt-res-content\" class=\"almost_half_cell\">\n<div dir=\"ltr\"><span lang=\"fr\" xml:lang=\"fr\"><span lang=\"fr\" xml:lang=\"fr\"><span class=\"hps\"><span id=\"productDescription\" class=\"cms-copy\">La protection auditive Pacato est un filtre audio r\u00e9utilisable universel con\u00e7u pour les musiciens et m\u00e9lomanes. L\u00e0 o\u00f9 des bouchons d&rsquo;oreille traditionnels semblent \u00e9touffer ou d\u00e9naturer le son, les filtres Pacato laissent passer l&rsquo;int\u00e9gralit\u00e9 du spectre audio \u00e0 un niveau d&rsquo;\u00e9coute sans danger.\u00a0 Chaque musicien doit prot\u00e9ger son audition des d\u00e9g\u00e2ts caus\u00e9s par l&rsquo;<span lang=\"fr\">exposition <\/span>prolong\u00e9e \u00e0 de forts volumes sonores. <\/span><br \/>\n<\/span><\/span><\/span><\/p>\n<ul class=\"product-details-list open\">\n<li>Filtre audio r\u00e9utilisable de taille universelle<\/li>\n<li>Id\u00e9al pour repr\u00e9sentations en public et concerts<\/li>\n<li>R\u00e9duction sonore moyenne de 12 dB<\/li>\n<li>Fourni avec un \u00e9tui de transport pratique<\/li>\n<\/ul>\n<\/div>\n<\/div>\n","protected":false},"featured_media":33480,"comment_status":"open","ping_status":"closed","template":"","meta":{"_uag_custom_page_level_css":"","site-sidebar-layout":"default","site-content-layout":"default","ast-global-header-display":"","ast-banner-title-visibility":"","ast-main-header-display":"","ast-hfb-above-header-display":"","ast-hfb-below-header-display":"","ast-hfb-mobile-header-display":"","site-post-title":"","ast-breadcrumbs-content":"","ast-featured-img":"","footer-sml-layout":"","theme-transparent-header-meta":"","adv-header-id-meta":"","stick-header-meta":"","header-above-stick-meta":"","header-main-stick-meta":"","header-below-stick-meta":""},"product_cat":[292,187,278,229,227],"product_tag":[],"class_list":{"0":"post-33479","1":"product","2":"type-product","3":"status-publish","4":"has-post-thumbnail","6":"product_cat-protections-diverses","7":"product_cat-accessoires","8":"product_cat-protections-auditives","9":"product_cat-autres-accessoires","10":"product_cat-autres","11":"desktop-align-left","12":"tablet-align-left","13":"mobile-align-left","15":"first","16":"instock","17":"sale","18":"taxable","19":"shipping-taxable","20":"purchasable","21":"product-type-simple"},"yoast_head":"<!-- This site is optimized with the Yoast SEO plugin v24.1 - https:\/\/yoast.com\/wordpress\/plugins\/seo\/ -->\n<title>Protection auditive Pacato - Soundrums<\/title>\n<meta name=\"description\" content=\"Venez d\u00e9couvrir notre Protection auditive Pacato haute de gamme.\" \/>\n<meta name=\"robots\" content=\"index, follow, max-snippet:-1, max-image-preview:large, max-video-preview:-1\" \/>\n<link rel=\"canonical\" href=\"https:\/\/soundrums-france.com\/index.php\/produit\/protection-auditive-pacato\/\" \/>\n<meta property=\"og:locale\" content=\"fr_FR\" \/>\n<meta property=\"og:type\" content=\"article\" \/>\n<meta property=\"og:title\" content=\"Protection auditive Pacato - Soundrums\" \/>\n<meta property=\"og:description\" content=\"Venez d\u00e9couvrir notre Protection auditive Pacato haute de gamme.\" \/>\n<meta property=\"og:url\" content=\"https:\/\/soundrums-france.com\/index.php\/produit\/protection-auditive-pacato\/\" \/>\n<meta property=\"og:site_name\" content=\"Soundrums\" \/>\n<meta property=\"article:publisher\" content=\"https:\/\/www.facebook.com\/soundrums\/\" \/>\n<meta property=\"article:modified_time\" content=\"2024-06-19T09:12:48+00:00\" \/>\n<meta property=\"og:image\" content=\"https:\/\/soundrums-france.com\/wp-content\/uploads\/2021\/10\/large.png\" \/>\n\t<meta property=\"og:image:width\" content=\"645\" \/>\n\t<meta property=\"og:image:height\" content=\"645\" \/>\n\t<meta property=\"og:image:type\" content=\"image\/png\" \/>\n<meta name=\"twitter:card\" content=\"summary_large_image\" \/>\n<meta name=\"twitter:label1\" content=\"Dur\u00e9e de lecture estim\u00e9e\" \/>\n\t<meta name=\"twitter:data1\" content=\"1 minute\" \/>\n<script type=\"application\/ld+json\" class=\"yoast-schema-graph\">{\"@context\":\"https:\/\/schema.org\",\"@graph\":[{\"@type\":\"WebPage\",\"@id\":\"https:\/\/soundrums-france.com\/index.php\/produit\/protection-auditive-pacato\/\",\"url\":\"https:\/\/soundrums-france.com\/index.php\/produit\/protection-auditive-pacato\/\",\"name\":\"Protection auditive Pacato - Soundrums\",\"isPartOf\":{\"@id\":\"https:\/\/soundrums-france.com\/#website\"},\"primaryImageOfPage\":{\"@id\":\"https:\/\/soundrums-france.com\/index.php\/produit\/protection-auditive-pacato\/#primaryimage\"},\"image\":{\"@id\":\"https:\/\/soundrums-france.com\/index.php\/produit\/protection-auditive-pacato\/#primaryimage\"},\"thumbnailUrl\":\"https:\/\/soundrums-france.com\/wp-content\/uploads\/2021\/10\/large.png\",\"datePublished\":\"2021-10-07T06:39:36+00:00\",\"dateModified\":\"2024-06-19T09:12:48+00:00\",\"description\":\"Venez d\u00e9couvrir notre Protection auditive Pacato haute de gamme.\",\"breadcrumb\":{\"@id\":\"https:\/\/soundrums-france.com\/index.php\/produit\/protection-auditive-pacato\/#breadcrumb\"},\"inLanguage\":\"fr-FR\",\"potentialAction\":[{\"@type\":\"ReadAction\",\"target\":[\"https:\/\/soundrums-france.com\/index.php\/produit\/protection-auditive-pacato\/\"]}]},{\"@type\":\"ImageObject\",\"inLanguage\":\"fr-FR\",\"@id\":\"https:\/\/soundrums-france.com\/index.php\/produit\/protection-auditive-pacato\/#primaryimage\",\"url\":\"https:\/\/soundrums-france.com\/wp-content\/uploads\/2021\/10\/large.png\",\"contentUrl\":\"https:\/\/soundrums-france.com\/wp-content\/uploads\/2021\/10\/large.png\",\"width\":645,\"height\":645,\"caption\":\"Protections auditives\"},{\"@type\":\"BreadcrumbList\",\"@id\":\"https:\/\/soundrums-france.com\/index.php\/produit\/protection-auditive-pacato\/#breadcrumb\",\"itemListElement\":[{\"@type\":\"ListItem\",\"position\":1,\"name\":\"Accueil\",\"item\":\"https:\/\/soundrums-france.com\/\"},{\"@type\":\"ListItem\",\"position\":2,\"name\":\"Des produits\",\"item\":\"https:\/\/soundrums-france.com\/index.php\/shop\/\"},{\"@type\":\"ListItem\",\"position\":3,\"name\":\"Protection auditive Pacato\"}]},{\"@type\":\"WebSite\",\"@id\":\"https:\/\/soundrums-france.com\/#website\",\"url\":\"https:\/\/soundrums-france.com\/\",\"name\":\"Soundrums\",\"description\":\"Manufacture Fran\u00e7aise de tambours\",\"publisher\":{\"@id\":\"https:\/\/soundrums-france.com\/#organization\"},\"potentialAction\":[{\"@type\":\"SearchAction\",\"target\":{\"@type\":\"EntryPoint\",\"urlTemplate\":\"https:\/\/soundrums-france.com\/?s={search_term_string}\"},\"query-input\":{\"@type\":\"PropertyValueSpecification\",\"valueRequired\":true,\"valueName\":\"search_term_string\"}}],\"inLanguage\":\"fr-FR\"},{\"@type\":\"Organization\",\"@id\":\"https:\/\/soundrums-france.com\/#organization\",\"name\":\"Soundrums-france\",\"url\":\"https:\/\/soundrums-france.com\/\",\"logo\":{\"@type\":\"ImageObject\",\"inLanguage\":\"fr-FR\",\"@id\":\"https:\/\/soundrums-france.com\/#\/schema\/logo\/image\/\",\"url\":\"https:\/\/soundrums-france.com\/wp-content\/uploads\/2020\/10\/LogoSD_HD.jpg\",\"contentUrl\":\"https:\/\/soundrums-france.com\/wp-content\/uploads\/2020\/10\/LogoSD_HD.jpg\",\"width\":1280,\"height\":930,\"caption\":\"Soundrums-france\"},\"image\":{\"@id\":\"https:\/\/soundrums-france.com\/#\/schema\/logo\/image\/\"},\"sameAs\":[\"https:\/\/www.facebook.com\/soundrums\/\",\"https:\/\/www.youtube.com\/channel\/UC4S_W_0ZCdUFH3Y9xkv5bEw\"]}]}<\/script>\n<!-- \/ Yoast SEO plugin. -->","yoast_head_json":{"title":"Protection auditive Pacato - Soundrums","description":"Venez d\u00e9couvrir notre Protection auditive Pacato haute de gamme.","robots":{"index":"index","follow":"follow","max-snippet":"max-snippet:-1","max-image-preview":"max-image-preview:large","max-video-preview":"max-video-preview:-1"},"canonical":"https:\/\/soundrums-france.com\/index.php\/produit\/protection-auditive-pacato\/","og_locale":"fr_FR","og_type":"article","og_title":"Protection auditive Pacato - Soundrums","og_description":"Venez d\u00e9couvrir notre Protection auditive Pacato haute de gamme.","og_url":"https:\/\/soundrums-france.com\/index.php\/produit\/protection-auditive-pacato\/","og_site_name":"Soundrums","article_publisher":"https:\/\/www.facebook.com\/soundrums\/","article_modified_time":"2024-06-19T09:12:48+00:00","og_image":[{"width":645,"height":645,"url":"https:\/\/soundrums-france.com\/wp-content\/uploads\/2021\/10\/large.png","type":"image\/png"}],"twitter_card":"summary_large_image","twitter_misc":{"Dur\u00e9e de lecture estim\u00e9e":"1 minute"},"schema":{"@context":"https:\/\/schema.org","@graph":[{"@type":"WebPage","@id":"https:\/\/soundrums-france.com\/index.php\/produit\/protection-auditive-pacato\/","url":"https:\/\/soundrums-france.com\/index.php\/produit\/protection-auditive-pacato\/","name":"Protection auditive Pacato - Soundrums","isPartOf":{"@id":"https:\/\/soundrums-france.com\/#website"},"primaryImageOfPage":{"@id":"https:\/\/soundrums-france.com\/index.php\/produit\/protection-auditive-pacato\/#primaryimage"},"image":{"@id":"https:\/\/soundrums-france.com\/index.php\/produit\/protection-auditive-pacato\/#primaryimage"},"thumbnailUrl":"https:\/\/soundrums-france.com\/wp-content\/uploads\/2021\/10\/large.png","datePublished":"2021-10-07T06:39:36+00:00","dateModified":"2024-06-19T09:12:48+00:00","description":"Venez d\u00e9couvrir notre Protection auditive Pacato haute de gamme.","breadcrumb":{"@id":"https:\/\/soundrums-france.com\/index.php\/produit\/protection-auditive-pacato\/#breadcrumb"},"inLanguage":"fr-FR","potentialAction":[{"@type":"ReadAction","target":["https:\/\/soundrums-france.com\/index.php\/produit\/protection-auditive-pacato\/"]}]},{"@type":"ImageObject","inLanguage":"fr-FR","@id":"https:\/\/soundrums-france.com\/index.php\/produit\/protection-auditive-pacato\/#primaryimage","url":"https:\/\/soundrums-france.com\/wp-content\/uploads\/2021\/10\/large.png","contentUrl":"https:\/\/soundrums-france.com\/wp-content\/uploads\/2021\/10\/large.png","width":645,"height":645,"caption":"Protections auditives"},{"@type":"BreadcrumbList","@id":"https:\/\/soundrums-france.com\/index.php\/produit\/protection-auditive-pacato\/#breadcrumb","itemListElement":[{"@type":"ListItem","position":1,"name":"Accueil","item":"https:\/\/soundrums-france.com\/"},{"@type":"ListItem","position":2,"name":"Des produits","item":"https:\/\/soundrums-france.com\/index.php\/shop\/"},{"@type":"ListItem","position":3,"name":"Protection auditive Pacato"}]},{"@type":"WebSite","@id":"https:\/\/soundrums-france.com\/#website","url":"https:\/\/soundrums-france.com\/","name":"Soundrums","description":"Manufacture Fran\u00e7aise de tambours","publisher":{"@id":"https:\/\/soundrums-france.com\/#organization"},"potentialAction":[{"@type":"SearchAction","target":{"@type":"EntryPoint","urlTemplate":"https:\/\/soundrums-france.com\/?s={search_term_string}"},"query-input":{"@type":"PropertyValueSpecification","valueRequired":true,"valueName":"search_term_string"}}],"inLanguage":"fr-FR"},{"@type":"Organization","@id":"https:\/\/soundrums-france.com\/#organization","name":"Soundrums-france","url":"https:\/\/soundrums-france.com\/","logo":{"@type":"ImageObject","inLanguage":"fr-FR","@id":"https:\/\/soundrums-france.com\/#\/schema\/logo\/image\/","url":"https:\/\/soundrums-france.com\/wp-content\/uploads\/2020\/10\/LogoSD_HD.jpg","contentUrl":"https:\/\/soundrums-france.com\/wp-content\/uploads\/2020\/10\/LogoSD_HD.jpg","width":1280,"height":930,"caption":"Soundrums-france"},"image":{"@id":"https:\/\/soundrums-france.com\/#\/schema\/logo\/image\/"},"sameAs":["https:\/\/www.facebook.com\/soundrums\/","https:\/\/www.youtube.com\/channel\/UC4S_W_0ZCdUFH3Y9xkv5bEw"]}]}},"uagb_featured_image_src":{"full":["https:\/\/soundrums-france.com\/wp-content\/uploads\/2021\/10\/large.png",645,645,false],"thumbnail":["https:\/\/soundrums-france.com\/wp-content\/uploads\/2021\/10\/large.png",150,150,false],"medium":["https:\/\/soundrums-france.com\/wp-content\/uploads\/2021\/10\/large.png",300,300,false],"medium_large":["https:\/\/soundrums-france.com\/wp-content\/uploads\/2021\/10\/large.png",645,645,false],"large":["https:\/\/soundrums-france.com\/wp-content\/uploads\/2021\/10\/large.png",645,645,false],"1536x1536":["https:\/\/soundrums-france.com\/wp-content\/uploads\/2021\/10\/large.png",645,645,false],"2048x2048":["https:\/\/soundrums-france.com\/wp-content\/uploads\/2021\/10\/large.png",645,645,false],"woocommerce_thumbnail":["https:\/\/soundrums-france.com\/wp-content\/uploads\/2021\/10\/large.png",300,300,false],"woocommerce_single":["https:\/\/soundrums-france.com\/wp-content\/uploads\/2021\/10\/large.png",600,600,false],"woocommerce_gallery_thumbnail":["https:\/\/soundrums-france.com\/wp-content\/uploads\/2021\/10\/large.png",100,100,false]},"uagb_author_info":{"display_name":"Emmanuel JAY","author_link":"https:\/\/soundrums-france.com\/index.php\/author\/"},"uagb_comment_info":0,"uagb_excerpt":"La protection auditive Pacato est un filtre audio r\u00e9utilisable universel con\u00e7u pour les musiciens et m\u00e9lomanes. L\u00e0 o\u00f9 des bouchons d'oreille traditionnels semblent \u00e9touffer ou d\u00e9naturer le son, les filtres Pacato laissent passer l'int\u00e9gralit\u00e9 du spectre audio \u00e0 un niveau d'\u00e9coute sans danger.\u00a0 Chaque musicien doit prot\u00e9ger son audition des d\u00e9g\u00e2ts caus\u00e9s par l'exposition prolong\u00e9e\u2026","wcpa_form_fields":null,"_links":{"self":[{"href":"https:\/\/soundrums-france.com\/index.php\/wp-json\/wp\/v2\/product\/33479","targetHints":{"allow":["GET"]}}],"collection":[{"href":"https:\/\/soundrums-france.com\/index.php\/wp-json\/wp\/v2\/product"}],"about":[{"href":"https:\/\/soundrums-france.com\/index.php\/wp-json\/wp\/v2\/types\/product"}],"replies":[{"embeddable":true,"href":"https:\/\/soundrums-france.com\/index.php\/wp-json\/wp\/v2\/comments?post=33479"}],"version-history":[{"count":1,"href":"https:\/\/soundrums-france.com\/index.php\/wp-json\/wp\/v2\/product\/33479\/revisions"}],"predecessor-version":[{"id":36918,"href":"https:\/\/soundrums-france.com\/index.php\/wp-json\/wp\/v2\/product\/33479\/revisions\/36918"}],"wp:featuredmedia":[{"embeddable":true,"href":"https:\/\/soundrums-france.com\/index.php\/wp-json\/wp\/v2\/media\/33480"}],"wp:attachment":[{"href":"https:\/\/soundrums-france.com\/index.php\/wp-json\/wp\/v2\/media?parent=33479"}],"wp:term":[{"taxonomy":"product_cat","embeddable":true,"href":"https:\/\/soundrums-france.com\/index.php\/wp-json\/wp\/v2\/product_cat?post=33479"},{"taxonomy":"product_tag","embeddable":true,"href":"https:\/\/soundrums-france.com\/index.php\/wp-json\/wp\/v2\/product_tag?post=33479"}],"curies":[{"name":"wp","href":"https:\/\/api.w.org\/{rel}","templated":true}]}}