{"id":33493,"date":"2021-10-16T14:31:14","date_gmt":"2021-10-16T12:31:14","guid":{"rendered":"https:\/\/soundrums-france.com\/?post_type=product&#038;p=33493"},"modified":"2022-09-24T17:44:29","modified_gmt":"2022-09-24T15:44:29","slug":"tambour-a-corde-5-4-modele-signature-orbatum","status":"publish","type":"product","link":"https:\/\/soundrums-france.com\/index.php\/produit\/tambour-a-corde-5-4-modele-signature-orbatum\/","title":{"rendered":"Tambour \u00e0 Corde 5\/4 mod\u00e8le Signature ORBATUM"},"content":{"rendered":"<p>Le mod\u00e8le de tambour \u00e0 corde signature \u00ab ORBATUM \u00bb Soundrums\u00ae est un instrument haut de gamme, puissant et moderne. Toutes les qualit\u00e9s acoustiques et esth\u00e9tiques sont int\u00e9gr\u00e9es dans un seul instrument. Efficacit\u00e9, pr\u00e9cision, puissance et souplesse. Avec son f\u00fbt \u00ab\u00a0Alusound\u00a0\u00bb renforc\u00e9 de 16&Prime;X16&Prime; et toutes les options de timbres possibles, vous pourrez moduler le son et la clart\u00e9 de l&rsquo;instrument avec un grand nombre de couleurs sonores. Ses grandes dimensions lui offrent une belle projection. M\u00eame le service maintenance vous est offert pendant 1 an ! Entrez dans l\u2019univers du groupe ORBATUM\u2026 Vous \u00eates avec un instrument d\u2019exception alliant tradition et modernit\u00e9 !<\/p>\n","protected":false},"excerpt":{"rendered":"<p><strong>Tambour \u00e0 Corde mod\u00e8le Signature ORBATUM 16 X 16<br \/>\n<\/strong><\/p>\n<p>&#8211; Fabrication artisanale fran\u00e7aise<br \/>\n&#8211; F\u00fbt \u201cALUSOUND\u201d avec r\u00e9partiteur harmonique<br \/>\n&#8211; Renforts de f\u00fbt aluminium et finition sensitive<br \/>\n&#8211; Coloris : Alu sabl\u00e9.<br \/>\n&#8211; Diam\u00e8tres 16\u201d (5\/4)<br \/>\n&#8211; Hauteur du f\u00fbt 16\u201d<br \/>\n&#8211; Dimensions totales 16&Prime;X19&Prime;<br \/>\n&#8211; Cercles H\u00eatre haute qualit\u00e9, coloris bleu vernis avec liseret blanc.<br \/>\n&#8211; Vernis sp\u00e9cifique pour la protection du cercle<br \/>\n&#8211; Cordage Drisse-polyester pr\u00e9-\u00e9tir\u00e9 blanc Fabriqu\u00e9 en France<br \/>\n&#8211; Tirants cousus &#8211; Coloris Bleu royal &#8211; Finition bords cir\u00e9s 100% fait main (Cuir fran\u00e7ais, tannage v\u00e9g\u00e9tal)<br \/>\n&#8211; Triple d\u00e9clencheur haute pr\u00e9cision<br \/>\n&#8211; 3 Timbres :\u00a0 Boyau fin + Boyau \u00e9pais + Crystal Sound<br \/>\n&#8211; Muffle att\u00e9nuateur d\u2019harmoniques \u201cRing Control\u201d<br \/>\n&#8211; Peau de frappe REMO \u201cRenaissance\u00ae\u201d<br \/>\n&#8211; Crochet d\u2019attache INOX \/ CUIR<br \/>\n&#8211; Option Tranquillit\u00e9 12 mois OFFERTE Maintenance &amp; entretien<\/p>\n<p><strong>D\u00e9lai de fabrication et de livraison environ 5 \u00e0 8 semaines.<\/strong><\/p>\n","protected":false},"featured_media":33518,"comment_status":"closed","ping_status":"closed","template":"","meta":{"_uag_custom_page_level_css":"","site-sidebar-layout":"default","site-content-layout":"default","ast-global-header-display":"","ast-banner-title-visibility":"","ast-main-header-display":"","ast-hfb-above-header-display":"","ast-hfb-below-header-display":"","ast-hfb-mobile-header-display":"","site-post-title":"","ast-breadcrumbs-content":"","ast-featured-img":"","footer-sml-layout":"","theme-transparent-header-meta":"","adv-header-id-meta":"","stick-header-meta":"","header-above-stick-meta":"","header-main-stick-meta":"","header-below-stick-meta":""},"product_cat":[186,190],"product_tag":[222,218],"class_list":{"0":"post-33493","1":"product","2":"type-product","3":"status-publish","4":"has-post-thumbnail","6":"product_cat-instruments","7":"product_cat-tambours_corde","8":"product_tag-privilege-alu","9":"product_tag-privilege","10":"product_shipping_class-tambours","11":"desktop-align-left","12":"tablet-align-left","13":"mobile-align-left","15":"first","16":"instock","17":"taxable","18":"shipping-taxable","19":"purchasable","20":"product-type-simple"},"yoast_head":"<!-- This site is optimized with the Yoast SEO plugin v24.1 - https:\/\/yoast.com\/wordpress\/plugins\/seo\/ -->\n<title>Tambour \u00e0 Corde 5\/4 mod\u00e8le Signature ORBATUM - Soundrums<\/title>\n<meta name=\"description\" content=\"Venez d\u00e9couvrir notre Tambour \u00e0 Corde 5\/4 mod\u00e8le Signature ORBATUM haute de gamme.\" \/>\n<meta name=\"robots\" content=\"index, follow, max-snippet:-1, max-image-preview:large, max-video-preview:-1\" \/>\n<link rel=\"canonical\" href=\"https:\/\/soundrums-france.com\/index.php\/produit\/tambour-a-corde-5-4-modele-signature-orbatum\/\" \/>\n<meta property=\"og:locale\" content=\"fr_FR\" \/>\n<meta property=\"og:type\" content=\"article\" \/>\n<meta property=\"og:title\" content=\"Tambour \u00e0 Corde 5\/4 mod\u00e8le Signature ORBATUM - Soundrums\" \/>\n<meta property=\"og:description\" content=\"Venez d\u00e9couvrir notre Tambour \u00e0 Corde 5\/4 mod\u00e8le Signature ORBATUM haute de gamme.\" \/>\n<meta property=\"og:url\" content=\"https:\/\/soundrums-france.com\/index.php\/produit\/tambour-a-corde-5-4-modele-signature-orbatum\/\" \/>\n<meta property=\"og:site_name\" content=\"Soundrums\" \/>\n<meta property=\"article:publisher\" content=\"https:\/\/www.facebook.com\/soundrums\/\" \/>\n<meta property=\"article:modified_time\" content=\"2022-09-24T15:44:29+00:00\" \/>\n<meta property=\"og:image\" content=\"https:\/\/soundrums-france.com\/wp-content\/uploads\/2021\/10\/Signature-Obatum-16x19-01.jpg\" \/>\n\t<meta property=\"og:image:width\" content=\"1200\" \/>\n\t<meta property=\"og:image:height\" content=\"1200\" \/>\n\t<meta property=\"og:image:type\" content=\"image\/jpeg\" \/>\n<meta name=\"twitter:card\" content=\"summary_large_image\" \/>\n<meta name=\"twitter:label1\" content=\"Dur\u00e9e de lecture estim\u00e9e\" \/>\n\t<meta name=\"twitter:data1\" content=\"1 minute\" \/>\n<script type=\"application\/ld+json\" class=\"yoast-schema-graph\">{\"@context\":\"https:\/\/schema.org\",\"@graph\":[{\"@type\":\"WebPage\",\"@id\":\"https:\/\/soundrums-france.com\/index.php\/produit\/tambour-a-corde-5-4-modele-signature-orbatum\/\",\"url\":\"https:\/\/soundrums-france.com\/index.php\/produit\/tambour-a-corde-5-4-modele-signature-orbatum\/\",\"name\":\"Tambour \u00e0 Corde 5\/4 mod\u00e8le Signature ORBATUM - Soundrums\",\"isPartOf\":{\"@id\":\"https:\/\/soundrums-france.com\/#website\"},\"primaryImageOfPage\":{\"@id\":\"https:\/\/soundrums-france.com\/index.php\/produit\/tambour-a-corde-5-4-modele-signature-orbatum\/#primaryimage\"},\"image\":{\"@id\":\"https:\/\/soundrums-france.com\/index.php\/produit\/tambour-a-corde-5-4-modele-signature-orbatum\/#primaryimage\"},\"thumbnailUrl\":\"https:\/\/soundrums-france.com\/wp-content\/uploads\/2021\/10\/Signature-Obatum-16x19-01.webp\",\"datePublished\":\"2021-10-16T12:31:14+00:00\",\"dateModified\":\"2022-09-24T15:44:29+00:00\",\"description\":\"Venez d\u00e9couvrir notre Tambour \u00e0 Corde 5\/4 mod\u00e8le Signature ORBATUM haute de gamme.\",\"breadcrumb\":{\"@id\":\"https:\/\/soundrums-france.com\/index.php\/produit\/tambour-a-corde-5-4-modele-signature-orbatum\/#breadcrumb\"},\"inLanguage\":\"fr-FR\",\"potentialAction\":[{\"@type\":\"ReadAction\",\"target\":[\"https:\/\/soundrums-france.com\/index.php\/produit\/tambour-a-corde-5-4-modele-signature-orbatum\/\"]}]},{\"@type\":\"ImageObject\",\"inLanguage\":\"fr-FR\",\"@id\":\"https:\/\/soundrums-france.com\/index.php\/produit\/tambour-a-corde-5-4-modele-signature-orbatum\/#primaryimage\",\"url\":\"https:\/\/soundrums-france.com\/wp-content\/uploads\/2021\/10\/Signature-Obatum-16x19-01.webp\",\"contentUrl\":\"https:\/\/soundrums-france.com\/wp-content\/uploads\/2021\/10\/Signature-Obatum-16x19-01.webp\",\"width\":1200,\"height\":1200,\"caption\":\"Tambour ORBATUM signature - Soundrums\"},{\"@type\":\"BreadcrumbList\",\"@id\":\"https:\/\/soundrums-france.com\/index.php\/produit\/tambour-a-corde-5-4-modele-signature-orbatum\/#breadcrumb\",\"itemListElement\":[{\"@type\":\"ListItem\",\"position\":1,\"name\":\"Accueil\",\"item\":\"https:\/\/soundrums-france.com\/\"},{\"@type\":\"ListItem\",\"position\":2,\"name\":\"Des produits\",\"item\":\"https:\/\/soundrums-france.com\/index.php\/shop\/\"},{\"@type\":\"ListItem\",\"position\":3,\"name\":\"Tambour \u00e0 Corde 5\/4 mod\u00e8le Signature ORBATUM\"}]},{\"@type\":\"WebSite\",\"@id\":\"https:\/\/soundrums-france.com\/#website\",\"url\":\"https:\/\/soundrums-france.com\/\",\"name\":\"Soundrums\",\"description\":\"Manufacture Fran\u00e7aise de tambours\",\"publisher\":{\"@id\":\"https:\/\/soundrums-france.com\/#organization\"},\"potentialAction\":[{\"@type\":\"SearchAction\",\"target\":{\"@type\":\"EntryPoint\",\"urlTemplate\":\"https:\/\/soundrums-france.com\/?s={search_term_string}\"},\"query-input\":{\"@type\":\"PropertyValueSpecification\",\"valueRequired\":true,\"valueName\":\"search_term_string\"}}],\"inLanguage\":\"fr-FR\"},{\"@type\":\"Organization\",\"@id\":\"https:\/\/soundrums-france.com\/#organization\",\"name\":\"Soundrums-france\",\"url\":\"https:\/\/soundrums-france.com\/\",\"logo\":{\"@type\":\"ImageObject\",\"inLanguage\":\"fr-FR\",\"@id\":\"https:\/\/soundrums-france.com\/#\/schema\/logo\/image\/\",\"url\":\"https:\/\/soundrums-france.com\/wp-content\/uploads\/2020\/10\/LogoSD_HD.jpg\",\"contentUrl\":\"https:\/\/soundrums-france.com\/wp-content\/uploads\/2020\/10\/LogoSD_HD.jpg\",\"width\":1280,\"height\":930,\"caption\":\"Soundrums-france\"},\"image\":{\"@id\":\"https:\/\/soundrums-france.com\/#\/schema\/logo\/image\/\"},\"sameAs\":[\"https:\/\/www.facebook.com\/soundrums\/\",\"https:\/\/www.youtube.com\/channel\/UC4S_W_0ZCdUFH3Y9xkv5bEw\"]}]}<\/script>\n<!-- \/ Yoast SEO plugin. -->","yoast_head_json":{"title":"Tambour \u00e0 Corde 5\/4 mod\u00e8le Signature ORBATUM - Soundrums","description":"Venez d\u00e9couvrir notre Tambour \u00e0 Corde 5\/4 mod\u00e8le Signature ORBATUM haute de gamme.","robots":{"index":"index","follow":"follow","max-snippet":"max-snippet:-1","max-image-preview":"max-image-preview:large","max-video-preview":"max-video-preview:-1"},"canonical":"https:\/\/soundrums-france.com\/index.php\/produit\/tambour-a-corde-5-4-modele-signature-orbatum\/","og_locale":"fr_FR","og_type":"article","og_title":"Tambour \u00e0 Corde 5\/4 mod\u00e8le Signature ORBATUM - Soundrums","og_description":"Venez d\u00e9couvrir notre Tambour \u00e0 Corde 5\/4 mod\u00e8le Signature ORBATUM haute de gamme.","og_url":"https:\/\/soundrums-france.com\/index.php\/produit\/tambour-a-corde-5-4-modele-signature-orbatum\/","og_site_name":"Soundrums","article_publisher":"https:\/\/www.facebook.com\/soundrums\/","article_modified_time":"2022-09-24T15:44:29+00:00","og_image":[{"width":1200,"height":1200,"url":"https:\/\/soundrums-france.com\/wp-content\/uploads\/2021\/10\/Signature-Obatum-16x19-01.jpg","type":"image\/jpeg"}],"twitter_card":"summary_large_image","twitter_misc":{"Dur\u00e9e de lecture estim\u00e9e":"1 minute"},"schema":{"@context":"https:\/\/schema.org","@graph":[{"@type":"WebPage","@id":"https:\/\/soundrums-france.com\/index.php\/produit\/tambour-a-corde-5-4-modele-signature-orbatum\/","url":"https:\/\/soundrums-france.com\/index.php\/produit\/tambour-a-corde-5-4-modele-signature-orbatum\/","name":"Tambour \u00e0 Corde 5\/4 mod\u00e8le Signature ORBATUM - Soundrums","isPartOf":{"@id":"https:\/\/soundrums-france.com\/#website"},"primaryImageOfPage":{"@id":"https:\/\/soundrums-france.com\/index.php\/produit\/tambour-a-corde-5-4-modele-signature-orbatum\/#primaryimage"},"image":{"@id":"https:\/\/soundrums-france.com\/index.php\/produit\/tambour-a-corde-5-4-modele-signature-orbatum\/#primaryimage"},"thumbnailUrl":"https:\/\/soundrums-france.com\/wp-content\/uploads\/2021\/10\/Signature-Obatum-16x19-01.webp","datePublished":"2021-10-16T12:31:14+00:00","dateModified":"2022-09-24T15:44:29+00:00","description":"Venez d\u00e9couvrir notre Tambour \u00e0 Corde 5\/4 mod\u00e8le Signature ORBATUM haute de gamme.","breadcrumb":{"@id":"https:\/\/soundrums-france.com\/index.php\/produit\/tambour-a-corde-5-4-modele-signature-orbatum\/#breadcrumb"},"inLanguage":"fr-FR","potentialAction":[{"@type":"ReadAction","target":["https:\/\/soundrums-france.com\/index.php\/produit\/tambour-a-corde-5-4-modele-signature-orbatum\/"]}]},{"@type":"ImageObject","inLanguage":"fr-FR","@id":"https:\/\/soundrums-france.com\/index.php\/produit\/tambour-a-corde-5-4-modele-signature-orbatum\/#primaryimage","url":"https:\/\/soundrums-france.com\/wp-content\/uploads\/2021\/10\/Signature-Obatum-16x19-01.webp","contentUrl":"https:\/\/soundrums-france.com\/wp-content\/uploads\/2021\/10\/Signature-Obatum-16x19-01.webp","width":1200,"height":1200,"caption":"Tambour ORBATUM signature - Soundrums"},{"@type":"BreadcrumbList","@id":"https:\/\/soundrums-france.com\/index.php\/produit\/tambour-a-corde-5-4-modele-signature-orbatum\/#breadcrumb","itemListElement":[{"@type":"ListItem","position":1,"name":"Accueil","item":"https:\/\/soundrums-france.com\/"},{"@type":"ListItem","position":2,"name":"Des produits","item":"https:\/\/soundrums-france.com\/index.php\/shop\/"},{"@type":"ListItem","position":3,"name":"Tambour \u00e0 Corde 5\/4 mod\u00e8le Signature ORBATUM"}]},{"@type":"WebSite","@id":"https:\/\/soundrums-france.com\/#website","url":"https:\/\/soundrums-france.com\/","name":"Soundrums","description":"Manufacture Fran\u00e7aise de tambours","publisher":{"@id":"https:\/\/soundrums-france.com\/#organization"},"potentialAction":[{"@type":"SearchAction","target":{"@type":"EntryPoint","urlTemplate":"https:\/\/soundrums-france.com\/?s={search_term_string}"},"query-input":{"@type":"PropertyValueSpecification","valueRequired":true,"valueName":"search_term_string"}}],"inLanguage":"fr-FR"},{"@type":"Organization","@id":"https:\/\/soundrums-france.com\/#organization","name":"Soundrums-france","url":"https:\/\/soundrums-france.com\/","logo":{"@type":"ImageObject","inLanguage":"fr-FR","@id":"https:\/\/soundrums-france.com\/#\/schema\/logo\/image\/","url":"https:\/\/soundrums-france.com\/wp-content\/uploads\/2020\/10\/LogoSD_HD.jpg","contentUrl":"https:\/\/soundrums-france.com\/wp-content\/uploads\/2020\/10\/LogoSD_HD.jpg","width":1280,"height":930,"caption":"Soundrums-france"},"image":{"@id":"https:\/\/soundrums-france.com\/#\/schema\/logo\/image\/"},"sameAs":["https:\/\/www.facebook.com\/soundrums\/","https:\/\/www.youtube.com\/channel\/UC4S_W_0ZCdUFH3Y9xkv5bEw"]}]}},"uagb_featured_image_src":{"full":["https:\/\/soundrums-france.com\/wp-content\/uploads\/2021\/10\/Signature-Obatum-16x19-01.webp",1200,1200,false],"thumbnail":["https:\/\/soundrums-france.com\/wp-content\/uploads\/2021\/10\/Signature-Obatum-16x19-01-150x150.jpg",150,150,true],"medium":["https:\/\/soundrums-france.com\/wp-content\/uploads\/2021\/10\/Signature-Obatum-16x19-01-300x300.jpg",300,300,true],"medium_large":["https:\/\/soundrums-france.com\/wp-content\/uploads\/2021\/10\/Signature-Obatum-16x19-01-768x768.jpg",768,768,true],"large":["https:\/\/soundrums-france.com\/wp-content\/uploads\/2021\/10\/Signature-Obatum-16x19-01-1024x1024.jpg",1024,1024,true],"1536x1536":["https:\/\/soundrums-france.com\/wp-content\/uploads\/2021\/10\/Signature-Obatum-16x19-01.webp",1200,1200,false],"2048x2048":["https:\/\/soundrums-france.com\/wp-content\/uploads\/2021\/10\/Signature-Obatum-16x19-01.webp",1200,1200,false],"woocommerce_thumbnail":["https:\/\/soundrums-france.com\/wp-content\/uploads\/2021\/10\/Signature-Obatum-16x19-01-300x300.jpg",300,300,true],"woocommerce_single":["https:\/\/soundrums-france.com\/wp-content\/uploads\/2021\/10\/Signature-Obatum-16x19-01-600x600.jpg",600,600,true],"woocommerce_gallery_thumbnail":["https:\/\/soundrums-france.com\/wp-content\/uploads\/2021\/10\/Signature-Obatum-16x19-01-100x100.jpg",100,100,true]},"uagb_author_info":{"display_name":"Emmanuel JAY","author_link":"https:\/\/soundrums-france.com\/index.php\/author\/"},"uagb_comment_info":0,"uagb_excerpt":"Tambour \u00e0 Corde mod\u00e8le Signature ORBATUM 16 X 16 - Fabrication artisanale fran\u00e7aise - F\u00fbt \u201cALUSOUND\u201d avec r\u00e9partiteur harmonique - Renforts de f\u00fbt aluminium et finition sensitive - Coloris : Alu sabl\u00e9. - Diam\u00e8tres 16\u201d (5\/4) - Hauteur du f\u00fbt 16\u201d - Dimensions totales 16\"X19\" - Cercles H\u00eatre haute qualit\u00e9, coloris bleu vernis avec liseret\u2026","wcpa_form_fields":null,"_links":{"self":[{"href":"https:\/\/soundrums-france.com\/index.php\/wp-json\/wp\/v2\/product\/33493","targetHints":{"allow":["GET"]}}],"collection":[{"href":"https:\/\/soundrums-france.com\/index.php\/wp-json\/wp\/v2\/product"}],"about":[{"href":"https:\/\/soundrums-france.com\/index.php\/wp-json\/wp\/v2\/types\/product"}],"replies":[{"embeddable":true,"href":"https:\/\/soundrums-france.com\/index.php\/wp-json\/wp\/v2\/comments?post=33493"}],"version-history":[{"count":1,"href":"https:\/\/soundrums-france.com\/index.php\/wp-json\/wp\/v2\/product\/33493\/revisions"}],"predecessor-version":[{"id":33494,"href":"https:\/\/soundrums-france.com\/index.php\/wp-json\/wp\/v2\/product\/33493\/revisions\/33494"}],"wp:featuredmedia":[{"embeddable":true,"href":"https:\/\/soundrums-france.com\/index.php\/wp-json\/wp\/v2\/media\/33518"}],"wp:attachment":[{"href":"https:\/\/soundrums-france.com\/index.php\/wp-json\/wp\/v2\/media?parent=33493"}],"wp:term":[{"taxonomy":"product_cat","embeddable":true,"href":"https:\/\/soundrums-france.com\/index.php\/wp-json\/wp\/v2\/product_cat?post=33493"},{"taxonomy":"product_tag","embeddable":true,"href":"https:\/\/soundrums-france.com\/index.php\/wp-json\/wp\/v2\/product_tag?post=33493"}],"curies":[{"name":"wp","href":"https:\/\/api.w.org\/{rel}","templated":true}]}}