{"id":33582,"date":"2021-11-29T16:33:34","date_gmt":"2021-11-29T15:33:34","guid":{"rendered":"https:\/\/soundrums-france.com\/?post_type=product&#038;p=33582"},"modified":"2024-12-10T15:21:08","modified_gmt":"2024-12-10T14:21:08","slug":"switch-kick-batte-double-face-two-way-beater","status":"publish","type":"product","link":"https:\/\/soundrums-france.com\/index.php\/produit\/switch-kick-batte-double-face-two-way-beater\/","title":{"rendered":"Switch Kick + batte double face + 4 battes options"},"content":{"rendered":"<p><b>D\u00e9tails techniques<\/b><br \/>\nR\u00e9f\u00e9rence: AHSK<br \/>\nHauteur minimum et maximum: 15.88cm (6.25&Prime;) \u00e0 20.64cm (8.125&Prime;)<br \/>\nLongueur totale: 13.35cm (5.00&Prime;)<br \/>\nDimensions de la t\u00eate: Profondeur: 5.72cm (2.25&Prime;), Largeur: 4.45cm (1.75&Prime;), Longueur: 3.56cm (1.40&Prime;)<br \/>\nPoids: 106 grammes (Adaptateur (tige acier inoxydable): 42 grammes , Batte: 64 grammes)<br \/>\n<b>Con\u00e7u et fabriqu\u00e9 en Californie (USA)<\/b><\/p>\n","protected":false},"excerpt":{"rendered":"<p><b>Des battes interchangeables pour plus d\u2019identit\u00e9s sonores !<\/b><\/p>\n<p><b>Two-Way Beater<br \/>\n<\/b>Cette batte double face offre selon votre choix le son classique du feutre ou l&rsquo;attaque claire et pr\u00e9cise du plastique.<\/p>\n<p><b>Felt Kick Beater<\/b><br \/>\nBatte standard interchangeable en feutre. Vous retrouverez le son des battes classiques en feutre.<\/p>\n<p><b>Sonic Kick Beater<\/b><br \/>\nBatte en forme de coupelle. Son design exclusif offre une sonorit\u00e9 surpuissante comme si votre grosse caisse \u00e9tait \u00e9quip\u00e9e d&rsquo;un trigger.<\/p>\n<p><b>Wire Brush Kick Beater<\/b><br \/>\nLa subtilit\u00e9 du toucher des balais pour votre grosse caisse. Explorez de nouveaux horizons avec cette batte unique. Une toute nouvelle palette de nuances s&rsquo;offre \u00e0 vous.<\/p>\n<p><b>Vintage Bomber Kick Beater<\/b><br \/>\nC\u0153ur rigide en feutre recouvert d&rsquo;une fourrure blanche. Batte offrant un son vintage.<\/p>\n<p>&nbsp;<\/p>\n<p><b>Syst\u00e8me Switch Kick<\/b><br \/>\nR\u00e9volutionnez votre jeu de grosse caisse et explorez de nouveaux horizons gr\u00e2ce au syst\u00e8me ultra-rapide Switch Kick:<br \/>\n&#8211; Passez du c\u00f4t\u00e9 feutr\u00e9 au c\u00f4t\u00e9 dur en un tour de main<br \/>\n&#8211; Ajustez votre batte sur 9 hauteurs diff\u00e9rentes<br \/>\n&#8211; Switchez parmis plus de 10 effets diff\u00e9rents<br \/>\n&#8211; Changez de batte en seulement quelques secondes et cela sans cl\u00e9 de serrage !<\/p>\n<p><b>Caract\u00e9ristiques:<\/b><br \/>\n&#8211; Pack incluant l&rsquo;adaptateur (tige en acier inoxydable) compatible avec toutes les grandes marques de p\u00e9dales de grosse caisse.<br \/>\n&#8211; La t\u00eate de la batte tourne \u00e0 360 degr\u00e9s. Tourner \u00e0 90 degr\u00e9s pour verrouiller, d\u00e9verrouiller et retirer la batte.<\/p>\n","protected":false},"featured_media":33593,"comment_status":"open","ping_status":"closed","template":"","meta":{"_uag_custom_page_level_css":"","site-sidebar-layout":"default","site-content-layout":"default","ast-global-header-display":"","ast-banner-title-visibility":"","ast-main-header-display":"","ast-hfb-above-header-display":"","ast-hfb-below-header-display":"","ast-hfb-mobile-header-display":"","site-post-title":"","ast-breadcrumbs-content":"","ast-featured-img":"","footer-sml-layout":"","theme-transparent-header-meta":"","adv-header-id-meta":"","stick-header-meta":"","header-above-stick-meta":"","header-main-stick-meta":"","header-below-stick-meta":""},"product_cat":[187,195,229,227],"product_tag":[],"class_list":{"0":"post-33582","1":"product","2":"type-product","3":"status-publish","4":"has-post-thumbnail","6":"product_cat-accessoires","7":"product_cat-pieds_accessoires","8":"product_cat-autres-accessoires","9":"product_cat-autres","10":"desktop-align-left","11":"tablet-align-left","12":"mobile-align-left","13":"wcpa_has_options","15":"first","16":"instock","17":"taxable","18":"shipping-taxable","19":"purchasable","20":"product-type-simple"},"yoast_head":"<!-- This site is optimized with the Yoast SEO plugin v24.1 - https:\/\/yoast.com\/wordpress\/plugins\/seo\/ -->\n<title>Switch Kick + batte double face + 4 battes options - Soundrums<\/title>\n<meta name=\"description\" content=\"Venez d\u00e9couvrir notre Switch Kick + batte double face + 4 battes options haute de gamme.\" \/>\n<meta name=\"robots\" content=\"index, follow, max-snippet:-1, max-image-preview:large, max-video-preview:-1\" \/>\n<link rel=\"canonical\" href=\"https:\/\/soundrums-france.com\/index.php\/produit\/switch-kick-batte-double-face-two-way-beater\/\" \/>\n<meta property=\"og:locale\" content=\"fr_FR\" \/>\n<meta property=\"og:type\" content=\"article\" \/>\n<meta property=\"og:title\" content=\"Switch Kick + batte double face + 4 battes options - Soundrums\" \/>\n<meta property=\"og:description\" content=\"Venez d\u00e9couvrir notre Switch Kick + batte double face + 4 battes options haute de gamme.\" \/>\n<meta property=\"og:url\" content=\"https:\/\/soundrums-france.com\/index.php\/produit\/switch-kick-batte-double-face-two-way-beater\/\" \/>\n<meta property=\"og:site_name\" content=\"Soundrums\" \/>\n<meta property=\"article:publisher\" content=\"https:\/\/www.facebook.com\/soundrums\/\" \/>\n<meta property=\"article:modified_time\" content=\"2024-12-10T14:21:08+00:00\" \/>\n<meta property=\"og:image\" content=\"https:\/\/soundrums-france.com\/wp-content\/uploads\/2021\/11\/switch-kick.jpg\" \/>\n\t<meta property=\"og:image:width\" content=\"765\" \/>\n\t<meta property=\"og:image:height\" content=\"765\" \/>\n\t<meta property=\"og:image:type\" content=\"image\/jpeg\" \/>\n<meta name=\"twitter:card\" content=\"summary_large_image\" \/>\n<meta name=\"twitter:label1\" content=\"Dur\u00e9e de lecture estim\u00e9e\" \/>\n\t<meta name=\"twitter:data1\" content=\"1 minute\" \/>\n<script type=\"application\/ld+json\" class=\"yoast-schema-graph\">{\"@context\":\"https:\/\/schema.org\",\"@graph\":[{\"@type\":\"WebPage\",\"@id\":\"https:\/\/soundrums-france.com\/index.php\/produit\/switch-kick-batte-double-face-two-way-beater\/\",\"url\":\"https:\/\/soundrums-france.com\/index.php\/produit\/switch-kick-batte-double-face-two-way-beater\/\",\"name\":\"Switch Kick + batte double face + 4 battes options - Soundrums\",\"isPartOf\":{\"@id\":\"https:\/\/soundrums-france.com\/#website\"},\"primaryImageOfPage\":{\"@id\":\"https:\/\/soundrums-france.com\/index.php\/produit\/switch-kick-batte-double-face-two-way-beater\/#primaryimage\"},\"image\":{\"@id\":\"https:\/\/soundrums-france.com\/index.php\/produit\/switch-kick-batte-double-face-two-way-beater\/#primaryimage\"},\"thumbnailUrl\":\"https:\/\/soundrums-france.com\/wp-content\/uploads\/2021\/11\/switch-kick.webp\",\"datePublished\":\"2021-11-29T15:33:34+00:00\",\"dateModified\":\"2024-12-10T14:21:08+00:00\",\"description\":\"Venez d\u00e9couvrir notre Switch Kick + batte double face + 4 battes options haute de gamme.\",\"breadcrumb\":{\"@id\":\"https:\/\/soundrums-france.com\/index.php\/produit\/switch-kick-batte-double-face-two-way-beater\/#breadcrumb\"},\"inLanguage\":\"fr-FR\",\"potentialAction\":[{\"@type\":\"ReadAction\",\"target\":[\"https:\/\/soundrums-france.com\/index.php\/produit\/switch-kick-batte-double-face-two-way-beater\/\"]}]},{\"@type\":\"ImageObject\",\"inLanguage\":\"fr-FR\",\"@id\":\"https:\/\/soundrums-france.com\/index.php\/produit\/switch-kick-batte-double-face-two-way-beater\/#primaryimage\",\"url\":\"https:\/\/soundrums-france.com\/wp-content\/uploads\/2021\/11\/switch-kick.webp\",\"contentUrl\":\"https:\/\/soundrums-france.com\/wp-content\/uploads\/2021\/11\/switch-kick.webp\",\"width\":765,\"height\":765},{\"@type\":\"BreadcrumbList\",\"@id\":\"https:\/\/soundrums-france.com\/index.php\/produit\/switch-kick-batte-double-face-two-way-beater\/#breadcrumb\",\"itemListElement\":[{\"@type\":\"ListItem\",\"position\":1,\"name\":\"Accueil\",\"item\":\"https:\/\/soundrums-france.com\/\"},{\"@type\":\"ListItem\",\"position\":2,\"name\":\"Des produits\",\"item\":\"https:\/\/soundrums-france.com\/index.php\/shop\/\"},{\"@type\":\"ListItem\",\"position\":3,\"name\":\"Switch Kick + batte double face + 4 battes options\"}]},{\"@type\":\"WebSite\",\"@id\":\"https:\/\/soundrums-france.com\/#website\",\"url\":\"https:\/\/soundrums-france.com\/\",\"name\":\"Soundrums\",\"description\":\"Manufacture Fran\u00e7aise de tambours\",\"publisher\":{\"@id\":\"https:\/\/soundrums-france.com\/#organization\"},\"potentialAction\":[{\"@type\":\"SearchAction\",\"target\":{\"@type\":\"EntryPoint\",\"urlTemplate\":\"https:\/\/soundrums-france.com\/?s={search_term_string}\"},\"query-input\":{\"@type\":\"PropertyValueSpecification\",\"valueRequired\":true,\"valueName\":\"search_term_string\"}}],\"inLanguage\":\"fr-FR\"},{\"@type\":\"Organization\",\"@id\":\"https:\/\/soundrums-france.com\/#organization\",\"name\":\"Soundrums-france\",\"url\":\"https:\/\/soundrums-france.com\/\",\"logo\":{\"@type\":\"ImageObject\",\"inLanguage\":\"fr-FR\",\"@id\":\"https:\/\/soundrums-france.com\/#\/schema\/logo\/image\/\",\"url\":\"https:\/\/soundrums-france.com\/wp-content\/uploads\/2020\/10\/LogoSD_HD.jpg\",\"contentUrl\":\"https:\/\/soundrums-france.com\/wp-content\/uploads\/2020\/10\/LogoSD_HD.jpg\",\"width\":1280,\"height\":930,\"caption\":\"Soundrums-france\"},\"image\":{\"@id\":\"https:\/\/soundrums-france.com\/#\/schema\/logo\/image\/\"},\"sameAs\":[\"https:\/\/www.facebook.com\/soundrums\/\",\"https:\/\/www.youtube.com\/channel\/UC4S_W_0ZCdUFH3Y9xkv5bEw\"]}]}<\/script>\n<!-- \/ Yoast SEO plugin. -->","yoast_head_json":{"title":"Switch Kick + batte double face + 4 battes options - Soundrums","description":"Venez d\u00e9couvrir notre Switch Kick + batte double face + 4 battes options haute de gamme.","robots":{"index":"index","follow":"follow","max-snippet":"max-snippet:-1","max-image-preview":"max-image-preview:large","max-video-preview":"max-video-preview:-1"},"canonical":"https:\/\/soundrums-france.com\/index.php\/produit\/switch-kick-batte-double-face-two-way-beater\/","og_locale":"fr_FR","og_type":"article","og_title":"Switch Kick + batte double face + 4 battes options - Soundrums","og_description":"Venez d\u00e9couvrir notre Switch Kick + batte double face + 4 battes options haute de gamme.","og_url":"https:\/\/soundrums-france.com\/index.php\/produit\/switch-kick-batte-double-face-two-way-beater\/","og_site_name":"Soundrums","article_publisher":"https:\/\/www.facebook.com\/soundrums\/","article_modified_time":"2024-12-10T14:21:08+00:00","og_image":[{"width":765,"height":765,"url":"https:\/\/soundrums-france.com\/wp-content\/uploads\/2021\/11\/switch-kick.jpg","type":"image\/jpeg"}],"twitter_card":"summary_large_image","twitter_misc":{"Dur\u00e9e de lecture estim\u00e9e":"1 minute"},"schema":{"@context":"https:\/\/schema.org","@graph":[{"@type":"WebPage","@id":"https:\/\/soundrums-france.com\/index.php\/produit\/switch-kick-batte-double-face-two-way-beater\/","url":"https:\/\/soundrums-france.com\/index.php\/produit\/switch-kick-batte-double-face-two-way-beater\/","name":"Switch Kick + batte double face + 4 battes options - Soundrums","isPartOf":{"@id":"https:\/\/soundrums-france.com\/#website"},"primaryImageOfPage":{"@id":"https:\/\/soundrums-france.com\/index.php\/produit\/switch-kick-batte-double-face-two-way-beater\/#primaryimage"},"image":{"@id":"https:\/\/soundrums-france.com\/index.php\/produit\/switch-kick-batte-double-face-two-way-beater\/#primaryimage"},"thumbnailUrl":"https:\/\/soundrums-france.com\/wp-content\/uploads\/2021\/11\/switch-kick.webp","datePublished":"2021-11-29T15:33:34+00:00","dateModified":"2024-12-10T14:21:08+00:00","description":"Venez d\u00e9couvrir notre Switch Kick + batte double face + 4 battes options haute de gamme.","breadcrumb":{"@id":"https:\/\/soundrums-france.com\/index.php\/produit\/switch-kick-batte-double-face-two-way-beater\/#breadcrumb"},"inLanguage":"fr-FR","potentialAction":[{"@type":"ReadAction","target":["https:\/\/soundrums-france.com\/index.php\/produit\/switch-kick-batte-double-face-two-way-beater\/"]}]},{"@type":"ImageObject","inLanguage":"fr-FR","@id":"https:\/\/soundrums-france.com\/index.php\/produit\/switch-kick-batte-double-face-two-way-beater\/#primaryimage","url":"https:\/\/soundrums-france.com\/wp-content\/uploads\/2021\/11\/switch-kick.webp","contentUrl":"https:\/\/soundrums-france.com\/wp-content\/uploads\/2021\/11\/switch-kick.webp","width":765,"height":765},{"@type":"BreadcrumbList","@id":"https:\/\/soundrums-france.com\/index.php\/produit\/switch-kick-batte-double-face-two-way-beater\/#breadcrumb","itemListElement":[{"@type":"ListItem","position":1,"name":"Accueil","item":"https:\/\/soundrums-france.com\/"},{"@type":"ListItem","position":2,"name":"Des produits","item":"https:\/\/soundrums-france.com\/index.php\/shop\/"},{"@type":"ListItem","position":3,"name":"Switch Kick + batte double face + 4 battes options"}]},{"@type":"WebSite","@id":"https:\/\/soundrums-france.com\/#website","url":"https:\/\/soundrums-france.com\/","name":"Soundrums","description":"Manufacture Fran\u00e7aise de tambours","publisher":{"@id":"https:\/\/soundrums-france.com\/#organization"},"potentialAction":[{"@type":"SearchAction","target":{"@type":"EntryPoint","urlTemplate":"https:\/\/soundrums-france.com\/?s={search_term_string}"},"query-input":{"@type":"PropertyValueSpecification","valueRequired":true,"valueName":"search_term_string"}}],"inLanguage":"fr-FR"},{"@type":"Organization","@id":"https:\/\/soundrums-france.com\/#organization","name":"Soundrums-france","url":"https:\/\/soundrums-france.com\/","logo":{"@type":"ImageObject","inLanguage":"fr-FR","@id":"https:\/\/soundrums-france.com\/#\/schema\/logo\/image\/","url":"https:\/\/soundrums-france.com\/wp-content\/uploads\/2020\/10\/LogoSD_HD.jpg","contentUrl":"https:\/\/soundrums-france.com\/wp-content\/uploads\/2020\/10\/LogoSD_HD.jpg","width":1280,"height":930,"caption":"Soundrums-france"},"image":{"@id":"https:\/\/soundrums-france.com\/#\/schema\/logo\/image\/"},"sameAs":["https:\/\/www.facebook.com\/soundrums\/","https:\/\/www.youtube.com\/channel\/UC4S_W_0ZCdUFH3Y9xkv5bEw"]}]}},"uagb_featured_image_src":{"full":["https:\/\/soundrums-france.com\/wp-content\/uploads\/2021\/11\/switch-kick.webp",765,765,false],"thumbnail":["https:\/\/soundrums-france.com\/wp-content\/uploads\/2021\/11\/switch-kick-150x150.jpg",150,150,true],"medium":["https:\/\/soundrums-france.com\/wp-content\/uploads\/2021\/11\/switch-kick-300x300.jpg",300,300,true],"medium_large":["https:\/\/soundrums-france.com\/wp-content\/uploads\/2021\/11\/switch-kick.webp",765,765,false],"large":["https:\/\/soundrums-france.com\/wp-content\/uploads\/2021\/11\/switch-kick.webp",765,765,false],"1536x1536":["https:\/\/soundrums-france.com\/wp-content\/uploads\/2021\/11\/switch-kick.webp",765,765,false],"2048x2048":["https:\/\/soundrums-france.com\/wp-content\/uploads\/2021\/11\/switch-kick.webp",765,765,false],"woocommerce_thumbnail":["https:\/\/soundrums-france.com\/wp-content\/uploads\/2021\/11\/switch-kick-300x300.jpg",300,300,true],"woocommerce_single":["https:\/\/soundrums-france.com\/wp-content\/uploads\/2021\/11\/switch-kick-600x600.jpg",600,600,true],"woocommerce_gallery_thumbnail":["https:\/\/soundrums-france.com\/wp-content\/uploads\/2021\/11\/switch-kick-100x100.jpg",100,100,true]},"uagb_author_info":{"display_name":"Emmanuel JAY","author_link":"https:\/\/soundrums-france.com\/index.php\/author\/"},"uagb_comment_info":0,"uagb_excerpt":"Des battes interchangeables pour plus d\u2019identit\u00e9s sonores ! Two-Way Beater Cette batte double face offre selon votre choix le son classique du feutre ou l'attaque claire et pr\u00e9cise du plastique. Felt Kick Beater Batte standard interchangeable en feutre. Vous retrouverez le son des battes classiques en feutre. Sonic Kick Beater Batte en forme de coupelle.\u2026","wcpa_form_fields":{"wcpaData":{"product":{"product_price":64,"price_html":"<span class=\"woocommerce-Price-amount amount\"><bdi>64,00<span class=\"woocommerce-Price-currencySymbol\">&euro;<\/span><\/bdi><\/span>","original_product_price":64,"price_including_tax":64,"price_excluding_tax":53.333332999999996,"product_id":{"parent":33582,"variation":false},"is_variable":false,"stock_status":"instock","stock_quantity":null,"parent_sku":"Switch Kick AHE-AHSK","product_attributes":[],"custom_fields":[],"is_taxable":true,"product_name":"Switch Kick + batte double face + 4 battes options"},"fields":{"sec_869e331618b0ee":{"extra":{"key":"sec_869e331618b0ee","section_id":"sec_869e331618b0ee","name":"Default","status":1,"cl_rule":"show","enableCl":false,"relations":[],"toggle":true,"title_tag":"h3","show_title":false,"showPrice":"default","form_id":33586,"form_rules":{"exclude_from_discount":false,"fee_label":"Frais","disp_hide_options_price":false,"disp_show_section_price":false,"disp_show_field_price":true,"layout_option":"standard","pric_use_as_fee":false,"process_fee_as":"woo_fee"},"layout_option":"standard"},"fields":[[{"type":"image-group","label":"Choisissez vos battes !","elementId":"wcpa-image-group-1638200537161","enablePrice":true,"priceOptions":"different_for_all","pricingType":"fixed","disp_size_img":{"width":"180","height":""},"enable_popup":"no","multiple":true,"name":"image-group-1638200537161","disp_type":"square","img_selection_type":"outline","other_text":"Autre","cl_rule":"show","col":6,"values":[{"label":"Pack INCLUS - Batte Two-Way double face  Son classique du feutre ou attaque claire et pr\u00e9cise du plastique.","price":"","image":"https:\/\/soundrums-france.com\/wp-content\/uploads\/2021\/11\/switch-kick-ahsk-batte-double-face-adaptateur.jpg","image_id":"33583","thumb":"https:\/\/soundrums-france.com\/wp-content\/uploads\/2021\/11\/switch-kick-ahsk-batte-double-face-adaptateur-150x150.jpg","value":"0","thumb_src":"https:\/\/soundrums-france.com\/wp-content\/uploads\/2021\/11\/switch-kick-ahsk-batte-double-face-adaptateur-300x300.jpg","gt_translate_keys":["label"]},{"label":"Batte \"Vintage Bomber Kick\" - Son VINTAGE. Coeur feutre recouvert de fourrure.","price":"49","image":"https:\/\/soundrums-france.com\/wp-content\/uploads\/2021\/11\/switch-kick-ahskvb-batte-vintage-bomber-kick.jpg","image_id":"33587","thumb":"https:\/\/soundrums-france.com\/wp-content\/uploads\/2021\/11\/switch-kick-ahskvb-batte-vintage-bomber-kick-150x150.jpg","value":"1","thumb_src":"https:\/\/soundrums-france.com\/wp-content\/uploads\/2021\/11\/switch-kick-ahskvb-batte-vintage-bomber-kick-300x300.jpg","gt_translate_keys":["label"]},{"label":"Batte \"Sonic Kick\". Sonorit\u00e9 surpuissante comme une grosse-caisse \u00e9quip\u00e9e d'un trigger.","price":"49","image":"https:\/\/soundrums-france.com\/wp-content\/uploads\/2021\/11\/switch-kick-ahsks-batte-sonic-kick2.jpg","image_id":"33590","thumb":"https:\/\/soundrums-france.com\/wp-content\/uploads\/2021\/11\/switch-kick-ahsks-batte-sonic-kick2-150x150.jpg","value":"2","thumb_src":"https:\/\/soundrums-france.com\/wp-content\/uploads\/2021\/11\/switch-kick-ahsks-batte-sonic-kick2-300x300.jpg","gt_translate_keys":["label"]},{"label":"Batte \"Wire Brush Kick\". La subtilit\u00e9 du touch\u00e9 des balais pour votre grosse caisse. ","price":"49","image":"https:\/\/soundrums-france.com\/wp-content\/uploads\/2021\/11\/switch-kick-ahskwb-batte-brush-kick.jpg","image_id":"33591","thumb":"https:\/\/soundrums-france.com\/wp-content\/uploads\/2021\/11\/switch-kick-ahskwb-batte-brush-kick-150x150.jpg","value":"3","thumb_src":"https:\/\/soundrums-france.com\/wp-content\/uploads\/2021\/11\/switch-kick-ahskwb-batte-brush-kick-300x300.jpg","gt_translate_keys":["label"]},{"label":"Batte \"Felt Kick\" en feutre. Le son des battes classiques en feutre, un standard.","price":"49","image":"https:\/\/soundrums-france.com\/wp-content\/uploads\/2021\/11\/switch-kick-ahskf-batte-felt-kick.jpg","image_id":"33588","thumb":"https:\/\/soundrums-france.com\/wp-content\/uploads\/2021\/11\/switch-kick-ahskf-batte-felt-kick-150x150.jpg","value":"4","thumb_src":"https:\/\/soundrums-france.com\/wp-content\/uploads\/2021\/11\/switch-kick-ahskf-batte-felt-kick-300x300.jpg","gt_translate_keys":["label"]}],"relations":false,"active":true,"tooltip":"","layOut":"","gt_translate_keys":["label","tooltip"],"price_dependency":false,"cl_dependency":false,"value":""}]]}},"config":{"price_override":"","enable_recaptcha":false,"bind_quantity":false,"quantity_bind_formula":false,"disp_summ_show_option_price":true,"disp_summ_show_product_price":true,"disp_summ_show_total_price":true,"disp_summ_show_fee":false,"disp_summ_show_discount":false,"summary_title":"","options_total_label":"Montant des options","total_label":"Total","options_product_label":"Prix du produit","fee_label":"Frais","discount_label":"Discount","has_price":true,"has_quantity_formula":false},"mc_unit":1,"tax_rate":1,"tax_rate_real":0.2,"discount":{"percentage":0,"fixed":0},"design":{"conf":{"LabelPosition":"above","DescPosition":"left","UploadField":"custom_1","QuantityFieldStyle":"default"},"css":{"LeftLabelWidth":"120px"}},"formulas":[],"clones":false,"cartKey":false}},"_links":{"self":[{"href":"https:\/\/soundrums-france.com\/index.php\/wp-json\/wp\/v2\/product\/33582","targetHints":{"allow":["GET"]}}],"collection":[{"href":"https:\/\/soundrums-france.com\/index.php\/wp-json\/wp\/v2\/product"}],"about":[{"href":"https:\/\/soundrums-france.com\/index.php\/wp-json\/wp\/v2\/types\/product"}],"replies":[{"embeddable":true,"href":"https:\/\/soundrums-france.com\/index.php\/wp-json\/wp\/v2\/comments?post=33582"}],"version-history":[{"count":2,"href":"https:\/\/soundrums-france.com\/index.php\/wp-json\/wp\/v2\/product\/33582\/revisions"}],"predecessor-version":[{"id":36901,"href":"https:\/\/soundrums-france.com\/index.php\/wp-json\/wp\/v2\/product\/33582\/revisions\/36901"}],"wp:featuredmedia":[{"embeddable":true,"href":"https:\/\/soundrums-france.com\/index.php\/wp-json\/wp\/v2\/media\/33593"}],"wp:attachment":[{"href":"https:\/\/soundrums-france.com\/index.php\/wp-json\/wp\/v2\/media?parent=33582"}],"wp:term":[{"taxonomy":"product_cat","embeddable":true,"href":"https:\/\/soundrums-france.com\/index.php\/wp-json\/wp\/v2\/product_cat?post=33582"},{"taxonomy":"product_tag","embeddable":true,"href":"https:\/\/soundrums-france.com\/index.php\/wp-json\/wp\/v2\/product_tag?post=33582"}],"curies":[{"name":"wp","href":"https:\/\/api.w.org\/{rel}","templated":true}]}}