{"id":33648,"date":"2022-01-14T08:42:02","date_gmt":"2022-01-14T07:42:02","guid":{"rendered":"https:\/\/soundrums-france.com\/?post_type=product&#038;p=33648"},"modified":"2024-06-19T11:07:41","modified_gmt":"2024-06-19T09:07:41","slug":"timbre-12-carbone-20-spirales-avec-pitch","status":"publish","type":"product","link":"https:\/\/soundrums-france.com\/index.php\/produit\/timbre-12-carbone-20-spirales-avec-pitch\/","title":{"rendered":"Timbre 12&Prime; CARBONE &#8211; 20 Spirales Avec Pitch"},"content":{"rendered":"<p>Timbre 12&Prime; &#8211; 20 Spirales Carbone Avec Pitch de la marque <strong><em>Fat Cat<\/em><\/strong><\/p>\n<p>Spirales faites de 90% de carbone pour plus d&rsquo;attaque et pour une dur\u00e9e de vie accrue<\/p>\n","protected":false},"excerpt":{"rendered":"<p>Timbre 12&Prime; &#8211; 20 Spirales Carbone Avec Pitch de la marque <strong><em>Fat Cat<\/em><\/strong><\/p>\n<p>Spirales faites de 90% de carbone pour plus d&rsquo;attaque et pour une dur\u00e9e de vie accrue<br \/>\nMod\u00e8le avec \u00ab\u00a0Pitch\u00a0\u00bb: angle des plaques ext\u00e9rieurs sp\u00e9cialement con\u00e7u pour les caisses claires ayant un chanfrein peu ou non creus\u00e9 pour accueillir le timbre, meilleur contact avec la peau donc moins de \u00ab\u00a0buzz\u00a0\u00bb<\/p>\n","protected":false},"featured_media":33633,"comment_status":"open","ping_status":"closed","template":"","meta":{"_uag_custom_page_level_css":"","site-sidebar-layout":"default","site-content-layout":"default","ast-global-header-display":"","ast-banner-title-visibility":"","ast-main-header-display":"","ast-hfb-above-header-display":"","ast-hfb-below-header-display":"","ast-hfb-mobile-header-display":"","site-post-title":"","ast-breadcrumbs-content":"","ast-featured-img":"","footer-sml-layout":"","theme-transparent-header-meta":"","adv-header-id-meta":"","stick-header-meta":"","header-above-stick-meta":"","header-main-stick-meta":"","header-below-stick-meta":""},"product_cat":[187,236,280,199,227],"product_tag":[],"class_list":{"0":"post-33648","1":"product","2":"type-product","3":"status-publish","4":"has-post-thumbnail","6":"product_cat-accessoires","7":"product_cat-timbres","8":"product_cat-metalliques","9":"product_cat-pieces_detachees","10":"product_cat-autres","11":"desktop-align-left","12":"tablet-align-left","13":"mobile-align-left","15":"first","16":"instock","17":"taxable","18":"shipping-taxable","19":"purchasable","20":"product-type-simple"},"yoast_head":"<!-- This site is optimized with the Yoast SEO plugin v24.1 - https:\/\/yoast.com\/wordpress\/plugins\/seo\/ -->\n<title>Timbre 12&quot; CARBONE - 20 Spirales Avec Pitch - Soundrums<\/title>\n<meta name=\"description\" content=\"Venez d\u00e9couvrir notre Timbre 12&quot; CARBONE - 20 Spirales Avec Pitch haute de gamme.\" \/>\n<meta name=\"robots\" content=\"index, follow, max-snippet:-1, max-image-preview:large, max-video-preview:-1\" \/>\n<link rel=\"canonical\" href=\"https:\/\/soundrums-france.com\/index.php\/produit\/timbre-12-carbone-20-spirales-avec-pitch\/\" \/>\n<meta property=\"og:locale\" content=\"fr_FR\" \/>\n<meta property=\"og:type\" content=\"article\" \/>\n<meta property=\"og:title\" content=\"Timbre 12&quot; CARBONE - 20 Spirales Avec Pitch - Soundrums\" \/>\n<meta property=\"og:description\" content=\"Venez d\u00e9couvrir notre Timbre 12&quot; CARBONE - 20 Spirales Avec Pitch haute de gamme.\" \/>\n<meta property=\"og:url\" content=\"https:\/\/soundrums-france.com\/index.php\/produit\/timbre-12-carbone-20-spirales-avec-pitch\/\" \/>\n<meta property=\"og:site_name\" content=\"Soundrums\" \/>\n<meta property=\"article:publisher\" content=\"https:\/\/www.facebook.com\/soundrums\/\" \/>\n<meta property=\"article:modified_time\" content=\"2024-06-19T09:07:41+00:00\" \/>\n<meta property=\"og:image\" content=\"https:\/\/soundrums-france.com\/wp-content\/uploads\/2020\/12\/fc1420p.jpg\" \/>\n\t<meta property=\"og:image:width\" content=\"800\" \/>\n\t<meta property=\"og:image:height\" content=\"800\" \/>\n\t<meta property=\"og:image:type\" content=\"image\/jpeg\" \/>\n<meta name=\"twitter:card\" content=\"summary_large_image\" \/>\n<meta name=\"twitter:label1\" content=\"Dur\u00e9e de lecture estim\u00e9e\" \/>\n\t<meta name=\"twitter:data1\" content=\"1 minute\" \/>\n<script type=\"application\/ld+json\" class=\"yoast-schema-graph\">{\"@context\":\"https:\/\/schema.org\",\"@graph\":[{\"@type\":\"WebPage\",\"@id\":\"https:\/\/soundrums-france.com\/index.php\/produit\/timbre-12-carbone-20-spirales-avec-pitch\/\",\"url\":\"https:\/\/soundrums-france.com\/index.php\/produit\/timbre-12-carbone-20-spirales-avec-pitch\/\",\"name\":\"Timbre 12\\\" CARBONE - 20 Spirales Avec Pitch - Soundrums\",\"isPartOf\":{\"@id\":\"https:\/\/soundrums-france.com\/#website\"},\"primaryImageOfPage\":{\"@id\":\"https:\/\/soundrums-france.com\/index.php\/produit\/timbre-12-carbone-20-spirales-avec-pitch\/#primaryimage\"},\"image\":{\"@id\":\"https:\/\/soundrums-france.com\/index.php\/produit\/timbre-12-carbone-20-spirales-avec-pitch\/#primaryimage\"},\"thumbnailUrl\":\"https:\/\/soundrums-france.com\/wp-content\/uploads\/2020\/12\/fc1420p.webp\",\"datePublished\":\"2022-01-14T07:42:02+00:00\",\"dateModified\":\"2024-06-19T09:07:41+00:00\",\"description\":\"Venez d\u00e9couvrir notre Timbre 12\\\" CARBONE - 20 Spirales Avec Pitch haute de gamme.\",\"breadcrumb\":{\"@id\":\"https:\/\/soundrums-france.com\/index.php\/produit\/timbre-12-carbone-20-spirales-avec-pitch\/#breadcrumb\"},\"inLanguage\":\"fr-FR\",\"potentialAction\":[{\"@type\":\"ReadAction\",\"target\":[\"https:\/\/soundrums-france.com\/index.php\/produit\/timbre-12-carbone-20-spirales-avec-pitch\/\"]}]},{\"@type\":\"ImageObject\",\"inLanguage\":\"fr-FR\",\"@id\":\"https:\/\/soundrums-france.com\/index.php\/produit\/timbre-12-carbone-20-spirales-avec-pitch\/#primaryimage\",\"url\":\"https:\/\/soundrums-france.com\/wp-content\/uploads\/2020\/12\/fc1420p.webp\",\"contentUrl\":\"https:\/\/soundrums-france.com\/wp-content\/uploads\/2020\/12\/fc1420p.webp\",\"width\":800,\"height\":800,\"caption\":\"Timbre fatcat soundrums\"},{\"@type\":\"BreadcrumbList\",\"@id\":\"https:\/\/soundrums-france.com\/index.php\/produit\/timbre-12-carbone-20-spirales-avec-pitch\/#breadcrumb\",\"itemListElement\":[{\"@type\":\"ListItem\",\"position\":1,\"name\":\"Accueil\",\"item\":\"https:\/\/soundrums-france.com\/\"},{\"@type\":\"ListItem\",\"position\":2,\"name\":\"Des produits\",\"item\":\"https:\/\/soundrums-france.com\/index.php\/shop\/\"},{\"@type\":\"ListItem\",\"position\":3,\"name\":\"Timbre 12&Prime; CARBONE &#8211; 20 Spirales Avec Pitch\"}]},{\"@type\":\"WebSite\",\"@id\":\"https:\/\/soundrums-france.com\/#website\",\"url\":\"https:\/\/soundrums-france.com\/\",\"name\":\"Soundrums\",\"description\":\"Manufacture Fran\u00e7aise de tambours\",\"publisher\":{\"@id\":\"https:\/\/soundrums-france.com\/#organization\"},\"potentialAction\":[{\"@type\":\"SearchAction\",\"target\":{\"@type\":\"EntryPoint\",\"urlTemplate\":\"https:\/\/soundrums-france.com\/?s={search_term_string}\"},\"query-input\":{\"@type\":\"PropertyValueSpecification\",\"valueRequired\":true,\"valueName\":\"search_term_string\"}}],\"inLanguage\":\"fr-FR\"},{\"@type\":\"Organization\",\"@id\":\"https:\/\/soundrums-france.com\/#organization\",\"name\":\"Soundrums-france\",\"url\":\"https:\/\/soundrums-france.com\/\",\"logo\":{\"@type\":\"ImageObject\",\"inLanguage\":\"fr-FR\",\"@id\":\"https:\/\/soundrums-france.com\/#\/schema\/logo\/image\/\",\"url\":\"https:\/\/soundrums-france.com\/wp-content\/uploads\/2020\/10\/LogoSD_HD.jpg\",\"contentUrl\":\"https:\/\/soundrums-france.com\/wp-content\/uploads\/2020\/10\/LogoSD_HD.jpg\",\"width\":1280,\"height\":930,\"caption\":\"Soundrums-france\"},\"image\":{\"@id\":\"https:\/\/soundrums-france.com\/#\/schema\/logo\/image\/\"},\"sameAs\":[\"https:\/\/www.facebook.com\/soundrums\/\",\"https:\/\/www.youtube.com\/channel\/UC4S_W_0ZCdUFH3Y9xkv5bEw\"]}]}<\/script>\n<!-- \/ Yoast SEO plugin. -->","yoast_head_json":{"title":"Timbre 12\" CARBONE - 20 Spirales Avec Pitch - Soundrums","description":"Venez d\u00e9couvrir notre Timbre 12\" CARBONE - 20 Spirales Avec Pitch haute de gamme.","robots":{"index":"index","follow":"follow","max-snippet":"max-snippet:-1","max-image-preview":"max-image-preview:large","max-video-preview":"max-video-preview:-1"},"canonical":"https:\/\/soundrums-france.com\/index.php\/produit\/timbre-12-carbone-20-spirales-avec-pitch\/","og_locale":"fr_FR","og_type":"article","og_title":"Timbre 12\" CARBONE - 20 Spirales Avec Pitch - Soundrums","og_description":"Venez d\u00e9couvrir notre Timbre 12\" CARBONE - 20 Spirales Avec Pitch haute de gamme.","og_url":"https:\/\/soundrums-france.com\/index.php\/produit\/timbre-12-carbone-20-spirales-avec-pitch\/","og_site_name":"Soundrums","article_publisher":"https:\/\/www.facebook.com\/soundrums\/","article_modified_time":"2024-06-19T09:07:41+00:00","og_image":[{"width":800,"height":800,"url":"https:\/\/soundrums-france.com\/wp-content\/uploads\/2020\/12\/fc1420p.jpg","type":"image\/jpeg"}],"twitter_card":"summary_large_image","twitter_misc":{"Dur\u00e9e de lecture estim\u00e9e":"1 minute"},"schema":{"@context":"https:\/\/schema.org","@graph":[{"@type":"WebPage","@id":"https:\/\/soundrums-france.com\/index.php\/produit\/timbre-12-carbone-20-spirales-avec-pitch\/","url":"https:\/\/soundrums-france.com\/index.php\/produit\/timbre-12-carbone-20-spirales-avec-pitch\/","name":"Timbre 12\" CARBONE - 20 Spirales Avec Pitch - Soundrums","isPartOf":{"@id":"https:\/\/soundrums-france.com\/#website"},"primaryImageOfPage":{"@id":"https:\/\/soundrums-france.com\/index.php\/produit\/timbre-12-carbone-20-spirales-avec-pitch\/#primaryimage"},"image":{"@id":"https:\/\/soundrums-france.com\/index.php\/produit\/timbre-12-carbone-20-spirales-avec-pitch\/#primaryimage"},"thumbnailUrl":"https:\/\/soundrums-france.com\/wp-content\/uploads\/2020\/12\/fc1420p.webp","datePublished":"2022-01-14T07:42:02+00:00","dateModified":"2024-06-19T09:07:41+00:00","description":"Venez d\u00e9couvrir notre Timbre 12\" CARBONE - 20 Spirales Avec Pitch haute de gamme.","breadcrumb":{"@id":"https:\/\/soundrums-france.com\/index.php\/produit\/timbre-12-carbone-20-spirales-avec-pitch\/#breadcrumb"},"inLanguage":"fr-FR","potentialAction":[{"@type":"ReadAction","target":["https:\/\/soundrums-france.com\/index.php\/produit\/timbre-12-carbone-20-spirales-avec-pitch\/"]}]},{"@type":"ImageObject","inLanguage":"fr-FR","@id":"https:\/\/soundrums-france.com\/index.php\/produit\/timbre-12-carbone-20-spirales-avec-pitch\/#primaryimage","url":"https:\/\/soundrums-france.com\/wp-content\/uploads\/2020\/12\/fc1420p.webp","contentUrl":"https:\/\/soundrums-france.com\/wp-content\/uploads\/2020\/12\/fc1420p.webp","width":800,"height":800,"caption":"Timbre fatcat soundrums"},{"@type":"BreadcrumbList","@id":"https:\/\/soundrums-france.com\/index.php\/produit\/timbre-12-carbone-20-spirales-avec-pitch\/#breadcrumb","itemListElement":[{"@type":"ListItem","position":1,"name":"Accueil","item":"https:\/\/soundrums-france.com\/"},{"@type":"ListItem","position":2,"name":"Des produits","item":"https:\/\/soundrums-france.com\/index.php\/shop\/"},{"@type":"ListItem","position":3,"name":"Timbre 12&Prime; CARBONE &#8211; 20 Spirales Avec Pitch"}]},{"@type":"WebSite","@id":"https:\/\/soundrums-france.com\/#website","url":"https:\/\/soundrums-france.com\/","name":"Soundrums","description":"Manufacture Fran\u00e7aise de tambours","publisher":{"@id":"https:\/\/soundrums-france.com\/#organization"},"potentialAction":[{"@type":"SearchAction","target":{"@type":"EntryPoint","urlTemplate":"https:\/\/soundrums-france.com\/?s={search_term_string}"},"query-input":{"@type":"PropertyValueSpecification","valueRequired":true,"valueName":"search_term_string"}}],"inLanguage":"fr-FR"},{"@type":"Organization","@id":"https:\/\/soundrums-france.com\/#organization","name":"Soundrums-france","url":"https:\/\/soundrums-france.com\/","logo":{"@type":"ImageObject","inLanguage":"fr-FR","@id":"https:\/\/soundrums-france.com\/#\/schema\/logo\/image\/","url":"https:\/\/soundrums-france.com\/wp-content\/uploads\/2020\/10\/LogoSD_HD.jpg","contentUrl":"https:\/\/soundrums-france.com\/wp-content\/uploads\/2020\/10\/LogoSD_HD.jpg","width":1280,"height":930,"caption":"Soundrums-france"},"image":{"@id":"https:\/\/soundrums-france.com\/#\/schema\/logo\/image\/"},"sameAs":["https:\/\/www.facebook.com\/soundrums\/","https:\/\/www.youtube.com\/channel\/UC4S_W_0ZCdUFH3Y9xkv5bEw"]}]}},"uagb_featured_image_src":{"full":["https:\/\/soundrums-france.com\/wp-content\/uploads\/2020\/12\/fc1420p.webp",800,800,false],"thumbnail":["https:\/\/soundrums-france.com\/wp-content\/uploads\/2020\/12\/fc1420p-150x150.jpg",150,150,true],"medium":["https:\/\/soundrums-france.com\/wp-content\/uploads\/2020\/12\/fc1420p-300x300.jpg",300,300,true],"medium_large":["https:\/\/soundrums-france.com\/wp-content\/uploads\/2020\/12\/fc1420p-768x768.jpg",768,768,true],"large":["https:\/\/soundrums-france.com\/wp-content\/uploads\/2020\/12\/fc1420p.webp",800,800,false],"1536x1536":["https:\/\/soundrums-france.com\/wp-content\/uploads\/2020\/12\/fc1420p.webp",800,800,false],"2048x2048":["https:\/\/soundrums-france.com\/wp-content\/uploads\/2020\/12\/fc1420p.webp",800,800,false],"woocommerce_thumbnail":["https:\/\/soundrums-france.com\/wp-content\/uploads\/2020\/12\/fc1420p-300x300.jpg",300,300,true],"woocommerce_single":["https:\/\/soundrums-france.com\/wp-content\/uploads\/2020\/12\/fc1420p-600x600.jpg",600,600,true],"woocommerce_gallery_thumbnail":["https:\/\/soundrums-france.com\/wp-content\/uploads\/2020\/12\/fc1420p-100x100.jpg",100,100,true]},"uagb_author_info":{"display_name":"Emmanuel JAY","author_link":"https:\/\/soundrums-france.com\/index.php\/author\/"},"uagb_comment_info":0,"uagb_excerpt":"Timbre 12\" - 20 Spirales Carbone Avec Pitch de la marque Fat Cat Spirales faites de 90% de carbone pour plus d'attaque et pour une dur\u00e9e de vie accrue Mod\u00e8le avec \"Pitch\": angle des plaques ext\u00e9rieurs sp\u00e9cialement con\u00e7u pour les caisses claires ayant un chanfrein peu ou non creus\u00e9 pour accueillir le timbre, meilleur contact\u2026","wcpa_form_fields":null,"_links":{"self":[{"href":"https:\/\/soundrums-france.com\/index.php\/wp-json\/wp\/v2\/product\/33648","targetHints":{"allow":["GET"]}}],"collection":[{"href":"https:\/\/soundrums-france.com\/index.php\/wp-json\/wp\/v2\/product"}],"about":[{"href":"https:\/\/soundrums-france.com\/index.php\/wp-json\/wp\/v2\/types\/product"}],"replies":[{"embeddable":true,"href":"https:\/\/soundrums-france.com\/index.php\/wp-json\/wp\/v2\/comments?post=33648"}],"version-history":[{"count":1,"href":"https:\/\/soundrums-france.com\/index.php\/wp-json\/wp\/v2\/product\/33648\/revisions"}],"predecessor-version":[{"id":36890,"href":"https:\/\/soundrums-france.com\/index.php\/wp-json\/wp\/v2\/product\/33648\/revisions\/36890"}],"wp:featuredmedia":[{"embeddable":true,"href":"https:\/\/soundrums-france.com\/index.php\/wp-json\/wp\/v2\/media\/33633"}],"wp:attachment":[{"href":"https:\/\/soundrums-france.com\/index.php\/wp-json\/wp\/v2\/media?parent=33648"}],"wp:term":[{"taxonomy":"product_cat","embeddable":true,"href":"https:\/\/soundrums-france.com\/index.php\/wp-json\/wp\/v2\/product_cat?post=33648"},{"taxonomy":"product_tag","embeddable":true,"href":"https:\/\/soundrums-france.com\/index.php\/wp-json\/wp\/v2\/product_tag?post=33648"}],"curies":[{"name":"wp","href":"https:\/\/api.w.org\/{rel}","templated":true}]}}