{"id":33750,"date":"2022-05-03T09:12:14","date_gmt":"2022-05-03T07:12:14","guid":{"rendered":"https:\/\/soundrums-france.com\/?post_type=product&#038;p=33750"},"modified":"2024-10-30T20:03:25","modified_gmt":"2024-10-30T19:03:25","slug":"housse-professionnelle-soundrums-renforcee-pour-grosse-caisse-3-tailles","status":"publish","type":"product","link":"https:\/\/soundrums-france.com\/index.php\/produit\/housse-professionnelle-soundrums-renforcee-pour-grosse-caisse-3-tailles\/","title":{"rendered":"Housse professionnelle SOUNDRUMS renforc\u00e9e pour GROSSE CAISSE &#8211; 3 tailles"},"content":{"rendered":"<p>Housse de grosse-caisse 100% made in France, d\u00e9velopp\u00e9 par Soundrums.<\/p>\n","protected":false},"excerpt":{"rendered":"<p>Housse professionnelle de grosse-caisse renforc\u00e9e, SOUNDRUMS Fabriqu\u00e9e en France &#8211; 3 tailles &#8211; NOIRE<\/p>\n<p>Excellente r\u00e9sistance aux chocs, protection maximum et parfaitement adapt\u00e9e aux tambours Soundrums.<\/p>\n<div class=\"productDetailFeatureTexts\">\n<ul>\n<li><strong>Adaptation sur mesure \u00e0 votre instruments<\/strong><\/li>\n<li>Fabrication 100% fran\u00e7aise<\/li>\n<li>D\u00e9velopp\u00e9e par Soundrums<\/li>\n<li>Poign\u00e9e sp\u00e9cialement renforc\u00e9e pour un transport confortable<\/li>\n<li>Bretelles pour faciliter les d\u00e9placements<\/li>\n<li>R\u00e9sistante, \u00e9tanche et matelass\u00e9e<\/li>\n<li>Doublure anti-chocs et anti-poin\u00e7onnement par plaque poly\u00e9thyl\u00e8ne<\/li>\n<li>Stable, protections sur le fond avec pieds en m\u00e9tal<\/li>\n<\/ul>\n<p><strong>Fabrication sur commande, d\u00e9lai de fabrication et de livraison environ 5 \u00e0 8 semaines.<\/strong><\/p>\n<\/div>\n","protected":false},"featured_media":33755,"comment_status":"open","ping_status":"closed","template":"","meta":{"_uag_custom_page_level_css":"","site-sidebar-layout":"default","site-content-layout":"default","ast-global-header-display":"","ast-banner-title-visibility":"","ast-main-header-display":"","ast-hfb-above-header-display":"","ast-hfb-below-header-display":"","ast-hfb-mobile-header-display":"","site-post-title":"","ast-breadcrumbs-content":"","ast-featured-img":"","footer-sml-layout":"","theme-transparent-header-meta":"","adv-header-id-meta":"","stick-header-meta":"","header-above-stick-meta":"","header-main-stick-meta":"","header-below-stick-meta":""},"product_cat":[187,194],"product_tag":[],"class_list":{"0":"post-33750","1":"product","2":"type-product","3":"status-publish","4":"has-post-thumbnail","6":"product_cat-accessoires","7":"product_cat-housses","8":"pa_taille-245","9":"pa_taille-246","10":"pa_taille-247","11":"desktop-align-left","12":"tablet-align-left","13":"mobile-align-left","15":"first","16":"instock","17":"taxable","18":"shipping-taxable","19":"purchasable","20":"product-type-variable","21":"has-default-attributes"},"yoast_head":"<!-- This site is optimized with the Yoast SEO plugin v24.1 - https:\/\/yoast.com\/wordpress\/plugins\/seo\/ -->\n<title>Housse professionnelle SOUNDRUMS renforc\u00e9e pour GROSSE CAISSE - 3 tailles - Soundrums<\/title>\n<meta name=\"description\" content=\"Venez d\u00e9couvrir notre Housse professionnelle SOUNDRUMS renforc\u00e9e pour GROSSE CAISSE - 3 tailles haute de gamme.\" \/>\n<meta name=\"robots\" content=\"index, follow, max-snippet:-1, max-image-preview:large, max-video-preview:-1\" \/>\n<link rel=\"canonical\" href=\"https:\/\/soundrums-france.com\/index.php\/produit\/housse-professionnelle-soundrums-renforcee-pour-grosse-caisse-3-tailles\/\" \/>\n<meta property=\"og:locale\" content=\"fr_FR\" \/>\n<meta property=\"og:type\" content=\"article\" \/>\n<meta property=\"og:title\" content=\"Housse professionnelle SOUNDRUMS renforc\u00e9e pour GROSSE CAISSE - 3 tailles - Soundrums\" \/>\n<meta property=\"og:description\" content=\"Venez d\u00e9couvrir notre Housse professionnelle SOUNDRUMS renforc\u00e9e pour GROSSE CAISSE - 3 tailles haute de gamme.\" \/>\n<meta property=\"og:url\" content=\"https:\/\/soundrums-france.com\/index.php\/produit\/housse-professionnelle-soundrums-renforcee-pour-grosse-caisse-3-tailles\/\" \/>\n<meta property=\"og:site_name\" content=\"Soundrums\" \/>\n<meta property=\"article:publisher\" content=\"https:\/\/www.facebook.com\/soundrums\/\" \/>\n<meta property=\"article:modified_time\" content=\"2024-10-30T19:03:25+00:00\" \/>\n<meta property=\"og:image\" content=\"https:\/\/soundrums-france.com\/wp-content\/uploads\/2022\/05\/Housse-GC-SD.jpg\" \/>\n\t<meta property=\"og:image:width\" content=\"1200\" \/>\n\t<meta property=\"og:image:height\" content=\"1199\" \/>\n\t<meta property=\"og:image:type\" content=\"image\/jpeg\" \/>\n<meta name=\"twitter:card\" content=\"summary_large_image\" \/>\n<meta name=\"twitter:label1\" content=\"Dur\u00e9e de lecture estim\u00e9e\" \/>\n\t<meta name=\"twitter:data1\" content=\"1 minute\" \/>\n<script type=\"application\/ld+json\" class=\"yoast-schema-graph\">{\"@context\":\"https:\/\/schema.org\",\"@graph\":[{\"@type\":\"WebPage\",\"@id\":\"https:\/\/soundrums-france.com\/index.php\/produit\/housse-professionnelle-soundrums-renforcee-pour-grosse-caisse-3-tailles\/\",\"url\":\"https:\/\/soundrums-france.com\/index.php\/produit\/housse-professionnelle-soundrums-renforcee-pour-grosse-caisse-3-tailles\/\",\"name\":\"Housse professionnelle SOUNDRUMS renforc\u00e9e pour GROSSE CAISSE - 3 tailles - Soundrums\",\"isPartOf\":{\"@id\":\"https:\/\/soundrums-france.com\/#website\"},\"primaryImageOfPage\":{\"@id\":\"https:\/\/soundrums-france.com\/index.php\/produit\/housse-professionnelle-soundrums-renforcee-pour-grosse-caisse-3-tailles\/#primaryimage\"},\"image\":{\"@id\":\"https:\/\/soundrums-france.com\/index.php\/produit\/housse-professionnelle-soundrums-renforcee-pour-grosse-caisse-3-tailles\/#primaryimage\"},\"thumbnailUrl\":\"https:\/\/soundrums-france.com\/wp-content\/uploads\/2022\/05\/Housse-GC-SD.webp\",\"datePublished\":\"2022-05-03T07:12:14+00:00\",\"dateModified\":\"2024-10-30T19:03:25+00:00\",\"description\":\"Venez d\u00e9couvrir notre Housse professionnelle SOUNDRUMS renforc\u00e9e pour GROSSE CAISSE - 3 tailles haute de gamme.\",\"breadcrumb\":{\"@id\":\"https:\/\/soundrums-france.com\/index.php\/produit\/housse-professionnelle-soundrums-renforcee-pour-grosse-caisse-3-tailles\/#breadcrumb\"},\"inLanguage\":\"fr-FR\",\"potentialAction\":[{\"@type\":\"ReadAction\",\"target\":[\"https:\/\/soundrums-france.com\/index.php\/produit\/housse-professionnelle-soundrums-renforcee-pour-grosse-caisse-3-tailles\/\"]}]},{\"@type\":\"ImageObject\",\"inLanguage\":\"fr-FR\",\"@id\":\"https:\/\/soundrums-france.com\/index.php\/produit\/housse-professionnelle-soundrums-renforcee-pour-grosse-caisse-3-tailles\/#primaryimage\",\"url\":\"https:\/\/soundrums-france.com\/wp-content\/uploads\/2022\/05\/Housse-GC-SD.webp\",\"contentUrl\":\"https:\/\/soundrums-france.com\/wp-content\/uploads\/2022\/05\/Housse-GC-SD.webp\",\"width\":1200,\"height\":1199,\"caption\":\"Housse grosse caisse Soundrums France\"},{\"@type\":\"BreadcrumbList\",\"@id\":\"https:\/\/soundrums-france.com\/index.php\/produit\/housse-professionnelle-soundrums-renforcee-pour-grosse-caisse-3-tailles\/#breadcrumb\",\"itemListElement\":[{\"@type\":\"ListItem\",\"position\":1,\"name\":\"Accueil\",\"item\":\"https:\/\/soundrums-france.com\/\"},{\"@type\":\"ListItem\",\"position\":2,\"name\":\"Des produits\",\"item\":\"https:\/\/soundrums-france.com\/index.php\/shop\/\"},{\"@type\":\"ListItem\",\"position\":3,\"name\":\"Housse professionnelle SOUNDRUMS renforc\u00e9e pour GROSSE CAISSE &#8211; 3 tailles\"}]},{\"@type\":\"WebSite\",\"@id\":\"https:\/\/soundrums-france.com\/#website\",\"url\":\"https:\/\/soundrums-france.com\/\",\"name\":\"Soundrums\",\"description\":\"Manufacture Fran\u00e7aise de tambours\",\"publisher\":{\"@id\":\"https:\/\/soundrums-france.com\/#organization\"},\"potentialAction\":[{\"@type\":\"SearchAction\",\"target\":{\"@type\":\"EntryPoint\",\"urlTemplate\":\"https:\/\/soundrums-france.com\/?s={search_term_string}\"},\"query-input\":{\"@type\":\"PropertyValueSpecification\",\"valueRequired\":true,\"valueName\":\"search_term_string\"}}],\"inLanguage\":\"fr-FR\"},{\"@type\":\"Organization\",\"@id\":\"https:\/\/soundrums-france.com\/#organization\",\"name\":\"Soundrums-france\",\"url\":\"https:\/\/soundrums-france.com\/\",\"logo\":{\"@type\":\"ImageObject\",\"inLanguage\":\"fr-FR\",\"@id\":\"https:\/\/soundrums-france.com\/#\/schema\/logo\/image\/\",\"url\":\"https:\/\/soundrums-france.com\/wp-content\/uploads\/2020\/10\/LogoSD_HD.jpg\",\"contentUrl\":\"https:\/\/soundrums-france.com\/wp-content\/uploads\/2020\/10\/LogoSD_HD.jpg\",\"width\":1280,\"height\":930,\"caption\":\"Soundrums-france\"},\"image\":{\"@id\":\"https:\/\/soundrums-france.com\/#\/schema\/logo\/image\/\"},\"sameAs\":[\"https:\/\/www.facebook.com\/soundrums\/\",\"https:\/\/www.youtube.com\/channel\/UC4S_W_0ZCdUFH3Y9xkv5bEw\"]}]}<\/script>\n<!-- \/ Yoast SEO plugin. -->","yoast_head_json":{"title":"Housse professionnelle SOUNDRUMS renforc\u00e9e pour GROSSE CAISSE - 3 tailles - Soundrums","description":"Venez d\u00e9couvrir notre Housse professionnelle SOUNDRUMS renforc\u00e9e pour GROSSE CAISSE - 3 tailles haute de gamme.","robots":{"index":"index","follow":"follow","max-snippet":"max-snippet:-1","max-image-preview":"max-image-preview:large","max-video-preview":"max-video-preview:-1"},"canonical":"https:\/\/soundrums-france.com\/index.php\/produit\/housse-professionnelle-soundrums-renforcee-pour-grosse-caisse-3-tailles\/","og_locale":"fr_FR","og_type":"article","og_title":"Housse professionnelle SOUNDRUMS renforc\u00e9e pour GROSSE CAISSE - 3 tailles - Soundrums","og_description":"Venez d\u00e9couvrir notre Housse professionnelle SOUNDRUMS renforc\u00e9e pour GROSSE CAISSE - 3 tailles haute de gamme.","og_url":"https:\/\/soundrums-france.com\/index.php\/produit\/housse-professionnelle-soundrums-renforcee-pour-grosse-caisse-3-tailles\/","og_site_name":"Soundrums","article_publisher":"https:\/\/www.facebook.com\/soundrums\/","article_modified_time":"2024-10-30T19:03:25+00:00","og_image":[{"width":1200,"height":1199,"url":"https:\/\/soundrums-france.com\/wp-content\/uploads\/2022\/05\/Housse-GC-SD.jpg","type":"image\/jpeg"}],"twitter_card":"summary_large_image","twitter_misc":{"Dur\u00e9e de lecture estim\u00e9e":"1 minute"},"schema":{"@context":"https:\/\/schema.org","@graph":[{"@type":"WebPage","@id":"https:\/\/soundrums-france.com\/index.php\/produit\/housse-professionnelle-soundrums-renforcee-pour-grosse-caisse-3-tailles\/","url":"https:\/\/soundrums-france.com\/index.php\/produit\/housse-professionnelle-soundrums-renforcee-pour-grosse-caisse-3-tailles\/","name":"Housse professionnelle SOUNDRUMS renforc\u00e9e pour GROSSE CAISSE - 3 tailles - Soundrums","isPartOf":{"@id":"https:\/\/soundrums-france.com\/#website"},"primaryImageOfPage":{"@id":"https:\/\/soundrums-france.com\/index.php\/produit\/housse-professionnelle-soundrums-renforcee-pour-grosse-caisse-3-tailles\/#primaryimage"},"image":{"@id":"https:\/\/soundrums-france.com\/index.php\/produit\/housse-professionnelle-soundrums-renforcee-pour-grosse-caisse-3-tailles\/#primaryimage"},"thumbnailUrl":"https:\/\/soundrums-france.com\/wp-content\/uploads\/2022\/05\/Housse-GC-SD.webp","datePublished":"2022-05-03T07:12:14+00:00","dateModified":"2024-10-30T19:03:25+00:00","description":"Venez d\u00e9couvrir notre Housse professionnelle SOUNDRUMS renforc\u00e9e pour GROSSE CAISSE - 3 tailles haute de gamme.","breadcrumb":{"@id":"https:\/\/soundrums-france.com\/index.php\/produit\/housse-professionnelle-soundrums-renforcee-pour-grosse-caisse-3-tailles\/#breadcrumb"},"inLanguage":"fr-FR","potentialAction":[{"@type":"ReadAction","target":["https:\/\/soundrums-france.com\/index.php\/produit\/housse-professionnelle-soundrums-renforcee-pour-grosse-caisse-3-tailles\/"]}]},{"@type":"ImageObject","inLanguage":"fr-FR","@id":"https:\/\/soundrums-france.com\/index.php\/produit\/housse-professionnelle-soundrums-renforcee-pour-grosse-caisse-3-tailles\/#primaryimage","url":"https:\/\/soundrums-france.com\/wp-content\/uploads\/2022\/05\/Housse-GC-SD.webp","contentUrl":"https:\/\/soundrums-france.com\/wp-content\/uploads\/2022\/05\/Housse-GC-SD.webp","width":1200,"height":1199,"caption":"Housse grosse caisse Soundrums France"},{"@type":"BreadcrumbList","@id":"https:\/\/soundrums-france.com\/index.php\/produit\/housse-professionnelle-soundrums-renforcee-pour-grosse-caisse-3-tailles\/#breadcrumb","itemListElement":[{"@type":"ListItem","position":1,"name":"Accueil","item":"https:\/\/soundrums-france.com\/"},{"@type":"ListItem","position":2,"name":"Des produits","item":"https:\/\/soundrums-france.com\/index.php\/shop\/"},{"@type":"ListItem","position":3,"name":"Housse professionnelle SOUNDRUMS renforc\u00e9e pour GROSSE CAISSE &#8211; 3 tailles"}]},{"@type":"WebSite","@id":"https:\/\/soundrums-france.com\/#website","url":"https:\/\/soundrums-france.com\/","name":"Soundrums","description":"Manufacture Fran\u00e7aise de tambours","publisher":{"@id":"https:\/\/soundrums-france.com\/#organization"},"potentialAction":[{"@type":"SearchAction","target":{"@type":"EntryPoint","urlTemplate":"https:\/\/soundrums-france.com\/?s={search_term_string}"},"query-input":{"@type":"PropertyValueSpecification","valueRequired":true,"valueName":"search_term_string"}}],"inLanguage":"fr-FR"},{"@type":"Organization","@id":"https:\/\/soundrums-france.com\/#organization","name":"Soundrums-france","url":"https:\/\/soundrums-france.com\/","logo":{"@type":"ImageObject","inLanguage":"fr-FR","@id":"https:\/\/soundrums-france.com\/#\/schema\/logo\/image\/","url":"https:\/\/soundrums-france.com\/wp-content\/uploads\/2020\/10\/LogoSD_HD.jpg","contentUrl":"https:\/\/soundrums-france.com\/wp-content\/uploads\/2020\/10\/LogoSD_HD.jpg","width":1280,"height":930,"caption":"Soundrums-france"},"image":{"@id":"https:\/\/soundrums-france.com\/#\/schema\/logo\/image\/"},"sameAs":["https:\/\/www.facebook.com\/soundrums\/","https:\/\/www.youtube.com\/channel\/UC4S_W_0ZCdUFH3Y9xkv5bEw"]}]}},"uagb_featured_image_src":{"full":["https:\/\/soundrums-france.com\/wp-content\/uploads\/2022\/05\/Housse-GC-SD.webp",1200,1199,false],"thumbnail":["https:\/\/soundrums-france.com\/wp-content\/uploads\/2022\/05\/Housse-GC-SD-150x150.jpg",150,150,true],"medium":["https:\/\/soundrums-france.com\/wp-content\/uploads\/2022\/05\/Housse-GC-SD-300x300.jpg",300,300,true],"medium_large":["https:\/\/soundrums-france.com\/wp-content\/uploads\/2022\/05\/Housse-GC-SD-768x767.jpg",768,767,true],"large":["https:\/\/soundrums-france.com\/wp-content\/uploads\/2022\/05\/Housse-GC-SD-1024x1024.jpg",1024,1024,true],"1536x1536":["https:\/\/soundrums-france.com\/wp-content\/uploads\/2022\/05\/Housse-GC-SD.webp",1200,1199,false],"2048x2048":["https:\/\/soundrums-france.com\/wp-content\/uploads\/2022\/05\/Housse-GC-SD.webp",1200,1199,false],"woocommerce_thumbnail":["https:\/\/soundrums-france.com\/wp-content\/uploads\/2022\/05\/Housse-GC-SD-300x300.jpg",300,300,true],"woocommerce_single":["https:\/\/soundrums-france.com\/wp-content\/uploads\/2022\/05\/Housse-GC-SD-600x600.jpg",600,600,true],"woocommerce_gallery_thumbnail":["https:\/\/soundrums-france.com\/wp-content\/uploads\/2022\/05\/Housse-GC-SD-100x100.jpg",100,100,true]},"uagb_author_info":{"display_name":"Emmanuel JAY","author_link":"https:\/\/soundrums-france.com\/index.php\/author\/"},"uagb_comment_info":0,"uagb_excerpt":"Housse professionnelle de grosse-caisse renforc\u00e9e, SOUNDRUMS Fabriqu\u00e9e en France - 3 tailles - NOIRE Excellente r\u00e9sistance aux chocs, protection maximum et parfaitement adapt\u00e9e aux tambours Soundrums. Adaptation sur mesure \u00e0 votre instruments Fabrication 100% fran\u00e7aise D\u00e9velopp\u00e9e par Soundrums Poign\u00e9e sp\u00e9cialement renforc\u00e9e pour un transport confortable Bretelles pour faciliter les d\u00e9placements R\u00e9sistante, \u00e9tanche et matelass\u00e9e Doublure\u2026","wcpa_form_fields":null,"_links":{"self":[{"href":"https:\/\/soundrums-france.com\/index.php\/wp-json\/wp\/v2\/product\/33750","targetHints":{"allow":["GET"]}}],"collection":[{"href":"https:\/\/soundrums-france.com\/index.php\/wp-json\/wp\/v2\/product"}],"about":[{"href":"https:\/\/soundrums-france.com\/index.php\/wp-json\/wp\/v2\/types\/product"}],"replies":[{"embeddable":true,"href":"https:\/\/soundrums-france.com\/index.php\/wp-json\/wp\/v2\/comments?post=33750"}],"version-history":[{"count":2,"href":"https:\/\/soundrums-france.com\/index.php\/wp-json\/wp\/v2\/product\/33750\/revisions"}],"predecessor-version":[{"id":37282,"href":"https:\/\/soundrums-france.com\/index.php\/wp-json\/wp\/v2\/product\/33750\/revisions\/37282"}],"wp:featuredmedia":[{"embeddable":true,"href":"https:\/\/soundrums-france.com\/index.php\/wp-json\/wp\/v2\/media\/33755"}],"wp:attachment":[{"href":"https:\/\/soundrums-france.com\/index.php\/wp-json\/wp\/v2\/media?parent=33750"}],"wp:term":[{"taxonomy":"product_cat","embeddable":true,"href":"https:\/\/soundrums-france.com\/index.php\/wp-json\/wp\/v2\/product_cat?post=33750"},{"taxonomy":"product_tag","embeddable":true,"href":"https:\/\/soundrums-france.com\/index.php\/wp-json\/wp\/v2\/product_tag?post=33750"}],"curies":[{"name":"wp","href":"https:\/\/api.w.org\/{rel}","templated":true}]}}