{"id":33763,"date":"2022-05-23T09:49:49","date_gmt":"2022-05-23T07:49:49","guid":{"rendered":"https:\/\/soundrums-france.com\/?post_type=product&#038;p=33763"},"modified":"2022-05-23T10:21:34","modified_gmt":"2022-05-23T08:21:34","slug":"caisse-claire-pailletee-aluminium-tss-touch-sensitive-sound-14-x-6","status":"publish","type":"product","link":"https:\/\/soundrums-france.com\/index.php\/produit\/caisse-claire-pailletee-aluminium-tss-touch-sensitive-sound-14-x-6\/","title":{"rendered":"Caisse-claire paillet\u00e9e Aluminium TSS  \u00ab\u00a0Touch Sensitive Sound\u00a0\u00bb 14&Prime; x 6&Prime;"},"content":{"rendered":"<p>Notre caisse claire \u00ab\u00a0Touch Sensitive Sound\u00a0\u00bb s\u2019inspire du son l\u00e9gendaire des caisses claires en aluminium et de la projection des caisses-claires d&rsquo;orchestre.<br \/>\nR\u00e9invent\u00e9 par SOUNDRUMS et sa fabrication artisanale innovante, d\u00e9couvrez le son pur et d\u00e9licat de l&rsquo;aluminium et sa facilit\u00e9 de jeu et de r\u00e9glage. Les harmoniques se trouvent maitris\u00e9es tr\u00e8s facilement et vous pourrez jouer avec une multitude de r\u00e9glages et dans tous les styles. Une finition \u00e9tincelante pour lui offrir un design unique.<\/p>\n<p>Munie d&rsquo;un d\u00e9clencheur Trick tri-positions tr\u00e8s pr\u00e9cis, d&rsquo;un timbre carbone et d&rsquo;une peau Remo Ambassador sabl\u00e9e ou Evans sabl\u00e9e, cette caisse-claire vous \u00e9tonnera par sa puissance et son confort.<\/p>\n","protected":false},"excerpt":{"rendered":"<p>Caisse Claire TSS 14&Prime; x 6&Prime; mod\u00e8le paillet\u00e9<\/p>\n<p>Fabrication artisanale fran\u00e7aise cr\u00e9ation SOUNDRUMS\u00ae<br \/>\nF\u00fbt aluminium de 2 enti\u00e8rement fait main<br \/>\nFinition \u00ab paillet\u00e9 \u00bb. Pas de rhodoid, v\u00e9ritables paill\u00e8tes incorpor\u00e9es dans le vernis sur le fut (couleur au choix)<br \/>\n<em><span class=\"tojvnm2t a6sixzi8 abs2jz4q a8s20v7p t1p8iaqh k5wvi7nf q3lfd5jv pk4s997a bipmatt0 cebpdrjk qowsmv63 owwhemhu dp1hu0rb dhp61c6y iyyx5f41\"><strong>Finition cr\u00e9\u00e9e pour Philippe Jeoffroy, Progressive Drum school.<\/strong> <\/span><\/em><br \/>\n8 tirants &#8211; Coquilles tubulaires<br \/>\nD\u00e9clencheur tri-positions<br \/>\nTimbre carbone 20 Spirales<br \/>\nCercles emboutis de 2.6mm<br \/>\nPeau Remo Ambassador sabl\u00e9e ou Evans au choix<\/p>\n","protected":false},"featured_media":33767,"comment_status":"open","ping_status":"closed","template":"","meta":{"_uag_custom_page_level_css":"","site-sidebar-layout":"default","site-content-layout":"default","ast-global-header-display":"","ast-banner-title-visibility":"","ast-main-header-display":"","ast-hfb-above-header-display":"","ast-hfb-below-header-display":"","ast-hfb-mobile-header-display":"","site-post-title":"","ast-breadcrumbs-content":"","ast-featured-img":"","footer-sml-layout":"","theme-transparent-header-meta":"","adv-header-id-meta":"","stick-header-meta":"","header-above-stick-meta":"","header-main-stick-meta":"","header-below-stick-meta":""},"product_cat":[186,192],"product_tag":[],"class_list":{"0":"post-33763","1":"product","2":"type-product","3":"status-publish","4":"has-post-thumbnail","6":"product_cat-instruments","7":"product_cat-caisses_claires","8":"desktop-align-left","9":"tablet-align-left","10":"mobile-align-left","12":"first","13":"instock","14":"taxable","15":"shipping-taxable","16":"purchasable","17":"product-type-simple"},"yoast_head":"<!-- This site is optimized with the Yoast SEO plugin v24.1 - https:\/\/yoast.com\/wordpress\/plugins\/seo\/ -->\n<title>Caisse-claire paillet\u00e9e Aluminium TSS &quot;Touch Sensitive Sound&quot; 14&quot; x 6&quot; - Soundrums<\/title>\n<meta name=\"description\" content=\"Venez d\u00e9couvrir notre Caisse-claire paillet\u00e9e Aluminium TSS &quot;Touch Sensitive Sound&quot; 14&quot; x 6&quot; haute de gamme.\" \/>\n<meta name=\"robots\" content=\"index, follow, max-snippet:-1, max-image-preview:large, max-video-preview:-1\" \/>\n<link rel=\"canonical\" href=\"https:\/\/soundrums-france.com\/index.php\/produit\/caisse-claire-pailletee-aluminium-tss-touch-sensitive-sound-14-x-6\/\" \/>\n<meta property=\"og:locale\" content=\"fr_FR\" \/>\n<meta property=\"og:type\" content=\"article\" \/>\n<meta property=\"og:title\" content=\"Caisse-claire paillet\u00e9e Aluminium TSS &quot;Touch Sensitive Sound&quot; 14&quot; x 6&quot; - Soundrums\" \/>\n<meta property=\"og:description\" content=\"Venez d\u00e9couvrir notre Caisse-claire paillet\u00e9e Aluminium TSS &quot;Touch Sensitive Sound&quot; 14&quot; x 6&quot; haute de gamme.\" \/>\n<meta property=\"og:url\" content=\"https:\/\/soundrums-france.com\/index.php\/produit\/caisse-claire-pailletee-aluminium-tss-touch-sensitive-sound-14-x-6\/\" \/>\n<meta property=\"og:site_name\" content=\"Soundrums\" \/>\n<meta property=\"article:publisher\" content=\"https:\/\/www.facebook.com\/soundrums\/\" \/>\n<meta property=\"article:modified_time\" content=\"2022-05-23T08:21:34+00:00\" \/>\n<meta property=\"og:image\" content=\"https:\/\/soundrums-france.com\/wp-content\/uploads\/2022\/05\/CCPaillette04.jpg\" \/>\n\t<meta property=\"og:image:width\" content=\"1200\" \/>\n\t<meta property=\"og:image:height\" content=\"1200\" \/>\n\t<meta property=\"og:image:type\" content=\"image\/jpeg\" \/>\n<meta name=\"twitter:card\" content=\"summary_large_image\" \/>\n<meta name=\"twitter:label1\" content=\"Dur\u00e9e de lecture estim\u00e9e\" \/>\n\t<meta name=\"twitter:data1\" content=\"1 minute\" \/>\n<script type=\"application\/ld+json\" class=\"yoast-schema-graph\">{\"@context\":\"https:\/\/schema.org\",\"@graph\":[{\"@type\":\"WebPage\",\"@id\":\"https:\/\/soundrums-france.com\/index.php\/produit\/caisse-claire-pailletee-aluminium-tss-touch-sensitive-sound-14-x-6\/\",\"url\":\"https:\/\/soundrums-france.com\/index.php\/produit\/caisse-claire-pailletee-aluminium-tss-touch-sensitive-sound-14-x-6\/\",\"name\":\"Caisse-claire paillet\u00e9e Aluminium TSS \\\"Touch Sensitive Sound\\\" 14\\\" x 6\\\" - Soundrums\",\"isPartOf\":{\"@id\":\"https:\/\/soundrums-france.com\/#website\"},\"primaryImageOfPage\":{\"@id\":\"https:\/\/soundrums-france.com\/index.php\/produit\/caisse-claire-pailletee-aluminium-tss-touch-sensitive-sound-14-x-6\/#primaryimage\"},\"image\":{\"@id\":\"https:\/\/soundrums-france.com\/index.php\/produit\/caisse-claire-pailletee-aluminium-tss-touch-sensitive-sound-14-x-6\/#primaryimage\"},\"thumbnailUrl\":\"https:\/\/soundrums-france.com\/wp-content\/uploads\/2022\/05\/CCPaillette04.webp\",\"datePublished\":\"2022-05-23T07:49:49+00:00\",\"dateModified\":\"2022-05-23T08:21:34+00:00\",\"description\":\"Venez d\u00e9couvrir notre Caisse-claire paillet\u00e9e Aluminium TSS \\\"Touch Sensitive Sound\\\" 14\\\" x 6\\\" haute de gamme.\",\"breadcrumb\":{\"@id\":\"https:\/\/soundrums-france.com\/index.php\/produit\/caisse-claire-pailletee-aluminium-tss-touch-sensitive-sound-14-x-6\/#breadcrumb\"},\"inLanguage\":\"fr-FR\",\"potentialAction\":[{\"@type\":\"ReadAction\",\"target\":[\"https:\/\/soundrums-france.com\/index.php\/produit\/caisse-claire-pailletee-aluminium-tss-touch-sensitive-sound-14-x-6\/\"]}]},{\"@type\":\"ImageObject\",\"inLanguage\":\"fr-FR\",\"@id\":\"https:\/\/soundrums-france.com\/index.php\/produit\/caisse-claire-pailletee-aluminium-tss-touch-sensitive-sound-14-x-6\/#primaryimage\",\"url\":\"https:\/\/soundrums-france.com\/wp-content\/uploads\/2022\/05\/CCPaillette04.webp\",\"contentUrl\":\"https:\/\/soundrums-france.com\/wp-content\/uploads\/2022\/05\/CCPaillette04.webp\",\"width\":1200,\"height\":1200,\"caption\":\"Caisse-claire Aluminium TSS Touch Sensitive Sound paill\u00e8te 14x6 SOUNDRUMS\"},{\"@type\":\"BreadcrumbList\",\"@id\":\"https:\/\/soundrums-france.com\/index.php\/produit\/caisse-claire-pailletee-aluminium-tss-touch-sensitive-sound-14-x-6\/#breadcrumb\",\"itemListElement\":[{\"@type\":\"ListItem\",\"position\":1,\"name\":\"Accueil\",\"item\":\"https:\/\/soundrums-france.com\/\"},{\"@type\":\"ListItem\",\"position\":2,\"name\":\"Des produits\",\"item\":\"https:\/\/soundrums-france.com\/index.php\/shop\/\"},{\"@type\":\"ListItem\",\"position\":3,\"name\":\"Caisse-claire paillet\u00e9e Aluminium TSS \u00ab\u00a0Touch Sensitive Sound\u00a0\u00bb 14&Prime; x 6&Prime;\"}]},{\"@type\":\"WebSite\",\"@id\":\"https:\/\/soundrums-france.com\/#website\",\"url\":\"https:\/\/soundrums-france.com\/\",\"name\":\"Soundrums\",\"description\":\"Manufacture Fran\u00e7aise de tambours\",\"publisher\":{\"@id\":\"https:\/\/soundrums-france.com\/#organization\"},\"potentialAction\":[{\"@type\":\"SearchAction\",\"target\":{\"@type\":\"EntryPoint\",\"urlTemplate\":\"https:\/\/soundrums-france.com\/?s={search_term_string}\"},\"query-input\":{\"@type\":\"PropertyValueSpecification\",\"valueRequired\":true,\"valueName\":\"search_term_string\"}}],\"inLanguage\":\"fr-FR\"},{\"@type\":\"Organization\",\"@id\":\"https:\/\/soundrums-france.com\/#organization\",\"name\":\"Soundrums-france\",\"url\":\"https:\/\/soundrums-france.com\/\",\"logo\":{\"@type\":\"ImageObject\",\"inLanguage\":\"fr-FR\",\"@id\":\"https:\/\/soundrums-france.com\/#\/schema\/logo\/image\/\",\"url\":\"https:\/\/soundrums-france.com\/wp-content\/uploads\/2020\/10\/LogoSD_HD.jpg\",\"contentUrl\":\"https:\/\/soundrums-france.com\/wp-content\/uploads\/2020\/10\/LogoSD_HD.jpg\",\"width\":1280,\"height\":930,\"caption\":\"Soundrums-france\"},\"image\":{\"@id\":\"https:\/\/soundrums-france.com\/#\/schema\/logo\/image\/\"},\"sameAs\":[\"https:\/\/www.facebook.com\/soundrums\/\",\"https:\/\/www.youtube.com\/channel\/UC4S_W_0ZCdUFH3Y9xkv5bEw\"]}]}<\/script>\n<!-- \/ Yoast SEO plugin. -->","yoast_head_json":{"title":"Caisse-claire paillet\u00e9e Aluminium TSS \"Touch Sensitive Sound\" 14\" x 6\" - Soundrums","description":"Venez d\u00e9couvrir notre Caisse-claire paillet\u00e9e Aluminium TSS \"Touch Sensitive Sound\" 14\" x 6\" haute de gamme.","robots":{"index":"index","follow":"follow","max-snippet":"max-snippet:-1","max-image-preview":"max-image-preview:large","max-video-preview":"max-video-preview:-1"},"canonical":"https:\/\/soundrums-france.com\/index.php\/produit\/caisse-claire-pailletee-aluminium-tss-touch-sensitive-sound-14-x-6\/","og_locale":"fr_FR","og_type":"article","og_title":"Caisse-claire paillet\u00e9e Aluminium TSS \"Touch Sensitive Sound\" 14\" x 6\" - Soundrums","og_description":"Venez d\u00e9couvrir notre Caisse-claire paillet\u00e9e Aluminium TSS \"Touch Sensitive Sound\" 14\" x 6\" haute de gamme.","og_url":"https:\/\/soundrums-france.com\/index.php\/produit\/caisse-claire-pailletee-aluminium-tss-touch-sensitive-sound-14-x-6\/","og_site_name":"Soundrums","article_publisher":"https:\/\/www.facebook.com\/soundrums\/","article_modified_time":"2022-05-23T08:21:34+00:00","og_image":[{"width":1200,"height":1200,"url":"https:\/\/soundrums-france.com\/wp-content\/uploads\/2022\/05\/CCPaillette04.jpg","type":"image\/jpeg"}],"twitter_card":"summary_large_image","twitter_misc":{"Dur\u00e9e de lecture estim\u00e9e":"1 minute"},"schema":{"@context":"https:\/\/schema.org","@graph":[{"@type":"WebPage","@id":"https:\/\/soundrums-france.com\/index.php\/produit\/caisse-claire-pailletee-aluminium-tss-touch-sensitive-sound-14-x-6\/","url":"https:\/\/soundrums-france.com\/index.php\/produit\/caisse-claire-pailletee-aluminium-tss-touch-sensitive-sound-14-x-6\/","name":"Caisse-claire paillet\u00e9e Aluminium TSS \"Touch Sensitive Sound\" 14\" x 6\" - Soundrums","isPartOf":{"@id":"https:\/\/soundrums-france.com\/#website"},"primaryImageOfPage":{"@id":"https:\/\/soundrums-france.com\/index.php\/produit\/caisse-claire-pailletee-aluminium-tss-touch-sensitive-sound-14-x-6\/#primaryimage"},"image":{"@id":"https:\/\/soundrums-france.com\/index.php\/produit\/caisse-claire-pailletee-aluminium-tss-touch-sensitive-sound-14-x-6\/#primaryimage"},"thumbnailUrl":"https:\/\/soundrums-france.com\/wp-content\/uploads\/2022\/05\/CCPaillette04.webp","datePublished":"2022-05-23T07:49:49+00:00","dateModified":"2022-05-23T08:21:34+00:00","description":"Venez d\u00e9couvrir notre Caisse-claire paillet\u00e9e Aluminium TSS \"Touch Sensitive Sound\" 14\" x 6\" haute de gamme.","breadcrumb":{"@id":"https:\/\/soundrums-france.com\/index.php\/produit\/caisse-claire-pailletee-aluminium-tss-touch-sensitive-sound-14-x-6\/#breadcrumb"},"inLanguage":"fr-FR","potentialAction":[{"@type":"ReadAction","target":["https:\/\/soundrums-france.com\/index.php\/produit\/caisse-claire-pailletee-aluminium-tss-touch-sensitive-sound-14-x-6\/"]}]},{"@type":"ImageObject","inLanguage":"fr-FR","@id":"https:\/\/soundrums-france.com\/index.php\/produit\/caisse-claire-pailletee-aluminium-tss-touch-sensitive-sound-14-x-6\/#primaryimage","url":"https:\/\/soundrums-france.com\/wp-content\/uploads\/2022\/05\/CCPaillette04.webp","contentUrl":"https:\/\/soundrums-france.com\/wp-content\/uploads\/2022\/05\/CCPaillette04.webp","width":1200,"height":1200,"caption":"Caisse-claire Aluminium TSS Touch Sensitive Sound paill\u00e8te 14x6 SOUNDRUMS"},{"@type":"BreadcrumbList","@id":"https:\/\/soundrums-france.com\/index.php\/produit\/caisse-claire-pailletee-aluminium-tss-touch-sensitive-sound-14-x-6\/#breadcrumb","itemListElement":[{"@type":"ListItem","position":1,"name":"Accueil","item":"https:\/\/soundrums-france.com\/"},{"@type":"ListItem","position":2,"name":"Des produits","item":"https:\/\/soundrums-france.com\/index.php\/shop\/"},{"@type":"ListItem","position":3,"name":"Caisse-claire paillet\u00e9e Aluminium TSS \u00ab\u00a0Touch Sensitive Sound\u00a0\u00bb 14&Prime; x 6&Prime;"}]},{"@type":"WebSite","@id":"https:\/\/soundrums-france.com\/#website","url":"https:\/\/soundrums-france.com\/","name":"Soundrums","description":"Manufacture Fran\u00e7aise de tambours","publisher":{"@id":"https:\/\/soundrums-france.com\/#organization"},"potentialAction":[{"@type":"SearchAction","target":{"@type":"EntryPoint","urlTemplate":"https:\/\/soundrums-france.com\/?s={search_term_string}"},"query-input":{"@type":"PropertyValueSpecification","valueRequired":true,"valueName":"search_term_string"}}],"inLanguage":"fr-FR"},{"@type":"Organization","@id":"https:\/\/soundrums-france.com\/#organization","name":"Soundrums-france","url":"https:\/\/soundrums-france.com\/","logo":{"@type":"ImageObject","inLanguage":"fr-FR","@id":"https:\/\/soundrums-france.com\/#\/schema\/logo\/image\/","url":"https:\/\/soundrums-france.com\/wp-content\/uploads\/2020\/10\/LogoSD_HD.jpg","contentUrl":"https:\/\/soundrums-france.com\/wp-content\/uploads\/2020\/10\/LogoSD_HD.jpg","width":1280,"height":930,"caption":"Soundrums-france"},"image":{"@id":"https:\/\/soundrums-france.com\/#\/schema\/logo\/image\/"},"sameAs":["https:\/\/www.facebook.com\/soundrums\/","https:\/\/www.youtube.com\/channel\/UC4S_W_0ZCdUFH3Y9xkv5bEw"]}]}},"uagb_featured_image_src":{"full":["https:\/\/soundrums-france.com\/wp-content\/uploads\/2022\/05\/CCPaillette04.webp",1200,1200,false],"thumbnail":["https:\/\/soundrums-france.com\/wp-content\/uploads\/2022\/05\/CCPaillette04-150x150.jpg",150,150,true],"medium":["https:\/\/soundrums-france.com\/wp-content\/uploads\/2022\/05\/CCPaillette04-300x300.jpg",300,300,true],"medium_large":["https:\/\/soundrums-france.com\/wp-content\/uploads\/2022\/05\/CCPaillette04-768x768.jpg",768,768,true],"large":["https:\/\/soundrums-france.com\/wp-content\/uploads\/2022\/05\/CCPaillette04-1024x1024.jpg",1024,1024,true],"1536x1536":["https:\/\/soundrums-france.com\/wp-content\/uploads\/2022\/05\/CCPaillette04.webp",1200,1200,false],"2048x2048":["https:\/\/soundrums-france.com\/wp-content\/uploads\/2022\/05\/CCPaillette04.webp",1200,1200,false],"woocommerce_thumbnail":["https:\/\/soundrums-france.com\/wp-content\/uploads\/2022\/05\/CCPaillette04-300x300.jpg",300,300,true],"woocommerce_single":["https:\/\/soundrums-france.com\/wp-content\/uploads\/2022\/05\/CCPaillette04-600x600.jpg",600,600,true],"woocommerce_gallery_thumbnail":["https:\/\/soundrums-france.com\/wp-content\/uploads\/2022\/05\/CCPaillette04-100x100.jpg",100,100,true]},"uagb_author_info":{"display_name":"Emmanuel JAY","author_link":"https:\/\/soundrums-france.com\/index.php\/author\/"},"uagb_comment_info":0,"uagb_excerpt":"Caisse Claire TSS 14\" x 6\" mod\u00e8le paillet\u00e9 Fabrication artisanale fran\u00e7aise cr\u00e9ation SOUNDRUMS\u00ae F\u00fbt aluminium de 2 enti\u00e8rement fait main Finition \u00ab paillet\u00e9 \u00bb. Pas de rhodoid, v\u00e9ritables paill\u00e8tes incorpor\u00e9es dans le vernis sur le fut (couleur au choix) Finition cr\u00e9\u00e9e pour Philippe Jeoffroy, Progressive Drum school. 8 tirants - Coquilles tubulaires D\u00e9clencheur tri-positions Timbre\u2026","wcpa_form_fields":null,"_links":{"self":[{"href":"https:\/\/soundrums-france.com\/index.php\/wp-json\/wp\/v2\/product\/33763","targetHints":{"allow":["GET"]}}],"collection":[{"href":"https:\/\/soundrums-france.com\/index.php\/wp-json\/wp\/v2\/product"}],"about":[{"href":"https:\/\/soundrums-france.com\/index.php\/wp-json\/wp\/v2\/types\/product"}],"replies":[{"embeddable":true,"href":"https:\/\/soundrums-france.com\/index.php\/wp-json\/wp\/v2\/comments?post=33763"}],"version-history":[{"count":0,"href":"https:\/\/soundrums-france.com\/index.php\/wp-json\/wp\/v2\/product\/33763\/revisions"}],"wp:featuredmedia":[{"embeddable":true,"href":"https:\/\/soundrums-france.com\/index.php\/wp-json\/wp\/v2\/media\/33767"}],"wp:attachment":[{"href":"https:\/\/soundrums-france.com\/index.php\/wp-json\/wp\/v2\/media?parent=33763"}],"wp:term":[{"taxonomy":"product_cat","embeddable":true,"href":"https:\/\/soundrums-france.com\/index.php\/wp-json\/wp\/v2\/product_cat?post=33763"},{"taxonomy":"product_tag","embeddable":true,"href":"https:\/\/soundrums-france.com\/index.php\/wp-json\/wp\/v2\/product_tag?post=33763"}],"curies":[{"name":"wp","href":"https:\/\/api.w.org\/{rel}","templated":true}]}}