{"id":33775,"date":"2022-06-09T17:38:27","date_gmt":"2022-06-09T15:38:27","guid":{"rendered":"https:\/\/soundrums-france.com\/?post_type=product&#038;p=33775"},"modified":"2022-06-09T17:44:12","modified_gmt":"2022-06-09T15:44:12","slug":"caisse-claire-tarol-aluminium-14-x-3-5","status":"publish","type":"product","link":"https:\/\/soundrums-france.com\/index.php\/produit\/caisse-claire-tarol-aluminium-14-x-3-5\/","title":{"rendered":"Caisse-claire Tarol Aluminium 14&Prime; x 3.5&Prime;"},"content":{"rendered":"<p>Notre caisse claire aluminium s\u2019inspire du son l\u00e9gendaire des caisses claires en dans ce mat\u00e9riaux.<br \/>\nR\u00e9invent\u00e9 par SOUNDRUMS et sa fabrication artisanale innovante, d\u00e9couvrez le son pur et d\u00e9licat de l&rsquo;aluminium et sa facilit\u00e9 de jeu et de r\u00e9glage. Les harmoniques se trouvent maitris\u00e9es tr\u00e8s facilement et vous pourrez jouer avec une multitude de r\u00e9glages et dans tous les styles.<\/p>\n","protected":false},"excerpt":{"rendered":"<p>Caisse Claire TAROL 14&Prime; x 3.5&Prime;<\/p>\n<p>Fabrication artisanale fran\u00e7aise cr\u00e9ation SOUNDRUMS\u00ae<br \/>\nF\u00fbt aluminium de 2 enti\u00e8rement fait main<br \/>\nFinition \u00ab sabl\u00e9e \u00bb. (couleur au choix sur demande)<br \/>\n10 tirants &#8211; Coquilles tubulaires<br \/>\nTimbre carbone 20 Spirales<br \/>\nCercles moul\u00e9s noirs<br \/>\nPeau Remo Ambassador sabl\u00e9e ou Evans au choix<\/p>\n","protected":false},"featured_media":33778,"comment_status":"open","ping_status":"closed","template":"","meta":{"_uag_custom_page_level_css":"","site-sidebar-layout":"default","site-content-layout":"default","ast-global-header-display":"","ast-banner-title-visibility":"","ast-main-header-display":"","ast-hfb-above-header-display":"","ast-hfb-below-header-display":"","ast-hfb-mobile-header-display":"","site-post-title":"","ast-breadcrumbs-content":"","ast-featured-img":"","footer-sml-layout":"","theme-transparent-header-meta":"","adv-header-id-meta":"","stick-header-meta":"","header-above-stick-meta":"","header-main-stick-meta":"","header-below-stick-meta":""},"product_cat":[186,192],"product_tag":[],"class_list":{"0":"post-33775","1":"product","2":"type-product","3":"status-publish","4":"has-post-thumbnail","6":"product_cat-instruments","7":"product_cat-caisses_claires","8":"desktop-align-left","9":"tablet-align-left","10":"mobile-align-left","12":"first","13":"instock","14":"taxable","15":"shipping-taxable","16":"purchasable","17":"product-type-simple"},"yoast_head":"<!-- This site is optimized with the Yoast SEO plugin v24.1 - https:\/\/yoast.com\/wordpress\/plugins\/seo\/ -->\n<title>Caisse-claire Tarol Aluminium 14&quot; x 3.5&quot; - Soundrums<\/title>\n<meta name=\"description\" content=\"Venez d\u00e9couvrir notre Caisse-claire Tarol Aluminium 14&quot; x 3.5&quot; haute de gamme.\" \/>\n<meta name=\"robots\" content=\"index, follow, max-snippet:-1, max-image-preview:large, max-video-preview:-1\" \/>\n<link rel=\"canonical\" href=\"https:\/\/soundrums-france.com\/index.php\/produit\/caisse-claire-tarol-aluminium-14-x-3-5\/\" \/>\n<meta property=\"og:locale\" content=\"fr_FR\" \/>\n<meta property=\"og:type\" content=\"article\" \/>\n<meta property=\"og:title\" content=\"Caisse-claire Tarol Aluminium 14&quot; x 3.5&quot; - Soundrums\" \/>\n<meta property=\"og:description\" content=\"Venez d\u00e9couvrir notre Caisse-claire Tarol Aluminium 14&quot; x 3.5&quot; haute de gamme.\" \/>\n<meta property=\"og:url\" content=\"https:\/\/soundrums-france.com\/index.php\/produit\/caisse-claire-tarol-aluminium-14-x-3-5\/\" \/>\n<meta property=\"og:site_name\" content=\"Soundrums\" \/>\n<meta property=\"article:publisher\" content=\"https:\/\/www.facebook.com\/soundrums\/\" \/>\n<meta property=\"article:modified_time\" content=\"2022-06-09T15:44:12+00:00\" \/>\n<meta property=\"og:image\" content=\"https:\/\/soundrums-france.com\/wp-content\/uploads\/2022\/06\/tarol03.jpg\" \/>\n\t<meta property=\"og:image:width\" content=\"1200\" \/>\n\t<meta property=\"og:image:height\" content=\"1200\" \/>\n\t<meta property=\"og:image:type\" content=\"image\/jpeg\" \/>\n<meta name=\"twitter:card\" content=\"summary_large_image\" \/>\n<meta name=\"twitter:label1\" content=\"Dur\u00e9e de lecture estim\u00e9e\" \/>\n\t<meta name=\"twitter:data1\" content=\"1 minute\" \/>\n<script type=\"application\/ld+json\" class=\"yoast-schema-graph\">{\"@context\":\"https:\/\/schema.org\",\"@graph\":[{\"@type\":\"WebPage\",\"@id\":\"https:\/\/soundrums-france.com\/index.php\/produit\/caisse-claire-tarol-aluminium-14-x-3-5\/\",\"url\":\"https:\/\/soundrums-france.com\/index.php\/produit\/caisse-claire-tarol-aluminium-14-x-3-5\/\",\"name\":\"Caisse-claire Tarol Aluminium 14\\\" x 3.5\\\" - Soundrums\",\"isPartOf\":{\"@id\":\"https:\/\/soundrums-france.com\/#website\"},\"primaryImageOfPage\":{\"@id\":\"https:\/\/soundrums-france.com\/index.php\/produit\/caisse-claire-tarol-aluminium-14-x-3-5\/#primaryimage\"},\"image\":{\"@id\":\"https:\/\/soundrums-france.com\/index.php\/produit\/caisse-claire-tarol-aluminium-14-x-3-5\/#primaryimage\"},\"thumbnailUrl\":\"https:\/\/soundrums-france.com\/wp-content\/uploads\/2022\/06\/tarol03.webp\",\"datePublished\":\"2022-06-09T15:38:27+00:00\",\"dateModified\":\"2022-06-09T15:44:12+00:00\",\"description\":\"Venez d\u00e9couvrir notre Caisse-claire Tarol Aluminium 14\\\" x 3.5\\\" haute de gamme.\",\"breadcrumb\":{\"@id\":\"https:\/\/soundrums-france.com\/index.php\/produit\/caisse-claire-tarol-aluminium-14-x-3-5\/#breadcrumb\"},\"inLanguage\":\"fr-FR\",\"potentialAction\":[{\"@type\":\"ReadAction\",\"target\":[\"https:\/\/soundrums-france.com\/index.php\/produit\/caisse-claire-tarol-aluminium-14-x-3-5\/\"]}]},{\"@type\":\"ImageObject\",\"inLanguage\":\"fr-FR\",\"@id\":\"https:\/\/soundrums-france.com\/index.php\/produit\/caisse-claire-tarol-aluminium-14-x-3-5\/#primaryimage\",\"url\":\"https:\/\/soundrums-france.com\/wp-content\/uploads\/2022\/06\/tarol03.webp\",\"contentUrl\":\"https:\/\/soundrums-france.com\/wp-content\/uploads\/2022\/06\/tarol03.webp\",\"width\":1200,\"height\":1200,\"caption\":\"Caisse-claire Aluminium 14x3.5 SOUNDRUMS\"},{\"@type\":\"BreadcrumbList\",\"@id\":\"https:\/\/soundrums-france.com\/index.php\/produit\/caisse-claire-tarol-aluminium-14-x-3-5\/#breadcrumb\",\"itemListElement\":[{\"@type\":\"ListItem\",\"position\":1,\"name\":\"Accueil\",\"item\":\"https:\/\/soundrums-france.com\/\"},{\"@type\":\"ListItem\",\"position\":2,\"name\":\"Des produits\",\"item\":\"https:\/\/soundrums-france.com\/index.php\/shop\/\"},{\"@type\":\"ListItem\",\"position\":3,\"name\":\"Caisse-claire Tarol Aluminium 14&Prime; x 3.5&Prime;\"}]},{\"@type\":\"WebSite\",\"@id\":\"https:\/\/soundrums-france.com\/#website\",\"url\":\"https:\/\/soundrums-france.com\/\",\"name\":\"Soundrums\",\"description\":\"Manufacture Fran\u00e7aise de tambours\",\"publisher\":{\"@id\":\"https:\/\/soundrums-france.com\/#organization\"},\"potentialAction\":[{\"@type\":\"SearchAction\",\"target\":{\"@type\":\"EntryPoint\",\"urlTemplate\":\"https:\/\/soundrums-france.com\/?s={search_term_string}\"},\"query-input\":{\"@type\":\"PropertyValueSpecification\",\"valueRequired\":true,\"valueName\":\"search_term_string\"}}],\"inLanguage\":\"fr-FR\"},{\"@type\":\"Organization\",\"@id\":\"https:\/\/soundrums-france.com\/#organization\",\"name\":\"Soundrums-france\",\"url\":\"https:\/\/soundrums-france.com\/\",\"logo\":{\"@type\":\"ImageObject\",\"inLanguage\":\"fr-FR\",\"@id\":\"https:\/\/soundrums-france.com\/#\/schema\/logo\/image\/\",\"url\":\"https:\/\/soundrums-france.com\/wp-content\/uploads\/2020\/10\/LogoSD_HD.jpg\",\"contentUrl\":\"https:\/\/soundrums-france.com\/wp-content\/uploads\/2020\/10\/LogoSD_HD.jpg\",\"width\":1280,\"height\":930,\"caption\":\"Soundrums-france\"},\"image\":{\"@id\":\"https:\/\/soundrums-france.com\/#\/schema\/logo\/image\/\"},\"sameAs\":[\"https:\/\/www.facebook.com\/soundrums\/\",\"https:\/\/www.youtube.com\/channel\/UC4S_W_0ZCdUFH3Y9xkv5bEw\"]}]}<\/script>\n<!-- \/ Yoast SEO plugin. -->","yoast_head_json":{"title":"Caisse-claire Tarol Aluminium 14\" x 3.5\" - Soundrums","description":"Venez d\u00e9couvrir notre Caisse-claire Tarol Aluminium 14\" x 3.5\" haute de gamme.","robots":{"index":"index","follow":"follow","max-snippet":"max-snippet:-1","max-image-preview":"max-image-preview:large","max-video-preview":"max-video-preview:-1"},"canonical":"https:\/\/soundrums-france.com\/index.php\/produit\/caisse-claire-tarol-aluminium-14-x-3-5\/","og_locale":"fr_FR","og_type":"article","og_title":"Caisse-claire Tarol Aluminium 14\" x 3.5\" - Soundrums","og_description":"Venez d\u00e9couvrir notre Caisse-claire Tarol Aluminium 14\" x 3.5\" haute de gamme.","og_url":"https:\/\/soundrums-france.com\/index.php\/produit\/caisse-claire-tarol-aluminium-14-x-3-5\/","og_site_name":"Soundrums","article_publisher":"https:\/\/www.facebook.com\/soundrums\/","article_modified_time":"2022-06-09T15:44:12+00:00","og_image":[{"width":1200,"height":1200,"url":"https:\/\/soundrums-france.com\/wp-content\/uploads\/2022\/06\/tarol03.jpg","type":"image\/jpeg"}],"twitter_card":"summary_large_image","twitter_misc":{"Dur\u00e9e de lecture estim\u00e9e":"1 minute"},"schema":{"@context":"https:\/\/schema.org","@graph":[{"@type":"WebPage","@id":"https:\/\/soundrums-france.com\/index.php\/produit\/caisse-claire-tarol-aluminium-14-x-3-5\/","url":"https:\/\/soundrums-france.com\/index.php\/produit\/caisse-claire-tarol-aluminium-14-x-3-5\/","name":"Caisse-claire Tarol Aluminium 14\" x 3.5\" - Soundrums","isPartOf":{"@id":"https:\/\/soundrums-france.com\/#website"},"primaryImageOfPage":{"@id":"https:\/\/soundrums-france.com\/index.php\/produit\/caisse-claire-tarol-aluminium-14-x-3-5\/#primaryimage"},"image":{"@id":"https:\/\/soundrums-france.com\/index.php\/produit\/caisse-claire-tarol-aluminium-14-x-3-5\/#primaryimage"},"thumbnailUrl":"https:\/\/soundrums-france.com\/wp-content\/uploads\/2022\/06\/tarol03.webp","datePublished":"2022-06-09T15:38:27+00:00","dateModified":"2022-06-09T15:44:12+00:00","description":"Venez d\u00e9couvrir notre Caisse-claire Tarol Aluminium 14\" x 3.5\" haute de gamme.","breadcrumb":{"@id":"https:\/\/soundrums-france.com\/index.php\/produit\/caisse-claire-tarol-aluminium-14-x-3-5\/#breadcrumb"},"inLanguage":"fr-FR","potentialAction":[{"@type":"ReadAction","target":["https:\/\/soundrums-france.com\/index.php\/produit\/caisse-claire-tarol-aluminium-14-x-3-5\/"]}]},{"@type":"ImageObject","inLanguage":"fr-FR","@id":"https:\/\/soundrums-france.com\/index.php\/produit\/caisse-claire-tarol-aluminium-14-x-3-5\/#primaryimage","url":"https:\/\/soundrums-france.com\/wp-content\/uploads\/2022\/06\/tarol03.webp","contentUrl":"https:\/\/soundrums-france.com\/wp-content\/uploads\/2022\/06\/tarol03.webp","width":1200,"height":1200,"caption":"Caisse-claire Aluminium 14x3.5 SOUNDRUMS"},{"@type":"BreadcrumbList","@id":"https:\/\/soundrums-france.com\/index.php\/produit\/caisse-claire-tarol-aluminium-14-x-3-5\/#breadcrumb","itemListElement":[{"@type":"ListItem","position":1,"name":"Accueil","item":"https:\/\/soundrums-france.com\/"},{"@type":"ListItem","position":2,"name":"Des produits","item":"https:\/\/soundrums-france.com\/index.php\/shop\/"},{"@type":"ListItem","position":3,"name":"Caisse-claire Tarol Aluminium 14&Prime; x 3.5&Prime;"}]},{"@type":"WebSite","@id":"https:\/\/soundrums-france.com\/#website","url":"https:\/\/soundrums-france.com\/","name":"Soundrums","description":"Manufacture Fran\u00e7aise de tambours","publisher":{"@id":"https:\/\/soundrums-france.com\/#organization"},"potentialAction":[{"@type":"SearchAction","target":{"@type":"EntryPoint","urlTemplate":"https:\/\/soundrums-france.com\/?s={search_term_string}"},"query-input":{"@type":"PropertyValueSpecification","valueRequired":true,"valueName":"search_term_string"}}],"inLanguage":"fr-FR"},{"@type":"Organization","@id":"https:\/\/soundrums-france.com\/#organization","name":"Soundrums-france","url":"https:\/\/soundrums-france.com\/","logo":{"@type":"ImageObject","inLanguage":"fr-FR","@id":"https:\/\/soundrums-france.com\/#\/schema\/logo\/image\/","url":"https:\/\/soundrums-france.com\/wp-content\/uploads\/2020\/10\/LogoSD_HD.jpg","contentUrl":"https:\/\/soundrums-france.com\/wp-content\/uploads\/2020\/10\/LogoSD_HD.jpg","width":1280,"height":930,"caption":"Soundrums-france"},"image":{"@id":"https:\/\/soundrums-france.com\/#\/schema\/logo\/image\/"},"sameAs":["https:\/\/www.facebook.com\/soundrums\/","https:\/\/www.youtube.com\/channel\/UC4S_W_0ZCdUFH3Y9xkv5bEw"]}]}},"uagb_featured_image_src":{"full":["https:\/\/soundrums-france.com\/wp-content\/uploads\/2022\/06\/tarol03.webp",1200,1200,false],"thumbnail":["https:\/\/soundrums-france.com\/wp-content\/uploads\/2022\/06\/tarol03-150x150.jpg",150,150,true],"medium":["https:\/\/soundrums-france.com\/wp-content\/uploads\/2022\/06\/tarol03-300x300.jpg",300,300,true],"medium_large":["https:\/\/soundrums-france.com\/wp-content\/uploads\/2022\/06\/tarol03-768x768.jpg",768,768,true],"large":["https:\/\/soundrums-france.com\/wp-content\/uploads\/2022\/06\/tarol03-1024x1024.jpg",1024,1024,true],"1536x1536":["https:\/\/soundrums-france.com\/wp-content\/uploads\/2022\/06\/tarol03.webp",1200,1200,false],"2048x2048":["https:\/\/soundrums-france.com\/wp-content\/uploads\/2022\/06\/tarol03.webp",1200,1200,false],"woocommerce_thumbnail":["https:\/\/soundrums-france.com\/wp-content\/uploads\/2022\/06\/tarol03-300x300.jpg",300,300,true],"woocommerce_single":["https:\/\/soundrums-france.com\/wp-content\/uploads\/2022\/06\/tarol03-600x600.jpg",600,600,true],"woocommerce_gallery_thumbnail":["https:\/\/soundrums-france.com\/wp-content\/uploads\/2022\/06\/tarol03-100x100.jpg",100,100,true]},"uagb_author_info":{"display_name":"Emmanuel JAY","author_link":"https:\/\/soundrums-france.com\/index.php\/author\/"},"uagb_comment_info":0,"uagb_excerpt":"Caisse Claire TAROL 14\" x 3.5\" Fabrication artisanale fran\u00e7aise cr\u00e9ation SOUNDRUMS\u00ae F\u00fbt aluminium de 2 enti\u00e8rement fait main Finition \u00ab sabl\u00e9e \u00bb. (couleur au choix sur demande) 10 tirants - Coquilles tubulaires Timbre carbone 20 Spirales Cercles moul\u00e9s noirs Peau Remo Ambassador sabl\u00e9e ou Evans au choix","wcpa_form_fields":null,"_links":{"self":[{"href":"https:\/\/soundrums-france.com\/index.php\/wp-json\/wp\/v2\/product\/33775","targetHints":{"allow":["GET"]}}],"collection":[{"href":"https:\/\/soundrums-france.com\/index.php\/wp-json\/wp\/v2\/product"}],"about":[{"href":"https:\/\/soundrums-france.com\/index.php\/wp-json\/wp\/v2\/types\/product"}],"replies":[{"embeddable":true,"href":"https:\/\/soundrums-france.com\/index.php\/wp-json\/wp\/v2\/comments?post=33775"}],"version-history":[{"count":0,"href":"https:\/\/soundrums-france.com\/index.php\/wp-json\/wp\/v2\/product\/33775\/revisions"}],"wp:featuredmedia":[{"embeddable":true,"href":"https:\/\/soundrums-france.com\/index.php\/wp-json\/wp\/v2\/media\/33778"}],"wp:attachment":[{"href":"https:\/\/soundrums-france.com\/index.php\/wp-json\/wp\/v2\/media?parent=33775"}],"wp:term":[{"taxonomy":"product_cat","embeddable":true,"href":"https:\/\/soundrums-france.com\/index.php\/wp-json\/wp\/v2\/product_cat?post=33775"},{"taxonomy":"product_tag","embeddable":true,"href":"https:\/\/soundrums-france.com\/index.php\/wp-json\/wp\/v2\/product_tag?post=33775"}],"curies":[{"name":"wp","href":"https:\/\/api.w.org\/{rel}","templated":true}]}}