{"id":33782,"date":"2022-06-17T09:47:07","date_gmt":"2022-06-17T07:47:07","guid":{"rendered":"https:\/\/soundrums-france.com\/?post_type=product&#038;p=33782"},"modified":"2025-02-17T11:06:39","modified_gmt":"2025-02-17T10:06:39","slug":"batterie-aluminium-sound-graphit","status":"publish","type":"product","link":"https:\/\/soundrums-france.com\/index.php\/produit\/batterie-aluminium-sound-graphit\/","title":{"rendered":"Batterie Aluminium Sound Graphit"},"content":{"rendered":"<p>Soundrums vous propose un instrument d&rsquo;exception, enti\u00e8rement r\u00e9alis\u00e9 \u00e0 la main, en France, de la fabrication des f\u00fbts \u00e0 la peinture de finition. Compl\u00e8tement personnalisable.<\/p>\n<p>D\u00e9couvrez un son unique, plein, pr\u00e9cis et facile \u00e0 r\u00e9gler pour obtenir le son id\u00e9al. Les batteries Soundrums d\u00e9veloppent une grande r\u00e9activit\u00e9 dans toutes les nuances. L&rsquo;aluminium offre une possibilit\u00e9 nouvelle entre les f\u00fbts en multi-plis bois et d&rsquo;autres m\u00e9taux. Il conserve la chaleur et la texture d&rsquo;une batterie en bois mais offre en plus la projection et la puissance du m\u00e9tal avec une couleur sonore unique. Les tons clairs sont expressifs et suivant les r\u00e9glages, vous pourrez retrouver le son des meilleurs batteries vintages, comme le gros son rock. C&rsquo;est une \u00e9volution consid\u00e9rable dans ce qui peut \u00eatre propos\u00e9 aux musiciens de XXI\u00e8me si\u00e8cle! La projection sonore et le contr\u00f4le des grosses-caisses sont in\u00e9galables.<\/p>\n<p>Construite pour durer \u00e9ternellement avec des f\u00fbts de 2 ou 3 mm d&rsquo;\u00e9paisseur en double soudure, bords martel\u00e9s \u00e0 la main selon les techniques uniques des ateliers Soundrums. Parfaite pour la sc\u00e8ne comme le studio.<\/p>\n<p>Dans sa finition \u00ab\u00a0Sound Graphit\u00a0\u00bb, d\u00e9couvrez un instrument d&rsquo;une solidit\u00e9 remarquable \u00e0 la finition Anthracite, en peinture m\u00e9tallis\u00e9e agr\u00e9ment\u00e9 du bandeau logo typique de Soundrums.<\/p>\n<p>Les f\u00fbts en aluminium offrent un compromis id\u00e9al entre d\u00e9veloppement sonore, puissance, pr\u00e9cision et chaleur. Avec les batteries Soundrums, jouez un instrument exceptionnel, unique et sur-mesure !<\/p>\n<p>&nbsp;<\/p>\n<p>&nbsp;<\/p>\n","protected":false},"excerpt":{"rendered":"<p><strong>Batterie Aluminium Sound Graphit &#8211; Made in France<br \/>\n<\/strong><\/p>\n<p>&#8211; Fabrication artisanale fran\u00e7aise cr\u00e9ation SOUNDRUMS\u00ae<br \/>\n&#8211; F\u00fbt aluminium de 3mm enti\u00e8rement fait main 100% made in France<br \/>\n&#8211; Finition \u00ab\u00a0Sound Graphit\u00a0\u00bb peinture m\u00e9tallis\u00e9e Anthracite<br \/>\n&#8211; Bandeau logo sur chaque futs.<br \/>\n&#8211; Coloris : au choix sur demande<br \/>\n&#8211; Diam\u00e8tres et profondeurs des f\u00fbts sur mesure<br \/>\n&#8211; Cercles Grosse caisse H\u00eatre haute qualit\u00e9, coloris bois vernis et couleurs<br \/>\n&#8211; Cercles Chrom\u00e9s Triple Flange 2.3mm<br \/>\n&#8211; Peaux au choix REMO\u00ae ou EVANS\u00ae<br \/>\n&#8211; Garantie 10 ans<\/p>\n<p>Mod\u00e8le photo : GC 20&Prime;X16&Prime;, Tom 10&Prime;X7&Prime;, Tom 12&Prime;X8&Prime;, Tom basse 16&Prime;X 16&Prime;<\/p>\n","protected":false},"featured_media":33793,"comment_status":"closed","ping_status":"closed","template":"","meta":{"_uag_custom_page_level_css":"","site-sidebar-layout":"default","site-content-layout":"default","ast-global-header-display":"","ast-banner-title-visibility":"","ast-main-header-display":"","ast-hfb-above-header-display":"","ast-hfb-below-header-display":"","ast-hfb-mobile-header-display":"","site-post-title":"","ast-breadcrumbs-content":"","ast-featured-img":"","footer-sml-layout":"","theme-transparent-header-meta":"default","adv-header-id-meta":"","stick-header-meta":"","header-above-stick-meta":"","header-main-stick-meta":"","header-below-stick-meta":""},"product_cat":[186,235],"product_tag":[222,218],"class_list":{"0":"post-33782","1":"product","2":"type-product","3":"status-publish","4":"has-post-thumbnail","6":"product_cat-instruments","7":"product_cat-batteries","8":"product_tag-privilege-alu","9":"product_tag-privilege","10":"product_shipping_class-tambours","11":"desktop-align-left","12":"tablet-align-left","13":"mobile-align-left","14":"wcpa_has_options","16":"first","17":"instock","18":"taxable","19":"shipping-taxable","20":"purchasable","21":"product-type-variable"},"yoast_head":"<!-- This site is optimized with the Yoast SEO plugin v24.1 - https:\/\/yoast.com\/wordpress\/plugins\/seo\/ -->\n<title>Batterie Aluminium Sound Graphit - Soundrums % %<\/title>\n<meta name=\"description\" content=\"Venez d\u00e9couvrir notre Batterie Aluminium Sound Graphit haute de gamme. % %\" \/>\n<meta name=\"robots\" content=\"index, follow, max-snippet:-1, max-image-preview:large, max-video-preview:-1\" \/>\n<link rel=\"canonical\" href=\"https:\/\/soundrums-france.com\/index.php\/produit\/batterie-aluminium-sound-graphit\/\" \/>\n<meta property=\"og:locale\" content=\"fr_FR\" \/>\n<meta property=\"og:type\" content=\"article\" \/>\n<meta property=\"og:title\" content=\"Batterie Aluminium Sound Graphit - Soundrums % %\" \/>\n<meta property=\"og:description\" content=\"Venez d\u00e9couvrir notre Batterie Aluminium Sound Graphit haute de gamme. % %\" \/>\n<meta property=\"og:url\" content=\"https:\/\/soundrums-france.com\/index.php\/produit\/batterie-aluminium-sound-graphit\/\" \/>\n<meta property=\"og:site_name\" content=\"Soundrums\" \/>\n<meta property=\"article:publisher\" content=\"https:\/\/www.facebook.com\/soundrums\/\" \/>\n<meta property=\"article:modified_time\" content=\"2025-02-17T10:06:39+00:00\" \/>\n<meta property=\"og:image\" content=\"https:\/\/soundrums-france.com\/wp-content\/uploads\/2022\/06\/Sound-GraphitFusion03.webp\" \/>\n\t<meta property=\"og:image:width\" content=\"1200\" \/>\n\t<meta property=\"og:image:height\" content=\"1200\" \/>\n\t<meta property=\"og:image:type\" content=\"image\/jpeg\" \/>\n<meta name=\"twitter:card\" content=\"summary_large_image\" \/>\n<meta name=\"twitter:label1\" content=\"Dur\u00e9e de lecture estim\u00e9e\" \/>\n\t<meta name=\"twitter:data1\" content=\"2 minutes\" \/>\n<script type=\"application\/ld+json\" class=\"yoast-schema-graph\">{\"@context\":\"https:\/\/schema.org\",\"@graph\":[{\"@type\":\"WebPage\",\"@id\":\"https:\/\/soundrums-france.com\/index.php\/produit\/batterie-aluminium-sound-graphit\/\",\"url\":\"https:\/\/soundrums-france.com\/index.php\/produit\/batterie-aluminium-sound-graphit\/\",\"name\":\"Batterie Aluminium Sound Graphit - Soundrums % %\",\"isPartOf\":{\"@id\":\"https:\/\/soundrums-france.com\/#website\"},\"primaryImageOfPage\":{\"@id\":\"https:\/\/soundrums-france.com\/index.php\/produit\/batterie-aluminium-sound-graphit\/#primaryimage\"},\"image\":{\"@id\":\"https:\/\/soundrums-france.com\/index.php\/produit\/batterie-aluminium-sound-graphit\/#primaryimage\"},\"thumbnailUrl\":\"https:\/\/soundrums-france.com\/wp-content\/uploads\/2022\/06\/Sound-GraphitFusion03.webp\",\"datePublished\":\"2022-06-17T07:47:07+00:00\",\"dateModified\":\"2025-02-17T10:06:39+00:00\",\"description\":\"Venez d\u00e9couvrir notre Batterie Aluminium Sound Graphit haute de gamme. % %\",\"breadcrumb\":{\"@id\":\"https:\/\/soundrums-france.com\/index.php\/produit\/batterie-aluminium-sound-graphit\/#breadcrumb\"},\"inLanguage\":\"fr-FR\",\"potentialAction\":[{\"@type\":\"ReadAction\",\"target\":[\"https:\/\/soundrums-france.com\/index.php\/produit\/batterie-aluminium-sound-graphit\/\"]}]},{\"@type\":\"ImageObject\",\"inLanguage\":\"fr-FR\",\"@id\":\"https:\/\/soundrums-france.com\/index.php\/produit\/batterie-aluminium-sound-graphit\/#primaryimage\",\"url\":\"https:\/\/soundrums-france.com\/wp-content\/uploads\/2022\/06\/Sound-GraphitFusion03.webp\",\"contentUrl\":\"https:\/\/soundrums-france.com\/wp-content\/uploads\/2022\/06\/Sound-GraphitFusion03.webp\",\"width\":1200,\"height\":1200,\"caption\":\"Batterie Aluminium Sound Graphit Soundrums\"},{\"@type\":\"BreadcrumbList\",\"@id\":\"https:\/\/soundrums-france.com\/index.php\/produit\/batterie-aluminium-sound-graphit\/#breadcrumb\",\"itemListElement\":[{\"@type\":\"ListItem\",\"position\":1,\"name\":\"Accueil\",\"item\":\"https:\/\/soundrums-france.com\/\"},{\"@type\":\"ListItem\",\"position\":2,\"name\":\"Des produits\",\"item\":\"https:\/\/soundrums-france.com\/index.php\/shop\/\"},{\"@type\":\"ListItem\",\"position\":3,\"name\":\"Batterie Aluminium Sound Graphit\"}]},{\"@type\":\"WebSite\",\"@id\":\"https:\/\/soundrums-france.com\/#website\",\"url\":\"https:\/\/soundrums-france.com\/\",\"name\":\"Soundrums\",\"description\":\"Manufacture Fran\u00e7aise de tambours\",\"publisher\":{\"@id\":\"https:\/\/soundrums-france.com\/#organization\"},\"potentialAction\":[{\"@type\":\"SearchAction\",\"target\":{\"@type\":\"EntryPoint\",\"urlTemplate\":\"https:\/\/soundrums-france.com\/?s={search_term_string}\"},\"query-input\":{\"@type\":\"PropertyValueSpecification\",\"valueRequired\":true,\"valueName\":\"search_term_string\"}}],\"inLanguage\":\"fr-FR\"},{\"@type\":\"Organization\",\"@id\":\"https:\/\/soundrums-france.com\/#organization\",\"name\":\"Soundrums-france\",\"url\":\"https:\/\/soundrums-france.com\/\",\"logo\":{\"@type\":\"ImageObject\",\"inLanguage\":\"fr-FR\",\"@id\":\"https:\/\/soundrums-france.com\/#\/schema\/logo\/image\/\",\"url\":\"https:\/\/soundrums-france.com\/wp-content\/uploads\/2020\/10\/LogoSD_HD.jpg\",\"contentUrl\":\"https:\/\/soundrums-france.com\/wp-content\/uploads\/2020\/10\/LogoSD_HD.jpg\",\"width\":1280,\"height\":930,\"caption\":\"Soundrums-france\"},\"image\":{\"@id\":\"https:\/\/soundrums-france.com\/#\/schema\/logo\/image\/\"},\"sameAs\":[\"https:\/\/www.facebook.com\/soundrums\/\",\"https:\/\/www.youtube.com\/channel\/UC4S_W_0ZCdUFH3Y9xkv5bEw\"]}]}<\/script>\n<!-- \/ Yoast SEO plugin. -->","yoast_head_json":{"title":"Batterie Aluminium Sound Graphit - Soundrums % %","description":"Venez d\u00e9couvrir notre Batterie Aluminium Sound Graphit haute de gamme. % %","robots":{"index":"index","follow":"follow","max-snippet":"max-snippet:-1","max-image-preview":"max-image-preview:large","max-video-preview":"max-video-preview:-1"},"canonical":"https:\/\/soundrums-france.com\/index.php\/produit\/batterie-aluminium-sound-graphit\/","og_locale":"fr_FR","og_type":"article","og_title":"Batterie Aluminium Sound Graphit - Soundrums % %","og_description":"Venez d\u00e9couvrir notre Batterie Aluminium Sound Graphit haute de gamme. % %","og_url":"https:\/\/soundrums-france.com\/index.php\/produit\/batterie-aluminium-sound-graphit\/","og_site_name":"Soundrums","article_publisher":"https:\/\/www.facebook.com\/soundrums\/","article_modified_time":"2025-02-17T10:06:39+00:00","og_image":[{"width":1200,"height":1200,"url":"https:\/\/soundrums-france.com\/wp-content\/uploads\/2022\/06\/Sound-GraphitFusion03.webp","type":"image\/jpeg"}],"twitter_card":"summary_large_image","twitter_misc":{"Dur\u00e9e de lecture estim\u00e9e":"2 minutes"},"schema":{"@context":"https:\/\/schema.org","@graph":[{"@type":"WebPage","@id":"https:\/\/soundrums-france.com\/index.php\/produit\/batterie-aluminium-sound-graphit\/","url":"https:\/\/soundrums-france.com\/index.php\/produit\/batterie-aluminium-sound-graphit\/","name":"Batterie Aluminium Sound Graphit - Soundrums % %","isPartOf":{"@id":"https:\/\/soundrums-france.com\/#website"},"primaryImageOfPage":{"@id":"https:\/\/soundrums-france.com\/index.php\/produit\/batterie-aluminium-sound-graphit\/#primaryimage"},"image":{"@id":"https:\/\/soundrums-france.com\/index.php\/produit\/batterie-aluminium-sound-graphit\/#primaryimage"},"thumbnailUrl":"https:\/\/soundrums-france.com\/wp-content\/uploads\/2022\/06\/Sound-GraphitFusion03.webp","datePublished":"2022-06-17T07:47:07+00:00","dateModified":"2025-02-17T10:06:39+00:00","description":"Venez d\u00e9couvrir notre Batterie Aluminium Sound Graphit haute de gamme. % %","breadcrumb":{"@id":"https:\/\/soundrums-france.com\/index.php\/produit\/batterie-aluminium-sound-graphit\/#breadcrumb"},"inLanguage":"fr-FR","potentialAction":[{"@type":"ReadAction","target":["https:\/\/soundrums-france.com\/index.php\/produit\/batterie-aluminium-sound-graphit\/"]}]},{"@type":"ImageObject","inLanguage":"fr-FR","@id":"https:\/\/soundrums-france.com\/index.php\/produit\/batterie-aluminium-sound-graphit\/#primaryimage","url":"https:\/\/soundrums-france.com\/wp-content\/uploads\/2022\/06\/Sound-GraphitFusion03.webp","contentUrl":"https:\/\/soundrums-france.com\/wp-content\/uploads\/2022\/06\/Sound-GraphitFusion03.webp","width":1200,"height":1200,"caption":"Batterie Aluminium Sound Graphit Soundrums"},{"@type":"BreadcrumbList","@id":"https:\/\/soundrums-france.com\/index.php\/produit\/batterie-aluminium-sound-graphit\/#breadcrumb","itemListElement":[{"@type":"ListItem","position":1,"name":"Accueil","item":"https:\/\/soundrums-france.com\/"},{"@type":"ListItem","position":2,"name":"Des produits","item":"https:\/\/soundrums-france.com\/index.php\/shop\/"},{"@type":"ListItem","position":3,"name":"Batterie Aluminium Sound Graphit"}]},{"@type":"WebSite","@id":"https:\/\/soundrums-france.com\/#website","url":"https:\/\/soundrums-france.com\/","name":"Soundrums","description":"Manufacture Fran\u00e7aise de tambours","publisher":{"@id":"https:\/\/soundrums-france.com\/#organization"},"potentialAction":[{"@type":"SearchAction","target":{"@type":"EntryPoint","urlTemplate":"https:\/\/soundrums-france.com\/?s={search_term_string}"},"query-input":{"@type":"PropertyValueSpecification","valueRequired":true,"valueName":"search_term_string"}}],"inLanguage":"fr-FR"},{"@type":"Organization","@id":"https:\/\/soundrums-france.com\/#organization","name":"Soundrums-france","url":"https:\/\/soundrums-france.com\/","logo":{"@type":"ImageObject","inLanguage":"fr-FR","@id":"https:\/\/soundrums-france.com\/#\/schema\/logo\/image\/","url":"https:\/\/soundrums-france.com\/wp-content\/uploads\/2020\/10\/LogoSD_HD.jpg","contentUrl":"https:\/\/soundrums-france.com\/wp-content\/uploads\/2020\/10\/LogoSD_HD.jpg","width":1280,"height":930,"caption":"Soundrums-france"},"image":{"@id":"https:\/\/soundrums-france.com\/#\/schema\/logo\/image\/"},"sameAs":["https:\/\/www.facebook.com\/soundrums\/","https:\/\/www.youtube.com\/channel\/UC4S_W_0ZCdUFH3Y9xkv5bEw"]}]}},"uagb_featured_image_src":{"full":["https:\/\/soundrums-france.com\/wp-content\/uploads\/2022\/06\/Sound-GraphitFusion03.webp",1200,1200,false],"thumbnail":["https:\/\/soundrums-france.com\/wp-content\/uploads\/2022\/06\/Sound-GraphitFusion03-150x150.jpg",150,150,true],"medium":["https:\/\/soundrums-france.com\/wp-content\/uploads\/2022\/06\/Sound-GraphitFusion03-300x300.jpg",300,300,true],"medium_large":["https:\/\/soundrums-france.com\/wp-content\/uploads\/2022\/06\/Sound-GraphitFusion03-768x768.jpg",768,768,true],"large":["https:\/\/soundrums-france.com\/wp-content\/uploads\/2022\/06\/Sound-GraphitFusion03-1024x1024.jpg",1024,1024,true],"1536x1536":["https:\/\/soundrums-france.com\/wp-content\/uploads\/2022\/06\/Sound-GraphitFusion03.webp",1200,1200,false],"2048x2048":["https:\/\/soundrums-france.com\/wp-content\/uploads\/2022\/06\/Sound-GraphitFusion03.webp",1200,1200,false],"woocommerce_thumbnail":["https:\/\/soundrums-france.com\/wp-content\/uploads\/2022\/06\/Sound-GraphitFusion03-300x300.jpg",300,300,true],"woocommerce_single":["https:\/\/soundrums-france.com\/wp-content\/uploads\/2022\/06\/Sound-GraphitFusion03-600x600.jpg",600,600,true],"woocommerce_gallery_thumbnail":["https:\/\/soundrums-france.com\/wp-content\/uploads\/2022\/06\/Sound-GraphitFusion03-100x100.jpg",100,100,true]},"uagb_author_info":{"display_name":"Emmanuel JAY","author_link":"https:\/\/soundrums-france.com\/index.php\/author\/"},"uagb_comment_info":0,"uagb_excerpt":"Batterie Aluminium Sound Graphit - Made in France - Fabrication artisanale fran\u00e7aise cr\u00e9ation SOUNDRUMS\u00ae - F\u00fbt aluminium de 3mm enti\u00e8rement fait main 100% made in France - Finition \"Sound Graphit\" peinture m\u00e9tallis\u00e9e Anthracite - Bandeau logo sur chaque futs. - Coloris : au choix sur demande - Diam\u00e8tres et profondeurs des f\u00fbts sur mesure -\u2026","wcpa_form_fields":{"wcpaData":{"product":{"product_price":0,"price_html":"<span class=\"woocommerce-Price-amount amount\"><bdi>0,00<span class=\"woocommerce-Price-currencySymbol\">&euro;<\/span><\/bdi><\/span> &ndash; <span class=\"woocommerce-Price-amount amount\"><bdi>2 920,00<span class=\"woocommerce-Price-currencySymbol\">&euro;<\/span><\/bdi><\/span>","original_product_price":0,"price_including_tax":0,"price_excluding_tax":0,"product_id":{"parent":33782,"variation":false},"is_variable":true,"stock_status":"instock","stock_quantity":null,"parent_sku":"Batt-SoundGraphit","product_attributes":{"configuration":{"is_variation":true,"values":[]}},"custom_fields":[],"is_taxable":true,"product_name":"Batterie Aluminium Sound Graphit"},"fields":{"sec_967127b8da475b":{"extra":{"key":"sec_967127b8da475b","section_id":"sec_967127b8da475b","name":"Default","status":1,"cl_rule":"show","enableCl":false,"relations":[],"toggle":true,"title_tag":"h3","show_title":false,"showPrice":"default","form_id":33801,"form_rules":{"exclude_from_discount":false,"fee_label":"Frais","disp_hide_options_price":false,"disp_show_section_price":false,"disp_show_field_price":true,"layout_option":"standard","pric_use_as_fee":false,"process_fee_as":"woo_fee"},"layout_option":"standard"},"fields":[[{"type":"image-group","label":"support(s) de tom(s)","elementId":"wcpa-image-group-62ac33e6087cf","enablePrice":true,"priceOptions":"different_for_all","pricingType":"fixed","enable_popup":"no","className":"options","name":"image-group-62ac33e6087d8","min_options":"1","disp_type":"squircle","img_selection_type":"tick-shadow","other_text":"Autre","cl_rule":"show","col":6,"values":[{"label":"1X Clamp \u00e0 rotule","price":"48","image":"https:\/\/soundrums-france.com\/wp-content\/uploads\/2021\/06\/clamp-rotule.jpg","image_id":"33223","thumb":"https:\/\/soundrums-france.com\/wp-content\/uploads\/2021\/06\/clamp-rotule-150x150.jpg","value":"0","thumb_src":"https:\/\/soundrums-france.com\/wp-content\/uploads\/2021\/06\/clamp-rotule.jpg","gt_translate_keys":["label"]},{"label":"2X Clamps \u00e0 rotule","price":"84","image":"https:\/\/soundrums-france.com\/wp-content\/uploads\/2021\/06\/clamp-rotuleX2.jpg","image_id":"33224","thumb":"https:\/\/soundrums-france.com\/wp-content\/uploads\/2021\/06\/clamp-rotuleX2-150x150.jpg","value":"1","thumb_src":"https:\/\/soundrums-france.com\/wp-content\/uploads\/2021\/06\/clamp-rotuleX2.jpg","gt_translate_keys":["label"]},{"label":"Support \u00e0 rotules sur Grosse caisse","price":"82","image":"https:\/\/soundrums-france.com\/wp-content\/uploads\/2021\/06\/support-tomgc.jpg","image_id":"33227","thumb":"https:\/\/soundrums-france.com\/wp-content\/uploads\/2021\/06\/support-tomgc-150x150.jpg","value":"2","thumb_src":"https:\/\/soundrums-france.com\/wp-content\/uploads\/2021\/06\/support-tomgc.jpg","gt_translate_keys":["label"]},{"label":"Aucun (sur pied de CCL par exemple)","price":"0","image":"https:\/\/soundrums-france.com\/wp-content\/uploads\/2021\/06\/tom-sur-pied.jpg","image_id":"33226","thumb":"https:\/\/soundrums-france.com\/wp-content\/uploads\/2021\/06\/tom-sur-pied-150x150.jpg","value":"3","thumb_src":"https:\/\/soundrums-france.com\/wp-content\/uploads\/2021\/06\/tom-sur-pied.jpg","gt_translate_keys":["label"]}],"relations":false,"active":true,"tooltip":"","layOut":"","disp_size_img":{"width":"","height":""},"gt_translate_keys":["label","tooltip"],"price_dependency":false,"cl_dependency":false,"value":""}],[{"type":"select","elementId":"wcpa-select-62ac33e6087e1","label":"Fixation des toms","priceOptions":"different_for_all","pricingType":"fixed","name":"select-62ac33e6087e9","cl_rule":"show","col":6,"values":[{"label":"Aucune (sur pied de caisse-claire)","value":"option-1","price":"0","pimage":"","pimage_id":"","pthumb":"","gt_translate_keys":["label"]},{"label":"Fixation directe sur le f\u00fbt","value":"option-2","price":"0","pimage":"","pimage_id":"","pthumb":"","gt_translate_keys":["label"]},{"label":"Fixation flottante ","value":"option-3","price":"","pimage":"","pimage_id":"","pthumb":"","gt_translate_keys":["label"]}],"relations":false,"active":true,"tooltip":"","gt_translate_keys":["label","tooltip"],"price_dependency":false,"cl_dependency":false,"value":""}],[{"type":"separator","elementId":"wcpa-separator-62ac33e6087f2","height":"7","cl_rule":"show","col":6,"relations":false,"active":true,"tooltip":"","gt_translate_keys":["tooltip"],"price_dependency":false,"cl_dependency":false,"value":""}],[{"type":"header","subtype":"h1","label":"CONFIGURATIONS PERSONNALIS\u00c9ES","elementId":"wcpa-header-62ac33e6087fb","cl_rule":"show","col":6,"relations":false,"active":true,"tooltip":"","gt_translate_keys":["label","tooltip"],"price_dependency":false,"cl_dependency":false,"value":""}],[{"type":"checkbox-group","elementId":"wcpa-checkbox-group-62ac33e608805","label":"Grosse-Caisse \"Sound Graphit\"","inline":true,"enablePrice":true,"priceOptions":"different_for_all","pricingType":"fixed","other":true,"name":"checkbox-group-62ac33e60880e","other_text":"Autre (sur devis)","cl_rule":"show","col":6,"values":[{"label":"GC 18\" X 14\"","value":"option-1","price":"1155","pimage":"","pimage_id":"","pthumb":"","gt_translate_keys":["label"]},{"label":"GC 18\" X 16\"","value":"option-2","price":"1155","pimage":"","pimage_id":"","pthumb":"","gt_translate_keys":["label"]},{"label":"GC 20\" X 14\"","value":"option-3","price":"1250","pimage":"","pimage_id":"","pthumb":"","gt_translate_keys":["label"]},{"label":"GC 20\" X 16\"","value":"option-4","price":"1250","pimage":"","pimage_id":"","pthumb":"","gt_translate_keys":["label"]},{"label":"GC 20\" X 18\"","value":"option-5","price":"1250","pimage":"","pimage_id":"","pthumb":"","gt_translate_keys":["label"]},{"label":"GC 22\" X 14\"","value":"option-6","price":"1250","pimage":"","pimage_id":"","pthumb":"","gt_translate_keys":["label"]},{"label":"GC 22\" X 16\"","value":"option-7","price":"1290","pimage":"","pimage_id":"","pthumb":"","gt_translate_keys":["label"]},{"label":"GC 22\" X 18\"","value":"option-8","price":"1290","pimage":"","pimage_id":"","pthumb":"","gt_translate_keys":["label"]}],"relations":false,"active":true,"tooltip":"","layOut":"inline","gt_translate_keys":["label","tooltip"],"price_dependency":false,"cl_dependency":false,"value":""}],[{"type":"checkbox-group","elementId":"wcpa-checkbox-group-62ac33e608818","label":"Toms \"Sound Graphit\"","inline":true,"enablePrice":true,"priceOptions":"different_for_all","pricingType":"fixed","other":true,"name":"checkbox-group-62ac33e608821","other_text":"Autre (sur devis)","cl_rule":"show","col":6,"values":[{"label":"TT 8\" X 7\"","value":"option-1","price":"395","pimage":"","pimage_id":"","pthumb":"","gt_translate_keys":["label"]},{"label":"TT 10\" X 7\"","value":"option-2","price":"445","pimage":"","pimage_id":"","pthumb":"","gt_translate_keys":["label"]},{"label":"TT 10\" X 8\"","value":"option-3","price":"445","pimage":"","pimage_id":"","pthumb":"","gt_translate_keys":["label"]},{"label":"TT 10\" X 9\"","value":"option-4","price":"445","pimage":"","pimage_id":"","pthumb":"","gt_translate_keys":["label"]},{"label":"TT 12\" X 8\"","value":"option-5","price":"525","pimage":"","pimage_id":"","pthumb":"","gt_translate_keys":["label"]},{"label":"TT 12\" X 9\"","value":"option-6","price":"525","pimage":"","pimage_id":"","pthumb":"","gt_translate_keys":["label"]},{"label":"TT 12\" X 10\"","value":"option-7","price":"525","pimage":"","pimage_id":"","pthumb":"","gt_translate_keys":["label"]},{"label":"TT 13\" X 8\"","value":"option-8","price":"535","pimage":"","pimage_id":"","pthumb":"","gt_translate_keys":["label"]},{"label":"TT 13\" X 10\"","value":"option-9","price":"535","pimage":"","pimage_id":"","pthumb":"","gt_translate_keys":["label"]},{"label":"TT 13\" X 11\"","value":"option-10","price":"535","pimage":"","pimage_id":"","pthumb":"","gt_translate_keys":["label"]}],"relations":false,"active":true,"tooltip":"","layOut":"inline","gt_translate_keys":["label","tooltip"],"price_dependency":false,"cl_dependency":false,"value":""}],[{"type":"checkbox-group","elementId":"wcpa-checkbox-group-62ac33e60882a","label":"Toms Basse \"Sound Graphit\"\"","inline":true,"enablePrice":true,"priceOptions":"different_for_all","pricingType":"fixed","other":true,"name":"checkbox-group-62ac33e608834","other_text":"Autre (sur devis)","cl_rule":"show","col":6,"values":[{"label":"TB 14\" X 12\"","value":"option-1","price":"625","pimage":"","pimage_id":"","pthumb":"","gt_translate_keys":["label"]},{"label":"TB 14\" X 14\"","value":"option-2","price":"625","pimage":"","pimage_id":"","pthumb":"","gt_translate_keys":["label"]},{"label":"TB 16\" X 14\"","value":"option-3","price":"725","pimage":"","pimage_id":"","pthumb":"","gt_translate_keys":["label"]},{"label":"TB 16\" X 16\"","value":"option-4","price":"725","pimage":"","pimage_id":"","pthumb":"","gt_translate_keys":["label"]},{"label":"TB 18\" X 14\"","value":"option-5","price":"895","pimage":"","pimage_id":"","pthumb":"","gt_translate_keys":["label"]},{"label":"TB 18\" X 16\"","value":"option-6","price":"895","pimage":"","pimage_id":"","pthumb":"","gt_translate_keys":["label"]}],"relations":false,"active":true,"tooltip":"","layOut":"inline","gt_translate_keys":["label","tooltip"],"price_dependency":false,"cl_dependency":false,"value":""}],[{"type":"header","subtype":"h1","label":"Ent\u00eate","elementId":"wcpa-header-62ac33e60883c","cl_rule":"show","col":6,"relations":false,"active":true,"tooltip":"","error":false,"gt_translate_keys":["label","tooltip"],"price_dependency":false,"cl_dependency":false,"value":""}]]}},"config":{"price_override":"","enable_recaptcha":false,"bind_quantity":false,"quantity_bind_formula":false,"disp_summ_show_option_price":true,"disp_summ_show_product_price":true,"disp_summ_show_total_price":true,"disp_summ_show_fee":false,"disp_summ_show_discount":false,"summary_title":"","options_total_label":"Montant des options","total_label":"Total","options_product_label":"Prix du produit","fee_label":"Frais","discount_label":"Discount","has_price":true,"has_quantity_formula":false},"mc_unit":1,"tax_rate":1,"tax_rate_real":0.2,"discount":{"percentage":0,"fixed":0},"design":{"conf":{"LabelPosition":"above","DescPosition":"left","UploadField":"custom_1","QuantityFieldStyle":"default"},"css":{"LeftLabelWidth":"120px"}},"formulas":[],"clones":false,"cartKey":false}},"_links":{"self":[{"href":"https:\/\/soundrums-france.com\/index.php\/wp-json\/wp\/v2\/product\/33782","targetHints":{"allow":["GET"]}}],"collection":[{"href":"https:\/\/soundrums-france.com\/index.php\/wp-json\/wp\/v2\/product"}],"about":[{"href":"https:\/\/soundrums-france.com\/index.php\/wp-json\/wp\/v2\/types\/product"}],"replies":[{"embeddable":true,"href":"https:\/\/soundrums-france.com\/index.php\/wp-json\/wp\/v2\/comments?post=33782"}],"version-history":[{"count":2,"href":"https:\/\/soundrums-france.com\/index.php\/wp-json\/wp\/v2\/product\/33782\/revisions"}],"predecessor-version":[{"id":37897,"href":"https:\/\/soundrums-france.com\/index.php\/wp-json\/wp\/v2\/product\/33782\/revisions\/37897"}],"wp:featuredmedia":[{"embeddable":true,"href":"https:\/\/soundrums-france.com\/index.php\/wp-json\/wp\/v2\/media\/33793"}],"wp:attachment":[{"href":"https:\/\/soundrums-france.com\/index.php\/wp-json\/wp\/v2\/media?parent=33782"}],"wp:term":[{"taxonomy":"product_cat","embeddable":true,"href":"https:\/\/soundrums-france.com\/index.php\/wp-json\/wp\/v2\/product_cat?post=33782"},{"taxonomy":"product_tag","embeddable":true,"href":"https:\/\/soundrums-france.com\/index.php\/wp-json\/wp\/v2\/product_tag?post=33782"}],"curies":[{"name":"wp","href":"https:\/\/api.w.org\/{rel}","templated":true}]}}