{"id":33831,"date":"2022-06-20T10:41:51","date_gmt":"2022-06-20T08:41:51","guid":{"rendered":"https:\/\/soundrums-france.com\/?post_type=product&#038;p=33831"},"modified":"2024-10-17T13:57:25","modified_gmt":"2024-10-17T11:57:25","slug":"baguettes-de-caisse-claire-orchestra-1","status":"publish","type":"product","link":"https:\/\/soundrums-france.com\/index.php\/produit\/baguettes-de-caisse-claire-orchestra-1\/","title":{"rendered":"Baguettes de Caisse-claire ORCHESTRA 1"},"content":{"rendered":"<div class=\"product-description-short\">\n<div id=\"product-description-short-178\" class=\"rte-content\">\n<div id=\"product-description-short-170\" class=\"rte-content\">\n<div id=\"product-description-short-990\" class=\"rte-content\">\n<p><strong>Mod\u00e8le \u00ab\u00a0ORCHESTRA #1\u00a0\u00bb<\/strong><\/p>\n<p>Sp\u00e9cialement d\u00e9velopp\u00e9 pour l&rsquo;orchestre, le poids soutenu de ce mod\u00e8le permet un son plein et un d\u00e9veloppement facilit\u00e9 de la puissance.<\/p>\n<p><span class=\"VIiyi\" lang=\"fr\" xml:lang=\"fr\"><span class=\"JLqJ4b ChMk0b\"><strong>Olive ronde et pr\u00e9cise<\/strong><em><strong><br \/>\n<\/strong><\/em><\/span><\/span><\/p>\n<p><span class=\"VIiyi\" lang=\"fr\" xml:lang=\"fr\"><span class=\"JLqJ4b ChMk0b\"><strong>Poids: <\/strong>environ 70gr<br \/>\n<strong>Diam\u00e8tres:<\/strong> Corps : 14.85 mm &#8211; Olive : 10 mm<\/span> <span class=\"JLqJ4b ChMk0b\"><br \/>\n<strong>Longueur:<\/strong> 410mm<\/span><\/span><\/p>\n<\/div>\n<\/div>\n<\/div>\n<p>&nbsp;<\/p>\n<\/div>\n","protected":false},"excerpt":{"rendered":"<div class=\"product-description-short\">\n<div id=\"product-description-short-178\" class=\"rte-content\">\n<div id=\"product-description-short-170\" class=\"rte-content\">\n<div id=\"product-description-short-990\" class=\"rte-content\">\n<p><strong>Mod\u00e8le \u00ab\u00a0ORCHESTRA #1\u00a0\u00bb<\/strong><br \/>\nSp\u00e9cialement d\u00e9velopp\u00e9 pour l&rsquo;orchestre, le poids soutenu de ce mod\u00e8le permet un son plein et un d\u00e9veloppement facilit\u00e9 de la puissance.<br \/>\nGrande r\u00e9sistance.<\/p>\n<p><span class=\"VIiyi\" lang=\"fr\" xml:lang=\"fr\"><span class=\"JLqJ4b ChMk0b\"><strong>Olive ronde et pr\u00e9cise<\/strong><em><strong><br \/>\n<\/strong><\/em><\/span><\/span><\/p>\n<p><span class=\"VIiyi\" lang=\"fr\" xml:lang=\"fr\"><span class=\"JLqJ4b ChMk0b\"><strong>Poids: <\/strong>environ 70gr<br \/>\n<strong>Diam\u00e8tres:<\/strong> Corps : 14.85 mm &#8211; Olive : 10 mm<\/span> <span class=\"JLqJ4b ChMk0b\"><br \/>\n<strong>Longueur:<\/strong> 410mm<\/span><\/span><\/p>\n<\/div>\n<\/div>\n<\/div>\n<\/div>\n","protected":false},"featured_media":37138,"comment_status":"open","ping_status":"closed","template":"","meta":{"_uag_custom_page_level_css":"","site-sidebar-layout":"default","site-content-layout":"default","ast-global-header-display":"","ast-banner-title-visibility":"","ast-main-header-display":"","ast-hfb-above-header-display":"","ast-hfb-below-header-display":"","ast-hfb-mobile-header-display":"","site-post-title":"","ast-breadcrumbs-content":"","ast-featured-img":"","footer-sml-layout":"","theme-transparent-header-meta":"default","adv-header-id-meta":"","stick-header-meta":"","header-above-stick-meta":"","header-main-stick-meta":"","header-below-stick-meta":""},"product_cat":[187,193,259],"product_tag":[],"class_list":{"0":"post-33831","1":"product","2":"type-product","3":"status-publish","4":"has-post-thumbnail","6":"product_cat-accessoires","7":"product_cat-baguettes-battes","8":"product_cat-batteries-baguettes-battes","9":"desktop-align-left","10":"tablet-align-left","11":"mobile-align-left","13":"first","14":"instock","15":"taxable","16":"shipping-taxable","17":"purchasable","18":"product-type-simple"},"yoast_head":"<!-- This site is optimized with the Yoast SEO plugin v24.1 - https:\/\/yoast.com\/wordpress\/plugins\/seo\/ -->\n<title>Baguettes de Caisse-claire ORCHESTRA 1 - Soundrums<\/title>\n<meta name=\"description\" content=\"Venez d\u00e9couvrir notre Baguettes de Caisse-claire ORCHESTRA 1 haute de gamme.\" \/>\n<meta name=\"robots\" content=\"index, follow, max-snippet:-1, max-image-preview:large, max-video-preview:-1\" \/>\n<link rel=\"canonical\" href=\"https:\/\/soundrums-france.com\/index.php\/produit\/baguettes-de-caisse-claire-orchestra-1\/\" \/>\n<meta property=\"og:locale\" content=\"fr_FR\" \/>\n<meta property=\"og:type\" content=\"article\" \/>\n<meta property=\"og:title\" content=\"Baguettes de Caisse-claire ORCHESTRA 1 - Soundrums\" \/>\n<meta property=\"og:description\" content=\"Venez d\u00e9couvrir notre Baguettes de Caisse-claire ORCHESTRA 1 haute de gamme.\" \/>\n<meta property=\"og:url\" content=\"https:\/\/soundrums-france.com\/index.php\/produit\/baguettes-de-caisse-claire-orchestra-1\/\" \/>\n<meta property=\"og:site_name\" content=\"Soundrums\" \/>\n<meta property=\"article:publisher\" content=\"https:\/\/www.facebook.com\/soundrums\/\" \/>\n<meta property=\"article:modified_time\" content=\"2024-10-17T11:57:25+00:00\" \/>\n<meta property=\"og:image\" content=\"https:\/\/soundrums-france.com\/wp-content\/uploads\/2024\/10\/CCOR1-LOGO.jpg\" \/>\n\t<meta property=\"og:image:width\" content=\"1200\" \/>\n\t<meta property=\"og:image:height\" content=\"1200\" \/>\n\t<meta property=\"og:image:type\" content=\"image\/jpeg\" \/>\n<meta name=\"twitter:card\" content=\"summary_large_image\" \/>\n<meta name=\"twitter:label1\" content=\"Dur\u00e9e de lecture estim\u00e9e\" \/>\n\t<meta name=\"twitter:data1\" content=\"1 minute\" \/>\n<script type=\"application\/ld+json\" class=\"yoast-schema-graph\">{\"@context\":\"https:\/\/schema.org\",\"@graph\":[{\"@type\":\"WebPage\",\"@id\":\"https:\/\/soundrums-france.com\/index.php\/produit\/baguettes-de-caisse-claire-orchestra-1\/\",\"url\":\"https:\/\/soundrums-france.com\/index.php\/produit\/baguettes-de-caisse-claire-orchestra-1\/\",\"name\":\"Baguettes de Caisse-claire ORCHESTRA 1 - Soundrums\",\"isPartOf\":{\"@id\":\"https:\/\/soundrums-france.com\/#website\"},\"primaryImageOfPage\":{\"@id\":\"https:\/\/soundrums-france.com\/index.php\/produit\/baguettes-de-caisse-claire-orchestra-1\/#primaryimage\"},\"image\":{\"@id\":\"https:\/\/soundrums-france.com\/index.php\/produit\/baguettes-de-caisse-claire-orchestra-1\/#primaryimage\"},\"thumbnailUrl\":\"https:\/\/soundrums-france.com\/wp-content\/uploads\/2024\/10\/CCOR1-LOGO.webp\",\"datePublished\":\"2022-06-20T08:41:51+00:00\",\"dateModified\":\"2024-10-17T11:57:25+00:00\",\"description\":\"Venez d\u00e9couvrir notre Baguettes de Caisse-claire ORCHESTRA 1 haute de gamme.\",\"breadcrumb\":{\"@id\":\"https:\/\/soundrums-france.com\/index.php\/produit\/baguettes-de-caisse-claire-orchestra-1\/#breadcrumb\"},\"inLanguage\":\"fr-FR\",\"potentialAction\":[{\"@type\":\"ReadAction\",\"target\":[\"https:\/\/soundrums-france.com\/index.php\/produit\/baguettes-de-caisse-claire-orchestra-1\/\"]}]},{\"@type\":\"ImageObject\",\"inLanguage\":\"fr-FR\",\"@id\":\"https:\/\/soundrums-france.com\/index.php\/produit\/baguettes-de-caisse-claire-orchestra-1\/#primaryimage\",\"url\":\"https:\/\/soundrums-france.com\/wp-content\/uploads\/2024\/10\/CCOR1-LOGO.webp\",\"contentUrl\":\"https:\/\/soundrums-france.com\/wp-content\/uploads\/2024\/10\/CCOR1-LOGO.webp\",\"width\":1200,\"height\":1200,\"caption\":\"Baguettes Caisse-claire Resta-Jay ORCHESTRE\"},{\"@type\":\"BreadcrumbList\",\"@id\":\"https:\/\/soundrums-france.com\/index.php\/produit\/baguettes-de-caisse-claire-orchestra-1\/#breadcrumb\",\"itemListElement\":[{\"@type\":\"ListItem\",\"position\":1,\"name\":\"Accueil\",\"item\":\"https:\/\/soundrums-france.com\/\"},{\"@type\":\"ListItem\",\"position\":2,\"name\":\"Des produits\",\"item\":\"https:\/\/soundrums-france.com\/index.php\/shop\/\"},{\"@type\":\"ListItem\",\"position\":3,\"name\":\"Baguettes de Caisse-claire ORCHESTRA 1\"}]},{\"@type\":\"WebSite\",\"@id\":\"https:\/\/soundrums-france.com\/#website\",\"url\":\"https:\/\/soundrums-france.com\/\",\"name\":\"Soundrums\",\"description\":\"Manufacture Fran\u00e7aise de tambours\",\"publisher\":{\"@id\":\"https:\/\/soundrums-france.com\/#organization\"},\"potentialAction\":[{\"@type\":\"SearchAction\",\"target\":{\"@type\":\"EntryPoint\",\"urlTemplate\":\"https:\/\/soundrums-france.com\/?s={search_term_string}\"},\"query-input\":{\"@type\":\"PropertyValueSpecification\",\"valueRequired\":true,\"valueName\":\"search_term_string\"}}],\"inLanguage\":\"fr-FR\"},{\"@type\":\"Organization\",\"@id\":\"https:\/\/soundrums-france.com\/#organization\",\"name\":\"Soundrums-france\",\"url\":\"https:\/\/soundrums-france.com\/\",\"logo\":{\"@type\":\"ImageObject\",\"inLanguage\":\"fr-FR\",\"@id\":\"https:\/\/soundrums-france.com\/#\/schema\/logo\/image\/\",\"url\":\"https:\/\/soundrums-france.com\/wp-content\/uploads\/2020\/10\/LogoSD_HD.jpg\",\"contentUrl\":\"https:\/\/soundrums-france.com\/wp-content\/uploads\/2020\/10\/LogoSD_HD.jpg\",\"width\":1280,\"height\":930,\"caption\":\"Soundrums-france\"},\"image\":{\"@id\":\"https:\/\/soundrums-france.com\/#\/schema\/logo\/image\/\"},\"sameAs\":[\"https:\/\/www.facebook.com\/soundrums\/\",\"https:\/\/www.youtube.com\/channel\/UC4S_W_0ZCdUFH3Y9xkv5bEw\"]}]}<\/script>\n<!-- \/ Yoast SEO plugin. -->","yoast_head_json":{"title":"Baguettes de Caisse-claire ORCHESTRA 1 - Soundrums","description":"Venez d\u00e9couvrir notre Baguettes de Caisse-claire ORCHESTRA 1 haute de gamme.","robots":{"index":"index","follow":"follow","max-snippet":"max-snippet:-1","max-image-preview":"max-image-preview:large","max-video-preview":"max-video-preview:-1"},"canonical":"https:\/\/soundrums-france.com\/index.php\/produit\/baguettes-de-caisse-claire-orchestra-1\/","og_locale":"fr_FR","og_type":"article","og_title":"Baguettes de Caisse-claire ORCHESTRA 1 - Soundrums","og_description":"Venez d\u00e9couvrir notre Baguettes de Caisse-claire ORCHESTRA 1 haute de gamme.","og_url":"https:\/\/soundrums-france.com\/index.php\/produit\/baguettes-de-caisse-claire-orchestra-1\/","og_site_name":"Soundrums","article_publisher":"https:\/\/www.facebook.com\/soundrums\/","article_modified_time":"2024-10-17T11:57:25+00:00","og_image":[{"width":1200,"height":1200,"url":"https:\/\/soundrums-france.com\/wp-content\/uploads\/2024\/10\/CCOR1-LOGO.jpg","type":"image\/jpeg"}],"twitter_card":"summary_large_image","twitter_misc":{"Dur\u00e9e de lecture estim\u00e9e":"1 minute"},"schema":{"@context":"https:\/\/schema.org","@graph":[{"@type":"WebPage","@id":"https:\/\/soundrums-france.com\/index.php\/produit\/baguettes-de-caisse-claire-orchestra-1\/","url":"https:\/\/soundrums-france.com\/index.php\/produit\/baguettes-de-caisse-claire-orchestra-1\/","name":"Baguettes de Caisse-claire ORCHESTRA 1 - Soundrums","isPartOf":{"@id":"https:\/\/soundrums-france.com\/#website"},"primaryImageOfPage":{"@id":"https:\/\/soundrums-france.com\/index.php\/produit\/baguettes-de-caisse-claire-orchestra-1\/#primaryimage"},"image":{"@id":"https:\/\/soundrums-france.com\/index.php\/produit\/baguettes-de-caisse-claire-orchestra-1\/#primaryimage"},"thumbnailUrl":"https:\/\/soundrums-france.com\/wp-content\/uploads\/2024\/10\/CCOR1-LOGO.webp","datePublished":"2022-06-20T08:41:51+00:00","dateModified":"2024-10-17T11:57:25+00:00","description":"Venez d\u00e9couvrir notre Baguettes de Caisse-claire ORCHESTRA 1 haute de gamme.","breadcrumb":{"@id":"https:\/\/soundrums-france.com\/index.php\/produit\/baguettes-de-caisse-claire-orchestra-1\/#breadcrumb"},"inLanguage":"fr-FR","potentialAction":[{"@type":"ReadAction","target":["https:\/\/soundrums-france.com\/index.php\/produit\/baguettes-de-caisse-claire-orchestra-1\/"]}]},{"@type":"ImageObject","inLanguage":"fr-FR","@id":"https:\/\/soundrums-france.com\/index.php\/produit\/baguettes-de-caisse-claire-orchestra-1\/#primaryimage","url":"https:\/\/soundrums-france.com\/wp-content\/uploads\/2024\/10\/CCOR1-LOGO.webp","contentUrl":"https:\/\/soundrums-france.com\/wp-content\/uploads\/2024\/10\/CCOR1-LOGO.webp","width":1200,"height":1200,"caption":"Baguettes Caisse-claire Resta-Jay ORCHESTRE"},{"@type":"BreadcrumbList","@id":"https:\/\/soundrums-france.com\/index.php\/produit\/baguettes-de-caisse-claire-orchestra-1\/#breadcrumb","itemListElement":[{"@type":"ListItem","position":1,"name":"Accueil","item":"https:\/\/soundrums-france.com\/"},{"@type":"ListItem","position":2,"name":"Des produits","item":"https:\/\/soundrums-france.com\/index.php\/shop\/"},{"@type":"ListItem","position":3,"name":"Baguettes de Caisse-claire ORCHESTRA 1"}]},{"@type":"WebSite","@id":"https:\/\/soundrums-france.com\/#website","url":"https:\/\/soundrums-france.com\/","name":"Soundrums","description":"Manufacture Fran\u00e7aise de tambours","publisher":{"@id":"https:\/\/soundrums-france.com\/#organization"},"potentialAction":[{"@type":"SearchAction","target":{"@type":"EntryPoint","urlTemplate":"https:\/\/soundrums-france.com\/?s={search_term_string}"},"query-input":{"@type":"PropertyValueSpecification","valueRequired":true,"valueName":"search_term_string"}}],"inLanguage":"fr-FR"},{"@type":"Organization","@id":"https:\/\/soundrums-france.com\/#organization","name":"Soundrums-france","url":"https:\/\/soundrums-france.com\/","logo":{"@type":"ImageObject","inLanguage":"fr-FR","@id":"https:\/\/soundrums-france.com\/#\/schema\/logo\/image\/","url":"https:\/\/soundrums-france.com\/wp-content\/uploads\/2020\/10\/LogoSD_HD.jpg","contentUrl":"https:\/\/soundrums-france.com\/wp-content\/uploads\/2020\/10\/LogoSD_HD.jpg","width":1280,"height":930,"caption":"Soundrums-france"},"image":{"@id":"https:\/\/soundrums-france.com\/#\/schema\/logo\/image\/"},"sameAs":["https:\/\/www.facebook.com\/soundrums\/","https:\/\/www.youtube.com\/channel\/UC4S_W_0ZCdUFH3Y9xkv5bEw"]}]}},"uagb_featured_image_src":{"full":["https:\/\/soundrums-france.com\/wp-content\/uploads\/2024\/10\/CCOR1-LOGO.webp",1200,1200,false],"thumbnail":["https:\/\/soundrums-france.com\/wp-content\/uploads\/2024\/10\/CCOR1-LOGO-150x150.jpg",150,150,true],"medium":["https:\/\/soundrums-france.com\/wp-content\/uploads\/2024\/10\/CCOR1-LOGO-300x300.jpg",300,300,true],"medium_large":["https:\/\/soundrums-france.com\/wp-content\/uploads\/2024\/10\/CCOR1-LOGO-768x768.jpg",768,768,true],"large":["https:\/\/soundrums-france.com\/wp-content\/uploads\/2024\/10\/CCOR1-LOGO-1024x1024.jpg",1024,1024,true],"1536x1536":["https:\/\/soundrums-france.com\/wp-content\/uploads\/2024\/10\/CCOR1-LOGO.webp",1200,1200,false],"2048x2048":["https:\/\/soundrums-france.com\/wp-content\/uploads\/2024\/10\/CCOR1-LOGO.webp",1200,1200,false],"woocommerce_thumbnail":["https:\/\/soundrums-france.com\/wp-content\/uploads\/2024\/10\/CCOR1-LOGO-300x300.jpg",300,300,true],"woocommerce_single":["https:\/\/soundrums-france.com\/wp-content\/uploads\/2024\/10\/CCOR1-LOGO-600x600.jpg",600,600,true],"woocommerce_gallery_thumbnail":["https:\/\/soundrums-france.com\/wp-content\/uploads\/2024\/10\/CCOR1-LOGO-100x100.jpg",100,100,true]},"uagb_author_info":{"display_name":"Emmanuel JAY","author_link":"https:\/\/soundrums-france.com\/index.php\/author\/"},"uagb_comment_info":0,"uagb_excerpt":"Mod\u00e8le \"ORCHESTRA #1\" Sp\u00e9cialement d\u00e9velopp\u00e9 pour l'orchestre, le poids soutenu de ce mod\u00e8le permet un son plein et un d\u00e9veloppement facilit\u00e9 de la puissance. Grande r\u00e9sistance. Olive ronde et pr\u00e9cise Poids: environ 70gr Diam\u00e8tres: Corps : 14.85 mm - Olive : 10 mm Longueur: 410mm","wcpa_form_fields":null,"_links":{"self":[{"href":"https:\/\/soundrums-france.com\/index.php\/wp-json\/wp\/v2\/product\/33831","targetHints":{"allow":["GET"]}}],"collection":[{"href":"https:\/\/soundrums-france.com\/index.php\/wp-json\/wp\/v2\/product"}],"about":[{"href":"https:\/\/soundrums-france.com\/index.php\/wp-json\/wp\/v2\/types\/product"}],"replies":[{"embeddable":true,"href":"https:\/\/soundrums-france.com\/index.php\/wp-json\/wp\/v2\/comments?post=33831"}],"version-history":[{"count":1,"href":"https:\/\/soundrums-france.com\/index.php\/wp-json\/wp\/v2\/product\/33831\/revisions"}],"predecessor-version":[{"id":36882,"href":"https:\/\/soundrums-france.com\/index.php\/wp-json\/wp\/v2\/product\/33831\/revisions\/36882"}],"wp:featuredmedia":[{"embeddable":true,"href":"https:\/\/soundrums-france.com\/index.php\/wp-json\/wp\/v2\/media\/37138"}],"wp:attachment":[{"href":"https:\/\/soundrums-france.com\/index.php\/wp-json\/wp\/v2\/media?parent=33831"}],"wp:term":[{"taxonomy":"product_cat","embeddable":true,"href":"https:\/\/soundrums-france.com\/index.php\/wp-json\/wp\/v2\/product_cat?post=33831"},{"taxonomy":"product_tag","embeddable":true,"href":"https:\/\/soundrums-france.com\/index.php\/wp-json\/wp\/v2\/product_tag?post=33831"}],"curies":[{"name":"wp","href":"https:\/\/api.w.org\/{rel}","templated":true}]}}