{"id":33939,"date":"2022-12-08T16:34:40","date_gmt":"2022-12-08T15:34:40","guid":{"rendered":"https:\/\/soundrums-france.com\/?post_type=product&#038;p=33939"},"modified":"2022-12-12T14:18:42","modified_gmt":"2022-12-12T13:18:42","slug":"tambour-a-corde-4-4-modele-tradition-alu","status":"publish","type":"product","link":"https:\/\/soundrums-france.com\/index.php\/produit\/tambour-a-corde-4-4-modele-tradition-alu\/","title":{"rendered":"Tambour \u00e0 Corde 4\/4 mod\u00e8le TRADITION ALU"},"content":{"rendered":"<p>Le mod\u00e8le de tambour \u00e0 corde \u00ab TRADITION\u00bb Soundrums\u00ae est con\u00e7u pour les amoureux de l&rsquo;histoire et la reconstitution. Son f\u00fbt \u00ab\u00a0Alusound\u00a0\u00bb est renforc\u00e9 et inoxydable. Coloris du f\u00fbt imitation laiton, ce mod\u00e8le est incontestablement polyvalent et tr\u00e8s adapt\u00e9 aux d\u00e9placement gr\u00e2ce \u00e0 son poids de 3.2Kg. Choisissez votre d\u00e9clencheur et vos accessoires. Fabriqu\u00e9 dans nos ateliers, enti\u00e8rement \u00e0 la main, chaque pi\u00e8ce est faite pour durer et pour apporter le son le plus homog\u00e8ne possible.<\/p>\n","protected":false},"excerpt":{"rendered":"<p>-Fabrication artisanale fran\u00e7aise<br \/>\n&#8211; F\u00fbt \u201cALUSOUND\u201d finitions imitation laiton<br \/>\n&#8211; Renforts de f\u00fbt aluminium et finition sensitive<br \/>\n&#8211; Diam\u00e8tres 15\u201d (4\/4)<br \/>\n&#8211; Hauteur Parade<br \/>\n&#8211; Cercles H\u00eatre coloris rouge ou bleu vernis<br \/>\n&#8211; Cordage imitation chanvre<br \/>\n&#8211; Tirants cousus &#8211; Coloris Brun, Noir, Rouge, Bleu royal, Gris ou Naturel 100% fait main (Cuir fran\u00e7ais, tannage v\u00e9g\u00e9tal)<br \/>\n&#8211; D\u00e9clencheur Premium &#8211; Timbres Boyau de 1.8 et \/ ou 2.1mm<br \/>\n&#8211; Peau de frappe REMO Fiberskyn\u00ae ou Renaissance\u00ae<br \/>\n&#8211; Crochet d\u2019attache INOX \/ CUIR Brun<\/p>\n<p><strong>D\u00e9lai de fabrication et de livraison environ 5 \u00e0 8 semaines.<\/strong><\/p>\n","protected":false},"featured_media":33942,"comment_status":"closed","ping_status":"closed","template":"","meta":{"_uag_custom_page_level_css":"","site-sidebar-layout":"default","site-content-layout":"default","ast-global-header-display":"","ast-banner-title-visibility":"","ast-main-header-display":"","ast-hfb-above-header-display":"","ast-hfb-below-header-display":"","ast-hfb-mobile-header-display":"","site-post-title":"","ast-breadcrumbs-content":"","ast-featured-img":"","footer-sml-layout":"","theme-transparent-header-meta":"","adv-header-id-meta":"","stick-header-meta":"","header-above-stick-meta":"","header-main-stick-meta":"","header-below-stick-meta":""},"product_cat":[186,190],"product_tag":[220],"class_list":{"0":"post-33939","1":"product","2":"type-product","3":"status-publish","4":"has-post-thumbnail","6":"product_cat-instruments","7":"product_cat-tambours_corde","8":"product_tag-ambition","9":"product_shipping_class-tambours","10":"desktop-align-left","11":"tablet-align-left","12":"mobile-align-left","13":"wcpa_has_options","15":"first","16":"instock","17":"taxable","18":"shipping-taxable","19":"purchasable","20":"product-type-simple"},"yoast_head":"<!-- This site is optimized with the Yoast SEO plugin v24.1 - https:\/\/yoast.com\/wordpress\/plugins\/seo\/ -->\n<title>Tambour \u00e0 Corde 4\/4 mod\u00e8le TRADITION ALU - Soundrums<\/title>\n<meta name=\"description\" content=\"Venez d\u00e9couvrir notre Tambour \u00e0 Corde 4\/4 mod\u00e8le TRADITION ALU haute de gamme.\" \/>\n<meta name=\"robots\" content=\"index, follow, max-snippet:-1, max-image-preview:large, max-video-preview:-1\" \/>\n<link rel=\"canonical\" href=\"https:\/\/soundrums-france.com\/index.php\/produit\/tambour-a-corde-4-4-modele-tradition-alu\/\" \/>\n<meta property=\"og:locale\" content=\"fr_FR\" \/>\n<meta property=\"og:type\" content=\"article\" \/>\n<meta property=\"og:title\" content=\"Soundrums\" \/>\n<meta property=\"og:description\" content=\"Venez d\u00e9couvrir notre Tambour \u00e0 Corde 4\/4 mod\u00e8le TRADITION ALU haute de gamme.\" \/>\n<meta property=\"og:url\" content=\"https:\/\/soundrums-france.com\/index.php\/produit\/tambour-a-corde-4-4-modele-tradition-alu\/\" \/>\n<meta property=\"og:site_name\" content=\"Soundrums\" \/>\n<meta property=\"article:publisher\" content=\"https:\/\/www.facebook.com\/soundrums\/\" \/>\n<meta property=\"article:modified_time\" content=\"2022-12-12T13:18:42+00:00\" \/>\n<meta property=\"og:image\" content=\"https:\/\/soundrums-france.com\/wp-content\/uploads\/2022\/12\/Tambour-empire-800x800-1.jpg\" \/>\n\t<meta property=\"og:image:width\" content=\"800\" \/>\n\t<meta property=\"og:image:height\" content=\"800\" \/>\n\t<meta property=\"og:image:type\" content=\"image\/jpeg\" \/>\n<meta name=\"twitter:card\" content=\"summary_large_image\" \/>\n<meta name=\"twitter:label1\" content=\"Dur\u00e9e de lecture estim\u00e9e\" \/>\n\t<meta name=\"twitter:data1\" content=\"1 minute\" \/>\n<script type=\"application\/ld+json\" class=\"yoast-schema-graph\">{\"@context\":\"https:\/\/schema.org\",\"@graph\":[{\"@type\":\"WebPage\",\"@id\":\"https:\/\/soundrums-france.com\/index.php\/produit\/tambour-a-corde-4-4-modele-tradition-alu\/\",\"url\":\"https:\/\/soundrums-france.com\/index.php\/produit\/tambour-a-corde-4-4-modele-tradition-alu\/\",\"name\":\"Tambour \u00e0 Corde 4\/4 mod\u00e8le TRADITION ALU - Soundrums\",\"isPartOf\":{\"@id\":\"https:\/\/soundrums-france.com\/#website\"},\"primaryImageOfPage\":{\"@id\":\"https:\/\/soundrums-france.com\/index.php\/produit\/tambour-a-corde-4-4-modele-tradition-alu\/#primaryimage\"},\"image\":{\"@id\":\"https:\/\/soundrums-france.com\/index.php\/produit\/tambour-a-corde-4-4-modele-tradition-alu\/#primaryimage\"},\"thumbnailUrl\":\"https:\/\/soundrums-france.com\/wp-content\/uploads\/2022\/12\/Tambour-empire-800x800-1.webp\",\"datePublished\":\"2022-12-08T15:34:40+00:00\",\"dateModified\":\"2022-12-12T13:18:42+00:00\",\"description\":\"Venez d\u00e9couvrir notre Tambour \u00e0 Corde 4\/4 mod\u00e8le TRADITION ALU haute de gamme.\",\"breadcrumb\":{\"@id\":\"https:\/\/soundrums-france.com\/index.php\/produit\/tambour-a-corde-4-4-modele-tradition-alu\/#breadcrumb\"},\"inLanguage\":\"fr-FR\",\"potentialAction\":[{\"@type\":\"ReadAction\",\"target\":[\"https:\/\/soundrums-france.com\/index.php\/produit\/tambour-a-corde-4-4-modele-tradition-alu\/\"]}]},{\"@type\":\"ImageObject\",\"inLanguage\":\"fr-FR\",\"@id\":\"https:\/\/soundrums-france.com\/index.php\/produit\/tambour-a-corde-4-4-modele-tradition-alu\/#primaryimage\",\"url\":\"https:\/\/soundrums-france.com\/wp-content\/uploads\/2022\/12\/Tambour-empire-800x800-1.webp\",\"contentUrl\":\"https:\/\/soundrums-france.com\/wp-content\/uploads\/2022\/12\/Tambour-empire-800x800-1.webp\",\"width\":800,\"height\":800,\"caption\":\"Tambour tradition soundrums\"},{\"@type\":\"BreadcrumbList\",\"@id\":\"https:\/\/soundrums-france.com\/index.php\/produit\/tambour-a-corde-4-4-modele-tradition-alu\/#breadcrumb\",\"itemListElement\":[{\"@type\":\"ListItem\",\"position\":1,\"name\":\"Accueil\",\"item\":\"https:\/\/soundrums-france.com\/\"},{\"@type\":\"ListItem\",\"position\":2,\"name\":\"Des produits\",\"item\":\"https:\/\/soundrums-france.com\/index.php\/shop\/\"},{\"@type\":\"ListItem\",\"position\":3,\"name\":\"Tambour \u00e0 Corde 4\/4 mod\u00e8le TRADITION ALU\"}]},{\"@type\":\"WebSite\",\"@id\":\"https:\/\/soundrums-france.com\/#website\",\"url\":\"https:\/\/soundrums-france.com\/\",\"name\":\"Soundrums\",\"description\":\"Manufacture Fran\u00e7aise de tambours\",\"publisher\":{\"@id\":\"https:\/\/soundrums-france.com\/#organization\"},\"potentialAction\":[{\"@type\":\"SearchAction\",\"target\":{\"@type\":\"EntryPoint\",\"urlTemplate\":\"https:\/\/soundrums-france.com\/?s={search_term_string}\"},\"query-input\":{\"@type\":\"PropertyValueSpecification\",\"valueRequired\":true,\"valueName\":\"search_term_string\"}}],\"inLanguage\":\"fr-FR\"},{\"@type\":\"Organization\",\"@id\":\"https:\/\/soundrums-france.com\/#organization\",\"name\":\"Soundrums-france\",\"url\":\"https:\/\/soundrums-france.com\/\",\"logo\":{\"@type\":\"ImageObject\",\"inLanguage\":\"fr-FR\",\"@id\":\"https:\/\/soundrums-france.com\/#\/schema\/logo\/image\/\",\"url\":\"https:\/\/soundrums-france.com\/wp-content\/uploads\/2020\/10\/LogoSD_HD.jpg\",\"contentUrl\":\"https:\/\/soundrums-france.com\/wp-content\/uploads\/2020\/10\/LogoSD_HD.jpg\",\"width\":1280,\"height\":930,\"caption\":\"Soundrums-france\"},\"image\":{\"@id\":\"https:\/\/soundrums-france.com\/#\/schema\/logo\/image\/\"},\"sameAs\":[\"https:\/\/www.facebook.com\/soundrums\/\",\"https:\/\/www.youtube.com\/channel\/UC4S_W_0ZCdUFH3Y9xkv5bEw\"]}]}<\/script>\n<!-- \/ Yoast SEO plugin. -->","yoast_head_json":{"title":"Tambour \u00e0 Corde 4\/4 mod\u00e8le TRADITION ALU - Soundrums","description":"Venez d\u00e9couvrir notre Tambour \u00e0 Corde 4\/4 mod\u00e8le TRADITION ALU haute de gamme.","robots":{"index":"index","follow":"follow","max-snippet":"max-snippet:-1","max-image-preview":"max-image-preview:large","max-video-preview":"max-video-preview:-1"},"canonical":"https:\/\/soundrums-france.com\/index.php\/produit\/tambour-a-corde-4-4-modele-tradition-alu\/","og_locale":"fr_FR","og_type":"article","og_title":"Soundrums","og_description":"Venez d\u00e9couvrir notre Tambour \u00e0 Corde 4\/4 mod\u00e8le TRADITION ALU haute de gamme.","og_url":"https:\/\/soundrums-france.com\/index.php\/produit\/tambour-a-corde-4-4-modele-tradition-alu\/","og_site_name":"Soundrums","article_publisher":"https:\/\/www.facebook.com\/soundrums\/","article_modified_time":"2022-12-12T13:18:42+00:00","og_image":[{"width":800,"height":800,"url":"https:\/\/soundrums-france.com\/wp-content\/uploads\/2022\/12\/Tambour-empire-800x800-1.jpg","type":"image\/jpeg"}],"twitter_card":"summary_large_image","twitter_misc":{"Dur\u00e9e de lecture estim\u00e9e":"1 minute"},"schema":{"@context":"https:\/\/schema.org","@graph":[{"@type":"WebPage","@id":"https:\/\/soundrums-france.com\/index.php\/produit\/tambour-a-corde-4-4-modele-tradition-alu\/","url":"https:\/\/soundrums-france.com\/index.php\/produit\/tambour-a-corde-4-4-modele-tradition-alu\/","name":"Tambour \u00e0 Corde 4\/4 mod\u00e8le TRADITION ALU - Soundrums","isPartOf":{"@id":"https:\/\/soundrums-france.com\/#website"},"primaryImageOfPage":{"@id":"https:\/\/soundrums-france.com\/index.php\/produit\/tambour-a-corde-4-4-modele-tradition-alu\/#primaryimage"},"image":{"@id":"https:\/\/soundrums-france.com\/index.php\/produit\/tambour-a-corde-4-4-modele-tradition-alu\/#primaryimage"},"thumbnailUrl":"https:\/\/soundrums-france.com\/wp-content\/uploads\/2022\/12\/Tambour-empire-800x800-1.webp","datePublished":"2022-12-08T15:34:40+00:00","dateModified":"2022-12-12T13:18:42+00:00","description":"Venez d\u00e9couvrir notre Tambour \u00e0 Corde 4\/4 mod\u00e8le TRADITION ALU haute de gamme.","breadcrumb":{"@id":"https:\/\/soundrums-france.com\/index.php\/produit\/tambour-a-corde-4-4-modele-tradition-alu\/#breadcrumb"},"inLanguage":"fr-FR","potentialAction":[{"@type":"ReadAction","target":["https:\/\/soundrums-france.com\/index.php\/produit\/tambour-a-corde-4-4-modele-tradition-alu\/"]}]},{"@type":"ImageObject","inLanguage":"fr-FR","@id":"https:\/\/soundrums-france.com\/index.php\/produit\/tambour-a-corde-4-4-modele-tradition-alu\/#primaryimage","url":"https:\/\/soundrums-france.com\/wp-content\/uploads\/2022\/12\/Tambour-empire-800x800-1.webp","contentUrl":"https:\/\/soundrums-france.com\/wp-content\/uploads\/2022\/12\/Tambour-empire-800x800-1.webp","width":800,"height":800,"caption":"Tambour tradition soundrums"},{"@type":"BreadcrumbList","@id":"https:\/\/soundrums-france.com\/index.php\/produit\/tambour-a-corde-4-4-modele-tradition-alu\/#breadcrumb","itemListElement":[{"@type":"ListItem","position":1,"name":"Accueil","item":"https:\/\/soundrums-france.com\/"},{"@type":"ListItem","position":2,"name":"Des produits","item":"https:\/\/soundrums-france.com\/index.php\/shop\/"},{"@type":"ListItem","position":3,"name":"Tambour \u00e0 Corde 4\/4 mod\u00e8le TRADITION ALU"}]},{"@type":"WebSite","@id":"https:\/\/soundrums-france.com\/#website","url":"https:\/\/soundrums-france.com\/","name":"Soundrums","description":"Manufacture Fran\u00e7aise de tambours","publisher":{"@id":"https:\/\/soundrums-france.com\/#organization"},"potentialAction":[{"@type":"SearchAction","target":{"@type":"EntryPoint","urlTemplate":"https:\/\/soundrums-france.com\/?s={search_term_string}"},"query-input":{"@type":"PropertyValueSpecification","valueRequired":true,"valueName":"search_term_string"}}],"inLanguage":"fr-FR"},{"@type":"Organization","@id":"https:\/\/soundrums-france.com\/#organization","name":"Soundrums-france","url":"https:\/\/soundrums-france.com\/","logo":{"@type":"ImageObject","inLanguage":"fr-FR","@id":"https:\/\/soundrums-france.com\/#\/schema\/logo\/image\/","url":"https:\/\/soundrums-france.com\/wp-content\/uploads\/2020\/10\/LogoSD_HD.jpg","contentUrl":"https:\/\/soundrums-france.com\/wp-content\/uploads\/2020\/10\/LogoSD_HD.jpg","width":1280,"height":930,"caption":"Soundrums-france"},"image":{"@id":"https:\/\/soundrums-france.com\/#\/schema\/logo\/image\/"},"sameAs":["https:\/\/www.facebook.com\/soundrums\/","https:\/\/www.youtube.com\/channel\/UC4S_W_0ZCdUFH3Y9xkv5bEw"]}]}},"uagb_featured_image_src":{"full":["https:\/\/soundrums-france.com\/wp-content\/uploads\/2022\/12\/Tambour-empire-800x800-1.webp",800,800,false],"thumbnail":["https:\/\/soundrums-france.com\/wp-content\/uploads\/2022\/12\/Tambour-empire-800x800-1-150x150.jpg",150,150,true],"medium":["https:\/\/soundrums-france.com\/wp-content\/uploads\/2022\/12\/Tambour-empire-800x800-1-300x300.jpg",300,300,true],"medium_large":["https:\/\/soundrums-france.com\/wp-content\/uploads\/2022\/12\/Tambour-empire-800x800-1-768x768.jpg",768,768,true],"large":["https:\/\/soundrums-france.com\/wp-content\/uploads\/2022\/12\/Tambour-empire-800x800-1.webp",800,800,false],"1536x1536":["https:\/\/soundrums-france.com\/wp-content\/uploads\/2022\/12\/Tambour-empire-800x800-1.webp",800,800,false],"2048x2048":["https:\/\/soundrums-france.com\/wp-content\/uploads\/2022\/12\/Tambour-empire-800x800-1.webp",800,800,false],"woocommerce_thumbnail":["https:\/\/soundrums-france.com\/wp-content\/uploads\/2022\/12\/Tambour-empire-800x800-1-300x300.jpg",300,300,true],"woocommerce_single":["https:\/\/soundrums-france.com\/wp-content\/uploads\/2022\/12\/Tambour-empire-800x800-1-600x600.jpg",600,600,true],"woocommerce_gallery_thumbnail":["https:\/\/soundrums-france.com\/wp-content\/uploads\/2022\/12\/Tambour-empire-800x800-1-100x100.jpg",100,100,true]},"uagb_author_info":{"display_name":"Emmanuel JAY","author_link":"https:\/\/soundrums-france.com\/index.php\/author\/"},"uagb_comment_info":0,"uagb_excerpt":"-Fabrication artisanale fran\u00e7aise - F\u00fbt \u201cALUSOUND\u201d finitions imitation laiton - Renforts de f\u00fbt aluminium et finition sensitive - Diam\u00e8tres 15\u201d (4\/4) - Hauteur Parade - Cercles H\u00eatre coloris rouge ou bleu vernis - Cordage imitation chanvre - Tirants cousus - Coloris Brun, Noir, Rouge, Bleu royal, Gris ou Naturel 100% fait main (Cuir fran\u00e7ais, tannage\u2026","wcpa_form_fields":{"wcpaData":{"product":{"product_price":890,"price_html":"<span class=\"woocommerce-Price-amount amount\"><bdi>890,00<span class=\"woocommerce-Price-currencySymbol\">&euro;<\/span><\/bdi><\/span>","original_product_price":890,"price_including_tax":890,"price_excluding_tax":741.666667,"product_id":{"parent":33939,"variation":false},"is_variable":false,"stock_status":"instock","stock_quantity":null,"parent_sku":"TTrad15-Alu","product_attributes":[],"custom_fields":[],"is_taxable":true,"product_name":"Tambour \u00e0 Corde 4\/4 mod\u00e8le TRADITION ALU"},"fields":{"sec_069f1d8a902132":{"extra":{"key":"sec_069f1d8a902132","section_id":"sec_069f1d8a902132","name":"Default","status":1,"cl_rule":"show","enableCl":false,"relations":[],"toggle":true,"title_tag":"h3","show_title":false,"showPrice":"default","form_id":33944,"form_rules":{"exclude_from_discount":false,"fee_label":"Frais","disp_hide_options_price":false,"disp_show_section_price":false,"disp_show_field_price":true,"layout_option":"standard","pric_use_as_fee":false,"process_fee_as":"woo_fee"},"layout_option":"standard"},"fields":[[{"type":"content","subtype":"div","label":"","elementId":"wcpa-paragraph-63920585e8382","pricingType":"fixed","enableCl":true,"cl_rule":"show","col":6,"relations":[{"operator":false,"rules":[{"operator":false,"rules":{"cl_field":"wcpa-image-group-63920585e836c","cl_relation":"is","cl_val":"9"}}]}],"active":true,"tooltip":"","value":"Vous avez s\u00e9lectionner un coloris sur mesure.  Nous reviendrons vers vous pour le choix de votre couleur.\n\n  ","name":"wcpa-paragraph-63920585e8382","contentType":"plain","gt_translate_keys":["label","value","tooltip"],"price_dependency":false,"cl_dependency":false}],[{"type":"select","elementId":"wcpa-select-63920585e839b","label":"Peau de frappe","priceOptions":"different_for_all","pricingType":"fixed","name":"select-63920585e83a3","cl_rule":"show","col":6,"values":[{"label":"Peau Fiberskyn\u00ae ","value":"option-1","price":"","pimage":"","pimage_id":"","pthumb":"","gt_translate_keys":["label"]},{"label":"Peau Renaissance\u00ae","value":"option-2","price":"","pimage":"","pimage_id":"","pthumb":"","gt_translate_keys":["label"]}],"relations":false,"active":true,"tooltip":"","gt_translate_keys":["label","tooltip"],"price_dependency":false,"cl_dependency":false,"value":""}],[{"type":"select","elementId":"wcpa-select-63920585e83ab","label":"Hauteur","enablePrice":true,"priceOptions":"different_for_all","pricingType":"fixed","name":"select-63920585e83b3","cl_rule":"show","col":6,"values":[{"label":"Hauteur Ordonnan 10\"\/25cm","value":"option-1","price":"0","pimage":"","pimage_id":"","pthumb":"","gt_translate_keys":["label"]},{"label":"Hauteur Parade 13\"\/33cm","value":"option-2","price":"0","pimage":"","pimage_id":"","pthumb":"","selected":true,"gt_translate_keys":["label"]}],"relations":false,"active":true,"tooltip":"","gt_translate_keys":["label","tooltip"],"price_dependency":false,"cl_dependency":false,"value":""}],[{"type":"select","elementId":"wcpa-select-63920585e83cb","label":"Tirants","priceOptions":"different_for_all","pricingType":"fixed","name":"select-63920585e83d3","cl_rule":"show","col":6,"values":[{"label":"Brun","value":"option-1","price":"","pimage":"","pimage_id":"","pthumb":"","gt_translate_keys":["label"]},{"label":"Noir","value":"option-2","price":"","pimage":"","pimage_id":"","pthumb":"","gt_translate_keys":["label"]},{"label":"Bleu royal","value":"option-3","price":"","pimage":"","pimage_id":"","pthumb":"","gt_translate_keys":["label"]},{"label":"Rouge","value":"option-4","price":"","pimage":"","pimage_id":"","pthumb":"","gt_translate_keys":["label"]},{"label":"Gris","value":"option-5","price":"","pimage":"","pimage_id":"","pthumb":"","gt_translate_keys":["label"]},{"label":"Naturel","value":"option-6","price":"","pimage":"","pimage_id":"","pthumb":"","gt_translate_keys":["label"]},{"label":"Blanc","value":"option-7","price":"","pimage":"","pimage_id":"","pthumb":"","gt_translate_keys":["label"]}],"relations":false,"active":true,"tooltip":"","gt_translate_keys":["label","tooltip"],"price_dependency":false,"cl_dependency":false,"value":""}],[{"type":"select","elementId":"wcpa-select-63920585e83db","label":"D\u00e9clencheur","enablePrice":true,"priceOptions":"different_for_all","pricingType":"fixed","price":"5","name":"select-63920585e83e2","cl_rule":"show","col":6,"values":[{"label":"Premium Chrome","value":"option-1","price":"0","pimage":"","pimage_id":"","pthumb":"","selected":true,"gt_translate_keys":["label"]},{"label":"Premium Noir","value":"option-2","price":"0","pimage":"","pimage_id":"","pthumb":"","gt_translate_keys":["label"]},{"label":"Premium Dor\u00e9","value":"option-3","price":"0","pimage":"","pimage_id":"","pthumb":"","gt_translate_keys":["label"]},{"label":"Haute pr\u00e9cision triple position","value":"option-4","price":"85","pimage":"","pimage_id":"","pthumb":"","gt_translate_keys":["label"]}],"relations":false,"active":true,"tooltip":"","gt_translate_keys":["label","tooltip"],"price_dependency":false,"cl_dependency":false,"value":""}],[{"type":"checkbox-group","elementId":"wcpa-checkbox-group-63920585e83ec","label":"Autres options","inline":true,"enablePrice":true,"priceOptions":"different_for_all","pricingType":"fixed","name":"checkbox-group-63920585e83f6","other_text":"Autre","cl_rule":"show","col":6,"values":[{"label":"Finition cercles peints ROUGE","value":"option-1","price":"0","pimage":"","pimage_id":"","pthumb":"","gt_translate_keys":["label"]},{"label":"Finition cercles peints BLEU","value":"option-2","price":"0","pimage":"","pimage_id":"","pthumb":"","gt_translate_keys":["label"]},{"label":"Muffle Att\u00e9nuateur d\u2019harmoniques \u201cRing Control\u201d","value":"option-3","price":"16","pimage":"","pimage_id":"","pthumb":"","gt_translate_keys":["label"]},{"label":"Pied de protection","value":"Option-5","price":"29","pimage":"","pimage_id":"","pthumb":"","gt_translate_keys":["label"]}],"relations":false,"active":true,"tooltip":"","layOut":"inline","gt_translate_keys":["label","tooltip"],"price_dependency":false,"cl_dependency":false,"value":""}],[{"type":"select","elementId":"wcpa-select-63920585e83fe","label":"Option tranquillit\u00e9 :","description":"Maintenance & entretien : Changement de peaux, tension des cordages, v\u00e9rification des serrages et pi\u00e8ces, entretien, nettoyage de l'instrument etc","enablePrice":true,"priceOptions":"different_for_all","pricingType":"fixed","name":"select-63920585e8406","cl_rule":"show","col":6,"values":[{"label":"Aucun","value":"option-0","price":"0","pimage":"","pimage_id":"","pthumb":"","gt_translate_keys":["label"]},{"label":"12 mois","value":"option-1","price":"85","pimage":"","pimage_id":"","pthumb":"","gt_translate_keys":["label"]},{"label":"24 mois","value":"option-2","price":"150","pimage":"","pimage_id":"","pthumb":"","gt_translate_keys":["label"]},{"label":"36 mois","value":"option-3","price":"220","pimage":"","pimage_id":"","pthumb":"","gt_translate_keys":["label"]},{"label":"48 mois","value":"option-4","price":"300","pimage":"","pimage_id":"","pthumb":"","gt_translate_keys":["label"]}],"relations":false,"active":true,"tooltip":"","gt_translate_keys":["label","description","tooltip"],"price_dependency":false,"cl_dependency":false,"value":""}],[{"type":"radio-group","elementId":"wcpa-radio-group-63920585e840f","label":"Logo","priceOptions":"different_for_all","pricingType":"fixed","name":"radio-group-63920585e8417","other_text":"Autre","cl_rule":"show","col":6,"values":[{"label":"Badge Laiton","value":"option-1","price":"","pimage":"","pimage_id":"","pthumb":"","gt_translate_keys":["label"]},{"label":"Badge Inox","value":"option-2","price":"","pimage":"","pimage_id":"","pthumb":"","gt_translate_keys":["label"]}],"relations":false,"active":true,"tooltip":"","layOut":"","gt_translate_keys":["label","tooltip"],"price_dependency":false,"cl_dependency":false,"value":""}]]}},"config":{"price_override":"","enable_recaptcha":false,"bind_quantity":false,"quantity_bind_formula":false,"disp_summ_show_option_price":true,"disp_summ_show_product_price":true,"disp_summ_show_total_price":true,"disp_summ_show_fee":false,"disp_summ_show_discount":false,"summary_title":"","options_total_label":"Montant des options","total_label":"Total","options_product_label":"Prix du produit","fee_label":"Frais","discount_label":"Discount","has_price":true,"has_quantity_formula":false},"mc_unit":1,"tax_rate":1,"tax_rate_real":0.2,"discount":{"percentage":0,"fixed":0},"design":{"conf":{"LabelPosition":"above","DescPosition":"left","UploadField":"custom_1","QuantityFieldStyle":"default"},"css":{"LeftLabelWidth":"120px"}},"formulas":[],"clones":false,"cartKey":false}},"_links":{"self":[{"href":"https:\/\/soundrums-france.com\/index.php\/wp-json\/wp\/v2\/product\/33939","targetHints":{"allow":["GET"]}}],"collection":[{"href":"https:\/\/soundrums-france.com\/index.php\/wp-json\/wp\/v2\/product"}],"about":[{"href":"https:\/\/soundrums-france.com\/index.php\/wp-json\/wp\/v2\/types\/product"}],"replies":[{"embeddable":true,"href":"https:\/\/soundrums-france.com\/index.php\/wp-json\/wp\/v2\/comments?post=33939"}],"version-history":[{"count":1,"href":"https:\/\/soundrums-france.com\/index.php\/wp-json\/wp\/v2\/product\/33939\/revisions"}],"predecessor-version":[{"id":33943,"href":"https:\/\/soundrums-france.com\/index.php\/wp-json\/wp\/v2\/product\/33939\/revisions\/33943"}],"wp:featuredmedia":[{"embeddable":true,"href":"https:\/\/soundrums-france.com\/index.php\/wp-json\/wp\/v2\/media\/33942"}],"wp:attachment":[{"href":"https:\/\/soundrums-france.com\/index.php\/wp-json\/wp\/v2\/media?parent=33939"}],"wp:term":[{"taxonomy":"product_cat","embeddable":true,"href":"https:\/\/soundrums-france.com\/index.php\/wp-json\/wp\/v2\/product_cat?post=33939"},{"taxonomy":"product_tag","embeddable":true,"href":"https:\/\/soundrums-france.com\/index.php\/wp-json\/wp\/v2\/product_tag?post=33939"}],"curies":[{"name":"wp","href":"https:\/\/api.w.org\/{rel}","templated":true}]}}