{"id":34023,"date":"2023-03-08T17:36:43","date_gmt":"2023-03-08T16:36:43","guid":{"rendered":"https:\/\/soundrums-france.com\/?post_type=product&#038;p=34023"},"modified":"2025-01-14T17:22:17","modified_gmt":"2025-01-14T16:22:17","slug":"caisse-claire-14-modele-pro-light-01","status":"publish","type":"product","link":"https:\/\/soundrums-france.com\/index.php\/produit\/caisse-claire-14-modele-pro-light-01\/","title":{"rendered":"Caisse-claire 14&Prime; mod\u00e8le PRO-LIGHT-01"},"content":{"rendered":"<p>Notre caisse claire \u00ab Pro-Light\u00a0 \u00bb s\u2019inspire du son l\u00e9gendaire des caisses claires en aluminium, parmi les plus jou\u00e9es au monde, ici r\u00e9invent\u00e9 par SOUNDRUMS. Compl\u00e8tement adapt\u00e9e aux formations militaires, Harmonies et batterie -Fanfare, son d\u00e9veloppement sonore et son poids rend cet instrument tr\u00e8s polyvalent.<\/p>\n<p>Un son pur, d\u00e9licat sans surprise qui reste tr\u00e8s facile \u00e0 r\u00e9gler et \u00e0 jouer. Les harmoniques se trouvent maitris\u00e9es tr\u00e8s facilement gr\u00e2ce aux mat\u00e9riaux et vous pourrez jouer avec une multitude de r\u00e9glages.<\/p>\n<p>Fabrication artisanale fran\u00e7aise<br \/>\n&#8211; F\u00fbt \u201cALUSOUND\u201d<br \/>\n&#8211; Finitions Aluminium bross\u00e9e<br \/>\n&#8211; Peinture m\u00e9tallis\u00e9e<br \/>\n&#8211; Diam\u00e8tres 14\u201d Hauteur 5.5&Prime;<br \/>\n&#8211; Cercles chrom\u00e9s<br \/>\n&#8211; Coquilles aluminium<br \/>\n&#8211; D\u00e9clencheur souple.<br \/>\n&#8211; Timbres carbone 20 Spirales<br \/>\n&#8211; Peau de frappe Heats<br \/>\n&#8211; Syst\u00e8me d&rsquo;attache aluminium Soundrums pour Harnais<\/p>\n","protected":false},"excerpt":{"rendered":"<p>Fabrication artisanale fran\u00e7aise<br \/>\n&#8211; F\u00fbt \u201cALUSOUND\u201d<br \/>\n&#8211; Finitions Aluminium bross\u00e9e<br \/>\n&#8211; Peinture m\u00e9tallis\u00e9e<br \/>\n&#8211; Diam\u00e8tres 14\u201d Hauteur 5.5&Prime;<br \/>\n&#8211; Cercles chrom\u00e9s<br \/>\n&#8211; Coquilles aluminium<br \/>\n&#8211; D\u00e9clencheur souple.<br \/>\n&#8211; Timbres carbone 20 Spirales<br \/>\n&#8211; Peau de frappe Heats<br \/>\n&#8211; Syst\u00e8me d&rsquo;attache aluminium Soundrums pour Harnais<\/p>\n<p><strong>D\u00e9lai de fabrication et de livraison environ 5 \u00e0 8 semaines.<\/strong><\/p>\n","protected":false},"featured_media":34033,"comment_status":"open","ping_status":"closed","template":"","meta":{"_uag_custom_page_level_css":"","site-sidebar-layout":"default","site-content-layout":"default","ast-global-header-display":"","ast-banner-title-visibility":"","ast-main-header-display":"","ast-hfb-above-header-display":"","ast-hfb-below-header-display":"","ast-hfb-mobile-header-display":"","site-post-title":"","ast-breadcrumbs-content":"","ast-featured-img":"","footer-sml-layout":"","theme-transparent-header-meta":"default","adv-header-id-meta":"","stick-header-meta":"","header-above-stick-meta":"","header-main-stick-meta":"","header-below-stick-meta":""},"product_cat":[186,192,191,234],"product_tag":[],"class_list":{"0":"post-34023","1":"product","2":"type-product","3":"status-publish","4":"has-post-thumbnail","6":"product_cat-instruments","7":"product_cat-caisses_claires","8":"product_cat-tambours_coquilles","9":"product_cat-mobil_concept-batterie-portative","10":"product_shipping_class-tambours","11":"desktop-align-left","12":"tablet-align-left","13":"mobile-align-left","15":"first","16":"instock","17":"taxable","18":"shipping-taxable","19":"purchasable","20":"product-type-simple"},"yoast_head":"<!-- This site is optimized with the Yoast SEO plugin v24.1 - https:\/\/yoast.com\/wordpress\/plugins\/seo\/ -->\n<title>Caisse-claire 14&quot; mod\u00e8le PRO-LIGHT-01 - Soundrums<\/title>\n<meta name=\"description\" content=\"Venez d\u00e9couvrir notre Caisse-claire 14&quot; mod\u00e8le PRO-LIGHT-01 haute de gamme.\" \/>\n<meta name=\"robots\" content=\"index, follow, max-snippet:-1, max-image-preview:large, max-video-preview:-1\" \/>\n<link rel=\"canonical\" href=\"https:\/\/soundrums-france.com\/index.php\/produit\/caisse-claire-14-modele-pro-light-01\/\" \/>\n<meta property=\"og:locale\" content=\"fr_FR\" \/>\n<meta property=\"og:type\" content=\"article\" \/>\n<meta property=\"og:title\" content=\"Caisse-claire 14&quot; mod\u00e8le PRO-LIGHT-01 - Soundrums\" \/>\n<meta property=\"og:description\" content=\"Venez d\u00e9couvrir notre Caisse-claire 14&quot; mod\u00e8le PRO-LIGHT-01 haute de gamme.\" \/>\n<meta property=\"og:url\" content=\"https:\/\/soundrums-france.com\/index.php\/produit\/caisse-claire-14-modele-pro-light-01\/\" \/>\n<meta property=\"og:site_name\" content=\"Soundrums\" \/>\n<meta property=\"article:publisher\" content=\"https:\/\/www.facebook.com\/soundrums\/\" \/>\n<meta property=\"article:modified_time\" content=\"2025-01-14T16:22:17+00:00\" \/>\n<meta property=\"og:image\" content=\"https:\/\/soundrums-france.com\/wp-content\/uploads\/2023\/03\/CCD-web-Harnais.webp\" \/>\n\t<meta property=\"og:image:width\" content=\"1200\" \/>\n\t<meta property=\"og:image:height\" content=\"1200\" \/>\n\t<meta property=\"og:image:type\" content=\"image\/jpeg\" \/>\n<meta name=\"twitter:card\" content=\"summary_large_image\" \/>\n<meta name=\"twitter:label1\" content=\"Dur\u00e9e de lecture estim\u00e9e\" \/>\n\t<meta name=\"twitter:data1\" content=\"1 minute\" \/>\n<script type=\"application\/ld+json\" class=\"yoast-schema-graph\">{\"@context\":\"https:\/\/schema.org\",\"@graph\":[{\"@type\":\"WebPage\",\"@id\":\"https:\/\/soundrums-france.com\/index.php\/produit\/caisse-claire-14-modele-pro-light-01\/\",\"url\":\"https:\/\/soundrums-france.com\/index.php\/produit\/caisse-claire-14-modele-pro-light-01\/\",\"name\":\"Caisse-claire 14\\\" mod\u00e8le PRO-LIGHT-01 - Soundrums\",\"isPartOf\":{\"@id\":\"https:\/\/soundrums-france.com\/#website\"},\"primaryImageOfPage\":{\"@id\":\"https:\/\/soundrums-france.com\/index.php\/produit\/caisse-claire-14-modele-pro-light-01\/#primaryimage\"},\"image\":{\"@id\":\"https:\/\/soundrums-france.com\/index.php\/produit\/caisse-claire-14-modele-pro-light-01\/#primaryimage\"},\"thumbnailUrl\":\"https:\/\/soundrums-france.com\/wp-content\/uploads\/2023\/03\/CCD-web-Harnais.webp\",\"datePublished\":\"2023-03-08T16:36:43+00:00\",\"dateModified\":\"2025-01-14T16:22:17+00:00\",\"description\":\"Venez d\u00e9couvrir notre Caisse-claire 14\\\" mod\u00e8le PRO-LIGHT-01 haute de gamme.\",\"breadcrumb\":{\"@id\":\"https:\/\/soundrums-france.com\/index.php\/produit\/caisse-claire-14-modele-pro-light-01\/#breadcrumb\"},\"inLanguage\":\"fr-FR\",\"potentialAction\":[{\"@type\":\"ReadAction\",\"target\":[\"https:\/\/soundrums-france.com\/index.php\/produit\/caisse-claire-14-modele-pro-light-01\/\"]}]},{\"@type\":\"ImageObject\",\"inLanguage\":\"fr-FR\",\"@id\":\"https:\/\/soundrums-france.com\/index.php\/produit\/caisse-claire-14-modele-pro-light-01\/#primaryimage\",\"url\":\"https:\/\/soundrums-france.com\/wp-content\/uploads\/2023\/03\/CCD-web-Harnais.webp\",\"contentUrl\":\"https:\/\/soundrums-france.com\/wp-content\/uploads\/2023\/03\/CCD-web-Harnais.webp\",\"width\":1200,\"height\":1200,\"caption\":\"caisse claire Pro-Light Soundrums\"},{\"@type\":\"BreadcrumbList\",\"@id\":\"https:\/\/soundrums-france.com\/index.php\/produit\/caisse-claire-14-modele-pro-light-01\/#breadcrumb\",\"itemListElement\":[{\"@type\":\"ListItem\",\"position\":1,\"name\":\"Accueil\",\"item\":\"https:\/\/soundrums-france.com\/\"},{\"@type\":\"ListItem\",\"position\":2,\"name\":\"Des produits\",\"item\":\"https:\/\/soundrums-france.com\/index.php\/shop\/\"},{\"@type\":\"ListItem\",\"position\":3,\"name\":\"Caisse-claire 14&Prime; mod\u00e8le PRO-LIGHT-01\"}]},{\"@type\":\"WebSite\",\"@id\":\"https:\/\/soundrums-france.com\/#website\",\"url\":\"https:\/\/soundrums-france.com\/\",\"name\":\"Soundrums\",\"description\":\"Manufacture Fran\u00e7aise de tambours\",\"publisher\":{\"@id\":\"https:\/\/soundrums-france.com\/#organization\"},\"potentialAction\":[{\"@type\":\"SearchAction\",\"target\":{\"@type\":\"EntryPoint\",\"urlTemplate\":\"https:\/\/soundrums-france.com\/?s={search_term_string}\"},\"query-input\":{\"@type\":\"PropertyValueSpecification\",\"valueRequired\":true,\"valueName\":\"search_term_string\"}}],\"inLanguage\":\"fr-FR\"},{\"@type\":\"Organization\",\"@id\":\"https:\/\/soundrums-france.com\/#organization\",\"name\":\"Soundrums-france\",\"url\":\"https:\/\/soundrums-france.com\/\",\"logo\":{\"@type\":\"ImageObject\",\"inLanguage\":\"fr-FR\",\"@id\":\"https:\/\/soundrums-france.com\/#\/schema\/logo\/image\/\",\"url\":\"https:\/\/soundrums-france.com\/wp-content\/uploads\/2020\/10\/LogoSD_HD.jpg\",\"contentUrl\":\"https:\/\/soundrums-france.com\/wp-content\/uploads\/2020\/10\/LogoSD_HD.jpg\",\"width\":1280,\"height\":930,\"caption\":\"Soundrums-france\"},\"image\":{\"@id\":\"https:\/\/soundrums-france.com\/#\/schema\/logo\/image\/\"},\"sameAs\":[\"https:\/\/www.facebook.com\/soundrums\/\",\"https:\/\/www.youtube.com\/channel\/UC4S_W_0ZCdUFH3Y9xkv5bEw\"]}]}<\/script>\n<!-- \/ Yoast SEO plugin. -->","yoast_head_json":{"title":"Caisse-claire 14\" mod\u00e8le PRO-LIGHT-01 - Soundrums","description":"Venez d\u00e9couvrir notre Caisse-claire 14\" mod\u00e8le PRO-LIGHT-01 haute de gamme.","robots":{"index":"index","follow":"follow","max-snippet":"max-snippet:-1","max-image-preview":"max-image-preview:large","max-video-preview":"max-video-preview:-1"},"canonical":"https:\/\/soundrums-france.com\/index.php\/produit\/caisse-claire-14-modele-pro-light-01\/","og_locale":"fr_FR","og_type":"article","og_title":"Caisse-claire 14\" mod\u00e8le PRO-LIGHT-01 - Soundrums","og_description":"Venez d\u00e9couvrir notre Caisse-claire 14\" mod\u00e8le PRO-LIGHT-01 haute de gamme.","og_url":"https:\/\/soundrums-france.com\/index.php\/produit\/caisse-claire-14-modele-pro-light-01\/","og_site_name":"Soundrums","article_publisher":"https:\/\/www.facebook.com\/soundrums\/","article_modified_time":"2025-01-14T16:22:17+00:00","og_image":[{"width":1200,"height":1200,"url":"https:\/\/soundrums-france.com\/wp-content\/uploads\/2023\/03\/CCD-web-Harnais.webp","type":"image\/jpeg"}],"twitter_card":"summary_large_image","twitter_misc":{"Dur\u00e9e de lecture estim\u00e9e":"1 minute"},"schema":{"@context":"https:\/\/schema.org","@graph":[{"@type":"WebPage","@id":"https:\/\/soundrums-france.com\/index.php\/produit\/caisse-claire-14-modele-pro-light-01\/","url":"https:\/\/soundrums-france.com\/index.php\/produit\/caisse-claire-14-modele-pro-light-01\/","name":"Caisse-claire 14\" mod\u00e8le PRO-LIGHT-01 - Soundrums","isPartOf":{"@id":"https:\/\/soundrums-france.com\/#website"},"primaryImageOfPage":{"@id":"https:\/\/soundrums-france.com\/index.php\/produit\/caisse-claire-14-modele-pro-light-01\/#primaryimage"},"image":{"@id":"https:\/\/soundrums-france.com\/index.php\/produit\/caisse-claire-14-modele-pro-light-01\/#primaryimage"},"thumbnailUrl":"https:\/\/soundrums-france.com\/wp-content\/uploads\/2023\/03\/CCD-web-Harnais.webp","datePublished":"2023-03-08T16:36:43+00:00","dateModified":"2025-01-14T16:22:17+00:00","description":"Venez d\u00e9couvrir notre Caisse-claire 14\" mod\u00e8le PRO-LIGHT-01 haute de gamme.","breadcrumb":{"@id":"https:\/\/soundrums-france.com\/index.php\/produit\/caisse-claire-14-modele-pro-light-01\/#breadcrumb"},"inLanguage":"fr-FR","potentialAction":[{"@type":"ReadAction","target":["https:\/\/soundrums-france.com\/index.php\/produit\/caisse-claire-14-modele-pro-light-01\/"]}]},{"@type":"ImageObject","inLanguage":"fr-FR","@id":"https:\/\/soundrums-france.com\/index.php\/produit\/caisse-claire-14-modele-pro-light-01\/#primaryimage","url":"https:\/\/soundrums-france.com\/wp-content\/uploads\/2023\/03\/CCD-web-Harnais.webp","contentUrl":"https:\/\/soundrums-france.com\/wp-content\/uploads\/2023\/03\/CCD-web-Harnais.webp","width":1200,"height":1200,"caption":"caisse claire Pro-Light Soundrums"},{"@type":"BreadcrumbList","@id":"https:\/\/soundrums-france.com\/index.php\/produit\/caisse-claire-14-modele-pro-light-01\/#breadcrumb","itemListElement":[{"@type":"ListItem","position":1,"name":"Accueil","item":"https:\/\/soundrums-france.com\/"},{"@type":"ListItem","position":2,"name":"Des produits","item":"https:\/\/soundrums-france.com\/index.php\/shop\/"},{"@type":"ListItem","position":3,"name":"Caisse-claire 14&Prime; mod\u00e8le PRO-LIGHT-01"}]},{"@type":"WebSite","@id":"https:\/\/soundrums-france.com\/#website","url":"https:\/\/soundrums-france.com\/","name":"Soundrums","description":"Manufacture Fran\u00e7aise de tambours","publisher":{"@id":"https:\/\/soundrums-france.com\/#organization"},"potentialAction":[{"@type":"SearchAction","target":{"@type":"EntryPoint","urlTemplate":"https:\/\/soundrums-france.com\/?s={search_term_string}"},"query-input":{"@type":"PropertyValueSpecification","valueRequired":true,"valueName":"search_term_string"}}],"inLanguage":"fr-FR"},{"@type":"Organization","@id":"https:\/\/soundrums-france.com\/#organization","name":"Soundrums-france","url":"https:\/\/soundrums-france.com\/","logo":{"@type":"ImageObject","inLanguage":"fr-FR","@id":"https:\/\/soundrums-france.com\/#\/schema\/logo\/image\/","url":"https:\/\/soundrums-france.com\/wp-content\/uploads\/2020\/10\/LogoSD_HD.jpg","contentUrl":"https:\/\/soundrums-france.com\/wp-content\/uploads\/2020\/10\/LogoSD_HD.jpg","width":1280,"height":930,"caption":"Soundrums-france"},"image":{"@id":"https:\/\/soundrums-france.com\/#\/schema\/logo\/image\/"},"sameAs":["https:\/\/www.facebook.com\/soundrums\/","https:\/\/www.youtube.com\/channel\/UC4S_W_0ZCdUFH3Y9xkv5bEw"]}]}},"uagb_featured_image_src":{"full":["https:\/\/soundrums-france.com\/wp-content\/uploads\/2023\/03\/CCD-web-Harnais.webp",1200,1200,false],"thumbnail":["https:\/\/soundrums-france.com\/wp-content\/uploads\/2023\/03\/CCD-web-Harnais-150x150.jpg",150,150,true],"medium":["https:\/\/soundrums-france.com\/wp-content\/uploads\/2023\/03\/CCD-web-Harnais-300x300.jpg",300,300,true],"medium_large":["https:\/\/soundrums-france.com\/wp-content\/uploads\/2023\/03\/CCD-web-Harnais-768x768.jpg",768,768,true],"large":["https:\/\/soundrums-france.com\/wp-content\/uploads\/2023\/03\/CCD-web-Harnais-1024x1024.jpg",1024,1024,true],"1536x1536":["https:\/\/soundrums-france.com\/wp-content\/uploads\/2023\/03\/CCD-web-Harnais.webp",1200,1200,false],"2048x2048":["https:\/\/soundrums-france.com\/wp-content\/uploads\/2023\/03\/CCD-web-Harnais.webp",1200,1200,false],"woocommerce_thumbnail":["https:\/\/soundrums-france.com\/wp-content\/uploads\/2023\/03\/CCD-web-Harnais-300x300.jpg",300,300,true],"woocommerce_single":["https:\/\/soundrums-france.com\/wp-content\/uploads\/2023\/03\/CCD-web-Harnais-600x600.jpg",600,600,true],"woocommerce_gallery_thumbnail":["https:\/\/soundrums-france.com\/wp-content\/uploads\/2023\/03\/CCD-web-Harnais-100x100.jpg",100,100,true]},"uagb_author_info":{"display_name":"Emmanuel JAY","author_link":"https:\/\/soundrums-france.com\/index.php\/author\/"},"uagb_comment_info":0,"uagb_excerpt":"Fabrication artisanale fran\u00e7aise - F\u00fbt \u201cALUSOUND\u201d - Finitions Aluminium bross\u00e9e - Peinture m\u00e9tallis\u00e9e - Diam\u00e8tres 14\u201d Hauteur 5.5\" - Cercles chrom\u00e9s - Coquilles aluminium - D\u00e9clencheur souple. - Timbres carbone 20 Spirales - Peau de frappe Heats - Syst\u00e8me d'attache aluminium Soundrums pour Harnais D\u00e9lai de fabrication et de livraison environ 5 \u00e0 8 semaines.","wcpa_form_fields":null,"_links":{"self":[{"href":"https:\/\/soundrums-france.com\/index.php\/wp-json\/wp\/v2\/product\/34023","targetHints":{"allow":["GET"]}}],"collection":[{"href":"https:\/\/soundrums-france.com\/index.php\/wp-json\/wp\/v2\/product"}],"about":[{"href":"https:\/\/soundrums-france.com\/index.php\/wp-json\/wp\/v2\/types\/product"}],"replies":[{"embeddable":true,"href":"https:\/\/soundrums-france.com\/index.php\/wp-json\/wp\/v2\/comments?post=34023"}],"version-history":[{"count":2,"href":"https:\/\/soundrums-france.com\/index.php\/wp-json\/wp\/v2\/product\/34023\/revisions"}],"predecessor-version":[{"id":37581,"href":"https:\/\/soundrums-france.com\/index.php\/wp-json\/wp\/v2\/product\/34023\/revisions\/37581"}],"wp:featuredmedia":[{"embeddable":true,"href":"https:\/\/soundrums-france.com\/index.php\/wp-json\/wp\/v2\/media\/34033"}],"wp:attachment":[{"href":"https:\/\/soundrums-france.com\/index.php\/wp-json\/wp\/v2\/media?parent=34023"}],"wp:term":[{"taxonomy":"product_cat","embeddable":true,"href":"https:\/\/soundrums-france.com\/index.php\/wp-json\/wp\/v2\/product_cat?post=34023"},{"taxonomy":"product_tag","embeddable":true,"href":"https:\/\/soundrums-france.com\/index.php\/wp-json\/wp\/v2\/product_tag?post=34023"}],"curies":[{"name":"wp","href":"https:\/\/api.w.org\/{rel}","templated":true}]}}