{"id":34049,"date":"2023-04-20T12:05:38","date_gmt":"2023-04-20T10:05:38","guid":{"rendered":"https:\/\/soundrums-france.com\/?post_type=product&#038;p=34049"},"modified":"2024-10-17T14:53:42","modified_gmt":"2024-10-17T12:53:42","slug":"batte-grosse-caisse-marching-optima-large-promark","status":"publish","type":"product","link":"https:\/\/soundrums-france.com\/index.php\/produit\/batte-grosse-caisse-marching-optima-large-promark\/","title":{"rendered":"Batte Grosse-caisse Marching T\u00eate MOYENNE"},"content":{"rendered":"<div class=\"product-description-short\">\n<div id=\"product-description-short-178\" class=\"rte-content\">\n<div id=\"product-description-short-170\" class=\"rte-content\">\n<div id=\"product-description-short-990\" class=\"rte-content\">\n<div id=\"product-description-short-991\" class=\"rte-content\">\n<div id=\"product-description-short-964\" class=\"rte-content\"><span id=\"subBrandDescription\" class=\"cms-copy sub-brand-description\">Les mailloches de grosse caisse\u00a0 Promark vous offrent un meilleur \u00e9quilibre et une plus grande vitesse de frappe, gr\u00e2ce \u00e0 un manche en hickory aux contours uniques et \u00e0 un anneau de poids \u00e0 la base de la t\u00eate de la mailloche. La t\u00eate en feutre de forme elliptique produit un son de basse centr\u00e9 sans bosseler la peau de la grosse caisse.<br \/>\n<\/span><\/div>\n<div>\n<ul>\n<li>T\u00eate environ 4.5cm de diam\u00e8tre<\/li>\n<\/ul>\n<\/div>\n<\/div>\n<\/div>\n<\/div>\n<\/div>\n<p>&nbsp;<\/p>\n<\/div>\n","protected":false},"excerpt":{"rendered":"<div class=\"product-description-short\">\n<div id=\"product-description-short-178\" class=\"rte-content\">\n<div id=\"product-description-short-170\" class=\"rte-content\">\n<div id=\"product-description-short-990\" class=\"rte-content\">\n<div id=\"product-description-short-991\" class=\"rte-content\">\n<div id=\"product-description-short-964\" class=\"rte-content\">\n<div id=\"product-description-short-965\" class=\"rte-content\">\n<div id=\"product-description-short-966\" class=\"rte-content\">\n<ul class=\"prod-features\">\n<li><span id=\"subBrandDescription\" class=\"cms-copy sub-brand-description\">Les mailloches de grosse caisse\u00a0 Promark vous offrent un meilleur \u00e9quilibre et une plus grande vitesse de frappe, gr\u00e2ce \u00e0 un manche en hickory aux contours uniques et \u00e0 un anneau de poids \u00e0 la base de la t\u00eate de la mailloche. La t\u00eate en feutre de forme elliptique produit un son de basse centr\u00e9 sans bosseler la peau de la grosse caisse. <\/span>Diam\u00e8tre des t\u00eates: 51.4 mm<\/li>\n<li>Feutre dense et r\u00e9sistant<\/li>\n<li>T\u00eate environ 4.5cm de diam\u00e8tre<\/li>\n<\/ul>\n<\/div>\n<\/div>\n<\/div>\n<\/div>\n<\/div>\n<\/div>\n<\/div>\n<\/div>\n","protected":false},"featured_media":37152,"comment_status":"open","ping_status":"closed","template":"","meta":{"_uag_custom_page_level_css":"","site-sidebar-layout":"default","site-content-layout":"default","ast-global-header-display":"","ast-banner-title-visibility":"","ast-main-header-display":"","ast-hfb-above-header-display":"","ast-hfb-below-header-display":"","ast-hfb-mobile-header-display":"","site-post-title":"","ast-breadcrumbs-content":"","ast-featured-img":"","footer-sml-layout":"","theme-transparent-header-meta":"default","adv-header-id-meta":"","stick-header-meta":"","header-above-stick-meta":"","header-main-stick-meta":"","header-below-stick-meta":""},"product_cat":[187,193,261],"product_tag":[],"class_list":{"0":"post-34049","1":"product","2":"type-product","3":"status-publish","4":"has-post-thumbnail","6":"product_cat-accessoires","7":"product_cat-baguettes-battes","8":"product_cat-grosse-caisse","9":"desktop-align-left","10":"tablet-align-left","11":"mobile-align-left","13":"first","14":"instock","15":"taxable","16":"shipping-taxable","17":"purchasable","18":"product-type-simple"},"yoast_head":"<!-- This site is optimized with the Yoast SEO plugin v24.1 - https:\/\/yoast.com\/wordpress\/plugins\/seo\/ -->\n<title>Batte Grosse-caisse Marching T\u00eate MOYENNE - Soundrums<\/title>\n<meta name=\"description\" content=\"Venez d\u00e9couvrir notre Batte Grosse-caisse Marching T\u00eate MOYENNE haute de gamme.\" \/>\n<meta name=\"robots\" content=\"index, follow, max-snippet:-1, max-image-preview:large, max-video-preview:-1\" \/>\n<link rel=\"canonical\" href=\"https:\/\/soundrums-france.com\/index.php\/produit\/batte-grosse-caisse-marching-optima-large-promark\/\" \/>\n<meta property=\"og:locale\" content=\"fr_FR\" \/>\n<meta property=\"og:type\" content=\"article\" \/>\n<meta property=\"og:title\" content=\"Batte Grosse-caisse Marching T\u00eate MOYENNE - Soundrums\" \/>\n<meta property=\"og:description\" content=\"Venez d\u00e9couvrir notre Batte Grosse-caisse Marching T\u00eate MOYENNE haute de gamme.\" \/>\n<meta property=\"og:url\" content=\"https:\/\/soundrums-france.com\/index.php\/produit\/batte-grosse-caisse-marching-optima-large-promark\/\" \/>\n<meta property=\"og:site_name\" content=\"Soundrums\" \/>\n<meta property=\"article:publisher\" content=\"https:\/\/www.facebook.com\/soundrums\/\" \/>\n<meta property=\"article:modified_time\" content=\"2024-10-17T12:53:42+00:00\" \/>\n<meta property=\"og:image\" content=\"https:\/\/soundrums-france.com\/wp-content\/uploads\/2023\/04\/PRO-OBD3-2.jpg\" \/>\n\t<meta property=\"og:image:width\" content=\"1200\" \/>\n\t<meta property=\"og:image:height\" content=\"1200\" \/>\n\t<meta property=\"og:image:type\" content=\"image\/jpeg\" \/>\n<meta name=\"twitter:card\" content=\"summary_large_image\" \/>\n<meta name=\"twitter:label1\" content=\"Dur\u00e9e de lecture estim\u00e9e\" \/>\n\t<meta name=\"twitter:data1\" content=\"1 minute\" \/>\n<script type=\"application\/ld+json\" class=\"yoast-schema-graph\">{\"@context\":\"https:\/\/schema.org\",\"@graph\":[{\"@type\":\"WebPage\",\"@id\":\"https:\/\/soundrums-france.com\/index.php\/produit\/batte-grosse-caisse-marching-optima-large-promark\/\",\"url\":\"https:\/\/soundrums-france.com\/index.php\/produit\/batte-grosse-caisse-marching-optima-large-promark\/\",\"name\":\"Batte Grosse-caisse Marching T\u00eate MOYENNE - Soundrums\",\"isPartOf\":{\"@id\":\"https:\/\/soundrums-france.com\/#website\"},\"primaryImageOfPage\":{\"@id\":\"https:\/\/soundrums-france.com\/index.php\/produit\/batte-grosse-caisse-marching-optima-large-promark\/#primaryimage\"},\"image\":{\"@id\":\"https:\/\/soundrums-france.com\/index.php\/produit\/batte-grosse-caisse-marching-optima-large-promark\/#primaryimage\"},\"thumbnailUrl\":\"https:\/\/soundrums-france.com\/wp-content\/uploads\/2023\/04\/PRO-OBD3-2.webp\",\"datePublished\":\"2023-04-20T10:05:38+00:00\",\"dateModified\":\"2024-10-17T12:53:42+00:00\",\"description\":\"Venez d\u00e9couvrir notre Batte Grosse-caisse Marching T\u00eate MOYENNE haute de gamme.\",\"breadcrumb\":{\"@id\":\"https:\/\/soundrums-france.com\/index.php\/produit\/batte-grosse-caisse-marching-optima-large-promark\/#breadcrumb\"},\"inLanguage\":\"fr-FR\",\"potentialAction\":[{\"@type\":\"ReadAction\",\"target\":[\"https:\/\/soundrums-france.com\/index.php\/produit\/batte-grosse-caisse-marching-optima-large-promark\/\"]}]},{\"@type\":\"ImageObject\",\"inLanguage\":\"fr-FR\",\"@id\":\"https:\/\/soundrums-france.com\/index.php\/produit\/batte-grosse-caisse-marching-optima-large-promark\/#primaryimage\",\"url\":\"https:\/\/soundrums-france.com\/wp-content\/uploads\/2023\/04\/PRO-OBD3-2.webp\",\"contentUrl\":\"https:\/\/soundrums-france.com\/wp-content\/uploads\/2023\/04\/PRO-OBD3-2.webp\",\"width\":1200,\"height\":1200},{\"@type\":\"BreadcrumbList\",\"@id\":\"https:\/\/soundrums-france.com\/index.php\/produit\/batte-grosse-caisse-marching-optima-large-promark\/#breadcrumb\",\"itemListElement\":[{\"@type\":\"ListItem\",\"position\":1,\"name\":\"Accueil\",\"item\":\"https:\/\/soundrums-france.com\/\"},{\"@type\":\"ListItem\",\"position\":2,\"name\":\"Des produits\",\"item\":\"https:\/\/soundrums-france.com\/index.php\/shop\/\"},{\"@type\":\"ListItem\",\"position\":3,\"name\":\"Batte Grosse-caisse Marching T\u00eate MOYENNE\"}]},{\"@type\":\"WebSite\",\"@id\":\"https:\/\/soundrums-france.com\/#website\",\"url\":\"https:\/\/soundrums-france.com\/\",\"name\":\"Soundrums\",\"description\":\"Manufacture Fran\u00e7aise de tambours\",\"publisher\":{\"@id\":\"https:\/\/soundrums-france.com\/#organization\"},\"potentialAction\":[{\"@type\":\"SearchAction\",\"target\":{\"@type\":\"EntryPoint\",\"urlTemplate\":\"https:\/\/soundrums-france.com\/?s={search_term_string}\"},\"query-input\":{\"@type\":\"PropertyValueSpecification\",\"valueRequired\":true,\"valueName\":\"search_term_string\"}}],\"inLanguage\":\"fr-FR\"},{\"@type\":\"Organization\",\"@id\":\"https:\/\/soundrums-france.com\/#organization\",\"name\":\"Soundrums-france\",\"url\":\"https:\/\/soundrums-france.com\/\",\"logo\":{\"@type\":\"ImageObject\",\"inLanguage\":\"fr-FR\",\"@id\":\"https:\/\/soundrums-france.com\/#\/schema\/logo\/image\/\",\"url\":\"https:\/\/soundrums-france.com\/wp-content\/uploads\/2020\/10\/LogoSD_HD.jpg\",\"contentUrl\":\"https:\/\/soundrums-france.com\/wp-content\/uploads\/2020\/10\/LogoSD_HD.jpg\",\"width\":1280,\"height\":930,\"caption\":\"Soundrums-france\"},\"image\":{\"@id\":\"https:\/\/soundrums-france.com\/#\/schema\/logo\/image\/\"},\"sameAs\":[\"https:\/\/www.facebook.com\/soundrums\/\",\"https:\/\/www.youtube.com\/channel\/UC4S_W_0ZCdUFH3Y9xkv5bEw\"]}]}<\/script>\n<!-- \/ Yoast SEO plugin. -->","yoast_head_json":{"title":"Batte Grosse-caisse Marching T\u00eate MOYENNE - Soundrums","description":"Venez d\u00e9couvrir notre Batte Grosse-caisse Marching T\u00eate MOYENNE haute de gamme.","robots":{"index":"index","follow":"follow","max-snippet":"max-snippet:-1","max-image-preview":"max-image-preview:large","max-video-preview":"max-video-preview:-1"},"canonical":"https:\/\/soundrums-france.com\/index.php\/produit\/batte-grosse-caisse-marching-optima-large-promark\/","og_locale":"fr_FR","og_type":"article","og_title":"Batte Grosse-caisse Marching T\u00eate MOYENNE - Soundrums","og_description":"Venez d\u00e9couvrir notre Batte Grosse-caisse Marching T\u00eate MOYENNE haute de gamme.","og_url":"https:\/\/soundrums-france.com\/index.php\/produit\/batte-grosse-caisse-marching-optima-large-promark\/","og_site_name":"Soundrums","article_publisher":"https:\/\/www.facebook.com\/soundrums\/","article_modified_time":"2024-10-17T12:53:42+00:00","og_image":[{"width":1200,"height":1200,"url":"https:\/\/soundrums-france.com\/wp-content\/uploads\/2023\/04\/PRO-OBD3-2.jpg","type":"image\/jpeg"}],"twitter_card":"summary_large_image","twitter_misc":{"Dur\u00e9e de lecture estim\u00e9e":"1 minute"},"schema":{"@context":"https:\/\/schema.org","@graph":[{"@type":"WebPage","@id":"https:\/\/soundrums-france.com\/index.php\/produit\/batte-grosse-caisse-marching-optima-large-promark\/","url":"https:\/\/soundrums-france.com\/index.php\/produit\/batte-grosse-caisse-marching-optima-large-promark\/","name":"Batte Grosse-caisse Marching T\u00eate MOYENNE - Soundrums","isPartOf":{"@id":"https:\/\/soundrums-france.com\/#website"},"primaryImageOfPage":{"@id":"https:\/\/soundrums-france.com\/index.php\/produit\/batte-grosse-caisse-marching-optima-large-promark\/#primaryimage"},"image":{"@id":"https:\/\/soundrums-france.com\/index.php\/produit\/batte-grosse-caisse-marching-optima-large-promark\/#primaryimage"},"thumbnailUrl":"https:\/\/soundrums-france.com\/wp-content\/uploads\/2023\/04\/PRO-OBD3-2.webp","datePublished":"2023-04-20T10:05:38+00:00","dateModified":"2024-10-17T12:53:42+00:00","description":"Venez d\u00e9couvrir notre Batte Grosse-caisse Marching T\u00eate MOYENNE haute de gamme.","breadcrumb":{"@id":"https:\/\/soundrums-france.com\/index.php\/produit\/batte-grosse-caisse-marching-optima-large-promark\/#breadcrumb"},"inLanguage":"fr-FR","potentialAction":[{"@type":"ReadAction","target":["https:\/\/soundrums-france.com\/index.php\/produit\/batte-grosse-caisse-marching-optima-large-promark\/"]}]},{"@type":"ImageObject","inLanguage":"fr-FR","@id":"https:\/\/soundrums-france.com\/index.php\/produit\/batte-grosse-caisse-marching-optima-large-promark\/#primaryimage","url":"https:\/\/soundrums-france.com\/wp-content\/uploads\/2023\/04\/PRO-OBD3-2.webp","contentUrl":"https:\/\/soundrums-france.com\/wp-content\/uploads\/2023\/04\/PRO-OBD3-2.webp","width":1200,"height":1200},{"@type":"BreadcrumbList","@id":"https:\/\/soundrums-france.com\/index.php\/produit\/batte-grosse-caisse-marching-optima-large-promark\/#breadcrumb","itemListElement":[{"@type":"ListItem","position":1,"name":"Accueil","item":"https:\/\/soundrums-france.com\/"},{"@type":"ListItem","position":2,"name":"Des produits","item":"https:\/\/soundrums-france.com\/index.php\/shop\/"},{"@type":"ListItem","position":3,"name":"Batte Grosse-caisse Marching T\u00eate MOYENNE"}]},{"@type":"WebSite","@id":"https:\/\/soundrums-france.com\/#website","url":"https:\/\/soundrums-france.com\/","name":"Soundrums","description":"Manufacture Fran\u00e7aise de tambours","publisher":{"@id":"https:\/\/soundrums-france.com\/#organization"},"potentialAction":[{"@type":"SearchAction","target":{"@type":"EntryPoint","urlTemplate":"https:\/\/soundrums-france.com\/?s={search_term_string}"},"query-input":{"@type":"PropertyValueSpecification","valueRequired":true,"valueName":"search_term_string"}}],"inLanguage":"fr-FR"},{"@type":"Organization","@id":"https:\/\/soundrums-france.com\/#organization","name":"Soundrums-france","url":"https:\/\/soundrums-france.com\/","logo":{"@type":"ImageObject","inLanguage":"fr-FR","@id":"https:\/\/soundrums-france.com\/#\/schema\/logo\/image\/","url":"https:\/\/soundrums-france.com\/wp-content\/uploads\/2020\/10\/LogoSD_HD.jpg","contentUrl":"https:\/\/soundrums-france.com\/wp-content\/uploads\/2020\/10\/LogoSD_HD.jpg","width":1280,"height":930,"caption":"Soundrums-france"},"image":{"@id":"https:\/\/soundrums-france.com\/#\/schema\/logo\/image\/"},"sameAs":["https:\/\/www.facebook.com\/soundrums\/","https:\/\/www.youtube.com\/channel\/UC4S_W_0ZCdUFH3Y9xkv5bEw"]}]}},"uagb_featured_image_src":{"full":["https:\/\/soundrums-france.com\/wp-content\/uploads\/2023\/04\/PRO-OBD3-2.webp",1200,1200,false],"thumbnail":["https:\/\/soundrums-france.com\/wp-content\/uploads\/2023\/04\/PRO-OBD3-2-150x150.jpg",150,150,true],"medium":["https:\/\/soundrums-france.com\/wp-content\/uploads\/2023\/04\/PRO-OBD3-2-300x300.jpg",300,300,true],"medium_large":["https:\/\/soundrums-france.com\/wp-content\/uploads\/2023\/04\/PRO-OBD3-2-768x768.jpg",768,768,true],"large":["https:\/\/soundrums-france.com\/wp-content\/uploads\/2023\/04\/PRO-OBD3-2-1024x1024.jpg",1024,1024,true],"1536x1536":["https:\/\/soundrums-france.com\/wp-content\/uploads\/2023\/04\/PRO-OBD3-2.webp",1200,1200,false],"2048x2048":["https:\/\/soundrums-france.com\/wp-content\/uploads\/2023\/04\/PRO-OBD3-2.webp",1200,1200,false],"woocommerce_thumbnail":["https:\/\/soundrums-france.com\/wp-content\/uploads\/2023\/04\/PRO-OBD3-2-300x300.jpg",300,300,true],"woocommerce_single":["https:\/\/soundrums-france.com\/wp-content\/uploads\/2023\/04\/PRO-OBD3-2-600x600.jpg",600,600,true],"woocommerce_gallery_thumbnail":["https:\/\/soundrums-france.com\/wp-content\/uploads\/2023\/04\/PRO-OBD3-2-100x100.jpg",100,100,true]},"uagb_author_info":{"display_name":"Emmanuel JAY","author_link":"https:\/\/soundrums-france.com\/index.php\/author\/"},"uagb_comment_info":0,"uagb_excerpt":"Les mailloches de grosse caisse\u00a0 Promark vous offrent un meilleur \u00e9quilibre et une plus grande vitesse de frappe, gr\u00e2ce \u00e0 un manche en hickory aux contours uniques et \u00e0 un anneau de poids \u00e0 la base de la t\u00eate de la mailloche. La t\u00eate en feutre de forme elliptique produit un son de basse centr\u00e9\u2026","wcpa_form_fields":null,"_links":{"self":[{"href":"https:\/\/soundrums-france.com\/index.php\/wp-json\/wp\/v2\/product\/34049","targetHints":{"allow":["GET"]}}],"collection":[{"href":"https:\/\/soundrums-france.com\/index.php\/wp-json\/wp\/v2\/product"}],"about":[{"href":"https:\/\/soundrums-france.com\/index.php\/wp-json\/wp\/v2\/types\/product"}],"replies":[{"embeddable":true,"href":"https:\/\/soundrums-france.com\/index.php\/wp-json\/wp\/v2\/comments?post=34049"}],"version-history":[{"count":3,"href":"https:\/\/soundrums-france.com\/index.php\/wp-json\/wp\/v2\/product\/34049\/revisions"}],"predecessor-version":[{"id":37157,"href":"https:\/\/soundrums-france.com\/index.php\/wp-json\/wp\/v2\/product\/34049\/revisions\/37157"}],"wp:featuredmedia":[{"embeddable":true,"href":"https:\/\/soundrums-france.com\/index.php\/wp-json\/wp\/v2\/media\/37152"}],"wp:attachment":[{"href":"https:\/\/soundrums-france.com\/index.php\/wp-json\/wp\/v2\/media?parent=34049"}],"wp:term":[{"taxonomy":"product_cat","embeddable":true,"href":"https:\/\/soundrums-france.com\/index.php\/wp-json\/wp\/v2\/product_cat?post=34049"},{"taxonomy":"product_tag","embeddable":true,"href":"https:\/\/soundrums-france.com\/index.php\/wp-json\/wp\/v2\/product_tag?post=34049"}],"curies":[{"name":"wp","href":"https:\/\/api.w.org\/{rel}","templated":true}]}}