{"id":36154,"date":"2024-01-07T15:22:24","date_gmt":"2024-01-07T14:22:24","guid":{"rendered":"https:\/\/soundrums-france.com\/?post_type=product&#038;p=36154"},"modified":"2024-01-08T09:36:34","modified_gmt":"2024-01-08T08:36:34","slug":"option-tranquillites-pour-1-tambour","status":"publish","type":"product","link":"https:\/\/soundrums-france.com\/index.php\/produit\/option-tranquillites-pour-1-tambour\/","title":{"rendered":"Option tranquillit\u00e9 Tambour \u00e0 corde"},"content":{"rendered":"","protected":false},"excerpt":{"rendered":"<p>Cette option vous permet de n\u2019avoir absolument rien \u00e0 g\u00e9rer pour l\u2019entretien de votre tambour. <strong>Prix d\u00e9gressifs \u00e0 partir de 4 tambours en entretien (contactez-nous pour plus d&rsquo;informations).<\/strong><br \/>\nDe 1 \u00e0 4 ans, le tarif est d\u00e9gressif en fonction du nombre de tambours et de la dur\u00e9e. Vous pouvez la choisir au moment de la commande d\u2019un tambour ou la mettre en place pour vos tambours de toutes marques.<\/p>\n<p>Dans notre atelier ou chez vous, cette option prend en charge toute la main d\u2019\u0153uvre n\u00e9cessaire pour : <em>Les changement de peaux, la remise en tension du cordage, les r\u00e9glages de l\u2019instrument, les v\u00e9rifications des serrages et des pi\u00e8ces, l\u2019entretien global, le nettoyage de l\u2019instrument, etc\u2026<\/em><\/p>\n<p><strong><span style=\"font-size: 16px;\">Ce service ne prend pas en charge les pi\u00e8ces et les frais de d\u00e9placement ou frais de transport.<\/span><\/strong><\/p>\n<p>Nous fournissons toutes les pi\u00e8ces n\u00e9cessaires de votre choix.<\/p>\n","protected":false},"featured_media":36155,"comment_status":"open","ping_status":"closed","template":"","meta":{"_uag_custom_page_level_css":"","site-sidebar-layout":"default","site-content-layout":"default","ast-global-header-display":"","ast-banner-title-visibility":"","ast-main-header-display":"","ast-hfb-above-header-display":"","ast-hfb-below-header-display":"","ast-hfb-mobile-header-display":"","site-post-title":"","ast-breadcrumbs-content":"","ast-featured-img":"","footer-sml-layout":"","theme-transparent-header-meta":"default","adv-header-id-meta":"","stick-header-meta":"","header-above-stick-meta":"","header-main-stick-meta":"","header-below-stick-meta":""},"product_cat":[189,264],"product_tag":[205,204],"class_list":{"0":"post-36154","1":"product","2":"type-product","3":"status-publish","4":"has-post-thumbnail","6":"product_cat-services","7":"product_cat-option-tranquillite","8":"product_tag-reparation","9":"product_tag-services","10":"pa_temps-12mois","11":"pa_temps-24mois","12":"pa_temps-36mois","13":"pa_temps-48mois","14":"desktop-align-left","15":"tablet-align-left","16":"mobile-align-left","17":"wcpa_has_options","19":"first","20":"instock","21":"taxable","22":"shipping-taxable","23":"purchasable","24":"product-type-variable"},"yoast_head":"<!-- This site is optimized with the Yoast SEO plugin v24.1 - https:\/\/yoast.com\/wordpress\/plugins\/seo\/ -->\n<title>Option tranquillit\u00e9 Tambour \u00e0 corde - Soundrums<\/title>\n<meta name=\"description\" content=\"Venez d\u00e9couvrir notre Option tranquillit\u00e9 Tambour \u00e0 corde haute de gamme.\" \/>\n<meta name=\"robots\" content=\"index, follow, max-snippet:-1, max-image-preview:large, max-video-preview:-1\" \/>\n<link rel=\"canonical\" href=\"https:\/\/soundrums-france.com\/index.php\/produit\/option-tranquillites-pour-1-tambour\/\" \/>\n<meta property=\"og:locale\" content=\"fr_FR\" \/>\n<meta property=\"og:type\" content=\"article\" \/>\n<meta property=\"og:title\" content=\"Option tranquillit\u00e9 Tambour \u00e0 corde - Soundrums\" \/>\n<meta property=\"og:description\" content=\"Venez d\u00e9couvrir notre Option tranquillit\u00e9 Tambour \u00e0 corde haute de gamme.\" \/>\n<meta property=\"og:url\" content=\"https:\/\/soundrums-france.com\/index.php\/produit\/option-tranquillites-pour-1-tambour\/\" \/>\n<meta property=\"og:site_name\" content=\"Soundrums\" \/>\n<meta property=\"article:publisher\" content=\"https:\/\/www.facebook.com\/soundrums\/\" \/>\n<meta property=\"article:modified_time\" content=\"2024-01-08T08:36:34+00:00\" \/>\n<meta property=\"og:image\" content=\"https:\/\/soundrums-france.com\/wp-content\/uploads\/2024\/01\/option-tranquilite.jpg\" \/>\n\t<meta property=\"og:image:width\" content=\"800\" \/>\n\t<meta property=\"og:image:height\" content=\"800\" \/>\n\t<meta property=\"og:image:type\" content=\"image\/jpeg\" \/>\n<meta name=\"twitter:card\" content=\"summary_large_image\" \/>\n<script type=\"application\/ld+json\" class=\"yoast-schema-graph\">{\"@context\":\"https:\/\/schema.org\",\"@graph\":[{\"@type\":\"WebPage\",\"@id\":\"https:\/\/soundrums-france.com\/index.php\/produit\/option-tranquillites-pour-1-tambour\/\",\"url\":\"https:\/\/soundrums-france.com\/index.php\/produit\/option-tranquillites-pour-1-tambour\/\",\"name\":\"Option tranquillit\u00e9 Tambour \u00e0 corde - Soundrums\",\"isPartOf\":{\"@id\":\"https:\/\/soundrums-france.com\/#website\"},\"primaryImageOfPage\":{\"@id\":\"https:\/\/soundrums-france.com\/index.php\/produit\/option-tranquillites-pour-1-tambour\/#primaryimage\"},\"image\":{\"@id\":\"https:\/\/soundrums-france.com\/index.php\/produit\/option-tranquillites-pour-1-tambour\/#primaryimage\"},\"thumbnailUrl\":\"https:\/\/soundrums-france.com\/wp-content\/uploads\/2024\/01\/option-tranquilite.webp\",\"datePublished\":\"2024-01-07T14:22:24+00:00\",\"dateModified\":\"2024-01-08T08:36:34+00:00\",\"description\":\"Venez d\u00e9couvrir notre Option tranquillit\u00e9 Tambour \u00e0 corde haute de gamme.\",\"breadcrumb\":{\"@id\":\"https:\/\/soundrums-france.com\/index.php\/produit\/option-tranquillites-pour-1-tambour\/#breadcrumb\"},\"inLanguage\":\"fr-FR\",\"potentialAction\":[{\"@type\":\"ReadAction\",\"target\":[\"https:\/\/soundrums-france.com\/index.php\/produit\/option-tranquillites-pour-1-tambour\/\"]}]},{\"@type\":\"ImageObject\",\"inLanguage\":\"fr-FR\",\"@id\":\"https:\/\/soundrums-france.com\/index.php\/produit\/option-tranquillites-pour-1-tambour\/#primaryimage\",\"url\":\"https:\/\/soundrums-france.com\/wp-content\/uploads\/2024\/01\/option-tranquilite.webp\",\"contentUrl\":\"https:\/\/soundrums-france.com\/wp-content\/uploads\/2024\/01\/option-tranquilite.webp\",\"width\":800,\"height\":800},{\"@type\":\"BreadcrumbList\",\"@id\":\"https:\/\/soundrums-france.com\/index.php\/produit\/option-tranquillites-pour-1-tambour\/#breadcrumb\",\"itemListElement\":[{\"@type\":\"ListItem\",\"position\":1,\"name\":\"Accueil\",\"item\":\"https:\/\/soundrums-france.com\/\"},{\"@type\":\"ListItem\",\"position\":2,\"name\":\"Des produits\",\"item\":\"https:\/\/soundrums-france.com\/index.php\/shop\/\"},{\"@type\":\"ListItem\",\"position\":3,\"name\":\"Option tranquillit\u00e9 Tambour \u00e0 corde\"}]},{\"@type\":\"WebSite\",\"@id\":\"https:\/\/soundrums-france.com\/#website\",\"url\":\"https:\/\/soundrums-france.com\/\",\"name\":\"Soundrums\",\"description\":\"Manufacture Fran\u00e7aise de tambours\",\"publisher\":{\"@id\":\"https:\/\/soundrums-france.com\/#organization\"},\"potentialAction\":[{\"@type\":\"SearchAction\",\"target\":{\"@type\":\"EntryPoint\",\"urlTemplate\":\"https:\/\/soundrums-france.com\/?s={search_term_string}\"},\"query-input\":{\"@type\":\"PropertyValueSpecification\",\"valueRequired\":true,\"valueName\":\"search_term_string\"}}],\"inLanguage\":\"fr-FR\"},{\"@type\":\"Organization\",\"@id\":\"https:\/\/soundrums-france.com\/#organization\",\"name\":\"Soundrums-france\",\"url\":\"https:\/\/soundrums-france.com\/\",\"logo\":{\"@type\":\"ImageObject\",\"inLanguage\":\"fr-FR\",\"@id\":\"https:\/\/soundrums-france.com\/#\/schema\/logo\/image\/\",\"url\":\"https:\/\/soundrums-france.com\/wp-content\/uploads\/2020\/10\/LogoSD_HD.jpg\",\"contentUrl\":\"https:\/\/soundrums-france.com\/wp-content\/uploads\/2020\/10\/LogoSD_HD.jpg\",\"width\":1280,\"height\":930,\"caption\":\"Soundrums-france\"},\"image\":{\"@id\":\"https:\/\/soundrums-france.com\/#\/schema\/logo\/image\/\"},\"sameAs\":[\"https:\/\/www.facebook.com\/soundrums\/\",\"https:\/\/www.youtube.com\/channel\/UC4S_W_0ZCdUFH3Y9xkv5bEw\"]}]}<\/script>\n<!-- \/ Yoast SEO plugin. -->","yoast_head_json":{"title":"Option tranquillit\u00e9 Tambour \u00e0 corde - Soundrums","description":"Venez d\u00e9couvrir notre Option tranquillit\u00e9 Tambour \u00e0 corde haute de gamme.","robots":{"index":"index","follow":"follow","max-snippet":"max-snippet:-1","max-image-preview":"max-image-preview:large","max-video-preview":"max-video-preview:-1"},"canonical":"https:\/\/soundrums-france.com\/index.php\/produit\/option-tranquillites-pour-1-tambour\/","og_locale":"fr_FR","og_type":"article","og_title":"Option tranquillit\u00e9 Tambour \u00e0 corde - Soundrums","og_description":"Venez d\u00e9couvrir notre Option tranquillit\u00e9 Tambour \u00e0 corde haute de gamme.","og_url":"https:\/\/soundrums-france.com\/index.php\/produit\/option-tranquillites-pour-1-tambour\/","og_site_name":"Soundrums","article_publisher":"https:\/\/www.facebook.com\/soundrums\/","article_modified_time":"2024-01-08T08:36:34+00:00","og_image":[{"width":800,"height":800,"url":"https:\/\/soundrums-france.com\/wp-content\/uploads\/2024\/01\/option-tranquilite.jpg","type":"image\/jpeg"}],"twitter_card":"summary_large_image","schema":{"@context":"https:\/\/schema.org","@graph":[{"@type":"WebPage","@id":"https:\/\/soundrums-france.com\/index.php\/produit\/option-tranquillites-pour-1-tambour\/","url":"https:\/\/soundrums-france.com\/index.php\/produit\/option-tranquillites-pour-1-tambour\/","name":"Option tranquillit\u00e9 Tambour \u00e0 corde - Soundrums","isPartOf":{"@id":"https:\/\/soundrums-france.com\/#website"},"primaryImageOfPage":{"@id":"https:\/\/soundrums-france.com\/index.php\/produit\/option-tranquillites-pour-1-tambour\/#primaryimage"},"image":{"@id":"https:\/\/soundrums-france.com\/index.php\/produit\/option-tranquillites-pour-1-tambour\/#primaryimage"},"thumbnailUrl":"https:\/\/soundrums-france.com\/wp-content\/uploads\/2024\/01\/option-tranquilite.webp","datePublished":"2024-01-07T14:22:24+00:00","dateModified":"2024-01-08T08:36:34+00:00","description":"Venez d\u00e9couvrir notre Option tranquillit\u00e9 Tambour \u00e0 corde haute de gamme.","breadcrumb":{"@id":"https:\/\/soundrums-france.com\/index.php\/produit\/option-tranquillites-pour-1-tambour\/#breadcrumb"},"inLanguage":"fr-FR","potentialAction":[{"@type":"ReadAction","target":["https:\/\/soundrums-france.com\/index.php\/produit\/option-tranquillites-pour-1-tambour\/"]}]},{"@type":"ImageObject","inLanguage":"fr-FR","@id":"https:\/\/soundrums-france.com\/index.php\/produit\/option-tranquillites-pour-1-tambour\/#primaryimage","url":"https:\/\/soundrums-france.com\/wp-content\/uploads\/2024\/01\/option-tranquilite.webp","contentUrl":"https:\/\/soundrums-france.com\/wp-content\/uploads\/2024\/01\/option-tranquilite.webp","width":800,"height":800},{"@type":"BreadcrumbList","@id":"https:\/\/soundrums-france.com\/index.php\/produit\/option-tranquillites-pour-1-tambour\/#breadcrumb","itemListElement":[{"@type":"ListItem","position":1,"name":"Accueil","item":"https:\/\/soundrums-france.com\/"},{"@type":"ListItem","position":2,"name":"Des produits","item":"https:\/\/soundrums-france.com\/index.php\/shop\/"},{"@type":"ListItem","position":3,"name":"Option tranquillit\u00e9 Tambour \u00e0 corde"}]},{"@type":"WebSite","@id":"https:\/\/soundrums-france.com\/#website","url":"https:\/\/soundrums-france.com\/","name":"Soundrums","description":"Manufacture Fran\u00e7aise de tambours","publisher":{"@id":"https:\/\/soundrums-france.com\/#organization"},"potentialAction":[{"@type":"SearchAction","target":{"@type":"EntryPoint","urlTemplate":"https:\/\/soundrums-france.com\/?s={search_term_string}"},"query-input":{"@type":"PropertyValueSpecification","valueRequired":true,"valueName":"search_term_string"}}],"inLanguage":"fr-FR"},{"@type":"Organization","@id":"https:\/\/soundrums-france.com\/#organization","name":"Soundrums-france","url":"https:\/\/soundrums-france.com\/","logo":{"@type":"ImageObject","inLanguage":"fr-FR","@id":"https:\/\/soundrums-france.com\/#\/schema\/logo\/image\/","url":"https:\/\/soundrums-france.com\/wp-content\/uploads\/2020\/10\/LogoSD_HD.jpg","contentUrl":"https:\/\/soundrums-france.com\/wp-content\/uploads\/2020\/10\/LogoSD_HD.jpg","width":1280,"height":930,"caption":"Soundrums-france"},"image":{"@id":"https:\/\/soundrums-france.com\/#\/schema\/logo\/image\/"},"sameAs":["https:\/\/www.facebook.com\/soundrums\/","https:\/\/www.youtube.com\/channel\/UC4S_W_0ZCdUFH3Y9xkv5bEw"]}]}},"uagb_featured_image_src":{"full":["https:\/\/soundrums-france.com\/wp-content\/uploads\/2024\/01\/option-tranquilite.webp",800,800,false],"thumbnail":["https:\/\/soundrums-france.com\/wp-content\/uploads\/2024\/01\/option-tranquilite-150x150.jpg",150,150,true],"medium":["https:\/\/soundrums-france.com\/wp-content\/uploads\/2024\/01\/option-tranquilite-300x300.jpg",300,300,true],"medium_large":["https:\/\/soundrums-france.com\/wp-content\/uploads\/2024\/01\/option-tranquilite-768x768.jpg",768,768,true],"large":["https:\/\/soundrums-france.com\/wp-content\/uploads\/2024\/01\/option-tranquilite.webp",800,800,false],"1536x1536":["https:\/\/soundrums-france.com\/wp-content\/uploads\/2024\/01\/option-tranquilite.webp",800,800,false],"2048x2048":["https:\/\/soundrums-france.com\/wp-content\/uploads\/2024\/01\/option-tranquilite.webp",800,800,false],"woocommerce_thumbnail":["https:\/\/soundrums-france.com\/wp-content\/uploads\/2024\/01\/option-tranquilite-300x300.jpg",300,300,true],"woocommerce_single":["https:\/\/soundrums-france.com\/wp-content\/uploads\/2024\/01\/option-tranquilite-600x600.jpg",600,600,true],"woocommerce_gallery_thumbnail":["https:\/\/soundrums-france.com\/wp-content\/uploads\/2024\/01\/option-tranquilite-100x100.jpg",100,100,true]},"uagb_author_info":{"display_name":"Emmanuel JAY","author_link":"https:\/\/soundrums-france.com\/index.php\/author\/"},"uagb_comment_info":0,"uagb_excerpt":"Cette option vous permet de n\u2019avoir absolument rien \u00e0 g\u00e9rer pour l\u2019entretien de votre tambour. Prix d\u00e9gressifs \u00e0 partir de 4 tambours en entretien (contactez-nous pour plus d'informations). De 1 \u00e0 4 ans, le tarif est d\u00e9gressif en fonction du nombre de tambours et de la dur\u00e9e. Vous pouvez la choisir au moment de la\u2026","wcpa_form_fields":{"wcpaData":{"product":{"product_price":85,"price_html":"<span class=\"woocommerce-Price-amount amount\"><bdi>85,00<span class=\"woocommerce-Price-currencySymbol\">&euro;<\/span><\/bdi><\/span> &ndash; <span class=\"woocommerce-Price-amount amount\"><bdi>300,00<span class=\"woocommerce-Price-currencySymbol\">&euro;<\/span><\/bdi><\/span>","original_product_price":85,"price_including_tax":85,"price_excluding_tax":70.833333,"product_id":{"parent":36154,"variation":false},"is_variable":true,"stock_status":"instock","stock_quantity":null,"parent_sku":"Op-Tranquil-1tamb","product_attributes":{"pa_temps":{"is_variation":true,"values":[]}},"custom_fields":[],"is_taxable":true,"product_name":"Option tranquillit\u00e9 Tambour \u00e0 corde"},"fields":{"sec_1069eff347b1daf":{"extra":{"key":"sec_1069eff347b1daf","section_id":"sec_1069eff347b1daf","name":"Default","status":1,"cl_rule":"show","enableCl":false,"relations":[],"toggle":true,"title_tag":"h3","show_title":false,"showPrice":"default","form_id":31849,"form_rules":{"exclude_from_discount":false,"fee_label":"Frais","disp_hide_options_price":false,"disp_show_section_price":false,"disp_show_field_price":true,"layout_option":"standard","pric_use_as_fee":false,"process_fee_as":"woo_fee"},"layout_option":"standard"},"fields":[[{"type":"textarea","elementId":"wcpa-textarea-1605120817683","label":"Message \u00e0 notre attention","pricingType":"fixed","rows":"4","name":"textarea-1605120817683","maxlength":"3000","cl_rule":"show","col":6,"relations":false,"active":true,"tooltip":"","gt_translate_keys":["label","tooltip"],"price_dependency":false,"cl_dependency":false,"value":""}],[{"type":"file","elementId":"wcpa-file-1605120336384","label":"Joindre un fichier","pricingType":"fixed","ajax_upload":true,"uploadsize":"10","name":"file-1605120336384","showUploadPreview":true,"custom_style":true,"cl_rule":"show","col":6,"relations":false,"active":true,"tooltip":"","upload_type":"ajax","allowedFileTypes":"","gt_translate_keys":["label","tooltip"],"price_dependency":false,"cl_dependency":false,"value":""}]]}},"config":{"price_override":"","enable_recaptcha":false,"bind_quantity":false,"quantity_bind_formula":false,"disp_summ_show_option_price":true,"disp_summ_show_product_price":true,"disp_summ_show_total_price":true,"disp_summ_show_fee":false,"disp_summ_show_discount":false,"summary_title":"","options_total_label":"Montant des options","total_label":"Total","options_product_label":"Prix du produit","fee_label":"Frais","discount_label":"Discount","has_price":true,"has_quantity_formula":false},"mc_unit":1,"tax_rate":1,"tax_rate_real":0.2,"discount":{"percentage":0,"fixed":0},"design":{"conf":{"LabelPosition":"above","DescPosition":"left","UploadField":"custom_1","QuantityFieldStyle":"default"},"css":{"LeftLabelWidth":"120px"}},"formulas":[],"clones":false,"cartKey":false}},"_links":{"self":[{"href":"https:\/\/soundrums-france.com\/index.php\/wp-json\/wp\/v2\/product\/36154","targetHints":{"allow":["GET"]}}],"collection":[{"href":"https:\/\/soundrums-france.com\/index.php\/wp-json\/wp\/v2\/product"}],"about":[{"href":"https:\/\/soundrums-france.com\/index.php\/wp-json\/wp\/v2\/types\/product"}],"replies":[{"embeddable":true,"href":"https:\/\/soundrums-france.com\/index.php\/wp-json\/wp\/v2\/comments?post=36154"}],"version-history":[{"count":5,"href":"https:\/\/soundrums-france.com\/index.php\/wp-json\/wp\/v2\/product\/36154\/revisions"}],"predecessor-version":[{"id":36183,"href":"https:\/\/soundrums-france.com\/index.php\/wp-json\/wp\/v2\/product\/36154\/revisions\/36183"}],"wp:featuredmedia":[{"embeddable":true,"href":"https:\/\/soundrums-france.com\/index.php\/wp-json\/wp\/v2\/media\/36155"}],"wp:attachment":[{"href":"https:\/\/soundrums-france.com\/index.php\/wp-json\/wp\/v2\/media?parent=36154"}],"wp:term":[{"taxonomy":"product_cat","embeddable":true,"href":"https:\/\/soundrums-france.com\/index.php\/wp-json\/wp\/v2\/product_cat?post=36154"},{"taxonomy":"product_tag","embeddable":true,"href":"https:\/\/soundrums-france.com\/index.php\/wp-json\/wp\/v2\/product_tag?post=36154"}],"curies":[{"name":"wp","href":"https:\/\/api.w.org\/{rel}","templated":true}]}}