{"id":37097,"date":"2024-10-16T10:31:36","date_gmt":"2024-10-16T08:31:36","guid":{"rendered":"https:\/\/soundrums-france.com\/?post_type=product&#038;p=37097"},"modified":"2024-10-17T13:53:46","modified_gmt":"2024-10-17T11:53:46","slug":"baguettes-de-caisse-claire-batterie-7a-hickory-resta-jay","status":"publish","type":"product","link":"https:\/\/soundrums-france.com\/index.php\/produit\/baguettes-de-caisse-claire-batterie-7a-hickory-resta-jay\/","title":{"rendered":"Baguettes de Caisse-claire\/Batterie &#8211; 7A Hickory Resta-Jay"},"content":{"rendered":"<div class=\"product-description-short\">\n<div id=\"product-description-short-178\" class=\"rte-content\">\n<div id=\"product-description-short-170\" class=\"rte-content\">\n<p>Baguettes\u00a0Resta-Jay hickory 7A pour caisse claire et batterie.<\/p>\n<p>Id\u00e9ales pour les musiques jazz, latines, fusion&#8230; et les mains des plus jeunes.<\/p>\n<p>\u00c9quilibr\u00e9es et solides, elles proposent un toucher l\u00e9ger pour un jeu plus fin.<\/p>\n<p>Excellent contr\u00f4le et volume sonore r\u00e9duit.<\/p>\n<\/div>\n<\/div>\n<p>&nbsp;<\/p>\n<\/div>\n","protected":false},"excerpt":{"rendered":"<div class=\"product-description-short\">\n<div id=\"product-description-short-178\" class=\"rte-content\">\n<div id=\"product-description-short-170\" class=\"rte-content\">\n<p>Baguettes\u00a0Resta-Jay hickory 7A pour caisse claire et batterie.<\/p>\n<p>Id\u00e9ales pour les musiques jazz, latines, fusion&#8230; et les mains des plus jeunes.<\/p>\n<p>\u00c9quilibr\u00e9es et solides, elles proposent un toucher l\u00e9ger pour un jeu plus fin.<\/p>\n<p>Excellent contr\u00f4le et volume sonore r\u00e9duit.<\/p>\n<\/div>\n<\/div>\n<\/div>\n","protected":false},"featured_media":37133,"comment_status":"open","ping_status":"closed","template":"","meta":{"_uag_custom_page_level_css":"","site-sidebar-layout":"default","site-content-layout":"default","ast-global-header-display":"","ast-banner-title-visibility":"","ast-main-header-display":"","ast-hfb-above-header-display":"","ast-hfb-below-header-display":"","ast-hfb-mobile-header-display":"","site-post-title":"","ast-breadcrumbs-content":"","ast-featured-img":"","footer-sml-layout":"","theme-transparent-header-meta":"default","adv-header-id-meta":"","stick-header-meta":"","header-above-stick-meta":"","header-main-stick-meta":"","header-below-stick-meta":""},"product_cat":[187,193,259],"product_tag":[],"class_list":{"0":"post-37097","1":"product","2":"type-product","3":"status-publish","4":"has-post-thumbnail","6":"product_cat-accessoires","7":"product_cat-baguettes-battes","8":"product_cat-batteries-baguettes-battes","9":"desktop-align-left","10":"tablet-align-left","11":"mobile-align-left","13":"first","14":"instock","15":"taxable","16":"shipping-taxable","17":"purchasable","18":"product-type-simple"},"yoast_head":"<!-- This site is optimized with the Yoast SEO plugin v24.1 - https:\/\/yoast.com\/wordpress\/plugins\/seo\/ -->\n<title>Baguettes de Caisse-claire\/Batterie - 7A Hickory Resta-Jay - Soundrums<\/title>\n<meta name=\"description\" content=\"Venez d\u00e9couvrir notre Baguettes de Caisse-claire\/Batterie - 7A Hickory Resta-Jay haute de gamme.\" \/>\n<meta name=\"robots\" content=\"index, follow, max-snippet:-1, max-image-preview:large, max-video-preview:-1\" \/>\n<link rel=\"canonical\" href=\"https:\/\/soundrums-france.com\/index.php\/produit\/baguettes-de-caisse-claire-batterie-7a-hickory-resta-jay\/\" \/>\n<meta property=\"og:locale\" content=\"fr_FR\" \/>\n<meta property=\"og:type\" content=\"article\" \/>\n<meta property=\"og:title\" content=\"Baguettes de Caisse-claire\/Batterie - 7A Hickory Resta-Jay - Soundrums\" \/>\n<meta property=\"og:description\" content=\"Venez d\u00e9couvrir notre Baguettes de Caisse-claire\/Batterie - 7A Hickory Resta-Jay haute de gamme.\" \/>\n<meta property=\"og:url\" content=\"https:\/\/soundrums-france.com\/index.php\/produit\/baguettes-de-caisse-claire-batterie-7a-hickory-resta-jay\/\" \/>\n<meta property=\"og:site_name\" content=\"Soundrums\" \/>\n<meta property=\"article:publisher\" content=\"https:\/\/www.facebook.com\/soundrums\/\" \/>\n<meta property=\"article:modified_time\" content=\"2024-10-17T11:53:46+00:00\" \/>\n<meta property=\"og:image\" content=\"https:\/\/soundrums-france.com\/wp-content\/uploads\/2024\/10\/CC-7A-LOGO.jpg\" \/>\n\t<meta property=\"og:image:width\" content=\"1200\" \/>\n\t<meta property=\"og:image:height\" content=\"1200\" \/>\n\t<meta property=\"og:image:type\" content=\"image\/jpeg\" \/>\n<meta name=\"twitter:card\" content=\"summary_large_image\" \/>\n<meta name=\"twitter:label1\" content=\"Dur\u00e9e de lecture estim\u00e9e\" \/>\n\t<meta name=\"twitter:data1\" content=\"1 minute\" \/>\n<script type=\"application\/ld+json\" class=\"yoast-schema-graph\">{\"@context\":\"https:\/\/schema.org\",\"@graph\":[{\"@type\":\"WebPage\",\"@id\":\"https:\/\/soundrums-france.com\/index.php\/produit\/baguettes-de-caisse-claire-batterie-7a-hickory-resta-jay\/\",\"url\":\"https:\/\/soundrums-france.com\/index.php\/produit\/baguettes-de-caisse-claire-batterie-7a-hickory-resta-jay\/\",\"name\":\"Baguettes de Caisse-claire\/Batterie - 7A Hickory Resta-Jay - Soundrums\",\"isPartOf\":{\"@id\":\"https:\/\/soundrums-france.com\/#website\"},\"primaryImageOfPage\":{\"@id\":\"https:\/\/soundrums-france.com\/index.php\/produit\/baguettes-de-caisse-claire-batterie-7a-hickory-resta-jay\/#primaryimage\"},\"image\":{\"@id\":\"https:\/\/soundrums-france.com\/index.php\/produit\/baguettes-de-caisse-claire-batterie-7a-hickory-resta-jay\/#primaryimage\"},\"thumbnailUrl\":\"https:\/\/soundrums-france.com\/wp-content\/uploads\/2024\/10\/CC-7A-LOGO.webp\",\"datePublished\":\"2024-10-16T08:31:36+00:00\",\"dateModified\":\"2024-10-17T11:53:46+00:00\",\"description\":\"Venez d\u00e9couvrir notre Baguettes de Caisse-claire\/Batterie - 7A Hickory Resta-Jay haute de gamme.\",\"breadcrumb\":{\"@id\":\"https:\/\/soundrums-france.com\/index.php\/produit\/baguettes-de-caisse-claire-batterie-7a-hickory-resta-jay\/#breadcrumb\"},\"inLanguage\":\"fr-FR\",\"potentialAction\":[{\"@type\":\"ReadAction\",\"target\":[\"https:\/\/soundrums-france.com\/index.php\/produit\/baguettes-de-caisse-claire-batterie-7a-hickory-resta-jay\/\"]}]},{\"@type\":\"ImageObject\",\"inLanguage\":\"fr-FR\",\"@id\":\"https:\/\/soundrums-france.com\/index.php\/produit\/baguettes-de-caisse-claire-batterie-7a-hickory-resta-jay\/#primaryimage\",\"url\":\"https:\/\/soundrums-france.com\/wp-content\/uploads\/2024\/10\/CC-7A-LOGO.webp\",\"contentUrl\":\"https:\/\/soundrums-france.com\/wp-content\/uploads\/2024\/10\/CC-7A-LOGO.webp\",\"width\":1200,\"height\":1200,\"caption\":\"Baguettes Batterie Caisse-claire Resta-Jay 7A Hickory\"},{\"@type\":\"BreadcrumbList\",\"@id\":\"https:\/\/soundrums-france.com\/index.php\/produit\/baguettes-de-caisse-claire-batterie-7a-hickory-resta-jay\/#breadcrumb\",\"itemListElement\":[{\"@type\":\"ListItem\",\"position\":1,\"name\":\"Accueil\",\"item\":\"https:\/\/soundrums-france.com\/\"},{\"@type\":\"ListItem\",\"position\":2,\"name\":\"Des produits\",\"item\":\"https:\/\/soundrums-france.com\/index.php\/shop\/\"},{\"@type\":\"ListItem\",\"position\":3,\"name\":\"Baguettes de Caisse-claire\/Batterie &#8211; 7A Hickory Resta-Jay\"}]},{\"@type\":\"WebSite\",\"@id\":\"https:\/\/soundrums-france.com\/#website\",\"url\":\"https:\/\/soundrums-france.com\/\",\"name\":\"Soundrums\",\"description\":\"Manufacture Fran\u00e7aise de tambours\",\"publisher\":{\"@id\":\"https:\/\/soundrums-france.com\/#organization\"},\"potentialAction\":[{\"@type\":\"SearchAction\",\"target\":{\"@type\":\"EntryPoint\",\"urlTemplate\":\"https:\/\/soundrums-france.com\/?s={search_term_string}\"},\"query-input\":{\"@type\":\"PropertyValueSpecification\",\"valueRequired\":true,\"valueName\":\"search_term_string\"}}],\"inLanguage\":\"fr-FR\"},{\"@type\":\"Organization\",\"@id\":\"https:\/\/soundrums-france.com\/#organization\",\"name\":\"Soundrums-france\",\"url\":\"https:\/\/soundrums-france.com\/\",\"logo\":{\"@type\":\"ImageObject\",\"inLanguage\":\"fr-FR\",\"@id\":\"https:\/\/soundrums-france.com\/#\/schema\/logo\/image\/\",\"url\":\"https:\/\/soundrums-france.com\/wp-content\/uploads\/2020\/10\/LogoSD_HD.jpg\",\"contentUrl\":\"https:\/\/soundrums-france.com\/wp-content\/uploads\/2020\/10\/LogoSD_HD.jpg\",\"width\":1280,\"height\":930,\"caption\":\"Soundrums-france\"},\"image\":{\"@id\":\"https:\/\/soundrums-france.com\/#\/schema\/logo\/image\/\"},\"sameAs\":[\"https:\/\/www.facebook.com\/soundrums\/\",\"https:\/\/www.youtube.com\/channel\/UC4S_W_0ZCdUFH3Y9xkv5bEw\"]}]}<\/script>\n<!-- \/ Yoast SEO plugin. -->","yoast_head_json":{"title":"Baguettes de Caisse-claire\/Batterie - 7A Hickory Resta-Jay - Soundrums","description":"Venez d\u00e9couvrir notre Baguettes de Caisse-claire\/Batterie - 7A Hickory Resta-Jay haute de gamme.","robots":{"index":"index","follow":"follow","max-snippet":"max-snippet:-1","max-image-preview":"max-image-preview:large","max-video-preview":"max-video-preview:-1"},"canonical":"https:\/\/soundrums-france.com\/index.php\/produit\/baguettes-de-caisse-claire-batterie-7a-hickory-resta-jay\/","og_locale":"fr_FR","og_type":"article","og_title":"Baguettes de Caisse-claire\/Batterie - 7A Hickory Resta-Jay - Soundrums","og_description":"Venez d\u00e9couvrir notre Baguettes de Caisse-claire\/Batterie - 7A Hickory Resta-Jay haute de gamme.","og_url":"https:\/\/soundrums-france.com\/index.php\/produit\/baguettes-de-caisse-claire-batterie-7a-hickory-resta-jay\/","og_site_name":"Soundrums","article_publisher":"https:\/\/www.facebook.com\/soundrums\/","article_modified_time":"2024-10-17T11:53:46+00:00","og_image":[{"width":1200,"height":1200,"url":"https:\/\/soundrums-france.com\/wp-content\/uploads\/2024\/10\/CC-7A-LOGO.jpg","type":"image\/jpeg"}],"twitter_card":"summary_large_image","twitter_misc":{"Dur\u00e9e de lecture estim\u00e9e":"1 minute"},"schema":{"@context":"https:\/\/schema.org","@graph":[{"@type":"WebPage","@id":"https:\/\/soundrums-france.com\/index.php\/produit\/baguettes-de-caisse-claire-batterie-7a-hickory-resta-jay\/","url":"https:\/\/soundrums-france.com\/index.php\/produit\/baguettes-de-caisse-claire-batterie-7a-hickory-resta-jay\/","name":"Baguettes de Caisse-claire\/Batterie - 7A Hickory Resta-Jay - Soundrums","isPartOf":{"@id":"https:\/\/soundrums-france.com\/#website"},"primaryImageOfPage":{"@id":"https:\/\/soundrums-france.com\/index.php\/produit\/baguettes-de-caisse-claire-batterie-7a-hickory-resta-jay\/#primaryimage"},"image":{"@id":"https:\/\/soundrums-france.com\/index.php\/produit\/baguettes-de-caisse-claire-batterie-7a-hickory-resta-jay\/#primaryimage"},"thumbnailUrl":"https:\/\/soundrums-france.com\/wp-content\/uploads\/2024\/10\/CC-7A-LOGO.webp","datePublished":"2024-10-16T08:31:36+00:00","dateModified":"2024-10-17T11:53:46+00:00","description":"Venez d\u00e9couvrir notre Baguettes de Caisse-claire\/Batterie - 7A Hickory Resta-Jay haute de gamme.","breadcrumb":{"@id":"https:\/\/soundrums-france.com\/index.php\/produit\/baguettes-de-caisse-claire-batterie-7a-hickory-resta-jay\/#breadcrumb"},"inLanguage":"fr-FR","potentialAction":[{"@type":"ReadAction","target":["https:\/\/soundrums-france.com\/index.php\/produit\/baguettes-de-caisse-claire-batterie-7a-hickory-resta-jay\/"]}]},{"@type":"ImageObject","inLanguage":"fr-FR","@id":"https:\/\/soundrums-france.com\/index.php\/produit\/baguettes-de-caisse-claire-batterie-7a-hickory-resta-jay\/#primaryimage","url":"https:\/\/soundrums-france.com\/wp-content\/uploads\/2024\/10\/CC-7A-LOGO.webp","contentUrl":"https:\/\/soundrums-france.com\/wp-content\/uploads\/2024\/10\/CC-7A-LOGO.webp","width":1200,"height":1200,"caption":"Baguettes Batterie Caisse-claire Resta-Jay 7A Hickory"},{"@type":"BreadcrumbList","@id":"https:\/\/soundrums-france.com\/index.php\/produit\/baguettes-de-caisse-claire-batterie-7a-hickory-resta-jay\/#breadcrumb","itemListElement":[{"@type":"ListItem","position":1,"name":"Accueil","item":"https:\/\/soundrums-france.com\/"},{"@type":"ListItem","position":2,"name":"Des produits","item":"https:\/\/soundrums-france.com\/index.php\/shop\/"},{"@type":"ListItem","position":3,"name":"Baguettes de Caisse-claire\/Batterie &#8211; 7A Hickory Resta-Jay"}]},{"@type":"WebSite","@id":"https:\/\/soundrums-france.com\/#website","url":"https:\/\/soundrums-france.com\/","name":"Soundrums","description":"Manufacture Fran\u00e7aise de tambours","publisher":{"@id":"https:\/\/soundrums-france.com\/#organization"},"potentialAction":[{"@type":"SearchAction","target":{"@type":"EntryPoint","urlTemplate":"https:\/\/soundrums-france.com\/?s={search_term_string}"},"query-input":{"@type":"PropertyValueSpecification","valueRequired":true,"valueName":"search_term_string"}}],"inLanguage":"fr-FR"},{"@type":"Organization","@id":"https:\/\/soundrums-france.com\/#organization","name":"Soundrums-france","url":"https:\/\/soundrums-france.com\/","logo":{"@type":"ImageObject","inLanguage":"fr-FR","@id":"https:\/\/soundrums-france.com\/#\/schema\/logo\/image\/","url":"https:\/\/soundrums-france.com\/wp-content\/uploads\/2020\/10\/LogoSD_HD.jpg","contentUrl":"https:\/\/soundrums-france.com\/wp-content\/uploads\/2020\/10\/LogoSD_HD.jpg","width":1280,"height":930,"caption":"Soundrums-france"},"image":{"@id":"https:\/\/soundrums-france.com\/#\/schema\/logo\/image\/"},"sameAs":["https:\/\/www.facebook.com\/soundrums\/","https:\/\/www.youtube.com\/channel\/UC4S_W_0ZCdUFH3Y9xkv5bEw"]}]}},"uagb_featured_image_src":{"full":["https:\/\/soundrums-france.com\/wp-content\/uploads\/2024\/10\/CC-7A-LOGO.webp",1200,1200,false],"thumbnail":["https:\/\/soundrums-france.com\/wp-content\/uploads\/2024\/10\/CC-7A-LOGO-150x150.jpg",150,150,true],"medium":["https:\/\/soundrums-france.com\/wp-content\/uploads\/2024\/10\/CC-7A-LOGO-300x300.jpg",300,300,true],"medium_large":["https:\/\/soundrums-france.com\/wp-content\/uploads\/2024\/10\/CC-7A-LOGO-768x768.jpg",768,768,true],"large":["https:\/\/soundrums-france.com\/wp-content\/uploads\/2024\/10\/CC-7A-LOGO-1024x1024.jpg",1024,1024,true],"1536x1536":["https:\/\/soundrums-france.com\/wp-content\/uploads\/2024\/10\/CC-7A-LOGO.webp",1200,1200,false],"2048x2048":["https:\/\/soundrums-france.com\/wp-content\/uploads\/2024\/10\/CC-7A-LOGO.webp",1200,1200,false],"woocommerce_thumbnail":["https:\/\/soundrums-france.com\/wp-content\/uploads\/2024\/10\/CC-7A-LOGO-300x300.jpg",300,300,true],"woocommerce_single":["https:\/\/soundrums-france.com\/wp-content\/uploads\/2024\/10\/CC-7A-LOGO-600x600.jpg",600,600,true],"woocommerce_gallery_thumbnail":["https:\/\/soundrums-france.com\/wp-content\/uploads\/2024\/10\/CC-7A-LOGO-100x100.jpg",100,100,true]},"uagb_author_info":{"display_name":"Emmanuel JAY","author_link":"https:\/\/soundrums-france.com\/index.php\/author\/"},"uagb_comment_info":0,"uagb_excerpt":"Baguettes\u00a0Resta-Jay hickory 7A pour caisse claire et batterie. Id\u00e9ales pour les musiques jazz, latines, fusion... et les mains des plus jeunes. \u00c9quilibr\u00e9es et solides, elles proposent un toucher l\u00e9ger pour un jeu plus fin. Excellent contr\u00f4le et volume sonore r\u00e9duit.","wcpa_form_fields":null,"_links":{"self":[{"href":"https:\/\/soundrums-france.com\/index.php\/wp-json\/wp\/v2\/product\/37097","targetHints":{"allow":["GET"]}}],"collection":[{"href":"https:\/\/soundrums-france.com\/index.php\/wp-json\/wp\/v2\/product"}],"about":[{"href":"https:\/\/soundrums-france.com\/index.php\/wp-json\/wp\/v2\/types\/product"}],"replies":[{"embeddable":true,"href":"https:\/\/soundrums-france.com\/index.php\/wp-json\/wp\/v2\/comments?post=37097"}],"version-history":[{"count":1,"href":"https:\/\/soundrums-france.com\/index.php\/wp-json\/wp\/v2\/product\/37097\/revisions"}],"predecessor-version":[{"id":37098,"href":"https:\/\/soundrums-france.com\/index.php\/wp-json\/wp\/v2\/product\/37097\/revisions\/37098"}],"wp:featuredmedia":[{"embeddable":true,"href":"https:\/\/soundrums-france.com\/index.php\/wp-json\/wp\/v2\/media\/37133"}],"wp:attachment":[{"href":"https:\/\/soundrums-france.com\/index.php\/wp-json\/wp\/v2\/media?parent=37097"}],"wp:term":[{"taxonomy":"product_cat","embeddable":true,"href":"https:\/\/soundrums-france.com\/index.php\/wp-json\/wp\/v2\/product_cat?post=37097"},{"taxonomy":"product_tag","embeddable":true,"href":"https:\/\/soundrums-france.com\/index.php\/wp-json\/wp\/v2\/product_tag?post=37097"}],"curies":[{"name":"wp","href":"https:\/\/api.w.org\/{rel}","templated":true}]}}