{"id":37164,"date":"2024-10-17T14:59:46","date_gmt":"2024-10-17T12:59:46","guid":{"rendered":"https:\/\/soundrums-france.com\/?post_type=product&#038;p=37164"},"modified":"2024-10-17T15:03:49","modified_gmt":"2024-10-17T13:03:49","slug":"hot-rods","status":"publish","type":"product","link":"https:\/\/soundrums-france.com\/index.php\/produit\/hot-rods\/","title":{"rendered":"Hot Rods"},"content":{"rendered":"<div class=\"product-description-short\">\n<div id=\"product-description-short-178\" class=\"rte-content\">\n<div id=\"product-description-short-170\" class=\"rte-content\"><span id=\"productDescription\" class=\"cms-copy\">Les ProMark Hot Rods sont une cr\u00e9ation originale de ProMark, copi\u00e9es par d&rsquo;autres marques mais jamais \u00e9gal\u00e9es. Fabriqu\u00e9s avec des tiges de bouleau haut de gamme s\u00e9lectionn\u00e9es, ces Rods offrent un excellent toucher et une r\u00e9gularit\u00e9 remarquable. <\/span><br \/>\n<a id=\"toggle-overview-trigger\" class=\"\" href=\"https:\/\/innercircle.daddario.com\/fr-fr\/b2b\/promark\/rods-and-broomsticks\/hot-rods\/#\" data-alt-text=\"Masquer\"><\/a>Diam\u00e8tre\u00a0: 13,97\u00a0mm (.550&Prime;). Longueur\u00a0: 40,64\u00a0cm (16&Prime;).<\/p>\n<div class=\"uspBullets \">\n<ul>\n<li class=\"\">Fabriqu\u00e9s avec dix-neuf tiges de bouleau de diam\u00e8tre moyen.<\/li>\n<li class=\"\">Grip unique pr\u00e8s du col, offrant une durabilit\u00e9 am\u00e9lior\u00e9e pour jouer des rimshots ou sur les cymbales.<\/li>\n<\/ul>\n<\/div>\n<\/div>\n<\/div>\n<p>&nbsp;<\/p>\n<\/div>\n","protected":false},"excerpt":{"rendered":"<div class=\"product-description-short\">\n<div id=\"product-description-short-178\" class=\"rte-content\">\n<div id=\"product-description-short-170\" class=\"rte-content\"><span id=\"productDescription\" class=\"cms-copy\">Les ProMark Hot Rods sont une cr\u00e9ation originale de ProMark, copi\u00e9es par d&rsquo;autres marques mais jamais \u00e9gal\u00e9es. Fabriqu\u00e9s avec des tiges de bouleau haut de gamme s\u00e9lectionn\u00e9es, ces Rods offrent un excellent toucher et une r\u00e9gularit\u00e9 remarquable. <\/span><br \/>\n<a id=\"toggle-overview-trigger\" class=\"\" href=\"https:\/\/innercircle.daddario.com\/fr-fr\/b2b\/promark\/rods-and-broomsticks\/hot-rods\/#\" data-alt-text=\"Masquer\"><\/a>Diam\u00e8tre\u00a0: 13,97\u00a0mm (.550&Prime;). Longueur\u00a0: 40,64\u00a0cm (16&Prime;).<\/p>\n<div class=\"uspBullets \">\n<ul>\n<li class=\"\">Fabriqu\u00e9s avec dix-neuf tiges de bouleau de diam\u00e8tre moyen.<\/li>\n<li class=\"\">Grip unique pr\u00e8s du col, offrant une durabilit\u00e9 am\u00e9lior\u00e9e pour jouer des rimshots ou sur les cymbales.<\/li>\n<\/ul>\n<\/div>\n<\/div>\n<\/div>\n<\/div>\n","protected":false},"featured_media":37165,"comment_status":"open","ping_status":"closed","template":"","meta":{"_uag_custom_page_level_css":"","site-sidebar-layout":"default","site-content-layout":"default","ast-global-header-display":"","ast-banner-title-visibility":"","ast-main-header-display":"","ast-hfb-above-header-display":"","ast-hfb-below-header-display":"","ast-hfb-mobile-header-display":"","site-post-title":"","ast-breadcrumbs-content":"","ast-featured-img":"","footer-sml-layout":"","theme-transparent-header-meta":"default","adv-header-id-meta":"","stick-header-meta":"","header-above-stick-meta":"","header-main-stick-meta":"","header-below-stick-meta":""},"product_cat":[187,193,259,262],"product_tag":[],"class_list":{"0":"post-37164","1":"product","2":"type-product","3":"status-publish","4":"has-post-thumbnail","6":"product_cat-accessoires","7":"product_cat-baguettes-battes","8":"product_cat-batteries-baguettes-battes","9":"product_cat-effets","10":"desktop-align-left","11":"tablet-align-left","12":"mobile-align-left","14":"first","15":"instock","16":"taxable","17":"shipping-taxable","18":"purchasable","19":"product-type-simple"},"yoast_head":"<!-- This site is optimized with the Yoast SEO plugin v24.1 - https:\/\/yoast.com\/wordpress\/plugins\/seo\/ -->\n<title>Hot Rods - Soundrums<\/title>\n<meta name=\"description\" content=\"Venez d\u00e9couvrir notre Hot Rods haute de gamme.\" \/>\n<meta name=\"robots\" content=\"index, follow, max-snippet:-1, max-image-preview:large, max-video-preview:-1\" \/>\n<link rel=\"canonical\" href=\"https:\/\/soundrums-france.com\/index.php\/produit\/hot-rods\/\" \/>\n<meta property=\"og:locale\" content=\"fr_FR\" \/>\n<meta property=\"og:type\" content=\"article\" \/>\n<meta property=\"og:title\" content=\"Hot Rods - Soundrums\" \/>\n<meta property=\"og:description\" content=\"Venez d\u00e9couvrir notre Hot Rods haute de gamme.\" \/>\n<meta property=\"og:url\" content=\"https:\/\/soundrums-france.com\/index.php\/produit\/hot-rods\/\" \/>\n<meta property=\"og:site_name\" content=\"Soundrums\" \/>\n<meta property=\"article:publisher\" content=\"https:\/\/www.facebook.com\/soundrums\/\" \/>\n<meta property=\"article:modified_time\" content=\"2024-10-17T13:03:49+00:00\" \/>\n<meta property=\"og:image\" content=\"https:\/\/soundrums-france.com\/wp-content\/uploads\/2024\/10\/PRO-HOT-rods.jpg\" \/>\n\t<meta property=\"og:image:width\" content=\"1200\" \/>\n\t<meta property=\"og:image:height\" content=\"1200\" \/>\n\t<meta property=\"og:image:type\" content=\"image\/jpeg\" \/>\n<meta name=\"twitter:card\" content=\"summary_large_image\" \/>\n<meta name=\"twitter:label1\" content=\"Dur\u00e9e de lecture estim\u00e9e\" \/>\n\t<meta name=\"twitter:data1\" content=\"1 minute\" \/>\n<script type=\"application\/ld+json\" class=\"yoast-schema-graph\">{\"@context\":\"https:\/\/schema.org\",\"@graph\":[{\"@type\":\"WebPage\",\"@id\":\"https:\/\/soundrums-france.com\/index.php\/produit\/hot-rods\/\",\"url\":\"https:\/\/soundrums-france.com\/index.php\/produit\/hot-rods\/\",\"name\":\"Hot Rods - Soundrums\",\"isPartOf\":{\"@id\":\"https:\/\/soundrums-france.com\/#website\"},\"primaryImageOfPage\":{\"@id\":\"https:\/\/soundrums-france.com\/index.php\/produit\/hot-rods\/#primaryimage\"},\"image\":{\"@id\":\"https:\/\/soundrums-france.com\/index.php\/produit\/hot-rods\/#primaryimage\"},\"thumbnailUrl\":\"https:\/\/soundrums-france.com\/wp-content\/uploads\/2024\/10\/PRO-HOT-rods.webp\",\"datePublished\":\"2024-10-17T12:59:46+00:00\",\"dateModified\":\"2024-10-17T13:03:49+00:00\",\"description\":\"Venez d\u00e9couvrir notre Hot Rods haute de gamme.\",\"breadcrumb\":{\"@id\":\"https:\/\/soundrums-france.com\/index.php\/produit\/hot-rods\/#breadcrumb\"},\"inLanguage\":\"fr-FR\",\"potentialAction\":[{\"@type\":\"ReadAction\",\"target\":[\"https:\/\/soundrums-france.com\/index.php\/produit\/hot-rods\/\"]}]},{\"@type\":\"ImageObject\",\"inLanguage\":\"fr-FR\",\"@id\":\"https:\/\/soundrums-france.com\/index.php\/produit\/hot-rods\/#primaryimage\",\"url\":\"https:\/\/soundrums-france.com\/wp-content\/uploads\/2024\/10\/PRO-HOT-rods.webp\",\"contentUrl\":\"https:\/\/soundrums-france.com\/wp-content\/uploads\/2024\/10\/PRO-HOT-rods.webp\",\"width\":1200,\"height\":1200},{\"@type\":\"BreadcrumbList\",\"@id\":\"https:\/\/soundrums-france.com\/index.php\/produit\/hot-rods\/#breadcrumb\",\"itemListElement\":[{\"@type\":\"ListItem\",\"position\":1,\"name\":\"Accueil\",\"item\":\"https:\/\/soundrums-france.com\/\"},{\"@type\":\"ListItem\",\"position\":2,\"name\":\"Des produits\",\"item\":\"https:\/\/soundrums-france.com\/index.php\/shop\/\"},{\"@type\":\"ListItem\",\"position\":3,\"name\":\"Hot Rods\"}]},{\"@type\":\"WebSite\",\"@id\":\"https:\/\/soundrums-france.com\/#website\",\"url\":\"https:\/\/soundrums-france.com\/\",\"name\":\"Soundrums\",\"description\":\"Manufacture Fran\u00e7aise de tambours\",\"publisher\":{\"@id\":\"https:\/\/soundrums-france.com\/#organization\"},\"potentialAction\":[{\"@type\":\"SearchAction\",\"target\":{\"@type\":\"EntryPoint\",\"urlTemplate\":\"https:\/\/soundrums-france.com\/?s={search_term_string}\"},\"query-input\":{\"@type\":\"PropertyValueSpecification\",\"valueRequired\":true,\"valueName\":\"search_term_string\"}}],\"inLanguage\":\"fr-FR\"},{\"@type\":\"Organization\",\"@id\":\"https:\/\/soundrums-france.com\/#organization\",\"name\":\"Soundrums-france\",\"url\":\"https:\/\/soundrums-france.com\/\",\"logo\":{\"@type\":\"ImageObject\",\"inLanguage\":\"fr-FR\",\"@id\":\"https:\/\/soundrums-france.com\/#\/schema\/logo\/image\/\",\"url\":\"https:\/\/soundrums-france.com\/wp-content\/uploads\/2020\/10\/LogoSD_HD.jpg\",\"contentUrl\":\"https:\/\/soundrums-france.com\/wp-content\/uploads\/2020\/10\/LogoSD_HD.jpg\",\"width\":1280,\"height\":930,\"caption\":\"Soundrums-france\"},\"image\":{\"@id\":\"https:\/\/soundrums-france.com\/#\/schema\/logo\/image\/\"},\"sameAs\":[\"https:\/\/www.facebook.com\/soundrums\/\",\"https:\/\/www.youtube.com\/channel\/UC4S_W_0ZCdUFH3Y9xkv5bEw\"]}]}<\/script>\n<!-- \/ Yoast SEO plugin. -->","yoast_head_json":{"title":"Hot Rods - Soundrums","description":"Venez d\u00e9couvrir notre Hot Rods haute de gamme.","robots":{"index":"index","follow":"follow","max-snippet":"max-snippet:-1","max-image-preview":"max-image-preview:large","max-video-preview":"max-video-preview:-1"},"canonical":"https:\/\/soundrums-france.com\/index.php\/produit\/hot-rods\/","og_locale":"fr_FR","og_type":"article","og_title":"Hot Rods - Soundrums","og_description":"Venez d\u00e9couvrir notre Hot Rods haute de gamme.","og_url":"https:\/\/soundrums-france.com\/index.php\/produit\/hot-rods\/","og_site_name":"Soundrums","article_publisher":"https:\/\/www.facebook.com\/soundrums\/","article_modified_time":"2024-10-17T13:03:49+00:00","og_image":[{"width":1200,"height":1200,"url":"https:\/\/soundrums-france.com\/wp-content\/uploads\/2024\/10\/PRO-HOT-rods.jpg","type":"image\/jpeg"}],"twitter_card":"summary_large_image","twitter_misc":{"Dur\u00e9e de lecture estim\u00e9e":"1 minute"},"schema":{"@context":"https:\/\/schema.org","@graph":[{"@type":"WebPage","@id":"https:\/\/soundrums-france.com\/index.php\/produit\/hot-rods\/","url":"https:\/\/soundrums-france.com\/index.php\/produit\/hot-rods\/","name":"Hot Rods - Soundrums","isPartOf":{"@id":"https:\/\/soundrums-france.com\/#website"},"primaryImageOfPage":{"@id":"https:\/\/soundrums-france.com\/index.php\/produit\/hot-rods\/#primaryimage"},"image":{"@id":"https:\/\/soundrums-france.com\/index.php\/produit\/hot-rods\/#primaryimage"},"thumbnailUrl":"https:\/\/soundrums-france.com\/wp-content\/uploads\/2024\/10\/PRO-HOT-rods.webp","datePublished":"2024-10-17T12:59:46+00:00","dateModified":"2024-10-17T13:03:49+00:00","description":"Venez d\u00e9couvrir notre Hot Rods haute de gamme.","breadcrumb":{"@id":"https:\/\/soundrums-france.com\/index.php\/produit\/hot-rods\/#breadcrumb"},"inLanguage":"fr-FR","potentialAction":[{"@type":"ReadAction","target":["https:\/\/soundrums-france.com\/index.php\/produit\/hot-rods\/"]}]},{"@type":"ImageObject","inLanguage":"fr-FR","@id":"https:\/\/soundrums-france.com\/index.php\/produit\/hot-rods\/#primaryimage","url":"https:\/\/soundrums-france.com\/wp-content\/uploads\/2024\/10\/PRO-HOT-rods.webp","contentUrl":"https:\/\/soundrums-france.com\/wp-content\/uploads\/2024\/10\/PRO-HOT-rods.webp","width":1200,"height":1200},{"@type":"BreadcrumbList","@id":"https:\/\/soundrums-france.com\/index.php\/produit\/hot-rods\/#breadcrumb","itemListElement":[{"@type":"ListItem","position":1,"name":"Accueil","item":"https:\/\/soundrums-france.com\/"},{"@type":"ListItem","position":2,"name":"Des produits","item":"https:\/\/soundrums-france.com\/index.php\/shop\/"},{"@type":"ListItem","position":3,"name":"Hot Rods"}]},{"@type":"WebSite","@id":"https:\/\/soundrums-france.com\/#website","url":"https:\/\/soundrums-france.com\/","name":"Soundrums","description":"Manufacture Fran\u00e7aise de tambours","publisher":{"@id":"https:\/\/soundrums-france.com\/#organization"},"potentialAction":[{"@type":"SearchAction","target":{"@type":"EntryPoint","urlTemplate":"https:\/\/soundrums-france.com\/?s={search_term_string}"},"query-input":{"@type":"PropertyValueSpecification","valueRequired":true,"valueName":"search_term_string"}}],"inLanguage":"fr-FR"},{"@type":"Organization","@id":"https:\/\/soundrums-france.com\/#organization","name":"Soundrums-france","url":"https:\/\/soundrums-france.com\/","logo":{"@type":"ImageObject","inLanguage":"fr-FR","@id":"https:\/\/soundrums-france.com\/#\/schema\/logo\/image\/","url":"https:\/\/soundrums-france.com\/wp-content\/uploads\/2020\/10\/LogoSD_HD.jpg","contentUrl":"https:\/\/soundrums-france.com\/wp-content\/uploads\/2020\/10\/LogoSD_HD.jpg","width":1280,"height":930,"caption":"Soundrums-france"},"image":{"@id":"https:\/\/soundrums-france.com\/#\/schema\/logo\/image\/"},"sameAs":["https:\/\/www.facebook.com\/soundrums\/","https:\/\/www.youtube.com\/channel\/UC4S_W_0ZCdUFH3Y9xkv5bEw"]}]}},"uagb_featured_image_src":{"full":["https:\/\/soundrums-france.com\/wp-content\/uploads\/2024\/10\/PRO-HOT-rods.webp",1200,1200,false],"thumbnail":["https:\/\/soundrums-france.com\/wp-content\/uploads\/2024\/10\/PRO-HOT-rods-150x150.jpg",150,150,true],"medium":["https:\/\/soundrums-france.com\/wp-content\/uploads\/2024\/10\/PRO-HOT-rods-300x300.jpg",300,300,true],"medium_large":["https:\/\/soundrums-france.com\/wp-content\/uploads\/2024\/10\/PRO-HOT-rods-768x768.jpg",768,768,true],"large":["https:\/\/soundrums-france.com\/wp-content\/uploads\/2024\/10\/PRO-HOT-rods-1024x1024.jpg",1024,1024,true],"1536x1536":["https:\/\/soundrums-france.com\/wp-content\/uploads\/2024\/10\/PRO-HOT-rods.webp",1200,1200,false],"2048x2048":["https:\/\/soundrums-france.com\/wp-content\/uploads\/2024\/10\/PRO-HOT-rods.webp",1200,1200,false],"woocommerce_thumbnail":["https:\/\/soundrums-france.com\/wp-content\/uploads\/2024\/10\/PRO-HOT-rods-300x300.jpg",300,300,true],"woocommerce_single":["https:\/\/soundrums-france.com\/wp-content\/uploads\/2024\/10\/PRO-HOT-rods-600x600.jpg",600,600,true],"woocommerce_gallery_thumbnail":["https:\/\/soundrums-france.com\/wp-content\/uploads\/2024\/10\/PRO-HOT-rods-100x100.jpg",100,100,true]},"uagb_author_info":{"display_name":"Emmanuel JAY","author_link":"https:\/\/soundrums-france.com\/index.php\/author\/"},"uagb_comment_info":0,"uagb_excerpt":"Les ProMark Hot Rods sont une cr\u00e9ation originale de ProMark, copi\u00e9es par d'autres marques mais jamais \u00e9gal\u00e9es. Fabriqu\u00e9s avec des tiges de bouleau haut de gamme s\u00e9lectionn\u00e9es, ces Rods offrent un excellent toucher et une r\u00e9gularit\u00e9 remarquable. Diam\u00e8tre\u00a0: 13,97\u00a0mm (.550\"). Longueur\u00a0: 40,64\u00a0cm (16\"). Fabriqu\u00e9s avec dix-neuf tiges de bouleau de diam\u00e8tre moyen. Grip unique pr\u00e8s\u2026","wcpa_form_fields":null,"_links":{"self":[{"href":"https:\/\/soundrums-france.com\/index.php\/wp-json\/wp\/v2\/product\/37164","targetHints":{"allow":["GET"]}}],"collection":[{"href":"https:\/\/soundrums-france.com\/index.php\/wp-json\/wp\/v2\/product"}],"about":[{"href":"https:\/\/soundrums-france.com\/index.php\/wp-json\/wp\/v2\/types\/product"}],"replies":[{"embeddable":true,"href":"https:\/\/soundrums-france.com\/index.php\/wp-json\/wp\/v2\/comments?post=37164"}],"version-history":[{"count":1,"href":"https:\/\/soundrums-france.com\/index.php\/wp-json\/wp\/v2\/product\/37164\/revisions"}],"predecessor-version":[{"id":37166,"href":"https:\/\/soundrums-france.com\/index.php\/wp-json\/wp\/v2\/product\/37164\/revisions\/37166"}],"wp:featuredmedia":[{"embeddable":true,"href":"https:\/\/soundrums-france.com\/index.php\/wp-json\/wp\/v2\/media\/37165"}],"wp:attachment":[{"href":"https:\/\/soundrums-france.com\/index.php\/wp-json\/wp\/v2\/media?parent=37164"}],"wp:term":[{"taxonomy":"product_cat","embeddable":true,"href":"https:\/\/soundrums-france.com\/index.php\/wp-json\/wp\/v2\/product_cat?post=37164"},{"taxonomy":"product_tag","embeddable":true,"href":"https:\/\/soundrums-france.com\/index.php\/wp-json\/wp\/v2\/product_tag?post=37164"}],"curies":[{"name":"wp","href":"https:\/\/api.w.org\/{rel}","templated":true}]}}