{"id":37265,"date":"2024-10-30T19:51:15","date_gmt":"2024-10-30T18:51:15","guid":{"rendered":"https:\/\/soundrums-france.com\/?post_type=product&#038;p=37265"},"modified":"2024-10-30T19:55:36","modified_gmt":"2024-10-30T18:55:36","slug":"housse-pour-grosse-caisse-avec-poignee-et-bandouliere-plusieurs-tailles-2","status":"publish","type":"product","link":"https:\/\/soundrums-france.com\/index.php\/produit\/housse-pour-grosse-caisse-avec-poignee-et-bandouliere-plusieurs-tailles-2\/","title":{"rendered":"Housse LUXE pour GROSSE-CAISSE imperm\u00e9able et doubl\u00e9e \u00e0 la fibre de verre"},"content":{"rendered":"<div class=\"productDetailFeatureTexts\">\n<p>Housse pour GROSSE-CAISSE mod\u00e8le \u00ab\u00a0Luxe\u00a0\u00bb imperm\u00e9able et doubl\u00e9e \u00e0 la fibre de verre \u2013 plusieurs tailles<\/p>\n<div class=\"productDetailFeatureTexts\">\n<ul>\n<li>Tailles disponibles : 18&Prime;, 20&Prime;, 22&Prime; et 24&Prime;<\/li>\n<li>Poign\u00e9e \u00ab\u00a0Soft\u00a0\u00bb et bandouli\u00e8re sp\u00e9cialement renforc\u00e9es<\/li>\n<li>Doublage par une feuille en fibre de verre R\u00e9sistante et matelass\u00e9e (20 mm)<\/li>\n<li>Rembourrage en velours<\/li>\n<li>Courroies r\u00e9glables\/rembourrage d&rsquo;\u00e9paule<\/li>\n<li>Stable, protections en caoutchouc sur le fond<\/li>\n<li>Diam\u00e8tre en pouce brod\u00e9<\/li>\n<li>Cordura noir<\/li>\n<\/ul>\n<\/div>\n<\/div>\n","protected":false},"excerpt":{"rendered":"<p>Housse pour GROSSE-CAISSE mod\u00e8le \u00ab\u00a0Luxe\u00a0\u00bb imperm\u00e9able et doubl\u00e9e \u00e0 la fibre de verre \u2013 plusieurs tailles<\/p>\n<div class=\"productDetailFeatureTexts\">\n<ul>\n<li>Tailles disponibles : 18&Prime;, 20&Prime;, 22&Prime; et 24&Prime;<\/li>\n<li>Poign\u00e9e \u00ab\u00a0Soft\u00a0\u00bb et bandouli\u00e8re sp\u00e9cialement renforc\u00e9es<\/li>\n<li>Doublage par une feuille en fibre de verre R\u00e9sistante et matelass\u00e9e (20 mm)<\/li>\n<li>Rembourrage en velours<\/li>\n<li>Courroies r\u00e9glables\/rembourrage d&rsquo;\u00e9paule<\/li>\n<li>Stable, protections en caoutchouc sur le fond<\/li>\n<li>Diam\u00e8tre en pouce brod\u00e9<\/li>\n<li>Cordura noir<\/li>\n<\/ul>\n<\/div>\n<ul class=\"mb-2 featureList ps-lg-3\">\n<li style=\"list-style-type: none;\"><\/li>\n<\/ul>\n","protected":false},"featured_media":37266,"comment_status":"open","ping_status":"closed","template":"","meta":{"_uag_custom_page_level_css":"","site-sidebar-layout":"default","site-content-layout":"default","ast-global-header-display":"","ast-banner-title-visibility":"","ast-main-header-display":"","ast-hfb-above-header-display":"","ast-hfb-below-header-display":"","ast-hfb-mobile-header-display":"","site-post-title":"","ast-breadcrumbs-content":"","ast-featured-img":"","footer-sml-layout":"","theme-transparent-header-meta":"default","adv-header-id-meta":"","stick-header-meta":"","header-above-stick-meta":"","header-main-stick-meta":"","header-below-stick-meta":""},"product_cat":[187,194],"product_tag":[],"class_list":{"0":"post-37265","1":"product","2":"type-product","3":"status-publish","4":"has-post-thumbnail","6":"product_cat-accessoires","7":"product_cat-housses","8":"pa_taille-18-14","9":"pa_taille-18-16","10":"pa_taille-20-14","11":"pa_taille-20-16","12":"pa_taille-20-18","13":"pa_taille-22-14","14":"pa_taille-22-16","15":"pa_taille-22-18","16":"pa_taille-22-20","17":"pa_taille-24-16","18":"pa_taille-24-18","19":"pa_taille-24x20","20":"desktop-align-left","21":"tablet-align-left","22":"mobile-align-left","24":"first","25":"instock","26":"taxable","27":"shipping-taxable","28":"purchasable","29":"product-type-variable","30":"has-default-attributes"},"yoast_head":"<!-- This site is optimized with the Yoast SEO plugin v24.1 - https:\/\/yoast.com\/wordpress\/plugins\/seo\/ -->\n<title>Housse LUXE pour GROSSE-CAISSE imperm\u00e9able et doubl\u00e9e \u00e0 la fibre de verre - Soundrums<\/title>\n<meta name=\"description\" content=\"Venez d\u00e9couvrir notre Housse LUXE pour GROSSE-CAISSE imperm\u00e9able et doubl\u00e9e \u00e0 la fibre de verre haute de gamme.\" \/>\n<meta name=\"robots\" content=\"index, follow, max-snippet:-1, max-image-preview:large, max-video-preview:-1\" \/>\n<link rel=\"canonical\" href=\"https:\/\/soundrums-france.com\/index.php\/produit\/housse-pour-grosse-caisse-avec-poignee-et-bandouliere-plusieurs-tailles-2\/\" \/>\n<meta property=\"og:locale\" content=\"fr_FR\" \/>\n<meta property=\"og:type\" content=\"article\" \/>\n<meta property=\"og:title\" content=\"Housse LUXE pour GROSSE-CAISSE imperm\u00e9able et doubl\u00e9e \u00e0 la fibre de verre - Soundrums\" \/>\n<meta property=\"og:description\" content=\"Venez d\u00e9couvrir notre Housse LUXE pour GROSSE-CAISSE imperm\u00e9able et doubl\u00e9e \u00e0 la fibre de verre haute de gamme.\" \/>\n<meta property=\"og:url\" content=\"https:\/\/soundrums-france.com\/index.php\/produit\/housse-pour-grosse-caisse-avec-poignee-et-bandouliere-plusieurs-tailles-2\/\" \/>\n<meta property=\"og:site_name\" content=\"Soundrums\" \/>\n<meta property=\"article:publisher\" content=\"https:\/\/www.facebook.com\/soundrums\/\" \/>\n<meta property=\"article:modified_time\" content=\"2024-10-30T18:55:36+00:00\" \/>\n<meta property=\"og:image\" content=\"https:\/\/soundrums-france.com\/wp-content\/uploads\/2024\/10\/housse-luxe2.jpg\" \/>\n\t<meta property=\"og:image:width\" content=\"1200\" \/>\n\t<meta property=\"og:image:height\" content=\"1200\" \/>\n\t<meta property=\"og:image:type\" content=\"image\/jpeg\" \/>\n<meta name=\"twitter:card\" content=\"summary_large_image\" \/>\n<meta name=\"twitter:label1\" content=\"Dur\u00e9e de lecture estim\u00e9e\" \/>\n\t<meta name=\"twitter:data1\" content=\"1 minute\" \/>\n<script type=\"application\/ld+json\" class=\"yoast-schema-graph\">{\"@context\":\"https:\/\/schema.org\",\"@graph\":[{\"@type\":\"WebPage\",\"@id\":\"https:\/\/soundrums-france.com\/index.php\/produit\/housse-pour-grosse-caisse-avec-poignee-et-bandouliere-plusieurs-tailles-2\/\",\"url\":\"https:\/\/soundrums-france.com\/index.php\/produit\/housse-pour-grosse-caisse-avec-poignee-et-bandouliere-plusieurs-tailles-2\/\",\"name\":\"Housse LUXE pour GROSSE-CAISSE imperm\u00e9able et doubl\u00e9e \u00e0 la fibre de verre - Soundrums\",\"isPartOf\":{\"@id\":\"https:\/\/soundrums-france.com\/#website\"},\"primaryImageOfPage\":{\"@id\":\"https:\/\/soundrums-france.com\/index.php\/produit\/housse-pour-grosse-caisse-avec-poignee-et-bandouliere-plusieurs-tailles-2\/#primaryimage\"},\"image\":{\"@id\":\"https:\/\/soundrums-france.com\/index.php\/produit\/housse-pour-grosse-caisse-avec-poignee-et-bandouliere-plusieurs-tailles-2\/#primaryimage\"},\"thumbnailUrl\":\"https:\/\/soundrums-france.com\/wp-content\/uploads\/2024\/10\/housse-luxe2.webp\",\"datePublished\":\"2024-10-30T18:51:15+00:00\",\"dateModified\":\"2024-10-30T18:55:36+00:00\",\"description\":\"Venez d\u00e9couvrir notre Housse LUXE pour GROSSE-CAISSE imperm\u00e9able et doubl\u00e9e \u00e0 la fibre de verre haute de gamme.\",\"breadcrumb\":{\"@id\":\"https:\/\/soundrums-france.com\/index.php\/produit\/housse-pour-grosse-caisse-avec-poignee-et-bandouliere-plusieurs-tailles-2\/#breadcrumb\"},\"inLanguage\":\"fr-FR\",\"potentialAction\":[{\"@type\":\"ReadAction\",\"target\":[\"https:\/\/soundrums-france.com\/index.php\/produit\/housse-pour-grosse-caisse-avec-poignee-et-bandouliere-plusieurs-tailles-2\/\"]}]},{\"@type\":\"ImageObject\",\"inLanguage\":\"fr-FR\",\"@id\":\"https:\/\/soundrums-france.com\/index.php\/produit\/housse-pour-grosse-caisse-avec-poignee-et-bandouliere-plusieurs-tailles-2\/#primaryimage\",\"url\":\"https:\/\/soundrums-france.com\/wp-content\/uploads\/2024\/10\/housse-luxe2.webp\",\"contentUrl\":\"https:\/\/soundrums-france.com\/wp-content\/uploads\/2024\/10\/housse-luxe2.webp\",\"width\":1200,\"height\":1200,\"caption\":\"Housse grosse caisse luxe\"},{\"@type\":\"BreadcrumbList\",\"@id\":\"https:\/\/soundrums-france.com\/index.php\/produit\/housse-pour-grosse-caisse-avec-poignee-et-bandouliere-plusieurs-tailles-2\/#breadcrumb\",\"itemListElement\":[{\"@type\":\"ListItem\",\"position\":1,\"name\":\"Accueil\",\"item\":\"https:\/\/soundrums-france.com\/\"},{\"@type\":\"ListItem\",\"position\":2,\"name\":\"Des produits\",\"item\":\"https:\/\/soundrums-france.com\/index.php\/shop\/\"},{\"@type\":\"ListItem\",\"position\":3,\"name\":\"Housse LUXE pour GROSSE-CAISSE imperm\u00e9able et doubl\u00e9e \u00e0 la fibre de verre\"}]},{\"@type\":\"WebSite\",\"@id\":\"https:\/\/soundrums-france.com\/#website\",\"url\":\"https:\/\/soundrums-france.com\/\",\"name\":\"Soundrums\",\"description\":\"Manufacture Fran\u00e7aise de tambours\",\"publisher\":{\"@id\":\"https:\/\/soundrums-france.com\/#organization\"},\"potentialAction\":[{\"@type\":\"SearchAction\",\"target\":{\"@type\":\"EntryPoint\",\"urlTemplate\":\"https:\/\/soundrums-france.com\/?s={search_term_string}\"},\"query-input\":{\"@type\":\"PropertyValueSpecification\",\"valueRequired\":true,\"valueName\":\"search_term_string\"}}],\"inLanguage\":\"fr-FR\"},{\"@type\":\"Organization\",\"@id\":\"https:\/\/soundrums-france.com\/#organization\",\"name\":\"Soundrums-france\",\"url\":\"https:\/\/soundrums-france.com\/\",\"logo\":{\"@type\":\"ImageObject\",\"inLanguage\":\"fr-FR\",\"@id\":\"https:\/\/soundrums-france.com\/#\/schema\/logo\/image\/\",\"url\":\"https:\/\/soundrums-france.com\/wp-content\/uploads\/2020\/10\/LogoSD_HD.jpg\",\"contentUrl\":\"https:\/\/soundrums-france.com\/wp-content\/uploads\/2020\/10\/LogoSD_HD.jpg\",\"width\":1280,\"height\":930,\"caption\":\"Soundrums-france\"},\"image\":{\"@id\":\"https:\/\/soundrums-france.com\/#\/schema\/logo\/image\/\"},\"sameAs\":[\"https:\/\/www.facebook.com\/soundrums\/\",\"https:\/\/www.youtube.com\/channel\/UC4S_W_0ZCdUFH3Y9xkv5bEw\"]}]}<\/script>\n<!-- \/ Yoast SEO plugin. -->","yoast_head_json":{"title":"Housse LUXE pour GROSSE-CAISSE imperm\u00e9able et doubl\u00e9e \u00e0 la fibre de verre - Soundrums","description":"Venez d\u00e9couvrir notre Housse LUXE pour GROSSE-CAISSE imperm\u00e9able et doubl\u00e9e \u00e0 la fibre de verre haute de gamme.","robots":{"index":"index","follow":"follow","max-snippet":"max-snippet:-1","max-image-preview":"max-image-preview:large","max-video-preview":"max-video-preview:-1"},"canonical":"https:\/\/soundrums-france.com\/index.php\/produit\/housse-pour-grosse-caisse-avec-poignee-et-bandouliere-plusieurs-tailles-2\/","og_locale":"fr_FR","og_type":"article","og_title":"Housse LUXE pour GROSSE-CAISSE imperm\u00e9able et doubl\u00e9e \u00e0 la fibre de verre - Soundrums","og_description":"Venez d\u00e9couvrir notre Housse LUXE pour GROSSE-CAISSE imperm\u00e9able et doubl\u00e9e \u00e0 la fibre de verre haute de gamme.","og_url":"https:\/\/soundrums-france.com\/index.php\/produit\/housse-pour-grosse-caisse-avec-poignee-et-bandouliere-plusieurs-tailles-2\/","og_site_name":"Soundrums","article_publisher":"https:\/\/www.facebook.com\/soundrums\/","article_modified_time":"2024-10-30T18:55:36+00:00","og_image":[{"width":1200,"height":1200,"url":"https:\/\/soundrums-france.com\/wp-content\/uploads\/2024\/10\/housse-luxe2.jpg","type":"image\/jpeg"}],"twitter_card":"summary_large_image","twitter_misc":{"Dur\u00e9e de lecture estim\u00e9e":"1 minute"},"schema":{"@context":"https:\/\/schema.org","@graph":[{"@type":"WebPage","@id":"https:\/\/soundrums-france.com\/index.php\/produit\/housse-pour-grosse-caisse-avec-poignee-et-bandouliere-plusieurs-tailles-2\/","url":"https:\/\/soundrums-france.com\/index.php\/produit\/housse-pour-grosse-caisse-avec-poignee-et-bandouliere-plusieurs-tailles-2\/","name":"Housse LUXE pour GROSSE-CAISSE imperm\u00e9able et doubl\u00e9e \u00e0 la fibre de verre - Soundrums","isPartOf":{"@id":"https:\/\/soundrums-france.com\/#website"},"primaryImageOfPage":{"@id":"https:\/\/soundrums-france.com\/index.php\/produit\/housse-pour-grosse-caisse-avec-poignee-et-bandouliere-plusieurs-tailles-2\/#primaryimage"},"image":{"@id":"https:\/\/soundrums-france.com\/index.php\/produit\/housse-pour-grosse-caisse-avec-poignee-et-bandouliere-plusieurs-tailles-2\/#primaryimage"},"thumbnailUrl":"https:\/\/soundrums-france.com\/wp-content\/uploads\/2024\/10\/housse-luxe2.webp","datePublished":"2024-10-30T18:51:15+00:00","dateModified":"2024-10-30T18:55:36+00:00","description":"Venez d\u00e9couvrir notre Housse LUXE pour GROSSE-CAISSE imperm\u00e9able et doubl\u00e9e \u00e0 la fibre de verre haute de gamme.","breadcrumb":{"@id":"https:\/\/soundrums-france.com\/index.php\/produit\/housse-pour-grosse-caisse-avec-poignee-et-bandouliere-plusieurs-tailles-2\/#breadcrumb"},"inLanguage":"fr-FR","potentialAction":[{"@type":"ReadAction","target":["https:\/\/soundrums-france.com\/index.php\/produit\/housse-pour-grosse-caisse-avec-poignee-et-bandouliere-plusieurs-tailles-2\/"]}]},{"@type":"ImageObject","inLanguage":"fr-FR","@id":"https:\/\/soundrums-france.com\/index.php\/produit\/housse-pour-grosse-caisse-avec-poignee-et-bandouliere-plusieurs-tailles-2\/#primaryimage","url":"https:\/\/soundrums-france.com\/wp-content\/uploads\/2024\/10\/housse-luxe2.webp","contentUrl":"https:\/\/soundrums-france.com\/wp-content\/uploads\/2024\/10\/housse-luxe2.webp","width":1200,"height":1200,"caption":"Housse grosse caisse luxe"},{"@type":"BreadcrumbList","@id":"https:\/\/soundrums-france.com\/index.php\/produit\/housse-pour-grosse-caisse-avec-poignee-et-bandouliere-plusieurs-tailles-2\/#breadcrumb","itemListElement":[{"@type":"ListItem","position":1,"name":"Accueil","item":"https:\/\/soundrums-france.com\/"},{"@type":"ListItem","position":2,"name":"Des produits","item":"https:\/\/soundrums-france.com\/index.php\/shop\/"},{"@type":"ListItem","position":3,"name":"Housse LUXE pour GROSSE-CAISSE imperm\u00e9able et doubl\u00e9e \u00e0 la fibre de verre"}]},{"@type":"WebSite","@id":"https:\/\/soundrums-france.com\/#website","url":"https:\/\/soundrums-france.com\/","name":"Soundrums","description":"Manufacture Fran\u00e7aise de tambours","publisher":{"@id":"https:\/\/soundrums-france.com\/#organization"},"potentialAction":[{"@type":"SearchAction","target":{"@type":"EntryPoint","urlTemplate":"https:\/\/soundrums-france.com\/?s={search_term_string}"},"query-input":{"@type":"PropertyValueSpecification","valueRequired":true,"valueName":"search_term_string"}}],"inLanguage":"fr-FR"},{"@type":"Organization","@id":"https:\/\/soundrums-france.com\/#organization","name":"Soundrums-france","url":"https:\/\/soundrums-france.com\/","logo":{"@type":"ImageObject","inLanguage":"fr-FR","@id":"https:\/\/soundrums-france.com\/#\/schema\/logo\/image\/","url":"https:\/\/soundrums-france.com\/wp-content\/uploads\/2020\/10\/LogoSD_HD.jpg","contentUrl":"https:\/\/soundrums-france.com\/wp-content\/uploads\/2020\/10\/LogoSD_HD.jpg","width":1280,"height":930,"caption":"Soundrums-france"},"image":{"@id":"https:\/\/soundrums-france.com\/#\/schema\/logo\/image\/"},"sameAs":["https:\/\/www.facebook.com\/soundrums\/","https:\/\/www.youtube.com\/channel\/UC4S_W_0ZCdUFH3Y9xkv5bEw"]}]}},"uagb_featured_image_src":{"full":["https:\/\/soundrums-france.com\/wp-content\/uploads\/2024\/10\/housse-luxe2.webp",1200,1200,false],"thumbnail":["https:\/\/soundrums-france.com\/wp-content\/uploads\/2024\/10\/housse-luxe2-150x150.jpg",150,150,true],"medium":["https:\/\/soundrums-france.com\/wp-content\/uploads\/2024\/10\/housse-luxe2-300x300.jpg",300,300,true],"medium_large":["https:\/\/soundrums-france.com\/wp-content\/uploads\/2024\/10\/housse-luxe2-768x768.jpg",768,768,true],"large":["https:\/\/soundrums-france.com\/wp-content\/uploads\/2024\/10\/housse-luxe2-1024x1024.jpg",1024,1024,true],"1536x1536":["https:\/\/soundrums-france.com\/wp-content\/uploads\/2024\/10\/housse-luxe2.webp",1200,1200,false],"2048x2048":["https:\/\/soundrums-france.com\/wp-content\/uploads\/2024\/10\/housse-luxe2.webp",1200,1200,false],"woocommerce_thumbnail":["https:\/\/soundrums-france.com\/wp-content\/uploads\/2024\/10\/housse-luxe2-300x300.jpg",300,300,true],"woocommerce_single":["https:\/\/soundrums-france.com\/wp-content\/uploads\/2024\/10\/housse-luxe2-600x600.jpg",600,600,true],"woocommerce_gallery_thumbnail":["https:\/\/soundrums-france.com\/wp-content\/uploads\/2024\/10\/housse-luxe2-100x100.jpg",100,100,true]},"uagb_author_info":{"display_name":"Emmanuel JAY","author_link":"https:\/\/soundrums-france.com\/index.php\/author\/"},"uagb_comment_info":0,"uagb_excerpt":"Housse pour GROSSE-CAISSE mod\u00e8le \"Luxe\" imperm\u00e9able et doubl\u00e9e \u00e0 la fibre de verre \u2013 plusieurs tailles Tailles disponibles : 18\", 20\", 22\" et 24\" Poign\u00e9e \"Soft\" et bandouli\u00e8re sp\u00e9cialement renforc\u00e9es Doublage par une feuille en fibre de verre R\u00e9sistante et matelass\u00e9e (20 mm) Rembourrage en velours Courroies r\u00e9glables\/rembourrage d'\u00e9paule Stable, protections en caoutchouc sur le\u2026","wcpa_form_fields":null,"_links":{"self":[{"href":"https:\/\/soundrums-france.com\/index.php\/wp-json\/wp\/v2\/product\/37265","targetHints":{"allow":["GET"]}}],"collection":[{"href":"https:\/\/soundrums-france.com\/index.php\/wp-json\/wp\/v2\/product"}],"about":[{"href":"https:\/\/soundrums-france.com\/index.php\/wp-json\/wp\/v2\/types\/product"}],"replies":[{"embeddable":true,"href":"https:\/\/soundrums-france.com\/index.php\/wp-json\/wp\/v2\/comments?post=37265"}],"version-history":[{"count":2,"href":"https:\/\/soundrums-france.com\/index.php\/wp-json\/wp\/v2\/product\/37265\/revisions"}],"predecessor-version":[{"id":37281,"href":"https:\/\/soundrums-france.com\/index.php\/wp-json\/wp\/v2\/product\/37265\/revisions\/37281"}],"wp:featuredmedia":[{"embeddable":true,"href":"https:\/\/soundrums-france.com\/index.php\/wp-json\/wp\/v2\/media\/37266"}],"wp:attachment":[{"href":"https:\/\/soundrums-france.com\/index.php\/wp-json\/wp\/v2\/media?parent=37265"}],"wp:term":[{"taxonomy":"product_cat","embeddable":true,"href":"https:\/\/soundrums-france.com\/index.php\/wp-json\/wp\/v2\/product_cat?post=37265"},{"taxonomy":"product_tag","embeddable":true,"href":"https:\/\/soundrums-france.com\/index.php\/wp-json\/wp\/v2\/product_tag?post=37265"}],"curies":[{"name":"wp","href":"https:\/\/api.w.org\/{rel}","templated":true}]}}