{"id":37284,"date":"2024-10-30T20:07:32","date_gmt":"2024-10-30T19:07:32","guid":{"rendered":"https:\/\/soundrums-france.com\/?post_type=product&#038;p=37284"},"modified":"2024-10-30T20:19:46","modified_gmt":"2024-10-30T19:19:46","slug":"housse-pour-cymbales-avec-poignee-et-bandouliere","status":"publish","type":"product","link":"https:\/\/soundrums-france.com\/index.php\/produit\/housse-pour-cymbales-avec-poignee-et-bandouliere\/","title":{"rendered":"Housse pour CYMBALES avec poign\u00e9e et bandouli\u00e8re"},"content":{"rendered":"<div class=\"productDetailFeatureTexts\">\n<p>Housse pour CYMBALES avec poign\u00e9e et bandouli\u00e8re<\/p>\n<ul>\n<li>\u00c9tanche et r\u00e9sistante<\/li>\n<li>Poign\u00e9e et bandouli\u00e8re sp\u00e9cialement renforc\u00e9es<\/li>\n<li>Rembourrage 20 mm<\/li>\n<li>Courroie avec \u00e9paulette<\/li>\n<li>Mousquetons m\u00e9tal<\/li>\n<li>Protection du dessous de la poche, en caoutchouc<\/li>\n<li>Fermeture \u00e0 glissi\u00e8re massive<\/li>\n<li>S\u00e9parations int\u00e9rieures<\/li>\n<li>Cordura noir<\/li>\n<\/ul>\n<ul class=\"mb-2 featureList ps-lg-3\">\n<li style=\"list-style-type: none;\"><\/li>\n<\/ul>\n<div id=\"mehrDesktopFeatures\" class=\"collapse show\"><\/div>\n<\/div>\n","protected":false},"excerpt":{"rendered":"<p>Housse pour CYMBALES avec poign\u00e9e et bandouli\u00e8re<\/p>\n<ul>\n<li>\u00c9tanche et r\u00e9sistante<\/li>\n<li>Poign\u00e9e et bandouli\u00e8re sp\u00e9cialement renforc\u00e9es<\/li>\n<li>Rembourrage 20 mm<\/li>\n<li>Courroie avec \u00e9paulette<\/li>\n<li>Mousquetons m\u00e9tal<\/li>\n<li>Protection du dessous de la poche, en caoutchouc<\/li>\n<li>Fermeture \u00e0 glissi\u00e8re massive<\/li>\n<li>S\u00e9parations int\u00e9rieures<\/li>\n<li>Cordura noir<\/li>\n<\/ul>\n","protected":false},"featured_media":37294,"comment_status":"open","ping_status":"closed","template":"","meta":{"_uag_custom_page_level_css":"","site-sidebar-layout":"default","site-content-layout":"default","ast-global-header-display":"","ast-banner-title-visibility":"","ast-main-header-display":"","ast-hfb-above-header-display":"","ast-hfb-below-header-display":"","ast-hfb-mobile-header-display":"","site-post-title":"","ast-breadcrumbs-content":"","ast-featured-img":"","footer-sml-layout":"","theme-transparent-header-meta":"default","adv-header-id-meta":"","stick-header-meta":"","header-above-stick-meta":"","header-main-stick-meta":"","header-below-stick-meta":""},"product_cat":[187,194],"product_tag":[],"class_list":{"0":"post-37284","1":"product","2":"type-product","3":"status-publish","4":"has-post-thumbnail","6":"product_cat-accessoires","7":"product_cat-housses","8":"pa_taille-18-14","9":"pa_taille-18-16","10":"pa_taille-20-14","11":"pa_taille-20-16","12":"pa_taille-20-18","13":"pa_taille-22-14","14":"pa_taille-22-18","15":"pa_taille-24-16","16":"pa_taille-24-18","17":"desktop-align-left","18":"tablet-align-left","19":"mobile-align-left","21":"first","22":"instock","23":"taxable","24":"shipping-taxable","25":"purchasable","26":"product-type-simple"},"yoast_head":"<!-- This site is optimized with the Yoast SEO plugin v24.1 - https:\/\/yoast.com\/wordpress\/plugins\/seo\/ -->\n<title>Housse pour CYMBALES avec poign\u00e9e et bandouli\u00e8re - Soundrums<\/title>\n<meta name=\"description\" content=\"Venez d\u00e9couvrir notre Housse pour CYMBALES avec poign\u00e9e et bandouli\u00e8re haute de gamme.\" \/>\n<meta name=\"robots\" content=\"index, follow, max-snippet:-1, max-image-preview:large, max-video-preview:-1\" \/>\n<link rel=\"canonical\" href=\"https:\/\/soundrums-france.com\/index.php\/produit\/housse-pour-cymbales-avec-poignee-et-bandouliere\/\" \/>\n<meta property=\"og:locale\" content=\"fr_FR\" \/>\n<meta property=\"og:type\" content=\"article\" \/>\n<meta property=\"og:title\" content=\"Housse pour CYMBALES avec poign\u00e9e et bandouli\u00e8re - Soundrums\" \/>\n<meta property=\"og:description\" content=\"Venez d\u00e9couvrir notre Housse pour CYMBALES avec poign\u00e9e et bandouli\u00e8re haute de gamme.\" \/>\n<meta property=\"og:url\" content=\"https:\/\/soundrums-france.com\/index.php\/produit\/housse-pour-cymbales-avec-poignee-et-bandouliere\/\" \/>\n<meta property=\"og:site_name\" content=\"Soundrums\" \/>\n<meta property=\"article:publisher\" content=\"https:\/\/www.facebook.com\/soundrums\/\" \/>\n<meta property=\"article:modified_time\" content=\"2024-10-30T19:19:46+00:00\" \/>\n<meta property=\"og:image\" content=\"https:\/\/soundrums-france.com\/wp-content\/uploads\/2024\/10\/housse-cymbale.jpg\" \/>\n\t<meta property=\"og:image:width\" content=\"500\" \/>\n\t<meta property=\"og:image:height\" content=\"333\" \/>\n\t<meta property=\"og:image:type\" content=\"image\/jpeg\" \/>\n<meta name=\"twitter:card\" content=\"summary_large_image\" \/>\n<meta name=\"twitter:label1\" content=\"Dur\u00e9e de lecture estim\u00e9e\" \/>\n\t<meta name=\"twitter:data1\" content=\"1 minute\" \/>\n<script type=\"application\/ld+json\" class=\"yoast-schema-graph\">{\"@context\":\"https:\/\/schema.org\",\"@graph\":[{\"@type\":\"WebPage\",\"@id\":\"https:\/\/soundrums-france.com\/index.php\/produit\/housse-pour-cymbales-avec-poignee-et-bandouliere\/\",\"url\":\"https:\/\/soundrums-france.com\/index.php\/produit\/housse-pour-cymbales-avec-poignee-et-bandouliere\/\",\"name\":\"Housse pour CYMBALES avec poign\u00e9e et bandouli\u00e8re - Soundrums\",\"isPartOf\":{\"@id\":\"https:\/\/soundrums-france.com\/#website\"},\"primaryImageOfPage\":{\"@id\":\"https:\/\/soundrums-france.com\/index.php\/produit\/housse-pour-cymbales-avec-poignee-et-bandouliere\/#primaryimage\"},\"image\":{\"@id\":\"https:\/\/soundrums-france.com\/index.php\/produit\/housse-pour-cymbales-avec-poignee-et-bandouliere\/#primaryimage\"},\"thumbnailUrl\":\"https:\/\/soundrums-france.com\/wp-content\/uploads\/2024\/10\/housse-cymbale.webp\",\"datePublished\":\"2024-10-30T19:07:32+00:00\",\"dateModified\":\"2024-10-30T19:19:46+00:00\",\"description\":\"Venez d\u00e9couvrir notre Housse pour CYMBALES avec poign\u00e9e et bandouli\u00e8re haute de gamme.\",\"breadcrumb\":{\"@id\":\"https:\/\/soundrums-france.com\/index.php\/produit\/housse-pour-cymbales-avec-poignee-et-bandouliere\/#breadcrumb\"},\"inLanguage\":\"fr-FR\",\"potentialAction\":[{\"@type\":\"ReadAction\",\"target\":[\"https:\/\/soundrums-france.com\/index.php\/produit\/housse-pour-cymbales-avec-poignee-et-bandouliere\/\"]}]},{\"@type\":\"ImageObject\",\"inLanguage\":\"fr-FR\",\"@id\":\"https:\/\/soundrums-france.com\/index.php\/produit\/housse-pour-cymbales-avec-poignee-et-bandouliere\/#primaryimage\",\"url\":\"https:\/\/soundrums-france.com\/wp-content\/uploads\/2024\/10\/housse-cymbale.webp\",\"contentUrl\":\"https:\/\/soundrums-france.com\/wp-content\/uploads\/2024\/10\/housse-cymbale.webp\",\"width\":500,\"height\":333,\"caption\":\"Housse cymbales\"},{\"@type\":\"BreadcrumbList\",\"@id\":\"https:\/\/soundrums-france.com\/index.php\/produit\/housse-pour-cymbales-avec-poignee-et-bandouliere\/#breadcrumb\",\"itemListElement\":[{\"@type\":\"ListItem\",\"position\":1,\"name\":\"Accueil\",\"item\":\"https:\/\/soundrums-france.com\/\"},{\"@type\":\"ListItem\",\"position\":2,\"name\":\"Des produits\",\"item\":\"https:\/\/soundrums-france.com\/index.php\/shop\/\"},{\"@type\":\"ListItem\",\"position\":3,\"name\":\"Housse pour CYMBALES avec poign\u00e9e et bandouli\u00e8re\"}]},{\"@type\":\"WebSite\",\"@id\":\"https:\/\/soundrums-france.com\/#website\",\"url\":\"https:\/\/soundrums-france.com\/\",\"name\":\"Soundrums\",\"description\":\"Manufacture Fran\u00e7aise de tambours\",\"publisher\":{\"@id\":\"https:\/\/soundrums-france.com\/#organization\"},\"potentialAction\":[{\"@type\":\"SearchAction\",\"target\":{\"@type\":\"EntryPoint\",\"urlTemplate\":\"https:\/\/soundrums-france.com\/?s={search_term_string}\"},\"query-input\":{\"@type\":\"PropertyValueSpecification\",\"valueRequired\":true,\"valueName\":\"search_term_string\"}}],\"inLanguage\":\"fr-FR\"},{\"@type\":\"Organization\",\"@id\":\"https:\/\/soundrums-france.com\/#organization\",\"name\":\"Soundrums-france\",\"url\":\"https:\/\/soundrums-france.com\/\",\"logo\":{\"@type\":\"ImageObject\",\"inLanguage\":\"fr-FR\",\"@id\":\"https:\/\/soundrums-france.com\/#\/schema\/logo\/image\/\",\"url\":\"https:\/\/soundrums-france.com\/wp-content\/uploads\/2020\/10\/LogoSD_HD.jpg\",\"contentUrl\":\"https:\/\/soundrums-france.com\/wp-content\/uploads\/2020\/10\/LogoSD_HD.jpg\",\"width\":1280,\"height\":930,\"caption\":\"Soundrums-france\"},\"image\":{\"@id\":\"https:\/\/soundrums-france.com\/#\/schema\/logo\/image\/\"},\"sameAs\":[\"https:\/\/www.facebook.com\/soundrums\/\",\"https:\/\/www.youtube.com\/channel\/UC4S_W_0ZCdUFH3Y9xkv5bEw\"]}]}<\/script>\n<!-- \/ Yoast SEO plugin. -->","yoast_head_json":{"title":"Housse pour CYMBALES avec poign\u00e9e et bandouli\u00e8re - Soundrums","description":"Venez d\u00e9couvrir notre Housse pour CYMBALES avec poign\u00e9e et bandouli\u00e8re haute de gamme.","robots":{"index":"index","follow":"follow","max-snippet":"max-snippet:-1","max-image-preview":"max-image-preview:large","max-video-preview":"max-video-preview:-1"},"canonical":"https:\/\/soundrums-france.com\/index.php\/produit\/housse-pour-cymbales-avec-poignee-et-bandouliere\/","og_locale":"fr_FR","og_type":"article","og_title":"Housse pour CYMBALES avec poign\u00e9e et bandouli\u00e8re - Soundrums","og_description":"Venez d\u00e9couvrir notre Housse pour CYMBALES avec poign\u00e9e et bandouli\u00e8re haute de gamme.","og_url":"https:\/\/soundrums-france.com\/index.php\/produit\/housse-pour-cymbales-avec-poignee-et-bandouliere\/","og_site_name":"Soundrums","article_publisher":"https:\/\/www.facebook.com\/soundrums\/","article_modified_time":"2024-10-30T19:19:46+00:00","og_image":[{"width":500,"height":333,"url":"https:\/\/soundrums-france.com\/wp-content\/uploads\/2024\/10\/housse-cymbale.jpg","type":"image\/jpeg"}],"twitter_card":"summary_large_image","twitter_misc":{"Dur\u00e9e de lecture estim\u00e9e":"1 minute"},"schema":{"@context":"https:\/\/schema.org","@graph":[{"@type":"WebPage","@id":"https:\/\/soundrums-france.com\/index.php\/produit\/housse-pour-cymbales-avec-poignee-et-bandouliere\/","url":"https:\/\/soundrums-france.com\/index.php\/produit\/housse-pour-cymbales-avec-poignee-et-bandouliere\/","name":"Housse pour CYMBALES avec poign\u00e9e et bandouli\u00e8re - Soundrums","isPartOf":{"@id":"https:\/\/soundrums-france.com\/#website"},"primaryImageOfPage":{"@id":"https:\/\/soundrums-france.com\/index.php\/produit\/housse-pour-cymbales-avec-poignee-et-bandouliere\/#primaryimage"},"image":{"@id":"https:\/\/soundrums-france.com\/index.php\/produit\/housse-pour-cymbales-avec-poignee-et-bandouliere\/#primaryimage"},"thumbnailUrl":"https:\/\/soundrums-france.com\/wp-content\/uploads\/2024\/10\/housse-cymbale.webp","datePublished":"2024-10-30T19:07:32+00:00","dateModified":"2024-10-30T19:19:46+00:00","description":"Venez d\u00e9couvrir notre Housse pour CYMBALES avec poign\u00e9e et bandouli\u00e8re haute de gamme.","breadcrumb":{"@id":"https:\/\/soundrums-france.com\/index.php\/produit\/housse-pour-cymbales-avec-poignee-et-bandouliere\/#breadcrumb"},"inLanguage":"fr-FR","potentialAction":[{"@type":"ReadAction","target":["https:\/\/soundrums-france.com\/index.php\/produit\/housse-pour-cymbales-avec-poignee-et-bandouliere\/"]}]},{"@type":"ImageObject","inLanguage":"fr-FR","@id":"https:\/\/soundrums-france.com\/index.php\/produit\/housse-pour-cymbales-avec-poignee-et-bandouliere\/#primaryimage","url":"https:\/\/soundrums-france.com\/wp-content\/uploads\/2024\/10\/housse-cymbale.webp","contentUrl":"https:\/\/soundrums-france.com\/wp-content\/uploads\/2024\/10\/housse-cymbale.webp","width":500,"height":333,"caption":"Housse cymbales"},{"@type":"BreadcrumbList","@id":"https:\/\/soundrums-france.com\/index.php\/produit\/housse-pour-cymbales-avec-poignee-et-bandouliere\/#breadcrumb","itemListElement":[{"@type":"ListItem","position":1,"name":"Accueil","item":"https:\/\/soundrums-france.com\/"},{"@type":"ListItem","position":2,"name":"Des produits","item":"https:\/\/soundrums-france.com\/index.php\/shop\/"},{"@type":"ListItem","position":3,"name":"Housse pour CYMBALES avec poign\u00e9e et bandouli\u00e8re"}]},{"@type":"WebSite","@id":"https:\/\/soundrums-france.com\/#website","url":"https:\/\/soundrums-france.com\/","name":"Soundrums","description":"Manufacture Fran\u00e7aise de tambours","publisher":{"@id":"https:\/\/soundrums-france.com\/#organization"},"potentialAction":[{"@type":"SearchAction","target":{"@type":"EntryPoint","urlTemplate":"https:\/\/soundrums-france.com\/?s={search_term_string}"},"query-input":{"@type":"PropertyValueSpecification","valueRequired":true,"valueName":"search_term_string"}}],"inLanguage":"fr-FR"},{"@type":"Organization","@id":"https:\/\/soundrums-france.com\/#organization","name":"Soundrums-france","url":"https:\/\/soundrums-france.com\/","logo":{"@type":"ImageObject","inLanguage":"fr-FR","@id":"https:\/\/soundrums-france.com\/#\/schema\/logo\/image\/","url":"https:\/\/soundrums-france.com\/wp-content\/uploads\/2020\/10\/LogoSD_HD.jpg","contentUrl":"https:\/\/soundrums-france.com\/wp-content\/uploads\/2020\/10\/LogoSD_HD.jpg","width":1280,"height":930,"caption":"Soundrums-france"},"image":{"@id":"https:\/\/soundrums-france.com\/#\/schema\/logo\/image\/"},"sameAs":["https:\/\/www.facebook.com\/soundrums\/","https:\/\/www.youtube.com\/channel\/UC4S_W_0ZCdUFH3Y9xkv5bEw"]}]}},"uagb_featured_image_src":{"full":["https:\/\/soundrums-france.com\/wp-content\/uploads\/2024\/10\/housse-cymbale.webp",500,333,false],"thumbnail":["https:\/\/soundrums-france.com\/wp-content\/uploads\/2024\/10\/housse-cymbale-150x150.jpg",150,150,true],"medium":["https:\/\/soundrums-france.com\/wp-content\/uploads\/2024\/10\/housse-cymbale-300x200.jpg",300,200,true],"medium_large":["https:\/\/soundrums-france.com\/wp-content\/uploads\/2024\/10\/housse-cymbale.webp",500,333,false],"large":["https:\/\/soundrums-france.com\/wp-content\/uploads\/2024\/10\/housse-cymbale.webp",500,333,false],"1536x1536":["https:\/\/soundrums-france.com\/wp-content\/uploads\/2024\/10\/housse-cymbale.webp",500,333,false],"2048x2048":["https:\/\/soundrums-france.com\/wp-content\/uploads\/2024\/10\/housse-cymbale.webp",500,333,false],"woocommerce_thumbnail":["https:\/\/soundrums-france.com\/wp-content\/uploads\/2024\/10\/housse-cymbale-300x300.jpg",300,300,true],"woocommerce_single":["https:\/\/soundrums-france.com\/wp-content\/uploads\/2024\/10\/housse-cymbale.webp",500,333,false],"woocommerce_gallery_thumbnail":["https:\/\/soundrums-france.com\/wp-content\/uploads\/2024\/10\/housse-cymbale-100x100.jpg",100,100,true]},"uagb_author_info":{"display_name":"Emmanuel JAY","author_link":"https:\/\/soundrums-france.com\/index.php\/author\/"},"uagb_comment_info":0,"uagb_excerpt":"Housse pour CYMBALES avec poign\u00e9e et bandouli\u00e8re \u00c9tanche et r\u00e9sistante Poign\u00e9e et bandouli\u00e8re sp\u00e9cialement renforc\u00e9es Rembourrage 20 mm Courroie avec \u00e9paulette Mousquetons m\u00e9tal Protection du dessous de la poche, en caoutchouc Fermeture \u00e0 glissi\u00e8re massive S\u00e9parations int\u00e9rieures Cordura noir","wcpa_form_fields":null,"_links":{"self":[{"href":"https:\/\/soundrums-france.com\/index.php\/wp-json\/wp\/v2\/product\/37284","targetHints":{"allow":["GET"]}}],"collection":[{"href":"https:\/\/soundrums-france.com\/index.php\/wp-json\/wp\/v2\/product"}],"about":[{"href":"https:\/\/soundrums-france.com\/index.php\/wp-json\/wp\/v2\/types\/product"}],"replies":[{"embeddable":true,"href":"https:\/\/soundrums-france.com\/index.php\/wp-json\/wp\/v2\/comments?post=37284"}],"version-history":[{"count":1,"href":"https:\/\/soundrums-france.com\/index.php\/wp-json\/wp\/v2\/product\/37284\/revisions"}],"predecessor-version":[{"id":37296,"href":"https:\/\/soundrums-france.com\/index.php\/wp-json\/wp\/v2\/product\/37284\/revisions\/37296"}],"wp:featuredmedia":[{"embeddable":true,"href":"https:\/\/soundrums-france.com\/index.php\/wp-json\/wp\/v2\/media\/37294"}],"wp:attachment":[{"href":"https:\/\/soundrums-france.com\/index.php\/wp-json\/wp\/v2\/media?parent=37284"}],"wp:term":[{"taxonomy":"product_cat","embeddable":true,"href":"https:\/\/soundrums-france.com\/index.php\/wp-json\/wp\/v2\/product_cat?post=37284"},{"taxonomy":"product_tag","embeddable":true,"href":"https:\/\/soundrums-france.com\/index.php\/wp-json\/wp\/v2\/product_tag?post=37284"}],"curies":[{"name":"wp","href":"https:\/\/api.w.org\/{rel}","templated":true}]}}