{"id":37297,"date":"2024-10-30T20:24:40","date_gmt":"2024-10-30T19:24:40","guid":{"rendered":"https:\/\/soundrums-france.com\/?post_type=product&#038;p=37297"},"modified":"2024-10-30T20:26:48","modified_gmt":"2024-10-30T19:26:48","slug":"housse-luxe-pour-cymbales-22-impermeable-et-doublee-a-la-fibre-de-verre","status":"publish","type":"product","link":"https:\/\/soundrums-france.com\/index.php\/produit\/housse-luxe-pour-cymbales-22-impermeable-et-doublee-a-la-fibre-de-verre\/","title":{"rendered":"Housse LUXE pour CYMBALES 22&Prime; imperm\u00e9able et doubl\u00e9e \u00e0 la fibre de verre"},"content":{"rendered":"<div class=\"productDetailFeatureTexts\">\n<p>Housse LUXE pour CYMBALES imperm\u00e9able et doubl\u00e9e \u00e0 la fibre de verre &#8211; 22&Prime;<\/p>\n<ul class=\"mb-2 featureList ps-lg-3\">\n<li style=\"list-style-type: none;\">\n<ul class=\"mb-2 featureList ps-lg-3\">\n<li class=\"my-1\">Cordura\u00a0 noir<\/li>\n<li class=\"my-1\">Doublage par une feuille en fibre de verre<\/li>\n<li class=\"my-1\">Poign\u00e9e et bandouli\u00e8re sp\u00e9cialement renforc\u00e9es<\/li>\n<li class=\"my-1\">Matelass\u00e9e 20 mm, rembourrage en velours<\/li>\n<li class=\"my-1\">Poign\u00e9e souple fermeture aimant\u00e9e<\/li>\n<li class=\"my-1\">Courroies r\u00e9glables\/Rembourrage d&rsquo;\u00e9paule<\/li>\n<li class=\"my-1\">Protections en caoutchouc sur le fond<\/li>\n<li class=\"my-1\">Housse de 22&Prime; avec compartiment de s\u00e9paration<\/li>\n<li class=\"my-1\">Poches ext\u00e9rieures 15\u00a0\u00bb, 17\u00a0\u00bb<\/li>\n<\/ul>\n<\/li>\n<\/ul>\n<div id=\"mehrDesktopFeatures\" class=\"collapse show\"><\/div>\n<\/div>\n","protected":false},"excerpt":{"rendered":"<p>Housse LUXE pour CYMBALES imperm\u00e9able et doubl\u00e9e \u00e0 la fibre de verre &#8211; 22&Prime;<\/p>\n<ul class=\"mb-2 featureList ps-lg-3\">\n<li style=\"list-style-type: none;\">\n<ul class=\"mb-2 featureList ps-lg-3\">\n<li class=\"my-1\">Cordura\u00a0 noir<\/li>\n<li class=\"my-1\">Doublage par une feuille en fibre de verre<\/li>\n<li class=\"my-1\">Poign\u00e9e et bandouli\u00e8re sp\u00e9cialement renforc\u00e9es<\/li>\n<li class=\"my-1\">Matelass\u00e9e 20 mm, rembourrage en velours<\/li>\n<li class=\"my-1\">Poign\u00e9e souple fermeture aimant\u00e9e<\/li>\n<li class=\"my-1\">Courroies r\u00e9glables\/Rembourrage d&rsquo;\u00e9paule<\/li>\n<li class=\"my-1\">Protections en caoutchouc sur le fond<\/li>\n<li class=\"my-1\">Housse de 22&Prime; avec compartiment de s\u00e9paration<\/li>\n<li class=\"my-1\">Poches ext\u00e9rieures 15\u00a0\u00bb, 17\u00a0\u00bb<\/li>\n<\/ul>\n<\/li>\n<\/ul>\n","protected":false},"featured_media":37298,"comment_status":"open","ping_status":"closed","template":"","meta":{"_uag_custom_page_level_css":"","site-sidebar-layout":"default","site-content-layout":"default","ast-global-header-display":"","ast-banner-title-visibility":"","ast-main-header-display":"","ast-hfb-above-header-display":"","ast-hfb-below-header-display":"","ast-hfb-mobile-header-display":"","site-post-title":"","ast-breadcrumbs-content":"","ast-featured-img":"","footer-sml-layout":"","theme-transparent-header-meta":"default","adv-header-id-meta":"","stick-header-meta":"","header-above-stick-meta":"","header-main-stick-meta":"","header-below-stick-meta":""},"product_cat":[187,194],"product_tag":[],"class_list":{"0":"post-37297","1":"product","2":"type-product","3":"status-publish","4":"has-post-thumbnail","6":"product_cat-accessoires","7":"product_cat-housses","8":"pa_taille-18-14","9":"pa_taille-18-16","10":"pa_taille-20-14","11":"pa_taille-20-16","12":"pa_taille-20-18","13":"pa_taille-22-14","14":"pa_taille-22-18","15":"pa_taille-24-16","16":"pa_taille-24-18","17":"desktop-align-left","18":"tablet-align-left","19":"mobile-align-left","21":"first","22":"instock","23":"taxable","24":"shipping-taxable","25":"purchasable","26":"product-type-simple"},"yoast_head":"<!-- This site is optimized with the Yoast SEO plugin v24.1 - https:\/\/yoast.com\/wordpress\/plugins\/seo\/ -->\n<title>Housse LUXE pour CYMBALES 22&quot; imperm\u00e9able et doubl\u00e9e \u00e0 la fibre de verre - Soundrums<\/title>\n<meta name=\"description\" content=\"Venez d\u00e9couvrir notre Housse LUXE pour CYMBALES 22&quot; imperm\u00e9able et doubl\u00e9e \u00e0 la fibre de verre haute de gamme.\" \/>\n<meta name=\"robots\" content=\"index, follow, max-snippet:-1, max-image-preview:large, max-video-preview:-1\" \/>\n<link rel=\"canonical\" href=\"https:\/\/soundrums-france.com\/index.php\/produit\/housse-luxe-pour-cymbales-22-impermeable-et-doublee-a-la-fibre-de-verre\/\" \/>\n<meta property=\"og:locale\" content=\"fr_FR\" \/>\n<meta property=\"og:type\" content=\"article\" \/>\n<meta property=\"og:title\" content=\"Housse LUXE pour CYMBALES 22&quot; imperm\u00e9able et doubl\u00e9e \u00e0 la fibre de verre - Soundrums\" \/>\n<meta property=\"og:description\" content=\"Venez d\u00e9couvrir notre Housse LUXE pour CYMBALES 22&quot; imperm\u00e9able et doubl\u00e9e \u00e0 la fibre de verre haute de gamme.\" \/>\n<meta property=\"og:url\" content=\"https:\/\/soundrums-france.com\/index.php\/produit\/housse-luxe-pour-cymbales-22-impermeable-et-doublee-a-la-fibre-de-verre\/\" \/>\n<meta property=\"og:site_name\" content=\"Soundrums\" \/>\n<meta property=\"article:publisher\" content=\"https:\/\/www.facebook.com\/soundrums\/\" \/>\n<meta property=\"article:modified_time\" content=\"2024-10-30T19:26:48+00:00\" \/>\n<meta property=\"og:image\" content=\"https:\/\/soundrums-france.com\/wp-content\/uploads\/2024\/10\/c1.jpg\" \/>\n\t<meta property=\"og:image:width\" content=\"1000\" \/>\n\t<meta property=\"og:image:height\" content=\"667\" \/>\n\t<meta property=\"og:image:type\" content=\"image\/jpeg\" \/>\n<meta name=\"twitter:card\" content=\"summary_large_image\" \/>\n<meta name=\"twitter:label1\" content=\"Dur\u00e9e de lecture estim\u00e9e\" \/>\n\t<meta name=\"twitter:data1\" content=\"1 minute\" \/>\n<script type=\"application\/ld+json\" class=\"yoast-schema-graph\">{\"@context\":\"https:\/\/schema.org\",\"@graph\":[{\"@type\":\"WebPage\",\"@id\":\"https:\/\/soundrums-france.com\/index.php\/produit\/housse-luxe-pour-cymbales-22-impermeable-et-doublee-a-la-fibre-de-verre\/\",\"url\":\"https:\/\/soundrums-france.com\/index.php\/produit\/housse-luxe-pour-cymbales-22-impermeable-et-doublee-a-la-fibre-de-verre\/\",\"name\":\"Housse LUXE pour CYMBALES 22\\\" imperm\u00e9able et doubl\u00e9e \u00e0 la fibre de verre - Soundrums\",\"isPartOf\":{\"@id\":\"https:\/\/soundrums-france.com\/#website\"},\"primaryImageOfPage\":{\"@id\":\"https:\/\/soundrums-france.com\/index.php\/produit\/housse-luxe-pour-cymbales-22-impermeable-et-doublee-a-la-fibre-de-verre\/#primaryimage\"},\"image\":{\"@id\":\"https:\/\/soundrums-france.com\/index.php\/produit\/housse-luxe-pour-cymbales-22-impermeable-et-doublee-a-la-fibre-de-verre\/#primaryimage\"},\"thumbnailUrl\":\"https:\/\/soundrums-france.com\/wp-content\/uploads\/2024\/10\/c1.webp\",\"datePublished\":\"2024-10-30T19:24:40+00:00\",\"dateModified\":\"2024-10-30T19:26:48+00:00\",\"description\":\"Venez d\u00e9couvrir notre Housse LUXE pour CYMBALES 22\\\" imperm\u00e9able et doubl\u00e9e \u00e0 la fibre de verre haute de gamme.\",\"breadcrumb\":{\"@id\":\"https:\/\/soundrums-france.com\/index.php\/produit\/housse-luxe-pour-cymbales-22-impermeable-et-doublee-a-la-fibre-de-verre\/#breadcrumb\"},\"inLanguage\":\"fr-FR\",\"potentialAction\":[{\"@type\":\"ReadAction\",\"target\":[\"https:\/\/soundrums-france.com\/index.php\/produit\/housse-luxe-pour-cymbales-22-impermeable-et-doublee-a-la-fibre-de-verre\/\"]}]},{\"@type\":\"ImageObject\",\"inLanguage\":\"fr-FR\",\"@id\":\"https:\/\/soundrums-france.com\/index.php\/produit\/housse-luxe-pour-cymbales-22-impermeable-et-doublee-a-la-fibre-de-verre\/#primaryimage\",\"url\":\"https:\/\/soundrums-france.com\/wp-content\/uploads\/2024\/10\/c1.webp\",\"contentUrl\":\"https:\/\/soundrums-france.com\/wp-content\/uploads\/2024\/10\/c1.webp\",\"width\":1000,\"height\":667,\"caption\":\"Housse cymbales luxe\"},{\"@type\":\"BreadcrumbList\",\"@id\":\"https:\/\/soundrums-france.com\/index.php\/produit\/housse-luxe-pour-cymbales-22-impermeable-et-doublee-a-la-fibre-de-verre\/#breadcrumb\",\"itemListElement\":[{\"@type\":\"ListItem\",\"position\":1,\"name\":\"Accueil\",\"item\":\"https:\/\/soundrums-france.com\/\"},{\"@type\":\"ListItem\",\"position\":2,\"name\":\"Des produits\",\"item\":\"https:\/\/soundrums-france.com\/index.php\/shop\/\"},{\"@type\":\"ListItem\",\"position\":3,\"name\":\"Housse LUXE pour CYMBALES 22&Prime; imperm\u00e9able et doubl\u00e9e \u00e0 la fibre de verre\"}]},{\"@type\":\"WebSite\",\"@id\":\"https:\/\/soundrums-france.com\/#website\",\"url\":\"https:\/\/soundrums-france.com\/\",\"name\":\"Soundrums\",\"description\":\"Manufacture Fran\u00e7aise de tambours\",\"publisher\":{\"@id\":\"https:\/\/soundrums-france.com\/#organization\"},\"potentialAction\":[{\"@type\":\"SearchAction\",\"target\":{\"@type\":\"EntryPoint\",\"urlTemplate\":\"https:\/\/soundrums-france.com\/?s={search_term_string}\"},\"query-input\":{\"@type\":\"PropertyValueSpecification\",\"valueRequired\":true,\"valueName\":\"search_term_string\"}}],\"inLanguage\":\"fr-FR\"},{\"@type\":\"Organization\",\"@id\":\"https:\/\/soundrums-france.com\/#organization\",\"name\":\"Soundrums-france\",\"url\":\"https:\/\/soundrums-france.com\/\",\"logo\":{\"@type\":\"ImageObject\",\"inLanguage\":\"fr-FR\",\"@id\":\"https:\/\/soundrums-france.com\/#\/schema\/logo\/image\/\",\"url\":\"https:\/\/soundrums-france.com\/wp-content\/uploads\/2020\/10\/LogoSD_HD.jpg\",\"contentUrl\":\"https:\/\/soundrums-france.com\/wp-content\/uploads\/2020\/10\/LogoSD_HD.jpg\",\"width\":1280,\"height\":930,\"caption\":\"Soundrums-france\"},\"image\":{\"@id\":\"https:\/\/soundrums-france.com\/#\/schema\/logo\/image\/\"},\"sameAs\":[\"https:\/\/www.facebook.com\/soundrums\/\",\"https:\/\/www.youtube.com\/channel\/UC4S_W_0ZCdUFH3Y9xkv5bEw\"]}]}<\/script>\n<!-- \/ Yoast SEO plugin. -->","yoast_head_json":{"title":"Housse LUXE pour CYMBALES 22\" imperm\u00e9able et doubl\u00e9e \u00e0 la fibre de verre - Soundrums","description":"Venez d\u00e9couvrir notre Housse LUXE pour CYMBALES 22\" imperm\u00e9able et doubl\u00e9e \u00e0 la fibre de verre haute de gamme.","robots":{"index":"index","follow":"follow","max-snippet":"max-snippet:-1","max-image-preview":"max-image-preview:large","max-video-preview":"max-video-preview:-1"},"canonical":"https:\/\/soundrums-france.com\/index.php\/produit\/housse-luxe-pour-cymbales-22-impermeable-et-doublee-a-la-fibre-de-verre\/","og_locale":"fr_FR","og_type":"article","og_title":"Housse LUXE pour CYMBALES 22\" imperm\u00e9able et doubl\u00e9e \u00e0 la fibre de verre - Soundrums","og_description":"Venez d\u00e9couvrir notre Housse LUXE pour CYMBALES 22\" imperm\u00e9able et doubl\u00e9e \u00e0 la fibre de verre haute de gamme.","og_url":"https:\/\/soundrums-france.com\/index.php\/produit\/housse-luxe-pour-cymbales-22-impermeable-et-doublee-a-la-fibre-de-verre\/","og_site_name":"Soundrums","article_publisher":"https:\/\/www.facebook.com\/soundrums\/","article_modified_time":"2024-10-30T19:26:48+00:00","og_image":[{"width":1000,"height":667,"url":"https:\/\/soundrums-france.com\/wp-content\/uploads\/2024\/10\/c1.jpg","type":"image\/jpeg"}],"twitter_card":"summary_large_image","twitter_misc":{"Dur\u00e9e de lecture estim\u00e9e":"1 minute"},"schema":{"@context":"https:\/\/schema.org","@graph":[{"@type":"WebPage","@id":"https:\/\/soundrums-france.com\/index.php\/produit\/housse-luxe-pour-cymbales-22-impermeable-et-doublee-a-la-fibre-de-verre\/","url":"https:\/\/soundrums-france.com\/index.php\/produit\/housse-luxe-pour-cymbales-22-impermeable-et-doublee-a-la-fibre-de-verre\/","name":"Housse LUXE pour CYMBALES 22\" imperm\u00e9able et doubl\u00e9e \u00e0 la fibre de verre - Soundrums","isPartOf":{"@id":"https:\/\/soundrums-france.com\/#website"},"primaryImageOfPage":{"@id":"https:\/\/soundrums-france.com\/index.php\/produit\/housse-luxe-pour-cymbales-22-impermeable-et-doublee-a-la-fibre-de-verre\/#primaryimage"},"image":{"@id":"https:\/\/soundrums-france.com\/index.php\/produit\/housse-luxe-pour-cymbales-22-impermeable-et-doublee-a-la-fibre-de-verre\/#primaryimage"},"thumbnailUrl":"https:\/\/soundrums-france.com\/wp-content\/uploads\/2024\/10\/c1.webp","datePublished":"2024-10-30T19:24:40+00:00","dateModified":"2024-10-30T19:26:48+00:00","description":"Venez d\u00e9couvrir notre Housse LUXE pour CYMBALES 22\" imperm\u00e9able et doubl\u00e9e \u00e0 la fibre de verre haute de gamme.","breadcrumb":{"@id":"https:\/\/soundrums-france.com\/index.php\/produit\/housse-luxe-pour-cymbales-22-impermeable-et-doublee-a-la-fibre-de-verre\/#breadcrumb"},"inLanguage":"fr-FR","potentialAction":[{"@type":"ReadAction","target":["https:\/\/soundrums-france.com\/index.php\/produit\/housse-luxe-pour-cymbales-22-impermeable-et-doublee-a-la-fibre-de-verre\/"]}]},{"@type":"ImageObject","inLanguage":"fr-FR","@id":"https:\/\/soundrums-france.com\/index.php\/produit\/housse-luxe-pour-cymbales-22-impermeable-et-doublee-a-la-fibre-de-verre\/#primaryimage","url":"https:\/\/soundrums-france.com\/wp-content\/uploads\/2024\/10\/c1.webp","contentUrl":"https:\/\/soundrums-france.com\/wp-content\/uploads\/2024\/10\/c1.webp","width":1000,"height":667,"caption":"Housse cymbales luxe"},{"@type":"BreadcrumbList","@id":"https:\/\/soundrums-france.com\/index.php\/produit\/housse-luxe-pour-cymbales-22-impermeable-et-doublee-a-la-fibre-de-verre\/#breadcrumb","itemListElement":[{"@type":"ListItem","position":1,"name":"Accueil","item":"https:\/\/soundrums-france.com\/"},{"@type":"ListItem","position":2,"name":"Des produits","item":"https:\/\/soundrums-france.com\/index.php\/shop\/"},{"@type":"ListItem","position":3,"name":"Housse LUXE pour CYMBALES 22&Prime; imperm\u00e9able et doubl\u00e9e \u00e0 la fibre de verre"}]},{"@type":"WebSite","@id":"https:\/\/soundrums-france.com\/#website","url":"https:\/\/soundrums-france.com\/","name":"Soundrums","description":"Manufacture Fran\u00e7aise de tambours","publisher":{"@id":"https:\/\/soundrums-france.com\/#organization"},"potentialAction":[{"@type":"SearchAction","target":{"@type":"EntryPoint","urlTemplate":"https:\/\/soundrums-france.com\/?s={search_term_string}"},"query-input":{"@type":"PropertyValueSpecification","valueRequired":true,"valueName":"search_term_string"}}],"inLanguage":"fr-FR"},{"@type":"Organization","@id":"https:\/\/soundrums-france.com\/#organization","name":"Soundrums-france","url":"https:\/\/soundrums-france.com\/","logo":{"@type":"ImageObject","inLanguage":"fr-FR","@id":"https:\/\/soundrums-france.com\/#\/schema\/logo\/image\/","url":"https:\/\/soundrums-france.com\/wp-content\/uploads\/2020\/10\/LogoSD_HD.jpg","contentUrl":"https:\/\/soundrums-france.com\/wp-content\/uploads\/2020\/10\/LogoSD_HD.jpg","width":1280,"height":930,"caption":"Soundrums-france"},"image":{"@id":"https:\/\/soundrums-france.com\/#\/schema\/logo\/image\/"},"sameAs":["https:\/\/www.facebook.com\/soundrums\/","https:\/\/www.youtube.com\/channel\/UC4S_W_0ZCdUFH3Y9xkv5bEw"]}]}},"uagb_featured_image_src":{"full":["https:\/\/soundrums-france.com\/wp-content\/uploads\/2024\/10\/c1.webp",1000,667,false],"thumbnail":["https:\/\/soundrums-france.com\/wp-content\/uploads\/2024\/10\/c1-150x150.jpg",150,150,true],"medium":["https:\/\/soundrums-france.com\/wp-content\/uploads\/2024\/10\/c1-300x200.jpg",300,200,true],"medium_large":["https:\/\/soundrums-france.com\/wp-content\/uploads\/2024\/10\/c1-768x512.jpg",768,512,true],"large":["https:\/\/soundrums-france.com\/wp-content\/uploads\/2024\/10\/c1.webp",1000,667,false],"1536x1536":["https:\/\/soundrums-france.com\/wp-content\/uploads\/2024\/10\/c1.webp",1000,667,false],"2048x2048":["https:\/\/soundrums-france.com\/wp-content\/uploads\/2024\/10\/c1.webp",1000,667,false],"woocommerce_thumbnail":["https:\/\/soundrums-france.com\/wp-content\/uploads\/2024\/10\/c1-300x300.jpg",300,300,true],"woocommerce_single":["https:\/\/soundrums-france.com\/wp-content\/uploads\/2024\/10\/c1-600x400.jpg",600,400,true],"woocommerce_gallery_thumbnail":["https:\/\/soundrums-france.com\/wp-content\/uploads\/2024\/10\/c1-100x100.jpg",100,100,true]},"uagb_author_info":{"display_name":"Emmanuel JAY","author_link":"https:\/\/soundrums-france.com\/index.php\/author\/"},"uagb_comment_info":0,"uagb_excerpt":"Housse LUXE pour CYMBALES imperm\u00e9able et doubl\u00e9e \u00e0 la fibre de verre - 22\" Cordura\u00a0 noir Doublage par une feuille en fibre de verre Poign\u00e9e et bandouli\u00e8re sp\u00e9cialement renforc\u00e9es Matelass\u00e9e 20 mm, rembourrage en velours Poign\u00e9e souple fermeture aimant\u00e9e Courroies r\u00e9glables\/Rembourrage d'\u00e9paule Protections en caoutchouc sur le fond Housse de 22\" avec compartiment de s\u00e9paration\u2026","wcpa_form_fields":null,"_links":{"self":[{"href":"https:\/\/soundrums-france.com\/index.php\/wp-json\/wp\/v2\/product\/37297","targetHints":{"allow":["GET"]}}],"collection":[{"href":"https:\/\/soundrums-france.com\/index.php\/wp-json\/wp\/v2\/product"}],"about":[{"href":"https:\/\/soundrums-france.com\/index.php\/wp-json\/wp\/v2\/types\/product"}],"replies":[{"embeddable":true,"href":"https:\/\/soundrums-france.com\/index.php\/wp-json\/wp\/v2\/comments?post=37297"}],"version-history":[{"count":2,"href":"https:\/\/soundrums-france.com\/index.php\/wp-json\/wp\/v2\/product\/37297\/revisions"}],"predecessor-version":[{"id":37309,"href":"https:\/\/soundrums-france.com\/index.php\/wp-json\/wp\/v2\/product\/37297\/revisions\/37309"}],"wp:featuredmedia":[{"embeddable":true,"href":"https:\/\/soundrums-france.com\/index.php\/wp-json\/wp\/v2\/media\/37298"}],"wp:attachment":[{"href":"https:\/\/soundrums-france.com\/index.php\/wp-json\/wp\/v2\/media?parent=37297"}],"wp:term":[{"taxonomy":"product_cat","embeddable":true,"href":"https:\/\/soundrums-france.com\/index.php\/wp-json\/wp\/v2\/product_cat?post=37297"},{"taxonomy":"product_tag","embeddable":true,"href":"https:\/\/soundrums-france.com\/index.php\/wp-json\/wp\/v2\/product_tag?post=37297"}],"curies":[{"name":"wp","href":"https:\/\/api.w.org\/{rel}","templated":true}]}}