{"id":37311,"date":"2024-11-06T20:06:34","date_gmt":"2024-11-06T19:06:34","guid":{"rendered":"https:\/\/soundrums-france.com\/?post_type=product&#038;p=37311"},"modified":"2024-11-06T20:20:17","modified_gmt":"2024-11-06T19:20:17","slug":"entretien-de-timbales-classique","status":"publish","type":"product","link":"https:\/\/soundrums-france.com\/index.php\/produit\/entretien-de-timbales-classique\/","title":{"rendered":"Entretien des timbales d&rsquo;orchestre"},"content":{"rendered":"<p>R\u00e9glage, entretien et v\u00e9rification d&rsquo;une timbale d&rsquo;orchestre<\/p>\n","protected":false},"excerpt":{"rendered":"<p>Les timbales d&rsquo;orchestre sont des instruments fragiles qui n\u00e9cessitent un entretien r\u00e9gulier pour garantir leur bon fonctionnement.<br \/>\nLa poussi\u00e8re et ou les salet\u00e9s peuvent finir par d\u00e9r\u00e9gler voir user les m\u00e9caniques des timbales et il est difficile pour beaucoup de changer ou encore r\u00e9gler les peaux.<\/p>\n<p>Soundrums vous propose d&rsquo;entretenir vos instruments. Un devis est n\u00e9cessaire pour chiffrer correctement et nous vous proposons de nous envoyer votre demande par mail :<\/p>\n<p><a href=\"https:\/\/soundrums-france.com\/index.php\/contact\/\" target=\"_blank\" rel=\"noopener\">PRENDRE CONTACT AVEC NOTRE ATELIER<\/a><\/p>\n<p><span style=\"color: #00ffff;\"><em>\u00a0<\/em><\/span><\/p>\n","protected":false},"featured_media":37313,"comment_status":"open","ping_status":"closed","template":"","meta":{"_uag_custom_page_level_css":"","site-sidebar-layout":"default","site-content-layout":"default","ast-global-header-display":"","ast-banner-title-visibility":"","ast-main-header-display":"","ast-hfb-above-header-display":"","ast-hfb-below-header-display":"","ast-hfb-mobile-header-display":"","site-post-title":"","ast-breadcrumbs-content":"","ast-featured-img":"","footer-sml-layout":"","theme-transparent-header-meta":"default","adv-header-id-meta":"","stick-header-meta":"","header-above-stick-meta":"","header-main-stick-meta":"","header-below-stick-meta":""},"product_cat":[189,263,265],"product_tag":[205,204],"class_list":{"0":"post-37311","1":"product","2":"type-product","3":"status-publish","4":"has-post-thumbnail","6":"product_cat-services","7":"product_cat-maintenance-et-entretien","8":"product_cat-forfaits-orchestres-et-magasins","9":"product_tag-reparation","10":"product_tag-services","11":"desktop-align-left","12":"tablet-align-left","13":"mobile-align-left","14":"wcpa_has_options","16":"first","17":"instock","18":"taxable","19":"shipping-taxable","20":"product-type-simple"},"yoast_head":"<!-- This site is optimized with the Yoast SEO plugin v24.1 - https:\/\/yoast.com\/wordpress\/plugins\/seo\/ -->\n<title>Entretien des timbales d&#039;orchestre - Soundrums<\/title>\n<meta name=\"description\" content=\"Venez d\u00e9couvrir notre Entretien des timbales d&#039;orchestre haute de gamme.\" \/>\n<meta name=\"robots\" content=\"index, follow, max-snippet:-1, max-image-preview:large, max-video-preview:-1\" \/>\n<link rel=\"canonical\" href=\"https:\/\/soundrums-france.com\/index.php\/produit\/entretien-de-timbales-classique\/\" \/>\n<meta property=\"og:locale\" content=\"fr_FR\" \/>\n<meta property=\"og:type\" content=\"article\" \/>\n<meta property=\"og:title\" content=\"Entretien des timbales d&#039;orchestre - Soundrums\" \/>\n<meta property=\"og:description\" content=\"Venez d\u00e9couvrir notre Entretien des timbales d&#039;orchestre haute de gamme.\" \/>\n<meta property=\"og:url\" content=\"https:\/\/soundrums-france.com\/index.php\/produit\/entretien-de-timbales-classique\/\" \/>\n<meta property=\"og:site_name\" content=\"Soundrums\" \/>\n<meta property=\"article:publisher\" content=\"https:\/\/www.facebook.com\/soundrums\/\" \/>\n<meta property=\"article:modified_time\" content=\"2024-11-06T19:20:17+00:00\" \/>\n<meta property=\"og:image\" content=\"https:\/\/soundrums-france.com\/wp-content\/uploads\/2024\/11\/timbale.jpg\" \/>\n\t<meta property=\"og:image:width\" content=\"580\" \/>\n\t<meta property=\"og:image:height\" content=\"580\" \/>\n\t<meta property=\"og:image:type\" content=\"image\/jpeg\" \/>\n<meta name=\"twitter:card\" content=\"summary_large_image\" \/>\n<meta name=\"twitter:label1\" content=\"Dur\u00e9e de lecture estim\u00e9e\" \/>\n\t<meta name=\"twitter:data1\" content=\"1 minute\" \/>\n<script type=\"application\/ld+json\" class=\"yoast-schema-graph\">{\"@context\":\"https:\/\/schema.org\",\"@graph\":[{\"@type\":\"WebPage\",\"@id\":\"https:\/\/soundrums-france.com\/index.php\/produit\/entretien-de-timbales-classique\/\",\"url\":\"https:\/\/soundrums-france.com\/index.php\/produit\/entretien-de-timbales-classique\/\",\"name\":\"Entretien des timbales d'orchestre - Soundrums\",\"isPartOf\":{\"@id\":\"https:\/\/soundrums-france.com\/#website\"},\"primaryImageOfPage\":{\"@id\":\"https:\/\/soundrums-france.com\/index.php\/produit\/entretien-de-timbales-classique\/#primaryimage\"},\"image\":{\"@id\":\"https:\/\/soundrums-france.com\/index.php\/produit\/entretien-de-timbales-classique\/#primaryimage\"},\"thumbnailUrl\":\"https:\/\/soundrums-france.com\/wp-content\/uploads\/2024\/11\/timbale.webp\",\"datePublished\":\"2024-11-06T19:06:34+00:00\",\"dateModified\":\"2024-11-06T19:20:17+00:00\",\"description\":\"Venez d\u00e9couvrir notre Entretien des timbales d'orchestre haute de gamme.\",\"breadcrumb\":{\"@id\":\"https:\/\/soundrums-france.com\/index.php\/produit\/entretien-de-timbales-classique\/#breadcrumb\"},\"inLanguage\":\"fr-FR\",\"potentialAction\":[{\"@type\":\"ReadAction\",\"target\":[\"https:\/\/soundrums-france.com\/index.php\/produit\/entretien-de-timbales-classique\/\"]}]},{\"@type\":\"ImageObject\",\"inLanguage\":\"fr-FR\",\"@id\":\"https:\/\/soundrums-france.com\/index.php\/produit\/entretien-de-timbales-classique\/#primaryimage\",\"url\":\"https:\/\/soundrums-france.com\/wp-content\/uploads\/2024\/11\/timbale.webp\",\"contentUrl\":\"https:\/\/soundrums-france.com\/wp-content\/uploads\/2024\/11\/timbale.webp\",\"width\":580,\"height\":580,\"caption\":\"Timbale d'orchestre\"},{\"@type\":\"BreadcrumbList\",\"@id\":\"https:\/\/soundrums-france.com\/index.php\/produit\/entretien-de-timbales-classique\/#breadcrumb\",\"itemListElement\":[{\"@type\":\"ListItem\",\"position\":1,\"name\":\"Accueil\",\"item\":\"https:\/\/soundrums-france.com\/\"},{\"@type\":\"ListItem\",\"position\":2,\"name\":\"Des produits\",\"item\":\"https:\/\/soundrums-france.com\/index.php\/shop\/\"},{\"@type\":\"ListItem\",\"position\":3,\"name\":\"Entretien des timbales d&rsquo;orchestre\"}]},{\"@type\":\"WebSite\",\"@id\":\"https:\/\/soundrums-france.com\/#website\",\"url\":\"https:\/\/soundrums-france.com\/\",\"name\":\"Soundrums\",\"description\":\"Manufacture Fran\u00e7aise de tambours\",\"publisher\":{\"@id\":\"https:\/\/soundrums-france.com\/#organization\"},\"potentialAction\":[{\"@type\":\"SearchAction\",\"target\":{\"@type\":\"EntryPoint\",\"urlTemplate\":\"https:\/\/soundrums-france.com\/?s={search_term_string}\"},\"query-input\":{\"@type\":\"PropertyValueSpecification\",\"valueRequired\":true,\"valueName\":\"search_term_string\"}}],\"inLanguage\":\"fr-FR\"},{\"@type\":\"Organization\",\"@id\":\"https:\/\/soundrums-france.com\/#organization\",\"name\":\"Soundrums-france\",\"url\":\"https:\/\/soundrums-france.com\/\",\"logo\":{\"@type\":\"ImageObject\",\"inLanguage\":\"fr-FR\",\"@id\":\"https:\/\/soundrums-france.com\/#\/schema\/logo\/image\/\",\"url\":\"https:\/\/soundrums-france.com\/wp-content\/uploads\/2020\/10\/LogoSD_HD.jpg\",\"contentUrl\":\"https:\/\/soundrums-france.com\/wp-content\/uploads\/2020\/10\/LogoSD_HD.jpg\",\"width\":1280,\"height\":930,\"caption\":\"Soundrums-france\"},\"image\":{\"@id\":\"https:\/\/soundrums-france.com\/#\/schema\/logo\/image\/\"},\"sameAs\":[\"https:\/\/www.facebook.com\/soundrums\/\",\"https:\/\/www.youtube.com\/channel\/UC4S_W_0ZCdUFH3Y9xkv5bEw\"]}]}<\/script>\n<!-- \/ Yoast SEO plugin. -->","yoast_head_json":{"title":"Entretien des timbales d'orchestre - Soundrums","description":"Venez d\u00e9couvrir notre Entretien des timbales d'orchestre haute de gamme.","robots":{"index":"index","follow":"follow","max-snippet":"max-snippet:-1","max-image-preview":"max-image-preview:large","max-video-preview":"max-video-preview:-1"},"canonical":"https:\/\/soundrums-france.com\/index.php\/produit\/entretien-de-timbales-classique\/","og_locale":"fr_FR","og_type":"article","og_title":"Entretien des timbales d'orchestre - Soundrums","og_description":"Venez d\u00e9couvrir notre Entretien des timbales d'orchestre haute de gamme.","og_url":"https:\/\/soundrums-france.com\/index.php\/produit\/entretien-de-timbales-classique\/","og_site_name":"Soundrums","article_publisher":"https:\/\/www.facebook.com\/soundrums\/","article_modified_time":"2024-11-06T19:20:17+00:00","og_image":[{"width":580,"height":580,"url":"https:\/\/soundrums-france.com\/wp-content\/uploads\/2024\/11\/timbale.jpg","type":"image\/jpeg"}],"twitter_card":"summary_large_image","twitter_misc":{"Dur\u00e9e de lecture estim\u00e9e":"1 minute"},"schema":{"@context":"https:\/\/schema.org","@graph":[{"@type":"WebPage","@id":"https:\/\/soundrums-france.com\/index.php\/produit\/entretien-de-timbales-classique\/","url":"https:\/\/soundrums-france.com\/index.php\/produit\/entretien-de-timbales-classique\/","name":"Entretien des timbales d'orchestre - Soundrums","isPartOf":{"@id":"https:\/\/soundrums-france.com\/#website"},"primaryImageOfPage":{"@id":"https:\/\/soundrums-france.com\/index.php\/produit\/entretien-de-timbales-classique\/#primaryimage"},"image":{"@id":"https:\/\/soundrums-france.com\/index.php\/produit\/entretien-de-timbales-classique\/#primaryimage"},"thumbnailUrl":"https:\/\/soundrums-france.com\/wp-content\/uploads\/2024\/11\/timbale.webp","datePublished":"2024-11-06T19:06:34+00:00","dateModified":"2024-11-06T19:20:17+00:00","description":"Venez d\u00e9couvrir notre Entretien des timbales d'orchestre haute de gamme.","breadcrumb":{"@id":"https:\/\/soundrums-france.com\/index.php\/produit\/entretien-de-timbales-classique\/#breadcrumb"},"inLanguage":"fr-FR","potentialAction":[{"@type":"ReadAction","target":["https:\/\/soundrums-france.com\/index.php\/produit\/entretien-de-timbales-classique\/"]}]},{"@type":"ImageObject","inLanguage":"fr-FR","@id":"https:\/\/soundrums-france.com\/index.php\/produit\/entretien-de-timbales-classique\/#primaryimage","url":"https:\/\/soundrums-france.com\/wp-content\/uploads\/2024\/11\/timbale.webp","contentUrl":"https:\/\/soundrums-france.com\/wp-content\/uploads\/2024\/11\/timbale.webp","width":580,"height":580,"caption":"Timbale d'orchestre"},{"@type":"BreadcrumbList","@id":"https:\/\/soundrums-france.com\/index.php\/produit\/entretien-de-timbales-classique\/#breadcrumb","itemListElement":[{"@type":"ListItem","position":1,"name":"Accueil","item":"https:\/\/soundrums-france.com\/"},{"@type":"ListItem","position":2,"name":"Des produits","item":"https:\/\/soundrums-france.com\/index.php\/shop\/"},{"@type":"ListItem","position":3,"name":"Entretien des timbales d&rsquo;orchestre"}]},{"@type":"WebSite","@id":"https:\/\/soundrums-france.com\/#website","url":"https:\/\/soundrums-france.com\/","name":"Soundrums","description":"Manufacture Fran\u00e7aise de tambours","publisher":{"@id":"https:\/\/soundrums-france.com\/#organization"},"potentialAction":[{"@type":"SearchAction","target":{"@type":"EntryPoint","urlTemplate":"https:\/\/soundrums-france.com\/?s={search_term_string}"},"query-input":{"@type":"PropertyValueSpecification","valueRequired":true,"valueName":"search_term_string"}}],"inLanguage":"fr-FR"},{"@type":"Organization","@id":"https:\/\/soundrums-france.com\/#organization","name":"Soundrums-france","url":"https:\/\/soundrums-france.com\/","logo":{"@type":"ImageObject","inLanguage":"fr-FR","@id":"https:\/\/soundrums-france.com\/#\/schema\/logo\/image\/","url":"https:\/\/soundrums-france.com\/wp-content\/uploads\/2020\/10\/LogoSD_HD.jpg","contentUrl":"https:\/\/soundrums-france.com\/wp-content\/uploads\/2020\/10\/LogoSD_HD.jpg","width":1280,"height":930,"caption":"Soundrums-france"},"image":{"@id":"https:\/\/soundrums-france.com\/#\/schema\/logo\/image\/"},"sameAs":["https:\/\/www.facebook.com\/soundrums\/","https:\/\/www.youtube.com\/channel\/UC4S_W_0ZCdUFH3Y9xkv5bEw"]}]}},"uagb_featured_image_src":{"full":["https:\/\/soundrums-france.com\/wp-content\/uploads\/2024\/11\/timbale.webp",580,580,false],"thumbnail":["https:\/\/soundrums-france.com\/wp-content\/uploads\/2024\/11\/timbale-150x150.jpg",150,150,true],"medium":["https:\/\/soundrums-france.com\/wp-content\/uploads\/2024\/11\/timbale-300x300.jpg",300,300,true],"medium_large":["https:\/\/soundrums-france.com\/wp-content\/uploads\/2024\/11\/timbale.webp",580,580,false],"large":["https:\/\/soundrums-france.com\/wp-content\/uploads\/2024\/11\/timbale.webp",580,580,false],"1536x1536":["https:\/\/soundrums-france.com\/wp-content\/uploads\/2024\/11\/timbale.webp",580,580,false],"2048x2048":["https:\/\/soundrums-france.com\/wp-content\/uploads\/2024\/11\/timbale.webp",580,580,false],"woocommerce_thumbnail":["https:\/\/soundrums-france.com\/wp-content\/uploads\/2024\/11\/timbale-300x300.jpg",300,300,true],"woocommerce_single":["https:\/\/soundrums-france.com\/wp-content\/uploads\/2024\/11\/timbale.webp",580,580,false],"woocommerce_gallery_thumbnail":["https:\/\/soundrums-france.com\/wp-content\/uploads\/2024\/11\/timbale-100x100.jpg",100,100,true]},"uagb_author_info":{"display_name":"Emmanuel JAY","author_link":"https:\/\/soundrums-france.com\/index.php\/author\/"},"uagb_comment_info":0,"uagb_excerpt":"Les timbales d'orchestre sont des instruments fragiles qui n\u00e9cessitent un entretien r\u00e9gulier pour garantir leur bon fonctionnement. La poussi\u00e8re et ou les salet\u00e9s peuvent finir par d\u00e9r\u00e9gler voir user les m\u00e9caniques des timbales et il est difficile pour beaucoup de changer ou encore r\u00e9gler les peaux. Soundrums vous propose d'entretenir vos instruments. Un devis est\u2026","wcpa_form_fields":{"wcpaData":{"product":{"product_price":0,"price_html":"","original_product_price":0,"price_including_tax":0,"price_excluding_tax":0,"product_id":{"parent":37311,"variation":false},"is_variable":false,"stock_status":"instock","stock_quantity":null,"parent_sku":"Entretien-timbale","product_attributes":[],"custom_fields":[],"is_taxable":true,"product_name":"Entretien des timbales d'orchestre"},"fields":{"sec_769e341de340a4":{"extra":{"key":"sec_769e341de340a4","section_id":"sec_769e341de340a4","name":"Default","status":1,"cl_rule":"show","enableCl":false,"relations":[],"toggle":true,"title_tag":"h3","show_title":false,"showPrice":"default","form_id":31849,"form_rules":{"exclude_from_discount":false,"fee_label":"Frais","disp_hide_options_price":false,"disp_show_section_price":false,"disp_show_field_price":true,"layout_option":"standard","pric_use_as_fee":false,"process_fee_as":"woo_fee"},"layout_option":"standard"},"fields":[[{"type":"textarea","elementId":"wcpa-textarea-1605120817683","label":"Message \u00e0 notre attention","pricingType":"fixed","rows":"4","name":"textarea-1605120817683","maxlength":"3000","cl_rule":"show","col":6,"relations":false,"active":true,"tooltip":"","gt_translate_keys":["label","tooltip"],"price_dependency":false,"cl_dependency":false,"value":""}],[{"type":"file","elementId":"wcpa-file-1605120336384","label":"Joindre un fichier","pricingType":"fixed","ajax_upload":true,"uploadsize":"10","name":"file-1605120336384","showUploadPreview":true,"custom_style":true,"cl_rule":"show","col":6,"relations":false,"active":true,"tooltip":"","upload_type":"ajax","allowedFileTypes":"","gt_translate_keys":["label","tooltip"],"price_dependency":false,"cl_dependency":false,"value":""}]]}},"config":{"price_override":"","enable_recaptcha":false,"bind_quantity":false,"quantity_bind_formula":false,"disp_summ_show_option_price":true,"disp_summ_show_product_price":true,"disp_summ_show_total_price":true,"disp_summ_show_fee":false,"disp_summ_show_discount":false,"summary_title":"","options_total_label":"Montant des options","total_label":"Total","options_product_label":"Prix du produit","fee_label":"Frais","discount_label":"Discount","has_price":true,"has_quantity_formula":false},"mc_unit":1,"tax_rate":1,"tax_rate_real":0.2,"discount":{"percentage":0,"fixed":0},"design":{"conf":{"LabelPosition":"above","DescPosition":"left","UploadField":"custom_1","QuantityFieldStyle":"default"},"css":{"LeftLabelWidth":"120px"}},"formulas":[],"clones":false,"cartKey":false}},"_links":{"self":[{"href":"https:\/\/soundrums-france.com\/index.php\/wp-json\/wp\/v2\/product\/37311","targetHints":{"allow":["GET"]}}],"collection":[{"href":"https:\/\/soundrums-france.com\/index.php\/wp-json\/wp\/v2\/product"}],"about":[{"href":"https:\/\/soundrums-france.com\/index.php\/wp-json\/wp\/v2\/types\/product"}],"replies":[{"embeddable":true,"href":"https:\/\/soundrums-france.com\/index.php\/wp-json\/wp\/v2\/comments?post=37311"}],"version-history":[{"count":5,"href":"https:\/\/soundrums-france.com\/index.php\/wp-json\/wp\/v2\/product\/37311\/revisions"}],"predecessor-version":[{"id":37342,"href":"https:\/\/soundrums-france.com\/index.php\/wp-json\/wp\/v2\/product\/37311\/revisions\/37342"}],"wp:featuredmedia":[{"embeddable":true,"href":"https:\/\/soundrums-france.com\/index.php\/wp-json\/wp\/v2\/media\/37313"}],"wp:attachment":[{"href":"https:\/\/soundrums-france.com\/index.php\/wp-json\/wp\/v2\/media?parent=37311"}],"wp:term":[{"taxonomy":"product_cat","embeddable":true,"href":"https:\/\/soundrums-france.com\/index.php\/wp-json\/wp\/v2\/product_cat?post=37311"},{"taxonomy":"product_tag","embeddable":true,"href":"https:\/\/soundrums-france.com\/index.php\/wp-json\/wp\/v2\/product_tag?post=37311"}],"curies":[{"name":"wp","href":"https:\/\/api.w.org\/{rel}","templated":true}]}}